{"id":88,"date":"2025-03-27T01:32:40","date_gmt":"2025-03-27T00:32:40","guid":{"rendered":"https:\/\/v2.doymedia.com\/?post_type=product&#038;p=88"},"modified":"2025-07-16T21:42:45","modified_gmt":"2025-07-16T19:42:45","slug":"vasarolni-facebook-tetszik","status":"publish","type":"product","link":"https:\/\/doymedia.com\/hu\/comprar-likes-facebook\/","title":{"rendered":"V\u00e1s\u00e1rolj Facebook kedvel\u00e9st"},"content":{"rendered":"<section class=\"l-section wpb_row height_medium\"><div class=\"l-section-h i-cf\"><div class=\"g-cols vc_row via_flex valign_top type_default stacking_default\"><div class=\"vc_col-sm-12 wpb_column vc_column_container\"><div class=\"vc_column-inner\"><div class=\"wpb_wrapper\"><div class=\"wpb_text_column\"><div class=\"wpb_wrapper\"><p class=\"translation-block\">Egy olyan k\u00f6rnyezetben, ahol minden poszt verseng a figyelem\u00e9rt, a <a href=\"https:\/\/doymedia.com\/hu\/facebook\/\" target=\"_blank\" rel=\"noopener\">Facebook<\/a>-on val\u00f3 kiemelked\u00e9s nem csak szerencse k\u00e9rd\u00e9se. Ha \u00e9rt\u00e9kes tartalmat k\u00e9sz\u00edtett, de nem kapja meg a meg\u00e9rdemelt elismer\u00e9st, itt az ideje, hogy l\u00e9p\u00e9seket tegyen. A <strong>Facebook like-ok v\u00e1s\u00e1rl\u00e1sa<\/strong> hat\u00e9kony, biztons\u00e1gos \u00e9s gyors megold\u00e1s a bejegyz\u00e9seid l\u00e1that\u00f3s\u00e1g\u00e1nak n\u00f6vel\u00e9s\u00e9re \u00e9s az oldaladr\u00f3l alkotott k\u00e9p meger\u0151s\u00edt\u00e9s\u00e9re.<\/p>\n<p class=\"translation-block\">A kedvel\u00e9sek kulcsfontoss\u00e1g\u00fa m\u00e9r\u0151sz\u00e1mok a k\u00f6z\u00f6ss\u00e9gi m\u00e9di\u00e1ban. Jelent\u0151s\u00e9get \u00e9s n\u00e9pszer\u0171s\u00e9get k\u00f6zvet\u00edtenek, \u00e9s pozit\u00edv meg\u00edt\u00e9l\u00e9st keltenek, ami befoly\u00e1solja, hogy m\u00e1sok hogyan tekintenek az \u00d6n tartalm\u00e1ra. Ha egy posztnak megfelel\u0151 sz\u00e1m\u00fa kedvel\u00e9se van, vonz\u00f3bb\u00e1 v\u00e1lik, t\u00f6bbet osztj\u00e1k meg, \u00e9s sok esetben a platform algoritmus\u00e1nak k\u00f6sz\u00f6nhet\u0151en organikus el\u00e9r\u00e9st nyer. Ez\u00e9rt v\u00e1lt a <strong>Facebook like-ok v\u00e1s\u00e1rl\u00e1sa<\/strong> hat\u00e9kony strat\u00e9gi\u00e1v\u00e1, amellyel bonyodalmak n\u00e9lk\u00fcl kit\u0171nhetsz.<\/p>\n<h2>Mi\u00e9rt \u00e9rdemes Facebook like-okat v\u00e1s\u00e1rolni?<\/h2>\n<p class=\"translation-block\">A <strong>Facebook like-ok v\u00e1s\u00e1rl\u00e1sa<\/strong> lehet\u0151v\u00e9 teszi, hogy felgyors\u00edtsa n\u00f6veked\u00e9s\u00e9t an\u00e9lk\u00fcl, hogy kiz\u00e1r\u00f3lag a fizetett kamp\u00e1nyokra kellene t\u00e1maszkodnia, vagy heteket kellene v\u00e1rnia az eredm\u00e9nyek megjelen\u00e9s\u00e9re. Ez egy m\u00f3dja annak, hogy t\u00e1mogassa a tartalm\u00e1t, \u00e9s m\u00e1r a kezdetekt\u0151l fogva er\u0151s k\u00e9pet sug\u00e1rozzon.<\/p>\n<p class=\"translation-block\">A Facebook \u00e9rt\u00e9keli az interakci\u00f3t. A sok l\u00e1jkot kapott posztot relev\u00e1nsabbnak tekintik, ami n\u00f6veli annak es\u00e9ly\u00e9t, hogy t\u00f6bb falon jelenjen meg, \u00faj felhaszn\u00e1l\u00f3kat \u00e9rjen el, \u00e9s hosszabb ideig maradjon akt\u00edv. Ha azt szeretn\u00e9, hogy a bejegyz\u00e9sei nagyobb hat\u00e1st \u00e9rjenek el, a <strong>Facebook like-ok v\u00e1s\u00e1rl\u00e1sa<\/strong> egy olyan strat\u00e9giai eszk\u00f6z, amely m\u0171k\u00f6dik.<\/p>\n<h3>A Facebookon val\u00f3 v\u00e1s\u00e1rl\u00e1s el\u0151nyei<\/h3>\n<ul>\n<li>\ud83d\udcc8 Kiadv\u00e1nyai l\u00e1that\u00f3s\u00e1g\u00e1nak n\u00f6vel\u00e9se<\/li>\n<li>\ud83d\udc4d Jav\u00edtja a tartalom \u00e9s a m\u00e1rka meg\u00edt\u00e9l\u00e9s\u00e9t a nyilv\u00e1noss\u00e1gban<\/li>\n<li>\ud83d\udd01 Megn\u00f6vekedett a megoszt\u00e1s \u00e9s a v\u00edrusos terjed\u00e9s val\u00f3sz\u00edn\u0171s\u00e9ge<\/li>\n<li>\ud83d\udcbc Er\u0151s\u00edtse meg tekint\u00e9ly\u00e9t, ha term\u00e9keket vagy szolg\u00e1ltat\u00e1sokat \u00e9rt\u00e9kes\u00edt<\/li>\n<li>\ud83d\udd12 Biztons\u00e1gos sz\u00e1ll\u00edt\u00e1s, an\u00e9lk\u00fcl, hogy vesz\u00e9lyeztetn\u00e9 a sz\u00e1ml\u00e1j\u00e1t<\/li>\n<\/ul>\n<p class=\"translation-block\">R\u00e1ad\u00e1sul a <strong>Facebook like-ok megv\u00e1s\u00e1rl\u00e1s\u00e1val<\/strong> egy professzion\u00e1lis platformon pontosan kiv\u00e1laszthatja a k\u00edv\u00e1nt mennyis\u00e9get, a k\u00f6lts\u00e9gvet\u00e9s\u00e9hez igaz\u00edthatja, \u00e9s k\u00fcls\u0151 t\u00e9nyez\u0151kt\u0151l val\u00f3 f\u00fcgg\u00e9s n\u00e9lk\u00fcl ellen\u0151rizheti a posztok n\u00f6veked\u00e9si \u00fctem\u00e9t.<\/p>\n<h3>Biztons\u00e1gos a Facebookon like-okat v\u00e1s\u00e1rolni?<\/h3>\n<p>Abszol\u00fat. A mi platformunkon soha nem k\u00e9rj\u00fck el a jelszav\u00e1t vagy a fi\u00f3kj\u00e1hoz val\u00f3 hozz\u00e1f\u00e9r\u00e9st. Csak meg kell osztania annak a posztnak a linkj\u00e9t, ahol kedvel\u00e9seket szeretne kapni. Minden m\u00f3dszer\u00fcnket a biztons\u00e1gi el\u0151\u00edr\u00e1soknak megfelel\u0151en optimaliz\u00e1ltuk, a kedvel\u00e9seket fokozatosan juttatjuk el, hogy a folyamat term\u00e9szetes maradjon.<\/p>\n<p class=\"translation-block\">Az \u00fcgyf\u00e9l\u00e9lm\u00e9nyre, a sz\u00e1mla v\u00e9delm\u00e9re \u00e9s az eredm\u00e9nyek garant\u00e1l\u00e1s\u00e1ra \u00f6sszpontos\u00edtunk. <strong>A Facebook like-ok v\u00e1s\u00e1rl\u00e1sa<\/strong> diszkr\u00e9ten \u00e9s megb\u00edzhat\u00f3an t\u00f6rt\u00e9nik, an\u00e9lk\u00fcl, hogy befoly\u00e1soln\u00e1 profilja h\u00edrnev\u00e9t vagy vesz\u00e9lyeztetn\u00e9 tartalm\u00e1t.<\/p>\n<h3>Kik vehetik ig\u00e9nybe ezt a szolg\u00e1ltat\u00e1st?<\/h3>\n<p class=\"translation-block\">Ez a szolg\u00e1ltat\u00e1s minden olyan szem\u00e9ly vagy projekt sz\u00e1m\u00e1ra k\u00e9sz\u00fclt, aki jav\u00edtani szeretn\u00e9 jelenl\u00e9t\u00e9t a Facebookon. Nem kell t\u00f6bb ezer k\u00f6vet\u0151vel rendelkeznie vagy k\u00f6zszerepl\u0151nek lennie. Ha van egy megosztani k\u00edv\u00e1nt \u00fczeneted, egy eladni k\u00edv\u00e1nt term\u00e9ked vagy egy m\u00e1rk\u00e1d, amelyet n\u00f6velni szeretn\u00e9l, a <strong>Facebook like-ok v\u00e1s\u00e1rl\u00e1sa<\/strong> seg\u00edthet abban, hogy gyorsabban el\u00e9rd a c\u00e9ljaidat.<\/p>\n<ul>\n<li>\u2714\ufe0f V\u00e1llalkoz\u00f3k \u00e9s m\u00e1rk\u00e1k, akik nagyobb l\u00e1that\u00f3s\u00e1got szeretn\u00e9nek el\u00e9rni.<\/li>\n<li>\u2714\ufe0f M\u0171v\u00e9szek, zen\u00e9szek \u00e9s alkot\u00f3k, akik hat\u00e1st keresnek<\/li>\n<li>\u2714\ufe0f Helyi v\u00e1llalkoz\u00e1sok, amelyek t\u00f6bb \u00fcgyfelet szeretn\u00e9nek vonzani<\/li>\n<li>\u2714\ufe0f Befoly\u00e1sol\u00f3k, akiknek meg kell er\u0151s\u00edteni\u00fck jelenl\u00e9t\u00fcket.<\/li>\n<li>\u2714\ufe0f B\u00e1rki, aki ki akar t\u0171nni a k\u00f6z\u00f6ss\u00e9g\u00e9b\u0151l.<\/li>\n<\/ul>\n<h3>Hogyan m\u0171k\u00f6dik?<\/h3>\n<p>A folyamat egyszer\u0171. Mind\u00f6ssze annyit kell tennie, hogy kiv\u00e1lasztja a publik\u00e1ci\u00f3j\u00e1hoz k\u00edv\u00e1nt kedvel\u00e9sek sz\u00e1m\u00e1t, \u00e9s megadja nek\u00fcnk a linket. Amint a fizet\u00e9s megt\u00f6rt\u00e9nt, aktiv\u00e1ljuk a megrendel\u00e9s\u00e9t, \u00e9s fokozatosan megkezdj\u00fck a sz\u00e1ll\u00edt\u00e1st. Az eredm\u00e9nyeket r\u00f6vid id\u0151n bel\u00fcl \u00e9s minden tov\u00e1bbi l\u00e9p\u00e9s n\u00e9lk\u00fcl l\u00e1thatja majd.<\/p>\n<p>Gondoskodunk arr\u00f3l, hogy minden megrendel\u00e9st a r\u00e9szletekre odafigyelve kezelj\u00fcnk, hogy az els\u0151 pillanatt\u00f3l kezdve kiel\u00e9g\u00edt\u0151 \u00e9lm\u00e9nyben legyen r\u00e9sze. R\u00e1ad\u00e1sul, ha b\u00e1rmilyen k\u00e9rd\u00e9se van, \u00fcgyf\u00e9lszolg\u00e1latunk a v\u00e1s\u00e1rl\u00e1s el\u0151tt, alatt \u00e9s ut\u00e1n is k\u00e9szs\u00e9ggel \u00e1ll rendelkez\u00e9s\u00e9re.<\/p>\n<h2>N\u00f6velje jelenl\u00e9t\u00e9t m\u00e9g ma<\/h2>\n<p class=\"translation-block\">M\u00e1r t\u00f6bb ezer ember haszn\u00e1lja ezt a szolg\u00e1ltat\u00e1st a posztjainak felturb\u00f3z\u00e1s\u00e1ra. Ha \u00d6n is azt szeretn\u00e9, hogy tartalma el\u00e9rje a meg\u00e9rdemelt hat\u00f3sugar\u00e1t, a <strong>Facebook like-ok v\u00e1s\u00e1rl\u00e1sa<\/strong> a leghat\u00e9konyabb m\u00f3dja ennek el\u00e9r\u00e9s\u00e9re.<\/p>\n<p class=\"translation-block\">Ne hagyja, hogy kiadv\u00e1nyai \u00e9szrev\u00e9tlen\u00fcl maradjanak. Legyen nagyobb hat\u00e1suk, nagyobb el\u00e9r\u00e9s\u00fck, \u00e9s gener\u00e1ljanak nagyobb elk\u00f6telezetts\u00e9get. Kezdje m\u00e9g ma a <strong>Facebook like-ok v\u00e1s\u00e1rl\u00e1sa<\/strong> seg\u00edts\u00e9g\u00e9vel, \u00e9s emelje profilj\u00e1t a k\u00f6vetkez\u0151 szintre.<\/p>\n<p class=\"translation-block\">Ha pedig er\u0151s k\u00f6z\u00f6ss\u00e9get szeretne \u00e9p\u00edteni az oldal\u00e1n, akkor <strong><a href=\"https:\/\/doymedia.com\/hu\/shop\/vasarolni-facebook-rajongok\/\" target=\"_self\">Facebook-rajong\u00f3kat v\u00e1s\u00e1rolhat<\/a><\/strong>, hogy n\u00f6velje a l\u00e1that\u00f3 k\u00f6vet\u0151k sz\u00e1m\u00e1t \u00e9s meger\u0151s\u00edtse jelenl\u00e9t\u00e9t a platformon. A kedvel\u00e9sek \u00e9s a rajong\u00f3k t\u00f6k\u00e9letes kieg\u00e9sz\u00edt\u0151i a Facebookon val\u00f3 er\u0151teljes n\u00f6veked\u00e9snek.<\/p>\n<\/div><\/div><\/div><\/div><\/div><\/div><\/div><\/section>","protected":false},"excerpt":{"rendered":"Egy olyan k\u00f6rnyezetben, ahol minden poszt versenyez a figyelem\u00e9rt, a Facebookon val\u00f3 kiemelked\u00e9s nem csak szerencse k\u00e9rd\u00e9se. Ha \u00e9rt\u00e9kes tartalmat k\u00e9sz\u00edtett\u00e9l, de nem kapod meg a meg\u00e9rdemelt elismer\u00e9st, itt az ideje, hogy l\u00e9p\u00e9seket tegy\u00e9l. A Facebook like-ok v\u00e1s\u00e1rl\u00e1sa hat\u00e9kony, biztons\u00e1gos \u00e9s gyors megold\u00e1s arra, hogy n\u00f6velje posztjainak l\u00e1that\u00f3s\u00e1g\u00e1t \u00e9s meger\u0151s\u00edtse...","protected":false},"featured_media":316,"comment_status":"open","ping_status":"closed","template":"","meta":{"_acf_changed":false},"product_brand":[],"product_cat":[20],"product_tag":[],"class_list":{"0":"post-88","1":"product","2":"type-product","3":"status-publish","4":"has-post-thumbnail","6":"product_cat-facebook","7":"wcpa_has_options","9":"first","10":"instock","11":"sale","12":"shipping-taxable","13":"purchasable","14":"product-type-variable","15":"has-default-attributes"},"acf":[],"wcpa_form_fields":{"wcpaData":{"product":{"product_price":2.99,"price_html":"","original_product_price":2.99,"price_including_tax":2.99,"price_excluding_tax":2.99,"product_id":{"parent":88,"variation":false},"is_variable":true,"stock_status":"instock","stock_quantity":null,"parent_sku":"","product_attributes":{"cantidad":{"is_variation":true,"values":[]}},"custom_fields":[],"is_taxable":false,"product_name":"Comprar Likes Facebook","hasImage":false},"fields":{"sec_467faa5a29e6c6":{"extra":{"key":"sec_467faa5a29e6c6","section_id":"sec_467faa5a29e6c6","name":"Por defecto","status":1,"toggle":true,"form_id":1065,"form_rules":{"exclude_from_discount":false,"fee_label":"Extras","disp_hide_options_price":false,"disp_show_section_price":false,"disp_show_field_price":false,"layout_option":"standard","pric_use_as_fee":false,"process_fee_as":"woo_fee"},"layout_option":"standard"},"fields":[[{"active":true,"col":5,"relations":false,"cl_rule":"show","enableCl":false,"price":"","enablePrice":false,"className":"","type":"text","subtype":"text","required":true,"elementId":"text_067faa5a29e6e5","label":"Enlace a la Publicaci\u00f3n de Facebook","name":"text_067faa5a29e6e5","value":"","error":false,"placeholder":"Ejemplo: https:\/\/www.facebook.com\/mrbeast\/posts\/pfbid02K3tHdPxVroUK9U3Go5TmGD4ePUADcpQMG2xbi4KWLibRcR1rVvjvMFPy78H5emGxl","enableDesign":false,"LabelSize":"16px","gt_translate_keys":["label","placeholder","value"],"price_dependency":false,"cl_dependency":false}]]}},"config":{"price_override":"","enable_recaptcha":false,"bind_quantity":false,"quantity_bind_formula":false,"disp_summ_show_option_price":false,"disp_summ_show_product_price":false,"disp_summ_show_total_price":false,"disp_summ_show_fee":false,"disp_summ_show_discount":false,"summary_title":"","options_total_label":"Extras","total_label":"Total","options_product_label":"Producto","fee_label":"Extras","discount_label":"Descuento","has_price":true,"has_quantity_formula":false},"mc_unit":1,"tax_rate":1,"tax_rate_real":1,"discount":{"percentage":0,"fixed":0},"design":{"conf":{"LabelPosition":"above","DescPosition":"above","UploadField":"custom_1","QuantityFieldStyle":"default"},"css":{"LeftLabelWidth":"120px"}},"formulas":[],"clones":false,"cartKey":false}},"_links":{"self":[{"href":"https:\/\/doymedia.com\/hu\/wp-json\/wp\/v2\/product\/88","targetHints":{"allow":["GET"]}}],"collection":[{"href":"https:\/\/doymedia.com\/hu\/wp-json\/wp\/v2\/product"}],"about":[{"href":"https:\/\/doymedia.com\/hu\/wp-json\/wp\/v2\/types\/product"}],"replies":[{"embeddable":true,"href":"https:\/\/doymedia.com\/hu\/wp-json\/wp\/v2\/comments?post=88"}],"wp:featuredmedia":[{"embeddable":true,"href":"https:\/\/doymedia.com\/hu\/wp-json\/wp\/v2\/media\/316"}],"wp:attachment":[{"href":"https:\/\/doymedia.com\/hu\/wp-json\/wp\/v2\/media?parent=88"}],"wp:term":[{"taxonomy":"product_brand","embeddable":true,"href":"https:\/\/doymedia.com\/hu\/wp-json\/wp\/v2\/product_brand?post=88"},{"taxonomy":"product_cat","embeddable":true,"href":"https:\/\/doymedia.com\/hu\/wp-json\/wp\/v2\/product_cat?post=88"},{"taxonomy":"product_tag","embeddable":true,"href":"https:\/\/doymedia.com\/hu\/wp-json\/wp\/v2\/product_tag?post=88"}],"curies":[{"name":"wp","href":"https:\/\/api.w.org\/{rel}","templated":true}]}}