{"id":89,"date":"2025-03-27T01:32:40","date_gmt":"2025-03-27T00:32:40","guid":{"rendered":"https:\/\/v2.doymedia.com\/?post_type=product&#038;p=89"},"modified":"2025-07-16T21:42:35","modified_gmt":"2025-07-16T19:42:35","slug":"vasarolni-facebook-nezetek","status":"publish","type":"product","link":"https:\/\/doymedia.com\/hu\/comprar-views-facebook\/","title":{"rendered":"V\u00e1s\u00e1rl\u00e1s Views Facebook"},"content":{"rendered":"<section class=\"l-section wpb_row height_medium\"><div class=\"l-section-h i-cf\"><div class=\"g-cols vc_row via_flex valign_top type_default stacking_default\"><div class=\"vc_col-sm-12 wpb_column vc_column_container\"><div class=\"vc_column-inner\"><div class=\"wpb_wrapper\"><div class=\"wpb_text_column\"><div class=\"wpb_wrapper\"><p class=\"translation-block\">Tartalmat tesz k\u00f6zz\u00e9 a Facebookon, de nem \u00e9ri el a rem\u00e9lt el\u00e9r\u00e9st? Egy olyan k\u00f6rnyezetben, ahol minden m\u00e1sodperc sz\u00e1m\u00edt, a <strong>Facebook-megtekint\u00e9sek megv\u00e1s\u00e1rl\u00e1sa<\/strong> jelentheti a k\u00fcl\u00f6nbs\u00e9get ak\u00f6z\u00f6tt, hogy \u00e9szrev\u00e9tlen maradsz, vagy val\u00f3ban kit\u0171nsz. A vide\u00f3id megtekint\u00e9s\u00e9nek n\u00f6vel\u00e9se nemcsak az im\u00e1zsodat jav\u00edtja, hanem az organikus el\u00e9r\u00e9sedet is n\u00f6veli, \u00e9s \u00faj felhaszn\u00e1l\u00f3k el\u00e9 helyez.<\/p>\n<p class=\"translation-block\">Ak\u00e1r tartalomk\u00e9sz\u00edt\u0151, szem\u00e9lyes m\u00e1rka, v\u00e1llalat vagy egyszer\u0171en csak valaki, aki nagyobb l\u00e1that\u00f3s\u00e1got szeretne adni vide\u00f3inak, gyorsan, biztons\u00e1gosan \u00e9s hat\u00e9konyan <strong>v\u00e1s\u00e1rolhat Facebook-megtekint\u00e9seket<\/strong>. Ez a szolg\u00e1ltat\u00e1s ide\u00e1lis eszk\u00f6z arra, hogy n\u00f6velje digit\u00e1lis jelenl\u00e9t\u00e9t a vil\u00e1g egyik legakt\u00edvabb platformj\u00e1n.<\/p>\n<h2>Mi\u00e9rt \u00e9rdemes Facebook n\u00e9zeteket v\u00e1s\u00e1rolni?<\/h2>\n<p class=\"translation-block\">A Facebook el\u0151nyben r\u00e9szes\u00edti az olyan tartalmakat, amelyek elk\u00f6telezetts\u00e9get gener\u00e1lnak \u00e9s megtartj\u00e1k a figyelmet. A <strong>Facebook-megtekint\u00e9sek megv\u00e1s\u00e1rl\u00e1s\u00e1val,<\/strong> n\u00f6veled vide\u00f3id relevanci\u00e1j\u00e1t az algoritmus szem\u00e9ben, ami n\u00f6veli az es\u00e9ly\u00e9t annak, hogy t\u00f6bb falon jelenj meg, nagyobb l\u00e1that\u00f3s\u00e1gra tesz szert, \u00e9s t\u00f6bb embert vonz a tartalmaid ir\u00e1nt \u00e9rdekl\u0151d\u0151k k\u00f6z\u00e9.<\/p>\n<p>Ezen t\u00falmen\u0151en a megtekint\u00e9sek a t\u00e1rsadalmi bizony\u00edt\u00e9k egy form\u00e1jak\u00e9nt is m\u0171k\u00f6dnek. Ha valaki sok megtekint\u00e9ssel rendelkez\u0151 vide\u00f3t l\u00e1t, nagyobb val\u00f3sz\u00edn\u0171s\u00e9ggel fogja megn\u00e9zni \u00e9s megosztani is. Ez olyan hull\u00e1mhat\u00e1st hoz l\u00e9tre, amely n\u00f6veli a profilj\u00e1t an\u00e9lk\u00fcl, hogy dr\u00e1ga rekl\u00e1mkamp\u00e1nyokra kellene k\u00f6ltenie.<\/p>\n<h3>A Facebook n\u00e9zetek megv\u00e1s\u00e1rl\u00e1s\u00e1nak el\u0151nyei<\/h3>\n<ul>\n<li>\ud83d\udcc8 Gyors \u00e9s val\u00f3s n\u00f6veked\u00e9s a vide\u00f3k megtekint\u00e9s\u00e9ben<\/li>\n<li>\ud83d\ude80 Jobb rangsorol\u00e1s a Facebook algoritmus\u00e1ban<\/li>\n<li>\ud83d\udcac \u00daj k\u00f6vet\u0151k bevonz\u00e1s\u00e1nak nagyobb val\u00f3sz\u00edn\u0171s\u00e9ge<\/li>\n<li>\ud83d\udcf9 A tartalom tekint\u00e9ly\u00e9nek meger\u0151s\u00edt\u00e9se<\/li>\n<li>\ud83d\udd12 Progressz\u00edv \u00e9s biztons\u00e1gos sz\u00e1ll\u00edt\u00e1s, an\u00e9lk\u00fcl, hogy vesz\u00e9lyeztetn\u00e9 a sz\u00e1ml\u00e1j\u00e1t<\/li>\n<\/ul>\n<p class=\"translation-block\">A Facebook <strong>n\u00e9zetv\u00e1s\u00e1rl\u00e1s<\/strong> lehet\u0151v\u00e9 teszi, hogy \u00d6n a j\u00f3 tartalom l\u00e9trehoz\u00e1s\u00e1ra \u00f6sszpontos\u00edtson, mi pedig seg\u00edt\u00fcnk \u00d6nnek megszerezni a tov\u00e1bbl\u00e9p\u00e9shez sz\u00fcks\u00e9ges n\u00e9zetts\u00e9get.<\/p>\n<h2>Biztons\u00e1gos a Facebook n\u00e9zetek v\u00e1s\u00e1rl\u00e1sa?<\/h2>\n<p class=\"translation-block\">Igen, minden megrendel\u00e9st biztons\u00e1gosan \u00e9s bizalmasan dolgozunk fel. Nem k\u00e9r\u00fcnk jelszavakat vagy hozz\u00e1f\u00e9r\u00e9st a fi\u00f3kj\u00e1hoz. Mind\u00f6ssze annyit kell tennie, hogy megosztja a felturb\u00f3zni k\u00edv\u00e1nt vide\u00f3 linkj\u00e9t, a t\u00f6bbit pedig a rendszer elv\u00e9gzi. <strong>A Facebook n\u00e9zetek megv\u00e1s\u00e1rl\u00e1sa<\/strong> diszkr\u00e9t, gyors \u00e9s teljes m\u00e9rt\u00e9kben megfelel a profilhaszn\u00e1lati szab\u00e1lyzat\u00e1nak.<\/p>\n<p>A term\u00e9szetes n\u00f6veked\u00e9s fenntart\u00e1sa \u00e9rdek\u00e9ben fokozatosan sz\u00e1ll\u00edtjuk a l\u00e1togat\u00e1sokat, an\u00e9lk\u00fcl, hogy gyan\u00fat kelten\u00e9nk vagy vesz\u00e9lyeztetn\u00e9nk az \u00d6n sz\u00e1ml\u00e1j\u00e1t. C\u00e9lunk, hogy \u00d6n aggodalom n\u00e9lk\u00fcl \u00e9rjen el eredm\u00e9nyeket.<\/p>\n<h3>Kinek lehet haszn\u00e1ra?<\/h3>\n<p class=\"translation-block\">Minden felhaszn\u00e1l\u00f3, aki vide\u00f3kat tesz k\u00f6zz\u00e9 a Facebookon, kihaszn\u00e1lhatja ezt a szolg\u00e1ltat\u00e1st. Nem sz\u00e1m\u00edt, hogy \u00d6n influencer, v\u00e1llalat, m\u0171v\u00e9sz vagy egy felhaszn\u00e1l\u00f3, aki egy adott posztot szeretne kiemelni. <strong>A Facebook-n\u00e9zetts\u00e9gek v\u00e1s\u00e1rl\u00e1sa<\/strong> seg\u00edt abban, hogy kevesebb id\u0151 alatt nagyobb l\u00e1that\u00f3s\u00e1got \u00e9rjen el.<\/p>\n<ul>\n<li>\ud83c\udfa4 Tartalomk\u00e9sz\u00edt\u0151k, akik szeretn\u00e9k, hogy vide\u00f3ik v\u00edrusszer\u0171en terjedjenek<\/li>\n<li>\ud83d\udcbc Term\u00e9ket vagy szolg\u00e1ltat\u00e1sokat n\u00e9pszer\u0171s\u00edt\u0151 m\u00e1rk\u00e1k vagy v\u00e1llalkoz\u00e1sok<\/li>\n<li>\ud83c\udfa5 M\u0171v\u00e9szek, zen\u00e9szek \u00e9s v\u00e1llalkoz\u00f3k akt\u00edv kamp\u00e1nyokkal<\/li>\n<li>\ud83d\udce2 Szem\u00e9lyes fi\u00f3kok, amelyek n\u00f6velni szeretn\u00e9k a bejegyz\u00e9seik el\u00e9r\u00e9s\u00e9t<\/li>\n<\/ul>\n<h2>N\u00f6velje tartalmait m\u00e9g ma<\/h2>\n<p class=\"translation-block\">Ne hagyja, hogy a vide\u00f3ja \u00e9szrev\u00e9tlen maradjon. Ha egy j\u00f3 \u00fczeneten, egy kreat\u00edv kamp\u00e1nyon dolgozt\u00e1l, vagy egyszer\u0171en csak szeretn\u00e9l kit\u0171nni, a <strong>Facebook-megtekint\u00e9sek v\u00e1s\u00e1rl\u00e1sa<\/strong> az els\u0151 l\u00e9p\u00e9s ahhoz, hogy min\u00e9l t\u00f6bben l\u00e1ss\u00e1k.<\/p>\n<p>T\u00f6bb ezer felhaszn\u00e1l\u00f3 tesztelte m\u00e1r a szolg\u00e1ltat\u00e1s hat\u00e9konys\u00e1g\u00e1t, \u00e9s l\u00e1tta, hogy n\u00e9zeteik n\u00e9h\u00e1ny \u00f3ra alatt n\u00f6vekednek. \u00d6n is megteheti ugyanezt. V\u00e1lassza ki a csomagot, adja meg a vide\u00f3linket, a t\u00f6bbit pedig b\u00edzza r\u00e1nk.<\/p>\n<p class=\"translation-block\">Ha pedig a tartalmait is szeretn\u00e9 nagyobb interakci\u00f3val meger\u0151s\u00edteni, akkor <strong><a href=\"https:\/\/doymedia.com\/hu\/shop\/vasarolni-facebook-tetszik\/\" target=\"_self\">Facebook-kedvel\u0151k v\u00e1s\u00e1rl\u00e1sa<\/a><\/strong> n\u00f6velheti a bejegyz\u00e9sei ir\u00e1nti elk\u00f6telezetts\u00e9get, vagy <strong><a href=\"https:\/\/doymedia.com\/hu\/shop\/vasarolni-facebook-rajongok\/\" target=\"_self\">Facebook-rajong\u00f3k v\u00e1s\u00e1rl\u00e1sa<\/a><\/strong> n\u00f6velheti a k\u00f6z\u00f6ss\u00e9g\u00e9t \u00e9s jav\u00edthatja az oldala tekint\u00e9ly\u00e9t.<\/p>\n<p class=\"translation-block\">Nem sz\u00e1m\u00edt, hogy csak most kezded, vagy m\u00e1r van egy akt\u00edv k\u00f6z\u00f6ss\u00e9ged. A <strong>Buy Facebook Plays<\/strong> megadja azt a plusz l\u00f6k\u00e9st, amire sz\u00fcks\u00e9ged van ahhoz, hogy kit\u0171nj egy olyan platformon, amely tele van versennyel. Tegye egyszer\u0171v\u00e9, tegye eredm\u00e9nyesen.<\/p>\n<\/div><\/div><\/div><\/div><\/div><\/div><\/div><\/section>","protected":false},"excerpt":{"rendered":"Tartalmat tesz k\u00f6zz\u00e9 a Facebookon, de nem \u00e9ri el a rem\u00e9lt el\u00e9r\u00e9st? Egy olyan k\u00f6rnyezetben, ahol minden m\u00e1sodperc sz\u00e1m\u00edt, a Facebook-megtekint\u00e9sek megv\u00e1s\u00e1rl\u00e1sa jelentheti a k\u00fcl\u00f6nbs\u00e9get ak\u00f6z\u00f6tt, hogy \u00e9szrev\u00e9tlen maradsz-e, vagy val\u00f3ban kit\u0171nsz. A vide\u00f3megtekint\u00e9sek n\u00f6vel\u00e9se nem csak az imidzs\u00e9t jav\u00edtja, hanem n\u00f6veli az organikus el\u00e9r\u00e9st is, \u00e9s \u00faj k\u00f6z\u00f6ns\u00e9g el\u00e9 helyezi \u00d6nt.....","protected":false},"featured_media":316,"comment_status":"open","ping_status":"closed","template":"","meta":{"_acf_changed":false},"product_brand":[],"product_cat":[20],"product_tag":[],"class_list":{"0":"post-89","1":"product","2":"type-product","3":"status-publish","4":"has-post-thumbnail","6":"product_cat-facebook","7":"wcpa_has_options","9":"first","10":"instock","11":"sale","12":"shipping-taxable","13":"purchasable","14":"product-type-variable","15":"has-default-attributes"},"acf":[],"wcpa_form_fields":{"wcpaData":{"product":{"product_price":2.99,"price_html":"","original_product_price":2.99,"price_including_tax":2.99,"price_excluding_tax":2.99,"product_id":{"parent":89,"variation":false},"is_variable":true,"stock_status":"instock","stock_quantity":null,"parent_sku":"","product_attributes":{"cantidad":{"is_variation":true,"values":[]}},"custom_fields":[],"is_taxable":false,"product_name":"Comprar Views Facebook","hasImage":false},"fields":{"sec_067faa5f71f0b4":{"extra":{"key":"sec_067faa5f71f0b4","section_id":"sec_067faa5f71f0b4","name":"Por defecto","status":1,"toggle":true,"form_id":1066,"form_rules":{"exclude_from_discount":false,"fee_label":"Extras","disp_hide_options_price":false,"disp_show_section_price":false,"disp_show_field_price":false,"layout_option":"standard","pric_use_as_fee":false,"process_fee_as":"woo_fee"},"layout_option":"standard"},"fields":[[{"active":true,"col":5,"relations":false,"cl_rule":"show","enableCl":false,"price":"","enablePrice":false,"className":"","type":"text","subtype":"text","required":true,"elementId":"text_767faa5f71f0d0","label":"Enlace al v\u00eddeo de Facebook","name":"text_767faa5f71f0d0","value":"","error":false,"placeholder":"Ejemplo: https:\/\/www.facebook.com\/mrbeast\/videos\/1870671880420034","enableDesign":false,"LabelSize":"16px","gt_translate_keys":["label","placeholder","value"],"price_dependency":false,"cl_dependency":false}]]}},"config":{"price_override":"","enable_recaptcha":false,"bind_quantity":false,"quantity_bind_formula":false,"disp_summ_show_option_price":false,"disp_summ_show_product_price":false,"disp_summ_show_total_price":false,"disp_summ_show_fee":false,"disp_summ_show_discount":false,"summary_title":"","options_total_label":"Extras","total_label":"Gesamt","options_product_label":"Producto","fee_label":"Extras","discount_label":"Descuento","has_price":true,"has_quantity_formula":false},"mc_unit":1,"tax_rate":1,"tax_rate_real":1,"discount":{"percentage":0,"fixed":0},"design":{"conf":{"LabelPosition":"above","DescPosition":"above","UploadField":"custom_1","QuantityFieldStyle":"default"},"css":{"LeftLabelWidth":"120px"}},"formulas":[],"clones":false,"cartKey":false}},"_links":{"self":[{"href":"https:\/\/doymedia.com\/hu\/wp-json\/wp\/v2\/product\/89","targetHints":{"allow":["GET"]}}],"collection":[{"href":"https:\/\/doymedia.com\/hu\/wp-json\/wp\/v2\/product"}],"about":[{"href":"https:\/\/doymedia.com\/hu\/wp-json\/wp\/v2\/types\/product"}],"replies":[{"embeddable":true,"href":"https:\/\/doymedia.com\/hu\/wp-json\/wp\/v2\/comments?post=89"}],"wp:featuredmedia":[{"embeddable":true,"href":"https:\/\/doymedia.com\/hu\/wp-json\/wp\/v2\/media\/316"}],"wp:attachment":[{"href":"https:\/\/doymedia.com\/hu\/wp-json\/wp\/v2\/media?parent=89"}],"wp:term":[{"taxonomy":"product_brand","embeddable":true,"href":"https:\/\/doymedia.com\/hu\/wp-json\/wp\/v2\/product_brand?post=89"},{"taxonomy":"product_cat","embeddable":true,"href":"https:\/\/doymedia.com\/hu\/wp-json\/wp\/v2\/product_cat?post=89"},{"taxonomy":"product_tag","embeddable":true,"href":"https:\/\/doymedia.com\/hu\/wp-json\/wp\/v2\/product_tag?post=89"}],"curies":[{"name":"wp","href":"https:\/\/api.w.org\/{rel}","templated":true}]}}