{"id":91,"date":"2025-03-27T01:32:40","date_gmt":"2025-03-27T00:32:40","guid":{"rendered":"https:\/\/v2.doymedia.com\/?post_type=product&#038;p=91"},"modified":"2025-07-28T20:32:09","modified_gmt":"2025-07-28T18:32:09","slug":"vasarolni-instagram-tetszik","status":"publish","type":"product","link":"https:\/\/doymedia.com\/hu\/comprar-likes-instagram\/","title":{"rendered":"V\u00e1s\u00e1rl\u00e1s Instagram Likes"},"content":{"rendered":"<section class=\"l-section wpb_row height_medium\"><div class=\"l-section-h i-cf\"><div class=\"g-cols vc_row via_flex valign_top type_default stacking_default\"><div class=\"vc_col-sm-12 wpb_column vc_column_container\"><div class=\"vc_column-inner\"><div class=\"wpb_wrapper\"><div class=\"wpb_text_column\"><div class=\"wpb_wrapper\"><p class=\"translation-block\">Az Instagramon az els\u0151 benyom\u00e1s a legfontosabb. Felteszel egy fot\u00f3t vagy vide\u00f3t, \u00e9s a felhaszn\u00e1l\u00f3k m\u00e1sodperceken bel\u00fcl m\u00e1ris meg\u00edt\u00e9lik, hogy \u00e9rdemes-e a tartalmad. Ha nem kap interakci\u00f3t, akkor val\u00f3sz\u00edn\u0171leg \u00e9szrev\u00e9tlen marad. Ez\u00e9rt v\u00e1lt a <strong>Instagram like-ok v\u00e1s\u00e1rl\u00e1sa<\/strong> n\u00e9lk\u00fcl\u00f6zhetetlen eszk\u00f6zz\u00e9 azok sz\u00e1m\u00e1ra, akik szeretn\u00e9nek kit\u0171nni, n\u00f6velni az el\u00e9r\u00e9s\u00fcket \u00e9s m\u00e1r els\u0151 pillant\u00e1sra er\u0151s k\u00e9pet sug\u00e1rozni.<\/p>\n<p class=\"translation-block\">A like-ok nem csak egy sz\u00e1m. L\u00e1that\u00f3s\u00e1got, bizalmat \u00e9s t\u00e1rsadalmi \u00e9rv\u00e9nyes\u00edt\u00e9st jelentenek. Amikor egy poszt sok <strong>Like-ot kap,<\/strong> az Instagram algoritmusa relev\u00e1ns tartalomk\u00e9nt \u00e9rtelmezi, \u00e9s t\u00f6bb embernek mutatja meg. Ez seg\u00edt az organikus el\u00e9r\u00e9sben, <a href=\"https:\/\/doymedia.com\/hu\/vasarolni-instagram-kovetok\/\" target=\"_self\">\u00faj k\u00f6vet\u0151k vonz\u00e1s\u00e1ban<\/a> \u00e9s a platformon val\u00f3 poz\u00edcion\u00e1l\u00e1s jav\u00edt\u00e1s\u00e1ban.<\/p>\n<h2>Mi\u00e9rt \u00e9rdemes Instagram like-okat v\u00e1s\u00e1rolni?<\/h2>\n<p class=\"translation-block\">Az Instagram egy vizu\u00e1lis, versenyk\u00e9pes \u00e9s gyorsan v\u00e1ltoz\u00f3 h\u00e1l\u00f3zat. A posztok mind\u00f6ssze n\u00e9h\u00e1ny m\u00e1sodpercig tartanak a felhaszn\u00e1l\u00f3 h\u00edrfolyam\u00e1ban. Ez\u00e9rt a figyelem azonnali megragad\u00e1sa elengedhetetlen. Az <strong>Instagram like-ok megv\u00e1s\u00e1rl\u00e1s\u00e1val<\/strong> n\u00f6veled a bejegyz\u00e9seid el\u00e9r\u00e9s\u00e9t, hogy messzebbre jussanak \u00e9s nagyobb hat\u00e1st \u00e9rj el.<\/p>\n<p>Legyen sz\u00f3 m\u00e1rk\u00e1r\u00f3l, helyi v\u00e1llalkoz\u00e1sr\u00f3l, n\u00f6vekv\u0151 influencerr\u0151l vagy szem\u00e9lyes fi\u00f3kr\u00f3l, amely nagyobb l\u00e1that\u00f3s\u00e1got szeretne, <strong>v\u00e1s\u00e1rolni Instagram tetszik<\/strong> egy olyan strat\u00e9gia, amely seg\u00edthet felgyors\u00edtani a n\u00f6veked\u00e9st komplik\u00e1ci\u00f3k n\u00e9lk\u00fcl.<\/p>\n<h3>Az Instagramon val\u00f3 v\u00e1s\u00e1rl\u00e1s el\u0151nyei<\/h3>\n<ul>\n<li>\ud83d\udcc8 Nagyobb l\u00e1that\u00f3s\u00e1g a kiadv\u00e1nyai sz\u00e1m\u00e1ra<\/li>\n<li>\ud83d\ude80 Azonnali lend\u00fclet, amely jav\u00edtja a poz\u00edcion\u00e1l\u00e1st<\/li>\n<li>\ud83d\udd01 Fokozott interakci\u00f3 \u00e9s szerves el\u00e9r\u00e9s<\/li>\n<li>\ud83d\udcac Jav\u00edtsa a profilja nyilv\u00e1nos meg\u00edt\u00e9l\u00e9s\u00e9t<\/li>\n<li>\ud83d\udd12 Biztons\u00e1gos, diszkr\u00e9t \u00e9s kompromisszumok n\u00e9lk\u00fcli k\u00e9zbes\u00edt\u00e9s a sz\u00e1ml\u00e1j\u00e1ra<\/li>\n<\/ul>\n<p>Ezenk\u00edv\u00fcl, <strong>v\u00e1s\u00e1rolni Instagram tetszik<\/strong> seg\u00edt kit\u0171nni a versenyt\u00e1rsak k\u00f6z\u00fcl. A felhaszn\u00e1l\u00f3k hajlamosabbak interakci\u00f3ba l\u00e9pni olyan tartalmakkal, amelyek m\u00e1r aktivit\u00e1ssal rendelkeznek. Ez egy domin\u00f3hat\u00e1st gener\u00e1l, amely megsokszorozza az interakci\u00f3kat, \u00edgy term\u00e9szetesen t\u00f6bb k\u00f6vet\u0151t vonz.<\/p>\n<h2>Biztons\u00e1gos az Instagram like-ok v\u00e1s\u00e1rl\u00e1sa?<\/h2>\n<p>Igen, felt\u00e9tlen\u00fcl. Nem k\u00e9r\u00fcnk jelszavakat vagy hozz\u00e1f\u00e9r\u00e9st a fi\u00f3kj\u00e1hoz. Csak meg kell adnod a linket a poszthoz, amit szeretn\u00e9l felturb\u00f3zni. A t\u00f6bbir\u0151l rendszer\u00fcnk gondoskodik, biztos\u00edtva a fokozatos, term\u00e9szetes \u00e9s az Instagram haszn\u00e1lati szab\u00e1lyainak megfelel\u0151 kiszerel\u00e9st.<\/p>\n<p>Sz\u00e1ml\u00e1j\u00e1nak biztons\u00e1ga sz\u00e1munkra els\u0151dleges fontoss\u00e1g\u00fa. Minden folyamatunkat \u00fagy alak\u00edtottuk ki, hogy megv\u00e9dj\u00fck az \u00d6n profilj\u00e1t, \u00e9s biztos\u00edtsuk, hogy az \u00d6n \u00e1ltal elv\u00e1rt eredm\u00e9nyeket kapja, an\u00e9lk\u00fcl, hogy j\u00f3 h\u00edrnev\u00e9t vagy szem\u00e9lyes adatait vesz\u00e9lyeztetn\u00e9nk.<\/p>\n<h3>Kik vehetik ig\u00e9nybe ezt a szolg\u00e1ltat\u00e1st?<\/h3>\n<p class=\"translation-block\">Ez a szolg\u00e1ltat\u00e1s minden olyan felhaszn\u00e1l\u00f3 sz\u00e1m\u00e1ra k\u00e9sz\u00fclt, aki jav\u00edtani szeretn\u00e9 tartalma teljes\u00edtm\u00e9ny\u00e9t. Nem sz\u00e1m\u00edt, hogy most kezded, vagy m\u00e1r van egy k\u00f6z\u00f6ss\u00e9ged: az <strong>Instagram like-ok v\u00e1s\u00e1rl\u00e1sa<\/strong> seg\u00edthet abban, hogy nagyobb er\u0151vel \u00e9s k\u00f6vetkezetess\u00e9ggel haladj el\u0151re.<\/p>\n<ul>\n<li>\ud83c\udfaf Influencerek, akik t\u00f6bb elk\u00f6telezetts\u00e9get akarnak<\/li>\n<li>\ud83d\udecd\ufe0f Term\u00e9keket vagy szolg\u00e1ltat\u00e1sokat n\u00e9pszer\u0171s\u00edt\u0151 v\u00e1llalkoz\u00e1sok<\/li>\n<li>\ud83d\udcf8 A tartalomk\u00e9sz\u00edt\u0151k a v\u00edrusoss\u00e1got keresik<\/li>\n<li>\ud83d\udcc8 Szem\u00e9lyes m\u00e1rk\u00e1k, amelyek n\u00f6velni szeretn\u00e9k tekint\u00e9ly\u00fcket<\/li>\n<li>\ud83d\udce2 \u00daj sz\u00e1ml\u00e1k, amelyeknek \u00faj lend\u00fcletre van sz\u00fcks\u00e9g\u00fck<\/li>\n<\/ul>\n<h2>V\u00e1lassza ki, honnan j\u00f6nnek a kedvencei<\/h2>\n<p class=\"translation-block\">Az egyik nagy el\u0151nye az <strong>Instagram like-ok<\/strong> megv\u00e1s\u00e1rl\u00e1s\u00e1nak<\/strong> vel\u00fcnk az, hogy szem\u00e9lyre szabhatja a kapott \"like-ok\" eredet\u00e9t. Tudjuk, hogy a szegment\u00e1l\u00e1s kulcsfontoss\u00e1g\u00fa, ez\u00e9rt k\u00edn\u00e1lunk lehet\u0151s\u00e9get arra, hogy a k\u00f6z\u00f6ns\u00e9g\u00e9nek vagy c\u00e9ljainak megfelel\u0151en k\u00fcl\u00f6nb\u00f6z\u0151 r\u00e9gi\u00f3kb\u00f3l sz\u00e1rmaz\u00f3 like-okat v\u00e1lasszon.<\/p>\n<p>V\u00e1laszthat a k\u00f6vetkez\u0151k k\u00f6z\u00fcl:<\/p>\n<ul>\n<li>\ud83c\uddea\ud83c\uddfa vil\u00e1g\/eur\u00f3pai like-ok v\u00e1s\u00e1rl\u00e1sa<\/li>\n<li>\ud83c\uddea\ud83c\uddf8 v\u00e1s\u00e1rolni spanyol szereti<\/li>\n<li>\ud83c\uddee\ud83c\uddf9 v\u00e1s\u00e1rolni tetszik olaszok<\/li>\n<li>\ud83c\uddeb\ud83c\uddf7 v\u00e1s\u00e1rolni francia szereti<\/li>\n<li>\ud83c\uddec\ud83c\udde7 v\u00e1s\u00e1rolni angol nyelv\u0171 szereti<\/li>\n<li>\ud83c\udde7\ud83c\uddf7 v\u00e1s\u00e1rolni brazil szeret<\/li>\n<\/ul>\n<p class=\"translation-block\">Ez a lehet\u0151s\u00e9g ide\u00e1lis a statisztik\u00e1k konzisztenci\u00e1j\u00e1nak jav\u00edt\u00e1s\u00e1ra, a bejegyz\u00e9sek helyi hiteless\u00e9g\u00e9nek n\u00f6vel\u00e9s\u00e9re, vagy az er\u0151fesz\u00edt\u00e9sek egy adott piacra val\u00f3 \u00f6sszpontos\u00edt\u00e1s\u00e1ra. Ak\u00e1r Spanyolorsz\u00e1gban van v\u00e1llalkoz\u00e1sod, ak\u00e1r Olaszorsz\u00e1gban vagy Braz\u00edli\u00e1ban dolgozol szem\u00e9lyes m\u00e1rk\u00e1don, teljesen a c\u00e9lk\u00f6z\u00f6ns\u00e9gedre szabottan <strong>v\u00e1s\u00e1rolhatsz Instagram like-okat<\/strong>.<\/p>\n<h2>Hogyan m\u0171k\u00f6dik a folyamat?<\/h2>\n<p>Ez nagyon egyszer\u0171. Csak v\u00e1lassza ki a k\u00edv\u00e1nt kedvel\u00e9sek sz\u00e1m\u00e1t, \u00e9s adja meg nek\u00fcnk a bejegyz\u00e9s linkj\u00e9t. Amint a megrendel\u00e9st visszaigazoltuk, fokozatosan aktiv\u00e1ljuk a sz\u00e1ll\u00edt\u00e1st a term\u00e9szetes n\u00f6veked\u00e9s \u00e9rdek\u00e9ben. Az eredm\u00e9nyeket pillanatok alatt l\u00e1tni fogja.<\/p>\n<p>Ha seg\u00edts\u00e9gre van sz\u00fcks\u00e9ge vagy b\u00e1rmilyen k\u00e9rd\u00e9se van, \u00fcgyf\u00e9lszolg\u00e1latunk k\u00e9szs\u00e9ggel \u00e1ll rendelkez\u00e9s\u00e9re, hogy seg\u00edtsen \u00d6nnek a v\u00e1s\u00e1rl\u00e1s el\u0151tt, alatt \u00e9s ut\u00e1n. Azt szeretn\u00e9nk, hogy az els\u0151 kattint\u00e1st\u00f3l kezdve z\u00f6kken\u0151mentes \u00e9s kiel\u00e9g\u00edt\u0151 \u00e9lm\u00e9nyben legyen r\u00e9sze.<\/p>\n<h2>Kezdj el kit\u0171nni az Instagramon m\u00e9g ma<\/h2>\n<p>M\u00e1r t\u00f6bb ezer felhaszn\u00e1l\u00f3 t\u00e1maszkodik erre a szolg\u00e1ltat\u00e1sra, hogy jav\u00edtsa jelenl\u00e9t\u00e9t az Instagramon. Ha \u00d6n is szeretn\u00e9, hogy a posztjai nagyobb hat\u00e1st \u00e9rjenek el, <strong>v\u00e1s\u00e1rolni Instagram tetszik<\/strong> a legjobb sz\u00f6vets\u00e9gesed.<\/p>\n<p>Ne hagyja, hogy a tartalma elveszjen a feedben. N\u00f6velje profilja l\u00e1that\u00f3s\u00e1g\u00e1t, elk\u00f6telezetts\u00e9g\u00e9t \u00e9s elismerts\u00e9g\u00e9t most. V\u00e1lassza ki a csomagot, adja le a megrendel\u00e9st, \u00e9s kezdje el l\u00e1tni, hogy posztjai jobban kiemelkednek, mint valaha.<\/p>\n<\/div><\/div><\/div><\/div><\/div><\/div><\/div><\/section>","protected":false},"excerpt":{"rendered":"Az Instagramon az els\u0151 benyom\u00e1s a legfontosabb. Felteszel egy fot\u00f3t vagy vide\u00f3t, \u00e9s a felhaszn\u00e1l\u00f3k m\u00e1sodperceken bel\u00fcl m\u00e1ris meg\u00edt\u00e9lik, hogy \u00e9rdemes-e a tartalmad. Ha nem kap interakci\u00f3t, val\u00f3sz\u00edn\u0171leg \u00e9szrev\u00e9tlen marad. Ez\u00e9rt v\u00e1lt az Instagram like-ok v\u00e1s\u00e1rl\u00e1sa n\u00e9lk\u00fcl\u00f6zhetetlen eszk\u00f6zz\u00e9 azok sz\u00e1m\u00e1ra, akik szeretn\u00e9nek kit\u0171nni, n\u00f6velni az elk\u00f6telezetts\u00e9g\u00fcket,...","protected":false},"featured_media":227,"comment_status":"open","ping_status":"closed","template":"","meta":{"_acf_changed":false},"product_brand":[],"product_cat":[17],"product_tag":[],"class_list":{"0":"post-91","1":"product","2":"type-product","3":"status-publish","4":"has-post-thumbnail","6":"product_cat-instagram","7":"wcpa_has_options","9":"first","10":"instock","11":"sale","12":"featured","13":"shipping-taxable","14":"purchasable","15":"product-type-variable","16":"has-default-attributes"},"acf":[],"wcpa_form_fields":{"wcpaData":{"product":{"product_price":1.99,"price_html":"","original_product_price":1.99,"price_including_tax":1.99,"price_excluding_tax":1.99,"product_id":{"parent":91,"variation":false},"is_variable":true,"stock_status":"instock","stock_quantity":null,"parent_sku":"","product_attributes":{"cantidad":{"is_variation":true,"values":[]}},"custom_fields":[],"is_taxable":false,"product_name":"Comprar Likes Instagram","hasImage":false},"fields":{"sec_367f6f7cee7714":{"extra":{"key":"sec_367f6f7cee7714","section_id":"sec_367f6f7cee7714","name":"Por defecto","status":1,"toggle":true,"form_id":817,"form_rules":{"exclude_from_discount":false,"fee_label":"Extra's","disp_hide_options_price":false,"disp_show_section_price":false,"disp_show_field_price":false,"layout_option":"standard","pric_use_as_fee":false,"process_fee_as":"woo_fee"},"layout_option":"standard"},"fields":[[{"active":true,"col":5,"relations":false,"cl_rule":"show","enableCl":false,"price":"","enablePrice":true,"className":"","label_position":"default","desc_position":"default","type":"select","required":false,"elementId":"select_867f6f7cee773a","label":"Origen de los Likes","name":"select_867f6f7cee773a","values":[{"label":"\ud83c\uddea\ud83c\uddf8 Espa\u00f1a y Latam","value":"espa\u00f1a-latam","selected":false,"tempId":"aco_394","price":"50","gt_translate_keys":["label"]},{"label":"\ud83c\uddee\ud83c\uddf9 Italia","value":"italia","selected":false,"tempId":"aco_395","price":"50","gt_translate_keys":["label"]},{"label":"\ud83c\uddeb\ud83c\uddf7 Francia","value":"francia","selected":false,"tempId":"aco_396","price":"50","gt_translate_keys":["label"]},{"label":"\ud83c\uddfa\ud83c\uddf8 Habla Inglesa","value":"ingles","selected":false,"tempId":"aco_3069","price":"100","gt_translate_keys":["label"]},{"label":"\ud83c\udde7\ud83c\uddf7 Brasil","value":"brasil","selected":false,"tempId":"aco_1135","price":"50","gt_translate_keys":["label"]}],"dropdown_type":"basic","error":false,"placeholder":"\ud83c\udf0d Origen Europeo\/Mundial de Alta Calidad","priceOptions":"different_for_all","pricingType":"percentage","fee_label":"","option_price_format":"(+{price})","gt_translate_keys":["label","placeholder"],"price_dependency":false,"cl_dependency":false,"value":""}],[{"active":true,"col":5,"relations":false,"cl_rule":"show","enableCl":false,"price":"","enablePrice":false,"className":"","type":"text","subtype":"text","required":true,"elementId":"text_867f6f7cee7749","label":"Enlace de la Publicaci\u00f3n","name":"text_867f6f7cee7749","value":"","error":false,"placeholder":"Ejemplo: https:\/\/www.instagram.com\/p\/DGxqbv9oVTD\/","gt_translate_keys":["label","placeholder","value"],"price_dependency":false,"cl_dependency":false}],[{"active":true,"col":5,"relations":false,"cl_rule":"show","enableCl":false,"price":"","enablePrice":true,"className":"","label_position":"default","desc_position":"default","type":"select","required":false,"elementId":"select_767f6f7cee7756","label":"A\u00f1adir Views con Descuento","name":"select_767f6f7cee7756","values":[{"label":"100 Views","value":"100","selected":false,"tempId":"aco_910","price":"1,89","gt_translate_keys":["label"]},{"label":"500 Views","value":"500","selected":false,"tempId":"aco_911","price":"3,79","gt_translate_keys":["label"]},{"label":"1.000 Views","value":"1000","selected":false,"tempId":"aco_912","price":"4,69","gt_translate_keys":["label"]},{"label":"5.000 Views","value":"5000","selected":false,"tempId":"aco_1337","price":"17,99","gt_translate_keys":["label"]},{"label":"10.000 Views","value":"10000","selected":false,"tempId":"aco_1059","price":"26,99","gt_translate_keys":["label"]},{"label":"50.000 Views","value":"50000","selected":false,"tempId":"aco_5222","price":"99,99","gt_translate_keys":["label"]}],"dropdown_type":"basic","error":false,"placeholder":"Ninguno","priceOptions":"different_for_all","pricingType":"fixed","use_as_fee":false,"option_price_format":"","tooltip":"Los views se pondr\u00e1n a la misma publicaci\u00f3n si es un v\u00eddeo.","gt_translate_keys":["label","placeholder","tooltip"],"price_dependency":false,"cl_dependency":false,"value":""}],[{"label":"A\u00f1adir Seguidores con Descuento","active":true,"required":false,"elementId":"select-9377214537","dropdown_type":"basic","placeholder":"Ninguno","tooltip":"Los seguidores se pondr\u00e1n al mismo perfil de la publicaci\u00f3n.","name":"select-9377214537","label_position":"default","desc_position":"default","enablePrice":true,"className":"","enableCl":false,"relations":false,"option_price_format":"","values":[{"label":"100 Seguidores","value":"100","selected":false,"tempId":"aco_910","price":"2,45","gt_translate_keys":["label"]},{"label":"500 Seguidores","value":"500","selected":false,"tempId":"aco_911","price":"6,50","gt_translate_keys":["label"]},{"label":"1.000 Seguidores","value":"1000","selected":false,"tempId":"aco_912","price":"9,50","gt_translate_keys":["label"]},{"label":"5.000 Seguidores","value":"5000","selected":false,"tempId":"aco_1337","price":"39,50","gt_translate_keys":["label"]},{"label":"10.000 Seguidores","value":"10000","selected":false,"tempId":"aco_1059","price":"79,50","gt_translate_keys":["label"]}],"priceOptions":"different_for_all","pricingType":"fixed","price":"","use_as_fee":false,"cl_rule":"show","col":5,"type":"select","error":false,"gt_translate_keys":["label","placeholder","tooltip"],"price_dependency":false,"cl_dependency":false,"value":""}]]}},"config":{"price_override":"","enable_recaptcha":false,"bind_quantity":false,"quantity_bind_formula":false,"disp_summ_show_option_price":false,"disp_summ_show_product_price":false,"disp_summ_show_total_price":false,"disp_summ_show_fee":false,"disp_summ_show_discount":false,"summary_title":"","options_total_label":"Extra's","total_label":"Totaal","options_product_label":"Product","fee_label":"Extra's","discount_label":"Korting","has_price":true,"has_quantity_formula":false},"mc_unit":1,"tax_rate":1,"tax_rate_real":1,"discount":{"percentage":0,"fixed":0},"design":{"conf":{"LabelPosition":"above","DescPosition":"above","UploadField":"custom_1","QuantityFieldStyle":"default"},"css":{"LeftLabelWidth":"120px"}},"formulas":[],"clones":false,"cartKey":false}},"_links":{"self":[{"href":"https:\/\/doymedia.com\/hu\/wp-json\/wp\/v2\/product\/91","targetHints":{"allow":["GET"]}}],"collection":[{"href":"https:\/\/doymedia.com\/hu\/wp-json\/wp\/v2\/product"}],"about":[{"href":"https:\/\/doymedia.com\/hu\/wp-json\/wp\/v2\/types\/product"}],"replies":[{"embeddable":true,"href":"https:\/\/doymedia.com\/hu\/wp-json\/wp\/v2\/comments?post=91"}],"wp:featuredmedia":[{"embeddable":true,"href":"https:\/\/doymedia.com\/hu\/wp-json\/wp\/v2\/media\/227"}],"wp:attachment":[{"href":"https:\/\/doymedia.com\/hu\/wp-json\/wp\/v2\/media?parent=91"}],"wp:term":[{"taxonomy":"product_brand","embeddable":true,"href":"https:\/\/doymedia.com\/hu\/wp-json\/wp\/v2\/product_brand?post=91"},{"taxonomy":"product_cat","embeddable":true,"href":"https:\/\/doymedia.com\/hu\/wp-json\/wp\/v2\/product_cat?post=91"},{"taxonomy":"product_tag","embeddable":true,"href":"https:\/\/doymedia.com\/hu\/wp-json\/wp\/v2\/product_tag?post=91"}],"curies":[{"name":"wp","href":"https:\/\/api.w.org\/{rel}","templated":true}]}}