{"id":92,"date":"2025-03-27T01:32:40","date_gmt":"2025-03-27T00:32:40","guid":{"rendered":"https:\/\/v2.doymedia.com\/?post_type=product&#038;p=92"},"modified":"2025-04-10T17:35:37","modified_gmt":"2025-04-10T15:35:37","slug":"twitter-szavazatok-vasarlasa","status":"publish","type":"product","link":"https:\/\/doymedia.com\/hu\/comprar-votos-twitter\/","title":{"rendered":"Twitter szavazatok v\u00e1s\u00e1rl\u00e1sa"},"content":{"rendered":"<section class=\"l-section wpb_row height_medium\"><div class=\"l-section-h i-cf\"><div class=\"g-cols vc_row via_flex valign_top type_default stacking_default\"><div class=\"vc_col-sm-12 wpb_column vc_column_container\"><div class=\"vc_column-inner\"><div class=\"wpb_wrapper\"><div class=\"wpb_text_column\"><div class=\"wpb_wrapper\"><p class=\"translation-block\">A Twitter-szavaz\u00e1sok hat\u00e9kony eszk\u00f6zz\u00e9 v\u00e1ltak a figyelemfelkelt\u00e9s, az elk\u00f6telezetts\u00e9g gener\u00e1l\u00e1sa \u00e9s a k\u00f6z\u00f6ss\u00e9g sz\u00e1m\u00e1ra l\u00e1that\u00f3 d\u00f6nt\u00e9sek meghozatala ter\u00e9n. De ha nem kap el\u00e9g szavazatot, a szavaz\u00e1s vesz\u00edt a hat\u00e1s\u00e1b\u00f3l. Ez\u00e9rt a <strong>Twitter-szavazatok v\u00e1s\u00e1rl\u00e1sa<\/strong> gyors \u00e9s biztons\u00e1gos megold\u00e1s arra, hogy kit\u0171nj a szavaz\u00e1sokon \u00e9s tekint\u00e9lyt sug\u00e1rozz a platformon.<\/p>\n<p class=\"translation-block\">Ak\u00e1r marketing, strat\u00e9giai, sz\u00f3rakoztat\u00f3 vagy egyszer\u0171en csak egy nyilv\u00e1nos d\u00f6nt\u00e9s befoly\u00e1sol\u00e1s\u00e1ra haszn\u00e1l egy szavaz\u00e1st, a szavazatok sz\u00e1m\u00e1nak n\u00f6vel\u00e9se seg\u00edthet az eredm\u00e9ny ellen\u0151rz\u00e9s\u00e9ben, besz\u00e9lget\u00e9st gener\u00e1lhat \u00e9s t\u00f6bb embert vonhat be. Szolg\u00e1ltat\u00e1sunkkal egyszer\u0171en <strong>v\u00e1s\u00e1rolhatsz Twitter-szavazatokat<\/strong>, kiv\u00e1lasztva az \u00e1ltalad prefer\u00e1lt opci\u00f3t, hogy az eredm\u00e9nyed azt t\u00fckr\u00f6zze, amire sz\u00fcks\u00e9ged van.<\/p>\n<h2>Mi\u00e9rt \u00e9rdemes Twitter-szavazatokat v\u00e1s\u00e1rolni?<\/h2>\n<p class=\"translation-block\">A sok szavazatot kapott szavaz\u00e1sok nagyobb figyelmet kapnak. Amikor a felhaszn\u00e1l\u00f3k akt\u00edv szavaz\u00e1st l\u00e1tnak, t\u00f6bb sz\u00e1z vagy ezer r\u00e9szv\u00e9tellel, hajlamosak csatlakozni. Ez h\u00f3labdaeffektust gener\u00e1l, amely l\u00e1that\u00f3s\u00e1got \u00e9s hiteless\u00e9get ad a kiadv\u00e1ny\u00e1nak. Ha \u00d6n is meg akar er\u0151s\u00edteni egy adott eredm\u00e9nyt, a <strong>Twitter-szavazatok v\u00e1s\u00e1rl\u00e1sa<\/strong> lehet\u0151v\u00e9 teszi, hogy k\u00f6zvetlen \u00e9s azonnali hat\u00e1st gyakoroljon.<\/p>\n<p>Ez a szolg\u00e1ltat\u00e1s ide\u00e1lis olyan tartalomk\u00e9sz\u00edt\u0151k, influencerek, v\u00e1llalatok, szem\u00e9lyes fi\u00f3kok vagy m\u00e1rk\u00e1k sz\u00e1m\u00e1ra, amelyek a strat\u00e9gi\u00e1juk r\u00e9szek\u00e9nt k\u00f6zv\u00e9lem\u00e9ny-kutat\u00e1sokat haszn\u00e1lnak. Haszn\u00e1lhatja egy \u00f6tlet meger\u0151s\u00edt\u00e9s\u00e9re, v\u00edruskamp\u00e1ny ind\u00edt\u00e1s\u00e1ra, elk\u00f6telezetts\u00e9g gener\u00e1l\u00e1s\u00e1ra vagy egyszer\u0171en csak egy szavaz\u00e1s megnyer\u00e9s\u00e9re.<\/p>\n<h3>A Twitteren t\u00f6rt\u00e9n\u0151 szavazatv\u00e1s\u00e1rl\u00e1s el\u0151nyei<\/h3>\n<ul>\n<li>\ud83d\udcca Er\u0151s\u00edtse meg a felm\u00e9r\u00e9s eredm\u00e9ny\u00e9t<\/li>\n<li>\ud83d\udd25 N\u00f6veli a l\u00e1that\u00f3s\u00e1got \u00e9s a r\u00e9szv\u00e9telt<\/li>\n<li>\ud83d\ude80 Jav\u00edtsa a tweet organikus el\u00e9r\u00e9s\u00e9t<\/li>\n<li>\u2705 Befoly\u00e1solja a k\u00f6zv\u00e9lem\u00e9nyt<\/li>\n<li>\ud83d\udd12 Biztons\u00e1gos sz\u00e1ll\u00edt\u00e1s, an\u00e9lk\u00fcl, hogy ez befoly\u00e1soln\u00e1 a sz\u00e1ml\u00e1j\u00e1t<\/li>\n<\/ul>\n<p class=\"translation-block\">A <strong>Twitter-szavazatok v\u00e1s\u00e1rl\u00e1sa<\/strong> hasznos, ak\u00e1r egy nyilv\u00e1nos szavaz\u00e1st akarsz megnyerni, ak\u00e1r a bejegyz\u00e9seid teljes\u00edtm\u00e9ny\u00e9t akarod jav\u00edtani. Min\u00e9l t\u00f6bb szavazatot kap a szavaz\u00e1sod, ann\u00e1l relev\u00e1nsabb lesz az algoritmus \u00e9s a k\u00f6z\u00f6ns\u00e9ged szem\u00e9ben.<\/p>\n<h2>Biztons\u00e1gos Twitter-szavazatokat v\u00e1s\u00e1rolni?<\/h2>\n<p>Igen, felt\u00e9tlen\u00fcl. Nem k\u00e9r\u00fcnk jelszavakat vagy hozz\u00e1f\u00e9r\u00e9st a fi\u00f3kj\u00e1hoz. Csak a linkre van sz\u00fcks\u00e9g\u00fcnk a tweetedhez, ahol a szavaz\u00e1s akt\u00edv, \u00e9s a v\u00e1lasztott opci\u00f3ra leadott szavazatok sz\u00e1m\u00e1ra. A folyamat gyors, diszkr\u00e9t \u00e9s biztons\u00e1gos. A szavazatokat term\u00e9szetesen \u00e9s a megbesz\u00e9lt hat\u00e1rid\u0151n bel\u00fcl eljuttatjuk.<\/p>\n<p>Rendszer\u00fcnket \u00fagy optimaliz\u00e1ltuk, hogy megv\u00e9dje az \u00d6n mag\u00e1n\u00e9let\u00e9t \u00e9s kock\u00e1zatmentes eredm\u00e9nyeket szolg\u00e1ltasson. Tudjuk, mennyire fontos, hogy fi\u00f3kja biztons\u00e1gban legyen, ez\u00e9rt olyan bev\u00e1lt m\u00f3dszerekkel dolgozunk, amelyek megfelelnek a legmagasabb ipar\u00e1gi szabv\u00e1nyoknak.<\/p>\n<h3>Kik vehetik ig\u00e9nybe ezt a szolg\u00e1ltat\u00e1st?<\/h3>\n<p>Ez a szolg\u00e1ltat\u00e1s t\u00f6k\u00e9letes minden olyan t\u00edpus\u00fa felhaszn\u00e1l\u00f3 sz\u00e1m\u00e1ra, aki a felm\u00e9r\u00e9s eredm\u00e9ny\u00e9t tekint\u00e9lyt vagy ellen\u0151rz\u00e9st szeretne szerezni. \u00d6n <strong>szavazatv\u00e1s\u00e1rl\u00e1s Twitter<\/strong> szem\u00e9lyes kamp\u00e1nyokhoz, nyerem\u00e9nyj\u00e1t\u00e9kokhoz, versenyekhez vagy v\u00edrusos posztokhoz. Nincs sz\u00fcks\u00e9g t\u00f6bb ezer k\u00f6vet\u0151re ahhoz, hogy a felm\u00e9r\u00e9sednek hat\u00e1sa legyen.<\/p>\n<ul>\n<li>\ud83c\udfaf Influencerek, akik n\u00f6velni akarj\u00e1k a tartalmat<\/li>\n<li>\ud83d\uddf3\ufe0f Versenyk\u00e9pes felm\u00e9r\u00e9sekben r\u00e9szt vev\u0151 sz\u00e1ml\u00e1k<\/li>\n<li>\ud83d\udcc8 M\u00e1rk\u00e1k, amelyek strat\u00e9giai k\u00e9rd\u00e9seket tesznek fel a k\u00f6z\u00f6ns\u00e9g\u00fcknek<\/li>\n<li>\ud83d\udce2 Felhaszn\u00e1l\u00f3k, akik a szavaz\u00e1st egy adott opci\u00f3ra szeretn\u00e9k ir\u00e1ny\u00edtani<\/li>\n<li>\ud83d\udcac Az alkot\u00f3k v\u00edrusoss\u00e1got vagy besz\u00e9lget\u00e9st keresnek<\/li>\n<\/ul>\n<h2>Hogyan m\u0171k\u00f6dik a v\u00e1s\u00e1rl\u00e1si folyamat?<\/h2>\n<p class=\"translation-block\"><strong>Twitter-szavazatok v\u00e1s\u00e1rl\u00e1sa<\/strong> vel\u00fcnk nagyon egyszer\u0171. Csak ki kell v\u00e1lasztania a k\u00edv\u00e1nt szavazatok sz\u00e1m\u00e1t, be kell m\u00e1solnia az akt\u00edv szavaz\u00e1st tartalmaz\u00f3 tweetj\u00e9nek k\u00f6zvetlen linkj\u00e9t, \u00e9s ki kell v\u00e1lasztania a n\u00e9pszer\u0171s\u00edteni k\u00edv\u00e1nt opci\u00f3t. A t\u00f6bbir\u0151l mi gondoskodunk.<\/p>\n<p>A megrendel\u00e9s lead\u00e1sa ut\u00e1n megkezdj\u00fck a szavazatok kisz\u00e1ll\u00edt\u00e1s\u00e1t.<\/p>\n<p class=\"translation-block\"><strong>A Twitter-szavazatok megv\u00e1s\u00e1rl\u00e1sa<\/strong> a legk\u00f6zvetlenebb \u00e9s leghat\u00e9konyabb m\u00f3dja annak, hogy egy szavaz\u00e1son v\u00e1ltoztass. Ak\u00e1r egy kis l\u00f6k\u00e9st szeretn\u00e9l adni, hogy t\u00f6bb interakci\u00f3t gener\u00e1lj, ak\u00e1r azt szeretn\u00e9d, hogy egy opci\u00f3 biztosan nyerjen, ezt a szolg\u00e1ltat\u00e1st neked tal\u00e1lt\u00e1k ki.<\/p>\n<h2>Kezdje el keresni a felm\u00e9r\u00e9seket m\u00e9g ma<\/h2>\n<p>Ha a felm\u00e9r\u00e9sek megnyer\u00e9se mellett egy teljesebb \u00e9s l\u00e1that\u00f3bb profilt is szeretne \u00e9p\u00edteni, akkor javasoljuk, hogy <a href=\"https:\/\/doymedia.com\/hu\/vasarolni-twitter-kovetok\/\"><strong>v\u00e1s\u00e1rolni Twitter k\u00f6vet\u0151k<\/strong><\/a> hogy n\u00f6velje a k\u00f6z\u00f6ss\u00e9g\u00e9t \u00e9s <a href=\"https:\/\/doymedia.com\/hu\/vasarolni-twitter-tetszik\/\"><strong>v\u00e1s\u00e1rolni Twitter kedveli<\/strong><\/a> a kiadv\u00e1nyok elk\u00f6telezetts\u00e9g\u00e9nek meger\u0151s\u00edt\u00e9se \u00e9rdek\u00e9ben. Ezek olyan kieg\u00e9sz\u00edt\u0151 szolg\u00e1ltat\u00e1sok, amelyek seg\u00edtenek \u00d6nnek abban, hogy er\u0151sebb \u00e9s professzion\u00e1lisabb k\u00e9pet mutasson a platformon.<br \/>\nT\u00f6bb ezer felhaszn\u00e1l\u00f3 haszn\u00e1lta m\u00e1r ezt a szolg\u00e1ltat\u00e1st, hogy t\u00f6bb szavazatot kapjon a szavaz\u00e1sokon, \u00e9s jav\u00edtsa jelenl\u00e9t\u00e9t a Twitteren. Ha \u00d6n is szeretn\u00e9, hogy szavazata kiemelkedjen, <strong>szavazatv\u00e1s\u00e1rl\u00e1s Twitter<\/strong> a leggyorsabb \u00e9s leghat\u00e9konyabb m\u00f3dja ennek.<\/p>\n<p>V\u00e1lassza ki a k\u00edv\u00e1nt szavazatok sz\u00e1m\u00e1t, adja meg nek\u00fcnk a szavaz\u00e1s linkj\u00e9t, a t\u00f6bbir\u0151l pedig mi gondoskodunk. Kezdhetsz egy kis er\u0151s\u00edt\u00e9ssel, vagy a v\u00e1laszt\u00e1sodat nagy k\u00fcl\u00f6nbs\u00e9ggel gy\u0151zelemre juttathatod. A v\u00e1laszt\u00e1s a ti\u00e9d.<\/p>\n<p class=\"translation-block\">Ne b\u00edzza az eredm\u00e9nyt a v\u00e9letlenre. Befoly\u00e1solja, emelje ki \u00e9s ellen\u0151rizze szavaz\u00e1sait biztons\u00e1ggal \u00e9s garant\u00e1lt eredm\u00e9nyekkel. <strong>A Twitter-szavazatok megv\u00e1s\u00e1rl\u00e1sa<\/strong> az \u00d6n kez\u00e9be adja az ir\u00e1ny\u00edt\u00e1st. Tedd egyszer\u0171v\u00e9, csin\u00e1ld j\u00f3l.<\/p>\n<\/div><\/div><\/div><\/div><\/div><\/div><\/div><\/section>","protected":false},"excerpt":{"rendered":"A Twitter-szavaz\u00e1sok hat\u00e9kony eszk\u00f6zz\u00e9 v\u00e1ltak a figyelemfelkelt\u00e9s, az elk\u00f6telezetts\u00e9g gener\u00e1l\u00e1sa \u00e9s a k\u00f6z\u00f6ss\u00e9g sz\u00e1m\u00e1ra l\u00e1that\u00f3 d\u00f6nt\u00e9sek meghozatala ter\u00e9n. De ha nem kap el\u00e9g szavazatot, a szavaz\u00e1s vesz\u00edt a hat\u00e1s\u00e1b\u00f3l. Ez\u00e9rt a Twitter-szavazatok megv\u00e1s\u00e1rl\u00e1sa gyors \u00e9s biztons\u00e1gos megold\u00e1s arra, hogy kit\u0171nj a szavaz\u00e1sokon, \u00e9s tekint\u00e9lyt sug\u00e1rozz a platformon......","protected":false},"featured_media":318,"comment_status":"open","ping_status":"closed","template":"","meta":{"_acf_changed":false},"product_brand":[],"product_cat":[19],"product_tag":[],"class_list":{"0":"post-92","1":"product","2":"type-product","3":"status-publish","4":"has-post-thumbnail","6":"product_cat-twitter","7":"wcpa_has_options","9":"first","10":"instock","11":"shipping-taxable","12":"purchasable","13":"product-type-variable","14":"has-default-attributes"},"acf":[],"wcpa_form_fields":{"wcpaData":{"product":{"product_price":1.99,"price_html":"","original_product_price":1.99,"price_including_tax":1.99,"price_excluding_tax":1.99,"product_id":{"parent":92,"variation":false},"is_variable":true,"stock_status":"instock","stock_quantity":null,"parent_sku":"","product_attributes":{"cantidad":{"is_variation":true,"values":[]}},"custom_fields":[],"is_taxable":false,"product_name":"Comprar Votos Twitter","hasImage":false},"fields":{"sec_167faa7c614353":{"extra":{"key":"sec_167faa7c614353","section_id":"sec_167faa7c614353","name":"Por defecto","status":1,"toggle":true,"form_id":1071,"form_rules":{"exclude_from_discount":false,"fee_label":"Extras","disp_hide_options_price":false,"disp_show_section_price":false,"disp_show_field_price":false,"layout_option":"standard","pric_use_as_fee":false,"process_fee_as":"woo_fee"},"layout_option":"standard"},"fields":[[{"active":true,"col":5,"relations":false,"cl_rule":"show","enableCl":false,"price":"","enablePrice":false,"className":"","type":"text","subtype":"text","required":true,"elementId":"text_667faa7c61436c","label":"Enlace de la Publicaci\u00f3n de Twitter","name":"text_667faa7c61436c","value":"","error":false,"placeholder":"Ejemplo: https:\/\/x.com\/NASA\/status\/1911109060553847169","enableDesign":false,"LabelSize":"16px","gt_translate_keys":["label","placeholder","value"],"price_dependency":false,"cl_dependency":false}],[{"label":"Opci\u00f3n a Votar","active":true,"required":true,"elementId":"text-2562894642","value":"","placeholder":"Escribe la opci\u00f3n a votar, por ejemplo: OPCI\u00d3N 1 Barack Obama","name":"text-2562894642","enablePrice":false,"className":"","enableCl":false,"relations":false,"enableDesign":false,"LabelSize":"16px","subtype":"text","price":"","cl_rule":"show","col":5,"type":"text","error":false,"gt_translate_keys":["label","placeholder","value"],"price_dependency":false,"cl_dependency":false}]]}},"config":{"price_override":"","enable_recaptcha":false,"bind_quantity":false,"quantity_bind_formula":false,"disp_summ_show_option_price":false,"disp_summ_show_product_price":false,"disp_summ_show_total_price":false,"disp_summ_show_fee":false,"disp_summ_show_discount":false,"summary_title":"","options_total_label":"Extras","total_label":"Total","options_product_label":"Produs","fee_label":"Extras","discount_label":"Descuento","has_price":true,"has_quantity_formula":false},"mc_unit":1,"tax_rate":1,"tax_rate_real":1,"discount":{"percentage":0,"fixed":0},"design":{"conf":{"LabelPosition":"above","DescPosition":"above","UploadField":"custom_1","QuantityFieldStyle":"default"},"css":{"LeftLabelWidth":"120px"}},"formulas":[],"clones":false,"cartKey":false}},"_links":{"self":[{"href":"https:\/\/doymedia.com\/hu\/wp-json\/wp\/v2\/product\/92","targetHints":{"allow":["GET"]}}],"collection":[{"href":"https:\/\/doymedia.com\/hu\/wp-json\/wp\/v2\/product"}],"about":[{"href":"https:\/\/doymedia.com\/hu\/wp-json\/wp\/v2\/types\/product"}],"replies":[{"embeddable":true,"href":"https:\/\/doymedia.com\/hu\/wp-json\/wp\/v2\/comments?post=92"}],"wp:featuredmedia":[{"embeddable":true,"href":"https:\/\/doymedia.com\/hu\/wp-json\/wp\/v2\/media\/318"}],"wp:attachment":[{"href":"https:\/\/doymedia.com\/hu\/wp-json\/wp\/v2\/media?parent=92"}],"wp:term":[{"taxonomy":"product_brand","embeddable":true,"href":"https:\/\/doymedia.com\/hu\/wp-json\/wp\/v2\/product_brand?post=92"},{"taxonomy":"product_cat","embeddable":true,"href":"https:\/\/doymedia.com\/hu\/wp-json\/wp\/v2\/product_cat?post=92"},{"taxonomy":"product_tag","embeddable":true,"href":"https:\/\/doymedia.com\/hu\/wp-json\/wp\/v2\/product_tag?post=92"}],"curies":[{"name":"wp","href":"https:\/\/api.w.org\/{rel}","templated":true}]}}