{"id":922,"date":"2025-04-11T18:03:53","date_gmt":"2025-04-11T16:03:53","guid":{"rendered":"https:\/\/v2.doymedia.com\/?post_type=product&#038;p=922"},"modified":"2025-05-12T16:19:12","modified_gmt":"2025-05-12T14:19:12","slug":"vasarolni-twitter-retweets","status":"publish","type":"product","link":"https:\/\/doymedia.com\/hu\/comprar-retweets-twitter\/","title":{"rendered":"V\u00e1s\u00e1roljon Twitter Retweets"},"content":{"rendered":"<section class=\"l-section wpb_row height_medium\"><div class=\"l-section-h i-cf\"><div class=\"g-cols vc_row via_flex valign_top type_default stacking_default\"><div class=\"vc_col-sm-12 wpb_column vc_column_container\"><div class=\"vc_column-inner\"><div class=\"wpb_wrapper\"><div class=\"wpb_text_column\"><div class=\"wpb_wrapper\"><p class=\"translation-block\">A Twitteren minden retweet sz\u00e1m\u00edt. Ez az egyik leghat\u00e9konyabb m\u00f3dja annak, hogy feler\u0151s\u00edtsd az \u00fczenetedet, ismerts\u00e9get szerezz \u00e9s \u00faj k\u00f6z\u00f6ns\u00e9get \u00e9rj el. Ha a tartalma j\u00f3, de nem kapja meg a meg\u00e9rdemelt nyilv\u00e1noss\u00e1got, a <strong>Twitter retweetek v\u00e1s\u00e1rl\u00e1sa<\/strong> seg\u00edthet kil\u00e9pni a digit\u00e1lis anonimit\u00e1sb\u00f3l, \u00e9s er\u0151sebben poz\u00edcion\u00e1lhatja mag\u00e1t a besz\u00e9lget\u00e9sben.<\/p>\n<p class=\"translation-block\">A retweet nem csup\u00e1n egy k\u00f6z\u00f6ss\u00e9gi akci\u00f3: ez egy nyilv\u00e1nos aj\u00e1nl\u00e1s. Minden alkalommal, amikor valaki \u00fajratweeteli az \u00d6n posztj\u00e1t, az eg\u00e9sz h\u00e1l\u00f3zata l\u00e1tja azt. Ha pedig t\u00f6bb felhaszn\u00e1l\u00f3 teszi ezt, az algoritmus relev\u00e1ns tartalomk\u00e9nt \u00e9rtelmezi. Ez\u00e9rt a <strong>Twitter retweetek v\u00e1s\u00e1rl\u00e1sa<\/strong> hasznos strat\u00e9gia az \u00fczenetek v\u00edrusszer\u0171v\u00e9 t\u00e9tel\u00e9re, a kamp\u00e1nyok meger\u0151s\u00edt\u00e9s\u00e9re \u00e9s a szem\u00e9lyes, szakmai vagy m\u00e1rkafi\u00f3kok fellend\u00edt\u00e9s\u00e9re.<\/p>\n<h2>Mi\u00e9rt \u00e9rdemes retweeteket v\u00e1s\u00e1rolni a Twitteren?<\/h2>\n<p class=\"translation-block\">Mert a Twitteren az el\u00e9r\u00e9s a siker kulcsa. Lehet nagy \u00e9rt\u00e9k\u0171 tartalmad, de ha nem osztj\u00e1k meg, akkor nem jut el. <strong>A Twitter retweetek megv\u00e1s\u00e1rl\u00e1sa<\/strong> seg\u00edt az els\u0151 l\u00f6k\u00e9st megszerezni, kezdeti zajt kelteni \u00e9s term\u00e9szetes interakci\u00f3ra \u00f6szt\u00f6n\u00f6zni. Egy olyan tweet, amely r\u00f6vid id\u0151n bel\u00fcl retweeteket kap, \u00e1ltal\u00e1ban gyorsan vonzer\u0151t nyer.<\/p>\n<p>A retweetek szint\u00e9n t\u00e1rsadalmi tudatoss\u00e1got gener\u00e1lnak. Ha egy poszt sok megoszt\u00e1st kap, az k\u00edv\u00e1ncsis\u00e1got kelt, l\u00e1togat\u00f3kat vonz, \u00e9s jav\u00edtja az \u00d6n helyez\u00e9s\u00e9t a bels\u0151 keres\u00e9si eredm\u00e9nyekben. Ez a fajta tev\u00e9kenys\u00e9g az \u00d6n profilj\u00e1t is er\u0151s\u00edti, \u00e9s n\u00f6veli az \u00d6n \u00e1ltal a platformon kivet\u00edtett tekint\u00e9lyt.<\/p>\n<h3>A Twitteren t\u00f6rt\u00e9n\u0151 retweetek v\u00e1s\u00e1rl\u00e1s\u00e1nak el\u0151nyei<\/h3>\n<ul>\n<li>\ud83d\udce2 A tweetek fokozott terjeszt\u00e9se \u00e9s el\u00e9r\u00e9se<\/li>\n<li>\ud83d\ude80 Kezdeti lend\u00fclet a l\u00e1that\u00f3s\u00e1g n\u00f6vel\u00e9s\u00e9hez<\/li>\n<li>\ud83c\udfaf \u00daj k\u00f6vet\u0151k \u00e9s potenci\u00e1lis \u00fcgyfelek megnyer\u00e9se<\/li>\n<li>\ud83d\udcac Gener\u00e1ljon besz\u00e9lget\u00e9st a tartalma k\u00f6r\u00fcl<\/li>\n<li>\ud83d\udd12 Biztons\u00e1gos sz\u00e1ll\u00edt\u00e1s a fi\u00f3kja vesz\u00e9lyeztet\u00e9se n\u00e9lk\u00fcl<\/li>\n<\/ul>\n<p class=\"translation-block\">Ez a szolg\u00e1ltat\u00e1s ide\u00e1lis, ha egy kamp\u00e1nyt szeretne viraliz\u00e1lni, egy v\u00e9lem\u00e9nyt kiemelni, egy term\u00e9ket n\u00e9pszer\u0171s\u00edteni, vagy egyszer\u0171en csak t\u00f6bb pozit\u00edv h\u00edrver\u00e9st szeretne gener\u00e1lni a fi\u00f3kja k\u00f6r\u00fcl. Ak\u00e1r influencer, v\u00e1llalkoz\u00f3, m\u0171v\u00e9sz vagy v\u00e1llalat vagy, a <strong>v\u00e1s\u00e1rolj Twitter retweeteket<\/strong> seg\u00edts\u00e9g\u00e9vel kevesebb er\u0151fesz\u00edt\u00e9ssel messzebbre juthatsz.<\/p>\n<h2>Biztons\u00e1gos Twitter retweeteket v\u00e1s\u00e1rolni?<\/h2>\n<p>Abszol\u00fat. Nincs sz\u00fcks\u00e9g\u00fcnk jelszavakra vagy hozz\u00e1f\u00e9r\u00e9sre a fi\u00f3kj\u00e1hoz. Csak mondd meg nek\u00fcnk a tweet linkj\u00e9t, amit szeretn\u00e9l felturb\u00f3zni. K\u00e9zbes\u00edt\u00e9s\u00fcnk progressz\u00edv, term\u00e9szetes \u00e9s \u00fagy tervezt\u00fck, hogy alkalmazkodjon a t\u00e9nyleges haszn\u00e1lati szok\u00e1sokhoz, megv\u00e9dve profilja h\u00edrnev\u00e9t \u00e9s integrit\u00e1s\u00e1t.<\/p>\n<p class=\"translation-block\">Optimaliz\u00e1lt rendszereket haszn\u00e1lunk, hogy tartalmaidat kock\u00e1zat n\u00e9lk\u00fcl retweetelj\u00e9k. T\u00f6bb ezer fi\u00f3k jav\u00edtotta ismerts\u00e9g\u00e9t ezzel a szolg\u00e1ltat\u00e1ssal, \u00e9s percek vagy \u00f3r\u00e1k alatt l\u00e1that\u00f3 eredm\u00e9nyeket \u00e9rt el. <strong>A Twitter retweetek v\u00e1s\u00e1rl\u00e1sa<\/strong> megb\u00edzhat\u00f3 \u00e9s hat\u00e9kony m\u00f3dja a kiemelked\u00e9snek.<\/p>\n<h3>Kinek \u00e9rdemes ig\u00e9nybe vennie ezt a szolg\u00e1ltat\u00e1st?<\/h3>\n<p>B\u00e1rmely Twitter-felhaszn\u00e1l\u00f3, aki szeretn\u00e9 feler\u0151s\u00edteni \u00fczenet\u00e9t, l\u00e1that\u00f3bb\u00e1 tenni egy kulcsfontoss\u00e1g\u00fa tweetet, vagy nagyobb tekint\u00e9llyel poz\u00edcion\u00e1lni mag\u00e1t. Nem sz\u00e1m\u00edt, hogy a fi\u00f3kod \u00faj vagy m\u00e1r befutott: a retweetek mindig \u00f6sszead\u00f3dnak. Ez a szolg\u00e1ltat\u00e1s t\u00f6k\u00e9letes a k\u00f6vetkez\u0151k sz\u00e1m\u00e1ra:<\/p>\n<ul>\n<li>\ud83d\udcc8 Term\u00e9ket vagy szolg\u00e1ltat\u00e1st n\u00e9pszer\u0171s\u00edt\u0151 v\u00e1llalkoz\u00f3k<\/li>\n<li>\ud83c\udfa4 M\u0171v\u00e9szek \u00e9s alkot\u00f3k terjesztik a tartalmukat<\/li>\n<li>\ud83d\udcf2 Influencerek, akik elk\u00f6telezetts\u00e9get \u00e9s viralit\u00e1st keresnek<\/li>\n<li>\ud83c\udfe2 M\u00e1rk\u00e1k ind\u00edtanak t\u00e1rsadalmi kamp\u00e1nyokat vagy akci\u00f3kat<\/li>\n<li>\ud83e\udde0 Szakemberek, akik \u00f6tleteket vagy tud\u00e1st osztanak meg egym\u00e1ssal<\/li>\n<\/ul>\n<h2>Hogyan m\u0171k\u00f6dik?<\/h2>\n<p>A folyamat nagyon egyszer\u0171. Csak v\u00e1lassza ki a k\u00edv\u00e1nt retweetek sz\u00e1m\u00e1t, adja meg a tweet linkj\u00e9t, \u00e9s er\u0151s\u00edtse meg a megrendel\u00e9st. Mi gondoskodunk a retweetek fokozatos, term\u00e9szetes \u00e9s biztons\u00e1gos k\u00e9zbes\u00edt\u00e9s\u00e9r\u0151l. \u00d6n csak arra koncentr\u00e1l, hogy tov\u00e1bbra is min\u0151s\u00e9gi tartalmat hozzon l\u00e9tre.<\/p>\n<p class=\"translation-block\">Ha pedig teljesebb n\u00f6veked\u00e9sre v\u00e1gyik, akkor ezt a szolg\u00e1ltat\u00e1st kombin\u00e1lhatja a <a href=\"https:\/\/doymedia.com\/hu\/vasarolni-twitter-tetszik\/\" target=\"_self\"><strong>Twitter like-ok v\u00e1s\u00e1rl\u00e1sa<\/strong><\/a> vagy a <a href=\"https:\/\/doymedia.com\/hu\/vasarolni-twitter-kovetok\/\" target=\"_self\"><strong>Twitter k\u00f6vet\u0151k v\u00e1s\u00e1rl\u00e1sa<\/strong><\/a> szolg\u00e1ltat\u00e1ssal. \u00cdgy jav\u00edthatod fi\u00f3kod elk\u00f6telezetts\u00e9g\u00e9t \u00e9s l\u00e1that\u00f3 tekint\u00e9ly\u00e9t is.<\/p>\n<h2>Hadd sz\u00f3laljon meg a hangja messzebbre<\/h2>\n<p class=\"translation-block\">Ne hagyja, hogy a bejegyz\u00e9sei elvesszenek a web zaj\u00e1ban. <strong>A Twitter retweetek megv\u00e1s\u00e1rl\u00e1sa<\/strong> lehet\u0151v\u00e9 teszi, hogy feler\u0151s\u00edtse \u00fczenet\u00e9t, t\u00f6bb emberrel l\u00e9pjen kapcsolatba, \u00e9s val\u00f3di besz\u00e9lget\u00e9st gener\u00e1ljon a tartalma k\u00f6r\u00fcl. Adja meg \u00f6tleteinek a meg\u00e9rdemelt el\u00e9r\u00e9st. Kezdje el m\u00e9g ma.<\/p>\n<\/div><\/div><\/div><\/div><\/div><\/div><\/div><\/section>","protected":false},"excerpt":{"rendered":"A Twitteren minden retweet sz\u00e1m\u00edt. Ez az egyik leghat\u00e9konyabb m\u00f3dja annak, hogy feler\u0151s\u00edtsd az \u00fczenetedet, ismerts\u00e9get szerezz \u00e9s \u00faj k\u00f6z\u00f6ns\u00e9get \u00e9rj el. Ha a tartalma j\u00f3, de nem kapja meg a meg\u00e9rdemelt nyilv\u00e1noss\u00e1got, a Twitter retweetek megv\u00e1s\u00e1rl\u00e1s\u00e1val kil\u00e9phet a digit\u00e1lis anonimit\u00e1sb\u00f3l, \u00e9s er\u0151sebben poz\u00edcion\u00e1lhatja mag\u00e1t a besz\u00e9lget\u00e9sben. A...","protected":false},"featured_media":318,"comment_status":"open","ping_status":"closed","template":"","meta":{"_acf_changed":false},"product_brand":[],"product_cat":[19],"product_tag":[],"class_list":{"0":"post-922","1":"product","2":"type-product","3":"status-publish","4":"has-post-thumbnail","6":"product_cat-twitter","7":"wcpa_has_options","9":"first","10":"instock","11":"sale","12":"shipping-taxable","13":"purchasable","14":"product-type-variable","15":"has-default-attributes"},"acf":[],"wcpa_form_fields":{"wcpaData":{"product":{"product_price":3.99,"price_html":"","original_product_price":3.99,"price_including_tax":3.99,"price_excluding_tax":3.99,"product_id":{"parent":922,"variation":false},"is_variable":true,"stock_status":"instock","stock_quantity":null,"parent_sku":"","product_attributes":{"cantidad":{"is_variation":true,"values":[]}},"custom_fields":[],"is_taxable":false,"product_name":"Comprar Retweets Twitter","hasImage":false},"fields":{"sec_767faa7afa4149":{"extra":{"key":"sec_767faa7afa4149","section_id":"sec_767faa7afa4149","name":"Por defecto","status":1,"toggle":true,"form_id":1070,"form_rules":{"exclude_from_discount":false,"fee_label":"Extra's","disp_hide_options_price":false,"disp_show_section_price":false,"disp_show_field_price":false,"layout_option":"standard","pric_use_as_fee":false,"process_fee_as":"woo_fee"},"layout_option":"standard"},"fields":[[{"active":true,"col":5,"relations":false,"cl_rule":"show","enableCl":false,"price":"","enablePrice":false,"className":"","type":"text","subtype":"text","required":true,"elementId":"text_367faa7afa4162","label":"Enlace de la Publicaci\u00f3n de Twitter","name":"text_367faa7afa4162","value":"","error":false,"placeholder":"Ejemplo: https:\/\/x.com\/NASA\/status\/1911109060553847169","enableDesign":false,"LabelSize":"16px","gt_translate_keys":["label","placeholder","value"],"price_dependency":false,"cl_dependency":false}]]}},"config":{"price_override":"","enable_recaptcha":false,"bind_quantity":false,"quantity_bind_formula":false,"disp_summ_show_option_price":false,"disp_summ_show_product_price":false,"disp_summ_show_total_price":false,"disp_summ_show_fee":false,"disp_summ_show_discount":false,"summary_title":"","options_total_label":"Extra's","total_label":"Totaal","options_product_label":"Product","fee_label":"Extra's","discount_label":"Korting","has_price":true,"has_quantity_formula":false},"mc_unit":1,"tax_rate":1,"tax_rate_real":1,"discount":{"percentage":0,"fixed":0},"design":{"conf":{"LabelPosition":"above","DescPosition":"above","UploadField":"custom_1","QuantityFieldStyle":"default"},"css":{"LeftLabelWidth":"120px"}},"formulas":[],"clones":false,"cartKey":false}},"_links":{"self":[{"href":"https:\/\/doymedia.com\/hu\/wp-json\/wp\/v2\/product\/922","targetHints":{"allow":["GET"]}}],"collection":[{"href":"https:\/\/doymedia.com\/hu\/wp-json\/wp\/v2\/product"}],"about":[{"href":"https:\/\/doymedia.com\/hu\/wp-json\/wp\/v2\/types\/product"}],"replies":[{"embeddable":true,"href":"https:\/\/doymedia.com\/hu\/wp-json\/wp\/v2\/comments?post=922"}],"wp:featuredmedia":[{"embeddable":true,"href":"https:\/\/doymedia.com\/hu\/wp-json\/wp\/v2\/media\/318"}],"wp:attachment":[{"href":"https:\/\/doymedia.com\/hu\/wp-json\/wp\/v2\/media?parent=922"}],"wp:term":[{"taxonomy":"product_brand","embeddable":true,"href":"https:\/\/doymedia.com\/hu\/wp-json\/wp\/v2\/product_brand?post=922"},{"taxonomy":"product_cat","embeddable":true,"href":"https:\/\/doymedia.com\/hu\/wp-json\/wp\/v2\/product_cat?post=922"},{"taxonomy":"product_tag","embeddable":true,"href":"https:\/\/doymedia.com\/hu\/wp-json\/wp\/v2\/product_tag?post=922"}],"curies":[{"name":"wp","href":"https:\/\/api.w.org\/{rel}","templated":true}]}}