{"id":93,"date":"2025-03-27T01:32:40","date_gmt":"2025-03-27T00:32:40","guid":{"rendered":"https:\/\/v2.doymedia.com\/?post_type=product&#038;p=93"},"modified":"2025-07-16T21:42:25","modified_gmt":"2025-07-16T19:42:25","slug":"vasarolni-youtube-nezettseg","status":"publish","type":"product","link":"https:\/\/doymedia.com\/hu\/comprar-views-youtube\/","title":{"rendered":"V\u00e1s\u00e1rl\u00e1s Views Youtube"},"content":{"rendered":"<section class=\"l-section wpb_row height_medium\"><div class=\"l-section-h i-cf\"><div class=\"g-cols vc_row via_flex valign_top type_default stacking_default\"><div class=\"vc_col-sm-12 wpb_column vc_column_container\"><div class=\"vc_column-inner\"><div class=\"wpb_wrapper\"><div class=\"wpb_text_column\"><div class=\"wpb_wrapper\"><p class=\"translation-block\">A YouTube-on az els\u0151 benyom\u00e1s sz\u00e1m\u00edt. Egy t\u00f6bb ezer megtekint\u00e9ssel rendelkez\u0151 vide\u00f3 felh\u00edvja mag\u00e1ra a figyelmet, bizalmat \u00e9p\u00edt, \u00e9s t\u00f6bb kattint\u00e1st vonz. Ha \u00e9rt\u00e9kes tartalmat k\u00e9sz\u00edt, de nem \u00e9ri el a v\u00e1rt el\u00e9r\u00e9st, a <strong>Megn\u00e9z\u00e9sek v\u00e1s\u00e1rl\u00e1sa a YouTube-on<\/strong> seg\u00edthet jav\u00edtani a rangsorol\u00e1st, n\u00f6velheti a l\u00e1that\u00f3s\u00e1g\u00e1t \u00e9s relevanci\u00e1t szerezhet a legnagyobb online videoplatformon.<\/p>\n<p class=\"translation-block\">Azzal, hogy <strong>megv\u00e1s\u00e1rolja a YouTube-n\u00e9zetts\u00e9get,<\/strong> megteszi az els\u0151 l\u00e9p\u00e9st csatorn\u00e1ja strat\u00e9giai fellend\u00edt\u00e9se fel\u00e9. A sok megtekint\u00e9ssel rendelkez\u0151 vide\u00f3k \u00e1ltal\u00e1ban megjelennek az algoritmus aj\u00e1nl\u00e1saiban, tekint\u00e9lyt szereznek \u00e9s jobban megtartj\u00e1k a n\u00e9z\u0151ket. Ez a kezdeti fellend\u00fcl\u00e9s jelentheti a k\u00fcl\u00f6nbs\u00e9get egy stagn\u00e1l\u00f3 \u00e9s egy v\u00edrusszer\u0171en terjed\u0151 vide\u00f3 k\u00f6z\u00f6tt.<\/p>\n<h2>Mi\u00e9rt \u00e9rdemes YouTube-n\u00e9zetts\u00e9get v\u00e1s\u00e1rolni?<\/h2>\n<p class=\"translation-block\">A min\u0151s\u00e9gi tartalom k\u00f6zz\u00e9t\u00e9tele m\u00e1r nem el\u00e9g. A YouTube algoritmusa a kezdett\u0151l fogva akt\u00edv vide\u00f3kat r\u00e9szes\u00edti el\u0151nyben. A <strong>Megn\u00e9z\u00e9sek megv\u00e1s\u00e1rl\u00e1s\u00e1val a YouTube-on,<\/strong> megn\u00f6veli annak az es\u00e9ly\u00e9t, hogy vide\u00f3ja az \u00faj felhaszn\u00e1l\u00f3k h\u00edrfolyam\u00e1ban szerepeljen, megjelenjen a \"trending\" r\u00e9szben vagy ak\u00e1r a kapcsol\u00f3d\u00f3 keres\u00e9sekben.<\/p>\n<p>R\u00e1ad\u00e1sul, ha a felhaszn\u00e1l\u00f3k sok megtekint\u00e9ssel rendelkez\u0151 vide\u00f3t l\u00e1tnak, azt automatikusan \u00e9rt\u00e9kesebbnek vagy relev\u00e1nsabbnak \u00edt\u00e9lik meg. Ez a t\u00e1rsadalmi bizony\u00edt\u00e9k k\u00f6zvetlen\u00fcl befoly\u00e1solja a d\u00f6nt\u00e9st a tartalom lej\u00e1tsz\u00e1s\u00e1r\u00f3l, a csatorna feliratkoz\u00e1s\u00e1r\u00f3l vagy megoszt\u00e1s\u00e1r\u00f3l. T\u00f6bb megtekint\u00e9s = nagyobb hiteless\u00e9g.<\/p>\n<h3>A YouTube-n\u00e9zetts\u00e9gek v\u00e1s\u00e1rl\u00e1s\u00e1nak el\u0151nyei<\/h3>\n<ul>\n<li>\ud83d\udcc8 Fokozott l\u00e1that\u00f3s\u00e1g az els\u0151 percekt\u0151l kezdve<\/li>\n<li>\ud83c\udfaf Jav\u00edtott keres\u00e9si rangsor \u00e9s aj\u00e1nl\u00e1sok<\/li>\n<li>\ud83e\udd1d Szerezzen tekint\u00e9lyt a k\u00f6z\u00f6ns\u00e9ge el\u0151tt<\/li>\n<li>\ud83d\udcca N\u00f6veli az \u00e1tkattint\u00e1si ar\u00e1nyt \u00e9s a n\u00e9z\u0151k megtart\u00e1s\u00e1t<\/li>\n<li>\ud83d\udd12 Progressz\u00edv, biztons\u00e1gos \u00e9s biztons\u00e1gos k\u00e9zbes\u00edt\u00e9s a sz\u00e1ml\u00e1j\u00e1hoz<\/li>\n<\/ul>\n<p>A <strong>YouTube n\u00e9zetts\u00e9g v\u00e1s\u00e1rl\u00e1sa<\/strong> a n\u00f6veked\u00e9s kulcsfontoss\u00e1g\u00fa eszk\u00f6ze az egyre fokoz\u00f3d\u00f3 versenyk\u00f6rnyezetben. Ide\u00e1lis \u00faj alkot\u00f3k, v\u00e1llalati csatorn\u00e1k, szem\u00e9lyes m\u00e1rk\u00e1k vagy b\u00e1rmely olyan felhaszn\u00e1l\u00f3 sz\u00e1m\u00e1ra, aki val\u00f3di l\u00e1that\u00f3s\u00e1got szeretne biztos\u00edtani tartalmainak.<\/p>\n<h2>Biztons\u00e1gos n\u00e9zetts\u00e9get v\u00e1s\u00e1rolni a YouTube-on?<\/h2>\n<p>Igen, nem kell megosztania a jelszav\u00e1t, \u00e9s nem kell hozz\u00e1f\u00e9r\u00e9st biztos\u00edtania a csatorn\u00e1j\u00e1hoz. Csak a felturb\u00f3zni k\u00edv\u00e1nt vide\u00f3 linkj\u00e9t k\u00e9rj\u00fck. Platformunk megb\u00edzhat\u00f3 rendszereket haszn\u00e1l a term\u00e9szetes n\u00f6veked\u00e9s biztos\u00edt\u00e1sa \u00e9rdek\u00e9ben, progressz\u00edv sz\u00e1ll\u00edt\u00e1ssal, amely az organikus viselked\u00e9st szimul\u00e1lja.<\/p>\n<p class=\"translation-block\">Ezen k\u00edv\u00fcl biztons\u00e1gos ir\u00e1nyelvek szerint \u00e9s stabil szerverekkel dolgozunk, amelyek lehet\u0151v\u00e9 teszik sz\u00e1munkra, hogy a n\u00e9zeteket a csatorn\u00e1ja h\u00edrnev\u00e9nek befoly\u00e1sol\u00e1sa n\u00e9lk\u00fcl sz\u00e1ll\u00edtsuk. <strong>A YouTube-n\u00e9zetts\u00e9gek v\u00e1s\u00e1rl\u00e1sa<\/strong> vel\u00fcnk egyet jelent a mag\u00e1n\u00e9let, a gyorsas\u00e1g \u00e9s a l\u00e1that\u00f3 eredm\u00e9nyek szinonim\u00e1j\u00e1val.<\/p>\n<h3>Hogyan m\u0171k\u00f6dik?<\/h3>\n<p>A folyamat nagyon egyszer\u0171: v\u00e1lassza ki a c\u00e9lj\u00e1nak legink\u00e1bb megfelel\u0151 n\u00e9zetcsomagot, adja meg a vide\u00f3 linkj\u00e9t, \u00e9s t\u00f6ltse ki a megrendel\u00e9st. Rendszer\u00fcnk gondoskodik a megtekint\u00e9sek fokozatos eloszt\u00e1s\u00e1r\u00f3l, a term\u00e9szetes \u00e9s biztons\u00e1gos n\u00f6veked\u00e9si \u00fctem fenntart\u00e1sa \u00e9rdek\u00e9ben.<\/p>\n<p>Vide\u00f3it pillanatok alatt elkezdik n\u00e9zni, \u00e9s \u00d6n tov\u00e1bbi tartalmak l\u00e9trehoz\u00e1s\u00e1ra \u00f6sszpontos\u00edthatja er\u0151fesz\u00edt\u00e9seit, mik\u00f6zben mi seg\u00edt\u00fcnk n\u00f6velni el\u00e9r\u00e9s\u00e9t. R\u00e1ad\u00e1sul, ha b\u00e1rmilyen k\u00e9rd\u00e9se van, \u00fcgyf\u00e9lszolg\u00e1latunk mindig a rendelkez\u00e9s\u00e9re \u00e1ll, hogy seg\u00edtsen.<\/p>\n<h2>Kinek \u00e9rdemes YouTube-n\u00e9zetts\u00e9get v\u00e1s\u00e1rolni?<\/h2>\n<p class=\"translation-block\">Ez a szolg\u00e1ltat\u00e1s minden t\u00edpus\u00fa alkot\u00f3 \u00e9s profil sz\u00e1m\u00e1ra k\u00e9sz\u00fclt. Legyen sz\u00f3 influencerr\u0151l, m\u00e1rk\u00e1r\u00f3l, v\u00e1llalatr\u00f3l vagy f\u00fcggetlen alkot\u00f3r\u00f3l, a <strong>v\u00e1s\u00e1rolj YouTube-n\u00e9zetts\u00e9get<\/strong> lehet az a l\u00f6k\u00e9s, amire sz\u00fcks\u00e9ged van ahhoz, hogy val\u00f3ban elkezdj n\u00f6vekedni.<\/p>\n<ul>\n<li>\ud83c\udfa5 Alkot\u00f3k, akik egy \u00faj vide\u00f3t szeretn\u00e9nek tolni<\/li>\n<li>\ud83d\udce2 Kamp\u00e1nyokat vagy term\u00e9keket ind\u00edt\u00f3 m\u00e1rk\u00e1k<\/li>\n<li>\ud83d\udcbc Inform\u00e1ci\u00f3s vagy kereskedelmi tartalmakat k\u00f6zz\u00e9tev\u0151 v\u00e1llalatok<\/li>\n<li>\ud83d\udcc8 \u00daj csatorn\u00e1k, amelyeknek kezdeti vonzer\u0151re van sz\u00fcks\u00e9g\u00fck<\/li>\n<li>\ud83e\udde0 Szak\u00e9rt\u0151k, akik a saj\u00e1t piaci r\u00e9s\u00fckben k\u00edv\u00e1nj\u00e1k poz\u00edcion\u00e1lni magukat<\/li>\n<\/ul>\n<h2>N\u00f6velje csatorn\u00e1j\u00e1t m\u00e9g ma<\/h2>\n<p class=\"translation-block\">T\u00f6bb ezer felhaszn\u00e1l\u00f3 b\u00edzott m\u00e1r ebben a szolg\u00e1ltat\u00e1sban, hogy jav\u00edtsa vide\u00f3inak teljes\u00edtm\u00e9ny\u00e9t. Ha \u00d6n is szeretn\u00e9 n\u00f6velni a l\u00e1that\u00f3s\u00e1got, n\u00f6velni az interakci\u00f3t \u00e9s a tartalmait messzebbre juttatni, akkor a <strong>v\u00e1s\u00e1roljon YouTube lej\u00e1tsz\u00e1sokat<\/strong> a legjobb megold\u00e1s.<\/p>\n<p class=\"translation-block\">Ha m\u00e9g jobban szeretn\u00e9 n\u00f6velni csatorn\u00e1ja teljes\u00edtm\u00e9ny\u00e9t, akkor <strong><a href=\"https:\/\/doymedia.com\/hu\/vasarolni-youtube-elofizetok\/\" target=\"_self\">v\u00e1s\u00e1rolhat YouTube-el\u0151fizet\u0151ket<\/a><\/strong>, hogy n\u00f6velje a k\u00f6z\u00f6ss\u00e9g\u00e9t, vagy <strong><a href=\"https:\/\/doymedia.com\/hu\/vasarolni-youtube-kedveli\/\" target=\"_self\">v\u00e1s\u00e1rolhat YouTube-l\u00e1jkokat<\/a><\/strong>, \u00e9s meger\u0151s\u00edtheti a vide\u00f3i interakci\u00f3it. A megtekint\u00e9sek, a kedvel\u00e9sek \u00e9s a feliratkoz\u00f3k kombin\u00e1l\u00e1sa seg\u00edt abban, hogy jobb helyez\u00e9st \u00e9rj el az algoritmusban, \u00e9s er\u0151sebb k\u00e9pet sug\u00e1rozz a k\u00f6z\u00f6ns\u00e9ged fel\u00e9.<\/p>\n<p>Ne hagyja, hogy a tartalma \u00e9szrev\u00e9tlen maradjon. Kezdje el m\u00e9g ma, v\u00e1lassza ki a csomagot, \u00e9s emelje vide\u00f3it a k\u00f6vetkez\u0151 szintre egy m\u0171k\u00f6d\u0151 strat\u00e9gi\u00e1val.<\/p>\n<\/div><\/div><\/div><\/div><\/div><\/div><\/div><\/section>","protected":false},"excerpt":{"rendered":"A YouTube-on az els\u0151 benyom\u00e1s sz\u00e1m\u00edt. Egy t\u00f6bb ezer megtekint\u00e9ssel rendelkez\u0151 vide\u00f3 figyelmet kelt, bizalmat \u00e9p\u00edt, \u00e9s t\u00f6bb kattint\u00e1st vonz. Ha \u00e9rt\u00e9kes tartalmat k\u00e9sz\u00edt, de nem \u00e9ri el a rem\u00e9lt el\u00e9r\u00e9st, a YouTube-megtekint\u00e9sek megv\u00e1s\u00e1rl\u00e1sa seg\u00edthet jav\u00edtani a rangsorol\u00e1st, n\u00f6velheti a l\u00e1that\u00f3s\u00e1g\u00e1t \u00e9s relevanci\u00e1t szerezhet a legnagyobb platformon...","protected":false},"featured_media":243,"comment_status":"open","ping_status":"closed","template":"","meta":{"_acf_changed":false},"product_brand":[],"product_cat":[21],"product_tag":[],"class_list":{"0":"post-93","1":"product","2":"type-product","3":"status-publish","4":"has-post-thumbnail","6":"product_cat-youtube","7":"wcpa_has_options","9":"first","10":"instock","11":"sale","12":"featured","13":"shipping-taxable","14":"purchasable","15":"product-type-variable","16":"has-default-attributes"},"acf":[],"wcpa_form_fields":{"wcpaData":{"product":{"product_price":4.99,"price_html":"","original_product_price":4.99,"price_including_tax":4.99,"price_excluding_tax":4.99,"product_id":{"parent":93,"variation":false},"is_variable":true,"stock_status":"instock","stock_quantity":null,"parent_sku":"","product_attributes":{"cantidad":{"is_variation":true,"values":[]}},"custom_fields":[],"is_taxable":false,"product_name":"Comprar Views Youtube","hasImage":false},"fields":{"sec_867fa91c83b955":{"extra":{"key":"sec_867fa91c83b955","section_id":"sec_867fa91c83b955","name":"Por defecto","status":1,"toggle":true,"form_id":1050,"form_rules":{"exclude_from_discount":false,"fee_label":"Extras","disp_hide_options_price":false,"disp_show_section_price":false,"disp_show_field_price":false,"layout_option":"standard","pric_use_as_fee":false,"process_fee_as":"woo_fee"},"layout_option":"standard"},"fields":[[{"active":true,"col":4,"relations":false,"cl_rule":"show","enableCl":false,"price":"","enablePrice":true,"className":"","label_position":"default","desc_position":"default","type":"select","required":true,"elementId":"select_6182222893","label":"Origen de los Views","name":"select_6182222893","values":[{"label":"\ud83c\udf0d Views Mundiales","value":"visitas mundiales","selected":false,"tempId":"aco_3935","price":"0","gt_translate_keys":["label"]},{"label":"\ud83c\udf0d Views Mundiales de Alta Retenci\u00f3n","value":"visitas mundiales alta retenci\u00f3n","selected":false,"tempId":"aco_5036","price":"100","gt_translate_keys":["label"]},{"label":"\ud83d\udde3\ufe0f Hispano-Hablantes","value":"hispano-hablantes","selected":false,"tempId":"aco_4090","price":"100","gt_translate_keys":["label"]},{"label":"\ud83c\uddea\ud83c\uddf8 Espa\u00f1a","value":"espa\u00f1a","selected":false,"tempId":"aco_3934","price":"100","gt_translate_keys":["label"]},{"label":"\ud83c\uddee\ud83c\uddf9 Italia","value":"italia","selected":false,"tempId":"aco_10568","price":"100","gt_translate_keys":["label"]},{"label":"\ud83c\uddeb\ud83c\uddf7 Francia","value":"francia","selected":false,"tempId":"aco_10803","price":"100","gt_translate_keys":["label"]},{"label":"\ud83c\udde6\ud83c\uddea Emiratos \u00c1rabes","value":"Emiratos-Arabes","selected":false,"tempId":"aco_959","price":"100","gt_translate_keys":["label"]},{"label":"\ud83c\uddfa\ud83c\uddf8 USA desde Ads","value":"USA-ads","selected":false,"tempId":"aco_11128","price":"200","gt_translate_keys":["label"]},{"label":"\ud83c\uddec\ud83c\udde7 UK desde Ads","value":"reino unido","selected":false,"tempId":"aco_1527","price":"200","gt_translate_keys":["label"]},{"label":"\ud83c\uddf5\ud83c\uddf9 Portugal","value":"portugal","selected":false,"tempId":"aco_12385","price":"100","gt_translate_keys":["label"]},{"label":"\ud83c\udde9\ud83c\uddea Alemania","value":"Alemania","selected":false,"tempId":"aco_172","price":"100","gt_translate_keys":["label"]},{"label":"\ud83c\uddf3\ud83c\uddf1 Holanda","value":"holanda","selected":false,"tempId":"aco_11480","price":"100","gt_translate_keys":["label"]},{"label":"\ud83c\uddf8\ud83c\uddea Suecia","value":"Suecia","selected":false,"tempId":"aco_480","price":"100","gt_translate_keys":["label"]},{"label":"\ud83c\uddf7\ud83c\uddf4 Ruman\u00eda","value":"rumania","selected":false,"tempId":"aco_11733","price":"100","gt_translate_keys":["label"]},{"label":"\ud83c\uddf7\ud83c\uddf8 Serbia","value":"Serbia","selected":false,"tempId":"aco_715","price":"100","gt_translate_keys":["label"]},{"label":"\ud83c\udde6\ud83c\uddf7 Argentina","value":"argentina","selected":false,"tempId":"aco_3936","price":"100","gt_translate_keys":["label"]},{"label":"\ud83c\udde8\ud83c\uddf4 Colombia","value":"colombia","selected":false,"tempId":"aco_5730","price":"100","gt_translate_keys":["label"]},{"label":"\ud83c\udde8\ud83c\uddf1 Chile","value":"chile","selected":false,"tempId":"aco_6082","price":"100","gt_translate_keys":["label"]},{"label":"\ud83c\udde8\ud83c\uddf7 Costa Rica","value":"costa rica","selected":false,"tempId":"aco_6218","price":"100","gt_translate_keys":["label"]},{"label":"\ud83c\uddf8\ud83c\uddfb El Salvador","value":"el salvador","selected":false,"tempId":"aco_6579","price":"100","gt_translate_keys":["label"]},{"label":"\ud83c\uddea\ud83c\udde8 Ecuador","value":"ecuador","selected":false,"tempId":"aco_6922","price":"100","gt_translate_keys":["label"]},{"label":"\ud83c\uddfb\ud83c\uddea Venezuela","value":"venezuela","selected":false,"tempId":"aco_7283","price":"100","gt_translate_keys":["label"]},{"label":"\ud83c\uddec\ud83c\uddf9 Gautemala","value":"guatemala","selected":false,"tempId":"aco_7590","price":"100","gt_translate_keys":["label"]},{"label":"\ud83c\udde9\ud83c\uddf4 Rep\u00fablica Dominicana","value":"Rep\u00fablica Dominicana","selected":false,"tempId":"aco_7879","price":"100","gt_translate_keys":["label"]},{"label":"\ud83c\uddf5\ud83c\udde6 Panam\u00e1","value":"Panama","selected":false,"tempId":"aco_8636","price":"100","gt_translate_keys":["label"]},{"label":"\ud83c\uddf5\ud83c\uddfe Paraguay","value":"Paraguay","selected":false,"tempId":"aco_8934","price":"100","gt_translate_keys":["label"]},{"label":"\ud83c\uddf5\ud83c\uddea Per\u00fa","value":"Peru","selected":false,"tempId":"aco_9223","price":"100","gt_translate_keys":["label"]},{"label":"\ud83c\uddf5\ud83c\uddf7 Puerto Rico","value":"puerto rico","selected":false,"tempId":"aco_9575","price":"100","gt_translate_keys":["label"]},{"label":"\ud83c\uddf3\ud83c\uddee Nicaragua","value":"nicaragua","selected":false,"tempId":"aco_9954","price":"100","gt_translate_keys":["label"]},{"label":"\ud83c\uddfa\ud83c\uddfe Uruguay","value":"uruguay","selected":false,"tempId":"aco_10243","price":"100","gt_translate_keys":["label"]}],"dropdown_type":"basic","error":false,"placeholder":"Seleccionar Origen de los Views","priceOptions":"different_for_all","pricingType":"percentage","option_price_format":"(+{price})","gt_translate_keys":["label","placeholder"],"price_dependency":false,"cl_dependency":false,"value":""}],[{"active":true,"col":4,"relations":false,"cl_rule":"show","enableCl":false,"price":"","enablePrice":false,"className":"","type":"text","subtype":"text","required":true,"elementId":"text_867fa91c83b970","label":"Enlace al V\u00eddeo","name":"text_867fa91c83b970","value":"","error":false,"placeholder":"Ejemplo: https:\/\/www.youtube.com\/watch?v=aDF_ESN80r8","enableDesign":false,"LabelSize":"16px","gt_translate_keys":["label","placeholder","value"],"price_dependency":false,"cl_dependency":false}],[{"active":true,"col":4,"relations":false,"cl_rule":"show","enableCl":false,"price":"","enablePrice":true,"className":"","label_position":"default","desc_position":"default","type":"select","required":false,"elementId":"select_867fa91c83b97d","label":"A\u00f1adir Seguidores con Descuento","name":"select_867fa91c83b97d","values":[{"label":"100 Seguidores","value":"100","selected":false,"tempId":"aco_46","price":"5,89","gt_translate_keys":["label"]},{"label":"500 Seguidores","value":"500","selected":false,"tempId":"aco_1337","price":"19,49","gt_translate_keys":["label"]},{"label":"1.000 Seguidores","value":"1000","selected":false,"tempId":"aco_910","price":"38,29","gt_translate_keys":["label"]},{"label":"2.000 Seguidores","value":"2000","selected":false,"tempId":"aco_911","price":"76,49","gt_translate_keys":["label"]},{"label":"5.000 Seguidores","value":"5000","selected":false,"tempId":"aco_912","price":"174,29","gt_translate_keys":["label"]}],"dropdown_type":"basic","error":false,"placeholder":"Ninguno","priceOptions":"different_for_all","pricingType":"fixed","use_as_fee":false,"enableDesign":false,"LabelSize":"16px","tooltip":"Los seguidores ser\u00e1n entregados al mismo perfil del v\u00eddeo.","gt_translate_keys":["label","placeholder","tooltip"],"price_dependency":false,"cl_dependency":false,"value":""}],[{"label":"A\u00f1adir Likes con Descuento","active":true,"required":false,"elementId":"select_367fa91c83b987","dropdown_type":"basic","placeholder":"Ninguno","name":"select_367fa91c83b987","label_position":"default","desc_position":"default","enablePrice":true,"className":"","enableCl":false,"relations":false,"enableDesign":false,"LabelSize":"16px","values":[{"label":"100 Likes","value":"100","selected":false,"tempId":"aco_46","price":"2,89","gt_translate_keys":["label"]},{"label":"500 Likes","value":"500","selected":false,"tempId":"aco_1337","price":"5,79","gt_translate_keys":["label"]},{"label":"1.000 Likes","value":"1000","selected":false,"tempId":"aco_910","price":"8,69","gt_translate_keys":["label"]},{"label":"2.000 Likes","value":"2000","selected":false,"tempId":"aco_911","price":"16,49","gt_translate_keys":["label"]},{"label":"5.000 Likes","value":"5000","selected":false,"tempId":"aco_912","price":"28,29","gt_translate_keys":["label"]}],"priceOptions":"different_for_all","pricingType":"fixed","price":"","use_as_fee":false,"cl_rule":"show","col":4,"type":"select","error":false,"tooltip":"Los likes ser\u00e1n entregados a la misma publicaci\u00f3n.","gt_translate_keys":["label","placeholder","tooltip"],"price_dependency":false,"cl_dependency":false,"value":""}]]}},"config":{"price_override":"","enable_recaptcha":false,"bind_quantity":false,"quantity_bind_formula":false,"disp_summ_show_option_price":false,"disp_summ_show_product_price":false,"disp_summ_show_total_price":false,"disp_summ_show_fee":false,"disp_summ_show_discount":false,"summary_title":"","options_total_label":"Extras","total_label":"Total","options_product_label":"Producto","fee_label":"Extras","discount_label":"Descuento","has_price":true,"has_quantity_formula":false},"mc_unit":1,"tax_rate":1,"tax_rate_real":1,"discount":{"percentage":0,"fixed":0},"design":{"conf":{"LabelPosition":"above","DescPosition":"above","UploadField":"custom_1","QuantityFieldStyle":"default"},"css":{"LeftLabelWidth":"120px"}},"formulas":[],"clones":false,"cartKey":false}},"_links":{"self":[{"href":"https:\/\/doymedia.com\/hu\/wp-json\/wp\/v2\/product\/93","targetHints":{"allow":["GET"]}}],"collection":[{"href":"https:\/\/doymedia.com\/hu\/wp-json\/wp\/v2\/product"}],"about":[{"href":"https:\/\/doymedia.com\/hu\/wp-json\/wp\/v2\/types\/product"}],"replies":[{"embeddable":true,"href":"https:\/\/doymedia.com\/hu\/wp-json\/wp\/v2\/comments?post=93"}],"wp:featuredmedia":[{"embeddable":true,"href":"https:\/\/doymedia.com\/hu\/wp-json\/wp\/v2\/media\/243"}],"wp:attachment":[{"href":"https:\/\/doymedia.com\/hu\/wp-json\/wp\/v2\/media?parent=93"}],"wp:term":[{"taxonomy":"product_brand","embeddable":true,"href":"https:\/\/doymedia.com\/hu\/wp-json\/wp\/v2\/product_brand?post=93"},{"taxonomy":"product_cat","embeddable":true,"href":"https:\/\/doymedia.com\/hu\/wp-json\/wp\/v2\/product_cat?post=93"},{"taxonomy":"product_tag","embeddable":true,"href":"https:\/\/doymedia.com\/hu\/wp-json\/wp\/v2\/product_tag?post=93"}],"curies":[{"name":"wp","href":"https:\/\/api.w.org\/{rel}","templated":true}]}}