{"id":94,"date":"2025-03-27T01:32:40","date_gmt":"2025-03-27T00:32:40","guid":{"rendered":"https:\/\/v2.doymedia.com\/?post_type=product&#038;p=94"},"modified":"2025-05-12T16:25:55","modified_gmt":"2025-05-12T14:25:55","slug":"vasarolni-youtube-kedveli","status":"publish","type":"product","link":"https:\/\/doymedia.com\/hu\/comprar-likes-youtube\/","title":{"rendered":"V\u00e1s\u00e1roljon Youtube Likes"},"content":{"rendered":"<section class=\"l-section wpb_row height_medium\"><div class=\"l-section-h i-cf\"><div class=\"g-cols vc_row via_flex valign_top type_default stacking_default\"><div class=\"vc_col-sm-12 wpb_column vc_column_container\"><div class=\"vc_column-inner\"><div class=\"wpb_wrapper\"><div class=\"wpb_text_column\"><div class=\"wpb_wrapper\"><p><strong>Vide\u00f3kat teszel fel a YouTube-ra, \u00e9s nem l\u00e1tod a rem\u00e9lt interakci\u00f3t? <\/strong><\/p>\n<p>A j\u00f3 tartalomnak nemcsak l\u00e1that\u00f3s\u00e1gra van sz\u00fcks\u00e9ge, hanem t\u00e1rsadalmi jelekre is, amelyek al\u00e1t\u00e1masztj\u00e1k azt.<\/p>\n<p class=\"translation-block\">Ha valaki egy vide\u00f3t sok \"kedvel\u00e9ssel\" l\u00e1t, azt relev\u00e1nsnak, \u00e9rt\u00e9kesnek \u00e9s megb\u00edzhat\u00f3nak tartja. Ez\u00e9rt lehet <strong>a YouTube like-ok v\u00e1s\u00e1rl\u00e1sa<\/strong> a kulcs ahhoz, hogy kit\u0171nj, t\u00f6bb n\u00e9z\u0151t vonzzon \u00e9s jav\u00edtsd a jelenl\u00e9tedet a platformon.<\/p>\n<p>A YouTube algoritmusa a kedvel\u00e9sek sz\u00e1m\u00e1t is figyelembe veszi annak meghat\u00e1roz\u00e1s\u00e1hoz, hogy mely vide\u00f3kat jelen\u00edtse meg az aj\u00e1nl\u00e1sok, a keres\u00e9s vagy a kiemelt r\u00e9szek k\u00f6z\u00f6tt.<\/p>\n<p class=\"translation-block\">Ha n\u00f6velni szeretn\u00e9 az es\u00e9lyeit a tartalma v\u00edrusszer\u0171v\u00e9 v\u00e1l\u00e1s\u00e1nak, a <strong> YouTube like-ok v\u00e1s\u00e1rl\u00e1sa<\/strong> okos, biztons\u00e1gos \u00e9s hat\u00e9kony strat\u00e9gia.<\/p>\n<h2>Mi\u00e9rt \u00e9rdemes like-okat v\u00e1s\u00e1rolni a YouTube-on?<\/h2>\n<p class=\"translation-block\">A kedvel\u00e9sek nem csak az eg\u00f3 kiel\u00e9g\u00edt\u00e9s\u00e9re szolg\u00e1lnak. A k\u00f6z\u00f6ns\u00e9g \u00e1ltal \u00e9rz\u00e9kelt min\u0151s\u00e9g egyik legfontosabb mutat\u00f3i. Min\u00e9l t\u00f6bb like-ot kap egy vide\u00f3, ann\u00e1l nagyobb a hiteless\u00e9ge, a vizu\u00e1lis vonzereje \u00e9s az es\u00e9lye, hogy \u00faj n\u00e9z\u0151ket vonzzon. Azzal, hogy <strong>megveszed a YouTube like-okat<\/strong>, egy\u00e9rtelm\u0171 jelz\u00e9st k\u00fcldesz az algoritmusnak \u00e9s a felhaszn\u00e1l\u00f3nak: ez a tartalom meg\u00e9ri.<\/p>\n<p class=\"translation-block\">R\u00e1ad\u00e1sul a \"domin\u00f3hat\u00e1s\" val\u00f3s. Egy sok kedvel\u00e9st kapott vide\u00f3 \u00e1ltal\u00e1ban t\u00f6bb kommentet, t\u00f6bb megoszt\u00e1st \u00e9s - ami a legfontosabb - t\u00f6bb organikus megtekint\u00e9st kap. Ez hat\u00e9kony m\u00f3dja m\u00e1s strat\u00e9gi\u00e1k, p\u00e9ld\u00e1ul a <a href=\"https:\/\/doymedia.com\/hu\/vasarolni-youtube-nezettseg\/\" target=\"_self\"><strong>v\u00e1s\u00e1rolj YouTube-n\u00e9zetts\u00e9get<\/strong><\/a> vagy <a href=\"https:\/\/doymedia.com\/hu\/vasarolni-youtube-elofizetok\/\" target=\"_self\"><strong>v\u00e1s\u00e1rolj YouTube-el\u0151fizet\u0151ket,<\/strong><\/a> kieg\u00e9sz\u00edt\u00e9s\u00e9nek, hogy szil\u00e1rd \u00e9s k\u00f6vetkezetes jelenl\u00e9tet \u00e9p\u00edts\u00fcnk ki a platformon.<\/p>\n<h3>A YouTube like-ok v\u00e1s\u00e1rl\u00e1s\u00e1nak el\u0151nyei<\/h3>\n<ul>\n<li>\ud83d\udcc8 Jav\u00edtsa a vide\u00f3k nyilv\u00e1nos k\u00e9p\u00e9t<\/li>\n<li>\ud83d\ude80 N\u00f6veli az aj\u00e1nl\u00e1sokban val\u00f3 megjelen\u00e9s val\u00f3sz\u00edn\u0171s\u00e9g\u00e9t<\/li>\n<li>\ud83d\udc4d Hiteless\u00e9get \u00e9s bizalmat ad az \u00faj n\u00e9z\u0151knek<\/li>\n<li>\ud83d\udd01 N\u00f6velje csatorn\u00e1ja elk\u00f6telezetts\u00e9g\u00e9t<\/li>\n<li>\ud83d\udd12 Biztons\u00e1gos sz\u00e1ll\u00edt\u00e1s, an\u00e9lk\u00fcl, hogy vesz\u00e9lyeztetn\u00e9 a sz\u00e1ml\u00e1j\u00e1t<\/li>\n<\/ul>\n<p class=\"translation-block\">Ak\u00e1r \u00faj csatorn\u00e1val rendelkezik, ak\u00e1r egy nagyobb vide\u00f3t ind\u00edt, vagy a m\u00e1rk\u00e1ja tartalm\u00e1t szeretn\u00e9 meger\u0151s\u00edteni, a <strong> YouTube like-ok v\u00e1s\u00e1rl\u00e1sa<\/strong> olyan strat\u00e9giai d\u00f6nt\u00e9s, amely seg\u00edthet kit\u0171nni az egyre n\u00f6vekv\u0151 versenyk\u00f6rnyezetben.<\/p>\n<h2>Biztons\u00e1gos a YouTube-on like-okat v\u00e1s\u00e1rolni?<\/h2>\n<p>Igen, felt\u00e9tlen\u00fcl. A mi platformunkon soha nem k\u00e9r\u00fcnk jelszavakat vagy hozz\u00e1f\u00e9r\u00e9st a csatorn\u00e1j\u00e1hoz. Csak meg kell adnod annak a vide\u00f3nak a linkj\u00e9t, ahol kedvel\u00e9seket szeretn\u00e9l kapni. A folyamat diszkr\u00e9t, fokozatos \u00e9s \u00fagy van kialak\u00edtva, hogy a n\u00f6veked\u00e9s term\u00e9szetes maradjon.<\/p>\n<p class=\"translation-block\">Rendszer\u00fcnk teljes titoktart\u00e1s mellett m\u0171k\u00f6dik, \u00e9s bev\u00e1lt m\u00f3dszereket haszn\u00e1l, \u00edgy az \u00d6n csatorn\u00e1ja nincs vesz\u00e9lyben. Tudjuk, milyen fontos, hogy vigy\u00e1zz a digit\u00e1lis h\u00edrnevedre, ez\u00e9rt a <strong>T\u00f6bb like-ot v\u00e1s\u00e1rolni YouTube<\/strong> n\u00e1lunk a bizalom \u00e9s a biztons\u00e1g szinonim\u00e1ja.<\/p>\n<h3>Kik vehetik ig\u00e9nybe ezt a szolg\u00e1ltat\u00e1st?<\/h3>\n<p class=\"translation-block\">B\u00e1rki, aki vide\u00f3kat tesz k\u00f6zz\u00e9 a YouTube-on, profit\u00e1lhat bel\u0151le. Ez a szolg\u00e1ltat\u00e1s olyan alkot\u00f3k, m\u00e1rk\u00e1k, influencerek, v\u00e1llalkoz\u00e1sok vagy \u00faj csatorn\u00e1k sz\u00e1m\u00e1ra k\u00e9sz\u00fclt, akik szeretn\u00e9k n\u00f6velni a tartalmaik interakci\u00f3j\u00e1t. <strong>A YouTube like-ok v\u00e1s\u00e1rl\u00e1sa<\/strong> hasznos mind a jelenl\u00e9ted n\u00e9pszer\u0171s\u00edt\u00e9s\u00e9hez, mind pedig megszil\u00e1rd\u00edt\u00e1s\u00e1hoz.<\/p>\n<ul>\n<li>\ud83c\udfa5 Alkot\u00f3k, akik nagyobb elk\u00f6telezetts\u00e9get szeretn\u00e9nek a vide\u00f3ikban<\/li>\n<li>\ud83d\udcc8 \u00daj csatorn\u00e1k, amelyeknek kezdeti vonzer\u0151re van sz\u00fcks\u00e9g\u00fck<\/li>\n<li>\ud83d\udcbc Kamp\u00e1nyokat vagy bevezet\u00e9seket er\u0151s\u00edt\u0151 c\u00e9gek<\/li>\n<li>\ud83c\udf99\ufe0f M\u0171v\u00e9szek \u00e9s zen\u00e9szek, akik t\u00e1rsadalmi \u00e9rv\u00e9nyes\u00edt\u00e9st keresnek<\/li>\n<li>\ud83e\udde0 Pedag\u00f3gusok vagy szak\u00e9rt\u0151k, akik tekint\u00e9lyt akarnak szerezni<\/li>\n<\/ul>\n<h2>Hogyan m\u0171k\u00f6dik a folyamat?<\/h2>\n<p>A YouTube-on val\u00f3 v\u00e1s\u00e1rl\u00e1s gyors \u00e9s egyszer\u0171. Mind\u00f6ssze annyit kell tennie, hogy kiv\u00e1lasztja az ig\u00e9nyeinek megfelel\u0151 csomagot, megadja nek\u00fcnk a vide\u00f3 linkj\u00e9t, \u00e9s teljes\u00edti a fizet\u00e9st. A visszaigazol\u00e1st k\u00f6vet\u0151en fokozatosan \u00e9s biztons\u00e1gosan megkezdj\u00fck a like-ok sz\u00e1ll\u00edt\u00e1s\u00e1t.<\/p>\n<p>Ha seg\u00edts\u00e9gre van sz\u00fcks\u00e9ge a folyamat b\u00e1rmelyik r\u00e9sz\u00e9ben, \u00fcgyf\u00e9lszolg\u00e1lati csapatunk k\u00e9szs\u00e9ggel \u00e1ll rendelkez\u00e9s\u00e9re, hogy v\u00e1laszoljon k\u00e9rd\u00e9seire, \u00e9s a kezdetekt\u0151l fogva kiel\u00e9g\u00edt\u0151 \u00e9lm\u00e9nyt biztos\u00edtson.<\/p>\n<h2>N\u00f6velje csatorn\u00e1j\u00e1t m\u00e9g ma<\/h2>\n<p class=\"translation-block\">T\u00f6bb ezer felhaszn\u00e1l\u00f3 haszn\u00e1lta m\u00e1r ezt a szolg\u00e1ltat\u00e1st, hogy n\u00f6velje vide\u00f3it \u00e9s jav\u00edtsa a YouTube-on el\u00e9rt helyez\u00e9s\u00fcket. \u00d6n is megteheti. A <strong>V\u00e1s\u00e1rolj YouTube like-okat<\/strong> egy gyors, biztons\u00e1gos \u00e9s hat\u00e9kony m\u00f3dja annak, hogy komplik\u00e1ci\u00f3k n\u00e9lk\u00fcl n\u00f6veld a hat\u00e1sodat.<\/p>\n<p>Ne hagyja, hogy vide\u00f3it \u00e9szrev\u00e9tlen\u00fcl hagyj\u00e1k. Adjon \u00e9rt\u00e9ket, tekint\u00e9lyt \u00e9s l\u00e1that\u00f3s\u00e1got egyetlen egyszer\u0171 l\u00e9p\u00e9ssel. V\u00e1lassza ki a csomagot, \u00e9s kezdje el l\u00e1tni az eredm\u00e9nyeket m\u00e9g ma.<\/p>\n<\/div><\/div><\/div><\/div><\/div><\/div><\/div><\/section>","protected":false},"excerpt":{"rendered":"Vide\u00f3kat teszel fel a YouTube-ra, \u00e9s nem l\u00e1tod a rem\u00e9lt interakci\u00f3t? A j\u00f3 tartalomnak l\u00e1that\u00f3s\u00e1gra van sz\u00fcks\u00e9ge, de t\u00e1rsadalmi jelekre is sz\u00fcks\u00e9ge van, hogy al\u00e1t\u00e1massza azt. Ha valaki egy vide\u00f3t sok kedvel\u00e9ssel l\u00e1t, azt relev\u00e1nsnak, \u00e9rt\u00e9kesnek \u00e9s megb\u00edzhat\u00f3nak \u00e9rz\u00e9keli. Ez\u00e9rt lehet a YouTube-l\u00e1jkok megv\u00e1s\u00e1rl\u00e1sa a kulcs ahhoz, hogy kit\u0171nj\u00f6n, t\u00f6bb n\u00e9z\u0151t vonzzon \u00e9s...","protected":false},"featured_media":243,"comment_status":"open","ping_status":"closed","template":"","meta":{"_acf_changed":false},"product_brand":[],"product_cat":[21],"product_tag":[],"class_list":{"0":"post-94","1":"product","2":"type-product","3":"status-publish","4":"has-post-thumbnail","6":"product_cat-youtube","7":"wcpa_has_options","9":"first","10":"instock","11":"sale","12":"featured","13":"shipping-taxable","14":"purchasable","15":"product-type-variable","16":"has-default-attributes"},"acf":[],"wcpa_form_fields":{"wcpaData":{"product":{"product_price":1.99,"price_html":"","original_product_price":1.99,"price_including_tax":1.99,"price_excluding_tax":1.99,"product_id":{"parent":94,"variation":false},"is_variable":true,"stock_status":"instock","stock_quantity":null,"parent_sku":"","product_attributes":{"cantidad":{"is_variation":true,"values":[]}},"custom_fields":[],"is_taxable":false,"product_name":"Comprar Likes Youtube","hasImage":false},"fields":{"sec_667faa076605fd":{"extra":{"key":"sec_667faa076605fd","section_id":"sec_667faa076605fd","name":"Por defecto","status":1,"toggle":true,"form_id":1056,"form_rules":{"exclude_from_discount":false,"fee_label":"Extramaterial","disp_hide_options_price":false,"disp_show_section_price":false,"disp_show_field_price":false,"layout_option":"standard","pric_use_as_fee":false,"process_fee_as":"woo_fee"},"layout_option":"standard"},"fields":[[{"active":true,"col":5,"relations":false,"cl_rule":"show","enableCl":false,"price":"","enablePrice":false,"className":"","type":"text","subtype":"text","required":true,"elementId":"text_967faa0766061b","label":"Enlace al V\u00eddeo","name":"text_967faa0766061b","value":"","error":false,"placeholder":"Ejemplo: https:\/\/www.youtube.com\/watch?v=0e3GPea1Tyg","enableDesign":false,"LabelSize":"16px","gt_translate_keys":["label","placeholder","value"],"price_dependency":false,"cl_dependency":false}]]}},"config":{"price_override":"","enable_recaptcha":false,"bind_quantity":false,"quantity_bind_formula":false,"disp_summ_show_option_price":false,"disp_summ_show_product_price":false,"disp_summ_show_total_price":false,"disp_summ_show_fee":false,"disp_summ_show_discount":false,"summary_title":"","options_total_label":"Extramaterial","total_label":"Totalt","options_product_label":"Produkt","fee_label":"Extramaterial","discount_label":"Prisneds\u00e4ttning","has_price":true,"has_quantity_formula":false},"mc_unit":1,"tax_rate":1,"tax_rate_real":1,"discount":{"percentage":0,"fixed":0},"design":{"conf":{"LabelPosition":"above","DescPosition":"above","UploadField":"custom_1","QuantityFieldStyle":"default"},"css":{"LeftLabelWidth":"120px"}},"formulas":[],"clones":false,"cartKey":false}},"_links":{"self":[{"href":"https:\/\/doymedia.com\/hu\/wp-json\/wp\/v2\/product\/94","targetHints":{"allow":["GET"]}}],"collection":[{"href":"https:\/\/doymedia.com\/hu\/wp-json\/wp\/v2\/product"}],"about":[{"href":"https:\/\/doymedia.com\/hu\/wp-json\/wp\/v2\/types\/product"}],"replies":[{"embeddable":true,"href":"https:\/\/doymedia.com\/hu\/wp-json\/wp\/v2\/comments?post=94"}],"wp:featuredmedia":[{"embeddable":true,"href":"https:\/\/doymedia.com\/hu\/wp-json\/wp\/v2\/media\/243"}],"wp:attachment":[{"href":"https:\/\/doymedia.com\/hu\/wp-json\/wp\/v2\/media?parent=94"}],"wp:term":[{"taxonomy":"product_brand","embeddable":true,"href":"https:\/\/doymedia.com\/hu\/wp-json\/wp\/v2\/product_brand?post=94"},{"taxonomy":"product_cat","embeddable":true,"href":"https:\/\/doymedia.com\/hu\/wp-json\/wp\/v2\/product_cat?post=94"},{"taxonomy":"product_tag","embeddable":true,"href":"https:\/\/doymedia.com\/hu\/wp-json\/wp\/v2\/product_tag?post=94"}],"curies":[{"name":"wp","href":"https:\/\/api.w.org\/{rel}","templated":true}]}}