{"id":95,"date":"2025-03-27T01:32:40","date_gmt":"2025-03-27T00:32:40","guid":{"rendered":"https:\/\/v2.doymedia.com\/?post_type=product&#038;p=95"},"modified":"2025-07-16T21:42:09","modified_gmt":"2025-07-16T19:42:09","slug":"vasarolni-youtube-elofizetok","status":"publish","type":"product","link":"https:\/\/doymedia.com\/hu\/comprar-suscriptores-youtube\/","title":{"rendered":"V\u00e1s\u00e1rl\u00e1s Youtube el\u0151fizet\u0151k"},"content":{"rendered":"<section class=\"l-section wpb_row height_medium\"><div class=\"l-section-h i-cf\"><div class=\"g-cols vc_row via_flex valign_top type_default stacking_default\"><div class=\"vc_col-sm-12 wpb_column vc_column_container\"><div class=\"vc_column-inner\"><div class=\"wpb_wrapper\"><div class=\"wpb_text_column\"><div class=\"wpb_wrapper\"><p class=\"translation-block\">A min\u0151s\u00e9gi tartalom m\u00e1r nem el\u00e9g a YouTube-on val\u00f3 n\u00f6veked\u00e9shez. Ha azt akarod, hogy a csatorn\u00e1d kiemelkedjen, akkor egy akt\u00edv k\u00f6z\u00f6ss\u00e9gre van sz\u00fcks\u00e9ged, amely t\u00e1mogatja. Ez\u00e9rt v\u00e1lt a <strong>a YouTube-el\u0151fizet\u0151k v\u00e1s\u00e1rl\u00e1sa<\/strong> hat\u00e9kony strat\u00e9gi\u00e1v\u00e1 b\u00e1rmely csatorna n\u00f6veked\u00e9s\u00e9nek felgyors\u00edt\u00e1s\u00e1ra, f\u00fcggetlen\u00fcl annak m\u00e9ret\u00e9t\u0151l vagy t\u00e9m\u00e1j\u00e1t\u00f3l.<\/p>\n<p class=\"translation-block\">A feliratkoz\u00f3k a n\u00e9pszer\u0171s\u00e9g \u00e9s a relevancia egyik legfontosabb jele. Ha valaki bel\u00e9p a csatorn\u00e1dra, \u00e9s l\u00e1tja, hogy m\u00e1r van egy szil\u00e1rd k\u00f6vet\u0151i b\u00e1zisod, az automatikusan n\u00f6veli a bizalmat \u00e9s az \u00e9rdekl\u0151d\u00e9st a tartalmaid ir\u00e1nt. R\u00e1ad\u00e1sul a <strong> YouTube-el\u0151fizet\u0151k v\u00e1s\u00e1rl\u00e1s\u00e1val <\/strong> jav\u00edtod a rangsorol\u00e1sodat a platformon, mivel az algoritmus a k\u00f6z\u00f6ss\u00e9ged m\u00e9ret\u00e9t is \u00e9rt\u00e9keli.<\/p>\n<h2>Mi\u00e9rt \u00e9rdemes feliratkoz\u00f3kat v\u00e1s\u00e1rolni a YouTube-on?<\/h2>\n<p class=\"translation-block\">Mert ez egy k\u00f6zvetlen m\u00f3dja annak, hogy csatorn\u00e1j\u00e1t l\u00e1that\u00f3v\u00e1 tegye, \u00faj k\u00f6z\u00f6ns\u00e9get vonzzon, \u00e9s megnyitja az utat a p\u00e9nzszerz\u00e9si lehet\u0151s\u00e9gek \u00e9s partners\u00e9gek el\u0151tt. Sok felhaszn\u00e1l\u00f3 nem iratkozik fel kis csatorn\u00e1kra, mert azt felt\u00e9telezik, hogy nem relev\u00e1nsak. A <strong>Megv\u00e1s\u00e1rolt YouTube-el\u0151fizet\u0151kkel,<\/strong> er\u0151sebb, professzion\u00e1lisabb \u00e9s hitelesebb k\u00e9pet vet\u00edthetsz magadr\u00f3l.<\/p>\n<p>Emellett az el\u0151fizet\u0151k sz\u00e1m\u00e1nak n\u00f6vel\u00e9s\u00e9vel az \u00e1ltal\u00e1nos m\u00e9r\u0151sz\u00e1maid is javulnak. Ez pozit\u00edv hat\u00e1ssal van az algoritmusra, ami nagyobb el\u00e9r\u00e9st, t\u00f6bb aj\u00e1nl\u00e1st \u00e9s t\u00f6bb megtekint\u00e9st jelent a vide\u00f3idra.<\/p>\n<h3>A YouTube el\u0151fizet\u0151k v\u00e1s\u00e1rl\u00e1s\u00e1nak el\u0151nyei<\/h3>\n<ul>\n<li>\ud83d\udcc8 Gyors \u00e9s l\u00e1that\u00f3 has\u00edtott testn\u00f6veked\u00e9s<\/li>\n<li>\ud83e\udd1d N\u00f6veli hiteless\u00e9g\u00e9t \u00e9s tekint\u00e9ly\u00e9t a nyilv\u00e1noss\u00e1g el\u0151tt<\/li>\n<li>\ud83d\ude80 N\u00f6velje a monetiz\u00e1ci\u00f3s lehet\u0151s\u00e9geket<\/li>\n<li>\ud83d\udd01 Az elk\u00f6telezetts\u00e9g \u00e9s az organikus forgalom n\u00f6vel\u00e9se<\/li>\n<li>\ud83d\udd12 Biztons\u00e1gos szolg\u00e1ltat\u00e1s, jelszavak vagy bejelentkez\u00e9sek k\u00e9r\u00e9se n\u00e9lk\u00fcl<\/li>\n<\/ul>\n<p class=\"translation-block\">Ez a szolg\u00e1ltat\u00e1s minden csatornat\u00edpus sz\u00e1m\u00e1ra k\u00e9sz\u00fclt: f\u00fcggetlen alkot\u00f3k, szem\u00e9lyes m\u00e1rk\u00e1k, v\u00e1llalkoz\u00e1sok, zen\u00e9szek, oktat\u00f3k vagy influencerek sz\u00e1m\u00e1ra. Ha a k\u00f6vetkez\u0151 szintre szeretn\u00e9l l\u00e9pni, a <strong>v\u00e1s\u00e1rolj YouTube-el\u0151fizet\u0151ket<\/strong> seg\u00edthet felgyors\u00edtani ezt a folyamatot.<\/p>\n<h2>Biztons\u00e1gos YouTube-el\u0151fizet\u0151ket v\u00e1s\u00e1rolni?<\/h2>\n<p>Igen, felt\u00e9tlen\u00fcl. Platformunk biztons\u00e1gos rendszerekkel \u00e9s progressz\u00edv sz\u00e1ll\u00edt\u00e1si m\u00f3dszerekkel dolgozik, amelyek garant\u00e1lj\u00e1k a term\u00e9szetes n\u00f6veked\u00e9st. Nem k\u00e9rj\u00fck el a jelszav\u00e1t vagy a csatorn\u00e1j\u00e1hoz val\u00f3 hozz\u00e1f\u00e9r\u00e9st. Csak annak a csatorn\u00e1nak a linkj\u00e9re van sz\u00fcks\u00e9g\u00fcnk, amelyre el\u0151fizet\u0151ket szeretne k\u00fcldeni.<\/p>\n<p class=\"translation-block\">Ezenk\u00edv\u00fcl minden egyes megrendel\u00e9st csapatunk fel\u00fcgyel, hogy biztos\u00edtsa a helyes \u00e9s id\u0151ben t\u00f6rt\u00e9n\u0151 k\u00e9zbes\u00edt\u00e9st. Tudjuk, milyen fontos, hogy vigy\u00e1zzon digit\u00e1lis h\u00edrnev\u00e9re, ez\u00e9rt <strong>a YouTube feliratkoz\u00f3k v\u00e1s\u00e1rl\u00e1sa<\/strong> n\u00e1lunk biztons\u00e1gos, hat\u00e9kony \u00e9s professzion\u00e1lis \u00e9lm\u00e9ny.<\/p>\n<h3>Hogyan m\u0171k\u00f6dik?<\/h3>\n<p>A folyamat gyors \u00e9s egyszer\u0171. Egyszer\u0171en v\u00e1lassza ki az ig\u00e9nyeinek legink\u00e1bb megfelel\u0151 el\u0151fizet\u0151i csomagot, adja meg a csatorna linkj\u00e9t, \u00e9s fejezze be a megrendel\u00e9st. A t\u00f6bbir\u0151l mi gondoskodunk, fokozatosan sz\u00e1ll\u00edtjuk az el\u0151fizet\u0151ket a term\u00e9szetes n\u00f6veked\u00e9si \u00fctem fenntart\u00e1sa \u00e9rdek\u00e9ben.<\/p>\n<p class=\"translation-block\">Ezenk\u00edv\u00fcl, ha csatorn\u00e1ja m\u00e1s m\u00e9r\u0151sz\u00e1mait is jav\u00edtani szeretn\u00e9, kombin\u00e1lhatja ezt a szolg\u00e1ltat\u00e1st a <a href=\"https:\/\/doymedia.com\/hu\/vasarolni-youtube-nezettseg\/\" target=\"_self\"><strong>v\u00e1s\u00e1roljon YouTube-n\u00e9zetts\u00e9get<\/strong><\/a> vagy <a href=\"https:\/\/doymedia.com\/hu\/vasarolni-youtube-kedveli\/\" target=\"_self\"><strong>v\u00e1s\u00e1roljon YouTube-l\u00e1jkokat.<\/strong><\/a> \u00cdgy csatorn\u00e1ja kiegyens\u00falyozottan \u00e9s nagyobb hat\u00e1ssal fog n\u00f6vekedni.<\/p>\n<h2>Kinek \u00e9rdemes YouTube feliratkoz\u00f3kat v\u00e1s\u00e1rolni?<\/h2>\n<p class=\"translation-block\">B\u00e1rki, aki ki akar t\u0171nni a YouTube-on, haszn\u00e1t veheti ennek a szolg\u00e1ltat\u00e1snak. Ak\u00e1r most ind\u00edtja csatorn\u00e1j\u00e1t, ak\u00e1r m\u00e1r rendelkezik tapasztalattal, a <strong> YouTube-el\u0151fizet\u0151k v\u00e1s\u00e1rl\u00e1sa<\/strong> hat\u00e9kony m\u00f3dja a k\u00f6z\u00f6ss\u00e9g meger\u0151s\u00edt\u00e9s\u00e9nek \u00e9s a n\u00f6veked\u00e9si folyamat felgyors\u00edt\u00e1s\u00e1nak.<\/p>\n<ul>\n<li>\ud83c\udfa5 Gyorsabban n\u00f6vekedni akar\u00f3 tartalomk\u00e9sz\u00edt\u0151k<\/li>\n<li>\ud83d\udcc8 Pozicion\u00e1l\u00e1st keres\u0151 v\u00e1llalkoz\u00e1sok \u00e9s m\u00e1rk\u00e1k<\/li>\n<li>\ud83c\udfa4 Zen\u00e9szek, m\u0171v\u00e9szek \u00e9s producerek, akik nagyobb l\u00e1that\u00f3s\u00e1got szeretn\u00e9nek<\/li>\n<li>\ud83e\udde0 Oktat\u00f3k vagy inform\u00e1ci\u00f3s csatorn\u00e1k, akiknek nagyobb tekint\u00e9lyre van sz\u00fcks\u00e9g\u00fck<\/li>\n<li>\ud83d\ude80 Influencerek \u00e9s felt\u00f6rekv\u0151 influencerek, akik p\u00e9nzz\u00e9 szeretn\u00e9k tenni csatorn\u00e1ikat<\/li>\n<\/ul>\n<h2>Kezdj er\u0151s\u00f6dni m\u00e9g ma<\/h2>\n<p class=\"translation-block\">T\u00f6bb ezer alkot\u00f3 t\u00e1maszkodott m\u00e1r erre a szolg\u00e1ltat\u00e1sra, hogy csatorn\u00e1j\u00e1t a k\u00f6vetkez\u0151 szintre emelje. Ha \u00d6n is szeretne t\u00f6bb n\u00e9z\u0151t vonzani, er\u0151s k\u00e9pet sug\u00e1rozni \u00e9s jobb eredm\u00e9nyeket el\u00e9rni, akkor a <strong> YouTube-el\u0151fizet\u0151k v\u00e1s\u00e1rl\u00e1sa<\/strong> a helyes d\u00f6nt\u00e9s.<\/p>\n<p>V\u00e1lassza ki a csomagot, mondja meg nek\u00fcnk a csatorn\u00e1j\u00e1t, \u00e9s hagyja, hogy seg\u00edts\u00fcnk fel\u00e9p\u00edteni a k\u00f6z\u00f6ss\u00e9get, amelyet a tartalma meg\u00e9rdemel.<\/p>\n<\/div><\/div><\/div><\/div><\/div><\/div><\/div><\/section>","protected":false},"excerpt":{"rendered":"A min\u0151s\u00e9gi tartalom m\u00e1r nem el\u00e9g a YouTube-on val\u00f3 n\u00f6veked\u00e9shez. Ha azt akarod, hogy a csatorn\u00e1d kiemelkedjen, akkor egy akt\u00edv k\u00f6z\u00f6ss\u00e9gre van sz\u00fcks\u00e9ged, amely t\u00e1mogatja. Ez\u00e9rt v\u00e1lt a YouTube-el\u0151fizet\u0151k v\u00e1s\u00e1rl\u00e1sa hat\u00e9kony strat\u00e9gi\u00e1v\u00e1 b\u00e1rmely csatorna n\u00f6veked\u00e9s\u00e9nek felgyors\u00edt\u00e1s\u00e1ra, f\u00fcggetlen\u00fcl annak m\u00e9ret\u00e9t\u0151l vagy t\u00e9m\u00e1j\u00e1t\u00f3l. Az el\u0151fizet\u0151k egy jel...","protected":false},"featured_media":243,"comment_status":"open","ping_status":"closed","template":"","meta":{"_acf_changed":false},"product_brand":[],"product_cat":[21],"product_tag":[],"class_list":{"0":"post-95","1":"product","2":"type-product","3":"status-publish","4":"has-post-thumbnail","6":"product_cat-youtube","7":"wcpa_has_options","9":"first","10":"instock","11":"sale","12":"featured","13":"shipping-taxable","14":"purchasable","15":"product-type-variable","16":"has-default-attributes"},"acf":[],"wcpa_form_fields":{"wcpaData":{"product":{"product_price":5.99,"price_html":"","original_product_price":5.99,"price_including_tax":5.99,"price_excluding_tax":5.99,"product_id":{"parent":95,"variation":false},"is_variable":true,"stock_status":"instock","stock_quantity":null,"parent_sku":"","product_attributes":{"cantidad":{"is_variation":true,"values":[]}},"custom_fields":[],"is_taxable":false,"product_name":"Comprar Suscriptores Youtube","hasImage":false},"fields":{"sec_867fa9f3c4bb91":{"extra":{"key":"sec_867fa9f3c4bb91","section_id":"sec_867fa9f3c4bb91","name":"Por defecto","status":1,"toggle":true,"form_id":1055,"form_rules":{"exclude_from_discount":false,"fee_label":"Extras","disp_hide_options_price":false,"disp_show_section_price":false,"disp_show_field_price":false,"layout_option":"standard","pric_use_as_fee":false,"process_fee_as":"woo_fee"},"layout_option":"standard"},"fields":[[{"active":true,"col":5,"relations":false,"cl_rule":"show","enableCl":false,"price":"","enablePrice":false,"className":"","type":"text","subtype":"text","required":true,"elementId":"text_767fa9f3c4bbb8","label":"Enlace al Canal","name":"text_767fa9f3c4bbb8","value":"","error":false,"placeholder":"Ejemplo: https:\/\/www.youtube.com\/@mrbeast","enableDesign":false,"LabelSize":"16px","gt_translate_keys":["label","placeholder","value"],"price_dependency":false,"cl_dependency":false}]]}},"config":{"price_override":"","enable_recaptcha":false,"bind_quantity":false,"quantity_bind_formula":false,"disp_summ_show_option_price":false,"disp_summ_show_product_price":false,"disp_summ_show_total_price":false,"disp_summ_show_fee":false,"disp_summ_show_discount":false,"summary_title":"","options_total_label":"Extras","total_label":"Gesamt","options_product_label":"Producto","fee_label":"Extras","discount_label":"Descuento","has_price":true,"has_quantity_formula":false},"mc_unit":1,"tax_rate":1,"tax_rate_real":1,"discount":{"percentage":0,"fixed":0},"design":{"conf":{"LabelPosition":"above","DescPosition":"above","UploadField":"custom_1","QuantityFieldStyle":"default"},"css":{"LeftLabelWidth":"120px"}},"formulas":[],"clones":false,"cartKey":false}},"_links":{"self":[{"href":"https:\/\/doymedia.com\/hu\/wp-json\/wp\/v2\/product\/95","targetHints":{"allow":["GET"]}}],"collection":[{"href":"https:\/\/doymedia.com\/hu\/wp-json\/wp\/v2\/product"}],"about":[{"href":"https:\/\/doymedia.com\/hu\/wp-json\/wp\/v2\/types\/product"}],"replies":[{"embeddable":true,"href":"https:\/\/doymedia.com\/hu\/wp-json\/wp\/v2\/comments?post=95"}],"wp:featuredmedia":[{"embeddable":true,"href":"https:\/\/doymedia.com\/hu\/wp-json\/wp\/v2\/media\/243"}],"wp:attachment":[{"href":"https:\/\/doymedia.com\/hu\/wp-json\/wp\/v2\/media?parent=95"}],"wp:term":[{"taxonomy":"product_brand","embeddable":true,"href":"https:\/\/doymedia.com\/hu\/wp-json\/wp\/v2\/product_brand?post=95"},{"taxonomy":"product_cat","embeddable":true,"href":"https:\/\/doymedia.com\/hu\/wp-json\/wp\/v2\/product_cat?post=95"},{"taxonomy":"product_tag","embeddable":true,"href":"https:\/\/doymedia.com\/hu\/wp-json\/wp\/v2\/product_tag?post=95"}],"curies":[{"name":"wp","href":"https:\/\/api.w.org\/{rel}","templated":true}]}}