{"id":96,"date":"2025-03-27T01:32:40","date_gmt":"2025-03-27T00:32:40","guid":{"rendered":"https:\/\/v2.doymedia.com\/?post_type=product&#038;p=96"},"modified":"2025-07-16T21:41:59","modified_gmt":"2025-07-16T19:41:59","slug":"vasarolni-facebook-ertekelesek","status":"publish","type":"product","link":"https:\/\/doymedia.com\/hu\/comprar-valoraciones-facebook\/","title":{"rendered":"V\u00e1s\u00e1rl\u00e1s Facebook Ratings"},"content":{"rendered":"<section class=\"l-section wpb_row height_medium\"><div class=\"l-section-h i-cf\"><div class=\"g-cols vc_row via_flex valign_top type_default stacking_default\"><div class=\"vc_col-sm-12 wpb_column vc_column_container\"><div class=\"vc_column-inner\"><div class=\"wpb_wrapper\"><div class=\"wpb_text_column\"><div class=\"wpb_wrapper\"><p class=\"translation-block\">A digit\u00e1lis vil\u00e1gban az els\u0151 benyom\u00e1s kulcsfontoss\u00e1g\u00fa. \u00c9s a Facebookon ez a benyom\u00e1s az oldaladr\u00f3l kapott v\u00e9lem\u00e9nyekb\u0151l sz\u00e1rmazik. A j\u00f3 \u00e9rt\u00e9kel\u00e9sekkel \u00e9s pozit\u00edv \u00e9rt\u00e9kel\u00e9sekkel rendelkez\u0151 v\u00e1llalkoz\u00e1sok bizalmat, szakmais\u00e1got \u00e9s min\u0151s\u00e9get sug\u00e1roznak. Ez\u00e9rt a <strong>Facebook-\u00e9rt\u00e9kel\u00e9sek v\u00e1s\u00e1rl\u00e1sa<\/strong> hat\u00e9kony strat\u00e9gia az oldalad nyilv\u00e1nos k\u00e9p\u00e9nek jav\u00edt\u00e1s\u00e1ra, \u00faj \u00fcgyfelek vonz\u00e1s\u00e1ra \u00e9s a hiteless\u00e9ged k\u00f6zvetlen n\u00f6vel\u00e9s\u00e9re.<\/p>\n<p class=\"translation-block\">A v\u00e9lem\u00e9nyek nem csak azt befoly\u00e1solj\u00e1k, hogy a felhaszn\u00e1l\u00f3k mit gondolnak \u00d6nr\u0151l. A platform algoritmus\u00e1t is befoly\u00e1solj\u00e1k, n\u00f6velve az \u00d6n l\u00e1that\u00f3s\u00e1g\u00e1t, \u00e9s seg\u00edtve, hogy t\u00f6bb ember fedezze fel v\u00e1llalkoz\u00e1s\u00e1t vagy projektj\u00e9t. Ha m\u00e9g nincs el\u00e9g \u00e9rt\u00e9kel\u00e9sed, vagy ha ellens\u00falyoznod kell a negat\u00edv v\u00e9lem\u00e9nyeket, a <strong>Facebook-\u00e9rt\u00e9kel\u00e9sek v\u00e1s\u00e1rl\u00e1sa<\/strong> sokat sz\u00e1m\u00edthat.<\/p>\n<p class=\"translation-block\">Ezenk\u00edv\u00fcl, ha tov\u00e1bb szeretn\u00e9 er\u0151s\u00edteni jelenl\u00e9t\u00e9t \u00e9s er\u0151s k\u00f6z\u00f6ss\u00e9get szeretne \u00e9p\u00edteni, <a href=\"https:\/\/doymedia.com\/hu\/vasarolni-facebook-rajongok\/\" target=\"_self\"><strong>Facebook-rajong\u00f3kat v\u00e1s\u00e1rolhat<\/strong><\/a>, \u00e9s n\u00f6velheti az oldal\u00e1n l\u00e1that\u00f3 k\u00f6vet\u0151k sz\u00e1m\u00e1t, \u00edgy m\u00e1r els\u0151 pillant\u00e1sra nagyobb hiteless\u00e9get gener\u00e1lhat.<\/p>\n<h2>Mi\u00e9rt \u00e9rdemes n\u00e9zetts\u00e9get v\u00e1s\u00e1rolni a Facebookon?<\/h2>\n<p class=\"translation-block\">Mert a v\u00e1s\u00e1rl\u00e1si d\u00f6nt\u00e9sek a bizalommal kezd\u0151dnek. A legt\u00f6bb felhaszn\u00e1l\u00f3 ellen\u0151rzi a v\u00e9lem\u00e9nyeket, miel\u0151tt kapcsolatba l\u00e9pne egy m\u00e1rk\u00e1val, foglalna vagy megv\u00e1s\u00e1rolna egy term\u00e9ket. A <strong>Facebook-\u00e9rt\u00e9kel\u00e9sek megv\u00e1s\u00e1rl\u00e1s\u00e1val,<\/strong> szil\u00e1rd h\u00edrnevet \u00e9p\u00edt \u00e9s m\u00e1r a kezdetekt\u0151l fogva pozit\u00edv meg\u00edt\u00e9l\u00e9st gener\u00e1l.<\/p>\n<p>Ezenk\u00edv\u00fcl az \u00e9rt\u00e9kel\u00e9sek t\u00e1rsadalmi bizony\u00edt\u00e9kk\u00e9nt is m\u0171k\u00f6dnek. A sok pozit\u00edv \u00e9rt\u00e9kel\u00e9ssel rendelkez\u0151 oldal azt a benyom\u00e1st kelti, hogy akt\u00edv, megb\u00edzhat\u00f3 \u00e9s m\u00e1sok \u00e1ltal j\u00f3l \u00e9rt\u00e9kelt. Ez arra \u00f6szt\u00f6nzi az \u00faj felhaszn\u00e1l\u00f3kat, hogy k\u00f6vess\u00e9k \u00d6nt, kommenteket \u00edrjanak, interakci\u00f3ba l\u00e9pjenek a bejegyz\u00e9seivel, vagy v\u00e1s\u00e1rl\u00f3kk\u00e1 v\u00e1ljanak.<\/p>\n<h3>A Facebook-\u00e9rt\u00e9kel\u00e9sek megv\u00e1s\u00e1rl\u00e1s\u00e1nak el\u0151nyei<\/h3>\n<ul>\n<li>\u2b50 Er\u0151s\u00edtse meg webhelye professzion\u00e1lis arculat\u00e1t<\/li>\n<li>\ud83d\udcc8 Jav\u00edtsa h\u00edrnev\u00e9t az \u00faj felhaszn\u00e1l\u00f3k szem\u00e9ben<\/li>\n<li>\ud83d\udd0e N\u00f6velje l\u00e1that\u00f3s\u00e1g\u00e1t a helyi eredm\u00e9nyekben<\/li>\n<li>\ud83e\udd1d T\u00f6bb bizalmat \u00e9s konverzi\u00f3t gener\u00e1l<\/li>\n<li>\ud83d\udd12 Biztons\u00e1gos sz\u00e1ll\u00edt\u00e1s, an\u00e9lk\u00fcl, hogy vesz\u00e9lyeztetn\u00e9 a sz\u00e1ml\u00e1j\u00e1t<\/li>\n<\/ul>\n<p class=\"translation-block\">Ak\u00e1r helyi v\u00e1llalkoz\u00e1st, ak\u00e1r online boltot, szem\u00e9lyes m\u00e1rk\u00e1t vagy indul\u00f3 v\u00e1llalkoz\u00e1st vezet, a <strong>Facebook-\u00e9rt\u00e9kel\u00e9sek v\u00e1s\u00e1rl\u00e1sa<\/strong> seg\u00edt abban, hogy jobban poz\u00edcion\u00e1lja mag\u00e1t a versenyt\u00e1rsaival szemben, \u00e9s k\u00f6nnyebben kapcsolatba l\u00e9pjen a c\u00e9lk\u00f6z\u00f6ns\u00e9ggel.<\/p>\n<h2>Biztons\u00e1gos a Facebook-\u00e9rt\u00e9kel\u00e9sek megv\u00e1s\u00e1rl\u00e1sa?<\/h2>\n<p>Igen, felt\u00e9tlen\u00fcl. Szolg\u00e1ltat\u00e1sunkat \u00fagy tervezt\u00fck, hogy hiteles \u00e9rt\u00e9kel\u00e9seket adjunk \u00d6nnek, amelyek \u00f6sszhangban vannak az \u00d6n szakter\u00fclet\u00e9vel, \u00e9s nem vesz\u00e9lyeztetik profilj\u00e1t vagy h\u00edrnev\u00e9t. Nem k\u00e9r\u00fcnk jelszavakat vagy hozz\u00e1f\u00e9r\u00e9st a fi\u00f3kj\u00e1hoz. Csak az oldaladhoz vezet\u0151 linkre van sz\u00fcks\u00e9g\u00fcnk, hogy teljesen biztons\u00e1gos m\u00f3don elind\u00edthassuk a folyamatot.<\/p>\n<p>Ezenk\u00edv\u00fcl v\u00e1laszthat a csillagok vagy az \u00edr\u00e1sos \u00e9rt\u00e9kel\u00e9sek k\u00f6z\u00f6tt. Alkalmazkodunk az \u00d6n ig\u00e9nyeihez, hogy webhelye pontosan azt a k\u00e9pet sug\u00e1rozza, amit \u00d6n szeretne.<\/p>\n<h3>Kik vehetik ig\u00e9nybe ezt a szolg\u00e1ltat\u00e1st?<\/h3>\n<p class=\"translation-block\">Ez a szolg\u00e1ltat\u00e1s minden olyan v\u00e1llalkoz\u00e1s, szakember vagy weboldal sz\u00e1m\u00e1ra hasznos, amelynek jav\u00edtania kell digit\u00e1lis h\u00edrnev\u00e9t. Ha indokolatlanul negat\u00edv \u00e9rt\u00e9kel\u00e9seket kapott, vagy egyszer\u0171en csak szeretn\u00e9 meger\u0151s\u00edteni m\u00e1rk\u00e1ja im\u00e1zs\u00e1t, a <strong>Facebook-\u00e9rt\u00e9kel\u00e9sek v\u00e1s\u00e1rl\u00e1sa<\/strong> praktikus \u00e9s hat\u00e9kony megold\u00e1s.<\/p>\n<ul>\n<li>\ud83c\udfea Helyi v\u00e1llalkoz\u00e1sok, amelyek ki akarnak t\u0171nni a versenyt\u00e1rsak k\u00f6z\u00fcl<\/li>\n<li>\ud83d\udecd\ufe0f Az online boltok nagyobb bizalmat szeretn\u00e9nek \u00e9p\u00edteni<\/li>\n<li>\ud83d\udcf2 A szem\u00e9lyes m\u00e1rka\u00e9p\u00edt\u00e9sen dolgoz\u00f3 digit\u00e1lis v\u00e1llalkoz\u00f3k<\/li>\n<li>\ud83d\udcac Szolg\u00e1ltat\u00e1sokat ny\u00fajt\u00f3 \u00fcgyn\u00f6ks\u00e9gek \u00e9s szakemberek<\/li>\n<li>\ud83d\udcc8 V\u00e1llalkoz\u00e1sok, amelyeknek jav\u00edtaniuk kell online h\u00edrnev\u00fcket<\/li>\n<\/ul>\n<h2>Hogyan m\u0171k\u00f6dik?<\/h2>\n<p>Egyszer\u0171en v\u00e1lassza ki a k\u00edv\u00e1nt \u00e9rt\u00e9kel\u00e9sek sz\u00e1m\u00e1t, \u00e9s adja meg nek\u00fcnk a Facebook-oldal\u00e1nak linkj\u00e9t. Megadhatja, hogy \u00edr\u00e1sos \u00e9rt\u00e9kel\u00e9seket vagy csak \u00e9rt\u00e9kel\u00e9seket szeretne-e. A t\u00f6bbir\u0151l mi gondoskodunk, fokozatosan \u00e9s term\u00e9szetes m\u00f3don juttatjuk el az \u00e9rt\u00e9kel\u00e9seket.<\/p>\n<p>K\u00edv\u00e1ns\u00e1g\u00e1ra az \u00e1ttekint\u00e9sek sz\u00f6veg\u00e9t az \u00d6n \u00e1gazat\u00e1hoz igaz\u00edtjuk, hogy azok koherensek \u00e9s hitelesek legyenek. Csapatunk tan\u00e1csot ad \u00d6nnek, hogy az eredm\u00e9ny professzion\u00e1lis \u00e9s az \u00d6n nyilv\u00e1nos meg\u00edt\u00e9l\u00e9se szempontj\u00e1b\u00f3l el\u0151ny\u00f6s legyen.<\/p>\n<h2>Tegye weboldal\u00e1t megb\u00edzhat\u00f3v\u00e1 m\u00e9g ma<\/h2>\n<p class=\"translation-block\">Ne becs\u00fclje al\u00e1 a j\u00f3 h\u00edrn\u00e9v erej\u00e9t. <strong>A Facebook-\u00e9rt\u00e9kel\u00e9sek megv\u00e1s\u00e1rl\u00e1sa<\/strong> lehet\u0151v\u00e9 teszi, hogy megtegye azt az ugr\u00e1st, amelyre sz\u00fcks\u00e9ge van ahhoz, hogy a l\u00e1togat\u00f3kat v\u00e1s\u00e1rl\u00f3kk\u00e1 alak\u00edtsa, meger\u0151s\u00edtse tekint\u00e9ly\u00e9t \u00e9s kit\u0171nj\u00f6n a piacon.<\/p>\n<p>V\u00e1lassza ki az ide\u00e1lis csomagot, mondja el nek\u00fcnk a preferenci\u00e1it, \u00e9s kezdje el weboldal\u00e1nak arculat\u00e1t m\u00e9g ma \u00e1talak\u00edtani. Az \u00d6n h\u00edrneve sokat \u00e9r. Vigy\u00e1zzon r\u00e1, \u00e9s n\u00f6velje azt val\u00f3di, hat\u00e9kony \u00e9s biztons\u00e1gos v\u00e9lem\u00e9nyekkel.<\/p>\n<\/div><\/div><\/div><\/div><\/div><\/div><\/div><\/section>","protected":false},"excerpt":{"rendered":"A digit\u00e1lis vil\u00e1gban az els\u0151 benyom\u00e1s kulcsfontoss\u00e1g\u00fa. \u00c9s a Facebookon ez a benyom\u00e1s az oldaladr\u00f3l kapott v\u00e9lem\u00e9nyekb\u0151l sz\u00e1rmazik. A j\u00f3 \u00e9rt\u00e9kel\u00e9sekkel \u00e9s pozit\u00edv \u00e9rt\u00e9kel\u00e9sekkel rendelkez\u0151 v\u00e1llalkoz\u00e1sok bizalmat, szakmais\u00e1got \u00e9s min\u0151s\u00e9get sug\u00e1roznak. Ez\u00e9rt a Facebook-\u00e9rt\u00e9kel\u00e9sek v\u00e1s\u00e1rl\u00e1sa hat\u00e9kony strat\u00e9gia az oldalad nyilv\u00e1nos k\u00e9p\u00e9nek jav\u00edt\u00e1s\u00e1ra, \u00faj \u00fcgyfelek bevonz\u00e1s\u00e1ra...","protected":false},"featured_media":316,"comment_status":"open","ping_status":"closed","template":"","meta":{"_acf_changed":false},"product_brand":[],"product_cat":[20],"product_tag":[],"class_list":{"0":"post-96","1":"product","2":"type-product","3":"status-publish","4":"has-post-thumbnail","6":"product_cat-facebook","7":"wcpa_has_options","9":"first","10":"instock","11":"sale","12":"shipping-taxable","13":"purchasable","14":"product-type-variable","15":"has-default-attributes"},"acf":[],"wcpa_form_fields":{"wcpaData":{"product":{"product_price":3.99,"price_html":"","original_product_price":3.99,"price_including_tax":3.99,"price_excluding_tax":3.99,"product_id":{"parent":96,"variation":false},"is_variable":true,"stock_status":"instock","stock_quantity":null,"parent_sku":"","product_attributes":{"cantidad":{"is_variation":true,"values":[]}},"custom_fields":[],"is_taxable":false,"product_name":"Comprar Valoraciones Facebook","hasImage":false},"fields":{"sec_767faa69e11ac7":{"extra":{"key":"sec_767faa69e11ac7","section_id":"sec_767faa69e11ac7","name":"Por defecto","status":1,"toggle":true,"form_id":1067,"form_rules":{"exclude_from_discount":false,"fee_label":"Extr\u00e1k","disp_hide_options_price":false,"disp_show_section_price":false,"disp_show_field_price":false,"layout_option":"standard","pric_use_as_fee":false,"process_fee_as":"woo_fee"},"layout_option":"standard"},"fields":[[{"active":true,"col":5,"relations":false,"cl_rule":"show","enableCl":false,"price":"","enablePrice":false,"className":"","type":"text","subtype":"text","required":true,"elementId":"text_367faa69e11ae8","label":"Enlace a la Fanpage de Facebook","name":"text_367faa69e11ae8","value":"","error":false,"placeholder":"Ejemplo: https:\/\/www.facebook.com\/mrbeast","enableDesign":false,"LabelSize":"16px","gt_translate_keys":["label","placeholder","value"],"price_dependency":false,"cl_dependency":false}],[{"active":true,"col":5,"relations":false,"cl_rule":"show","enableCl":false,"price":"","enablePrice":false,"className":"","label_position":"default","desc_position":"default","type":"textarea","required":true,"elementId":"textarea_9930819785","label":"Comentarios a Publicar","name":"textarea_9930819785","value":"","rows":2,"error":false,"description":"","placeholder":"Escribe los comentarios a publicar, o env\u00edanos informaci\u00f3n sobre tu negocio para saber nosotros sobre qu\u00e9 escribir las valoraciones.","gt_translate_keys":["label","placeholder","description","value"],"price_dependency":false,"cl_dependency":false}]]}},"config":{"price_override":"","enable_recaptcha":false,"bind_quantity":false,"quantity_bind_formula":false,"disp_summ_show_option_price":false,"disp_summ_show_product_price":false,"disp_summ_show_total_price":false,"disp_summ_show_fee":false,"disp_summ_show_discount":false,"summary_title":"","options_total_label":"Extr\u00e1k","total_label":"\u00d6sszesen","options_product_label":"Producto","fee_label":"Extr\u00e1k","discount_label":"Descuento","has_price":true,"has_quantity_formula":false},"mc_unit":1,"tax_rate":1,"tax_rate_real":1,"discount":{"percentage":0,"fixed":0},"design":{"conf":{"LabelPosition":"above","DescPosition":"above","UploadField":"custom_1","QuantityFieldStyle":"default"},"css":{"LeftLabelWidth":"120px"}},"formulas":[],"clones":false,"cartKey":false}},"_links":{"self":[{"href":"https:\/\/doymedia.com\/hu\/wp-json\/wp\/v2\/product\/96","targetHints":{"allow":["GET"]}}],"collection":[{"href":"https:\/\/doymedia.com\/hu\/wp-json\/wp\/v2\/product"}],"about":[{"href":"https:\/\/doymedia.com\/hu\/wp-json\/wp\/v2\/types\/product"}],"replies":[{"embeddable":true,"href":"https:\/\/doymedia.com\/hu\/wp-json\/wp\/v2\/comments?post=96"}],"wp:featuredmedia":[{"embeddable":true,"href":"https:\/\/doymedia.com\/hu\/wp-json\/wp\/v2\/media\/316"}],"wp:attachment":[{"href":"https:\/\/doymedia.com\/hu\/wp-json\/wp\/v2\/media?parent=96"}],"wp:term":[{"taxonomy":"product_brand","embeddable":true,"href":"https:\/\/doymedia.com\/hu\/wp-json\/wp\/v2\/product_brand?post=96"},{"taxonomy":"product_cat","embeddable":true,"href":"https:\/\/doymedia.com\/hu\/wp-json\/wp\/v2\/product_cat?post=96"},{"taxonomy":"product_tag","embeddable":true,"href":"https:\/\/doymedia.com\/hu\/wp-json\/wp\/v2\/product_tag?post=96"}],"curies":[{"name":"wp","href":"https:\/\/api.w.org\/{rel}","templated":true}]}}