{"id":99,"date":"2025-03-27T01:32:40","date_gmt":"2025-03-27T00:32:40","guid":{"rendered":"https:\/\/v2.doymedia.com\/?post_type=product&#038;p=99"},"modified":"2025-06-17T19:05:09","modified_gmt":"2025-06-17T17:05:09","slug":"vasarolni-tiktok-kovetok","status":"publish","type":"product","link":"https:\/\/doymedia.com\/hu\/comprar-seguidores-tiktok\/","title":{"rendered":"TikTok k\u00f6vet\u0151k v\u00e1s\u00e1rl\u00e1sa"},"content":{"rendered":"<section class=\"l-section wpb_row height_medium\"><div class=\"l-section-h i-cf\"><div class=\"g-cols vc_row via_flex valign_top type_default stacking_default\"><div class=\"vc_col-sm-12 wpb_column vc_column_container\"><div class=\"vc_column-inner\"><div class=\"wpb_wrapper\"><div class=\"wpb_text_column\"><div class=\"wpb_wrapper\"><p class=\"translation-block\">A TikTok az egyik leger\u0151sebb platformm\u00e1 v\u00e1lt a l\u00e1that\u00f3s\u00e1g megszerz\u00e9s\u00e9ben, a fiatal k\u00f6z\u00f6ns\u00e9ggel val\u00f3 kapcsolatteremt\u00e9sben \u00e9s a v\u00edrusos tartalmak l\u00e9trehoz\u00e1s\u00e1ban. De ha a profilodnak nincsenek k\u00f6vet\u0151i, akkor a vide\u00f3id, b\u00e1rmilyen j\u00f3k is legyenek, \u00e9szrev\u00e9tlenek maradhatnak. Ez\u00e9rt a <strong>TikTok k\u00f6vet\u0151k v\u00e1s\u00e1rl\u00e1sa<\/strong> hat\u00e9kony strat\u00e9gia, amellyel gyorsabban kit\u0171nhetsz, \u00e9s m\u00e1r a kezdetekt\u0151l fogva hiteless\u00e9 teheted fi\u00f3kodat.<\/p>\n<p class=\"translation-block\">A k\u00f6vet\u0151k sz\u00e1ma a TikTok egyik legfontosabb m\u00e9r\u0151sz\u00e1ma. Min\u00e9l nagyobb a k\u00f6z\u00f6ss\u00e9ged, ann\u00e1l nagyobb tekint\u00e9lyt sug\u00e1rozol, \u00e9s ann\u00e1l nagyobb az es\u00e9lyed, hogy megjelenj a \"Neked\" r\u00e9szben. Emellett, ha a felhaszn\u00e1l\u00f3k megl\u00e1togatj\u00e1k a profilodat, \u00e9s l\u00e1tj\u00e1k, hogy nagysz\u00e1m\u00fa k\u00f6vet\u0151d van, nagyobb val\u00f3sz\u00edn\u0171s\u00e9ggel maradnak, megn\u00e9zik a tartalmaidat, \u00e9s \u00fagy d\u00f6ntenek, hogy k\u00f6vetnek is. <strong>A TikTok k\u00f6vet\u0151k v\u00e1s\u00e1rl\u00e1sa<\/strong> seg\u00edt abban, hogy l\u00e9trehozd azt a pozit\u00edv els\u0151 benyom\u00e1st, amely a n\u00f6veked\u00e9st \u00f6szt\u00f6nzi.<\/p>\n<h2>Mi\u00e9rt \u00e9rdemes TikTok k\u00f6vet\u0151ket v\u00e1s\u00e1rolni?<\/h2>\n<p class=\"translation-block\">Mert egy olyan vizu\u00e1lis \u00e9s versenyk\u00e9pes platformon, mint a TikTok, nem el\u00e9g, ha j\u00f3 tartalma van: l\u00e1that\u00f3s\u00e1gra van sz\u00fcks\u00e9ge. A l\u00e1that\u00f3s\u00e1ghoz pedig olyan k\u00f6z\u00f6ss\u00e9gre van sz\u00fcks\u00e9ged, amely t\u00e1mogatja, amit csin\u00e1lsz. <strong>A TikTok k\u00f6vet\u0151k v\u00e1s\u00e1rl\u00e1sa<\/strong> lehet\u0151v\u00e9 teszi, hogy felgyors\u00edtsd ezt a folyamatot, an\u00e9lk\u00fcl, hogy heteket vagy h\u00f3napokat kellene v\u00e1rnod arra, hogy az algoritmus elkezdjen jutalmazni t\u00e9ged.<\/p>\n<p>R\u00e1ad\u00e1sul a k\u00f6vet\u0151k sz\u00e1m\u00e1nak n\u00f6vel\u00e9s\u00e9vel az algoritmus szem\u00e9ben is javul a profilod, amely hajlamos az akt\u00edv, vonz\u00f3 fi\u00f3kokat el\u0151nyben r\u00e9szes\u00edteni. Ez t\u00f6bb megtekint\u00e9st, t\u00f6bb kedvel\u00e9st \u00e9s t\u00f6bb lehet\u0151s\u00e9get jelent az aj\u00e1nl\u00e1sokban val\u00f3 megjelen\u00e9sre.<\/p>\n<h3>A TikTok k\u00f6vet\u0151inek megv\u00e1s\u00e1rl\u00e1s\u00e1nak el\u0151nyei<\/h3>\n<ul>\n<li>\ud83d\udcc8 A k\u00f6z\u00f6ss\u00e9g azonnali n\u00f6veked\u00e9se<\/li>\n<li>\ud83d\ude80 N\u00f6velje profilja hiteless\u00e9g\u00e9t \u00e9s tekint\u00e9ly\u00e9t<\/li>\n<li>\ud83c\udfaf Nagyobb l\u00e1that\u00f3s\u00e1g \u00e9s poz\u00edcion\u00e1l\u00e1s az alkalmaz\u00e1sban<\/li>\n<li>\ud83e\udd1d A k\u00f6z\u00f6ss\u00e9gi hat\u00e1snak k\u00f6sz\u00f6nhet\u0151en organikus k\u00f6vet\u0151k vonz\u00e1sa<\/li>\n<li>\ud83d\udd12 Biztons\u00e1gos sz\u00e1ll\u00edt\u00e1s, an\u00e9lk\u00fcl, hogy vesz\u00e9lyeztetn\u00e9 a fi\u00f3kj\u00e1t<\/li>\n<\/ul>\n<p class=\"translation-block\">Ez a szolg\u00e1ltat\u00e1s ide\u00e1lis az alkot\u00f3k, influencerek, m\u00e1rk\u00e1k, helyi v\u00e1llalkoz\u00e1sok, m\u0171v\u00e9szek vagy b\u00e1rki sz\u00e1m\u00e1ra, aki a TikTokot n\u00f6veked\u00e9si csatornak\u00e9nt szeretn\u00e9 kihaszn\u00e1lni. Ak\u00e1r most kezded, ak\u00e1r a k\u00f6vetkez\u0151 szintre szeretn\u00e9d emelni a fi\u00f3kodat, a <strong>TikTok k\u00f6vet\u0151k v\u00e1s\u00e1rl\u00e1sa<\/strong> seg\u00edt egy olyan szil\u00e1rd alapot \u00e9p\u00edteni, amelyre tov\u00e1bb tudsz n\u00f6vekedni.<\/p>\n<h2>Biztons\u00e1gos k\u00f6vet\u0151ket v\u00e1s\u00e1rolni a TikTok-on?<\/h2>\n<p>Igen, felt\u00e9tlen\u00fcl. Soha nem k\u00e9r\u00fcnk jelszavakat vagy hozz\u00e1f\u00e9r\u00e9st a fi\u00f3kj\u00e1hoz. Csak a nyilv\u00e1nos fi\u00f3kj\u00e1nak felhaszn\u00e1l\u00f3nev\u00e9t kell megadnia nek\u00fcnk. A n\u00f6veked\u00e9s fokozatos \u00e9s term\u00e9szetes, \u00e9s arra szolg\u00e1l, hogy profilja mindig biztons\u00e1gban maradjon.<\/p>\n<p class=\"translation-block\">Emellett rendszereinket \u00fagy optimaliz\u00e1ltuk, hogy megfeleljenek az ipar\u00e1gi legjobb gyakorlatoknak. Nem kock\u00e1ztatjuk a sz\u00e1ml\u00e1j\u00e1t vagy a h\u00edrnev\u00e9t. Kiz\u00e1r\u00f3lag biztons\u00e1gos, hat\u00e9kony \u00e9s diszkr\u00e9t m\u00f3dszerekkel dolgozunk. <strong>A TikTok k\u00f6vet\u0151k v\u00e1s\u00e1rl\u00e1sa<\/strong> strat\u00e9giai \u00e9s kock\u00e1zatmentes d\u00f6nt\u00e9s.<\/p>\n<h3>Kik vehetik ig\u00e9nybe ezt a szolg\u00e1ltat\u00e1st?<\/h3>\n<p class=\"translation-block\">Ez a szolg\u00e1ltat\u00e1s minden olyan felhaszn\u00e1l\u00f3 sz\u00e1m\u00e1ra k\u00e9sz\u00fclt, aki gyorsabban szeretne kit\u0171nni a TikTok-on. Az els\u0151 k\u00f6vet\u0151iket keres\u0151 \u00faj profilokt\u00f3l kezdve a m\u00e1r befutott m\u00e1rk\u00e1kig, amelyeknek er\u0151s\u00edteni\u00fck kell a k\u00f6z\u00f6ss\u00e9gi jelenl\u00e9t\u00fcket. A <strong>TikTok k\u00f6vet\u0151k v\u00e1s\u00e1rl\u00e1sa<\/strong> hasznos eszk\u00f6z a n\u00f6veked\u00e9s b\u00e1rmely szakasz\u00e1ban.<\/p>\n<ul>\n<li>\ud83c\udfa4 Eredeti tartalmakat k\u00f6zz\u00e9tev\u0151 zen\u00e9szek \u00e9s m\u0171v\u00e9szek<\/li>\n<li>\ud83d\udce2 Befoly\u00e1sol\u00f3k, akik partners\u00e9geket szeretn\u00e9nek vonzani<\/li>\n<li>\ud83d\udecd\ufe0f Online \u00fczletek vagy m\u00e1rk\u00e1k, amelyek h\u00edrnevet szeretn\u00e9nek szerezni<\/li>\n<li>\ud83d\udcf2 Digit\u00e1lis v\u00e1llalkoz\u00f3k, akik bizalmat akarnak \u00e9p\u00edteni<\/li>\n<li>\ud83c\udfaf Szem\u00e9lyes sz\u00e1ml\u00e1k, amelyek a semmib\u0151l szeretn\u00e9nek n\u00f6vekedni<\/li>\n<\/ul>\n<h2>Hogyan m\u0171k\u00f6dik a folyamat?<\/h2>\n<p>A TikTok k\u00f6vet\u0151k v\u00e1s\u00e1rl\u00e1sa gyors \u00e9s egyszer\u0171. Csak v\u00e1laszd ki a sz\u00e1modra legmegfelel\u0151bb csomagot, add meg a felhaszn\u00e1l\u00f3neved \u00e9s add le a rendel\u00e9sed. A t\u00f6bbir\u0151l mi gondoskodunk. A sz\u00e1ll\u00edt\u00e1s r\u00f6vid id\u0151n bel\u00fcl megkezd\u0151dik, \u00e9s fokozatosan t\u00f6rt\u00e9nik a term\u00e9szetes n\u00f6veked\u00e9s fenntart\u00e1sa \u00e9rdek\u00e9ben.<\/p>\n<p class=\"translation-block\">Ha pedig m\u00e9g teljesebb fellend\u00fcl\u00e9st szeretne, akkor ezt a szolg\u00e1ltat\u00e1st kombin\u00e1lhatja a <a href=\"https:\/\/doymedia.com\/hu\/vasarolni-nezetek-tiktok\/\" target=\"_self\"><strong>TikTok n\u00e9zetek v\u00e1s\u00e1rl\u00e1sa<\/strong><\/a> vagy a <a href=\"https:\/\/doymedia.com\/hu\/vasarolni-tetszik-tiktok\/\" target=\"_self\"><strong>TikTok like-ok v\u00e1s\u00e1rl\u00e1sa,<\/strong><\/a> kiegyens\u00falyozott \u00e9s hat\u00e9kony n\u00f6veked\u00e9si strat\u00e9gi\u00e1t alkotva.<\/p>\n<h2>N\u00f6velje sz\u00e1ml\u00e1j\u00e1t m\u00e9g ma<\/h2>\n<p class=\"translation-block\">Ne v\u00e1rd meg, hogy az algoritmus \u00fagy d\u00f6nts\u00f6n, hogy l\u00e1that\u00f3s\u00e1got ad neked. Vedd kezedbe a n\u00f6veked\u00e9sed ir\u00e1ny\u00edt\u00e1s\u00e1t. A <strong>TikTok k\u00f6vet\u0151k v\u00e1s\u00e1rl\u00e1sa<\/strong> seg\u00edts\u00e9g\u00e9vel elkezdheted jobban poz\u00edcion\u00e1lni magad, t\u00f6bb lehet\u0151s\u00e9get vonzhatsz magadhoz, \u00e9s egy olyan k\u00f6z\u00f6ss\u00e9get \u00e9p\u00edthetsz, amely t\u00e1mogat t\u00e9ged. A profilod meg\u00e9rdemli, hogy kit\u0171nj\u00f6n, \u00e9s ez az els\u0151 l\u00e9p\u00e9s.<\/p>\n<\/div><\/div><\/div><\/div><\/div><\/div><\/div><\/section>","protected":false},"excerpt":{"rendered":"A TikTok az egyik leger\u0151sebb platformm\u00e1 v\u00e1lt a l\u00e1that\u00f3s\u00e1g megszerz\u00e9s\u00e9ben, a fiatal k\u00f6z\u00f6ns\u00e9ggel val\u00f3 kapcsolatteremt\u00e9sben \u00e9s a v\u00edrusos tartalmak l\u00e9trehoz\u00e1s\u00e1ban. De ha a profilodnak nincsenek k\u00f6vet\u0151i, akkor a vide\u00f3id, b\u00e1rmilyen j\u00f3k is legyenek, \u00e9szrev\u00e9tlenek maradhatnak. Ez\u00e9rt a TikTok k\u00f6vet\u0151k v\u00e1s\u00e1rl\u00e1sa hat\u00e9kony strat\u00e9gia, amellyel gyorsabban kit\u0171nhetsz \u00e9s hiteless\u00e9 teheted a...","protected":false},"featured_media":317,"comment_status":"open","ping_status":"closed","template":"","meta":{"_acf_changed":false},"product_brand":[],"product_cat":[18],"product_tag":[],"class_list":{"0":"post-99","1":"product","2":"type-product","3":"status-publish","4":"has-post-thumbnail","6":"product_cat-tiktok","7":"wcpa_has_options","9":"first","10":"instock","11":"sale","12":"featured","13":"shipping-taxable","14":"purchasable","15":"product-type-variable","16":"has-default-attributes"},"acf":[],"wcpa_form_fields":{"wcpaData":{"product":{"product_price":3.99,"price_html":"","original_product_price":3.99,"price_including_tax":3.99,"price_excluding_tax":3.99,"product_id":{"parent":99,"variation":false},"is_variable":true,"stock_status":"instock","stock_quantity":null,"parent_sku":"","product_attributes":{"cantidad":{"is_variation":true,"values":[]}},"custom_fields":[],"is_taxable":false,"product_name":"Comprar Seguidores TikTok","hasImage":false},"fields":{"sec_1067fa7982ea860":{"extra":{"key":"sec_1067fa7982ea860","section_id":"sec_1067fa7982ea860","name":"Por defecto","status":1,"toggle":true,"form_id":1028,"form_rules":{"exclude_from_discount":false,"fee_label":"Extr\u00e1k","disp_hide_options_price":false,"disp_show_section_price":false,"disp_show_field_price":false,"layout_option":"standard","pric_use_as_fee":false,"process_fee_as":"woo_fee"},"layout_option":"standard"},"fields":[[{"active":true,"col":5,"relations":false,"cl_rule":"show","enableCl":false,"price":"","enablePrice":false,"className":"","type":"text","subtype":"text","required":true,"elementId":"text_967fa7982ea88a","label":"Nombre de Usuario","name":"text_967fa7982ea88a","value":"","error":false,"placeholder":"Ejemplo: @mrbeast","enableDesign":false,"LabelSize":"16px","gt_translate_keys":["label","placeholder","value"],"price_dependency":false,"cl_dependency":false}],[{"active":true,"col":5,"relations":false,"cl_rule":"show","enableCl":false,"price":"","enablePrice":true,"className":"","label_position":"default","desc_position":"default","type":"select","required":false,"elementId":"select_867fa7982ea894","label":"A\u00f1adir Likes con Descuento","name":"select_867fa7982ea894","values":[{"label":"100 Likes","value":"100","selected":false,"tempId":"aco_46","price":"2,89","gt_translate_keys":["label"]},{"label":"500 Likes","value":"500","selected":false,"tempId":"aco_1337","price":"5,79","gt_translate_keys":["label"]},{"label":"1.000 Likes","value":"1000","selected":false,"tempId":"aco_910","price":"8,69","gt_translate_keys":["label"]},{"label":"2.000 Likes","value":"2000","selected":false,"tempId":"aco_911","price":"16,59","gt_translate_keys":["label"]},{"label":"5.000 Likes","value":"5000","selected":false,"tempId":"aco_912","price":"28,89","gt_translate_keys":["label"]},{"label":"10.000 Likes","value":"10000","selected":false,"tempId":"aco_1219","price":"48,29","gt_translate_keys":["label"]}],"dropdown_type":"basic","error":false,"placeholder":"Ninguno","priceOptions":"different_for_all","pricingType":"fixed","use_as_fee":false,"enableDesign":false,"LabelSize":"16px","gt_translate_keys":["label","placeholder"],"price_dependency":false,"cl_dependency":["textarea_167fa7982ea8b0"],"value":""}],[{"label":"A\u00f1adir Views con Descuento","active":true,"required":false,"elementId":"select-8531597607","dropdown_type":"basic","placeholder":"Ninguno","name":"select-8531597607","label_position":"default","desc_position":"default","enablePrice":true,"className":"","enableCl":false,"relations":false,"enableDesign":false,"LabelSize":"16px","values":[{"label":"100 Views","value":"100","selected":false,"tempId":"aco_46","price":"1,89","gt_translate_keys":["label"]},{"label":"500 Views","value":"500","selected":false,"tempId":"aco_1337","price":"2,79","gt_translate_keys":["label"]},{"label":"1.000 Views","value":"1000","selected":false,"tempId":"aco_910","price":"3,69","gt_translate_keys":["label"]},{"label":"2.000 Views","value":"2000","selected":false,"tempId":"aco_911","price":"4,59","gt_translate_keys":["label"]},{"label":"5.000 Views","value":"5000","selected":false,"tempId":"aco_912","price":"6,49","gt_translate_keys":["label"]},{"label":"10.000 Views","value":"10000","selected":false,"tempId":"aco_1219","price":"8,79","gt_translate_keys":["label"]},{"label":"50.000 Views","value":"50k","selected":false,"tempId":"aco_977","price":"42,69","gt_translate_keys":["label"]}],"priceOptions":"different_for_all","pricingType":"fixed","price":"","use_as_fee":false,"cl_rule":"show","col":5,"type":"select","error":false,"gt_translate_keys":["label","placeholder"],"price_dependency":false,"cl_dependency":false,"value":""}],[{"active":true,"col":5,"relations":[{"operator":false,"rules":[{"operator":"AND","rules":{"cl_field":"select_867fa7982ea894","cl_relation":"is_not_empty","cl_val":"likes"}}]}],"cl_rule":"show","enableCl":true,"price":"","enablePrice":false,"className":"","label_position":"default","desc_position":"default","type":"textarea","required":true,"elementId":"textarea_167fa7982ea8b0","label":"Enlaces a las Publicaciones","name":"textarea_167fa7982ea8b0","value":"","rows":2,"error":false,"placeholder":"Introducir Enlaces de esta Forma:\nhttps:\/\/www.tiktok.com\/@mrbeast\/video\/7487001177385635103\nhttps:\/\/www.tiktok.com\/@mrbeast\/video\/7460191038293069102","gt_translate_keys":["label","placeholder","value"],"price_dependency":false,"cl_dependency":false}]]}},"config":{"price_override":"","enable_recaptcha":false,"bind_quantity":false,"quantity_bind_formula":false,"disp_summ_show_option_price":false,"disp_summ_show_product_price":false,"disp_summ_show_total_price":false,"disp_summ_show_fee":false,"disp_summ_show_discount":false,"summary_title":"","options_total_label":"Extr\u00e1k","total_label":"\u00d6sszesen","options_product_label":"Producto","fee_label":"Extr\u00e1k","discount_label":"Descuento","has_price":true,"has_quantity_formula":false},"mc_unit":1,"tax_rate":1,"tax_rate_real":1,"discount":{"percentage":0,"fixed":0},"design":{"conf":{"LabelPosition":"above","DescPosition":"above","UploadField":"custom_1","QuantityFieldStyle":"default"},"css":{"LeftLabelWidth":"120px"}},"formulas":[],"clones":false,"cartKey":false}},"_links":{"self":[{"href":"https:\/\/doymedia.com\/hu\/wp-json\/wp\/v2\/product\/99","targetHints":{"allow":["GET"]}}],"collection":[{"href":"https:\/\/doymedia.com\/hu\/wp-json\/wp\/v2\/product"}],"about":[{"href":"https:\/\/doymedia.com\/hu\/wp-json\/wp\/v2\/types\/product"}],"replies":[{"embeddable":true,"href":"https:\/\/doymedia.com\/hu\/wp-json\/wp\/v2\/comments?post=99"}],"wp:featuredmedia":[{"embeddable":true,"href":"https:\/\/doymedia.com\/hu\/wp-json\/wp\/v2\/media\/317"}],"wp:attachment":[{"href":"https:\/\/doymedia.com\/hu\/wp-json\/wp\/v2\/media?parent=99"}],"wp:term":[{"taxonomy":"product_brand","embeddable":true,"href":"https:\/\/doymedia.com\/hu\/wp-json\/wp\/v2\/product_brand?post=99"},{"taxonomy":"product_cat","embeddable":true,"href":"https:\/\/doymedia.com\/hu\/wp-json\/wp\/v2\/product_cat?post=99"},{"taxonomy":"product_tag","embeddable":true,"href":"https:\/\/doymedia.com\/hu\/wp-json\/wp\/v2\/product_tag?post=99"}],"curies":[{"name":"wp","href":"https:\/\/api.w.org\/{rel}","templated":true}]}}