{"id":100,"date":"2025-03-27T01:32:41","date_gmt":"2025-03-27T00:32:41","guid":{"rendered":"https:\/\/v2.doymedia.com\/?post_type=product&#038;p=100"},"modified":"2025-07-16T21:41:37","modified_gmt":"2025-07-16T19:41:37","slug":"comprare-likes-tiktok","status":"publish","type":"product","link":"https:\/\/doymedia.com\/it\/comprar-likes-tiktok\/","title":{"rendered":"Comprare Likes su TikTok"},"content":{"rendered":"<section class=\"l-section wpb_row height_medium\"><div class=\"l-section-h i-cf\"><div class=\"g-cols vc_row via_flex valign_top type_default stacking_default\"><div class=\"vc_col-sm-12 wpb_column vc_column_container\"><div class=\"vc_column-inner\"><div class=\"wpb_wrapper\"><div class=\"wpb_text_column\"><div class=\"wpb_wrapper\"><p class=\"translation-block\">Su TikTok, ogni secondo \u00e8 importante. Si pu\u00f2 avere un video fantastico, ma se non ottiene engagement in breve tempo, l'algoritmo non lo mostrer\u00e0 a pi\u00f9 persone. Ecco perch\u00e9 <strong>acquistare like su TikTok<\/strong> \u00e8 diventata una strategia efficace per migliorare la visibilit\u00e0 dei vostri video, attirare nuovi follower e rafforzare l'autorit\u00e0 del vostro profilo fin dall'inizio.<\/p>\n<p class=\"translation-block\">I like sono un segnale chiave per l'algoritmo di TikTok. Pi\u00f9 interazioni riceve un video, pi\u00f9 \u00e8 probabile che diventi virale. Se state creando buoni contenuti, ma non ricevete il riconoscimento che meritate, <strong>acquistare i like di TikTok<\/strong> vi aiuta a innescare quell'effetto a catena di maggiore portata, visibilit\u00e0 e impatto.<\/p>\n<h2>Perch\u00e9 acquistare like su TikTok?<\/h2>\n<p class=\"translation-block\">Perch\u00e9 su questo social network i numeri contano. Quando un video ottiene molti \"mi piace\", gli utenti lo percepiscono come valido, divertente o affidabile. Questo li incoraggia a guardarlo per intero, a condividerlo e a seguire il vostro account. Acquistando i \"Mi piace\" su TikTok, aumentate il valore percepito dei vostri contenuti e inviate un segnale positivo all'algoritmo.<\/p>\n<p>Questo tipo di spinta \u00e8 particolarmente utile se state lanciando una campagna, promuovendo un prodotto o semplicemente volete che il vostro video raggiunga pi\u00f9 persone. Non si tratta solo di gonfiare i numeri, ma di costruire una presenza solida e aumentare le possibilit\u00e0 reali di crescita.<\/p>\n<h3>Vantaggi dell'acquisto di like su TikTok<\/h3>\n<ul>\n<li>\ud83d\udcc8 Miglioramento immediato della visibilit\u00e0 dei video<\/li>\n<li>\ud83d\ude80 Maggiore credibilit\u00e0 con i nuovi utenti<\/li>\n<li>\ud83c\udfaf Maggiore portata grazie all'algoritmo<\/li>\n<li>\ud83d\udcac Maggiore interazione che genera follower organici<\/li>\n<li>\ud83d\udd12 Consegna sicura, senza mettere a rischio il vostro account<\/li>\n<\/ul>\n<p class=\"translation-block\"><strong>Acquistare i like di TikTok<\/strong> \u00e8 utile sia per i nuovi account che per i profili gi\u00e0 affermati che vogliono incrementare i post chiave. Con una buona base di interazioni, ogni nuovo video pubblicato avr\u00e0 maggiori possibilit\u00e0 di essere notato.<\/p>\n<p>Oltre a migliorare la visibilit\u00e0, i like influenzano anche il modo in cui gli utenti interagiscono con il vostro profilo. Quando qualcuno vede che il vostro video ha un buon numero di like, presume automaticamente che il contenuto abbia valore. Questo porta a pi\u00f9 tempo di visualizzazione, pi\u00f9 commenti e, in molti casi, pi\u00f9 follower.<\/p>\n<p class=\"translation-block\"><strong>Acquistare i like di TikTok<\/strong> \u00e8 un modo per rafforzare tutti gli indicatori che l'algoritmo prende in considerazione per far crescere un account in modo organico.<\/p>\n<h2>\u00c8 sicuro acquistare like su TikTok?<\/h2>\n<p>S\u00ec, totalmente sicuro. Non chiediamo password o accesso al vostro account. Tutto ci\u00f2 di cui abbiamo bisogno \u00e8 il link al video che volete incrementare. Il processo \u00e8 progressivo, naturale e pensato per mantenere il vostro profilo sempre protetto.<\/p>\n<p>Lavoriamo con metodi testati e sistemi ottimizzati per garantire risultati efficaci e privi di rischi. <strong>Comprare likes TikTok<\/strong> \u00e8 un modo affidabile per incrementare i contenuti senza compromettere l'integrit\u00e0 dell'account.<\/p>\n<h3>Chi pu\u00f2 beneficiare di questo servizio?<\/h3>\n<p class=\"translation-block\">Chiunque pubblichi contenuti su TikTok. Dai creatori, influencer e imprenditori, ai marchi che vogliono posizionarsi su questa rete. Se state cercando di aumentare la vostra autorit\u00e0, attrarre pi\u00f9 visitatori o rafforzare la vostra strategia, <strong>acquistare I like TikTok<\/strong> \u00e8 quello che fa per voi.<\/p>\n<ul>\n<li>\ud83c\udfa5 Creatori che vogliono rendere virali i loro video<\/li>\n<li>\ud83d\udce2 Marchi che lanciano campagne di marketing<\/li>\n<li>\ud83c\udfaf Influencer in cerca di collaborazioni<\/li>\n<li>\ud83d\udecd\ufe0f Aziende che vendono attraverso TikTok<\/li>\n<li>\ud83d\udcf2 Utenti che vogliono distinguersi pi\u00f9 velocemente<\/li>\n<\/ul>\n<h2>Come funziona?<\/h2>\n<p>Il processo \u00e8 molto semplice. Tutto ci\u00f2 che dovete fare \u00e8 scegliere il pacchetto che meglio si adatta alle vostre esigenze, fornirci il link al video ed effettuare l'ordine. Ci occupiamo noi di tutto. La consegna inizia in breve tempo, in modo progressivo e sicuro.<\/p>\n<p class=\"translation-block\">E se volete che il vostro profilo cresca in modo ancora pi\u00f9 equilibrato, potete combinare questo servizio con l'<a href=\"https:\/\/doymedia.com\/it\/comprare-followers-tiktok\/\" target=\"_self\"><strong>acquisto di follower TikTok<\/strong><\/a> o l'<a href=\"https:\/\/doymedia.com\/it\/comprare-opinioni-tiktok\/\" target=\"_self\"><strong>acquisto di visualizzazioni TikTok<\/strong><\/a>. In questo modo si genera una strategia di crescita reale e sostenibile.<\/p>\n<h2>Ottenete ai vostri video il riconoscimento che meritano<\/h2>\n<p class=\"translation-block\">Non lasciate che i vostri post passino inosservati. Con i <strong>buy TikTok likes<\/strong> potete incrementare i vostri contenuti, migliorare il vostro ranking e ottenere visibilit\u00e0 in pochi minuti. Iniziate oggi stesso e fate in modo che ogni video conti.<\/p>\n<\/div><\/div><\/div><\/div><\/div><\/div><\/div><\/section>","protected":false},"excerpt":{"rendered":"Su TikTok, ogni secondo conta. Puoi avere un video fantastico, ma se non ottiene engagement in breve tempo, l'algoritmo non lo mostrer\u00e0 a pi\u00f9 persone. Ecco perch\u00e9 l'acquisto di like su TikTok \u00e8 diventata una strategia efficace per migliorare la visibilit\u00e0 dei tuoi video, attirare nuovi follower e rafforzare l'autorit\u00e0 del tuo profilo...","protected":false},"featured_media":317,"comment_status":"open","ping_status":"closed","template":"","meta":{"_acf_changed":false},"product_brand":[],"product_cat":[18],"product_tag":[],"class_list":{"0":"post-100","1":"product","2":"type-product","3":"status-publish","4":"has-post-thumbnail","6":"product_cat-tiktok","7":"wcpa_has_options","9":"first","10":"instock","11":"sale","12":"featured","13":"shipping-taxable","14":"purchasable","15":"product-type-variable","16":"has-default-attributes"},"acf":[],"wcpa_form_fields":{"wcpaData":{"product":{"product_price":2.99,"price_html":"","original_product_price":2.99,"price_including_tax":2.99,"price_excluding_tax":2.99,"product_id":{"parent":100,"variation":false},"is_variable":true,"stock_status":"instock","stock_quantity":null,"parent_sku":"","product_attributes":{"cantidad":{"is_variation":true,"values":[]}},"custom_fields":[],"is_taxable":false,"product_name":"Comprar Likes TikTok","hasImage":false},"fields":{"sec_167fa907111f84":{"extra":{"key":"sec_167fa907111f84","section_id":"sec_167fa907111f84","name":"Por defecto","status":1,"toggle":true,"form_id":1048,"form_rules":{"exclude_from_discount":false,"fee_label":"Extras","disp_hide_options_price":false,"disp_show_section_price":false,"disp_show_field_price":false,"layout_option":"standard","pric_use_as_fee":false,"process_fee_as":"woo_fee"},"layout_option":"standard"},"fields":[[{"active":true,"col":5,"relations":false,"cl_rule":"show","enableCl":false,"price":"","enablePrice":false,"className":"","type":"text","subtype":"text","required":true,"elementId":"text_867fa907111f9e","label":"Enlace al V\u00eddeo","name":"text_867fa907111f9e","value":"","error":false,"placeholder":"Ejemplo: https:\/\/www.tiktok.com\/@mrbeast\/video\/7460191038293069102","enableDesign":false,"LabelSize":"16px","gt_translate_keys":["label","placeholder","value"],"price_dependency":false,"cl_dependency":false}],[{"active":true,"col":5,"relations":false,"cl_rule":"show","enableCl":false,"price":"","enablePrice":true,"className":"","label_position":"default","desc_position":"default","type":"select","required":false,"elementId":"select_667fa907111fac","label":"A\u00f1adir Seguidores con Descuento","name":"select_667fa907111fac","values":[{"label":"100 Seguidores","value":"100","selected":false,"tempId":"aco_46","price":"3,89","gt_translate_keys":["label"]},{"label":"500 Seguidores","value":"500","selected":false,"tempId":"aco_1337","price":"6,79","gt_translate_keys":["label"]},{"label":"1.000 Seguidores","value":"1000","selected":false,"tempId":"aco_910","price":"9,69","gt_translate_keys":["label"]},{"label":"2.000 Seguidores","value":"2000","selected":false,"tempId":"aco_911","price":"19,49","gt_translate_keys":["label"]},{"label":"5.000 Seguidores","value":"5000","selected":false,"tempId":"aco_912","price":"58,39","gt_translate_keys":["label"]}],"dropdown_type":"basic","error":false,"placeholder":"Ninguno","priceOptions":"different_for_all","pricingType":"fixed","use_as_fee":false,"enableDesign":false,"LabelSize":"16px","tooltip":"Los seguidores ser\u00e1n entregados al mismo perfil del v\u00eddeo.","gt_translate_keys":["label","placeholder","tooltip"],"price_dependency":false,"cl_dependency":false,"value":""}],[{"label":"A\u00f1adir Views con Descuento","active":true,"required":false,"elementId":"select_867fa907111fb6","dropdown_type":"basic","placeholder":"Ninguno","name":"select_867fa907111fb6","label_position":"default","desc_position":"default","enablePrice":true,"className":"","enableCl":false,"relations":false,"enableDesign":false,"LabelSize":"16px","values":[{"label":"100 Views","value":"100","selected":false,"tempId":"aco_46","price":"1,89","gt_translate_keys":["label"]},{"label":"500 Views","value":"500","selected":false,"tempId":"aco_1337","price":"2,79","gt_translate_keys":["label"]},{"label":"1.000 Views","value":"1000","selected":false,"tempId":"aco_910","price":"3,69","gt_translate_keys":["label"]},{"label":"2.000 Views","value":"2000","selected":false,"tempId":"aco_911","price":"4,59","gt_translate_keys":["label"]},{"label":"5.000 Views","value":"5000","selected":false,"tempId":"aco_912","price":"6,49","gt_translate_keys":["label"]},{"label":"10.000 Views","value":"10000","selected":false,"tempId":"aco_1219","price":"8,79","gt_translate_keys":["label"]},{"label":"50.000 Views","value":"50k","selected":false,"tempId":"aco_977","price":"42,69","gt_translate_keys":["label"]}],"priceOptions":"different_for_all","pricingType":"fixed","price":"","use_as_fee":false,"cl_rule":"show","col":5,"type":"select","error":false,"tooltip":"Los views ser\u00e1n entregados a la misma publicaci\u00f3n.","gt_translate_keys":["label","placeholder","tooltip"],"price_dependency":false,"cl_dependency":false,"value":""}]]}},"config":{"price_override":"","enable_recaptcha":false,"bind_quantity":false,"quantity_bind_formula":false,"disp_summ_show_option_price":false,"disp_summ_show_product_price":false,"disp_summ_show_total_price":false,"disp_summ_show_fee":false,"disp_summ_show_discount":false,"summary_title":"","options_total_label":"Extras","total_label":"Total","options_product_label":"Producto","fee_label":"Extras","discount_label":"Descuento","has_price":true,"has_quantity_formula":false},"mc_unit":1,"tax_rate":1,"tax_rate_real":1,"discount":{"percentage":0,"fixed":0},"design":{"conf":{"LabelPosition":"above","DescPosition":"above","UploadField":"custom_1","QuantityFieldStyle":"default"},"css":{"LeftLabelWidth":"120px"}},"formulas":[],"clones":false,"cartKey":false}},"_links":{"self":[{"href":"https:\/\/doymedia.com\/it\/wp-json\/wp\/v2\/product\/100","targetHints":{"allow":["GET"]}}],"collection":[{"href":"https:\/\/doymedia.com\/it\/wp-json\/wp\/v2\/product"}],"about":[{"href":"https:\/\/doymedia.com\/it\/wp-json\/wp\/v2\/types\/product"}],"replies":[{"embeddable":true,"href":"https:\/\/doymedia.com\/it\/wp-json\/wp\/v2\/comments?post=100"}],"wp:featuredmedia":[{"embeddable":true,"href":"https:\/\/doymedia.com\/it\/wp-json\/wp\/v2\/media\/317"}],"wp:attachment":[{"href":"https:\/\/doymedia.com\/it\/wp-json\/wp\/v2\/media?parent=100"}],"wp:term":[{"taxonomy":"product_brand","embeddable":true,"href":"https:\/\/doymedia.com\/it\/wp-json\/wp\/v2\/product_brand?post=100"},{"taxonomy":"product_cat","embeddable":true,"href":"https:\/\/doymedia.com\/it\/wp-json\/wp\/v2\/product_cat?post=100"},{"taxonomy":"product_tag","embeddable":true,"href":"https:\/\/doymedia.com\/it\/wp-json\/wp\/v2\/product_tag?post=100"}],"curies":[{"name":"wp","href":"https:\/\/api.w.org\/{rel}","templated":true}]}}