{"id":827,"date":"2025-04-10T17:34:41","date_gmt":"2025-04-10T15:34:41","guid":{"rendered":"https:\/\/v2.doymedia.com\/?post_type=product&#038;p=827"},"modified":"2025-07-16T21:41:26","modified_gmt":"2025-07-16T19:41:26","slug":"comprare-follower-su-twitter","status":"publish","type":"product","link":"https:\/\/doymedia.com\/it\/comprar-seguidores-twitter\/","title":{"rendered":"Comprare Follower su Twitter"},"content":{"rendered":"<section class=\"l-section wpb_row height_medium\"><div class=\"l-section-h i-cf\"><div class=\"g-cols vc_row via_flex valign_top type_default stacking_default\"><div class=\"vc_col-sm-12 wpb_column vc_column_container\"><div class=\"vc_column-inner\"><div class=\"wpb_wrapper\"><div class=\"wpb_text_column\"><div class=\"wpb_wrapper\"><p class=\"translation-block\">Su Twitter, il numero di follower \u00e8 una lettera di presentazione. Un account con molti follower trasmette autorit\u00e0, fiducia e rilevanza nel vostro settore. Pertanto, <strong>acquistare follower su Twitter<\/strong> \u00e8 una strategia intelligente per distinguersi fin dal primo sguardo, aumentare la propria credibilit\u00e0 e far crescere il proprio account.<\/p>\n<p class=\"translation-block\">Sia che utilizziate Twitter per il vostro marchio personale, per la vostra azienda, per un progetto professionale o per un contenuto creativo, avere una forte comunit\u00e0 apre le porte a un maggiore coinvolgimento, a una maggiore visibilit\u00e0 e a maggiori opportunit\u00e0. Se siete stanchi di crescere lentamente o di non ottenere il riconoscimento che i vostri contenuti meritano, l'acquisto di follower su Twitter pu\u00f2 darvi la spinta necessaria.<\/p>\n<h2>Perch\u00e9 acquistare follower su Twitter?<\/h2>\n<p class=\"translation-block\">Perch\u00e9 su questa piattaforma la percezione \u00e8 tutto. Un account con pochi follower, anche se ha contenuti interessanti, pu\u00f2 passare inosservato. D'altro canto, quando un account ha una solida base di follower, genera curiosit\u00e0 e fiducia. Acquistando follower su Twitter<\/strong>, si proietta un'immagine forte fin dall'inizio.<\/p>\n<p>Inoltre, il numero di follower influenza il modo in cui gli altri interagiscono con il vostro account. Pi\u00f9 follower attirano pi\u00f9 coinvolgimento, pi\u00f9 retweet, pi\u00f9 menzioni e spesso follower organici. Tutto sta nel generare trazione e sfruttare l'effetto a catena.<\/p>\n<h3>Vantaggi dell'acquisto di follower su Twitter<\/h3>\n<ul>\n<li>\ud83d\udcc8 Aumentare l'autorit\u00e0 e la credibilit\u00e0 del profilo<\/li>\n<li>\ud83d\ude80 D\u00e0 un'immagine professionale e affidabile<\/li>\n<li>\ud83c\udfaf Migliorare il posizionamento di fronte a nuovi utenti<\/li>\n<li>\ud83d\udcac Favorisce l'interazione organica e la crescita naturale<\/li>\n<li>\ud83d\udd12 Servizio sicuro, senza accesso al vostro account<\/li>\n<\/ul>\n<p class=\"translation-block\"><strong>Acquistare follower Twitter<\/strong> \u00e8 utile per tutti i tipi di account: personali, commerciali, istituzionali o creativi. Se volete impressionare i vostri clienti, stringere partnership o semplicemente avere un maggiore impatto nella conversazione digitale, questo servizio pu\u00f2 aiutarvi a raggiungerlo pi\u00f9 velocemente.<\/p>\n<h2>\u00c8 sicuro acquistare follower su Twitter?<\/h2>\n<p>S\u00ec, totalmente sicuro. Non chiediamo mai la vostra password o dati privati. Abbiamo bisogno solo del vostro nome utente pubblico di Twitter. Il nostro sistema si occupa di una consegna graduale e naturale, evitando qualsiasi segno di comportamento artificiale.<\/p>\n<p>Lavoriamo con processi snelli per proteggere il vostro account e migliorare il vostro profilo in modo efficace e discreto. Migliaia di utenti hanno gi\u00e0 utilizzato questo servizio con risultati positivi e senza complicazioni.<\/p>\n<h3>Chi pu\u00f2 beneficiare di questo servizio?<\/h3>\n<p>Questo servizio \u00e8 pensato per qualsiasi persona o progetto che voglia farsi notare maggiormente su Twitter. Da imprenditori e freelance, ad artisti, marchi o aziende che vogliono posizionarsi con maggiore autorevolezza.<\/p>\n<ul>\n<li>\ud83d\udce2 Professionisti che utilizzano Twitter come canale di comunicazione<\/li>\n<li>\ud83c\udfa4 Artisti e creatori che promuovono le loro opere o idee<\/li>\n<li>\ud83d\udcc8 Aziende che vogliono generare un maggiore impatto sociale<\/li>\n<li>\ud83d\udcf2 Imprenditori digitali in cerca di posizionamento<\/li>\n<li>\ud83d\udcac I nuovi clienti che vogliono partire alla grande<\/li>\n<\/ul>\n<p>Inoltre, avere una solida base di follower \u00e8 fondamentale se si vogliono chiudere collaborazioni, campagne di marketing o semplicemente dare una migliore immagine pubblica.<\/p>\n<p class=\"translation-block\">Molti marchi e utenti decidono di seguirvi o contattarvi in base al vostro impatto sociale visibile. Pertanto, <strong>acquistare follower su Twitter<\/strong> non \u00e8 solo una questione di numeri, ma un investimento nella vostra reputazione digitale e nelle opportunit\u00e0 che ne possono derivare.<\/p>\n<h2>Come funziona?<\/h2>\n<p>Acquistare follower su Twitter \u00e8 molto semplice. Tutto ci\u00f2 che dovete fare \u00e8 scegliere il pacchetto pi\u00f9 adatto ai vostri obiettivi, inserire il vostro @utente ed effettuare l'ordine. Noi ci occupiamo della consegna, che avviene in modo naturale e sicuro.<\/p>\n<p class=\"translation-block\">Per una strategia pi\u00f9 completa, \u00e8 possibile combinare questo servizio con l'<a href=\"https:\/\/doymedia.com\/it\/comprare-twitter-likes\/\" target=\"_self\"><strong>acquisto di like su Twitter<\/strong><\/a> o anche con l'<a href=\"https:\/\/doymedia.com\/it\/comprare-voti-su-twitter\/\" target=\"_self\"><strong>acquisto di voti nei sondaggi su Twitter<\/strong><\/a>, e aumentare cos\u00ec non solo i propri follower, ma anche la propria visibilit\u00e0 e partecipazione sulla piattaforma.<\/p>\n<h2>Fai crescere il tuo conto oggi<\/h2>\n<p class=\"translation-block\">Se volete posizionarvi con forza, generare impatto e avere un account che ispiri fiducia fin dal primo sguardo, <strong>acquistare follower Twitter<\/strong> \u00e8 il primo passo. Fate il salto oggi stesso e iniziate a costruire una solida comunit\u00e0 che vi aiuter\u00e0 a raggiungere i vostri obiettivi.<\/p>\n<\/div><\/div><\/div><\/div><\/div><\/div><\/div><\/section>","protected":false},"excerpt":{"rendered":"Su Twitter, il numero di follower \u00e8 una lettera di presentazione. Un account con molti follower trasmette autorit\u00e0, fiducia e rilevanza nel tuo settore. Ecco perch\u00e9 acquistare follower su Twitter \u00e8 una strategia intelligente per distinguersi fin dal primo sguardo, aumentare la tua credibilit\u00e0 e rafforzare il tuo account. Se utilizzi...","protected":false},"featured_media":318,"comment_status":"open","ping_status":"closed","template":"","meta":{"_acf_changed":false},"product_brand":[],"product_cat":[19],"product_tag":[],"class_list":{"0":"post-827","1":"product","2":"type-product","3":"status-publish","4":"has-post-thumbnail","6":"product_cat-twitter","7":"wcpa_has_options","9":"first","10":"instock","11":"sale","12":"shipping-taxable","13":"purchasable","14":"product-type-variable","15":"has-default-attributes"},"acf":[],"wcpa_form_fields":{"wcpaData":{"product":{"product_price":4.99,"price_html":"","original_product_price":4.99,"price_including_tax":4.99,"price_excluding_tax":4.99,"product_id":{"parent":827,"variation":false},"is_variable":true,"stock_status":"instock","stock_quantity":null,"parent_sku":"","product_attributes":{"cantidad":{"is_variation":true,"values":[]}},"custom_fields":[],"is_taxable":false,"product_name":"Comprar Seguidores Twitter","hasImage":false},"fields":{"sec_667faa718b57fe":{"extra":{"key":"sec_667faa718b57fe","section_id":"sec_667faa718b57fe","name":"Por defecto","status":1,"toggle":true,"form_id":1068,"form_rules":{"exclude_from_discount":false,"fee_label":"Extramaterial","disp_hide_options_price":false,"disp_show_section_price":false,"disp_show_field_price":false,"layout_option":"standard","pric_use_as_fee":false,"process_fee_as":"woo_fee"},"layout_option":"standard"},"fields":[[{"active":true,"col":5,"relations":false,"cl_rule":"show","enableCl":false,"price":"","enablePrice":false,"className":"","type":"text","subtype":"text","required":true,"elementId":"text_767faa718b581b","label":"Nombre de Usuario","name":"text_767faa718b581b","value":"","error":false,"placeholder":"Ejemplo: @mrbeast","enableDesign":false,"LabelSize":"16px","gt_translate_keys":["label","placeholder","value"],"price_dependency":false,"cl_dependency":false}],[{"active":true,"col":5,"relations":false,"cl_rule":"show","enableCl":false,"price":"","enablePrice":false,"className":"mensaje-informacion","label_position":"default","desc_position":"default","type":"content","required":false,"elementId":"content_0612173150","label":"","name":"content_0612173150","contentType":"plain","value":"La cuenta tiene que estar en modo p\u00fablico para que lleguen los seguidores.","error":false,"gt_translate_keys":["label","value"],"price_dependency":false,"cl_dependency":false}]]}},"config":{"price_override":"","enable_recaptcha":false,"bind_quantity":false,"quantity_bind_formula":false,"disp_summ_show_option_price":false,"disp_summ_show_product_price":false,"disp_summ_show_total_price":false,"disp_summ_show_fee":false,"disp_summ_show_discount":false,"summary_title":"","options_total_label":"Extramaterial","total_label":"Totalt","options_product_label":"Produkt","fee_label":"Extramaterial","discount_label":"Prisneds\u00e4ttning","has_price":true,"has_quantity_formula":false},"mc_unit":1,"tax_rate":1,"tax_rate_real":1,"discount":{"percentage":0,"fixed":0},"design":{"conf":{"LabelPosition":"above","DescPosition":"above","UploadField":"custom_1","QuantityFieldStyle":"default"},"css":{"LeftLabelWidth":"120px"}},"formulas":[],"clones":false,"cartKey":false}},"_links":{"self":[{"href":"https:\/\/doymedia.com\/it\/wp-json\/wp\/v2\/product\/827","targetHints":{"allow":["GET"]}}],"collection":[{"href":"https:\/\/doymedia.com\/it\/wp-json\/wp\/v2\/product"}],"about":[{"href":"https:\/\/doymedia.com\/it\/wp-json\/wp\/v2\/types\/product"}],"replies":[{"embeddable":true,"href":"https:\/\/doymedia.com\/it\/wp-json\/wp\/v2\/comments?post=827"}],"wp:featuredmedia":[{"embeddable":true,"href":"https:\/\/doymedia.com\/it\/wp-json\/wp\/v2\/media\/318"}],"wp:attachment":[{"href":"https:\/\/doymedia.com\/it\/wp-json\/wp\/v2\/media?parent=827"}],"wp:term":[{"taxonomy":"product_brand","embeddable":true,"href":"https:\/\/doymedia.com\/it\/wp-json\/wp\/v2\/product_brand?post=827"},{"taxonomy":"product_cat","embeddable":true,"href":"https:\/\/doymedia.com\/it\/wp-json\/wp\/v2\/product_cat?post=827"},{"taxonomy":"product_tag","embeddable":true,"href":"https:\/\/doymedia.com\/it\/wp-json\/wp\/v2\/product_tag?post=827"}],"curies":[{"name":"wp","href":"https:\/\/api.w.org\/{rel}","templated":true}]}}