{"id":838,"date":"2025-04-10T17:35:14","date_gmt":"2025-04-10T15:35:14","guid":{"rendered":"https:\/\/v2.doymedia.com\/?post_type=product&#038;p=838"},"modified":"2025-05-12T16:19:10","modified_gmt":"2025-05-12T14:19:10","slug":"comprare-twitter-likes","status":"publish","type":"product","link":"https:\/\/doymedia.com\/it\/comprar-likes-twitter\/","title":{"rendered":"Comprare Likes su Twitter"},"content":{"rendered":"<section class=\"l-section wpb_row height_medium\"><div class=\"l-section-h i-cf\"><div class=\"g-cols vc_row via_flex valign_top type_default stacking_default\"><div class=\"vc_col-sm-12 wpb_column vc_column_container\"><div class=\"vc_column-inner\"><div class=\"wpb_wrapper\"><div class=\"wpb_text_column\"><div class=\"wpb_wrapper\"><p class=\"translation-block\">Su Twitter, i like sono molto pi\u00f9 di una reazione. Rappresentano sostegno, convalida e rilevanza. Quando un tweet accumula molti <em><strong>likes,<\/strong><\/em> guadagna visibilit\u00e0, credibilit\u00e0 e ha maggiori probabilit\u00e0 di diffondersi rapidamente. Pertanto, <strong>acquistare like su Twitter<\/strong> \u00e8 una strategia efficace per migliorare le prestazioni delle vostre pubblicazioni e aumentare la vostra presenza su questo social network.<\/p>\n<p class=\"translation-block\">Se state condividendo contenuti di valore ma non ottenete il coinvolgimento che sperate, <strong>acquistare i like di Twitter<\/strong> pu\u00f2 aiutarvi a innescare l'algoritmo, a ottenere maggiore attenzione e a generare un effetto a catena che attiri retweet, follower e nuovi commenti.<\/p>\n<h2>Perch\u00e9 comprare like su Twitter?<\/h2>\n<p class=\"translation-block\">Perch\u00e9 l'algoritmo e gli utenti rispondono al movimento. Un tweet che riceve molti like in poco tempo acquista slancio e viene mostrato a pi\u00f9 persone. Acquistando i like su Twitter, aumentate le possibilit\u00e0 che i vostri contenuti vengano visti, condivisi e apprezzati da un maggior numero di utenti.<\/p>\n<p class=\"translation-block\">Inoltre, i <em><strong>likes<\/strong><\/strong><\/em> danno forza al vostro profilo. Non importa se siete agli inizi o se avete gi\u00e0 un pubblico, mostrare attivit\u00e0 nei vostri post vi posiziona come un account attivo, attraente e influente. \u00c8 un modo semplice ed efficace per rafforzare la vostra immagine digitale.<\/p>\n<h3>Vantaggi dell'acquisto di like su Twitter<\/h3>\n<ul>\n<li>\ud83d\udcc8 Aumento immediato dell'interazione<\/li>\n<li>\ud83d\ude80 Maggiore visibilit\u00e0 per i vostri tweet importanti<\/li>\n<li>\ud83d\udcac Migliorare la percezione dei vostri contenuti agli occhi degli altri utenti.<\/li>\n<li>\ud83c\udfaf Rafforzare la propria autorit\u00e0 sulla piattaforma<\/li>\n<li>\ud83d\udd12 Consegna sicura, senza compromettere il vostro account<\/li>\n<\/ul>\n<p class=\"translation-block\">Questo servizio \u00e8 utile sia per i singoli utenti che per i marchi, i creatori di contenuti, gli influencer o le aziende. Se state lanciando un messaggio importante, promuovendo qualcosa o semplicemente volete migliorare l'attivit\u00e0 del vostro account, <strong>acquistare like su Twitter<\/strong> \u00e8 uno strumento diretto ed efficace.<\/p>\n<p>Inoltre, quando i vostri post accumulano costantemente like, \u00e8 pi\u00f9 probabile che i nuovi utenti si fidino dei vostri contenuti. Questo aumenta il tempo che trascorrono sul vostro profilo, la probabilit\u00e0 di essere seguiti e il coinvolgimento generale.<\/p>\n<p class=\"translation-block\">&lt;Acquistare like su Twitter<\/strong> non migliora solo le statistiche, ma anche la percezione complessiva che gli altri hanno di voi o del vostro marchio.<\/p>\n<h2>\u00c8 sicuro acquistare i like di Twitter?<\/h2>\n<p>S\u00ec, completamente. Non chiediamo password o accesso al vostro account. Abbiamo solo bisogno del link al tweet che volete potenziare.<\/p>\n<p class=\"translation-block\">Il nostro servizio \u00e8 ottimizzato per essere sicuro, discreto ed efficace. Migliaia di utenti hanno migliorato la visibilit\u00e0 dei loro tweet con noi senza alcun rischio. &lt;Acquistare like su Twitter<\/strong> \u00e8 una decisione strategica, e qui potete farlo in tutta tranquillit\u00e0.<\/p>\n<h3>Chi pu\u00f2 beneficiare di questo servizio?<\/h3>\n<p>Qualsiasi account che voglia migliorare la propria presenza su Twitter. Dagli imprenditori agli artisti, dai marchi ai singoli utenti. Se volete che i vostri post abbiano una maggiore portata e un aspetto pi\u00f9 forte, questo servizio fa per voi.<\/p>\n<ul>\n<li>\ud83d\udce2 Clienti che desiderano rafforzare un messaggio chiave<\/li>\n<li>\ud83d\udcc8 I marchi cercano l'interazione durante i lanci<\/li>\n<li>\ud83c\udfa4 Creatori che condividono contenuti virali<\/li>\n<li>\ud83e\udde0 Esperti o coach che pubblicano contenuti educativi<\/li>\n<li>\ud83d\udcf2 Utenti personali che vogliono distinguersi<\/li>\n<\/ul>\n<h2>Come funziona?<\/h2>\n<p>Tutto ci\u00f2 che dovete fare \u00e8 scegliere il pacchetto di like pi\u00f9 adatto ai vostri obiettivi, fornirci il link al tweet ed effettuare il pagamento. Al resto pensiamo noi. Vedrete come la vostra pubblicazione inizier\u00e0 a ricevere interazioni in pochissimo tempo.<\/p>\n<p class=\"translation-block\">Se desiderate una strategia pi\u00f9 completa, potete combinare questo servizio con l'<a href=\"https:\/\/doymedia.com\/it\/comprare-follower-su-twitter\/\" target=\"_self\"><strong>acquisto di follower Twitter<\/strong><\/a> o con l'<a href=\"https:\/\/doymedia.com\/it\/comprare-voti-su-twitter\/\" target=\"_self\"><strong>acquisto di voti Twitter<\/strong><\/a> per migliorare il vostro profilo in modo globale e coerente.<\/p>\n<p class=\"translation-block\">Ricordate che nei social network la percezione visiva \u00e8 fondamentale. Un post con decine o centinaia di like spicca sul resto e diventa pi\u00f9 attraente ancor prima di essere letto. La prima impressione fa la differenza. Ecco perch\u00e9 <strong>acquistare like su Twitter<\/strong> \u00e8 anche uno strumento di branding e di posizionamento emotivo.<\/p>\n<h2>Fate risaltare i vostri tweet<\/h2>\n<p class=\"translation-block\">Non lasciate che i vostri post si perdano tra migliaia di tweet. Con i <strong>buy Twitter likes<\/strong> potete aumentare la vostra visibilit\u00e0, generare interazioni e migliorare il vostro posizionamento in rete. Sfruttate il potere del coinvolgimento e fate in modo che i vostri messaggi arrivino pi\u00f9 lontano.<\/p>\n<\/div><\/div><\/div><\/div><\/div><\/div><\/div><\/section>","protected":false},"excerpt":{"rendered":"Su Twitter, i like sono molto pi\u00f9 di una reazione. Rappresentano supporto, convalida e rilevanza. Quando un tweet accumula molti like, acquista visibilit\u00e0 e credibilit\u00e0 e ha maggiori probabilit\u00e0 di diffondersi rapidamente. Ecco perch\u00e9 l'acquisto di like su Twitter \u00e8 una strategia efficace per migliorare le performance delle tue pubblicazioni e aumentare la tua presenza su questo social network.....","protected":false},"featured_media":318,"comment_status":"open","ping_status":"closed","template":"","meta":{"_acf_changed":false},"product_brand":[],"product_cat":[19],"product_tag":[],"class_list":{"0":"post-838","1":"product","2":"type-product","3":"status-publish","4":"has-post-thumbnail","6":"product_cat-twitter","7":"wcpa_has_options","9":"first","10":"instock","11":"sale","12":"shipping-taxable","13":"purchasable","14":"product-type-variable","15":"has-default-attributes"},"acf":[],"wcpa_form_fields":{"wcpaData":{"product":{"product_price":3.99,"price_html":"","original_product_price":3.99,"price_including_tax":3.99,"price_excluding_tax":3.99,"product_id":{"parent":838,"variation":false},"is_variable":true,"stock_status":"instock","stock_quantity":null,"parent_sku":"","product_attributes":{"cantidad":{"is_variation":true,"values":[]}},"custom_fields":[],"is_taxable":false,"product_name":"Comprar Likes Twitter","hasImage":false},"fields":{"sec_467faa76f019fe":{"extra":{"key":"sec_467faa76f019fe","section_id":"sec_467faa76f019fe","name":"Por defecto","status":1,"toggle":true,"form_id":1069,"form_rules":{"exclude_from_discount":false,"fee_label":"Extras","disp_hide_options_price":false,"disp_show_section_price":false,"disp_show_field_price":false,"layout_option":"standard","pric_use_as_fee":false,"process_fee_as":"woo_fee"},"layout_option":"standard"},"fields":[[{"active":true,"col":5,"relations":false,"cl_rule":"show","enableCl":false,"price":"","enablePrice":false,"className":"","type":"text","subtype":"text","required":true,"elementId":"text_767faa76f01a1a","label":"Enlace de la Publicaci\u00f3n de Twitter","name":"text_767faa76f01a1a","value":"","error":false,"placeholder":"Ejemplo: https:\/\/x.com\/NASA\/status\/1911109060553847169","enableDesign":false,"LabelSize":"16px","gt_translate_keys":["label","placeholder","value"],"price_dependency":false,"cl_dependency":false}]]}},"config":{"price_override":"","enable_recaptcha":false,"bind_quantity":false,"quantity_bind_formula":false,"disp_summ_show_option_price":false,"disp_summ_show_product_price":false,"disp_summ_show_total_price":false,"disp_summ_show_fee":false,"disp_summ_show_discount":false,"summary_title":"","options_total_label":"Extras","total_label":"Total","options_product_label":"Producto","fee_label":"Extras","discount_label":"Descuento","has_price":true,"has_quantity_formula":false},"mc_unit":1,"tax_rate":1,"tax_rate_real":1,"discount":{"percentage":0,"fixed":0},"design":{"conf":{"LabelPosition":"above","DescPosition":"above","UploadField":"custom_1","QuantityFieldStyle":"default"},"css":{"LeftLabelWidth":"120px"}},"formulas":[],"clones":false,"cartKey":false}},"_links":{"self":[{"href":"https:\/\/doymedia.com\/it\/wp-json\/wp\/v2\/product\/838","targetHints":{"allow":["GET"]}}],"collection":[{"href":"https:\/\/doymedia.com\/it\/wp-json\/wp\/v2\/product"}],"about":[{"href":"https:\/\/doymedia.com\/it\/wp-json\/wp\/v2\/types\/product"}],"replies":[{"embeddable":true,"href":"https:\/\/doymedia.com\/it\/wp-json\/wp\/v2\/comments?post=838"}],"wp:featuredmedia":[{"embeddable":true,"href":"https:\/\/doymedia.com\/it\/wp-json\/wp\/v2\/media\/318"}],"wp:attachment":[{"href":"https:\/\/doymedia.com\/it\/wp-json\/wp\/v2\/media?parent=838"}],"wp:term":[{"taxonomy":"product_brand","embeddable":true,"href":"https:\/\/doymedia.com\/it\/wp-json\/wp\/v2\/product_brand?post=838"},{"taxonomy":"product_cat","embeddable":true,"href":"https:\/\/doymedia.com\/it\/wp-json\/wp\/v2\/product_cat?post=838"},{"taxonomy":"product_tag","embeddable":true,"href":"https:\/\/doymedia.com\/it\/wp-json\/wp\/v2\/product_tag?post=838"}],"curies":[{"name":"wp","href":"https:\/\/api.w.org\/{rel}","templated":true}]}}