{"id":90,"date":"2025-03-27T01:32:40","date_gmt":"2025-03-27T00:32:40","guid":{"rendered":"https:\/\/v2.doymedia.com\/?post_type=product&#038;p=90"},"modified":"2025-06-16T18:37:19","modified_gmt":"2025-06-16T16:37:19","slug":"comprare-followers-instagram","status":"publish","type":"product","link":"https:\/\/doymedia.com\/it\/comprar-seguidores-instagram\/","title":{"rendered":"Comprare Follower Instagram"},"content":{"rendered":"<section class=\"l-section wpb_row height_medium\"><div class=\"l-section-h i-cf\"><div class=\"g-cols vc_row via_flex valign_top type_default stacking_default\"><div class=\"vc_col-sm-12 wpb_column vc_column_container\"><div class=\"vc_column-inner\"><div class=\"wpb_wrapper\"><div class=\"wpb_text_column\"><div class=\"wpb_wrapper\"><h2>Perch\u00e9 acquistare follower su Instagram?<\/h2>\n<p class=\"translation-block\"><a href=\"https:\/\/doymedia.com\/it\/instagram\/\" target=\"_self\">Instagram<\/a> \u00e8 diventata una delle piattaforme pi\u00f9 influenti del mondo digitale. Che abbiate un marchio, un'attivit\u00e0 commerciale, siate creatori di contenuti o vogliate semplicemente farvi notare, l'<strong>acquisto di follower Instagram<\/strong> pu\u00f2 aiutarvi a raggiungere pi\u00f9 velocemente i vostri obiettivi.<\/p>\n<p>In un ambiente cos\u00ec competitivo, il numero di follower non riflette solo la vostra popolarit\u00e0, ma anche la vostra credibilit\u00e0. Un account con una forte comunit\u00e0 trasmette fiducia, attira pi\u00f9 attenzione e genera maggiori opportunit\u00e0.<\/p>\n<h2>Scegliete i follower in base al vostro pubblico di riferimento<\/h2>\n<p class=\"translation-block\">Sappiamo che non tutti i profili cercano la stessa cosa. Ecco perch\u00e9, quando decidi di <strong>acquistare follower Instagram<\/strong> con noi, puoi personalizzare il tuo ordine scegliendo il paese o la lingua dei follower che riceverai. Questa opzione ti permette di concentrare la tua crescita sul pubblico che ti interessa davvero.<\/p>\n<p>\u00c8 possibile selezionare i follower in modo specifico da:<\/p>\n<ul>\n<li>\ud83c\uddea\ud83c\uddfa acquistare follower globali\/europei<\/li>\n<li>\ud83c\uddea\ud83c\uddf8 comprare seguidores espa\u00f1oles<\/li>\n<li>\ud83c\uddee\ud83c\uddf9 acquistare tifosi italiani<\/li>\n<li>\ud83c\uddeb\ud83c\uddf7 acquistare follower francesi<\/li>\n<li>\ud83c\uddec\ud83c\udde7 acquistare follower di lingua inglese<\/li>\n<li>\ud83c\udde7\ud83c\uddf7 acquistare seguaci brasiliani<\/li>\n<\/ul>\n<p class=\"translation-block\">Questa segmentazione \u00e8 ideale se i vostri contenuti, il vostro marchio o la vostra attivit\u00e0 sono rivolti a un pubblico specifico. Acquistando follower Instagram<\/strong> per paese, non solo aumentate la vostra community, ma rafforzate anche la coerenza del vostro profilo e migliorate il vostro posizionamento all'interno di un mercato locale.<\/p>\n<p>Che siate creatori di contenuti, influencer, imprenditori o aziende, poter scegliere il tipo di follower che desiderate vi d\u00e0 un chiaro vantaggio sulla concorrenza. Crescete in modo strategico, con follower che si sommano e vi avvicinano ai vostri obiettivi reali.<\/p>\n<h3>Quali sono i reali vantaggi dell'acquisto di follower Insta?<\/h3>\n<h4>Momento e visibilit\u00e0 immediati<\/h4>\n<p class=\"translation-block\">I primi follower sono i pi\u00f9 difficili da ottenere. &lt;Comprare follower Instagram<\/strong> vi d\u00e0 quella spinta iniziale che rompe la barriera dell'anonimato e vi posiziona con forza nella vostra nicchia.<\/p>\n<h4>Migliorare la presenza organica<\/h4>\n<p>Instagram favorisce gli account attivi con un maggiore coinvolgimento. Avendo pi\u00f9 follower, aumentano le possibilit\u00e0 che i vostri contenuti appaiano nella sezione \"Esplora\" o vengano consigliati ad altri utenti.<\/p>\n<h4>Effetto sociale: attirate pi\u00f9 persone<\/h4>\n<p>Un account con molti follower genera maggiore fiducia. Le persone sono pi\u00f9 disposte a seguire profili che hanno gi\u00e0 una comunit\u00e0 alle spalle, il che accelera la vostra crescita organica.<\/p>\n<h4>Vantaggi per il vostro marchio o la vostra azienda<\/h4>\n<p>Che siate imprenditori o gestori di un'attivit\u00e0 commerciale, avere pi\u00f9 follower vi d\u00e0 la possibilit\u00e0 di avere una maggiore visibilit\u00e0:<\/p>\n<ul>\n<li>Maggiore autorit\u00e0 nel vostro settore<\/li>\n<li>Pi\u00f9 partnership e opportunit\u00e0 commerciali<\/li>\n<li>Aumento della conversione dei visitatori in clienti<\/li>\n<li>Reputazione e posizionamento rispetto ai concorrenti<\/li>\n<\/ul>\n<h3>Pacchetti per acquistare follower su Instagram<\/h3>\n<h4>Da 100 a 100.000<\/h4>\n<p>Noi di DoyMedia offriamo pacchetti su misura per tutti i tipi di profili, dai primi utenti ai marchi affermati che vogliono scalare la loro presenza:<\/p>\n<ul>\n<li>\u2b50 <strong>Da 100 a 1.000 follower:<\/strong> perfetto per iniziare bene e acquisire fiducia nei primi passi.<\/li>\n<li>\ud83d\udd25 <strong>Da 2.000 a 10.000 follower:<\/strong> ideale per i clienti in crescita che vogliono distinguersi e aumentare la propria portata.<\/li>\n<li>\ud83d\udc8e <strong>Da 20.000 a 100.000 follower:<\/strong> progettato per marchi, influencer e aziende che puntano molto sulla loro presenza su Instagram.<\/li>\n<\/ul>\n<p><strong>Tutti i pacchetti comprendono:<\/strong><\/p>\n<ul>\n<li>Inseguitori di alta qualit\u00e0<\/li>\n<li>Consegna rapida, graduale e naturale<\/li>\n<li>Assistenza tecnica in ogni momento<\/li>\n<li>Prezzi convenienti e niente scritte in piccolo<\/li>\n<\/ul>\n<h2>Come funziona il processo di acquisto?<\/h2>\n<p>Comprare seguaci di Instagram su <strong>DoyMedia<\/strong> \u00e8 facile, veloce e sicuro. Basta seguire questi passaggi:<\/p>\n<ol>\n<li>Scegliete il pacchetto pi\u00f9 adatto ai vostri obiettivi<\/li>\n<li>Inserite il vostro nome utente di Instagram (non vi chiediamo mai la password)<\/li>\n<li>Pagare con carta, bonifico bancario o criptovalute<\/li>\n<li>Iniziate a vedere il vostro conto crescere automaticamente<\/li>\n<\/ol>\n<h2>\u00c8 sicuro acquistare follower su Instagram?<\/h2>\n<p>S\u00ec, \u00e8 completamente sicuro se lo si fa con un fornitore professionale come <strong>DoyMedia.<\/strong><\/p>\n<p>Prendiamo molto sul serio la sicurezza del vostro account e lavoriamo con processi progettati per proteggere il vostro profilo in ogni momento.<br \/>\n\u2800<br \/>\nNon vi chiediamo la vostra password o altri dati privati. Abbiamo solo bisogno del vostro nome utente per avviare il processo.<br \/>\n\u2800<br \/>\nUtilizziamo metodi sicuri, evitando qualsiasi tipo di tecnica invasiva.<br \/>\n\u2800<br \/>\nIl vostro account \u00e8 in buone mani. Migliaia di clienti si affidano a noi per crescere su Instagram senza complicazioni o rischi.<\/p>\n<h2>Domande frequenti<\/h2>\n<p><strong>Quando inizio a ricevere follower su Instagram?<\/strong><br \/>\nLa consegna inizia entro 24 ore dal pagamento. La crescita \u00e8 graduale per una maggiore sicurezza.<\/p>\n<p><strong>I follower sono di alta qualit\u00e0?<\/strong><br \/>\nS\u00ec, i nostri follower sono profili di alta qualit\u00e0, attivi o semi-attivi, che conferiscono autenticit\u00e0 al vostro account.<\/p>\n<p><strong>Quali metodi di pagamento accettate?<\/strong><br \/>\n\u00c8 possibile pagare con carta di credito\/debito, bonifico bancario o criptovaluta. Tutte le transazioni sono criptate e protette.<\/p>\n<p><strong>Posso perdere follower nel tempo?<\/strong><br \/>\n\u00c8 normale che nel tempo si verifichi un piccolo calo, ma tutti i nostri pacchetti includono una garanzia di sostituzione.<\/p>\n<h2>Suggerimenti su come ottenere il massimo dai vostri nuovi follower<\/h2>\n<p><strong>Acquistare follower su Instagram<\/strong> \u00e8 solo il primo passo. Per far crescere il vostro conto in modo sano, vi consigliamo:<\/p>\n<ol>\n<li>Pubblicare contenuti di qualit\u00e0 e coerenti<\/li>\n<li>Interagire con il pubblico: rispondere a commenti e messaggi<\/li>\n<li>Utilizzate hashtag pertinenti e strategici<\/li>\n<li>Ottimizzate il vostro profilo: una buona biografia, una foto attraente e link ben posizionati.<\/li>\n<\/ol>\n<h3>Conclusione<\/h3>\n<p><strong>Acquistare follower su Instagram<\/strong> potrebbe essere la svolta necessaria per potenziare il vostro account e distinguervi in una rete sempre pi\u00f9 competitiva. A <a href=\"https:\/\/doymedia.com\/it\/\">DoyMedia<\/a> vi offriamo una soluzione sicura, efficace e personalizzata, con risultati visibili fin dal primo momento.<\/p>\n<p><strong>Siete pronti a fare il grande passo?<\/strong><\/p>\n<p>Scegliete il vostro pacchetto e iniziate a crescere oggi stesso.<\/p>\n<\/div><\/div><\/div><\/div><\/div><\/div><\/div><\/section>","protected":false},"excerpt":{"rendered":"Perch\u00e9 acquistare follower su Instagram? Instagram \u00e8 diventata una delle piattaforme pi\u00f9 influenti del mondo digitale. Se hai un marchio, un'attivit\u00e0 commerciale, sei un creatore di contenuti o vuoi semplicemente farti notare, acquistare follower Instagram pu\u00f2 aiutarti a raggiungere pi\u00f9 velocemente i tuoi obiettivi. In un ambiente cos\u00ec competitivo, il numero di follower \u00e8...","protected":false},"featured_media":227,"comment_status":"open","ping_status":"closed","template":"","meta":{"_acf_changed":false},"product_brand":[],"product_cat":[17],"product_tag":[],"class_list":{"0":"post-90","1":"product","2":"type-product","3":"status-publish","4":"has-post-thumbnail","6":"product_cat-instagram","7":"wcpa_has_options","9":"first","10":"instock","11":"sale","12":"featured","13":"shipping-taxable","14":"purchasable","15":"product-type-variable","16":"has-default-attributes"},"acf":[],"wcpa_form_fields":{"wcpaData":{"product":{"product_price":2.45,"price_html":"","original_product_price":2.45,"price_including_tax":2.45,"price_excluding_tax":2.45,"product_id":{"parent":90,"variation":false},"is_variable":true,"stock_status":"instock","stock_quantity":null,"parent_sku":"","product_attributes":{"cantidad":{"is_variation":true,"values":[]}},"custom_fields":[],"is_taxable":false,"product_name":"Comprar Seguidores Instagram","hasImage":false},"fields":{"sec_267e553b11d9d9":{"extra":{"key":"sec_267e553b11d9d9","section_id":"sec_267e553b11d9d9","name":"Por defecto","status":1,"toggle":true,"form_id":365,"form_rules":{"exclude_from_discount":false,"fee_label":"Extra","disp_hide_options_price":false,"disp_show_section_price":false,"disp_show_field_price":false,"layout_option":"standard","pric_use_as_fee":false,"process_fee_as":"woo_fee"},"layout_option":"standard"},"fields":[[{"active":true,"col":5,"relations":false,"cl_rule":"show","enableCl":false,"price":"","enablePrice":true,"className":"","label_position":"default","desc_position":"default","type":"select","required":false,"elementId":"select_3471114851","label":"Origen de los Seguidores","name":"select_3471114851","values":[{"label":"\ud83c\uddea\ud83c\uddf8 Espa\u00f1a y Latam","value":"espa\u00f1a-latam","selected":false,"tempId":"aco_394","price":"100","gt_translate_keys":["label"]},{"label":"\ud83c\uddee\ud83c\uddf9 Italia","value":"italia","selected":false,"tempId":"aco_395","price":"100","gt_translate_keys":["label"]},{"label":"\ud83c\uddeb\ud83c\uddf7 Francia","value":"francia","selected":false,"tempId":"aco_396","price":"100","gt_translate_keys":["label"]},{"label":"\ud83c\uddfa\ud83c\uddf8 Habla Inglesa","value":"ingles","selected":false,"tempId":"aco_3069","price":"100","gt_translate_keys":["label"]},{"label":"\ud83c\udde7\ud83c\uddf7 Brasil","value":"brasil","selected":false,"tempId":"aco_1135","price":"70","gt_translate_keys":["label"]}],"dropdown_type":"basic","error":false,"placeholder":"\ud83c\udf0d Origen Europeo\/Mundial de Alta Calidad","priceOptions":"different_for_all","pricingType":"percentage","fee_label":"","option_price_format":"(+{price})","enableDesign":false,"LabelSize":"16px","gt_translate_keys":["label","placeholder"],"price_dependency":false,"cl_dependency":false,"value":""}],[{"active":true,"col":5,"relations":false,"cl_rule":"show","enableCl":false,"price":"","enablePrice":false,"className":"","type":"text","subtype":"text","required":true,"elementId":"text_0824276801","label":"Nombre de Usuario","name":"text_0824276801","value":"","error":false,"placeholder":"Ejemplo: @cristiano","enableDesign":false,"LabelSize":"16px","gt_translate_keys":["label","placeholder","value"],"price_dependency":false,"cl_dependency":false}],[{"active":true,"col":5,"relations":false,"cl_rule":"show","enableCl":false,"price":"","enablePrice":false,"className":"mensaje-informacion","label_position":"default","desc_position":"default","type":"content","required":false,"elementId":"content_1916604213","label":"","name":"content_1916604213","contentType":"rich","value":"<p>La cuenta tiene que estar en modo p\u00fablico para que lleguen los seguidores.<\/p>","error":false,"gt_translate_keys":["label","value"],"price_dependency":false,"cl_dependency":false}],[{"active":true,"col":5,"relations":false,"cl_rule":"show","enableCl":false,"price":"","enablePrice":true,"className":"","label_position":"default","desc_position":"default","type":"select","required":false,"elementId":"select_2712115011","label":"A\u00f1adir Likes con Descuento","name":"select_2712115011","values":[{"label":"100 Likes","value":"100","selected":false,"tempId":"aco_46","price":"2,89","gt_translate_keys":["label"]},{"label":"1.000 Likes","value":"1000","selected":false,"tempId":"aco_910","price":"7,79","gt_translate_keys":["label"]},{"label":"2.000 Likes","value":"2000","selected":false,"tempId":"aco_911","price":"15,69","gt_translate_keys":["label"]},{"label":"5.000 Likes","value":"5000","selected":false,"tempId":"aco_912","price":"28,59","gt_translate_keys":["label"]},{"label":"10.000 Likes","value":"10000","selected":false,"tempId":"aco_1219","price":"47,49","gt_translate_keys":["label"]},{"label":"20.000 Likes","value":"20000","selected":false,"tempId":"aco_1337","price":"96,29","gt_translate_keys":["label"]}],"dropdown_type":"basic","error":false,"placeholder":"Ninguno","priceOptions":"different_for_all","pricingType":"fixed","use_as_fee":false,"enableDesign":false,"LabelSize":"16px","gt_translate_keys":["label","placeholder"],"price_dependency":false,"cl_dependency":["select_0932092145"],"value":""}],[{"active":true,"col":5,"relations":[{"operator":false,"rules":[{"operator":"AND","rules":{"cl_field":"select_2712115011","cl_relation":"is_not_empty","cl_val":""}}]}],"cl_rule":"show","enableCl":true,"price":"","enablePrice":false,"className":"","label_position":"default","desc_position":"default","type":"select","required":true,"elementId":"select_0932092145","label":"\u00bfLikes o Auto Likes?","name":"select_0932092145","values":[{"label":"Likes en Posts Publicados","value":"likes","selected":false,"tempId":"aco_2442","gt_translate_keys":["label"]},{"label":"Auto Likes en Futuras Publicaciones","value":"autolikes","selected":false,"tempId":"aco_2443","gt_translate_keys":["label"]}],"dropdown_type":"basic","error":false,"placeholder":"Elegir Opcion","gt_translate_keys":["label","placeholder"],"price_dependency":false,"cl_dependency":["text_2923715016","textarea_1851094281"],"value":""}],[{"active":true,"col":5,"relations":[{"operator":false,"rules":[{"operator":"AND","rules":{"cl_field":"select_0932092145","cl_relation":"is","cl_val":"autolikes"}}]}],"cl_rule":"show","enableCl":true,"price":"","enablePrice":false,"className":"","label_position":"default","desc_position":"default","type":"text","subtype":"text","required":true,"elementId":"text_2923715016","label":"En cu\u00e1ntas publicaciones quieres dividir los auto likes","name":"text_2923715016","value":"","error":false,"placeholder":"Introduce el n\u00famero de publicaciones","gt_translate_keys":["label","placeholder","value"],"price_dependency":false,"cl_dependency":false}],[{"active":true,"col":5,"relations":[{"operator":false,"rules":[{"operator":"AND","rules":{"cl_field":"select_0932092145","cl_relation":"is","cl_val":"likes"}}]}],"cl_rule":"show","enableCl":true,"price":"","enablePrice":false,"className":"","label_position":"default","desc_position":"default","type":"textarea","required":true,"elementId":"textarea_1851094281","label":"Enlaces a las Publicaciones","name":"textarea_1851094281","value":"","rows":2,"error":false,"placeholder":"Introducir Enlaces de esta Forma:\nhttps:\/\/www.instagram.com\/p\/DHv8leWsF1u\/\nhttps:\/\/www.instagram.com\/p\/DHtVg-9sa5W\/","gt_translate_keys":["label","placeholder","value"],"price_dependency":false,"cl_dependency":false}]]}},"config":{"price_override":"","enable_recaptcha":false,"bind_quantity":false,"quantity_bind_formula":false,"disp_summ_show_option_price":false,"disp_summ_show_product_price":false,"disp_summ_show_total_price":false,"disp_summ_show_fee":false,"disp_summ_show_discount":false,"summary_title":"","options_total_label":"Extra","total_label":"Totale","options_product_label":"Prodotto","fee_label":"Extra","discount_label":"Descuento","has_price":true,"has_quantity_formula":false},"mc_unit":1,"tax_rate":1,"tax_rate_real":1,"discount":{"percentage":0,"fixed":0},"design":{"conf":{"LabelPosition":"above","DescPosition":"above","UploadField":"custom_1","QuantityFieldStyle":"default"},"css":{"LeftLabelWidth":"120px"}},"formulas":[],"clones":false,"cartKey":false}},"_links":{"self":[{"href":"https:\/\/doymedia.com\/it\/wp-json\/wp\/v2\/product\/90","targetHints":{"allow":["GET"]}}],"collection":[{"href":"https:\/\/doymedia.com\/it\/wp-json\/wp\/v2\/product"}],"about":[{"href":"https:\/\/doymedia.com\/it\/wp-json\/wp\/v2\/types\/product"}],"replies":[{"embeddable":true,"href":"https:\/\/doymedia.com\/it\/wp-json\/wp\/v2\/comments?post=90"}],"wp:featuredmedia":[{"embeddable":true,"href":"https:\/\/doymedia.com\/it\/wp-json\/wp\/v2\/media\/227"}],"wp:attachment":[{"href":"https:\/\/doymedia.com\/it\/wp-json\/wp\/v2\/media?parent=90"}],"wp:term":[{"taxonomy":"product_brand","embeddable":true,"href":"https:\/\/doymedia.com\/it\/wp-json\/wp\/v2\/product_brand?post=90"},{"taxonomy":"product_cat","embeddable":true,"href":"https:\/\/doymedia.com\/it\/wp-json\/wp\/v2\/product_cat?post=90"},{"taxonomy":"product_tag","embeddable":true,"href":"https:\/\/doymedia.com\/it\/wp-json\/wp\/v2\/product_tag?post=90"}],"curies":[{"name":"wp","href":"https:\/\/api.w.org\/{rel}","templated":true}]}}