{"id":91,"date":"2025-03-27T01:32:40","date_gmt":"2025-03-27T00:32:40","guid":{"rendered":"https:\/\/v2.doymedia.com\/?post_type=product&#038;p=91"},"modified":"2025-07-28T20:32:09","modified_gmt":"2025-07-28T18:32:09","slug":"comprare-likes-su-instagram","status":"publish","type":"product","link":"https:\/\/doymedia.com\/it\/comprar-likes-instagram\/","title":{"rendered":"Comprare Likes su Instagram"},"content":{"rendered":"<section class=\"l-section wpb_row height_medium\"><div class=\"l-section-h i-cf\"><div class=\"g-cols vc_row via_flex valign_top type_default stacking_default\"><div class=\"vc_col-sm-12 wpb_column vc_column_container\"><div class=\"vc_column-inner\"><div class=\"wpb_wrapper\"><div class=\"wpb_text_column\"><div class=\"wpb_wrapper\"><p class=\"translation-block\">Su Instagram, la prima impressione \u00e8 tutto. Si pubblica una foto o un video e, in pochi secondi, gli utenti giudicano gi\u00e0 se il contenuto \u00e8 valido. Se non riceve alcuna interazione, \u00e8 probabile che passi inosservato. Ecco perch\u00e9 <strong>acquistare like su Instagram<\/strong> \u00e8 diventato uno strumento essenziale per chi vuole distinguersi, aumentare la propria portata e proiettare un'immagine forte fin dal primo sguardo.<\/p>\n<p class=\"translation-block\">I like non sono solo un numero. Rappresentano visibilit\u00e0, fiducia e convalida sociale. Quando un post riceve molti <strong>mi piace<\/strong>, l'algoritmo di Instagram lo interpreta come un contenuto rilevante e lo mostra a pi\u00f9 persone. Questo vi aiuta a ottenere una portata organica, a <a href=\"https:\/\/doymedia.com\/it\/comprare-followers-instagram\/\" target=\"_self\">attrarre nuovi follower<\/a> e a migliorare il vostro posizionamento sulla piattaforma.<\/p>\n<h2>Perch\u00e9 acquistare i like di Instagram?<\/h2>\n<p class=\"translation-block\">Instagram \u00e8 una rete visiva, competitiva e in rapida evoluzione. I post durano solo pochi secondi nel feed di un utente. Per questo motivo, catturare immediatamente l'attenzione \u00e8 essenziale. Acquistando i \"Mi piace\" su Instagram, aumenterete la portata dei vostri post e genererete un impatto maggiore.<\/p>\n<p>Che siate un marchio, un'azienda locale, un influencer in crescita o un account personale che desidera maggiore visibilit\u00e0, <strong>Comprare like su Instagram<\/strong> \u00e8 una strategia che pu\u00f2 aiutarvi ad accelerare la vostra crescita senza complicazioni.<\/p>\n<h3>Vantaggi dell'acquisto di like su Instagram<\/h3>\n<ul>\n<li>\ud83d\udcc8 Maggiore visibilit\u00e0 per le vostre pubblicazioni<\/li>\n<li>\ud83d\ude80 Potenziamento istantaneo per migliorare il vostro posizionamento<\/li>\n<li>\ud83d\udd01 Aumento dell'interazione e della diffusione organica<\/li>\n<li>\ud83d\udcac Migliorare la percezione pubblica del vostro profilo<\/li>\n<li>\ud83d\udd12 Consegna sicura, discreta e senza compromessi al vostro account<\/li>\n<\/ul>\n<p>Inoltre, <strong>Comprare like su Instagram<\/strong> vi aiuta a distinguervi dalla concorrenza. Gli utenti tendono a interagire di pi\u00f9 con i contenuti gi\u00e0 attivi. Questo genera un effetto domino che moltiplica le interazioni, attirando naturalmente pi\u00f9 follower.<\/p>\n<h2>\u00c8 sicuro acquistare i like di Instagram?<\/h2>\n<p>S\u00ec, assolutamente. Non chiediamo password o accesso al vostro account. \u00c8 sufficiente fornire il link al post che si desidera incrementare. Il nostro sistema si occupa di tutto il resto, garantendo una consegna progressiva, naturale e conforme alle politiche di utilizzo di Instagram.<\/p>\n<p>La sicurezza del vostro account \u00e8 la nostra priorit\u00e0. Tutti i nostri processi sono progettati per proteggere il vostro profilo e garantirvi i risultati che vi aspettate, senza mettere a rischio la vostra reputazione o i vostri dati personali.<\/p>\n<h3>Chi pu\u00f2 beneficiare di questo servizio?<\/h3>\n<p class=\"translation-block\">Questo servizio \u00e8 pensato per tutti gli utenti che vogliono migliorare le prestazioni dei propri contenuti. Non importa se siete agli inizi o se avete gi\u00e0 una community: <strong>buy Instagram likes<\/strong> pu\u00f2 aiutarvi ad andare avanti con maggiore forza e costanza.<\/p>\n<ul>\n<li>\ud83c\udfaf Influencer che vogliono un maggiore coinvolgimento<\/li>\n<li>\ud83d\udecd\ufe0f Aziende che promuovono prodotti o servizi<\/li>\n<li>\ud83d\udcf8 Creatori di contenuti alla ricerca della viralit\u00e0<\/li>\n<li>\ud83d\udcc8 Marchi personali che vogliono aumentare la propria autorit\u00e0<\/li>\n<li>\ud83d\udce2 Nuovi conti che hanno bisogno di essere avviati<\/li>\n<\/ul>\n<h2>Scegliete da dove provengono i vostri like<\/h2>\n<p class=\"translation-block\">Uno dei grandi vantaggi di <strong>acquistare like su Instagram<\/strong> con noi \u00e8 che potete personalizzare l'origine dei \"mi piace\" che ricevete. Sappiamo che la segmentazione \u00e8 fondamentale, ecco perch\u00e9 offriamo la possibilit\u00e0 di selezionare i like da diverse regioni in base al vostro pubblico o ai vostri obiettivi.<\/p>\n<p>\u00c8 possibile scegliere tra:<\/p>\n<ul>\n<li>\ud83c\uddea\ud83c\uddfa acquista likes mondiali\/europei<\/li>\n<li>\ud83c\uddea\ud83c\uddf8 comprare likes spagnoli<\/li>\n<li>\ud83c\uddee\ud83c\uddf9 comprare likes italiani<\/li>\n<li>\ud83c\uddeb\ud83c\uddf7 comprare likes francesi<\/li>\n<li>\ud83c\uddec\ud83c\udde7 acquistare likes di lingua inglese<\/li>\n<li>\ud83c\udde7\ud83c\uddf7 acquistare likes brasiliani<\/li>\n<\/ul>\n<p class=\"translation-block\">Questa opzione \u00e8 ideale per migliorare la coerenza delle vostre statistiche, aumentare la credibilit\u00e0 locale dei vostri post o concentrare i vostri sforzi su un mercato specifico. Sia che abbiate un'azienda in Spagna, sia che stiate lavorando sul vostro marchio personale in Italia o in Brasile, potete <strong>acquistare Instagram likes<\/strong> completamente su misura per il vostro pubblico.<\/p>\n<h2>Come funziona il processo?<\/h2>\n<p>\u00c8 molto semplice. Basta scegliere il numero di like desiderato e fornirci il link del post. Una volta confermato l'ordine, attiviamo la consegna gradualmente per garantire una crescita naturale. Vedrete i risultati in poco tempo.<\/p>\n<p>Se avete bisogno di aiuto o avete domande, il nostro team di supporto \u00e8 a vostra disposizione per assistervi prima, durante e dopo l'acquisto. Vogliamo che la vostra esperienza sia fluida e soddisfacente fin dal primo clic.<\/p>\n<h2>Iniziate a distinguervi su Instagram oggi stesso<\/h2>\n<p>Migliaia di utenti si affidano gi\u00e0 a questo servizio per migliorare la propria presenza su Instagram. Se anche voi volete che i vostri post abbiano un impatto maggiore, <strong>Comprare like su Instagram<\/strong> \u00e8 il vostro migliore alleato.<\/p>\n<p>Non lasciate che i vostri contenuti si perdano nel feed. Aumentate subito la visibilit\u00e0, il coinvolgimento e il riconoscimento del vostro profilo. Scegliete il vostro pacchetto, effettuate l'ordine e iniziate a vedere i vostri post risaltare pi\u00f9 che mai.<\/p>\n<\/div><\/div><\/div><\/div><\/div><\/div><\/div><\/section>","protected":false},"excerpt":{"rendered":"Su Instagram, la prima impressione \u00e8 tutto. Pubblichi una foto o un video e, in pochi secondi, gli utenti stanno gi\u00e0 giudicando se il tuo contenuto \u00e8 valido. Se non riceve interazioni, \u00e8 probabile che passi inosservato. Ecco perch\u00e9 l'acquisto di like su Instagram \u00e8 diventato uno strumento essenziale per chi vuole distinguersi, aumentare il proprio coinvolgimento,...","protected":false},"featured_media":227,"comment_status":"open","ping_status":"closed","template":"","meta":{"_acf_changed":false},"product_brand":[],"product_cat":[17],"product_tag":[],"class_list":{"0":"post-91","1":"product","2":"type-product","3":"status-publish","4":"has-post-thumbnail","6":"product_cat-instagram","7":"wcpa_has_options","9":"first","10":"instock","11":"sale","12":"featured","13":"shipping-taxable","14":"purchasable","15":"product-type-variable","16":"has-default-attributes"},"acf":[],"wcpa_form_fields":{"wcpaData":{"product":{"product_price":1.99,"price_html":"","original_product_price":1.99,"price_including_tax":1.99,"price_excluding_tax":1.99,"product_id":{"parent":91,"variation":false},"is_variable":true,"stock_status":"instock","stock_quantity":null,"parent_sku":"","product_attributes":{"cantidad":{"is_variation":true,"values":[]}},"custom_fields":[],"is_taxable":false,"product_name":"Comprar Likes Instagram","hasImage":false},"fields":{"sec_367f6f7cee7714":{"extra":{"key":"sec_367f6f7cee7714","section_id":"sec_367f6f7cee7714","name":"Por defecto","status":1,"toggle":true,"form_id":817,"form_rules":{"exclude_from_discount":false,"fee_label":"Extra's","disp_hide_options_price":false,"disp_show_section_price":false,"disp_show_field_price":false,"layout_option":"standard","pric_use_as_fee":false,"process_fee_as":"woo_fee"},"layout_option":"standard"},"fields":[[{"active":true,"col":5,"relations":false,"cl_rule":"show","enableCl":false,"price":"","enablePrice":true,"className":"","label_position":"default","desc_position":"default","type":"select","required":false,"elementId":"select_867f6f7cee773a","label":"Origen de los Likes","name":"select_867f6f7cee773a","values":[{"label":"\ud83c\uddea\ud83c\uddf8 Espa\u00f1a y Latam","value":"espa\u00f1a-latam","selected":false,"tempId":"aco_394","price":"50","gt_translate_keys":["label"]},{"label":"\ud83c\uddee\ud83c\uddf9 Italia","value":"italia","selected":false,"tempId":"aco_395","price":"50","gt_translate_keys":["label"]},{"label":"\ud83c\uddeb\ud83c\uddf7 Francia","value":"francia","selected":false,"tempId":"aco_396","price":"50","gt_translate_keys":["label"]},{"label":"\ud83c\uddfa\ud83c\uddf8 Habla Inglesa","value":"ingles","selected":false,"tempId":"aco_3069","price":"100","gt_translate_keys":["label"]},{"label":"\ud83c\udde7\ud83c\uddf7 Brasil","value":"brasil","selected":false,"tempId":"aco_1135","price":"50","gt_translate_keys":["label"]}],"dropdown_type":"basic","error":false,"placeholder":"\ud83c\udf0d Origen Europeo\/Mundial de Alta Calidad","priceOptions":"different_for_all","pricingType":"percentage","fee_label":"","option_price_format":"(+{price})","gt_translate_keys":["label","placeholder"],"price_dependency":false,"cl_dependency":false,"value":""}],[{"active":true,"col":5,"relations":false,"cl_rule":"show","enableCl":false,"price":"","enablePrice":false,"className":"","type":"text","subtype":"text","required":true,"elementId":"text_867f6f7cee7749","label":"Enlace de la Publicaci\u00f3n","name":"text_867f6f7cee7749","value":"","error":false,"placeholder":"Ejemplo: https:\/\/www.instagram.com\/p\/DGxqbv9oVTD\/","gt_translate_keys":["label","placeholder","value"],"price_dependency":false,"cl_dependency":false}],[{"active":true,"col":5,"relations":false,"cl_rule":"show","enableCl":false,"price":"","enablePrice":true,"className":"","label_position":"default","desc_position":"default","type":"select","required":false,"elementId":"select_767f6f7cee7756","label":"A\u00f1adir Views con Descuento","name":"select_767f6f7cee7756","values":[{"label":"100 Views","value":"100","selected":false,"tempId":"aco_910","price":"1,89","gt_translate_keys":["label"]},{"label":"500 Views","value":"500","selected":false,"tempId":"aco_911","price":"3,79","gt_translate_keys":["label"]},{"label":"1.000 Views","value":"1000","selected":false,"tempId":"aco_912","price":"4,69","gt_translate_keys":["label"]},{"label":"5.000 Views","value":"5000","selected":false,"tempId":"aco_1337","price":"17,99","gt_translate_keys":["label"]},{"label":"10.000 Views","value":"10000","selected":false,"tempId":"aco_1059","price":"26,99","gt_translate_keys":["label"]},{"label":"50.000 Views","value":"50000","selected":false,"tempId":"aco_5222","price":"99,99","gt_translate_keys":["label"]}],"dropdown_type":"basic","error":false,"placeholder":"Ninguno","priceOptions":"different_for_all","pricingType":"fixed","use_as_fee":false,"option_price_format":"","tooltip":"Los views se pondr\u00e1n a la misma publicaci\u00f3n si es un v\u00eddeo.","gt_translate_keys":["label","placeholder","tooltip"],"price_dependency":false,"cl_dependency":false,"value":""}],[{"label":"A\u00f1adir Seguidores con Descuento","active":true,"required":false,"elementId":"select-9377214537","dropdown_type":"basic","placeholder":"Ninguno","tooltip":"Los seguidores se pondr\u00e1n al mismo perfil de la publicaci\u00f3n.","name":"select-9377214537","label_position":"default","desc_position":"default","enablePrice":true,"className":"","enableCl":false,"relations":false,"option_price_format":"","values":[{"label":"100 Seguidores","value":"100","selected":false,"tempId":"aco_910","price":"2,45","gt_translate_keys":["label"]},{"label":"500 Seguidores","value":"500","selected":false,"tempId":"aco_911","price":"6,50","gt_translate_keys":["label"]},{"label":"1.000 Seguidores","value":"1000","selected":false,"tempId":"aco_912","price":"9,50","gt_translate_keys":["label"]},{"label":"5.000 Seguidores","value":"5000","selected":false,"tempId":"aco_1337","price":"39,50","gt_translate_keys":["label"]},{"label":"10.000 Seguidores","value":"10000","selected":false,"tempId":"aco_1059","price":"79,50","gt_translate_keys":["label"]}],"priceOptions":"different_for_all","pricingType":"fixed","price":"","use_as_fee":false,"cl_rule":"show","col":5,"type":"select","error":false,"gt_translate_keys":["label","placeholder","tooltip"],"price_dependency":false,"cl_dependency":false,"value":""}]]}},"config":{"price_override":"","enable_recaptcha":false,"bind_quantity":false,"quantity_bind_formula":false,"disp_summ_show_option_price":false,"disp_summ_show_product_price":false,"disp_summ_show_total_price":false,"disp_summ_show_fee":false,"disp_summ_show_discount":false,"summary_title":"","options_total_label":"Extra's","total_label":"Totaal","options_product_label":"Product","fee_label":"Extra's","discount_label":"Korting","has_price":true,"has_quantity_formula":false},"mc_unit":1,"tax_rate":1,"tax_rate_real":1,"discount":{"percentage":0,"fixed":0},"design":{"conf":{"LabelPosition":"above","DescPosition":"above","UploadField":"custom_1","QuantityFieldStyle":"default"},"css":{"LeftLabelWidth":"120px"}},"formulas":[],"clones":false,"cartKey":false}},"_links":{"self":[{"href":"https:\/\/doymedia.com\/it\/wp-json\/wp\/v2\/product\/91","targetHints":{"allow":["GET"]}}],"collection":[{"href":"https:\/\/doymedia.com\/it\/wp-json\/wp\/v2\/product"}],"about":[{"href":"https:\/\/doymedia.com\/it\/wp-json\/wp\/v2\/types\/product"}],"replies":[{"embeddable":true,"href":"https:\/\/doymedia.com\/it\/wp-json\/wp\/v2\/comments?post=91"}],"wp:featuredmedia":[{"embeddable":true,"href":"https:\/\/doymedia.com\/it\/wp-json\/wp\/v2\/media\/227"}],"wp:attachment":[{"href":"https:\/\/doymedia.com\/it\/wp-json\/wp\/v2\/media?parent=91"}],"wp:term":[{"taxonomy":"product_brand","embeddable":true,"href":"https:\/\/doymedia.com\/it\/wp-json\/wp\/v2\/product_brand?post=91"},{"taxonomy":"product_cat","embeddable":true,"href":"https:\/\/doymedia.com\/it\/wp-json\/wp\/v2\/product_cat?post=91"},{"taxonomy":"product_tag","embeddable":true,"href":"https:\/\/doymedia.com\/it\/wp-json\/wp\/v2\/product_tag?post=91"}],"curies":[{"name":"wp","href":"https:\/\/api.w.org\/{rel}","templated":true}]}}