{"id":92,"date":"2025-03-27T01:32:40","date_gmt":"2025-03-27T00:32:40","guid":{"rendered":"https:\/\/v2.doymedia.com\/?post_type=product&#038;p=92"},"modified":"2025-04-10T17:35:37","modified_gmt":"2025-04-10T15:35:37","slug":"comprare-voti-su-twitter","status":"publish","type":"product","link":"https:\/\/doymedia.com\/it\/comprar-votos-twitter\/","title":{"rendered":"Comprare voti su Twitter"},"content":{"rendered":"<section class=\"l-section wpb_row height_medium\"><div class=\"l-section-h i-cf\"><div class=\"g-cols vc_row via_flex valign_top type_default stacking_default\"><div class=\"vc_col-sm-12 wpb_column vc_column_container\"><div class=\"vc_column-inner\"><div class=\"wpb_wrapper\"><div class=\"wpb_text_column\"><div class=\"wpb_wrapper\"><p class=\"translation-block\">I sondaggi su Twitter sono diventati uno strumento potente per attirare l'attenzione, generare coinvolgimento e rendere visibili le decisioni alla vostra comunit\u00e0. Ma se non si ottengono abbastanza voti, il sondaggio perde di impatto. Ecco perch\u00e9 <strong>acquistare voti su Twitter<\/strong> \u00e8 una soluzione rapida e sicura per emergere nei sondaggi e proiettare autorit\u00e0 sulla piattaforma.<\/p>\n<p class=\"translation-block\">Sia che utilizziate un sondaggio per scopi di marketing, strategia, intrattenimento o semplicemente per influenzare una decisione pubblica, l'aumento dei voti pu\u00f2 aiutarvi a controllare il risultato, generare conversazioni e coinvolgere pi\u00f9 persone. Con il nostro servizio potete <strong>acquistare voti su Twitter<\/strong> facilmente, scegliendo l'opzione che preferite in modo che i risultati riflettano le vostre esigenze.<\/p>\n<h2>Perch\u00e9 comprare voti su Twitter?<\/h2>\n<p class=\"translation-block\">I sondaggi con molti voti attirano maggiore attenzione. Quando gli utenti vedono una votazione attiva, con centinaia o migliaia di partecipanti, tendono a partecipare. Questo genera un effetto valanga che d\u00e0 visibilit\u00e0 e credibilit\u00e0 alla vostra pubblicazione. Se inoltre volete rafforzare un risultato specifico, <strong>acquistare voti su Twitter<\/strong> vi permette di avere un'influenza diretta e immediata.<\/p>\n<p>Questo servizio \u00e8 ideale per creatori di contenuti, influencer, aziende, account personali o marchi che utilizzano i sondaggi come parte della loro strategia. Potete usarlo per rafforzare un'idea, lanciare una campagna virale, generare engagement o semplicemente vincere un voto.<\/p>\n<h3>Vantaggi dell'acquisto di voti su Twitter<\/h3>\n<ul>\n<li>\ud83d\udcca Rafforzare il risultato del sondaggio<\/li>\n<li>\ud83d\udd25 Aumenta la visibilit\u00e0 e la partecipazione<\/li>\n<li>\ud83d\ude80 Migliorare la portata organica del vostro tweet<\/li>\n<li>Influenza la percezione del pubblico<\/li>\n<li>\ud83d\udd12 Consegna sicura, senza ripercussioni sul vostro account<\/li>\n<\/ul>\n<p class=\"translation-block\">Acquistare <strong>voti su Twitter<\/strong> \u00e8 utile sia che vogliate vincere un sondaggio pubblico sia che vogliate migliorare le prestazioni dei vostri post. Pi\u00f9 voti ottiene il vostro sondaggio, pi\u00f9 sar\u00e0 rilevante per l'algoritmo e agli occhi del vostro pubblico.<\/p>\n<h2>\u00c8 sicuro comprare voti su Twitter?<\/h2>\n<p>S\u00ec, assolutamente. Non chiediamo password o accesso al vostro account. Abbiamo solo bisogno del link al vostro tweet con il sondaggio attivo e del numero di voti che desiderate per l'opzione scelta. Il processo \u00e8 veloce, discreto e sicuro. I voti vengono consegnati in modo naturale e nei tempi concordati.<\/p>\n<p>Il nostro sistema \u00e8 ottimizzato per proteggere la vostra privacy e fornire risultati privi di rischi. Sappiamo quanto sia importante mantenere il vostro conto al sicuro, ed \u00e8 per questo che lavoriamo con metodi comprovati che soddisfano i pi\u00f9 alti standard del settore.<\/p>\n<h3>Chi pu\u00f2 beneficiare di questo servizio?<\/h3>\n<p>Questo servizio \u00e8 perfetto per tutti i tipi di utenti che vogliono ottenere autorit\u00e0 o controllo sui risultati di un sondaggio. \u00c8 possibile <strong>comprare voti Twitter<\/strong> per campagne personali, lotterie, concorsi o post virali. Non \u00e8 necessario avere migliaia di follower perch\u00e9 il vostro sondaggio abbia un impatto.<\/p>\n<ul>\n<li>\ud83c\udfaf Influencer che vogliono incrementare i contenuti<\/li>\n<li>\ud83d\uddf3\ufe0f Conti che partecipano a sondaggi competitivi<\/li>\n<li>\ud83d\udcc8 Marchi che pongono domande strategiche al loro pubblico<\/li>\n<li>\ud83d\udce2 Utenti che vogliono indirizzare il voto verso un'opzione specifica<\/li>\n<li>\ud83d\udcac Creatori in cerca di viralit\u00e0 o conversazione<\/li>\n<\/ul>\n<h2>Come funziona il processo di acquisto?<\/h2>\n<p class=\"translation-block\">&lt;Acquistare voti su Twitter<\/strong> con noi \u00e8 molto semplice. Dovete solo scegliere il numero di voti che desiderate, copiare il link diretto del vostro tweet con il sondaggio attivo e selezionare l'opzione che volete promuovere. Al resto pensiamo noi.<\/p>\n<p>Una volta effettuato l'ordine, iniziamo la consegna dei voti.<\/p>\n<p class=\"translation-block\">&lt;Comprare voti su Twitter<\/strong> \u00e8 il modo pi\u00f9 diretto ed efficace per fare la differenza in un sondaggio. Se state cercando una piccola spinta per generare pi\u00f9 interazione o volete assicurarvi che un'opzione vinca a mani basse, questo servizio \u00e8 fatto apposta per voi.<\/p>\n<h2>Iniziate a guadagnare i vostri sondaggi oggi stesso<\/h2>\n<p>Se oltre a vincere i sondaggi volete costruire un profilo pi\u00f9 completo e visibile, vi consigliamo di <a href=\"https:\/\/doymedia.com\/it\/comprare-follower-su-twitter\/\"><strong>acquistare follower su Twitter<\/strong><\/a> per far crescere la vostra comunit\u00e0 e <a href=\"https:\/\/doymedia.com\/it\/comprare-twitter-likes\/\"><strong>acquistare like su Twitter<\/strong><\/a> per rafforzare il coinvolgimento delle vostre pubblicazioni. Si tratta di servizi complementari che vi aiuteranno a proiettare un'immagine pi\u00f9 forte e professionale sulla piattaforma.<br \/>\nMigliaia di utenti hanno gi\u00e0 utilizzato questo servizio per ottenere pi\u00f9 voti nei loro sondaggi e migliorare la loro presenza su Twitter. Se anche voi volete che il vostro voto risalti, <strong>comprare voti Twitter<\/strong> \u00e8 il modo pi\u00f9 rapido ed efficace per raggiungere questo obiettivo.<\/p>\n<p>Scegliete il numero di voti che desiderate, dateci il link al vostro sondaggio e noi ci occuperemo del resto. Potete iniziare con una piccola spinta o far vincere la vostra scelta con un ampio margine. La scelta \u00e8 vostra.<\/p>\n<p class=\"translation-block\">Non lasciate il risultato al caso. Influenzate, evidenziate e controllate i vostri sondaggi con sicurezza e risultati garantiti. <strong>Acquistare voti su Twitter<\/strong> vi d\u00e0 il controllo. Semplificate, fate le cose per bene.<\/p>\n<\/div><\/div><\/div><\/div><\/div><\/div><\/div><\/section>","protected":false},"excerpt":{"rendered":"I sondaggi su Twitter sono diventati uno strumento potente per attirare l'attenzione, generare coinvolgimento e rendere visibili le decisioni della tua comunit\u00e0. Ma se non ottieni abbastanza voti, il tuo sondaggio perde di impatto. Ecco perch\u00e9 acquistare voti su Twitter \u00e8 una soluzione rapida e sicura per emergere nei sondaggi e proiettare autorit\u00e0 sulla piattaforma.....","protected":false},"featured_media":318,"comment_status":"open","ping_status":"closed","template":"","meta":{"_acf_changed":false},"product_brand":[],"product_cat":[19],"product_tag":[],"class_list":{"0":"post-92","1":"product","2":"type-product","3":"status-publish","4":"has-post-thumbnail","6":"product_cat-twitter","7":"wcpa_has_options","9":"first","10":"instock","11":"shipping-taxable","12":"purchasable","13":"product-type-variable","14":"has-default-attributes"},"acf":[],"wcpa_form_fields":{"wcpaData":{"product":{"product_price":1.99,"price_html":"","original_product_price":1.99,"price_including_tax":1.99,"price_excluding_tax":1.99,"product_id":{"parent":92,"variation":false},"is_variable":true,"stock_status":"instock","stock_quantity":null,"parent_sku":"","product_attributes":{"cantidad":{"is_variation":true,"values":[]}},"custom_fields":[],"is_taxable":false,"product_name":"Comprar Votos Twitter","hasImage":false},"fields":{"sec_167faa7c614353":{"extra":{"key":"sec_167faa7c614353","section_id":"sec_167faa7c614353","name":"Por defecto","status":1,"toggle":true,"form_id":1071,"form_rules":{"exclude_from_discount":false,"fee_label":"Extras","disp_hide_options_price":false,"disp_show_section_price":false,"disp_show_field_price":false,"layout_option":"standard","pric_use_as_fee":false,"process_fee_as":"woo_fee"},"layout_option":"standard"},"fields":[[{"active":true,"col":5,"relations":false,"cl_rule":"show","enableCl":false,"price":"","enablePrice":false,"className":"","type":"text","subtype":"text","required":true,"elementId":"text_667faa7c61436c","label":"Enlace de la Publicaci\u00f3n de Twitter","name":"text_667faa7c61436c","value":"","error":false,"placeholder":"Ejemplo: https:\/\/x.com\/NASA\/status\/1911109060553847169","enableDesign":false,"LabelSize":"16px","gt_translate_keys":["label","placeholder","value"],"price_dependency":false,"cl_dependency":false}],[{"label":"Opci\u00f3n a Votar","active":true,"required":true,"elementId":"text-2562894642","value":"","placeholder":"Escribe la opci\u00f3n a votar, por ejemplo: OPCI\u00d3N 1 Barack Obama","name":"text-2562894642","enablePrice":false,"className":"","enableCl":false,"relations":false,"enableDesign":false,"LabelSize":"16px","subtype":"text","price":"","cl_rule":"show","col":5,"type":"text","error":false,"gt_translate_keys":["label","placeholder","value"],"price_dependency":false,"cl_dependency":false}]]}},"config":{"price_override":"","enable_recaptcha":false,"bind_quantity":false,"quantity_bind_formula":false,"disp_summ_show_option_price":false,"disp_summ_show_product_price":false,"disp_summ_show_total_price":false,"disp_summ_show_fee":false,"disp_summ_show_discount":false,"summary_title":"","options_total_label":"Extras","total_label":"Total","options_product_label":"Producto","fee_label":"Extras","discount_label":"Descuento","has_price":true,"has_quantity_formula":false},"mc_unit":1,"tax_rate":1,"tax_rate_real":1,"discount":{"percentage":0,"fixed":0},"design":{"conf":{"LabelPosition":"above","DescPosition":"above","UploadField":"custom_1","QuantityFieldStyle":"default"},"css":{"LeftLabelWidth":"120px"}},"formulas":[],"clones":false,"cartKey":false}},"_links":{"self":[{"href":"https:\/\/doymedia.com\/it\/wp-json\/wp\/v2\/product\/92","targetHints":{"allow":["GET"]}}],"collection":[{"href":"https:\/\/doymedia.com\/it\/wp-json\/wp\/v2\/product"}],"about":[{"href":"https:\/\/doymedia.com\/it\/wp-json\/wp\/v2\/types\/product"}],"replies":[{"embeddable":true,"href":"https:\/\/doymedia.com\/it\/wp-json\/wp\/v2\/comments?post=92"}],"wp:featuredmedia":[{"embeddable":true,"href":"https:\/\/doymedia.com\/it\/wp-json\/wp\/v2\/media\/318"}],"wp:attachment":[{"href":"https:\/\/doymedia.com\/it\/wp-json\/wp\/v2\/media?parent=92"}],"wp:term":[{"taxonomy":"product_brand","embeddable":true,"href":"https:\/\/doymedia.com\/it\/wp-json\/wp\/v2\/product_brand?post=92"},{"taxonomy":"product_cat","embeddable":true,"href":"https:\/\/doymedia.com\/it\/wp-json\/wp\/v2\/product_cat?post=92"},{"taxonomy":"product_tag","embeddable":true,"href":"https:\/\/doymedia.com\/it\/wp-json\/wp\/v2\/product_tag?post=92"}],"curies":[{"name":"wp","href":"https:\/\/api.w.org\/{rel}","templated":true}]}}