{"id":93,"date":"2025-03-27T01:32:40","date_gmt":"2025-03-27T00:32:40","guid":{"rendered":"https:\/\/v2.doymedia.com\/?post_type=product&#038;p=93"},"modified":"2025-07-16T21:42:25","modified_gmt":"2025-07-16T19:42:25","slug":"comprare-visualizzazioni-su-youtube","status":"publish","type":"product","link":"https:\/\/doymedia.com\/it\/comprar-views-youtube\/","title":{"rendered":"Comprare visualizzazioni Youtube"},"content":{"rendered":"<section class=\"l-section wpb_row height_medium\"><div class=\"l-section-h i-cf\"><div class=\"g-cols vc_row via_flex valign_top type_default stacking_default\"><div class=\"vc_col-sm-12 wpb_column vc_column_container\"><div class=\"vc_column-inner\"><div class=\"wpb_wrapper\"><div class=\"wpb_text_column\"><div class=\"wpb_wrapper\"><p class=\"translation-block\">Su YouTube, la prima impressione conta. Un video con migliaia di visualizzazioni attira l'attenzione, crea fiducia e attira pi\u00f9 clic. Se state creando contenuti di valore ma non ottenete la portata che vi aspettate, l'<strong>acquisto di visualizzazioni su YouTube<\/strong> pu\u00f2 aiutarvi a migliorare il vostro posizionamento, ad aumentare la vostra visibilit\u00e0 e a guadagnare rilevanza sulla pi\u00f9 grande piattaforma di video online.<\/p>\n<p class=\"translation-block\">Acquistando visualizzazioni su YouTube,<\/strong> si compie il primo passo per potenziare strategicamente il proprio canale. I video con molte visualizzazioni tendono a comparire nelle raccomandazioni dell'algoritmo, a guadagnare autorevolezza e a fidelizzare meglio gli spettatori. Questa spinta iniziale pu\u00f2 fare la differenza tra un video che ristagna e uno che diventa virale.<\/p>\n<h2>Perch\u00e9 acquistare visualizzazioni su YouTube?<\/h2>\n<p class=\"translation-block\">Pubblicare contenuti di qualit\u00e0 non \u00e8 pi\u00f9 sufficiente. L'algoritmo di YouTube favorisce i video attivi fin dall'inizio. Acquistando visualizzazioni su YouTube,<\/strong> aumentate le possibilit\u00e0 che il vostro video venga inserito nei feed dei nuovi utenti, appaia nella sezione \"trending\" o addirittura nelle ricerche correlate.<\/p>\n<p>Inoltre, quando gli utenti vedono un video con molte visualizzazioni, lo percepiscono automaticamente come pi\u00f9 prezioso o rilevante. Questa prova sociale influenza direttamente la decisione di riprodurre il contenuto, iscriversi al canale o condividerlo. Pi\u00f9 visualizzazioni = pi\u00f9 credibilit\u00e0.<\/p>\n<h3>Vantaggi dell'acquisto di visualizzazioni su YouTube<\/h3>\n<ul>\n<li>\ud83d\udcc8 Maggiore visibilit\u00e0 sin dai primi minuti<\/li>\n<li>\ud83c\udfaf Miglioramento delle classifiche di ricerca e delle raccomandazioni<\/li>\n<li>\ud83e\udd1d Acquisire autorit\u00e0 di fronte al pubblico<\/li>\n<li>\ud83d\udcca Aumenta il tasso di click-through e la fidelizzazione degli spettatori<\/li>\n<li>\ud83d\udd12 Consegna progressiva, sicura e protetta per il vostro account<\/li>\n<\/ul>\n<p>Il <strong>acquistare visualizzazioni su YouTube<\/strong> \u00e8 uno strumento fondamentale per crescere in un ambiente sempre pi\u00f9 competitivo. \u00c8 ideale per i nuovi creatori, per i canali aziendali, per i marchi personali o per qualsiasi utente che voglia dare una reale visibilit\u00e0 ai propri contenuti.<\/p>\n<h2>\u00c8 sicuro acquistare visualizzazioni su YouTube?<\/h2>\n<p>S\u00ec, non \u00e8 necessario condividere la password o dare accesso al proprio canale. Vi chiediamo solo il link al video che volete potenziare. La nostra piattaforma utilizza sistemi affidabili per garantire una crescita naturale, con un'erogazione progressiva che simula un comportamento organico.<\/p>\n<p class=\"translation-block\">Inoltre, lavoriamo in base a politiche sicure e con server stabili che ci permettono di consegnare le visualizzazioni senza intaccare la reputazione del vostro canale. &lt;Acquistare visualizzazioni su YouTube<\/strong> con noi \u00e8 sinonimo di privacy, velocit\u00e0 e risultati visibili.<\/p>\n<h3>Come funziona?<\/h3>\n<p>Il processo \u00e8 molto semplice: selezionate il pacchetto di visualizzazioni pi\u00f9 adatto al vostro obiettivo, fornite il link al video e completate l'ordine. Il nostro sistema si occuper\u00e0 di distribuire le visualizzazioni gradualmente, per mantenere un modello di crescita naturale e sicuro.<\/p>\n<p>Vedrete il vostro video iniziare a ricevere visualizzazioni in pochissimo tempo e potrete concentrarvi sulla creazione di contenuti mentre noi vi aiutiamo ad aumentare la vostra portata. Inoltre, in caso di domande, il nostro team di assistenza \u00e8 sempre disponibile ad aiutarvi.<\/p>\n<h2>Chi dovrebbe acquistare visualizzazioni su YouTube?<\/h2>\n<p class=\"translation-block\">Questo servizio \u00e8 pensato per tutti i tipi di creatori e profili. Che siate un influencer, un marchio, un'azienda o un creatore indipendente, <strong>acquistare visualizzazioni su YouTube<\/strong> pu\u00f2 essere la spinta necessaria per iniziare a crescere davvero.<\/p>\n<ul>\n<li>\ud83c\udfa5 I creatori che vogliono spingere per un nuovo video<\/li>\n<li>\ud83d\udce2 Marchi che lanciano campagne o prodotti<\/li>\n<li>\ud83d\udcbc Societ\u00e0 che pubblicano contenuti informativi o commerciali<\/li>\n<li>\ud83d\udcc8 Nuovi canali che necessitano di una trazione iniziale<\/li>\n<li>\ud83e\udde0 Esperti che cercano di posizionarsi nella propria nicchia di mercato<\/li>\n<\/ul>\n<h2>Fai crescere il tuo canale oggi<\/h2>\n<p class=\"translation-block\">Migliaia di utenti si sono gi\u00e0 affidati a questo servizio per migliorare le prestazioni dei loro video. Se anche voi volete ottenere visibilit\u00e0, aumentare l'interazione e far arrivare i vostri contenuti pi\u00f9 lontano, <strong>acquistare YouTube plays<\/strong> \u00e8 la scelta migliore.<\/p>\n<p class=\"translation-block\">Se volete incrementare ulteriormente le prestazioni del vostro canale, potete anche <strong><a href=\"https:\/\/doymedia.com\/it\/comprare-abbonati-a-youtube\/\" target=\"_self\">acquistare abbonati a YouTube<\/a><\/strong> per aumentare la vostra community o <strong><a href=\"https:\/\/doymedia.com\/it\/comprare-likes-su-youtube\/\" target=\"_self\">acquistare likes su YouTube<\/a><\/strong> e rafforzare l'interazione sui vostri video. Combinare le visualizzazioni con i like e gli abbonati vi aiuter\u00e0 a posizionarvi meglio nell'algoritmo e a proiettare un'immagine pi\u00f9 forte al vostro pubblico.<\/p>\n<p>Non lasciate che i vostri contenuti passino inosservati. Iniziate oggi stesso, scegliete il vostro pacchetto e portate i vostri video al livello successivo con una strategia che funziona.<\/p>\n<\/div><\/div><\/div><\/div><\/div><\/div><\/div><\/section>","protected":false},"excerpt":{"rendered":"Su YouTube, la prima impressione conta. Un video con migliaia di visualizzazioni attira l'attenzione, crea fiducia e attira pi\u00f9 click. Se stai creando contenuti di valore ma non riesci a raggiungere i risultati sperati, l'acquisto di visualizzazioni su YouTube pu\u00f2 aiutarti a migliorare il tuo posizionamento, ad aumentare la tua visibilit\u00e0 e a guadagnare rilevanza sulla pi\u00f9 grande piattaforma...","protected":false},"featured_media":243,"comment_status":"open","ping_status":"closed","template":"","meta":{"_acf_changed":false},"product_brand":[],"product_cat":[21],"product_tag":[],"class_list":{"0":"post-93","1":"product","2":"type-product","3":"status-publish","4":"has-post-thumbnail","6":"product_cat-youtube","7":"wcpa_has_options","9":"first","10":"instock","11":"sale","12":"featured","13":"shipping-taxable","14":"purchasable","15":"product-type-variable","16":"has-default-attributes"},"acf":[],"wcpa_form_fields":{"wcpaData":{"product":{"product_price":4.99,"price_html":"","original_product_price":4.99,"price_including_tax":4.99,"price_excluding_tax":4.99,"product_id":{"parent":93,"variation":false},"is_variable":true,"stock_status":"instock","stock_quantity":null,"parent_sku":"","product_attributes":{"cantidad":{"is_variation":true,"values":[]}},"custom_fields":[],"is_taxable":false,"product_name":"Comprar Views Youtube","hasImage":false},"fields":{"sec_867fa91c83b955":{"extra":{"key":"sec_867fa91c83b955","section_id":"sec_867fa91c83b955","name":"Por defecto","status":1,"toggle":true,"form_id":1050,"form_rules":{"exclude_from_discount":false,"fee_label":"Extras","disp_hide_options_price":false,"disp_show_section_price":false,"disp_show_field_price":false,"layout_option":"standard","pric_use_as_fee":false,"process_fee_as":"woo_fee"},"layout_option":"standard"},"fields":[[{"active":true,"col":4,"relations":false,"cl_rule":"show","enableCl":false,"price":"","enablePrice":true,"className":"","label_position":"default","desc_position":"default","type":"select","required":true,"elementId":"select_6182222893","label":"Origen de los Views","name":"select_6182222893","values":[{"label":"\ud83c\udf0d Views Mundiales","value":"visitas mundiales","selected":false,"tempId":"aco_3935","price":"0","gt_translate_keys":["label"]},{"label":"\ud83c\udf0d Views Mundiales de Alta Retenci\u00f3n","value":"visitas mundiales alta retenci\u00f3n","selected":false,"tempId":"aco_5036","price":"100","gt_translate_keys":["label"]},{"label":"\ud83d\udde3\ufe0f Hispano-Hablantes","value":"hispano-hablantes","selected":false,"tempId":"aco_4090","price":"100","gt_translate_keys":["label"]},{"label":"\ud83c\uddea\ud83c\uddf8 Espa\u00f1a","value":"espa\u00f1a","selected":false,"tempId":"aco_3934","price":"100","gt_translate_keys":["label"]},{"label":"\ud83c\uddee\ud83c\uddf9 Italia","value":"italia","selected":false,"tempId":"aco_10568","price":"100","gt_translate_keys":["label"]},{"label":"\ud83c\uddeb\ud83c\uddf7 Francia","value":"francia","selected":false,"tempId":"aco_10803","price":"100","gt_translate_keys":["label"]},{"label":"\ud83c\udde6\ud83c\uddea Emiratos \u00c1rabes","value":"Emiratos-Arabes","selected":false,"tempId":"aco_959","price":"100","gt_translate_keys":["label"]},{"label":"\ud83c\uddfa\ud83c\uddf8 USA desde Ads","value":"USA-ads","selected":false,"tempId":"aco_11128","price":"200","gt_translate_keys":["label"]},{"label":"\ud83c\uddec\ud83c\udde7 UK desde Ads","value":"reino unido","selected":false,"tempId":"aco_1527","price":"200","gt_translate_keys":["label"]},{"label":"\ud83c\uddf5\ud83c\uddf9 Portugal","value":"portugal","selected":false,"tempId":"aco_12385","price":"100","gt_translate_keys":["label"]},{"label":"\ud83c\udde9\ud83c\uddea Alemania","value":"Alemania","selected":false,"tempId":"aco_172","price":"100","gt_translate_keys":["label"]},{"label":"\ud83c\uddf3\ud83c\uddf1 Holanda","value":"holanda","selected":false,"tempId":"aco_11480","price":"100","gt_translate_keys":["label"]},{"label":"\ud83c\uddf8\ud83c\uddea Suecia","value":"Suecia","selected":false,"tempId":"aco_480","price":"100","gt_translate_keys":["label"]},{"label":"\ud83c\uddf7\ud83c\uddf4 Ruman\u00eda","value":"rumania","selected":false,"tempId":"aco_11733","price":"100","gt_translate_keys":["label"]},{"label":"\ud83c\uddf7\ud83c\uddf8 Serbia","value":"Serbia","selected":false,"tempId":"aco_715","price":"100","gt_translate_keys":["label"]},{"label":"\ud83c\udde6\ud83c\uddf7 Argentina","value":"argentina","selected":false,"tempId":"aco_3936","price":"100","gt_translate_keys":["label"]},{"label":"\ud83c\udde8\ud83c\uddf4 Colombia","value":"colombia","selected":false,"tempId":"aco_5730","price":"100","gt_translate_keys":["label"]},{"label":"\ud83c\udde8\ud83c\uddf1 Chile","value":"chile","selected":false,"tempId":"aco_6082","price":"100","gt_translate_keys":["label"]},{"label":"\ud83c\udde8\ud83c\uddf7 Costa Rica","value":"costa rica","selected":false,"tempId":"aco_6218","price":"100","gt_translate_keys":["label"]},{"label":"\ud83c\uddf8\ud83c\uddfb El Salvador","value":"el salvador","selected":false,"tempId":"aco_6579","price":"100","gt_translate_keys":["label"]},{"label":"\ud83c\uddea\ud83c\udde8 Ecuador","value":"ecuador","selected":false,"tempId":"aco_6922","price":"100","gt_translate_keys":["label"]},{"label":"\ud83c\uddfb\ud83c\uddea Venezuela","value":"venezuela","selected":false,"tempId":"aco_7283","price":"100","gt_translate_keys":["label"]},{"label":"\ud83c\uddec\ud83c\uddf9 Gautemala","value":"guatemala","selected":false,"tempId":"aco_7590","price":"100","gt_translate_keys":["label"]},{"label":"\ud83c\udde9\ud83c\uddf4 Rep\u00fablica Dominicana","value":"Rep\u00fablica Dominicana","selected":false,"tempId":"aco_7879","price":"100","gt_translate_keys":["label"]},{"label":"\ud83c\uddf5\ud83c\udde6 Panam\u00e1","value":"Panama","selected":false,"tempId":"aco_8636","price":"100","gt_translate_keys":["label"]},{"label":"\ud83c\uddf5\ud83c\uddfe Paraguay","value":"Paraguay","selected":false,"tempId":"aco_8934","price":"100","gt_translate_keys":["label"]},{"label":"\ud83c\uddf5\ud83c\uddea Per\u00fa","value":"Peru","selected":false,"tempId":"aco_9223","price":"100","gt_translate_keys":["label"]},{"label":"\ud83c\uddf5\ud83c\uddf7 Puerto Rico","value":"puerto rico","selected":false,"tempId":"aco_9575","price":"100","gt_translate_keys":["label"]},{"label":"\ud83c\uddf3\ud83c\uddee Nicaragua","value":"nicaragua","selected":false,"tempId":"aco_9954","price":"100","gt_translate_keys":["label"]},{"label":"\ud83c\uddfa\ud83c\uddfe Uruguay","value":"uruguay","selected":false,"tempId":"aco_10243","price":"100","gt_translate_keys":["label"]}],"dropdown_type":"basic","error":false,"placeholder":"Seleccionar Origen de los Views","priceOptions":"different_for_all","pricingType":"percentage","option_price_format":"(+{price})","gt_translate_keys":["label","placeholder"],"price_dependency":false,"cl_dependency":false,"value":""}],[{"active":true,"col":4,"relations":false,"cl_rule":"show","enableCl":false,"price":"","enablePrice":false,"className":"","type":"text","subtype":"text","required":true,"elementId":"text_867fa91c83b970","label":"Enlace al V\u00eddeo","name":"text_867fa91c83b970","value":"","error":false,"placeholder":"Ejemplo: https:\/\/www.youtube.com\/watch?v=aDF_ESN80r8","enableDesign":false,"LabelSize":"16px","gt_translate_keys":["label","placeholder","value"],"price_dependency":false,"cl_dependency":false}],[{"active":true,"col":4,"relations":false,"cl_rule":"show","enableCl":false,"price":"","enablePrice":true,"className":"","label_position":"default","desc_position":"default","type":"select","required":false,"elementId":"select_867fa91c83b97d","label":"A\u00f1adir Seguidores con Descuento","name":"select_867fa91c83b97d","values":[{"label":"100 Seguidores","value":"100","selected":false,"tempId":"aco_46","price":"5,89","gt_translate_keys":["label"]},{"label":"500 Seguidores","value":"500","selected":false,"tempId":"aco_1337","price":"19,49","gt_translate_keys":["label"]},{"label":"1.000 Seguidores","value":"1000","selected":false,"tempId":"aco_910","price":"38,29","gt_translate_keys":["label"]},{"label":"2.000 Seguidores","value":"2000","selected":false,"tempId":"aco_911","price":"76,49","gt_translate_keys":["label"]},{"label":"5.000 Seguidores","value":"5000","selected":false,"tempId":"aco_912","price":"174,29","gt_translate_keys":["label"]}],"dropdown_type":"basic","error":false,"placeholder":"Ninguno","priceOptions":"different_for_all","pricingType":"fixed","use_as_fee":false,"enableDesign":false,"LabelSize":"16px","tooltip":"Los seguidores ser\u00e1n entregados al mismo perfil del v\u00eddeo.","gt_translate_keys":["label","placeholder","tooltip"],"price_dependency":false,"cl_dependency":false,"value":""}],[{"label":"A\u00f1adir Likes con Descuento","active":true,"required":false,"elementId":"select_367fa91c83b987","dropdown_type":"basic","placeholder":"Ninguno","name":"select_367fa91c83b987","label_position":"default","desc_position":"default","enablePrice":true,"className":"","enableCl":false,"relations":false,"enableDesign":false,"LabelSize":"16px","values":[{"label":"100 Likes","value":"100","selected":false,"tempId":"aco_46","price":"2,89","gt_translate_keys":["label"]},{"label":"500 Likes","value":"500","selected":false,"tempId":"aco_1337","price":"5,79","gt_translate_keys":["label"]},{"label":"1.000 Likes","value":"1000","selected":false,"tempId":"aco_910","price":"8,69","gt_translate_keys":["label"]},{"label":"2.000 Likes","value":"2000","selected":false,"tempId":"aco_911","price":"16,49","gt_translate_keys":["label"]},{"label":"5.000 Likes","value":"5000","selected":false,"tempId":"aco_912","price":"28,29","gt_translate_keys":["label"]}],"priceOptions":"different_for_all","pricingType":"fixed","price":"","use_as_fee":false,"cl_rule":"show","col":4,"type":"select","error":false,"tooltip":"Los likes ser\u00e1n entregados a la misma publicaci\u00f3n.","gt_translate_keys":["label","placeholder","tooltip"],"price_dependency":false,"cl_dependency":false,"value":""}]]}},"config":{"price_override":"","enable_recaptcha":false,"bind_quantity":false,"quantity_bind_formula":false,"disp_summ_show_option_price":false,"disp_summ_show_product_price":false,"disp_summ_show_total_price":false,"disp_summ_show_fee":false,"disp_summ_show_discount":false,"summary_title":"","options_total_label":"Extras","total_label":"Total","options_product_label":"Producto","fee_label":"Extras","discount_label":"Descuento","has_price":true,"has_quantity_formula":false},"mc_unit":1,"tax_rate":1,"tax_rate_real":1,"discount":{"percentage":0,"fixed":0},"design":{"conf":{"LabelPosition":"above","DescPosition":"above","UploadField":"custom_1","QuantityFieldStyle":"default"},"css":{"LeftLabelWidth":"120px"}},"formulas":[],"clones":false,"cartKey":false}},"_links":{"self":[{"href":"https:\/\/doymedia.com\/it\/wp-json\/wp\/v2\/product\/93","targetHints":{"allow":["GET"]}}],"collection":[{"href":"https:\/\/doymedia.com\/it\/wp-json\/wp\/v2\/product"}],"about":[{"href":"https:\/\/doymedia.com\/it\/wp-json\/wp\/v2\/types\/product"}],"replies":[{"embeddable":true,"href":"https:\/\/doymedia.com\/it\/wp-json\/wp\/v2\/comments?post=93"}],"wp:featuredmedia":[{"embeddable":true,"href":"https:\/\/doymedia.com\/it\/wp-json\/wp\/v2\/media\/243"}],"wp:attachment":[{"href":"https:\/\/doymedia.com\/it\/wp-json\/wp\/v2\/media?parent=93"}],"wp:term":[{"taxonomy":"product_brand","embeddable":true,"href":"https:\/\/doymedia.com\/it\/wp-json\/wp\/v2\/product_brand?post=93"},{"taxonomy":"product_cat","embeddable":true,"href":"https:\/\/doymedia.com\/it\/wp-json\/wp\/v2\/product_cat?post=93"},{"taxonomy":"product_tag","embeddable":true,"href":"https:\/\/doymedia.com\/it\/wp-json\/wp\/v2\/product_tag?post=93"}],"curies":[{"name":"wp","href":"https:\/\/api.w.org\/{rel}","templated":true}]}}