{"id":97,"date":"2025-03-27T01:32:40","date_gmt":"2025-03-27T00:32:40","guid":{"rendered":"https:\/\/v2.doymedia.com\/?post_type=product&#038;p=97"},"modified":"2025-06-16T19:17:04","modified_gmt":"2025-06-16T17:17:04","slug":"comprare-visualizzazioni-instagram","status":"publish","type":"product","link":"https:\/\/doymedia.com\/it\/comprar-views-instagram\/","title":{"rendered":"Comprare visualizzazioni su Instagram"},"content":{"rendered":"<section class=\"l-section wpb_row height_medium\"><div class=\"l-section-h i-cf\"><div class=\"g-cols vc_row via_flex valign_top type_default stacking_default\"><div class=\"vc_col-sm-12 wpb_column vc_column_container\"><div class=\"vc_column-inner\"><div class=\"wpb_wrapper\"><div class=\"wpb_text_column\"><div class=\"wpb_wrapper\"><p class=\"translation-block\">Su Instagram, ci\u00f2 che non si vede, non esiste. Si pubblica un reel, un video o una storia, ma se non ottiene rapidamente visualizzazioni, passa inosservato. Ecco perch\u00e9 <strong>acquistare visualizzazioni su Instagram<\/strong> \u00e8 una strategia efficace per aumentare la visibilit\u00e0 dei vostri contenuti, attirare pi\u00f9 interazioni e posizionarvi meglio sulla piattaforma.<\/p>\n<p class=\"translation-block\">Le visualizzazioni sono un parametro fondamentale per l'algoritmo. Pi\u00f9 visualizzazioni ha il vostro post, pi\u00f9 possibilit\u00e0 avete di apparire nella sezione Esplora e di guadagnare nuovi follower. Se state creando buoni contenuti, ma non siete in grado di raggiungerli, l'acquisto di visualizzazioni su Instagram potrebbe essere la spinta di cui avete bisogno per distinguervi.<\/p>\n<h2>Perch\u00e9 acquistare visualizzazioni su Instagram?<\/h2>\n<p class=\"translation-block\">Perch\u00e9 l'algoritmo d\u00e0 valore all'attivit\u00e0 immediata. Quando una bobina o un video ricevono molte visualizzazioni in poco tempo, Instagram li individua come contenuti rilevanti e li invia a un nuovo pubblico. &lt;Acquistare visualizzazioni su Instagram<\/strong> vi permette di generare quell'impatto iniziale in modo rapido e sicuro, aumentando la vostra portata senza affidarvi al caso.<\/p>\n<p>Inoltre, il numero di visualizzazioni influenza anche la percezione degli altri utenti. Un contenuto con molte visualizzazioni genera pi\u00f9 curiosit\u00e0, pi\u00f9 fiducia e pi\u00f9 interazioni. \u00c8 un effetto domino che si attiva fin dal primo clic.<\/p>\n<h3>Vantaggi dell'acquisto di visualizzazioni su Instagram<\/h3>\n<ul>\n<li>\ud83d\udcc8 Maggiore visibilit\u00e0 in filmati, video e storie<\/li>\n<li>\ud83d\ude80 Impulso iniziale che favorisce il posizionamento<\/li>\n<li>\ud83c\udfaf Maggiore probabilit\u00e0 di essere presenti in esplorazione<\/li>\n<li>\ud83d\udcac Migliorare la percezione dei vostri contenuti per i nuovi utenti<\/li>\n<li>\ud83d\udd12 Consegna sicura, naturale e senza compromessi sul vostro account<\/li>\n<\/ul>\n<p><strong>Acquistare visualizzazioni su Instagram<\/strong> \u00e8 particolarmente utile se state promuovendo un prodotto, lanciando una campagna o semplicemente volete che i vostri contenuti abbiano un impatto maggiore. \u00c8 un modo rapido ed efficace per moltiplicare la vostra portata senza problemi.<\/p>\n<h2>\u00c8 sicuro acquistare visualizzazioni su Instagram?<\/h2>\n<p>S\u00ec, totalmente sicuro. Non chiediamo password o dati sensibili. Abbiamo solo bisogno del link al video, alla bobina o alla storia che volete promuovere. La consegna avviene in modo progressivo per mantenere un ritmo naturale ed evitare qualsiasi segnale artificiale.<\/p>\n<p>Il nostro sistema vi garantisce di ottenere visualizzazioni senza mettere a rischio il vostro account. Lavoriamo con metodi comprovati e compatibili con le politiche di Instagram, in modo che possiate concentrarvi sulla creazione di contenuti mentre noi vi aiutiamo a renderli visibili.<\/p>\n<h3>Chi pu\u00f2 beneficiare di questo servizio?<\/h3>\n<p class=\"translation-block\">Questo servizio \u00e8 pensato per i creatori, i marchi, gli imprenditori, gli artisti o qualsiasi utente che voglia distinguersi su Instagram. Sia che siate agli inizi o che abbiate gi\u00e0 un pubblico consolidato: <strong>acquistare visualizzazioni Instagram<\/strong> pu\u00f2 aiutarvi ad andare oltre.<\/p>\n<ul>\n<li>\ud83c\udfa5 Creatori di contenuti alla ricerca della viralit\u00e0<\/li>\n<li>\ud83d\udcc8 Aziende che vogliono dare visibilit\u00e0 ai propri prodotti<\/li>\n<li>\ud83d\udce2 Marchi personali che desiderano rafforzare la propria presenza<\/li>\n<li>\ud83c\udfa4 Artisti che pubblicano nuovi rulli o videoclip<\/li>\n<li>\ud83d\udecd\ufe0f Negozi che utilizzano Instagram per promuovere le offerte<\/li>\n<\/ul>\n<p>Se il vostro obiettivo \u00e8 costruire una forte presenza su Instagram, le visualizzazioni giocano un ruolo essenziale. Non solo migliorano la percezione dei vostri post, ma influenzano anche il rendimento complessivo del vostro profilo. Un buon numero di visualizzazioni apre le porte a collaborazioni, nuovo pubblico e una crescita pi\u00f9 rapida e sostenuta.<\/p>\n<p class=\"translation-block\">&lt;L&#039;acquisto di visualizzazioni su Instagram<\/strong> vi permette di raggiungere questo livello di visibilit\u00e0 senza dover aspettare settimane o affidarvi ad algoritmi imprevedibili.<\/p>\n<h2>Come funziona il processo?<\/h2>\n<p>Tutto ci\u00f2 che dovete fare \u00e8 scegliere il pacchetto pi\u00f9 adatto alle vostre esigenze, inviarci il link della pubblicazione ed effettuare il pagamento. Al resto pensiamo noi. La consegna inizier\u00e0 in breve tempo, progressivamente e senza intaccare il vostro profilo.<\/p>\n<p class=\"translation-block\">E se volete potenziare ulteriormente la vostra presenza, potete integrare questo servizio con il servizio <a href=\"https:\/\/doymedia.com\/it\/comprare-likes-su-instagram\/\" target=\"_self\"><strong>acquistare like Instagram<\/strong><\/a> o il servizio <a href=\"https:\/\/doymedia.com\/it\/comprare-followers-instagram\/\" target=\"_self\"><strong>acquistare follower Instagram<\/strong><\/a>. In questo modo otterrete un profilo pi\u00f9 completo e coerente, pronto a crescere organicamente.<\/p>\n<h2>Fate in modo che i vostri contenuti vadano oltre<\/h2>\n<p class=\"translation-block\">Non lasciate che i vostri video passino inosservati. Con <strong>acquistare visualizzazioni Instagram<\/strong> potete aumentare la vostra visibilit\u00e0, migliorare il vostro posizionamento e ottenere maggiore attenzione in pochi minuti. Fate in modo che ogni post conti e iniziate a farvi notare oggi stesso.<\/p>\n<\/div><\/div><\/div><\/div><\/div><\/div><\/div><\/section>","protected":false},"excerpt":{"rendered":"Su Instagram, ci\u00f2 che non si vede, non esiste. Pubblichi un reel, un video o una storia, ma se non ottiene rapidamente visualizzazioni, passa inosservato. Ecco perch\u00e9 acquistare visualizzazioni su Instagram \u00e8 una strategia efficace per aumentare la visibilit\u00e0 dei tuoi contenuti, attirare pi\u00f9 interazioni e posizionarti meglio sulla piattaforma. Le visualizzazioni sono una metrica chiave...","protected":false},"featured_media":227,"comment_status":"open","ping_status":"closed","template":"","meta":{"_acf_changed":false},"product_brand":[],"product_cat":[17],"product_tag":[],"class_list":{"0":"post-97","1":"product","2":"type-product","3":"status-publish","4":"has-post-thumbnail","6":"product_cat-instagram","7":"wcpa_has_options","9":"first","10":"instock","11":"sale","12":"featured","13":"shipping-taxable","14":"purchasable","15":"product-type-variable","16":"has-default-attributes"},"acf":[],"wcpa_form_fields":{"wcpaData":{"product":{"product_price":1.99,"price_html":"","original_product_price":1.99,"price_including_tax":1.99,"price_excluding_tax":1.99,"product_id":{"parent":97,"variation":false},"is_variable":true,"stock_status":"instock","stock_quantity":null,"parent_sku":"","product_attributes":{"cantidad":{"is_variation":true,"values":[]}},"custom_fields":[],"is_taxable":false,"product_name":"Comprar Views Instagram","hasImage":false},"fields":{"sec_1067fa76ecc2b86":{"extra":{"key":"sec_1067fa76ecc2b86","section_id":"sec_1067fa76ecc2b86","name":"Por defecto","status":1,"toggle":true,"form_id":1025,"form_rules":{"exclude_from_discount":false,"fee_label":"Extras","disp_hide_options_price":false,"disp_show_section_price":false,"disp_show_field_price":false,"layout_option":"standard","pric_use_as_fee":false,"process_fee_as":"woo_fee"},"layout_option":"standard"},"fields":[[{"active":true,"col":5,"relations":false,"cl_rule":"show","enableCl":false,"price":"","enablePrice":false,"className":"","type":"text","subtype":"text","required":true,"elementId":"text_567fa76ecc2bad","label":"Enlace de la Publicaci\u00f3n","name":"text_567fa76ecc2bad","value":"","error":false,"placeholder":"Ejemplo: https:\/\/www.instagram.com\/p\/DGxqbv9oVTD\/","gt_translate_keys":["label","placeholder","value"],"price_dependency":false,"cl_dependency":false}],[{"active":true,"col":5,"relations":false,"cl_rule":"show","enableCl":false,"price":"","enablePrice":true,"className":"","label_position":"default","desc_position":"default","type":"select","required":false,"elementId":"select_167fa76ecc2bb7","label":"A\u00f1adir Likes con Descuento","name":"select_167fa76ecc2bb7","values":[{"label":"100 Likes","value":"100","selected":false,"tempId":"aco_910","price":"2,79","gt_translate_keys":["label"]},{"label":"500 Likes","value":"500","selected":false,"tempId":"aco_911","price":"4,69","gt_translate_keys":["label"]},{"label":"1.000 Likes","value":"1000","selected":false,"tempId":"aco_912","price":"7,59","gt_translate_keys":["label"]},{"label":"5.000 Likes","value":"5000","selected":false,"tempId":"aco_1337","price":"29,49","gt_translate_keys":["label"]},{"label":"10.000 Likes","value":"10000","selected":false,"tempId":"aco_1059","price":"48,29","gt_translate_keys":["label"]}],"dropdown_type":"basic","error":false,"placeholder":"Ninguno","priceOptions":"different_for_all","pricingType":"fixed","use_as_fee":false,"option_price_format":"","tooltip":"Los likes se pondr\u00e1n a la misma publicaci\u00f3n.","gt_translate_keys":["label","placeholder","tooltip"],"price_dependency":false,"cl_dependency":false,"value":""}],[{"label":"A\u00f1adir Seguidores con Descuento","active":true,"required":false,"elementId":"select-8208233690","dropdown_type":"basic","placeholder":"Ninguno","tooltip":"Los seguidores se pondr\u00e1n al mismo perfil de la publicaci\u00f3n.","name":"select-8208233690","label_position":"default","desc_position":"default","enablePrice":true,"className":"","enableCl":false,"relations":false,"option_price_format":"","values":[{"label":"100 Seguidores","value":"100","selected":false,"tempId":"aco_910","price":"2,45","gt_translate_keys":["label"]},{"label":"500 Seguidores","value":"500","selected":false,"tempId":"aco_911","price":"6,50","gt_translate_keys":["label"]},{"label":"1.000 Seguidores","value":"1000","selected":false,"tempId":"aco_912","price":"9,50","gt_translate_keys":["label"]},{"label":"5.000 Seguidores","value":"5000","selected":false,"tempId":"aco_1337","price":"39,50","gt_translate_keys":["label"]},{"label":"10.000 Seguidores","value":"10000","selected":false,"tempId":"aco_1059","price":"79,50","gt_translate_keys":["label"]}],"priceOptions":"different_for_all","pricingType":"fixed","price":"","use_as_fee":false,"cl_rule":"show","col":5,"type":"select","error":false,"gt_translate_keys":["label","placeholder","tooltip"],"price_dependency":false,"cl_dependency":false,"value":""}]]}},"config":{"price_override":"","enable_recaptcha":false,"bind_quantity":false,"quantity_bind_formula":false,"disp_summ_show_option_price":false,"disp_summ_show_product_price":false,"disp_summ_show_total_price":false,"disp_summ_show_fee":false,"disp_summ_show_discount":false,"summary_title":"","options_total_label":"Extras","total_label":"Total","options_product_label":"Produs","fee_label":"Extras","discount_label":"Descuento","has_price":true,"has_quantity_formula":false},"mc_unit":1,"tax_rate":1,"tax_rate_real":1,"discount":{"percentage":0,"fixed":0},"design":{"conf":{"LabelPosition":"above","DescPosition":"above","UploadField":"custom_1","QuantityFieldStyle":"default"},"css":{"LeftLabelWidth":"120px"}},"formulas":[],"clones":false,"cartKey":false}},"_links":{"self":[{"href":"https:\/\/doymedia.com\/it\/wp-json\/wp\/v2\/product\/97","targetHints":{"allow":["GET"]}}],"collection":[{"href":"https:\/\/doymedia.com\/it\/wp-json\/wp\/v2\/product"}],"about":[{"href":"https:\/\/doymedia.com\/it\/wp-json\/wp\/v2\/types\/product"}],"replies":[{"embeddable":true,"href":"https:\/\/doymedia.com\/it\/wp-json\/wp\/v2\/comments?post=97"}],"wp:featuredmedia":[{"embeddable":true,"href":"https:\/\/doymedia.com\/it\/wp-json\/wp\/v2\/media\/227"}],"wp:attachment":[{"href":"https:\/\/doymedia.com\/it\/wp-json\/wp\/v2\/media?parent=97"}],"wp:term":[{"taxonomy":"product_brand","embeddable":true,"href":"https:\/\/doymedia.com\/it\/wp-json\/wp\/v2\/product_brand?post=97"},{"taxonomy":"product_cat","embeddable":true,"href":"https:\/\/doymedia.com\/it\/wp-json\/wp\/v2\/product_cat?post=97"},{"taxonomy":"product_tag","embeddable":true,"href":"https:\/\/doymedia.com\/it\/wp-json\/wp\/v2\/product_tag?post=97"}],"curies":[{"name":"wp","href":"https:\/\/api.w.org\/{rel}","templated":true}]}}