{"id":98,"date":"2025-03-27T01:32:40","date_gmt":"2025-03-27T00:32:40","guid":{"rendered":"https:\/\/v2.doymedia.com\/?post_type=product&#038;p=98"},"modified":"2025-07-16T21:41:48","modified_gmt":"2025-07-16T19:41:48","slug":"comprare-opinioni-tiktok","status":"publish","type":"product","link":"https:\/\/doymedia.com\/it\/comprar-views-tiktok\/","title":{"rendered":"Comprare visualizzazioni TikTok"},"content":{"rendered":"<section class=\"l-section wpb_row height_medium\"><div class=\"l-section-h i-cf\"><div class=\"g-cols vc_row via_flex valign_top type_default stacking_default\"><div class=\"vc_col-sm-12 wpb_column vc_column_container\"><div class=\"vc_column-inner\"><div class=\"wpb_wrapper\"><div class=\"wpb_text_column\"><div class=\"wpb_wrapper\"><p class=\"translation-block\">TikTok \u00e8 una piattaforma in cui i contenuti si muovono velocemente. Se i vostri video non ottengono visualizzazioni nei primi minuti, possono passare inosservati tra milioni di post. Pertanto, <strong>acquistare visualizzazioni su TikTok<\/strong> \u00e8 una strategia efficace per ottenere visibilit\u00e0, attirare nuovo pubblico e migliorare le prestazioni dei vostri video fin dall'inizio.<\/p>\n<p class=\"translation-block\">Le visualizzazioni su TikTok sono un segnale chiave per l'algoritmo. Pi\u00f9 visualizzazioni ha il vostro video, pi\u00f9 \u00e8 probabile che diventi virale, che venga mostrato nella sezione \"Per te\" e che attiri follower organici. Se state creando buoni contenuti ma non ottenete l'esposizione che sperate, <strong>acquistare visualizzazioni su TikTok<\/strong> pu\u00f2 darvi quella spinta iniziale che fa la differenza.<\/p>\n<h2>Perch\u00e9 acquistare visualizzazioni TikTok?<\/h2>\n<p class=\"translation-block\">L'algoritmo di TikTok favorisce i contenuti che generano reazioni rapide. Quando un video riceve molte visualizzazioni in poco tempo, \u00e8 pi\u00f9 probabile che rimanga visibile per pi\u00f9 ore o addirittura giorni, raggiungendo migliaia di nuovi utenti. &lt;Acquistare visualizzazioni su TikTok<\/strong> \u00e8 un modo intelligente per accelerare questo processo e posizionarsi meglio rispetto alla concorrenza.<\/p>\n<p>Inoltre, le visualizzazioni generano una riprova sociale. Un video con molte visualizzazioni attira l'attenzione, viene percepito come pi\u00f9 interessante e affidabile e spinge gli altri utenti a guardarlo per intero, a mettere un like o a condividerlo. Questo tipo di interazione crea un effetto a catena che rafforza organicamente il vostro profilo.<\/p>\n<h3>Vantaggi dell'acquisto di visualizzazioni su TikTok<\/h3>\n<ul>\n<li>\ud83d\udcc8 Ulteriori esposizioni nella sezione \"Per voi\".<\/li>\n<li>\ud83d\ude80 Potenziamento rapido per contenuti nuovi o strategici<\/li>\n<li>\ud83c\udfaf Aumento della portata e dell'impegno complessivo<\/li>\n<li>\ud83e\udd1d Migliorare la percezione dei propri contenuti agli occhi dei nuovi follower<\/li>\n<li>\ud83d\udd12 Consegna sicura e progressiva, senza mettere a rischio il vostro account<\/li>\n<\/ul>\n<p class=\"translation-block\">Che siate creatori indipendenti, marchi, rivenditori o influencer, <strong>acquistare visualizzazioni TikTok<\/strong> vi permette di distinguervi da migliaia di video, di farvi notare pi\u00f9 velocemente e di costruire un pubblico solido fin dall'inizio.<\/p>\n<h2>\u00c8 sicuro acquistare visualizzazioni su TikTok?<\/h2>\n<p>S\u00ec, il nostro servizio \u00e8 stato progettato per essere totalmente sicuro. Non chiediamo password o dati sensibili. Tutto ci\u00f2 che dovete fare \u00e8 inviarci il link del video che volete promuovere e noi faremo il resto. La consegna \u00e8 progressiva per mantenere la naturalezza e l'integrit\u00e0 del vostro account.<\/p>\n<p>Lavoriamo con sistemi e politiche ottimizzate che rispettano le linee guida della piattaforma. Migliaia di utenti hanno gi\u00e0 utilizzato questo servizio per migliorare le proprie prestazioni senza compromettere il proprio profilo.<\/p>\n<h3>Chi pu\u00f2 beneficiare di questo servizio?<\/h3>\n<p class=\"translation-block\">Questo servizio \u00e8 ideale per chiunque voglia aumentare l'impatto dei propri contenuti su TikTok. Dai nuovi account che vogliono crescere ai profili consolidati che vogliono rafforzare le campagne principali. <strong>Acquista visualizzazioni TikTok<\/strong> \u00e8 adatto a tutti i tipi di creatori.<\/p>\n<ul>\n<li>\ud83c\udfa4 Musicisti che rilasciano nuovi brani su TikTok<\/li>\n<li>\ud83d\udce2 Marchi che desiderano rendere virale un prodotto o una campagna<\/li>\n<li>\ud83d\udcf1 Influencer che devono rafforzare l'impegno<\/li>\n<li>\ud83d\udcc8 Nuovi conti che vogliono crescere pi\u00f9 velocemente<\/li>\n<li>\ud83c\udfaf Imprenditori in cerca di visibilit\u00e0 immediata<\/li>\n<\/ul>\n<h2>Come funziona?<\/h2>\n<p>Acquistare le visualizzazioni TikTok \u00e8 facile. Basta scegliere il pacchetto pi\u00f9 adatto alle proprie esigenze, fornirci il link al video e completare l'ordine. Inizieremo la consegna in pochissimo tempo, garantendo una distribuzione naturale e senza interruzioni.<\/p>\n<p class=\"translation-block\">E se volete rafforzare ancora di pi\u00f9 il vostro profilo, potete combinare questo servizio con il servizio <a href=\"https:\/\/doymedia.com\/it\/comprare-likes-tiktok\/\" target=\"_self\"><strong>acquistare like su TikTok<\/strong><\/a> o il servizio <a href=\"https:\/\/doymedia.com\/it\/comprare-followers-tiktok\/\" target=\"_self\"><strong>acquistare follower su TikTok<\/strong><\/a>. In questo modo otterrete una strategia completa che aumenta la vostra autorit\u00e0 e credibilit\u00e0 sulla piattaforma.<\/p>\n<h2>Fate in modo che i vostri video vadano pi\u00f9 lontano<\/h2>\n<p class=\"translation-block\">Non lasciate che i vostri contenuti si perdano nel feed. Con <strong>acquistare visualizzazioni TikTok<\/strong> potete generare una trazione immediata, raggiungere pi\u00f9 persone e costruire una solida base di visibilit\u00e0 e risultati. Fate il grande passo e fate in modo che il vostro prossimo video abbia la portata che merita.<\/p>\n<\/div><\/div><\/div><\/div><\/div><\/div><\/div><\/section>","protected":false},"excerpt":{"rendered":"TikTok \u00e8 una piattaforma in cui i contenuti si muovono velocemente. Se i tuoi video non ricevono visualizzazioni nei primi minuti, possono passare inosservati tra milioni di post. Ecco perch\u00e9 l'acquisto di visualizzazioni su TikTok \u00e8 una strategia efficace per ottenere visibilit\u00e0, attirare nuovo pubblico e migliorare le prestazioni dei tuoi video fin dall'inizio. Le visualizzazioni...","protected":false},"featured_media":317,"comment_status":"open","ping_status":"closed","template":"","meta":{"_acf_changed":false},"product_brand":[],"product_cat":[18],"product_tag":[],"class_list":{"0":"post-98","1":"product","2":"type-product","3":"status-publish","4":"has-post-thumbnail","6":"product_cat-tiktok","7":"wcpa_has_options","9":"first","10":"instock","11":"sale","12":"featured","13":"shipping-taxable","14":"purchasable","15":"product-type-variable","16":"has-default-attributes"},"acf":[],"wcpa_form_fields":{"wcpaData":{"product":{"product_price":1.99,"price_html":"","original_product_price":1.99,"price_including_tax":1.99,"price_excluding_tax":1.99,"product_id":{"parent":98,"variation":false},"is_variable":true,"stock_status":"instock","stock_quantity":null,"parent_sku":"","product_attributes":{"cantidad":{"is_variation":true,"values":[]}},"custom_fields":[],"is_taxable":false,"product_name":"Comprar Views TikTok","hasImage":false},"fields":{"sec_567fa912b8ef63":{"extra":{"key":"sec_567fa912b8ef63","section_id":"sec_567fa912b8ef63","name":"Por defecto","status":1,"toggle":true,"form_id":1049,"form_rules":{"exclude_from_discount":false,"fee_label":"Extras","disp_hide_options_price":false,"disp_show_section_price":false,"disp_show_field_price":false,"layout_option":"standard","pric_use_as_fee":false,"process_fee_as":"woo_fee"},"layout_option":"standard"},"fields":[[{"active":true,"col":5,"relations":false,"cl_rule":"show","enableCl":false,"price":"","enablePrice":false,"className":"","type":"text","subtype":"text","required":true,"elementId":"text_567fa912b8ef7f","label":"Enlace al V\u00eddeo","name":"text_567fa912b8ef7f","value":"","error":false,"placeholder":"Ejemplo: https:\/\/www.tiktok.com\/@mrbeast\/video\/7460191038293069102","enableDesign":false,"LabelSize":"16px","gt_translate_keys":["label","placeholder","value"],"price_dependency":false,"cl_dependency":false}],[{"active":true,"col":5,"relations":false,"cl_rule":"show","enableCl":false,"price":"","enablePrice":true,"className":"","label_position":"default","desc_position":"default","type":"select","required":false,"elementId":"select_567fa912b8ef8d","label":"A\u00f1adir Seguidores con Descuento","name":"select_567fa912b8ef8d","values":[{"label":"100 Seguidores","value":"100","selected":false,"tempId":"aco_46","price":"3,89","gt_translate_keys":["label"]},{"label":"500 Seguidores","value":"500","selected":false,"tempId":"aco_1337","price":"6,79","gt_translate_keys":["label"]},{"label":"1.000 Seguidores","value":"1000","selected":false,"tempId":"aco_910","price":"9,69","gt_translate_keys":["label"]},{"label":"2.000 Seguidores","value":"2000","selected":false,"tempId":"aco_911","price":"19,49","gt_translate_keys":["label"]},{"label":"5.000 Seguidores","value":"5000","selected":false,"tempId":"aco_912","price":"58,39","gt_translate_keys":["label"]}],"dropdown_type":"basic","error":false,"placeholder":"Ninguno","priceOptions":"different_for_all","pricingType":"fixed","use_as_fee":false,"enableDesign":false,"LabelSize":"16px","tooltip":"Los seguidores ser\u00e1n entregados al mismo perfil del v\u00eddeo.","gt_translate_keys":["label","placeholder","tooltip"],"price_dependency":false,"cl_dependency":false,"value":""}],[{"label":"A\u00f1adir Likes con Descuento","active":true,"required":false,"elementId":"select_967fa912b8ef97","dropdown_type":"basic","placeholder":"Ninguno","name":"select_967fa912b8ef97","label_position":"default","desc_position":"default","enablePrice":true,"className":"","enableCl":false,"relations":false,"enableDesign":false,"LabelSize":"16px","values":[{"label":"100 Likes","value":"100","selected":false,"tempId":"aco_46","price":"2,89","gt_translate_keys":["label"]},{"label":"500 Likes","value":"500","selected":false,"tempId":"aco_1337","price":"5,79","gt_translate_keys":["label"]},{"label":"1.000 Likes","value":"1000","selected":false,"tempId":"aco_910","price":"8,69","gt_translate_keys":["label"]},{"label":"2.000 Likes","value":"2000","selected":false,"tempId":"aco_911","price":"16,49","gt_translate_keys":["label"]},{"label":"5.000 Likes","value":"5000","selected":false,"tempId":"aco_912","price":"28,29","gt_translate_keys":["label"]}],"priceOptions":"different_for_all","pricingType":"fixed","price":"","use_as_fee":false,"cl_rule":"show","col":5,"type":"select","error":false,"tooltip":"Los likes ser\u00e1n entregados a la misma publicaci\u00f3n.","gt_translate_keys":["label","placeholder","tooltip"],"price_dependency":false,"cl_dependency":false,"value":""}]]}},"config":{"price_override":"","enable_recaptcha":false,"bind_quantity":false,"quantity_bind_formula":false,"disp_summ_show_option_price":false,"disp_summ_show_product_price":false,"disp_summ_show_total_price":false,"disp_summ_show_fee":false,"disp_summ_show_discount":false,"summary_title":"","options_total_label":"Extras","total_label":"Total","options_product_label":"Produs","fee_label":"Extras","discount_label":"Descuento","has_price":true,"has_quantity_formula":false},"mc_unit":1,"tax_rate":1,"tax_rate_real":1,"discount":{"percentage":0,"fixed":0},"design":{"conf":{"LabelPosition":"above","DescPosition":"above","UploadField":"custom_1","QuantityFieldStyle":"default"},"css":{"LeftLabelWidth":"120px"}},"formulas":[],"clones":false,"cartKey":false}},"_links":{"self":[{"href":"https:\/\/doymedia.com\/it\/wp-json\/wp\/v2\/product\/98","targetHints":{"allow":["GET"]}}],"collection":[{"href":"https:\/\/doymedia.com\/it\/wp-json\/wp\/v2\/product"}],"about":[{"href":"https:\/\/doymedia.com\/it\/wp-json\/wp\/v2\/types\/product"}],"replies":[{"embeddable":true,"href":"https:\/\/doymedia.com\/it\/wp-json\/wp\/v2\/comments?post=98"}],"wp:featuredmedia":[{"embeddable":true,"href":"https:\/\/doymedia.com\/it\/wp-json\/wp\/v2\/media\/317"}],"wp:attachment":[{"href":"https:\/\/doymedia.com\/it\/wp-json\/wp\/v2\/media?parent=98"}],"wp:term":[{"taxonomy":"product_brand","embeddable":true,"href":"https:\/\/doymedia.com\/it\/wp-json\/wp\/v2\/product_brand?post=98"},{"taxonomy":"product_cat","embeddable":true,"href":"https:\/\/doymedia.com\/it\/wp-json\/wp\/v2\/product_cat?post=98"},{"taxonomy":"product_tag","embeddable":true,"href":"https:\/\/doymedia.com\/it\/wp-json\/wp\/v2\/product_tag?post=98"}],"curies":[{"name":"wp","href":"https:\/\/api.w.org\/{rel}","templated":true}]}}