{"id":629,"date":"2025-03-29T16:18:36","date_gmt":"2025-03-29T15:18:36","guid":{"rendered":"https:\/\/v2.doymedia.com\/?page_id=629"},"modified":"2025-07-29T21:55:46","modified_gmt":"2025-07-29T19:55:46","slug":"polityka-dotyczaca-plikow-cookie","status":"publish","type":"page","link":"https:\/\/doymedia.com\/pl\/politica-de-cookies\/","title":{"rendered":"Polityka dotycz\u0105ca plik\u00f3w cookie"},"content":{"rendered":"<p><span style=\"font-size: 2rem; letter-spacing: 0em;\">Polityka dotycz\u0105ca plik\u00f3w cookie<\/span><\/p>\n<header><\/header>\n<div>\n<p class=\"translation-block\">Zgodnie z <strong>art. 22.2 ustawy 34\/2002<\/strong> o us\u0142ugach spo\u0142ecze\u0144stwa informacyjnego i handlu elektronicznym (LSSI-CE), a tak\u017ce <strong>rozporz\u0105dzeniem (UE) 2016\/679 (RGPD)<\/strong> i <strong>ustaw\u0105 organiczn\u0105 3\/2018 (LOPDGDD)<\/strong>, informujemy u\u017cytkownik\u00f3w o korzystaniu z plik\u00f3w cookie na tej stronie.<\/p>\n<h3>1) Czym s\u0105 pliki cookie?<\/h3>\n<p>Pliki cookie to ma\u0142e pliki tekstowe, kt\u00f3re s\u0105 przechowywane w przegl\u0105darce u\u017cytkownika podczas odwiedzania strony internetowej. S\u0142u\u017c\u0105 one do zapami\u0119tywania informacji o Twojej wizycie, takich jak preferowany j\u0119zyk, produkty w koszyku lub to, czy jeste\u015b zalogowany, a tak\u017ce do poprawy komfortu przegl\u0105dania i dostarczania spersonalizowanych tre\u015bci.<\/p>\n<h3>2) Jakich rodzaj\u00f3w plik\u00f3w cookie u\u017cywamy?<\/h3>\n<p class=\"translation-block\">W <strong>DoyMedia.com<\/strong> u\u017cywamy w\u0142asnych i zewn\u0119trznych plik\u00f3w cookie, kt\u00f3re s\u0105 pogrupowane w nast\u0119puj\u0105ce kategorie:<\/p>\n<h4>\u2705 <strong>Niezb\u0119dne lub techniczne pliki cookie<\/strong><\/h4>\n<p>Niezb\u0119dne do funkcjonowania strony internetowej. Umo\u017cliwiaj\u0105 one podstawowe funkcje, takie jak przegl\u0105danie, dost\u0119p do bezpiecznych obszar\u00f3w i zarz\u0105dzanie zam\u00f3wieniami.<\/p>\n<ul>\n<li>Przyk\u0142ad: Pliki cookie sesji, kontrola ruchu, uwierzytelnianie.<\/li>\n<\/ul>\n<h4>\ud83d\udcca <strong>Analityczne lub statystyczne pliki cookie<\/strong><\/h4>\n<p>Gromadz\u0105 one anonimowe informacje na temat interakcji u\u017cytkownik\u00f3w z witryn\u0105. Pomagaj\u0105 nam zrozumie\u0107 zachowania u\u017cytkownik\u00f3w i ulepsza\u0107 witryn\u0119.<\/p>\n<ul>\n<li>Przyk\u0142ad: Google Analytics.<\/li>\n<\/ul>\n<h4>\ud83d\udce2 <strong>Marketingowe i reklamowe pliki cookie<\/strong><\/h4>\n<p>S\u0142u\u017c\u0105 one do wy\u015bwietlania u\u017cytkownikowi odpowiednich reklam i mierzenia ich skuteczno\u015bci. Pozwalaj\u0105 r\u00f3wnie\u017c ograniczy\u0107 liczb\u0119 wy\u015bwietle\u0144 reklamy.<\/p>\n<ul>\n<li>Przyk\u0142ad: Google Ads, Meta (Facebook\/Instagram), TikTok Ads.<\/li>\n<\/ul>\n<h4>\ud83d\udd17 <strong>Pliki cookie stron trzecich<\/strong><\/h4>\n<p>Niekt\u00f3re us\u0142ugi zewn\u0119trzne, takie jak odtwarzacze wideo, mapy lub sieci spo\u0142eczno\u015bciowe, mog\u0105 instalowa\u0107 w\u0142asne pliki cookie, gdy u\u017cytkownik wchodzi z nimi w interakcj\u0119.<\/p>\n<ul>\n<li>Przyk\u0142ad: YouTube, Google Maps, Facebook, Instagram, TikTok.<\/li>\n<\/ul>\n<h3>3) W jaki spos\u00f3b uzyskuje si\u0119 zgod\u0119?<\/h3>\n<p>Gdy odwiedzasz DoyMedia.com po raz pierwszy, wy\u015bwietlamy baner zgody za po\u015brednictwem <strong>YesCookies<\/strong>co pozwala Ci na:<\/p>\n<p>Zaakceptuj wszystkie pliki cookie<br \/>\nOdrzu\u0107 te, kt\u00f3re nie s\u0105 wymagane<br \/>\n\u2699\ufe0f Dostosuj sw\u00f3j wyb\u00f3r<\/p>\n<p>Mo\u017cesz <strong>zmie\u0144 swoje preferencje<\/strong> w dowolnym momencie za pomoc\u0105 linku \"Ustawienia plik\u00f3w cookie\" dost\u0119pnego w stopce witryny.<\/p>\n<h3>4) Jak usun\u0105\u0107 lub wy\u0142\u0105czy\u0107 pliki cookie z przegl\u0105darki?<\/h3>\n<p>Mo\u017cesz zezwoli\u0107, zablokowa\u0107 lub usun\u0105\u0107 pliki cookie zainstalowane na Twoim urz\u0105dzeniu, konfiguruj\u0105c opcje przegl\u0105darki. Poni\u017cej pokazujemy, jak to zrobi\u0107 w najpopularniejszych przegl\u0105darkach:<\/p>\n<ul>\n<li><strong>Google Chrome:<\/strong><br \/>\n<a href=\"https:\/\/support.google.com\/chrome\/answer\/95647\" target=\"_blank\" rel=\"noopener\">https:\/\/support.google.com\/chrome\/answer\/95647<\/a><\/li>\n<li><strong>Mozilla Firefox:<\/strong><br \/>\n<a href=\"https:\/\/support.mozilla.org\/es\/kb\/habilitar-y-deshabilitar-cookies\" target=\"_blank\" rel=\"noopener\">https:\/\/support.mozilla.org\/es\/kb\/habilitar-y-deshabilitar-cookies<\/a><\/li>\n<li><strong>Safari (Apple):<\/strong><br \/>\n<a href=\"https:\/\/support.apple.com\/es-es\/HT201265\" target=\"_blank\" rel=\"noopener\">https:\/\/support.apple.com\/es-es\/HT201265<\/a><\/li>\n<li><strong>Microsoft Edge:<\/strong><br \/>\n<a href=\"https:\/\/support.microsoft.com\/es-es\/help\/4027947\" target=\"_blank\" rel=\"noopener\">https:\/\/support.microsoft.com\/es-es\/help\/4027947<\/a><\/li>\n<li><strong>Opera:<\/strong><br \/>\n<a href=\"https:\/\/help.opera.com\/en\/latest\/web-preferences\/#cookies\" target=\"_blank\" rel=\"noopener\">https:\/\/help.opera.com\/en\/latest\/web-preferences\/#cookies<\/a><\/li>\n<\/ul>\n<p class=\"translation-block\">Mo\u017cesz tak\u017ce usun\u0105\u0107 okre\u015blone pliki cookie przechowywane w przegl\u0105darce lub zainstalowa\u0107 rozszerzenia, takie jak <strong>\"Ghostery\"<\/strong> lub <strong>\"Cookie AutoDelete\"<\/strong>, aby uzyska\u0107 wi\u0119ksz\u0105 kontrol\u0119.<\/p>\n<h3>5. Mi\u0119dzynarodowy transfer danych<\/h3>\n<p class=\"translation-block\">Niekt\u00f3re pliki cookie stron trzecich mog\u0105 wi\u0105za\u0107 si\u0119 z mi\u0119dzynarodowym transferem danych, zw\u0142aszcza je\u015bli s\u0105 zarz\u0105dzane przez firmy zlokalizowane poza Europejskim Obszarem Gospodarczym (EOG). W takich przypadkach zapewniamy <strong>odpowiednie zabezpieczenia<\/strong>, takie jak <strong>Standardowe klauzule umowne<\/strong> zatwierdzone przez Komisj\u0119 Europejsk\u0105 lub przestrzeganie przez dostawc\u0119 <strong>Ramy prywatno\u015bci danych (DPF)<\/strong>, je\u015bli ma to zastosowanie.<\/p>\n<h3>6. Aktualizacje niniejszej polityki<\/h3>\n<p>Niniejsza Polityka dotycz\u0105ca plik\u00f3w cookie mo\u017ce by\u0107 aktualizowana zgodnie z wymogami prawnymi lub technicznymi. Wszelkie stosowne zmiany b\u0119d\u0105 komunikowane na tej stronie oraz, w razie potrzeby, za po\u015brednictwem banera zgody.<\/p>\n<p>Zach\u0119camy do okresowego przegl\u0105dania niniejszej polityki.<\/p>\n<\/div>","protected":false},"excerpt":{"rendered":"<p>Polityka plik\u00f3w cookie Zgodnie z art. 22 ust. 2 ustawy 34\/2002 o us\u0142ugach spo\u0142ecze\u0144stwa informacyjnego i handlu elektronicznym (LSSI-CE), a tak\u017ce rozporz\u0105dzeniem (UE) 2016\/679 (RGPD) i ustaw\u0105 organiczn\u0105 3\/2018 (LOPDGDD), informujemy u\u017cytkownik\u00f3w o korzystaniu z plik\u00f3w cookie na tej stronie. 1 Czym s\u0105 pliki cookie?<\/p>","protected":false},"author":1,"featured_media":0,"parent":0,"menu_order":0,"comment_status":"closed","ping_status":"closed","template":"","meta":{"_acf_changed":false,"footnotes":""},"class_list":["post-629","page","type-page","status-publish","hentry"],"acf":[],"_links":{"self":[{"href":"https:\/\/doymedia.com\/pl\/wp-json\/wp\/v2\/pages\/629","targetHints":{"allow":["GET"]}}],"collection":[{"href":"https:\/\/doymedia.com\/pl\/wp-json\/wp\/v2\/pages"}],"about":[{"href":"https:\/\/doymedia.com\/pl\/wp-json\/wp\/v2\/types\/page"}],"author":[{"embeddable":true,"href":"https:\/\/doymedia.com\/pl\/wp-json\/wp\/v2\/users\/1"}],"replies":[{"embeddable":true,"href":"https:\/\/doymedia.com\/pl\/wp-json\/wp\/v2\/comments?post=629"}],"version-history":[{"count":3,"href":"https:\/\/doymedia.com\/pl\/wp-json\/wp\/v2\/pages\/629\/revisions"}],"predecessor-version":[{"id":1366,"href":"https:\/\/doymedia.com\/pl\/wp-json\/wp\/v2\/pages\/629\/revisions\/1366"}],"wp:attachment":[{"href":"https:\/\/doymedia.com\/pl\/wp-json\/wp\/v2\/media?parent=629"}],"curies":[{"name":"wp","href":"https:\/\/api.w.org\/{rel}","templated":true}]}}