{"id":100,"date":"2025-03-27T01:32:41","date_gmt":"2025-03-27T00:32:41","guid":{"rendered":"https:\/\/v2.doymedia.com\/?post_type=product&#038;p=100"},"modified":"2025-07-16T21:41:37","modified_gmt":"2025-07-16T19:41:37","slug":"kup-polubienia-tiktok","status":"publish","type":"product","link":"https:\/\/doymedia.com\/pl\/comprar-likes-tiktok\/","title":{"rendered":"Kup polubienia TikTok"},"content":{"rendered":"<section class=\"l-section wpb_row height_medium\"><div class=\"l-section-h i-cf\"><div class=\"g-cols vc_row via_flex valign_top type_default stacking_default\"><div class=\"vc_col-sm-12 wpb_column vc_column_container\"><div class=\"vc_column-inner\"><div class=\"wpb_wrapper\"><div class=\"wpb_text_column\"><div class=\"wpb_wrapper\"><p class=\"translation-block\">Na TikTok liczy si\u0119 ka\u017cda sekunda. Mo\u017cesz mie\u0107 \u015bwietny film, ale je\u015bli nie zdob\u0119dzie on zaanga\u017cowania w kr\u00f3tkim czasie, algorytm nie poka\u017ce go wi\u0119kszej liczbie os\u00f3b. Dlatego <strong>kupowanie polubie\u0144 TikTok<\/strong> sta\u0142o si\u0119 skuteczn\u0105 strategi\u0105 poprawy widoczno\u015bci twoich film\u00f3w, przyci\u0105gni\u0119cia nowych obserwuj\u0105cych i wzmocnienia autorytetu twojego profilu od samego pocz\u0105tku.<\/p>\n<p class=\"translation-block\">Polubienia s\u0105 kluczowym sygna\u0142em dla algorytmu TikTok. Im wi\u0119cej interakcji otrzymuje film, tym wi\u0119ksze prawdopodobie\u0144stwo, \u017ce stanie si\u0119 wirusowy. Je\u015bli tworzysz dobre tre\u015bci, ale nie otrzymujesz uznania, na kt\u00f3re zas\u0142ugujesz, <strong>kupowanie polubie\u0144 TikTok<\/strong> pomo\u017ce Ci wywo\u0142a\u0107 efekt falowania wi\u0119kszego zasi\u0119gu, wi\u0119kszej widoczno\u015bci i wi\u0119kszego wp\u0142ywu.<\/p>\n<h2>Dlaczego warto kupowa\u0107 polubienia na TikTok?<\/h2>\n<p class=\"translation-block\">Poniewa\u017c w tej sieci spo\u0142eczno\u015bciowej liczby maj\u0105 znaczenie. Gdy film otrzymuje wiele \"polubie\u0144\", u\u017cytkownicy postrzegaj\u0105 go jako warto\u015bciowy, zabawny lub godny zaufania. To zach\u0119ca ich do obejrzenia go w ca\u0142o\u015bci, udost\u0119pnienia i \u015bledzenia Twojego konta. <strong>Kupuj\u0105c polubienia TikTok<\/strong>, zwi\u0119kszasz postrzegan\u0105 warto\u015b\u0107 swoich tre\u015bci i wysy\u0142asz pozytywny sygna\u0142 do algorytmu.<\/p>\n<p>Ten rodzaj wzmocnienia jest szczeg\u00f3lnie przydatny, je\u015bli rozpoczynasz kampani\u0119, promujesz produkt lub po prostu chcesz, aby Twoje wideo dotar\u0142o do wi\u0119kszej liczby os\u00f3b. Nie chodzi tylko o zawy\u017canie liczb - chodzi o budowanie solidnej obecno\u015bci i zwi\u0119kszanie realnych szans na rozw\u00f3j.<\/p>\n<h3>Zalety kupowania polubie\u0144 na TikTok<\/h3>\n<ul>\n<li>Natychmiastowa poprawa widoczno\u015bci Twoich film\u00f3w wideo<\/li>\n<li>Zwi\u0119kszona wiarygodno\u015b\u0107 w\u015br\u00f3d nowych u\u017cytkownik\u00f3w<\/li>\n<li>Zwi\u0119kszony zasi\u0119g dzi\u0119ki algorytmowi<\/li>\n<li>Wi\u0119cej interakcji, kt\u00f3re generuj\u0105 organicznych zwolennik\u00f3w<\/li>\n<li>Bezpieczna dostawa, bez nara\u017cania Twojego konta na szwank<\/li>\n<\/ul>\n<p class=\"translation-block\"><strong>Kup polubienia TikTok<\/strong> jest przydatny zar\u00f3wno dla nowych kont, jak i istniej\u0105cych profili, kt\u00f3re chc\u0105 zwi\u0119kszy\u0107 liczb\u0119 kluczowych post\u00f3w. Dzi\u0119ki dobrej bazie interakcji ka\u017cdy nowy film, kt\u00f3ry opublikujesz, b\u0119dzie mia\u0142 wi\u0119ksz\u0105 szans\u0119 na zauwa\u017cenie.<\/p>\n<p>Opr\u00f3cz poprawy widoczno\u015bci, polubienia wp\u0142ywaj\u0105 r\u00f3wnie\u017c na spos\u00f3b interakcji u\u017cytkownik\u00f3w z Twoim profilem. Gdy kto\u015b widzi, \u017ce Tw\u00f3j film ma du\u017c\u0105 liczb\u0119 polubie\u0144, automatycznie zak\u0142ada, \u017ce tre\u015b\u0107 ma warto\u015b\u0107. Prowadzi to do d\u0142u\u017cszego czasu ogl\u0105dania, wi\u0119kszej liczby komentarzy i, w wielu przypadkach, wi\u0119kszej liczby obserwuj\u0105cych.<\/p>\n<p class=\"translation-block\"><strong>Kupowanie polubie\u0144 TikTok<\/strong> to spos\u00f3b na wzmocnienie wszystkich wska\u017anik\u00f3w, kt\u00f3re algorytm bierze pod uwag\u0119, aby organicznie rozwija\u0107 konto.<\/p>\n<h2>Czy kupowanie polubie\u0144 na TikTok jest bezpieczne?<\/h2>\n<p>Tak, ca\u0142kowicie bezpieczne. Nie prosimy o has\u0142a ani dost\u0119p do Twojego konta. Wszystko, czego potrzebujemy, to link do filmu, kt\u00f3ry chcesz wzmocni\u0107. Proces jest progresywny, naturalny i zaprojektowany tak, aby Tw\u00f3j profil by\u0142 zawsze chroniony.<\/p>\n<p>Pracujemy przy u\u017cyciu sprawdzonych metod i zoptymalizowanych system\u00f3w, aby zagwarantowa\u0107 skuteczne i wolne od ryzyka wyniki. <strong>Kup polubienia TikTok<\/strong> to niezawodny spos\u00f3b na zwi\u0119kszenie zawarto\u015bci bez nara\u017cania integralno\u015bci konta.<\/p>\n<h3>Kto mo\u017ce skorzysta\u0107 z tej us\u0142ugi?<\/h3>\n<p class=\"translation-block\">Ka\u017cdy, kto publikuje tre\u015bci na TikTok. Od tw\u00f3rc\u00f3w, influencer\u00f3w i przedsi\u0119biorc\u00f3w, po marki, kt\u00f3re chc\u0105 pozycjonowa\u0107 si\u0119 w tej sieci. Je\u015bli chcesz zwi\u0119kszy\u0107 sw\u00f3j autorytet, przyci\u0105gn\u0105\u0107 wi\u0119cej odwiedzaj\u0105cych lub wzmocni\u0107 swoj\u0105 strategi\u0119, <strong>kup Lubi\u0119 TikTok<\/strong> jest dla Ciebie.<\/p>\n<ul>\n<li>Tw\u00f3rcy, kt\u00f3rzy chc\u0105, aby ich filmy sta\u0142y si\u0119 wirusowe.<\/li>\n<li>Marki rozpoczynaj\u0105ce kampanie marketingowe<\/li>\n<li>Influencerzy szukaj\u0105cy wsp\u00f3\u0142pracy<\/li>\n<li>\ud83d\udecd\ufe0f Firmy sprzedaj\u0105ce za po\u015brednictwem TikTok<\/li>\n<li>U\u017cytkownicy, kt\u00f3rzy chc\u0105 si\u0119 szybciej wyr\u00f3\u017cnia\u0107<\/li>\n<\/ul>\n<h2>Jak to dzia\u0142a?<\/h2>\n<p>Proces jest bardzo prosty. Wszystko, co musisz zrobi\u0107, to wybra\u0107 pakiet, kt\u00f3ry najlepiej odpowiada Twoim potrzebom, poda\u0107 nam link do filmu i z\u0142o\u017cy\u0107 zam\u00f3wienie. My zajmiemy si\u0119 wszystkim. Dostawa rozpoczyna si\u0119 w kr\u00f3tkim czasie, stopniowo i bezpiecznie.<\/p>\n<p class=\"translation-block\">A je\u015bli chcesz, aby Tw\u00f3j profil rozwija\u0142 si\u0119 w jeszcze bardziej zr\u00f3wnowa\u017cony spos\u00f3b, mo\u017cesz po\u0142\u0105czy\u0107 t\u0119 us\u0142ug\u0119 z <a href=\"https:\/\/doymedia.com\/pl\/kup-obserwujacych-tiktok\/\" target=\"_self\"><strong>zakupem obserwuj\u0105cych TikTok<\/strong><\/a> lub <a href=\"https:\/\/doymedia.com\/pl\/kup-widoki-tiktok\/\" target=\"_self\"><strong>zakupem wy\u015bwietle\u0144 TikTok<\/strong><\/a>. W ten spos\u00f3b generujesz prawdziw\u0105 i zr\u00f3wnowa\u017con\u0105 strategi\u0119 wzrostu.<\/p>\n<h2>Zapewnij swoim filmom uznanie, na jakie zas\u0142uguj\u0105<\/h2>\n<p class=\"translation-block\">Nie pozw\u00f3l, aby Twoje posty pozosta\u0142y niezauwa\u017cone. Dzi\u0119ki <strong>kupowaniu polubie\u0144 TikTok<\/strong> mo\u017cesz zwi\u0119kszy\u0107 swoj\u0105 zawarto\u015b\u0107, poprawi\u0107 ranking i zyska\u0107 widoczno\u015b\u0107 w ci\u0105gu kilku minut. Zacznij ju\u017c dzi\u015b i spraw, by ka\u017cdy film si\u0119 liczy\u0142.<\/p>\n<\/div><\/div><\/div><\/div><\/div><\/div><\/div><\/section>","protected":false},"excerpt":{"rendered":"Na TikTok liczy si\u0119 ka\u017cda sekunda. Mo\u017cesz mie\u0107 \u015bwietny film, ale je\u015bli nie zdob\u0119dzie on zaanga\u017cowania w kr\u00f3tkim czasie, algorytm nie poka\u017ce go wi\u0119kszej liczbie os\u00f3b. W\u0142a\u015bnie dlatego kupowanie polubie\u0144 TikTok sta\u0142o si\u0119 skuteczn\u0105 strategi\u0105 poprawy widoczno\u015bci Twoich film\u00f3w, przyci\u0105gni\u0119cia nowych obserwuj\u0105cych i wzmocnienia autorytetu Twojego profilu...","protected":false},"featured_media":317,"comment_status":"open","ping_status":"closed","template":"","meta":{"_acf_changed":false},"product_brand":[],"product_cat":[18],"product_tag":[],"class_list":{"0":"post-100","1":"product","2":"type-product","3":"status-publish","4":"has-post-thumbnail","6":"product_cat-tiktok","7":"wcpa_has_options","9":"first","10":"instock","11":"sale","12":"featured","13":"shipping-taxable","14":"purchasable","15":"product-type-variable","16":"has-default-attributes"},"acf":[],"wcpa_form_fields":{"wcpaData":{"product":{"product_price":2.99,"price_html":"","original_product_price":2.99,"price_including_tax":2.99,"price_excluding_tax":2.99,"product_id":{"parent":100,"variation":false},"is_variable":true,"stock_status":"instock","stock_quantity":null,"parent_sku":"","product_attributes":{"cantidad":{"is_variation":true,"values":[]}},"custom_fields":[],"is_taxable":false,"product_name":"Comprar Likes TikTok","hasImage":false},"fields":{"sec_167fa907111f84":{"extra":{"key":"sec_167fa907111f84","section_id":"sec_167fa907111f84","name":"Por defecto","status":1,"toggle":true,"form_id":1048,"form_rules":{"exclude_from_discount":false,"fee_label":"Extras","disp_hide_options_price":false,"disp_show_section_price":false,"disp_show_field_price":false,"layout_option":"standard","pric_use_as_fee":false,"process_fee_as":"woo_fee"},"layout_option":"standard"},"fields":[[{"active":true,"col":5,"relations":false,"cl_rule":"show","enableCl":false,"price":"","enablePrice":false,"className":"","type":"text","subtype":"text","required":true,"elementId":"text_867fa907111f9e","label":"Enlace al V\u00eddeo","name":"text_867fa907111f9e","value":"","error":false,"placeholder":"Ejemplo: https:\/\/www.tiktok.com\/@mrbeast\/video\/7460191038293069102","enableDesign":false,"LabelSize":"16px","gt_translate_keys":["label","placeholder","value"],"price_dependency":false,"cl_dependency":false}],[{"active":true,"col":5,"relations":false,"cl_rule":"show","enableCl":false,"price":"","enablePrice":true,"className":"","label_position":"default","desc_position":"default","type":"select","required":false,"elementId":"select_667fa907111fac","label":"A\u00f1adir Seguidores con Descuento","name":"select_667fa907111fac","values":[{"label":"100 Seguidores","value":"100","selected":false,"tempId":"aco_46","price":"3,89","gt_translate_keys":["label"]},{"label":"500 Seguidores","value":"500","selected":false,"tempId":"aco_1337","price":"6,79","gt_translate_keys":["label"]},{"label":"1.000 Seguidores","value":"1000","selected":false,"tempId":"aco_910","price":"9,69","gt_translate_keys":["label"]},{"label":"2.000 Seguidores","value":"2000","selected":false,"tempId":"aco_911","price":"19,49","gt_translate_keys":["label"]},{"label":"5.000 Seguidores","value":"5000","selected":false,"tempId":"aco_912","price":"58,39","gt_translate_keys":["label"]}],"dropdown_type":"basic","error":false,"placeholder":"Ninguno","priceOptions":"different_for_all","pricingType":"fixed","use_as_fee":false,"enableDesign":false,"LabelSize":"16px","tooltip":"Los seguidores ser\u00e1n entregados al mismo perfil del v\u00eddeo.","gt_translate_keys":["label","placeholder","tooltip"],"price_dependency":false,"cl_dependency":false,"value":""}],[{"label":"A\u00f1adir Views con Descuento","active":true,"required":false,"elementId":"select_867fa907111fb6","dropdown_type":"basic","placeholder":"Ninguno","name":"select_867fa907111fb6","label_position":"default","desc_position":"default","enablePrice":true,"className":"","enableCl":false,"relations":false,"enableDesign":false,"LabelSize":"16px","values":[{"label":"100 Views","value":"100","selected":false,"tempId":"aco_46","price":"1,89","gt_translate_keys":["label"]},{"label":"500 Views","value":"500","selected":false,"tempId":"aco_1337","price":"2,79","gt_translate_keys":["label"]},{"label":"1.000 Views","value":"1000","selected":false,"tempId":"aco_910","price":"3,69","gt_translate_keys":["label"]},{"label":"2.000 Views","value":"2000","selected":false,"tempId":"aco_911","price":"4,59","gt_translate_keys":["label"]},{"label":"5.000 Views","value":"5000","selected":false,"tempId":"aco_912","price":"6,49","gt_translate_keys":["label"]},{"label":"10.000 Views","value":"10000","selected":false,"tempId":"aco_1219","price":"8,79","gt_translate_keys":["label"]},{"label":"50.000 Views","value":"50k","selected":false,"tempId":"aco_977","price":"42,69","gt_translate_keys":["label"]}],"priceOptions":"different_for_all","pricingType":"fixed","price":"","use_as_fee":false,"cl_rule":"show","col":5,"type":"select","error":false,"tooltip":"Los views ser\u00e1n entregados a la misma publicaci\u00f3n.","gt_translate_keys":["label","placeholder","tooltip"],"price_dependency":false,"cl_dependency":false,"value":""}]]}},"config":{"price_override":"","enable_recaptcha":false,"bind_quantity":false,"quantity_bind_formula":false,"disp_summ_show_option_price":false,"disp_summ_show_product_price":false,"disp_summ_show_total_price":false,"disp_summ_show_fee":false,"disp_summ_show_discount":false,"summary_title":"","options_total_label":"Extras","total_label":"Total","options_product_label":"Producto","fee_label":"Extras","discount_label":"Descuento","has_price":true,"has_quantity_formula":false},"mc_unit":1,"tax_rate":1,"tax_rate_real":1,"discount":{"percentage":0,"fixed":0},"design":{"conf":{"LabelPosition":"above","DescPosition":"above","UploadField":"custom_1","QuantityFieldStyle":"default"},"css":{"LeftLabelWidth":"120px"}},"formulas":[],"clones":false,"cartKey":false}},"_links":{"self":[{"href":"https:\/\/doymedia.com\/pl\/wp-json\/wp\/v2\/product\/100","targetHints":{"allow":["GET"]}}],"collection":[{"href":"https:\/\/doymedia.com\/pl\/wp-json\/wp\/v2\/product"}],"about":[{"href":"https:\/\/doymedia.com\/pl\/wp-json\/wp\/v2\/types\/product"}],"replies":[{"embeddable":true,"href":"https:\/\/doymedia.com\/pl\/wp-json\/wp\/v2\/comments?post=100"}],"wp:featuredmedia":[{"embeddable":true,"href":"https:\/\/doymedia.com\/pl\/wp-json\/wp\/v2\/media\/317"}],"wp:attachment":[{"href":"https:\/\/doymedia.com\/pl\/wp-json\/wp\/v2\/media?parent=100"}],"wp:term":[{"taxonomy":"product_brand","embeddable":true,"href":"https:\/\/doymedia.com\/pl\/wp-json\/wp\/v2\/product_brand?post=100"},{"taxonomy":"product_cat","embeddable":true,"href":"https:\/\/doymedia.com\/pl\/wp-json\/wp\/v2\/product_cat?post=100"},{"taxonomy":"product_tag","embeddable":true,"href":"https:\/\/doymedia.com\/pl\/wp-json\/wp\/v2\/product_tag?post=100"}],"curies":[{"name":"wp","href":"https:\/\/api.w.org\/{rel}","templated":true}]}}