{"id":188,"date":"2025-03-27T01:32:48","date_gmt":"2025-03-27T00:32:48","guid":{"rendered":"https:\/\/v2.doymedia.com\/?post_type=product&#038;p=188"},"modified":"2025-07-28T20:32:10","modified_gmt":"2025-07-28T18:32:10","slug":"kup-godziny-odtwarzania-youtube","status":"publish","type":"product","link":"https:\/\/doymedia.com\/pl\/comprar-horas-de-reproduccion-youtube\/","title":{"rendered":"Kup godziny odtwarzania Youtube"},"content":{"rendered":"<section class=\"l-section wpb_row height_medium\"><div class=\"l-section-h i-cf\"><div class=\"g-cols vc_row via_flex valign_top type_default stacking_default\"><div class=\"vc_col-sm-12 wpb_column vc_column_container\"><div class=\"vc_column-inner\"><div class=\"wpb_wrapper\"><div class=\"wpb_text_column\"><div class=\"wpb_wrapper\"><p class=\"translation-block\">Je\u015bli chcesz zarabia\u0107 na swoim kanale YouTube, musisz spe\u0142ni\u0107 dwa kluczowe wymagania: co najmniej 1000 subskrybent\u00f3w i 4000 godzin odtwarzania w ci\u0105gu ostatnich 12 miesi\u0119cy. I chocia\u017c subskrybent\u00f3w mo\u017cna zdoby\u0107 dzi\u0119ki sp\u00f3jno\u015bci i anga\u017cuj\u0105cym tre\u015bciom, gromadzenie tych godzin mo\u017ce by\u0107 d\u0142ugim i frustruj\u0105cym procesem. Dlatego <strong>kupowanie godzin odtwarzania w YouTube<\/strong> jest strategiczn\u0105 i skuteczn\u0105 opcj\u0105, aby szybciej osi\u0105gn\u0105\u0107 ten cel.<\/p>\n<p class=\"translation-block\">Nasza us\u0142uga pomaga zwi\u0119kszy\u0107 czas ogl\u0105dania Twojego kana\u0142u w spos\u00f3b bezpieczny, naturalny i w ramach parametr\u00f3w dozwolonych przez YouTube. Je\u015bli jeste\u015b gotowy, aby zarabia\u0107 na swoim kanale i zacz\u0105\u0107 generowa\u0107 przychody ze swoich film\u00f3w, <strong>Kupuj godziny ogl\u0105dania YouTube<\/strong> mo\u017ce by\u0107 impulsem, kt\u00f3rego potrzebujesz, aby spe\u0142ni\u0107 standardy programu partnerskiego YouTube.<\/p>\n<h2>Po co kupowa\u0107 godziny odtwarzania na YouTube?<\/h2>\n<p class=\"translation-block\">Poniewa\u017c osi\u0105gni\u0119cie 4000 godzin i obserwowanie, jak Twoje statystyki stopniowo rosn\u0105, mo\u017ce zaj\u0105\u0107 miesi\u0105ce, a nawet lata. A je\u015bli Tw\u00f3j kana\u0142 jest w stagnacji lub nie jest jeszcze wystarczaj\u0105co widoczny, proces ten staje si\u0119 jeszcze wolniejszy. Kupuj\u0105c <strong>godziny odtwarzania w YouTube<\/strong>, przyspieszasz t\u0119 \u015bcie\u017ck\u0119 i zwi\u0119kszasz swoje szanse na zarabianie bez polegania na algorytmie.<\/p>\n<p>Us\u0142uga ta zosta\u0142a zaprojektowana, aby pom\u00f3c Ci zbudowa\u0107 solidn\u0105 baz\u0119 obserwacji w czasie rzeczywistym, z widokami z r\u00f3\u017cnych lokalizacji, w d\u0142ugich filmach i z progresywn\u0105 dostaw\u0105, kt\u00f3ra symuluje naturalny wzrost. Idealny, je\u015bli jeste\u015b blisko celu i potrzebujesz ostatecznego impulsu lub je\u015bli dopiero zaczynasz i chcesz zacz\u0105\u0107 dzia\u0142a\u0107.<\/p>\n<h3>Zalety kupowania czasu ogl\u0105dania w YouTube<\/h3>\n<ul>\n<li>Przyspiesza zgodno\u015b\u0107 z wymogami monetyzacji<\/li>\n<li>Ulepsz pozycjonowanie swojego kana\u0142u i film\u00f3w.<\/li>\n<li>\u2705 Bezpieczna us\u0142uga, bez nara\u017cania Twojego konta na ryzyko<\/li>\n<li>\u23f1\ufe0f Progresywna dostawa zgodna z rzeczywist\u0105 aktywno\u015bci\u0105<\/li>\n<li>Mi\u0119dzynarodowe odtwarzanie z r\u00f3\u017cnych lokalizacji<\/li>\n<\/ul>\n<p class=\"translation-block\">Ponadto kana\u0142 z dobrym czasem ogl\u0105dania ma wi\u0119ksze szanse na pojawienie si\u0119 w rekomendacjach i wyszukiwaniach. <strong>Kupowanie czasu odtwarzania na YouTube<\/strong> nie tylko pomaga Ci zarabia\u0107, ale tak\u017ce lepiej pozycjonuje Ci\u0119 na platformie.<\/p>\n<h2>Czy kupowanie godzin odtwarzania jest bezpieczne?<\/h2>\n<p>Tak, nasza us\u0142uga jest 100% bezpieczna i zaprojektowana zgodnie ze standardami YouTube. Nie prosimy o has\u0142a ani \u017caden rodzaj dost\u0119pu do Twojego konta. Wszystko, co musisz zrobi\u0107, to wys\u0142a\u0107 nam link do film\u00f3w, kt\u00f3re chcesz wzmocni\u0107 lub link do swojego kana\u0142u, a my zajmiemy si\u0119 reszt\u0105.<\/p>\n<p class=\"translation-block\">Godziny odtwarzania s\u0105 dostarczane stopniowo, zachowuj\u0105c naturalny i zr\u00f3wnowa\u017cony rytm. Zapobiega to podejrzanym zachowaniom i chroni Tw\u00f3j kana\u0142 przed ewentualnymi karami. <strong>Zakup godzin odtwarzania na Youtube<\/strong> z nami to bezpieczna i strategiczna inwestycja.<\/p>\n<h3>Kto mo\u017ce skorzysta\u0107 z tej us\u0142ugi?<\/h3>\n<p>Us\u0142uga ta jest idealna dla tw\u00f3rc\u00f3w, kt\u00f3rzy chc\u0105 szybciej zarabia\u0107 na swoim kanale lub zwi\u0119kszy\u0107 sw\u00f3j autorytet na platformie. Jest r\u00f3wnie\u017c przydatna dla agencji, muzyk\u00f3w, marek osobistych lub firm, kt\u00f3re wykorzystuj\u0105 YouTube jako narz\u0119dzie marketingowe.<\/p>\n<ul>\n<li>Tw\u00f3rcy, kt\u00f3rzy chc\u0105 jak najszybciej aktywowa\u0107 monetyzacj\u0119.<\/li>\n<li>\ud83d\udcc8 Nowe kana\u0142y, kt\u00f3re potrzebuj\u0105 pocz\u0105tkowego impulsu<\/li>\n<li>Marki publikuj\u0105ce tre\u015bci edukacyjne lub promocyjne<\/li>\n<li>Arty\u015bci, kt\u00f3rzy u\u017cywaj\u0105 YouTube do uruchamiania swoich projekt\u00f3w<\/li>\n<li>Edukatorzy lub eksperci, kt\u00f3rzy chc\u0105 wyr\u00f3\u017cni\u0107 si\u0119 d\u0142ugimi filmami.<\/li>\n<\/ul>\n<h2>Jak to dzia\u0142a?<\/h2>\n<p>Proces jest prosty: wybierasz liczb\u0119 godzin odtwarzania, kt\u00f3rych potrzebujesz, informujesz nas o kanale lub filmach, kt\u00f3re chcesz promowa\u0107, a my rozpoczynamy dostaw\u0119. Wszystko odbywa si\u0119 w progresywny, bezpieczny i zoptymalizowany spos\u00f3b, dzi\u0119ki czemu osi\u0105gniesz sw\u00f3j cel bez \u017cadnych komplikacji.<\/p>\n<p class=\"translation-block\">A je\u015bli chcesz uzupe\u0142ni\u0107 swoj\u0105 strategi\u0119, mo\u017cesz po\u0142\u0105czy\u0107 t\u0119 us\u0142ug\u0119 z <a href=\"https:\/\/doymedia.com\/pl\/kup-subskrybentow-youtube\/\" target=\"_self\"><strong>kupowaniem subskrybent\u00f3w YouTube<\/strong><\/a> lub <a href=\"https:\/\/doymedia.com\/pl\/kup-wyswietlenia-na-youtube\/\" target=\"_self\"><strong>kupowaniem wy\u015bwietle\u0144 YouTube<\/strong><\/a>, aby uzyska\u0107 pe\u0142ny i sp\u00f3jny wzrost.<\/p>\n<h2>Szybciej aktywuj monetyzacj\u0119<\/h2>\n<p class=\"translation-block\">Nie czekaj d\u0142u\u017cej, aby zarabia\u0107 na swoich tre\u015bciach. Dzi\u0119ki <strong>Buy YouTube Playtime<\/strong> mo\u017cesz bezpiecznie i\u015b\u0107 naprz\u00f3d, spe\u0142ni\u0107 wymagania i zacz\u0105\u0107 generowa\u0107 realne dochody ze swojego kana\u0142u. Przejmij kontrol\u0119 nad swoim rozwojem i zamie\u0144 swoj\u0105 pasj\u0119 w \u017ar\u00f3d\u0142o dochodu.<\/p>\n<\/div><\/div><\/div><\/div><\/div><\/div><\/div><\/section>","protected":false},"excerpt":{"rendered":"Je\u015bli chcesz zarabia\u0107 na swoim kanale YouTube, musisz spe\u0142ni\u0107 dwa kluczowe wymagania: co najmniej 1000 subskrybent\u00f3w i 4000 godzin odtwarzania w ci\u0105gu ostatnich 12 miesi\u0119cy. I chocia\u017c subskrybent\u00f3w mo\u017cna zdoby\u0107 dzi\u0119ki sp\u00f3jno\u015bci i anga\u017cuj\u0105cym tre\u015bciom, gromadzenie tych godzin mo\u017ce by\u0107 d\u0142ugim i frustruj\u0105cym procesem. Dlatego kupowanie godzin odtwarzania...","protected":false},"featured_media":243,"comment_status":"open","ping_status":"closed","template":"","meta":{"_acf_changed":false},"product_brand":[],"product_cat":[21],"product_tag":[],"class_list":{"0":"post-188","1":"product","2":"type-product","3":"status-publish","4":"has-post-thumbnail","6":"product_cat-youtube","7":"wcpa_has_options","9":"first","10":"instock","11":"sale","12":"shipping-taxable","13":"purchasable","14":"product-type-variable","15":"has-default-attributes"},"acf":[],"wcpa_form_fields":{"wcpaData":{"product":{"product_price":14.99,"price_html":"","original_product_price":14.99,"price_including_tax":14.99,"price_excluding_tax":14.99,"product_id":{"parent":188,"variation":false},"is_variable":true,"stock_status":"instock","stock_quantity":null,"parent_sku":"","product_attributes":{"cantidad":{"is_variation":true,"values":[]}},"custom_fields":[],"is_taxable":false,"product_name":"Comprar Horas de Reproducci\u00f3n Youtube","hasImage":false},"fields":{"sec_767faa0c54dde7":{"extra":{"key":"sec_767faa0c54dde7","section_id":"sec_767faa0c54dde7","name":"Por defecto","status":1,"toggle":true,"form_id":1057,"form_rules":{"exclude_from_discount":false,"fee_label":"Dopl\u0148ky","disp_hide_options_price":false,"disp_show_section_price":false,"disp_show_field_price":false,"layout_option":"standard","pric_use_as_fee":false,"process_fee_as":"woo_fee"},"layout_option":"standard"},"fields":[[{"active":true,"col":5,"relations":false,"cl_rule":"show","enableCl":false,"price":"","enablePrice":false,"className":"","type":"text","subtype":"text","required":true,"elementId":"text_567faa0c54de0c","label":"Enlace al V\u00eddeo","name":"text_567faa0c54de0c","value":"","error":false,"placeholder":"Ejemplo: https:\/\/www.youtube.com\/watch?v=0e3GPea1Tyg","enableDesign":false,"LabelSize":"16px","gt_translate_keys":["label","placeholder","value"],"price_dependency":false,"cl_dependency":false}],[{"active":true,"col":5,"relations":false,"cl_rule":"show","enableCl":false,"price":"","enablePrice":false,"className":"mensaje-informacion","label_position":"default","desc_position":"default","type":"content","required":false,"elementId":"content_8420301710","label":"","name":"content_8420301710","contentType":"rich","value":"<p>Imprescindible que el v\u00eddeo tenga al menos 60 minutos de duraci\u00f3n.<\/p>","error":false,"scrollBar":false,"enableDesign":false,"LabelColor":"","DescColor":"#c30003","DescSize":"16px","gt_translate_keys":["label","value"],"price_dependency":false,"cl_dependency":false}]]}},"config":{"price_override":"","enable_recaptcha":false,"bind_quantity":false,"quantity_bind_formula":false,"disp_summ_show_option_price":false,"disp_summ_show_product_price":false,"disp_summ_show_total_price":false,"disp_summ_show_fee":false,"disp_summ_show_discount":false,"summary_title":"","options_total_label":"Dopl\u0148ky","total_label":"Celkem","options_product_label":"Producto","fee_label":"Dopl\u0148ky","discount_label":"Descuento","has_price":true,"has_quantity_formula":false},"mc_unit":1,"tax_rate":1,"tax_rate_real":1,"discount":{"percentage":0,"fixed":0},"design":{"conf":{"LabelPosition":"above","DescPosition":"above","UploadField":"custom_1","QuantityFieldStyle":"default"},"css":{"LeftLabelWidth":"120px"}},"formulas":[],"clones":false,"cartKey":false}},"_links":{"self":[{"href":"https:\/\/doymedia.com\/pl\/wp-json\/wp\/v2\/product\/188","targetHints":{"allow":["GET"]}}],"collection":[{"href":"https:\/\/doymedia.com\/pl\/wp-json\/wp\/v2\/product"}],"about":[{"href":"https:\/\/doymedia.com\/pl\/wp-json\/wp\/v2\/types\/product"}],"replies":[{"embeddable":true,"href":"https:\/\/doymedia.com\/pl\/wp-json\/wp\/v2\/comments?post=188"}],"wp:featuredmedia":[{"embeddable":true,"href":"https:\/\/doymedia.com\/pl\/wp-json\/wp\/v2\/media\/243"}],"wp:attachment":[{"href":"https:\/\/doymedia.com\/pl\/wp-json\/wp\/v2\/media?parent=188"}],"wp:term":[{"taxonomy":"product_brand","embeddable":true,"href":"https:\/\/doymedia.com\/pl\/wp-json\/wp\/v2\/product_brand?post=188"},{"taxonomy":"product_cat","embeddable":true,"href":"https:\/\/doymedia.com\/pl\/wp-json\/wp\/v2\/product_cat?post=188"},{"taxonomy":"product_tag","embeddable":true,"href":"https:\/\/doymedia.com\/pl\/wp-json\/wp\/v2\/product_tag?post=188"}],"curies":[{"name":"wp","href":"https:\/\/api.w.org\/{rel}","templated":true}]}}