{"id":827,"date":"2025-04-10T17:34:41","date_gmt":"2025-04-10T15:34:41","guid":{"rendered":"https:\/\/v2.doymedia.com\/?post_type=product&#038;p=827"},"modified":"2025-07-16T21:41:26","modified_gmt":"2025-07-16T19:41:26","slug":"kup-obserwujacych-na-twitterze","status":"publish","type":"product","link":"https:\/\/doymedia.com\/pl\/comprar-seguidores-twitter\/","title":{"rendered":"Kup obserwuj\u0105cych na Twitterze"},"content":{"rendered":"<section class=\"l-section wpb_row height_medium\"><div class=\"l-section-h i-cf\"><div class=\"g-cols vc_row via_flex valign_top type_default stacking_default\"><div class=\"vc_col-sm-12 wpb_column vc_column_container\"><div class=\"vc_column-inner\"><div class=\"wpb_wrapper\"><div class=\"wpb_text_column\"><div class=\"wpb_wrapper\"><p class=\"translation-block\">Na Twitterze liczba obserwuj\u0105cych jest listem polecaj\u0105cym. Konto z wieloma obserwuj\u0105cymi przekazuje autorytet, zaufanie i znaczenie w twoim sektorze. Dlatego te\u017c <strong>kupowanie obserwuj\u0105cych na Twitterze<\/strong> jest sprytn\u0105 strategi\u0105, aby wyr\u00f3\u017cni\u0107 si\u0119 od pierwszego spojrzenia, zwi\u0119kszy\u0107 swoj\u0105 wiarygodno\u015b\u0107 i wzmocni\u0107 swoje konto.<\/p>\n<p class=\"translation-block\">Niezale\u017cnie od tego, czy korzystasz z Twittera dla swojej marki osobistej, firmy, profesjonalnego projektu czy kreatywnych tre\u015bci, posiadanie silnej spo\u0142eczno\u015bci otwiera drzwi do wi\u0119kszego zaanga\u017cowania, wi\u0119kszej widoczno\u015bci i wi\u0119kszych mo\u017cliwo\u015bci. Je\u015bli jeste\u015b zm\u0119czony powolnym rozwojem lub nie otrzymujesz uznania, na jakie zas\u0142uguj\u0105 Twoje tre\u015bci, <strong>zakup obserwuj\u0105cych na Twitterze<\/strong> mo\u017ce da\u0107 Ci impuls, kt\u00f3rego potrzebujesz.<\/p>\n<h2>Dlaczego warto kupowa\u0107 obserwuj\u0105cych na Twitterze?<\/h2>\n<p class=\"translation-block\">Poniewa\u017c na tej platformie postrzeganie jest wszystkim. Konto z niewielk\u0105 liczb\u0105 obserwuj\u0105cych, nawet je\u015bli zawiera interesuj\u0105ce tre\u015bci, mo\u017ce pozosta\u0107 niezauwa\u017cone. Z drugiej strony, gdy konto ma solidn\u0105 baz\u0119 obserwuj\u0105cych, generuje ciekawo\u015b\u0107 i zaufanie. <strong>Kupuj\u0105c obserwuj\u0105cych na Twitterze<\/strong>, tworzysz silny wizerunek od samego pocz\u0105tku.<\/p>\n<p>Ponadto liczba obserwuj\u0105cych wp\u0142ywa na spos\u00f3b, w jaki inni wchodz\u0105 w interakcj\u0119 z Twoim kontem. Wi\u0119cej obserwuj\u0105cych przyci\u0105ga wi\u0119ksze zaanga\u017cowanie, wi\u0119cej retweet\u00f3w, wi\u0119cej wzmianek i cz\u0119sto organicznych obserwuj\u0105cych. Chodzi o generowanie trakcji i wykorzystywanie efektu falowania.<\/p>\n<h3>Zalety kupowania obserwuj\u0105cych na Twitterze<\/h3>\n<ul>\n<li>Zwi\u0119ksz autorytet i wiarygodno\u015b\u0107 swojego profilu.<\/li>\n<li>Zapewnia profesjonalny i niezawodny wizerunek.<\/li>\n<li>Popraw swoje pozycjonowanie przed nowymi u\u017cytkownikami.<\/li>\n<li>Wspiera organiczn\u0105 interakcj\u0119 i naturalny wzrost<\/li>\n<li>Bezpieczna us\u0142uga, bez dost\u0119pu do Twojego konta<\/li>\n<\/ul>\n<p class=\"translation-block\"><strong>Kup obserwuj\u0105cych na Twitterze<\/strong> jest przydatny dla wszystkich typ\u00f3w kont: osobistych, komercyjnych, instytucjonalnych lub kreatywnych. Niezale\u017cnie od tego, czy chcesz zaimponowa\u0107 swoim klientom, zacie\u015bni\u0107 wsp\u00f3\u0142prac\u0119, czy po prostu mie\u0107 wi\u0119kszy wp\u0142yw na cyfrow\u0105 konwersacj\u0119, ta us\u0142uga mo\u017ce pom\u00f3c Ci szybciej to osi\u0105gn\u0105\u0107.<\/p>\n<h2>Czy kupowanie obserwuj\u0105cych na Twitterze jest bezpieczne?<\/h2>\n<p>Tak, ca\u0142kowicie bezpieczne. Nigdy nie pytamy o Twoje has\u0142o ani \u017cadne prywatne dane. Potrzebujemy tylko Twojej publicznej nazwy u\u017cytkownika na Twitterze. Nasz system dba o stopniow\u0105 i naturaln\u0105 dostaw\u0119, unikaj\u0105c jakichkolwiek oznak sztucznego zachowania.<\/p>\n<p>Pracujemy z usprawnionymi procesami, aby chroni\u0107 Twoje konto i ulepsza\u0107 Tw\u00f3j profil skutecznie i dyskretnie. Tysi\u0105ce u\u017cytkownik\u00f3w skorzysta\u0142o ju\u017c z tej us\u0142ugi z pozytywnymi wynikami i bez komplikacji.<\/p>\n<h3>Kto mo\u017ce skorzysta\u0107 z tej us\u0142ugi?<\/h3>\n<p>Ta us\u0142uga jest przeznaczona dla ka\u017cdej osoby lub projektu, kt\u00f3ry chce bardziej wyr\u00f3\u017cni\u0107 si\u0119 na Twitterze. Od przedsi\u0119biorc\u00f3w i freelancer\u00f3w, po artyst\u00f3w, marki lub firmy, kt\u00f3re chc\u0105 pozycjonowa\u0107 si\u0119 z wi\u0119kszym autorytetem.<\/p>\n<ul>\n<li>Profesjonali\u015bci korzystaj\u0105cy z Twittera jako kana\u0142u komunikacji<\/li>\n<li>Arty\u015bci i tw\u00f3rcy promuj\u0105cy swoje dzie\u0142a lub pomys\u0142y<\/li>\n<li>Firmy, kt\u00f3re chc\u0105 generowa\u0107 wi\u0119kszy wp\u0142yw spo\u0142eczny<\/li>\n<li>Cyfrowi przedsi\u0119biorcy szukaj\u0105cy pozycjonowania<\/li>\n<li>\ud83d\udcac Nowe konta, kt\u00f3re chc\u0105 dobrze zacz\u0105\u0107.<\/li>\n<\/ul>\n<p>Ponadto posiadanie solidnej bazy obserwuj\u0105cych jest kluczowe, je\u015bli chcesz zamkn\u0105\u0107 wsp\u00f3\u0142prac\u0119, kampanie marketingowe lub po prostu da\u0107 lepszy wizerunek publiczny.<\/p>\n<p class=\"translation-block\">Wiele marek i u\u017cytkownik\u00f3w decyduje si\u0119 \u015bledzi\u0107 Ci\u0119 lub kontaktowa\u0107 si\u0119 z Tob\u0105 na podstawie Twojego widocznego wp\u0142ywu spo\u0142ecznego. Dlatego <strong>kupowanie obserwuj\u0105cych na Twitterze<\/strong> to nie tylko kwestia liczb, ale inwestycja w twoj\u0105 cyfrow\u0105 reputacj\u0119 i mo\u017cliwo\u015bci, kt\u00f3re mog\u0105 z niej wynikn\u0105\u0107.<\/p>\n<h2>Jak to dzia\u0142a?<\/h2>\n<p>Kupowanie obserwuj\u0105cych na Twitterze jest bardzo proste. Wszystko, co musisz zrobi\u0107, to wybra\u0107 pakiet, kt\u00f3ry najlepiej odpowiada Twoim celom, wprowadzi\u0107 @u\u017cytkownika i z\u0142o\u017cy\u0107 zam\u00f3wienie. My zajmiemy si\u0119 dostaw\u0105, kt\u00f3ra odbywa si\u0119 w spos\u00f3b naturalny i bezpieczny.<\/p>\n<p class=\"translation-block\">Aby uzyska\u0107 bardziej kompletn\u0105 strategi\u0119, mo\u017cesz po\u0142\u0105czy\u0107 t\u0119 us\u0142ug\u0119 z <a href=\"https:\/\/doymedia.com\/pl\/kup-polubienia-na-twitterze\/\" target=\"_self\"><strong>zakupem polubie\u0144 na Twitterze<\/strong><\/a> lub nawet z <a href=\"https:\/\/doymedia.com\/pl\/kupowanie-glosow-na-twitterze\/\" target=\"_self\"><strong>zakupem g\u0142os\u00f3w w ankietach na Twitterze<\/strong><\/a>, a tym samym zwi\u0119kszy\u0107 nie tylko liczb\u0119 obserwuj\u0105cych, ale tak\u017ce widoczno\u015b\u0107 i udzia\u0142 na platformie.<\/p>\n<h2>Rozwi\u0144 swoje konto ju\u017c dzi\u015b<\/h2>\n<p class=\"translation-block\">Je\u015bli chcesz si\u0119 silnie pozycjonowa\u0107, generowa\u0107 wp\u0142yw i mie\u0107 konto, kt\u00f3re wzbudza zaufanie od pierwszego spojrzenia, <strong>zakup obserwuj\u0105cych na Twitterze<\/strong> jest pierwszym krokiem. Wykonaj skok ju\u017c dzi\u015b i zacznij budowa\u0107 solidn\u0105 spo\u0142eczno\u015b\u0107, kt\u00f3ra pomo\u017ce Ci osi\u0105gn\u0105\u0107 Twoje cele.<\/p>\n<\/div><\/div><\/div><\/div><\/div><\/div><\/div><\/section>","protected":false},"excerpt":{"rendered":"Na Twitterze liczba obserwuj\u0105cych jest listem polecaj\u0105cym. Konto z wieloma obserwuj\u0105cymi przekazuje autorytet, zaufanie i znaczenie w twoim sektorze. W\u0142a\u015bnie dlatego kupowanie obserwuj\u0105cych na Twitterze jest m\u0105dr\u0105 strategi\u0105, aby wyr\u00f3\u017cni\u0107 si\u0119 od pierwszego spojrzenia, zwi\u0119kszy\u0107 swoj\u0105 wiarygodno\u015b\u0107 i wzmocni\u0107 swoje konto. Niezale\u017cnie od tego, czy korzystasz z...","protected":false},"featured_media":318,"comment_status":"open","ping_status":"closed","template":"","meta":{"_acf_changed":false},"product_brand":[],"product_cat":[19],"product_tag":[],"class_list":{"0":"post-827","1":"product","2":"type-product","3":"status-publish","4":"has-post-thumbnail","6":"product_cat-twitter","7":"wcpa_has_options","9":"first","10":"instock","11":"sale","12":"shipping-taxable","13":"purchasable","14":"product-type-variable","15":"has-default-attributes"},"acf":[],"wcpa_form_fields":{"wcpaData":{"product":{"product_price":4.99,"price_html":"","original_product_price":4.99,"price_including_tax":4.99,"price_excluding_tax":4.99,"product_id":{"parent":827,"variation":false},"is_variable":true,"stock_status":"instock","stock_quantity":null,"parent_sku":"","product_attributes":{"cantidad":{"is_variation":true,"values":[]}},"custom_fields":[],"is_taxable":false,"product_name":"Comprar Seguidores Twitter","hasImage":false},"fields":{"sec_667faa718b57fe":{"extra":{"key":"sec_667faa718b57fe","section_id":"sec_667faa718b57fe","name":"Por defecto","status":1,"toggle":true,"form_id":1068,"form_rules":{"exclude_from_discount":false,"fee_label":"Extras","disp_hide_options_price":false,"disp_show_section_price":false,"disp_show_field_price":false,"layout_option":"standard","pric_use_as_fee":false,"process_fee_as":"woo_fee"},"layout_option":"standard"},"fields":[[{"active":true,"col":5,"relations":false,"cl_rule":"show","enableCl":false,"price":"","enablePrice":false,"className":"","type":"text","subtype":"text","required":true,"elementId":"text_767faa718b581b","label":"Nombre de Usuario","name":"text_767faa718b581b","value":"","error":false,"placeholder":"Ejemplo: @mrbeast","enableDesign":false,"LabelSize":"16px","gt_translate_keys":["label","placeholder","value"],"price_dependency":false,"cl_dependency":false}],[{"active":true,"col":5,"relations":false,"cl_rule":"show","enableCl":false,"price":"","enablePrice":false,"className":"mensaje-informacion","label_position":"default","desc_position":"default","type":"content","required":false,"elementId":"content_0612173150","label":"","name":"content_0612173150","contentType":"plain","value":"La cuenta tiene que estar en modo p\u00fablico para que lleguen los seguidores.","error":false,"gt_translate_keys":["label","value"],"price_dependency":false,"cl_dependency":false}]]}},"config":{"price_override":"","enable_recaptcha":false,"bind_quantity":false,"quantity_bind_formula":false,"disp_summ_show_option_price":false,"disp_summ_show_product_price":false,"disp_summ_show_total_price":false,"disp_summ_show_fee":false,"disp_summ_show_discount":false,"summary_title":"","options_total_label":"Extras","total_label":"Total","options_product_label":"Producto","fee_label":"Extras","discount_label":"Descuento","has_price":true,"has_quantity_formula":false},"mc_unit":1,"tax_rate":1,"tax_rate_real":1,"discount":{"percentage":0,"fixed":0},"design":{"conf":{"LabelPosition":"above","DescPosition":"above","UploadField":"custom_1","QuantityFieldStyle":"default"},"css":{"LeftLabelWidth":"120px"}},"formulas":[],"clones":false,"cartKey":false}},"_links":{"self":[{"href":"https:\/\/doymedia.com\/pl\/wp-json\/wp\/v2\/product\/827","targetHints":{"allow":["GET"]}}],"collection":[{"href":"https:\/\/doymedia.com\/pl\/wp-json\/wp\/v2\/product"}],"about":[{"href":"https:\/\/doymedia.com\/pl\/wp-json\/wp\/v2\/types\/product"}],"replies":[{"embeddable":true,"href":"https:\/\/doymedia.com\/pl\/wp-json\/wp\/v2\/comments?post=827"}],"wp:featuredmedia":[{"embeddable":true,"href":"https:\/\/doymedia.com\/pl\/wp-json\/wp\/v2\/media\/318"}],"wp:attachment":[{"href":"https:\/\/doymedia.com\/pl\/wp-json\/wp\/v2\/media?parent=827"}],"wp:term":[{"taxonomy":"product_brand","embeddable":true,"href":"https:\/\/doymedia.com\/pl\/wp-json\/wp\/v2\/product_brand?post=827"},{"taxonomy":"product_cat","embeddable":true,"href":"https:\/\/doymedia.com\/pl\/wp-json\/wp\/v2\/product_cat?post=827"},{"taxonomy":"product_tag","embeddable":true,"href":"https:\/\/doymedia.com\/pl\/wp-json\/wp\/v2\/product_tag?post=827"}],"curies":[{"name":"wp","href":"https:\/\/api.w.org\/{rel}","templated":true}]}}