{"id":838,"date":"2025-04-10T17:35:14","date_gmt":"2025-04-10T15:35:14","guid":{"rendered":"https:\/\/v2.doymedia.com\/?post_type=product&#038;p=838"},"modified":"2025-05-12T16:19:10","modified_gmt":"2025-05-12T14:19:10","slug":"kup-polubienia-na-twitterze","status":"publish","type":"product","link":"https:\/\/doymedia.com\/pl\/comprar-likes-twitter\/","title":{"rendered":"Kup polubienia na Twitterze"},"content":{"rendered":"<section class=\"l-section wpb_row height_medium\"><div class=\"l-section-h i-cf\"><div class=\"g-cols vc_row via_flex valign_top type_default stacking_default\"><div class=\"vc_col-sm-12 wpb_column vc_column_container\"><div class=\"vc_column-inner\"><div class=\"wpb_wrapper\"><div class=\"wpb_text_column\"><div class=\"wpb_wrapper\"><p class=\"translation-block\">Na Twitterze polubienia s\u0105 czym\u015b wi\u0119cej ni\u017c tylko reakcj\u0105. Reprezentuj\u0105 one wsparcie, walidacj\u0119 i znaczenie. Kiedy tweet gromadzi wiele <em><strong>polubie\u0144,<\/strong><\/em> zyskuje na widoczno\u015bci, wiarygodno\u015bci i jest bardziej prawdopodobne, \u017ce szybko si\u0119 rozprzestrzeni. Dlatego te\u017c <strong>kupowanie polubie\u0144 na Twitterze<\/strong> jest skuteczn\u0105 strategi\u0105 poprawy wynik\u00f3w Twoich publikacji i zwi\u0119kszenia Twojej obecno\u015bci w tej sieci spo\u0142eczno\u015bciowej.<\/p>\n<p class=\"translation-block\">Je\u015bli udost\u0119pniasz warto\u015bciowe tre\u015bci, ale nie otrzymujesz zaanga\u017cowania, na kt\u00f3re liczysz, <strong>kupowanie polubie\u0144 na Twitterze<\/strong> mo\u017ce pom\u00f3c Ci uruchomi\u0107 algorytm, przyci\u0105gn\u0105\u0107 wi\u0119cej uwagi i wygenerowa\u0107 efekt falowania, kt\u00f3ry przyci\u0105ga retweety, obserwuj\u0105cych i nowe komentarze.<\/p>\n<h2>Dlaczego warto kupowa\u0107 polubienia na Twitterze?<\/h2>\n<p class=\"translation-block\">Poniewa\u017c algorytm i u\u017cytkownicy reaguj\u0105 na ruch. Tweet, kt\u00f3ry otrzymuje wiele polubie\u0144 w kr\u00f3tkim czasie, nabiera rozp\u0119du i jest pokazywany wi\u0119kszej liczbie os\u00f3b. <strong>Kupuj\u0105c polubienia na Twitterze<\/strong>, zwi\u0119kszasz szanse na to, \u017ce Twoje tre\u015bci b\u0119d\u0105 widoczne, udost\u0119pniane i doceniane przez wi\u0119ksz\u0105 liczb\u0119 u\u017cytkownik\u00f3w.<\/p>\n<p class=\"translation-block\">Ponadto <em><strong>polubienia<\/strong><\/strong><\/em> dodaj\u0105 si\u0142y twojemu profilowi. Nie ma znaczenia, czy dopiero zaczynasz, czy masz ju\u017c publiczno\u015b\u0107, pokazywanie aktywno\u015bci w swoich postach pozycjonuje ci\u0119 jako aktywne, atrakcyjne i wp\u0142ywowe konto. To prosty i skuteczny spos\u00f3b na wzmocnienie Twojego cyfrowego wizerunku.<\/p>\n<h3>Zalety kupowania polubie\u0144 na Twitterze<\/h3>\n<ul>\n<li>Natychmiastowy wzrost interakcji<\/li>\n<li>Wi\u0119ksza widoczno\u015b\u0107 Twoich wa\u017cnych tweet\u00f3w<\/li>\n<li>Popraw postrzeganie swoich tre\u015bci w oczach innych u\u017cytkownik\u00f3w.<\/li>\n<li>Wzmocnij sw\u00f3j autorytet na platformie<\/li>\n<li>Bezpieczna dostawa bez uszczerbku dla Twojego konta<\/li>\n<\/ul>\n<p class=\"translation-block\">Us\u0142uga ta jest przydatna zar\u00f3wno dla u\u017cytkownik\u00f3w indywidualnych, jak i dla marek, tw\u00f3rc\u00f3w tre\u015bci, influencer\u00f3w czy firm. Je\u015bli og\u0142aszasz wa\u017cn\u0105 wiadomo\u015b\u0107, promujesz co\u015b lub po prostu chcesz poprawi\u0107 aktywno\u015b\u0107 swojego konta, <strong>kup polubienia na Twitterze<\/strong> jest bezpo\u015brednim i skutecznym narz\u0119dziem.<\/p>\n<p>Ponadto, gdy Twoje posty konsekwentnie gromadz\u0105 polubienia, nowi u\u017cytkownicy s\u0105 bardziej sk\u0142onni zaufa\u0107 Twoim tre\u015bciom. Zwi\u0119ksza to czas sp\u0119dzany na Twoim profilu, prawdopodobie\u0144stwo bycia obserwowanym i og\u00f3lne zaanga\u017cowanie.<\/p>\n<p class=\"translation-block\"><strong>Kupowanie polubie\u0144 na Twitterze<\/strong> nie tylko poprawia twoje statystyki: poprawia og\u00f3lne postrzeganie ciebie lub twojej marki przez innych.<\/p>\n<h2>Czy kupowanie polubie\u0144 na Twitterze jest bezpieczne?<\/h2>\n<p>Tak, ca\u0142kowicie. Nie prosimy o has\u0142a ani dost\u0119p do Twojego konta. Potrzebujemy tylko linku do tweeta, kt\u00f3ry chcesz wzmocni\u0107.<\/p>\n<p class=\"translation-block\">Nasza us\u0142uga jest zoptymalizowana pod k\u0105tem bezpiecze\u0144stwa, dyskrecji i skuteczno\u015bci. Tysi\u0105ce u\u017cytkownik\u00f3w poprawi\u0142o z nami widoczno\u015b\u0107 swoich tweet\u00f3w bez \u017cadnego ryzyka. <strong>Kupno polubie\u0144 na Twitterze<\/strong> to strategiczna decyzja, a tutaj mo\u017cesz to zrobi\u0107 bez obaw.<\/p>\n<h3>Kto mo\u017ce skorzysta\u0107 z tej us\u0142ugi?<\/h3>\n<p>Ka\u017cde konto, kt\u00f3re chce poprawi\u0107 swoj\u0105 obecno\u015b\u0107 na Twitterze. Od przedsi\u0119biorc\u00f3w po artyst\u00f3w, marki lub indywidualnych u\u017cytkownik\u00f3w. Je\u015bli chcesz, aby Twoje posty mia\u0142y wi\u0119kszy zasi\u0119g i wygl\u0105da\u0142y mocniej, ta us\u0142uga jest dla Ciebie.<\/p>\n<ul>\n<li>Konta, kt\u00f3re chc\u0105 wzmocni\u0107 kluczowy przekaz<\/li>\n<li>\ud83d\udcc8 Marki szukaj\u0105ce interakcji w premierach<\/li>\n<li>Tw\u00f3rcy udost\u0119pniaj\u0105cy tre\u015bci wirusowe<\/li>\n<li>Eksperci lub trenerzy publikuj\u0105cy tre\u015bci edukacyjne<\/li>\n<li>U\u017cytkownicy indywidualni, kt\u00f3rzy chc\u0105 si\u0119 wyr\u00f3\u017cni\u0107<\/li>\n<\/ul>\n<h2>Jak to dzia\u0142a?<\/h2>\n<p>Wszystko, co musisz zrobi\u0107, to wybra\u0107 pakiet polubie\u0144, kt\u00f3ry najlepiej odpowiada Twoim celom, poda\u0107 nam link do tweeta i dokona\u0107 p\u0142atno\u015bci. My zajmiemy si\u0119 reszt\u0105. Zobaczysz, jak Twoja publikacja zacznie otrzymywa\u0107 interakcje w mgnieniu oka.<\/p>\n<p class=\"translation-block\">Je\u015bli chcesz bardziej kompletnej strategii, mo\u017cesz po\u0142\u0105czy\u0107 t\u0119 us\u0142ug\u0119 z <a href=\"https:\/\/doymedia.com\/pl\/kup-obserwujacych-na-twitterze\/\" target=\"_self\"><strong>zakupem obserwuj\u0105cych na Twitterze<\/strong><\/a> lub z <a href=\"https:\/\/doymedia.com\/pl\/kupowanie-glosow-na-twitterze\/\" target=\"_self\"><strong>zakupem g\u0142os\u00f3w na Twitterze<\/strong><\/a>, aby poprawi\u0107 sw\u00f3j profil w globalny i sp\u00f3jny spos\u00f3b.<\/p>\n<p class=\"translation-block\">Pami\u0119taj, \u017ce w sieciach spo\u0142eczno\u015bciowych kluczowa jest percepcja wizualna. Post z dziesi\u0105tkami lub setkami polubie\u0144 wyr\u00f3\u017cnia si\u0119 na tle innych i staje si\u0119 bardziej atrakcyjny jeszcze zanim zostanie przeczytany. To pierwsze wra\u017cenie robi r\u00f3\u017cnic\u0119. W\u0142a\u015bnie dlatego <strong>kupowanie polubie\u0144 na Twitterze<\/strong> jest r\u00f3wnie\u017c narz\u0119dziem brandingu i pozycjonowania emocjonalnego.<\/p>\n<h2>Wyr\u00f3\u017cnij swoje tweety<\/h2>\n<p class=\"translation-block\">Nie pozw\u00f3l, aby Twoje posty zagin\u0119\u0142y w\u015br\u00f3d tysi\u0119cy tweet\u00f3w. Dzi\u0119ki <strong>kupowaniu polubie\u0144 na Twitterze<\/strong> mo\u017cesz zwi\u0119kszy\u0107 swoj\u0105 widoczno\u015b\u0107, wygenerowa\u0107 interakcj\u0119 i poprawi\u0107 swoj\u0105 pozycj\u0119 w sieci. Wykorzystaj si\u0142\u0119 zaanga\u017cowania i spraw, by Twoje wiadomo\u015bci dociera\u0142y dalej.<\/p>\n<\/div><\/div><\/div><\/div><\/div><\/div><\/div><\/section>","protected":false},"excerpt":{"rendered":"Na Twitterze polubienia s\u0105 czym\u015b wi\u0119cej ni\u017c tylko reakcj\u0105. Reprezentuj\u0105 one wsparcie, walidacj\u0119 i znaczenie. Gdy tweet gromadzi wiele polubie\u0144, zyskuje na widoczno\u015bci, wiarygodno\u015bci i jest bardziej prawdopodobne, \u017ce szybko si\u0119 rozprzestrzeni. W\u0142a\u015bnie dlatego kupowanie polubie\u0144 na Twitterze jest skuteczn\u0105 strategi\u0105 poprawy wynik\u00f3w Twoich publikacji i zwi\u0119kszenia Twojej obecno\u015bci w tej sieci spo\u0142eczno\u015bciowej.....","protected":false},"featured_media":318,"comment_status":"open","ping_status":"closed","template":"","meta":{"_acf_changed":false},"product_brand":[],"product_cat":[19],"product_tag":[],"class_list":{"0":"post-838","1":"product","2":"type-product","3":"status-publish","4":"has-post-thumbnail","6":"product_cat-twitter","7":"wcpa_has_options","9":"first","10":"instock","11":"sale","12":"shipping-taxable","13":"purchasable","14":"product-type-variable","15":"has-default-attributes"},"acf":[],"wcpa_form_fields":{"wcpaData":{"product":{"product_price":3.99,"price_html":"","original_product_price":3.99,"price_including_tax":3.99,"price_excluding_tax":3.99,"product_id":{"parent":838,"variation":false},"is_variable":true,"stock_status":"instock","stock_quantity":null,"parent_sku":"","product_attributes":{"cantidad":{"is_variation":true,"values":[]}},"custom_fields":[],"is_taxable":false,"product_name":"Comprar Likes Twitter","hasImage":false},"fields":{"sec_467faa76f019fe":{"extra":{"key":"sec_467faa76f019fe","section_id":"sec_467faa76f019fe","name":"Por defecto","status":1,"toggle":true,"form_id":1069,"form_rules":{"exclude_from_discount":false,"fee_label":"Dopl\u0148ky","disp_hide_options_price":false,"disp_show_section_price":false,"disp_show_field_price":false,"layout_option":"standard","pric_use_as_fee":false,"process_fee_as":"woo_fee"},"layout_option":"standard"},"fields":[[{"active":true,"col":5,"relations":false,"cl_rule":"show","enableCl":false,"price":"","enablePrice":false,"className":"","type":"text","subtype":"text","required":true,"elementId":"text_767faa76f01a1a","label":"Enlace de la Publicaci\u00f3n de Twitter","name":"text_767faa76f01a1a","value":"","error":false,"placeholder":"Ejemplo: https:\/\/x.com\/NASA\/status\/1911109060553847169","enableDesign":false,"LabelSize":"16px","gt_translate_keys":["label","placeholder","value"],"price_dependency":false,"cl_dependency":false}]]}},"config":{"price_override":"","enable_recaptcha":false,"bind_quantity":false,"quantity_bind_formula":false,"disp_summ_show_option_price":false,"disp_summ_show_product_price":false,"disp_summ_show_total_price":false,"disp_summ_show_fee":false,"disp_summ_show_discount":false,"summary_title":"","options_total_label":"Dopl\u0148ky","total_label":"Celkem","options_product_label":"Producto","fee_label":"Dopl\u0148ky","discount_label":"Descuento","has_price":true,"has_quantity_formula":false},"mc_unit":1,"tax_rate":1,"tax_rate_real":1,"discount":{"percentage":0,"fixed":0},"design":{"conf":{"LabelPosition":"above","DescPosition":"above","UploadField":"custom_1","QuantityFieldStyle":"default"},"css":{"LeftLabelWidth":"120px"}},"formulas":[],"clones":false,"cartKey":false}},"_links":{"self":[{"href":"https:\/\/doymedia.com\/pl\/wp-json\/wp\/v2\/product\/838","targetHints":{"allow":["GET"]}}],"collection":[{"href":"https:\/\/doymedia.com\/pl\/wp-json\/wp\/v2\/product"}],"about":[{"href":"https:\/\/doymedia.com\/pl\/wp-json\/wp\/v2\/types\/product"}],"replies":[{"embeddable":true,"href":"https:\/\/doymedia.com\/pl\/wp-json\/wp\/v2\/comments?post=838"}],"wp:featuredmedia":[{"embeddable":true,"href":"https:\/\/doymedia.com\/pl\/wp-json\/wp\/v2\/media\/318"}],"wp:attachment":[{"href":"https:\/\/doymedia.com\/pl\/wp-json\/wp\/v2\/media?parent=838"}],"wp:term":[{"taxonomy":"product_brand","embeddable":true,"href":"https:\/\/doymedia.com\/pl\/wp-json\/wp\/v2\/product_brand?post=838"},{"taxonomy":"product_cat","embeddable":true,"href":"https:\/\/doymedia.com\/pl\/wp-json\/wp\/v2\/product_cat?post=838"},{"taxonomy":"product_tag","embeddable":true,"href":"https:\/\/doymedia.com\/pl\/wp-json\/wp\/v2\/product_tag?post=838"}],"curies":[{"name":"wp","href":"https:\/\/api.w.org\/{rel}","templated":true}]}}