{"id":87,"date":"2025-03-27T01:32:40","date_gmt":"2025-03-27T00:32:40","guid":{"rendered":"https:\/\/v2.doymedia.com\/?post_type=product&#038;p=87"},"modified":"2025-07-16T21:42:55","modified_gmt":"2025-07-16T19:42:55","slug":"kup-fanow-na-facebooku","status":"publish","type":"product","link":"https:\/\/doymedia.com\/pl\/comprar-fans-facebook\/","title":{"rendered":"Kup fan\u00f3w na Facebooku"},"content":{"rendered":"<section class=\"l-section wpb_row height_medium\"><div class=\"l-section-h i-cf\"><div class=\"g-cols vc_row via_flex valign_top type_default stacking_default\"><div class=\"vc_col-sm-12 wpb_column vc_column_container\"><div class=\"vc_column-inner\"><div class=\"wpb_wrapper\"><div class=\"wpb_text_column\"><div class=\"wpb_wrapper\"><p class=\"translation-block\">Je\u015bli szukasz realnego i skutecznego sposobu na zwi\u0119kszenie swojej cyfrowej obecno\u015bci, <strong>kupno fan\u00f3w na Facebooku<\/strong> i <strong>kupno obserwuj\u0105cych na Facebooku<\/strong> mo\u017ce zrobi\u0107 r\u00f3\u017cnic\u0119 od samego pocz\u0105tku. Niezale\u017cnie od tego, czy zarz\u0105dzasz osobist\u0105 stron\u0105, mark\u0105, firm\u0105 czy projektem artystycznym, obserwuj\u0105cy s\u0105 fundamentaln\u0105 cz\u0119\u015bci\u0105 twojego <a href=\"https:\/\/www.comprar-seguidores.info\/backlinks\/\" target=\"_blank\" rel=\"noopener\">pozycjonowania w mediach spo\u0142eczno\u015bciowych<\/a>.<\/p>\n<p class=\"translation-block\">Facebook pozostaje jedn\u0105 z najbardziej wp\u0142ywowych platform na \u015bwiecie. Posiadanie aktywnej strony z siln\u0105 spo\u0142eczno\u015bci\u0105 jest kluczem do budowania zaufania, poprawy widoczno\u015bci i przyci\u0105gania nowych mo\u017cliwo\u015bci. A je\u015bli dopiero zaczynasz lub chcesz przyspieszy\u0107 sw\u00f3j rozw\u00f3j, mo\u017cesz <strong>kupi\u0107 obserwuj\u0105cych na Facebooku<\/strong> lub <strong>kupi\u0107 fan\u00f3w na Facebooku<\/strong> z ca\u0142kowitym bezpiecze\u0144stwem, przejrzysto\u015bci\u0105 i bez ryzyka dla swojego konta.<\/p>\n<h2>Dlaczego kupowanie obserwuj\u0105cych na Facebooku jest m\u0105dr\u0105 strategi\u0105?<\/h2>\n<p class=\"translation-block\">W dzisiejszych czasach liczba obserwuj\u0105cych w mediach spo\u0142eczno\u015bciowych bezpo\u015brednio wp\u0142ywa na to, jak jeste\u015b postrzegany przez innych. Strona z niewielk\u0105 liczb\u0105 fan\u00f3w mo\u017ce wydawa\u0107 si\u0119 nieaktywna lub nieistotna, podczas gdy strona z du\u017c\u0105 spo\u0142eczno\u015bci\u0105 przekazuje autorytet, popularno\u015b\u0107 i profesjonalizm. <strong>Kupuj\u0105c fan\u00f3w na Facebooku,<\/strong> robisz silne wra\u017cenie od pierwszego spojrzenia.<\/p>\n<p class=\"translation-block\">Ponadto, decyduj\u0105c si\u0119 na <strong>zakup obserwuj\u0105cych na Facebooku <\/strong>, zwi\u0119kszasz swoje szanse na to, \u017ce inni u\u017cytkownicy b\u0119d\u0105 Ci\u0119 \u015bledzi\u0107 organicznie. Ludzie maj\u0105 tendencj\u0119 do \u015bledzenia stron, kt\u00f3re maj\u0105 ju\u017c pewien poziom popularno\u015bci, a to tworzy pozytywny efekt falowania dla twojego rozwoju. To sprytny spos\u00f3b na wyr\u00f3\u017cnienie si\u0119 w coraz bardziej konkurencyjnym \u015brodowisku.<\/p>\n<h3>Czego mo\u017cesz si\u0119 spodziewa\u0107 kupuj\u0105c fan\u00f3w na Facebooku?<\/h3>\n<ul>\n<li>\ud83d\ude80 <strong>Natychmiastowy wzrost:<\/strong>\u00a0Zam\u00f3wienia s\u0105 aktywowane wkr\u00f3tce po zakupie i dostarczane stopniowo, aby zachowa\u0107 naturalno\u015b\u0107 i bezpiecze\u0144stwo.<\/li>\n<li>\ud83d\udd10 <strong>Zabezpiecz proces 100%:<\/strong>\u00a0Nigdy nie prosimy Ci\u0119 o podanie has\u0142a lub poufnych danych. Potrzebujemy jedynie linku do Twojej strony internetowej, aby przetworzy\u0107 zam\u00f3wienie.<\/li>\n<li>\ud83d\udcc8 <strong>Poprawa wizerunku i reputacji:<\/strong>\u00a0Solidna baza obserwuj\u0105cych zwi\u0119ksza wiarygodno\u015b\u0107 Twojej marki lub profilu osobistego.<\/li>\n<li>\ud83d\udcac <strong>Dedykowane wsparcie:<\/strong>\u00a0Je\u015bli masz jakiekolwiek pytania lub potrzebujesz pomocy, nasz zesp\u00f3\u0142 jest do Twojej dyspozycji w ka\u017cdej chwili.<\/li>\n<li>\ud83d\udca1 <strong>Ca\u0142kowita elastyczno\u015b\u0107:<\/strong>\u00a0Wybierz liczb\u0119 fan\u00f3w lub obserwuj\u0105cych, kt\u00f3ra najlepiej odpowiada Twojemu celowi i bud\u017cetowi.<\/li>\n<\/ul>\n<h3>Co wyr\u00f3\u017cnia nasz\u0105 us\u0142ug\u0119?<\/h3>\n<p class=\"translation-block\">Na rynku pe\u0142nym pustych obietnic skupiamy si\u0119 na przejrzysto\u015bci, zgodno\u015bci i do\u015bwiadczeniu klienta. <strong>Kupuj\u0105c obserwuj\u0105cych na Facebooku<\/strong> lub <strong>kupuj\u0105c fan\u00f3w na Facebooku<\/strong> z nami, otrzymujesz to, co zosta\u0142o Ci obiecane, bez ukrytego ryzyka lub w\u0105tpliwych praktyk.<\/p>\n<p>Wszystkie zam\u00f3wienia s\u0105 monitorowane przez nasz zesp\u00f3\u0142 i dostarczane przy u\u017cyciu bezpiecznych i sprawdzonych metod. Nie u\u017cywamy bot\u00f3w ani system\u00f3w, kt\u00f3re mog\u0142yby negatywnie wp\u0142yn\u0105\u0107 na Twoje konto. Ponadto oferujemy r\u00f3\u017cne rodzaje pakiet\u00f3w, aby dopasowa\u0107 je zar\u00f3wno do nowych, jak i ugruntowanych kont.<\/p>\n<h3>Kto mo\u017ce skorzysta\u0107 na kupowaniu fan\u00f3w na Facebooku?<\/h3>\n<p>Ta us\u0142uga jest przeznaczona dla <strong>wszystkie typy profili:<\/strong><\/p>\n<ul>\n<li>Lokalne firmy pragn\u0105ce wi\u0119kszej widoczno\u015bci<\/li>\n<li>Arty\u015bci i muzycy chc\u0105cy promowa\u0107 swoj\u0105 tw\u00f3rczo\u015b\u0107<\/li>\n<li>Tw\u00f3rcy tre\u015bci, kt\u00f3rzy chc\u0105 przyspieszy\u0107 rozw\u00f3j<\/li>\n<li>Profesjonali\u015bci lub marki osobiste pragn\u0105ce zyska\u0107 autorytet<\/li>\n<li>\ud83d\udecd\ufe0f Sklepy internetowe, kt\u00f3re chc\u0105 wzmocni\u0107 swoj\u0105 obecno\u015b\u0107 w mediach spo\u0142eczno\u015bciowych<\/li>\n<\/ul>\n<h3>Zacznij rozwija\u0107 swoj\u0105 witryn\u0119 ju\u017c dzi\u015b<\/h3>\n<p class=\"translation-block\">Zaufa\u0142o nam ju\u017c tysi\u0105ce u\u017cytkownik\u00f3w, kt\u00f3rzy <strong>kupuj\u0105 fan\u00f3w na Facebooku<\/strong> i <strong>kupuj\u0105 obserwuj\u0105cych na Facebooku.<\/strong> Je\u015bli chcesz widocznych rezultat\u00f3w, bez komplikacji, jeste\u015b we w\u0142a\u015bciwym miejscu. Wybierz pakiet, z\u0142\u00f3\u017c zam\u00f3wienie w kilku prostych krokach i ju\u017c dzi\u015b zacznij obserwowa\u0107, jak ro\u015bnie Twoja <a href=\"https:\/\/doymedia.com\/pl\/facebook\/\" target=\"_self\">spo\u0142eczno\u015b\u0107 na Facebooku<\/a>.<\/p>\n<p>Nie ma znaczenia, czy dopiero zaczynasz, czy masz ju\u017c solidne podstawy. Kupowanie obserwuj\u0105cych na Facebooku pozwala Ci porusza\u0107 si\u0119 szybciej, i\u015b\u0107 dalej i pozycjonowa\u0107 si\u0119 tam, gdzie naprawd\u0119 chcesz by\u0107.<\/p>\n<p>Polegaj na bezpiecznej platformie, z prawdziwym do\u015bwiadczeniem i wsparciem. Wybierz sw\u00f3j pakiet ju\u017c teraz i zwi\u0119ksz sw\u00f3j rozw\u00f3j na Facebooku w prosty, bezpieczny i skuteczny spos\u00f3b.<\/p>\n<\/div><\/div><\/div><\/div><\/div><\/div><\/div><\/section>","protected":false},"excerpt":{"rendered":"Je\u015bli szukasz realnego i skutecznego sposobu na zwi\u0119kszenie swojej cyfrowej obecno\u015bci, kupowanie fan\u00f3w na Facebooku i kupowanie obserwuj\u0105cych na Facebooku mo\u017ce zrobi\u0107 r\u00f3\u017cnic\u0119 od samego pocz\u0105tku. Niezale\u017cnie od tego, czy zarz\u0105dzasz stron\u0105 osobist\u0105, mark\u0105, firm\u0105 czy projektem artystycznym, obserwuj\u0105cy s\u0105 fundamentaln\u0105 cz\u0119\u015bci\u0105 pozycjonowania w mediach spo\u0142eczno\u015bciowych....","protected":false},"featured_media":316,"comment_status":"open","ping_status":"closed","template":"","meta":{"_acf_changed":false},"product_brand":[],"product_cat":[20],"product_tag":[],"class_list":{"0":"post-87","1":"product","2":"type-product","3":"status-publish","4":"has-post-thumbnail","6":"product_cat-facebook","7":"wcpa_has_options","9":"first","10":"instock","11":"sale","12":"shipping-taxable","13":"purchasable","14":"product-type-variable","15":"has-default-attributes"},"acf":[],"wcpa_form_fields":{"wcpaData":{"product":{"product_price":3.99,"price_html":"","original_product_price":3.99,"price_including_tax":3.99,"price_excluding_tax":3.99,"product_id":{"parent":87,"variation":false},"is_variable":true,"stock_status":"instock","stock_quantity":null,"parent_sku":"259","product_attributes":{"cantidad":{"is_variation":true,"values":[]}},"custom_fields":[],"is_taxable":false,"product_name":"Comprar Fans Facebook","hasImage":false},"fields":{"sec_567faa539f234b":{"extra":{"key":"sec_567faa539f234b","section_id":"sec_567faa539f234b","name":"Por defecto","status":1,"toggle":true,"form_id":1064,"form_rules":{"exclude_from_discount":false,"fee_label":"Extras","disp_hide_options_price":false,"disp_show_section_price":false,"disp_show_field_price":false,"layout_option":"standard","pric_use_as_fee":false,"process_fee_as":"woo_fee"},"layout_option":"standard"},"fields":[[{"active":true,"col":5,"relations":false,"cl_rule":"show","enableCl":false,"price":"","enablePrice":false,"className":"","type":"text","subtype":"text","required":true,"elementId":"text_967faa539f2365","label":"Enlace a la Fanpage","name":"text_967faa539f2365","value":"","error":false,"placeholder":"Ejemplo: https:\/\/www.facebook.com\/mrbeast","enableDesign":false,"LabelSize":"16px","gt_translate_keys":["label","placeholder","value"],"price_dependency":false,"cl_dependency":false}]]}},"config":{"price_override":"","enable_recaptcha":false,"bind_quantity":false,"quantity_bind_formula":false,"disp_summ_show_option_price":false,"disp_summ_show_product_price":false,"disp_summ_show_total_price":false,"disp_summ_show_fee":false,"disp_summ_show_discount":false,"summary_title":"","options_total_label":"Extras","total_label":"Total","options_product_label":"Produs","fee_label":"Extras","discount_label":"Descuento","has_price":true,"has_quantity_formula":false},"mc_unit":1,"tax_rate":1,"tax_rate_real":1,"discount":{"percentage":0,"fixed":0},"design":{"conf":{"LabelPosition":"above","DescPosition":"above","UploadField":"custom_1","QuantityFieldStyle":"default"},"css":{"LeftLabelWidth":"120px"}},"formulas":[],"clones":false,"cartKey":false}},"_links":{"self":[{"href":"https:\/\/doymedia.com\/pl\/wp-json\/wp\/v2\/product\/87","targetHints":{"allow":["GET"]}}],"collection":[{"href":"https:\/\/doymedia.com\/pl\/wp-json\/wp\/v2\/product"}],"about":[{"href":"https:\/\/doymedia.com\/pl\/wp-json\/wp\/v2\/types\/product"}],"replies":[{"embeddable":true,"href":"https:\/\/doymedia.com\/pl\/wp-json\/wp\/v2\/comments?post=87"}],"wp:featuredmedia":[{"embeddable":true,"href":"https:\/\/doymedia.com\/pl\/wp-json\/wp\/v2\/media\/316"}],"wp:attachment":[{"href":"https:\/\/doymedia.com\/pl\/wp-json\/wp\/v2\/media?parent=87"}],"wp:term":[{"taxonomy":"product_brand","embeddable":true,"href":"https:\/\/doymedia.com\/pl\/wp-json\/wp\/v2\/product_brand?post=87"},{"taxonomy":"product_cat","embeddable":true,"href":"https:\/\/doymedia.com\/pl\/wp-json\/wp\/v2\/product_cat?post=87"},{"taxonomy":"product_tag","embeddable":true,"href":"https:\/\/doymedia.com\/pl\/wp-json\/wp\/v2\/product_tag?post=87"}],"curies":[{"name":"wp","href":"https:\/\/api.w.org\/{rel}","templated":true}]}}