{"id":88,"date":"2025-03-27T01:32:40","date_gmt":"2025-03-27T00:32:40","guid":{"rendered":"https:\/\/v2.doymedia.com\/?post_type=product&#038;p=88"},"modified":"2025-07-16T21:42:45","modified_gmt":"2025-07-16T19:42:45","slug":"kup-polubienia-na-facebooku","status":"publish","type":"product","link":"https:\/\/doymedia.com\/pl\/comprar-likes-facebook\/","title":{"rendered":"Kup polubienia na Facebooku"},"content":{"rendered":"<section class=\"l-section wpb_row height_medium\"><div class=\"l-section-h i-cf\"><div class=\"g-cols vc_row via_flex valign_top type_default stacking_default\"><div class=\"vc_col-sm-12 wpb_column vc_column_container\"><div class=\"vc_column-inner\"><div class=\"wpb_wrapper\"><div class=\"wpb_text_column\"><div class=\"wpb_wrapper\"><p class=\"translation-block\">W \u015brodowisku, w kt\u00f3rym ka\u017cdy post konkuruje o uwag\u0119, wyr\u00f3\u017cnienie si\u0119 na <a href=\"https:\/\/doymedia.com\/pl\/facebook\/\" target=\"_blank\" rel=\"noopener\">Facebooku<\/a> nie jest tylko kwesti\u0105 szcz\u0119\u015bcia. Je\u015bli stworzy\u0142e\u015b warto\u015bciowe tre\u015bci, ale nie otrzymujesz uznania, na jakie zas\u0142uguj\u0105, nadszed\u0142 czas, aby podj\u0105\u0107 dzia\u0142ania. <strong>Kupowanie polubie\u0144 na Facebooku<\/strong> jest skutecznym, bezpiecznym i szybkim rozwi\u0105zaniem na zwi\u0119kszenie widoczno\u015bci twoich post\u00f3w i wzmocnienie wizerunku twojej strony.<\/p>\n<p class=\"translation-block\">Polubienia s\u0105 kluczowym wska\u017anikiem w mediach spo\u0142eczno\u015bciowych. Przekazuj\u0105 trafno\u015b\u0107, popularno\u015b\u0107 i generuj\u0105 pozytywne postrzeganie, kt\u00f3re wp\u0142ywa na to, jak inni postrzegaj\u0105 Twoje tre\u015bci. Gdy post ma du\u017c\u0105 liczb\u0119 polubie\u0144, staje si\u0119 bardziej atrakcyjny, jest cz\u0119\u015bciej udost\u0119pniany i w wielu przypadkach zyskuje organiczny zasi\u0119g dzi\u0119ki algorytmowi platformy. W\u0142a\u015bnie dlatego <strong>kupowanie polubie\u0144 na Facebooku<\/strong> sta\u0142o si\u0119 skuteczn\u0105 strategi\u0105 wyr\u00f3\u017cniania si\u0119 bez komplikacji.<\/p>\n<h2>Dlaczego warto kupi\u0107 polubienia na Facebooku?<\/h2>\n<p class=\"translation-block\">Decyduj\u0105c si\u0119 na <strong>zakup polubie\u0144 na Facebooku<\/strong> mo\u017cesz przyspieszy\u0107 sw\u00f3j rozw\u00f3j bez konieczno\u015bci polegania wy\u0142\u0105cznie na p\u0142atnych kampaniach lub czekania tygodniami na wyniki. Jest to spos\u00f3b na wsparcie twoich tre\u015bci i stworzenie silnego wizerunku od samego pocz\u0105tku.<\/p>\n<p class=\"translation-block\">Facebook ceni interakcj\u0119. Post, kt\u00f3ry otrzymuje wiele polubie\u0144, jest uwa\u017cany za bardziej odpowiedni, co zwi\u0119ksza jego szanse na pojawienie si\u0119 na wi\u0119kszej liczbie \u015bcian, dotarcie do nowych u\u017cytkownik\u00f3w i pozostanie aktywnym przez d\u0142u\u017cszy czas. Je\u015bli chcesz, aby Twoje posty mia\u0142y wi\u0119kszy wp\u0142yw, <strong>kupowanie polubie\u0144 na Facebooku<\/strong> jest strategicznym narz\u0119dziem, kt\u00f3re dzia\u0142a.<\/p>\n<h3>Korzy\u015bci z kupowania polubie\u0144 na Facebooku<\/h3>\n<ul>\n<li>\ud83d\udcc8 Zwi\u0119kszenie widoczno\u015bci Twoich publikacji<\/li>\n<li>Poprawa publicznego postrzegania twoich tre\u015bci i marki.<\/li>\n<li>\ud83d\udd01 Zwi\u0119kszone prawdopodobie\u0144stwo udost\u0119pniania i rozprzestrzeniania si\u0119 wirus\u00f3w.<\/li>\n<li>Wzmocnij sw\u00f3j autorytet, je\u015bli sprzedajesz produkty lub us\u0142ugi.<\/li>\n<li>Bezpieczna dostawa, bez nara\u017cania Twojego konta na szwank<\/li>\n<\/ul>\n<p class=\"translation-block\">Co wi\u0119cej, <strong>kupuj\u0105c polubienia na Facebooku<\/strong> z profesjonalnej platformy, mo\u017cesz wybra\u0107 dok\u0142adn\u0105 ilo\u015b\u0107, kt\u00f3r\u0105 chcesz, dostosowa\u0107 j\u0105 do swojego bud\u017cetu i kontrolowa\u0107 tempo wzrostu swoich post\u00f3w bez zale\u017cno\u015bci od czynnik\u00f3w zewn\u0119trznych.<\/p>\n<h3>Czy kupowanie polubie\u0144 na Facebooku jest bezpieczne?<\/h3>\n<p>Absolutnie. Na naszej platformie nigdy nie prosimy o podanie has\u0142a lub dost\u0119pu do Twojego konta. Musisz tylko udost\u0119pni\u0107 link do posta, w kt\u00f3rym chcesz otrzymywa\u0107 polubienia. Wszystkie nasze metody s\u0105 zoptymalizowane pod k\u0105tem standard\u00f3w bezpiecze\u0144stwa, dostarczaj\u0105c polubienia stopniowo, aby proces by\u0142 naturalny.<\/p>\n<p class=\"translation-block\">Skupiamy si\u0119 na obs\u0142udze klienta, ochronie Twojego konta i gwarantowaniu wynik\u00f3w. <strong>Kupowanie polubie\u0144 na Facebooku<\/strong> odbywa si\u0119 dyskretnie i niezawodnie, bez wp\u0142ywu na reputacj\u0119 Twojego profilu lub nara\u017cania Twoich tre\u015bci na ryzyko.<\/p>\n<h3>Kto mo\u017ce skorzysta\u0107 z tej us\u0142ugi?<\/h3>\n<p class=\"translation-block\">Ta us\u0142uga jest przeznaczona dla ka\u017cdej osoby lub projektu, kt\u00f3ry chce poprawi\u0107 swoj\u0105 obecno\u015b\u0107 na Facebooku. Nie musisz mie\u0107 tysi\u0119cy obserwuj\u0105cych ani by\u0107 osob\u0105 publiczn\u0105. Je\u015bli masz wiadomo\u015b\u0107 do przekazania, produkt do sprzedania lub mark\u0119 do rozwoju, <strong>kup polubienia na Facebooku<\/strong> mo\u017ce pom\u00f3c Ci szybciej osi\u0105gn\u0105\u0107 swoje cele.<\/p>\n<ul>\n<li>\u2714\ufe0f Przedsi\u0119biorcy i marki, kt\u00f3re chc\u0105 by\u0107 bardziej widoczne<\/li>\n<li>\u2714\ufe0f Arty\u015bci, muzycy i tw\u00f3rcy szukaj\u0105cy wp\u0142ywu<\/li>\n<li>\u2714\ufe0f Lokalne firmy, kt\u00f3re chc\u0105 przyci\u0105gn\u0105\u0107 wi\u0119cej klient\u00f3w<\/li>\n<li>\u2714\ufe0f Influencerzy, kt\u00f3rzy musz\u0105 wzmocni\u0107 swoj\u0105 obecno\u015b\u0107<\/li>\n<li>\u2714\ufe0f Ka\u017cdy, kto chce wyr\u00f3\u017cni\u0107 si\u0119 w swojej spo\u0142eczno\u015bci<\/li>\n<\/ul>\n<h3>Jak to dzia\u0142a?<\/h3>\n<p>Proces jest prosty. Wszystko, co musisz zrobi\u0107, to wybra\u0107 liczb\u0119 polubie\u0144 dla swojej publikacji i poda\u0107 nam link. Po zako\u0144czeniu p\u0142atno\u015bci aktywujemy Twoje zam\u00f3wienie i rozpoczniemy stopniow\u0105 dostaw\u0119. B\u0119dziesz m\u00f3g\u0142 zobaczy\u0107 wyniki w kr\u00f3tkim czasie i bez \u017cadnych dalszych krok\u00f3w.<\/p>\n<p>Dbamy o to, aby ka\u017cde zam\u00f3wienie by\u0142o obs\u0142ugiwane z dba\u0142o\u015bci\u0105 o szczeg\u00f3\u0142y, dzi\u0119ki czemu masz satysfakcjonuj\u0105ce do\u015bwiadczenie od pierwszej chwili. Ponadto, je\u015bli masz jakiekolwiek pytania, nasz zesp\u00f3\u0142 wsparcia jest dost\u0119pny, aby pom\u00f3c Ci przed, w trakcie i po zakupie.<\/p>\n<h2>Rozwijaj swoj\u0105 obecno\u015b\u0107 ju\u017c dzi\u015b<\/h2>\n<p class=\"translation-block\">Tysi\u0105ce ludzi korzysta ju\u017c z tej us\u0142ugi, aby zwi\u0119kszy\u0107 zasi\u0119g swoich post\u00f3w. Je\u015bli chcesz, aby Twoje tre\u015bci mia\u0142y zasi\u0119g, na jaki zas\u0142uguj\u0105, <strong>kupowanie polubie\u0144 na Facebooku<\/strong> jest najskuteczniejszym sposobem, aby to osi\u0105gn\u0105\u0107.<\/p>\n<p class=\"translation-block\">Nie pozw\u00f3l, aby Twoje publikacje pozosta\u0142y niezauwa\u017cone. Spraw, by mia\u0142y wi\u0119kszy wp\u0142yw, wi\u0119kszy zasi\u0119g i generowa\u0142y wi\u0119ksze zaanga\u017cowanie. Zacznij ju\u017c dzi\u015b od <strong>kupowania polubie\u0144 na Facebooku<\/strong> i przenie\u015b sw\u00f3j profil na wy\u017cszy poziom.<\/p>\n<p class=\"translation-block\">A je\u015bli chcesz zbudowa\u0107 siln\u0105 spo\u0142eczno\u015b\u0107 na swojej stronie, mo\u017cesz r\u00f3wnie\u017c <strong><a href=\"https:\/\/doymedia.com\/pl\/sklep\/kup-fanow-na-facebooku\/\" target=\"_self\">kupi\u0107 fan\u00f3w na Facebooku<\/a><\/strong>, aby zwi\u0119kszy\u0107 liczb\u0119 widocznych obserwuj\u0105cych i wzmocni\u0107 swoj\u0105 obecno\u015b\u0107 na platformie. Polubienia i fani s\u0105 doskona\u0142ym uzupe\u0142nieniem silnego rozwoju na Facebooku.<\/p>\n<\/div><\/div><\/div><\/div><\/div><\/div><\/div><\/section>","protected":false},"excerpt":{"rendered":"W \u015brodowisku, w kt\u00f3rym ka\u017cdy post rywalizuje o uwag\u0119, wyr\u00f3\u017cnienie si\u0119 na Facebooku nie jest tylko kwesti\u0105 szcz\u0119\u015bcia. Je\u015bli tworzysz warto\u015bciowe tre\u015bci, ale nie otrzymujesz uznania, na kt\u00f3re zas\u0142ugujesz, nadszed\u0142 czas, aby podj\u0105\u0107 dzia\u0142ania. Kupowanie polubie\u0144 na Facebooku jest skutecznym, bezpiecznym i szybkim rozwi\u0105zaniem, aby zwi\u0119kszy\u0107 widoczno\u015b\u0107 twoich post\u00f3w i wzmocni\u0107...","protected":false},"featured_media":316,"comment_status":"open","ping_status":"closed","template":"","meta":{"_acf_changed":false},"product_brand":[],"product_cat":[20],"product_tag":[],"class_list":{"0":"post-88","1":"product","2":"type-product","3":"status-publish","4":"has-post-thumbnail","6":"product_cat-facebook","7":"wcpa_has_options","9":"first","10":"instock","11":"sale","12":"shipping-taxable","13":"purchasable","14":"product-type-variable","15":"has-default-attributes"},"acf":[],"wcpa_form_fields":{"wcpaData":{"product":{"product_price":2.99,"price_html":"","original_product_price":2.99,"price_including_tax":2.99,"price_excluding_tax":2.99,"product_id":{"parent":88,"variation":false},"is_variable":true,"stock_status":"instock","stock_quantity":null,"parent_sku":"","product_attributes":{"cantidad":{"is_variation":true,"values":[]}},"custom_fields":[],"is_taxable":false,"product_name":"Comprar Likes Facebook","hasImage":false},"fields":{"sec_467faa5a29e6c6":{"extra":{"key":"sec_467faa5a29e6c6","section_id":"sec_467faa5a29e6c6","name":"Por defecto","status":1,"toggle":true,"form_id":1065,"form_rules":{"exclude_from_discount":false,"fee_label":"Extras","disp_hide_options_price":false,"disp_show_section_price":false,"disp_show_field_price":false,"layout_option":"standard","pric_use_as_fee":false,"process_fee_as":"woo_fee"},"layout_option":"standard"},"fields":[[{"active":true,"col":5,"relations":false,"cl_rule":"show","enableCl":false,"price":"","enablePrice":false,"className":"","type":"text","subtype":"text","required":true,"elementId":"text_067faa5a29e6e5","label":"Enlace a la Publicaci\u00f3n de Facebook","name":"text_067faa5a29e6e5","value":"","error":false,"placeholder":"Ejemplo: https:\/\/www.facebook.com\/mrbeast\/posts\/pfbid02K3tHdPxVroUK9U3Go5TmGD4ePUADcpQMG2xbi4KWLibRcR1rVvjvMFPy78H5emGxl","enableDesign":false,"LabelSize":"16px","gt_translate_keys":["label","placeholder","value"],"price_dependency":false,"cl_dependency":false}]]}},"config":{"price_override":"","enable_recaptcha":false,"bind_quantity":false,"quantity_bind_formula":false,"disp_summ_show_option_price":false,"disp_summ_show_product_price":false,"disp_summ_show_total_price":false,"disp_summ_show_fee":false,"disp_summ_show_discount":false,"summary_title":"","options_total_label":"Extras","total_label":"Total","options_product_label":"Producto","fee_label":"Extras","discount_label":"Descuento","has_price":true,"has_quantity_formula":false},"mc_unit":1,"tax_rate":1,"tax_rate_real":1,"discount":{"percentage":0,"fixed":0},"design":{"conf":{"LabelPosition":"above","DescPosition":"above","UploadField":"custom_1","QuantityFieldStyle":"default"},"css":{"LeftLabelWidth":"120px"}},"formulas":[],"clones":false,"cartKey":false}},"_links":{"self":[{"href":"https:\/\/doymedia.com\/pl\/wp-json\/wp\/v2\/product\/88","targetHints":{"allow":["GET"]}}],"collection":[{"href":"https:\/\/doymedia.com\/pl\/wp-json\/wp\/v2\/product"}],"about":[{"href":"https:\/\/doymedia.com\/pl\/wp-json\/wp\/v2\/types\/product"}],"replies":[{"embeddable":true,"href":"https:\/\/doymedia.com\/pl\/wp-json\/wp\/v2\/comments?post=88"}],"wp:featuredmedia":[{"embeddable":true,"href":"https:\/\/doymedia.com\/pl\/wp-json\/wp\/v2\/media\/316"}],"wp:attachment":[{"href":"https:\/\/doymedia.com\/pl\/wp-json\/wp\/v2\/media?parent=88"}],"wp:term":[{"taxonomy":"product_brand","embeddable":true,"href":"https:\/\/doymedia.com\/pl\/wp-json\/wp\/v2\/product_brand?post=88"},{"taxonomy":"product_cat","embeddable":true,"href":"https:\/\/doymedia.com\/pl\/wp-json\/wp\/v2\/product_cat?post=88"},{"taxonomy":"product_tag","embeddable":true,"href":"https:\/\/doymedia.com\/pl\/wp-json\/wp\/v2\/product_tag?post=88"}],"curies":[{"name":"wp","href":"https:\/\/api.w.org\/{rel}","templated":true}]}}