{"id":89,"date":"2025-03-27T01:32:40","date_gmt":"2025-03-27T00:32:40","guid":{"rendered":"https:\/\/v2.doymedia.com\/?post_type=product&#038;p=89"},"modified":"2025-07-16T21:42:35","modified_gmt":"2025-07-16T19:42:35","slug":"kup-wyswietlenia-na-facebooku","status":"publish","type":"product","link":"https:\/\/doymedia.com\/pl\/comprar-views-facebook\/","title":{"rendered":"Kup wy\u015bwietlenia na Facebooku"},"content":{"rendered":"<section class=\"l-section wpb_row height_medium\"><div class=\"l-section-h i-cf\"><div class=\"g-cols vc_row via_flex valign_top type_default stacking_default\"><div class=\"vc_col-sm-12 wpb_column vc_column_container\"><div class=\"vc_column-inner\"><div class=\"wpb_wrapper\"><div class=\"wpb_text_column\"><div class=\"wpb_wrapper\"><p class=\"translation-block\">Czy publikujesz tre\u015bci na Facebooku, ale nie uzyskujesz takiego zasi\u0119gu, na jaki liczy\u0142e\u015b? W \u015brodowisku, w kt\u00f3rym liczy si\u0119 ka\u017cda sekunda, <strong>kupowanie wy\u015bwietle\u0144 na Facebooku<\/strong> mo\u017ce sprawi\u0107, \u017ce pozostaniesz niezauwa\u017cony lub naprawd\u0119 si\u0119 wyr\u00f3\u017cnisz. Zwi\u0119kszenie liczby wy\u015bwietle\u0144 film\u00f3w nie tylko poprawia Tw\u00f3j wizerunek, ale tak\u017ce zwi\u0119ksza zasi\u0119g organiczny i pozycjonuje Ci\u0119 przed nowymi u\u017cytkownikami.<\/p>\n<p class=\"translation-block\">Niezale\u017cnie od tego, czy jeste\u015b tw\u00f3rc\u0105 tre\u015bci, mark\u0105 osobist\u0105, firm\u0105, czy po prostu kim\u015b, kto chce zwi\u0119kszy\u0107 widoczno\u015b\u0107 swoich film\u00f3w, mo\u017cesz <strong>kupi\u0107 wy\u015bwietlenia na Facebooku<\/strong> szybko, bezpiecznie i skutecznie. Us\u0142uga ta jest idealnym narz\u0119dziem do zwi\u0119kszenia Twojej cyfrowej obecno\u015bci na jednej z najbardziej aktywnych platform na \u015bwiecie.<\/p>\n<h2>Dlaczego warto kupowa\u0107 wy\u015bwietlenia na Facebooku?<\/h2>\n<p class=\"translation-block\">Facebook priorytetowo traktuje tre\u015bci, kt\u00f3re generuj\u0105 zaanga\u017cowanie i przyci\u0105gaj\u0105 uwag\u0119. Poprzez <strong>kupowanie wy\u015bwietle\u0144 na Facebooku <\/strong> zwi\u0119kszasz znaczenie swoich film\u00f3w w oczach algorytmu, co zwi\u0119ksza Twoje szanse na pojawienie si\u0119 na wi\u0119kszej liczbie \u015bcian, uzyskanie widoczno\u015bci i przyci\u0105gni\u0119cie wi\u0119kszej liczby os\u00f3b zainteresowanych Twoimi tre\u015bciami.<\/p>\n<p>Ponadto, wy\u015bwietlenia funkcjonuj\u0105 jako forma dowodu spo\u0142ecznego. Gdy kto\u015b zobaczy film z du\u017c\u0105 liczb\u0105 wy\u015bwietle\u0144, jest bardziej prawdopodobne, \u017ce r\u00f3wnie\u017c go obejrzy i udost\u0119pni. Tworzy to efekt falowania, kt\u00f3ry zwi\u0119ksza Tw\u00f3j profil bez konieczno\u015bci p\u0142acenia za drogie kampanie reklamowe.<\/p>\n<h3>Zalety kupowania wy\u015bwietle\u0144 na Facebooku<\/h3>\n<ul>\n<li>Szybki i realny wzrost liczby wy\u015bwietle\u0144 Twojego wideo<\/li>\n<li>Ulepszony ranking w algorytmie Facebooka<\/li>\n<li>Zwi\u0119kszone prawdopodobie\u0144stwo przyci\u0105gni\u0119cia nowych obserwuj\u0105cych<\/li>\n<li>\ud83d\udcf9 Wzmocnienie autorytetu twoich tre\u015bci<\/li>\n<li>Progresywna i bezpieczna dostawa bez uszczerbku dla Twojego konta<\/li>\n<\/ul>\n<p class=\"translation-block\">Kupowanie wy\u015bwietle\u0144 na Facebooku <strong>pozwoli Ci skupi\u0107 si\u0119 na tworzeniu dobrych tre\u015bci, podczas gdy my pomo\u017cemy Ci uzyska\u0107 wy\u015bwietlenia, kt\u00f3rych potrzebujesz, aby p\u00f3j\u015b\u0107 dalej.<\/p>\n<h2>Czy kupowanie wy\u015bwietle\u0144 na Facebooku jest bezpieczne?<\/h2>\n<p class=\"translation-block\">Tak, wszystkie zam\u00f3wienia s\u0105 przetwarzane bezpiecznie i prywatnie. Nie prosimy o has\u0142a ani dost\u0119p do Twojego konta. Wszystko, co musisz zrobi\u0107, to udost\u0119pni\u0107 link do filmu, kt\u00f3ry chcesz wzmocni\u0107, a system zrobi reszt\u0119. <strong>Kupowanie wy\u015bwietle\u0144 na Facebooku<\/strong> jest dyskretne, szybkie i w pe\u0142ni zgodne z zasadami korzystania z Twojego profilu.<\/p>\n<p>Dostarczamy wizyty stopniowo, aby utrzyma\u0107 naturalny wzrost, bez wzbudzania podejrze\u0144 lub nara\u017cania Twojego konta. Naszym celem jest, aby\u015b osi\u0105gn\u0105\u0142 wyniki bez obaw.<\/p>\n<h3>Kto mo\u017ce skorzysta\u0107?<\/h3>\n<p class=\"translation-block\">Ka\u017cdy u\u017cytkownik, kt\u00f3ry publikuje filmy na Facebooku, mo\u017ce skorzysta\u0107 z tej us\u0142ugi. Nie ma znaczenia, czy jeste\u015b influencerem, firm\u0105, artyst\u0105 czy u\u017cytkownikiem, kt\u00f3ry chce wyr\u00f3\u017cni\u0107 konkretny post. <strong>Kupowanie wy\u015bwietle\u0144 na Facebooku<\/strong> pomo\u017ce Ci uzyska\u0107 wi\u0119ksz\u0105 widoczno\u015b\u0107 w kr\u00f3tszym czasie.<\/p>\n<ul>\n<li>Tw\u00f3rcy tre\u015bci, kt\u00f3rzy chc\u0105, aby ich filmy sta\u0142y si\u0119 wirusowe.<\/li>\n<li>Marki lub firmy promuj\u0105ce produkty lub us\u0142ugi<\/li>\n<li>Arty\u015bci, muzycy i przedsi\u0119biorcy z aktywnymi kampaniami<\/li>\n<li>Konta osobiste, kt\u00f3re chc\u0105 zwi\u0119kszy\u0107 zasi\u0119g swoich post\u00f3w.<\/li>\n<\/ul>\n<h2>Zwi\u0119ksz swoj\u0105 zawarto\u015b\u0107 ju\u017c dzi\u015b<\/h2>\n<p class=\"translation-block\">Nie pozw\u00f3l, aby Tw\u00f3j film pozosta\u0142 niezauwa\u017cony. Je\u015bli pracowa\u0142e\u015b nad dobrym przekazem, kreatywn\u0105 kampani\u0105 lub po prostu chcesz si\u0119 wyr\u00f3\u017cni\u0107, <strong>kupowanie wy\u015bwietle\u0144 na Facebooku<\/strong> jest pierwszym krokiem do tego, aby wi\u0119cej os\u00f3b go zobaczy\u0142o.<\/p>\n<p>Tysi\u0105ce u\u017cytkownik\u00f3w przetestowa\u0142o ju\u017c skuteczno\u015b\u0107 tej us\u0142ugi i zaobserwowa\u0142o wzrost liczby wy\u015bwietle\u0144 w ci\u0105gu kilku godzin. Mo\u017cesz zrobi\u0107 to samo. Wybierz pakiet, wprowad\u017a link do filmu i pozw\u00f3l nam zaj\u0105\u0107 si\u0119 reszt\u0105.<\/p>\n<p class=\"translation-block\">A je\u015bli chcesz r\u00f3wnie\u017c wzmocni\u0107 swoje tre\u015bci wi\u0119ksz\u0105 interakcj\u0105, mo\u017cesz <strong><a href=\"https:\/\/doymedia.com\/pl\/sklep\/kup-polubienia-na-facebooku\/\" target=\"_self\">kupi\u0107 polubienia na Facebooku<\/a><\/strong>, aby zwi\u0119kszy\u0107 zaanga\u017cowanie w swoje posty lub <strong><a href=\"https:\/\/doymedia.com\/pl\/sklep\/kup-fanow-na-facebooku\/\" target=\"_self\">kupi\u0107 fan\u00f3w na Facebooku<\/a><\/strong>, aby rozwin\u0105\u0107 swoj\u0105 spo\u0142eczno\u015b\u0107 i poprawi\u0107 autorytet swojej strony.<\/p>\n<p class=\"translation-block\">Nie ma znaczenia, czy dopiero zaczynasz, czy masz ju\u017c aktywn\u0105 spo\u0142eczno\u015b\u0107. <strong>Kup Facebook Plays<\/strong> da Ci dodatkowy impuls, kt\u00f3rego potrzebujesz, aby wyr\u00f3\u017cni\u0107 si\u0119 na platformie pe\u0142nej konkurencji. Zr\u00f3b to \u0142atwo, zr\u00f3b to z wynikami.<\/p>\n<\/div><\/div><\/div><\/div><\/div><\/div><\/div><\/section>","protected":false},"excerpt":{"rendered":"Czy publikujesz tre\u015bci na Facebooku, ale nie uzyskujesz takiego zasi\u0119gu, na jaki liczy\u0142e\u015b? W \u015brodowisku, w kt\u00f3rym liczy si\u0119 ka\u017cda sekunda, kupowanie wy\u015bwietle\u0144 na Facebooku mo\u017ce sprawi\u0107, \u017ce pozostaniesz niezauwa\u017cony lub naprawd\u0119 si\u0119 wyr\u00f3\u017cnisz. Zwi\u0119kszenie liczby wy\u015bwietle\u0144 wideo nie tylko poprawia Tw\u00f3j wizerunek, ale tak\u017ce zwi\u0119ksza zasi\u0119g organiczny i pozycjonuje Ci\u0119 przed nowymi odbiorcami....","protected":false},"featured_media":316,"comment_status":"open","ping_status":"closed","template":"","meta":{"_acf_changed":false},"product_brand":[],"product_cat":[20],"product_tag":[],"class_list":{"0":"post-89","1":"product","2":"type-product","3":"status-publish","4":"has-post-thumbnail","6":"product_cat-facebook","7":"wcpa_has_options","9":"first","10":"instock","11":"sale","12":"shipping-taxable","13":"purchasable","14":"product-type-variable","15":"has-default-attributes"},"acf":[],"wcpa_form_fields":{"wcpaData":{"product":{"product_price":2.99,"price_html":"","original_product_price":2.99,"price_including_tax":2.99,"price_excluding_tax":2.99,"product_id":{"parent":89,"variation":false},"is_variable":true,"stock_status":"instock","stock_quantity":null,"parent_sku":"","product_attributes":{"cantidad":{"is_variation":true,"values":[]}},"custom_fields":[],"is_taxable":false,"product_name":"Comprar Views Facebook","hasImage":false},"fields":{"sec_067faa5f71f0b4":{"extra":{"key":"sec_067faa5f71f0b4","section_id":"sec_067faa5f71f0b4","name":"Por defecto","status":1,"toggle":true,"form_id":1066,"form_rules":{"exclude_from_discount":false,"fee_label":"Extras","disp_hide_options_price":false,"disp_show_section_price":false,"disp_show_field_price":false,"layout_option":"standard","pric_use_as_fee":false,"process_fee_as":"woo_fee"},"layout_option":"standard"},"fields":[[{"active":true,"col":5,"relations":false,"cl_rule":"show","enableCl":false,"price":"","enablePrice":false,"className":"","type":"text","subtype":"text","required":true,"elementId":"text_767faa5f71f0d0","label":"Enlace al v\u00eddeo de Facebook","name":"text_767faa5f71f0d0","value":"","error":false,"placeholder":"Ejemplo: https:\/\/www.facebook.com\/mrbeast\/videos\/1870671880420034","enableDesign":false,"LabelSize":"16px","gt_translate_keys":["label","placeholder","value"],"price_dependency":false,"cl_dependency":false}]]}},"config":{"price_override":"","enable_recaptcha":false,"bind_quantity":false,"quantity_bind_formula":false,"disp_summ_show_option_price":false,"disp_summ_show_product_price":false,"disp_summ_show_total_price":false,"disp_summ_show_fee":false,"disp_summ_show_discount":false,"summary_title":"","options_total_label":"Extras","total_label":"Gesamt","options_product_label":"Producto","fee_label":"Extras","discount_label":"Descuento","has_price":true,"has_quantity_formula":false},"mc_unit":1,"tax_rate":1,"tax_rate_real":1,"discount":{"percentage":0,"fixed":0},"design":{"conf":{"LabelPosition":"above","DescPosition":"above","UploadField":"custom_1","QuantityFieldStyle":"default"},"css":{"LeftLabelWidth":"120px"}},"formulas":[],"clones":false,"cartKey":false}},"_links":{"self":[{"href":"https:\/\/doymedia.com\/pl\/wp-json\/wp\/v2\/product\/89","targetHints":{"allow":["GET"]}}],"collection":[{"href":"https:\/\/doymedia.com\/pl\/wp-json\/wp\/v2\/product"}],"about":[{"href":"https:\/\/doymedia.com\/pl\/wp-json\/wp\/v2\/types\/product"}],"replies":[{"embeddable":true,"href":"https:\/\/doymedia.com\/pl\/wp-json\/wp\/v2\/comments?post=89"}],"wp:featuredmedia":[{"embeddable":true,"href":"https:\/\/doymedia.com\/pl\/wp-json\/wp\/v2\/media\/316"}],"wp:attachment":[{"href":"https:\/\/doymedia.com\/pl\/wp-json\/wp\/v2\/media?parent=89"}],"wp:term":[{"taxonomy":"product_brand","embeddable":true,"href":"https:\/\/doymedia.com\/pl\/wp-json\/wp\/v2\/product_brand?post=89"},{"taxonomy":"product_cat","embeddable":true,"href":"https:\/\/doymedia.com\/pl\/wp-json\/wp\/v2\/product_cat?post=89"},{"taxonomy":"product_tag","embeddable":true,"href":"https:\/\/doymedia.com\/pl\/wp-json\/wp\/v2\/product_tag?post=89"}],"curies":[{"name":"wp","href":"https:\/\/api.w.org\/{rel}","templated":true}]}}