{"id":90,"date":"2025-03-27T01:32:40","date_gmt":"2025-03-27T00:32:40","guid":{"rendered":"https:\/\/v2.doymedia.com\/?post_type=product&#038;p=90"},"modified":"2025-06-16T18:37:19","modified_gmt":"2025-06-16T16:37:19","slug":"kup-obserwujacych-na-instagramie","status":"publish","type":"product","link":"https:\/\/doymedia.com\/pl\/comprar-seguidores-instagram\/","title":{"rendered":"Kup obserwuj\u0105cych na Instagramie"},"content":{"rendered":"<section class=\"l-section wpb_row height_medium\"><div class=\"l-section-h i-cf\"><div class=\"g-cols vc_row via_flex valign_top type_default stacking_default\"><div class=\"vc_col-sm-12 wpb_column vc_column_container\"><div class=\"vc_column-inner\"><div class=\"wpb_wrapper\"><div class=\"wpb_text_column\"><div class=\"wpb_wrapper\"><h2>Dlaczego warto kupowa\u0107 obserwuj\u0105cych na Instagramie?<\/h2>\n<p class=\"translation-block\"><a href=\"https:\/\/doymedia.com\/pl\/instagram\/\" target=\"_self\">Instagram<\/a> sta\u0142 si\u0119 jedn\u0105 z najbardziej wp\u0142ywowych platform w cyfrowym \u015bwiecie. Niezale\u017cnie od tego, czy masz mark\u0119, firm\u0119, jeste\u015b tw\u00f3rc\u0105 tre\u015bci, czy po prostu chcesz si\u0119 wyr\u00f3\u017cni\u0107, <strong>zakup obserwuj\u0105cych na Instagramie<\/strong> mo\u017ce pom\u00f3c Ci szybciej osi\u0105gn\u0105\u0107 swoje cele.<\/p>\n<p>W tak konkurencyjnym \u015brodowisku liczba obserwuj\u0105cych odzwierciedla nie tylko Twoj\u0105 popularno\u015b\u0107, ale tak\u017ce wiarygodno\u015b\u0107. Konto z siln\u0105 spo\u0142eczno\u015bci\u0105 wzbudza zaufanie, przyci\u0105ga wi\u0119cej uwagi i generuje wi\u0119cej mo\u017cliwo\u015bci.<\/p>\n<h2>Wybierz obserwuj\u0105cych zgodnie z grup\u0105 docelow\u0105<\/h2>\n<p class=\"translation-block\">Wiemy, \u017ce nie wszystkie profile szukaj\u0105 tego samego. Dlatego decyduj\u0105c si\u0119 na <strong>zakup obserwuj\u0105cych na Instagramie<\/strong> z nami, mo\u017cesz dostosowa\u0107 swoje zam\u00f3wienie, wybieraj\u0105c kraj lub j\u0119zyk obserwuj\u0105cych, kt\u00f3rych otrzymasz. Ta opcja pozwala skupi\u0107 sw\u00f3j rozw\u00f3j na odbiorcach, kt\u00f3rzy naprawd\u0119 Ci\u0119 interesuj\u0105.<\/p>\n<p>Mo\u017cesz wybra\u0107 obserwuj\u0105cych spo\u015br\u00f3d:<\/p>\n<ul>\n<li>\ud83c\uddea\ud83c\uddfa kupuje globalnych\/europejskich obserwuj\u0105cych<\/li>\n<li>\ud83c\uddea\ud83c\uddf8 comprar seguidores espa\u00f1oles<\/li>\n<li>\ud83c\uddee\ud83c\uddf9 kup w\u0142oskich fan\u00f3w<\/li>\n<li>\ud83c\uddeb\ud83c\uddf7 kup francuskich obserwuj\u0105cych<\/li>\n<li>\ud83c\uddec\ud83c\udde7 kupuj angloj\u0119zycznych obserwuj\u0105cych<\/li>\n<li>\ud83c\udde7\ud83c\uddf7 kup brazylijskich obserwuj\u0105cych<\/li>\n<\/ul>\n<p class=\"translation-block\">Ta segmentacja jest idealna, je\u015bli Twoje tre\u015bci, marka lub firma s\u0105 skierowane do okre\u015blonej grupy odbiorc\u00f3w. <strong>Kupuj\u0105c obserwuj\u0105cych na Instagramie<\/strong> wed\u0142ug kraju, nie tylko zwi\u0119kszasz swoj\u0105 spo\u0142eczno\u015b\u0107, ale tak\u017ce wzmacniasz sp\u00f3jno\u015b\u0107 swojego profilu i poprawiasz swoj\u0105 pozycj\u0119 na lokalnym rynku.<\/p>\n<p>Niezale\u017cnie od tego, czy jeste\u015b tw\u00f3rc\u0105 tre\u015bci, influencerem, przedsi\u0119biorc\u0105 czy firm\u0105, mo\u017cliwo\u015b\u0107 wyboru rodzaju obserwuj\u0105cych daje Ci wyra\u017an\u0105 przewag\u0119 nad konkurencj\u0105. Rozwijaj si\u0119 strategicznie, dzi\u0119ki obserwuj\u0105cym, kt\u00f3rzy sumuj\u0105 si\u0119 i przybli\u017caj\u0105 ci\u0119 do twoich prawdziwych cel\u00f3w.<\/p>\n<h3>Jakie s\u0105 prawdziwe korzy\u015bci z kupowania obserwuj\u0105cych na Insta?<\/h3>\n<h4>Natychmiastowy rozmach i widoczno\u015b\u0107<\/h4>\n<p class=\"translation-block\">Pierwsi obserwuj\u0105cy s\u0105 najtrudniejsi do zdobycia. <strong>Kupno obserwuj\u0105cych na Instagramie<\/strong> daje Ci ten pocz\u0105tkowy impuls, kt\u00f3ry prze\u0142amuje barier\u0119 anonimowo\u015bci i pozycjonuje Ci\u0119 silnie w Twojej niszy.<\/p>\n<h4>Popraw swoj\u0105 organiczn\u0105 obecno\u015b\u0107<\/h4>\n<p>Instagram faworyzuje aktywne konta z wi\u0119kszym zaanga\u017cowaniem. Maj\u0105c wi\u0119cej obserwuj\u0105cych, zwi\u0119kszasz szanse na to, \u017ce Twoje tre\u015bci pojawi\u0105 si\u0119 w sekcji \"Eksploruj\" lub b\u0119d\u0105 polecane innym u\u017cytkownikom.<\/p>\n<h4>Efekt spo\u0142eczny: przyci\u0105gasz wi\u0119cej ludzi<\/h4>\n<p>Konto z wieloma obserwuj\u0105cymi generuje wi\u0119ksze zaufanie. Ludzie ch\u0119tniej \u015bledz\u0105 profile, kt\u00f3re maj\u0105 ju\u017c za sob\u0105 spo\u0142eczno\u015b\u0107, co organicznie przyspiesza Tw\u00f3j rozw\u00f3j.<\/p>\n<h4>Korzy\u015bci dla Twojej marki lub firmy<\/h4>\n<p>Niezale\u017cnie od tego, czy jeste\u015b przedsi\u0119biorc\u0105, czy te\u017c prowadzisz firm\u0119, posiadanie wi\u0119kszej liczby obserwuj\u0105cych daje Ci:<\/p>\n<ul>\n<li>Wi\u0119kszy autorytet w twoim sektorze<\/li>\n<li>Wi\u0119cej partnerstw i mo\u017cliwo\u015bci biznesowych<\/li>\n<li>Zwi\u0119kszona konwersja odwiedzaj\u0105cych na klient\u00f3w<\/li>\n<li>Reputacja i pozycjonowanie wzgl\u0119dem konkurencji<\/li>\n<\/ul>\n<h3>Pakiety do zakupu obserwuj\u0105cych na Instagramie<\/h3>\n<h4>Od 100 do 100 000<\/h4>\n<p>W DoyMedia oferujemy pakiety dostosowane do wszystkich typ\u00f3w profili, od pocz\u0105tkuj\u0105cych u\u017cytkownik\u00f3w po uznane marki, kt\u00f3re chc\u0105 skalowa\u0107 swoj\u0105 obecno\u015b\u0107:<\/p>\n<ul>\n<li>\u2b50 <strong>Od 100 do 1000 obserwuj\u0105cych:<\/strong> Idealny na dobry pocz\u0105tek i zdobycie pewno\u015bci siebie przy stawianiu pierwszych krok\u00f3w.<\/li>\n<li>\ud83d\udd25 <strong>Od 2 000 do 10 000 obserwuj\u0105cych:<\/strong> Idealny dla rozwijaj\u0105cych si\u0119 kont, kt\u00f3re chc\u0105 si\u0119 wyr\u00f3\u017cni\u0107 i zwi\u0119kszy\u0107 sw\u00f3j zasi\u0119g.<\/li>\n<li>\ud83d\udc8e <strong>Od 20 000 do 100 000 obserwuj\u0105cych:<\/strong> przeznaczony dla marek, influencer\u00f3w i firm, kt\u00f3re stawiaj\u0105 na swoj\u0105 obecno\u015b\u0107 na Instagramie.<\/li>\n<\/ul>\n<p><strong>Wszystkie pakiety obejmuj\u0105:<\/strong><\/p>\n<ul>\n<li>Wysokiej jako\u015bci trackery<\/li>\n<li>Szybka, stopniowa i naturalna dostawa<\/li>\n<li>Wsparcie techniczne przez ca\u0142y czas<\/li>\n<li>Przyst\u0119pne ceny i brak drobnego druku<\/li>\n<\/ul>\n<h2>Jak dzia\u0142a proces zakupu?<\/h2>\n<p>Kup obserwuj\u0105cych na Instagramie na <strong>DoyMedia<\/strong> jest \u0142atwe, szybkie i bezpieczne. Po prostu wykonaj nast\u0119puj\u0105ce kroki:<\/p>\n<ol>\n<li>Wybierz pakiet, kt\u00f3ry odpowiada Twoim celom<\/li>\n<li>Wprowad\u017a swoj\u0105 nazw\u0119 u\u017cytkownika na Instagramie (nigdy nie pytamy o has\u0142o).<\/li>\n<li>P\u0142a\u0107 kart\u0105, przelewem bankowym lub kryptowalutami<\/li>\n<li>Zacznij automatycznie powi\u0119ksza\u0107 swoje konto<\/li>\n<\/ol>\n<h2>Czy kupowanie obserwuj\u0105cych na Instagramie jest bezpieczne?<\/h2>\n<p>Tak, jest to ca\u0142kowicie bezpieczne, je\u015bli robisz to z profesjonalnym dostawc\u0105, takim jak <strong>DoyMedia.<\/strong><\/p>\n<p>Traktujemy bezpiecze\u0144stwo Twojego konta bardzo powa\u017cnie i pracujemy z procesami zaprojektowanymi w celu ochrony Twojego profilu przez ca\u0142y czas.<br \/>\n\u2800<br \/>\nNie pytamy o Twoje has\u0142o ani \u017cadne prywatne dane. Potrzebujemy tylko Twojej nazwy u\u017cytkownika, aby rozpocz\u0105\u0107 proces.<br \/>\n\u2800<br \/>\nStosujemy bezpieczne metody, unikaj\u0105c jakichkolwiek technik inwazyjnych.<br \/>\n\u2800<br \/>\nTwoje konto jest w dobrych r\u0119kach. Zaufa\u0142o nam ju\u017c tysi\u0105ce klient\u00f3w, kt\u00f3rzy rozwijaj\u0105 si\u0119 na Instagramie bez komplikacji i ryzyka.<\/p>\n<h2>Cz\u0119sto zadawane pytania<\/h2>\n<p><strong>Kiedy zaczn\u0119 otrzymywa\u0107 obserwuj\u0105cych na Instagramie?<\/strong><br \/>\nDostawa rozpoczyna si\u0119 w ci\u0105gu 24 godzin od dokonania p\u0142atno\u015bci. Wzrost jest stopniowy dla wi\u0119kszego bezpiecze\u0144stwa.<\/p>\n<p><strong>Czy obserwuj\u0105cy s\u0105 wysokiej jako\u015bci?<\/strong><br \/>\nTak, nasi obserwuj\u0105cy to wysokiej jako\u015bci, aktywne lub p\u00f3\u0142aktywne profile, kt\u00f3re dodaj\u0105 autentyczno\u015bci Twojemu kontu.<\/p>\n<p><strong>Jakie metody p\u0142atno\u015bci akceptujesz?<\/strong><br \/>\nMo\u017cesz zap\u0142aci\u0107 kart\u0105 kredytow\u0105\/debetow\u0105, przelewem bankowym lub kryptowalut\u0105. Wszystkie transakcje s\u0105 szyfrowane i chronione.<\/p>\n<p><strong>Czy mog\u0119 z czasem straci\u0107 obserwuj\u0105cych?<\/strong><br \/>\nTo normalne, \u017ce z czasem mo\u017ce nast\u0105pi\u0107 niewielki spadek, ale wszystkie nasze pakiety obejmuj\u0105 gwarancj\u0119 wymiany.<\/p>\n<h2>Wskaz\u00f3wki, jak najlepiej wykorzysta\u0107 nowych obserwuj\u0105cych<\/h2>\n<p><strong>Kup obserwuj\u0105cych na Instagramie<\/strong> to tylko pierwszy krok. Aby rozwija\u0107 swoje konto w zdrowy spos\u00f3b, zalecamy:<\/p>\n<ol>\n<li>Publikuj wysokiej jako\u015bci i sp\u00f3jne tre\u015bci<\/li>\n<li>Interakcja z odbiorcami: odpowiadaj na komentarze i wiadomo\u015bci<\/li>\n<li>U\u017cywaj odpowiednich i strategicznych hashtag\u00f3w<\/li>\n<li>Zoptymalizuj sw\u00f3j profil: dobra biografia, atrakcyjne zdj\u0119cie i dobrze rozmieszczone linki.<\/li>\n<\/ol>\n<h3>Wnioski<\/h3>\n<p><strong>Kup obserwuj\u0105cych na Instagramie<\/strong> mo\u017ce by\u0107 zmian\u0105, kt\u00f3rej potrzebujesz, aby zwi\u0119kszy\u0107 swoje konto i wyr\u00f3\u017cni\u0107 si\u0119 w coraz bardziej konkurencyjnej sieci. Na <a href=\"https:\/\/doymedia.com\/pl\/\">DoyMedia<\/a> Oferujemy Ci bezpieczne, skuteczne i spersonalizowane rozwi\u0105zanie, przynosz\u0105ce widoczne rezultaty ju\u017c od pierwszej chwili.<\/p>\n<p><strong>Czy jeste\u015b gotowy na podj\u0119cie decyzji?<\/strong><\/p>\n<p>Wybierz sw\u00f3j pakiet i zacznij rozwija\u0107 si\u0119 ju\u017c dzi\u015b.<\/p>\n<\/div><\/div><\/div><\/div><\/div><\/div><\/div><\/section>","protected":false},"excerpt":{"rendered":"Dlaczego warto kupowa\u0107 obserwuj\u0105cych na Instagramie? Instagram sta\u0142 si\u0119 jedn\u0105 z najbardziej wp\u0142ywowych platform w cyfrowym \u015bwiecie. Niezale\u017cnie od tego, czy masz mark\u0119, firm\u0119, jeste\u015b tw\u00f3rc\u0105 tre\u015bci, czy po prostu chcesz si\u0119 wyr\u00f3\u017cni\u0107, kupowanie obserwuj\u0105cych na Instagramie mo\u017ce pom\u00f3c Ci szybciej osi\u0105gn\u0105\u0107 swoje cele. W tak konkurencyjnym \u015brodowisku liczba obserwuj\u0105cych jest...","protected":false},"featured_media":227,"comment_status":"open","ping_status":"closed","template":"","meta":{"_acf_changed":false},"product_brand":[],"product_cat":[17],"product_tag":[],"class_list":{"0":"post-90","1":"product","2":"type-product","3":"status-publish","4":"has-post-thumbnail","6":"product_cat-instagram","7":"wcpa_has_options","9":"first","10":"instock","11":"sale","12":"featured","13":"shipping-taxable","14":"purchasable","15":"product-type-variable","16":"has-default-attributes"},"acf":[],"wcpa_form_fields":{"wcpaData":{"product":{"product_price":2.45,"price_html":"","original_product_price":2.45,"price_including_tax":2.45,"price_excluding_tax":2.45,"product_id":{"parent":90,"variation":false},"is_variable":true,"stock_status":"instock","stock_quantity":null,"parent_sku":"","product_attributes":{"cantidad":{"is_variation":true,"values":[]}},"custom_fields":[],"is_taxable":false,"product_name":"Comprar Seguidores Instagram","hasImage":false},"fields":{"sec_267e553b11d9d9":{"extra":{"key":"sec_267e553b11d9d9","section_id":"sec_267e553b11d9d9","name":"Por defecto","status":1,"toggle":true,"form_id":365,"form_rules":{"exclude_from_discount":false,"fee_label":"Extra's","disp_hide_options_price":false,"disp_show_section_price":false,"disp_show_field_price":false,"layout_option":"standard","pric_use_as_fee":false,"process_fee_as":"woo_fee"},"layout_option":"standard"},"fields":[[{"active":true,"col":5,"relations":false,"cl_rule":"show","enableCl":false,"price":"","enablePrice":true,"className":"","label_position":"default","desc_position":"default","type":"select","required":false,"elementId":"select_3471114851","label":"Origen de los Seguidores","name":"select_3471114851","values":[{"label":"\ud83c\uddea\ud83c\uddf8 Espa\u00f1a y Latam","value":"espa\u00f1a-latam","selected":false,"tempId":"aco_394","price":"100","gt_translate_keys":["label"]},{"label":"\ud83c\uddee\ud83c\uddf9 Italia","value":"italia","selected":false,"tempId":"aco_395","price":"100","gt_translate_keys":["label"]},{"label":"\ud83c\uddeb\ud83c\uddf7 Francia","value":"francia","selected":false,"tempId":"aco_396","price":"100","gt_translate_keys":["label"]},{"label":"\ud83c\uddfa\ud83c\uddf8 Habla Inglesa","value":"ingles","selected":false,"tempId":"aco_3069","price":"100","gt_translate_keys":["label"]},{"label":"\ud83c\udde7\ud83c\uddf7 Brasil","value":"brasil","selected":false,"tempId":"aco_1135","price":"70","gt_translate_keys":["label"]}],"dropdown_type":"basic","error":false,"placeholder":"\ud83c\udf0d Origen Europeo\/Mundial de Alta Calidad","priceOptions":"different_for_all","pricingType":"percentage","fee_label":"","option_price_format":"(+{price})","enableDesign":false,"LabelSize":"16px","gt_translate_keys":["label","placeholder"],"price_dependency":false,"cl_dependency":false,"value":""}],[{"active":true,"col":5,"relations":false,"cl_rule":"show","enableCl":false,"price":"","enablePrice":false,"className":"","type":"text","subtype":"text","required":true,"elementId":"text_0824276801","label":"Nombre de Usuario","name":"text_0824276801","value":"","error":false,"placeholder":"Ejemplo: @cristiano","enableDesign":false,"LabelSize":"16px","gt_translate_keys":["label","placeholder","value"],"price_dependency":false,"cl_dependency":false}],[{"active":true,"col":5,"relations":false,"cl_rule":"show","enableCl":false,"price":"","enablePrice":false,"className":"mensaje-informacion","label_position":"default","desc_position":"default","type":"content","required":false,"elementId":"content_1916604213","label":"","name":"content_1916604213","contentType":"rich","value":"<p>La cuenta tiene que estar en modo p\u00fablico para que lleguen los seguidores.<\/p>","error":false,"gt_translate_keys":["label","value"],"price_dependency":false,"cl_dependency":false}],[{"active":true,"col":5,"relations":false,"cl_rule":"show","enableCl":false,"price":"","enablePrice":true,"className":"","label_position":"default","desc_position":"default","type":"select","required":false,"elementId":"select_2712115011","label":"A\u00f1adir Likes con Descuento","name":"select_2712115011","values":[{"label":"100 Likes","value":"100","selected":false,"tempId":"aco_46","price":"2,89","gt_translate_keys":["label"]},{"label":"1.000 Likes","value":"1000","selected":false,"tempId":"aco_910","price":"7,79","gt_translate_keys":["label"]},{"label":"2.000 Likes","value":"2000","selected":false,"tempId":"aco_911","price":"15,69","gt_translate_keys":["label"]},{"label":"5.000 Likes","value":"5000","selected":false,"tempId":"aco_912","price":"28,59","gt_translate_keys":["label"]},{"label":"10.000 Likes","value":"10000","selected":false,"tempId":"aco_1219","price":"47,49","gt_translate_keys":["label"]},{"label":"20.000 Likes","value":"20000","selected":false,"tempId":"aco_1337","price":"96,29","gt_translate_keys":["label"]}],"dropdown_type":"basic","error":false,"placeholder":"Ninguno","priceOptions":"different_for_all","pricingType":"fixed","use_as_fee":false,"enableDesign":false,"LabelSize":"16px","gt_translate_keys":["label","placeholder"],"price_dependency":false,"cl_dependency":["select_0932092145"],"value":""}],[{"active":true,"col":5,"relations":[{"operator":false,"rules":[{"operator":"AND","rules":{"cl_field":"select_2712115011","cl_relation":"is_not_empty","cl_val":""}}]}],"cl_rule":"show","enableCl":true,"price":"","enablePrice":false,"className":"","label_position":"default","desc_position":"default","type":"select","required":true,"elementId":"select_0932092145","label":"\u00bfLikes o Auto Likes?","name":"select_0932092145","values":[{"label":"Likes en Posts Publicados","value":"likes","selected":false,"tempId":"aco_2442","gt_translate_keys":["label"]},{"label":"Auto Likes en Futuras Publicaciones","value":"autolikes","selected":false,"tempId":"aco_2443","gt_translate_keys":["label"]}],"dropdown_type":"basic","error":false,"placeholder":"Elegir Opcion","gt_translate_keys":["label","placeholder"],"price_dependency":false,"cl_dependency":["text_2923715016","textarea_1851094281"],"value":""}],[{"active":true,"col":5,"relations":[{"operator":false,"rules":[{"operator":"AND","rules":{"cl_field":"select_0932092145","cl_relation":"is","cl_val":"autolikes"}}]}],"cl_rule":"show","enableCl":true,"price":"","enablePrice":false,"className":"","label_position":"default","desc_position":"default","type":"text","subtype":"text","required":true,"elementId":"text_2923715016","label":"En cu\u00e1ntas publicaciones quieres dividir los auto likes","name":"text_2923715016","value":"","error":false,"placeholder":"Introduce el n\u00famero de publicaciones","gt_translate_keys":["label","placeholder","value"],"price_dependency":false,"cl_dependency":false}],[{"active":true,"col":5,"relations":[{"operator":false,"rules":[{"operator":"AND","rules":{"cl_field":"select_0932092145","cl_relation":"is","cl_val":"likes"}}]}],"cl_rule":"show","enableCl":true,"price":"","enablePrice":false,"className":"","label_position":"default","desc_position":"default","type":"textarea","required":true,"elementId":"textarea_1851094281","label":"Enlaces a las Publicaciones","name":"textarea_1851094281","value":"","rows":2,"error":false,"placeholder":"Introducir Enlaces de esta Forma:\nhttps:\/\/www.instagram.com\/p\/DHv8leWsF1u\/\nhttps:\/\/www.instagram.com\/p\/DHtVg-9sa5W\/","gt_translate_keys":["label","placeholder","value"],"price_dependency":false,"cl_dependency":false}]]}},"config":{"price_override":"","enable_recaptcha":false,"bind_quantity":false,"quantity_bind_formula":false,"disp_summ_show_option_price":false,"disp_summ_show_product_price":false,"disp_summ_show_total_price":false,"disp_summ_show_fee":false,"disp_summ_show_discount":false,"summary_title":"","options_total_label":"Extra's","total_label":"Totaal","options_product_label":"Product","fee_label":"Extra's","discount_label":"Korting","has_price":true,"has_quantity_formula":false},"mc_unit":1,"tax_rate":1,"tax_rate_real":1,"discount":{"percentage":0,"fixed":0},"design":{"conf":{"LabelPosition":"above","DescPosition":"above","UploadField":"custom_1","QuantityFieldStyle":"default"},"css":{"LeftLabelWidth":"120px"}},"formulas":[],"clones":false,"cartKey":false}},"_links":{"self":[{"href":"https:\/\/doymedia.com\/pl\/wp-json\/wp\/v2\/product\/90","targetHints":{"allow":["GET"]}}],"collection":[{"href":"https:\/\/doymedia.com\/pl\/wp-json\/wp\/v2\/product"}],"about":[{"href":"https:\/\/doymedia.com\/pl\/wp-json\/wp\/v2\/types\/product"}],"replies":[{"embeddable":true,"href":"https:\/\/doymedia.com\/pl\/wp-json\/wp\/v2\/comments?post=90"}],"wp:featuredmedia":[{"embeddable":true,"href":"https:\/\/doymedia.com\/pl\/wp-json\/wp\/v2\/media\/227"}],"wp:attachment":[{"href":"https:\/\/doymedia.com\/pl\/wp-json\/wp\/v2\/media?parent=90"}],"wp:term":[{"taxonomy":"product_brand","embeddable":true,"href":"https:\/\/doymedia.com\/pl\/wp-json\/wp\/v2\/product_brand?post=90"},{"taxonomy":"product_cat","embeddable":true,"href":"https:\/\/doymedia.com\/pl\/wp-json\/wp\/v2\/product_cat?post=90"},{"taxonomy":"product_tag","embeddable":true,"href":"https:\/\/doymedia.com\/pl\/wp-json\/wp\/v2\/product_tag?post=90"}],"curies":[{"name":"wp","href":"https:\/\/api.w.org\/{rel}","templated":true}]}}