{"id":92,"date":"2025-03-27T01:32:40","date_gmt":"2025-03-27T00:32:40","guid":{"rendered":"https:\/\/v2.doymedia.com\/?post_type=product&#038;p=92"},"modified":"2025-04-10T17:35:37","modified_gmt":"2025-04-10T15:35:37","slug":"kupowanie-glosow-na-twitterze","status":"publish","type":"product","link":"https:\/\/doymedia.com\/pl\/comprar-votos-twitter\/","title":{"rendered":"Kup g\u0142osy na Twitterze"},"content":{"rendered":"<section class=\"l-section wpb_row height_medium\"><div class=\"l-section-h i-cf\"><div class=\"g-cols vc_row via_flex valign_top type_default stacking_default\"><div class=\"vc_col-sm-12 wpb_column vc_column_container\"><div class=\"vc_column-inner\"><div class=\"wpb_wrapper\"><div class=\"wpb_text_column\"><div class=\"wpb_wrapper\"><p class=\"translation-block\">Ankiety na Twitterze sta\u0142y si\u0119 pot\u0119\u017cnym narz\u0119dziem do przyci\u0105gania uwagi, generowania zaanga\u017cowania i podejmowania widocznych decyzji dla Twojej spo\u0142eczno\u015bci. Je\u015bli jednak nie zdob\u0119dziesz wystarczaj\u0105cej liczby g\u0142os\u00f3w, Twoja ankieta straci na znaczeniu. Dlatego <strong>kupowanie g\u0142os\u00f3w na Twitterze<\/strong> jest szybkim i bezpiecznym rozwi\u0105zaniem, kt\u00f3re pozwoli Ci wyr\u00f3\u017cni\u0107 si\u0119 w ankietach i zyska\u0107 autorytet na platformie.<\/p>\n<p class=\"translation-block\">Niezale\u017cnie od tego, czy u\u017cywasz ankiety do cel\u00f3w marketingowych, strategicznych, rozrywkowych, czy po prostu w celu wp\u0142yni\u0119cia na decyzj\u0119 publiczn\u0105, zwi\u0119kszenie liczby g\u0142os\u00f3w mo\u017ce pom\u00f3c Ci kontrolowa\u0107 wynik, generowa\u0107 konwersacj\u0119 i anga\u017cowa\u0107 wi\u0119cej os\u00f3b. Dzi\u0119ki naszej us\u0142udze mo\u017cesz \u0142atwo <strong>zakupi\u0107 g\u0142osy na Twitterze<\/strong>, wybieraj\u0105c preferowan\u0105 opcj\u0119, aby wyniki odzwierciedla\u0142y to, czego potrzebujesz.<\/p>\n<h2>Dlaczego warto kupowa\u0107 g\u0142osy na Twitterze?<\/h2>\n<p class=\"translation-block\">Ankiety z du\u017c\u0105 liczb\u0105 g\u0142os\u00f3w przyci\u0105gaj\u0105 wi\u0119cej uwagi. Kiedy u\u017cytkownicy widz\u0105 aktywne g\u0142osowanie, z setkami lub tysi\u0105cami uczestnik\u00f3w, maj\u0105 tendencj\u0119 do przy\u0142\u0105czania si\u0119. Generuje to efekt kuli \u015bnie\u017cnej, kt\u00f3ry zapewnia widoczno\u015b\u0107 i wiarygodno\u015b\u0107 Twojej publikacji. Je\u015bli chcesz r\u00f3wnie\u017c wzmocni\u0107 konkretny wynik, <strong>kupowanie g\u0142os\u00f3w na Twitterze<\/strong> pozwala na bezpo\u015bredni i natychmiastowy wp\u0142yw.<\/p>\n<p>Ta us\u0142uga jest idealna dla tw\u00f3rc\u00f3w tre\u015bci, influencer\u00f3w, firm, kont osobistych lub marek, kt\u00f3re wykorzystuj\u0105 ankiety jako cz\u0119\u015b\u0107 swojej strategii. Mo\u017cesz go u\u017cy\u0107, aby wzmocni\u0107 pomys\u0142, rozpocz\u0105\u0107 kampani\u0119 wirusow\u0105, wygenerowa\u0107 zaanga\u017cowanie lub po prostu wygra\u0107 g\u0142osowanie.<\/p>\n<h3>Zalety kupowania g\u0142os\u00f3w na Twitterze<\/h3>\n<ul>\n<li>Wzmocnij sw\u00f3j wynik ankiety<\/li>\n<li>\ud83d\udd25 Zwi\u0119ksza widoczno\u015b\u0107 i uczestnictwo<\/li>\n<li>Zwi\u0119ksz organiczny zasi\u0119g swojego tweeta.<\/li>\n<li>Wp\u0142ywa na postrzeganie przez opini\u0119 publiczn\u0105<\/li>\n<li>Bezpieczna dostawa, bez wp\u0142ywu na Twoje konto<\/li>\n<\/ul>\n<p class=\"translation-block\">Kupowanie <strong>g\u0142os\u00f3w na Twitterze<\/strong> jest przydatne niezale\u017cnie od tego, czy chcesz wygra\u0107 publiczn\u0105 ankiet\u0119, czy poprawi\u0107 wydajno\u015b\u0107 swoich post\u00f3w. Im wi\u0119cej g\u0142os\u00f3w otrzyma Twoja ankieta, tym bardziej b\u0119dzie ona istotna dla algorytmu i w oczach Twoich odbiorc\u00f3w.<\/p>\n<h2>Czy kupowanie g\u0142os\u00f3w na Twitterze jest bezpieczne?<\/h2>\n<p>Tak, jak najbardziej. Nie prosimy o has\u0142a ani dost\u0119p do Twojego konta. Potrzebujemy tylko linku do twojego tweeta z aktywn\u0105 ankiet\u0105 i liczb\u0105 g\u0142os\u00f3w, kt\u00f3re chcesz odda\u0107 na wybran\u0105 opcj\u0119. Proces jest szybki, dyskretny i bezpieczny. G\u0142osy dostarczamy w spos\u00f3b naturalny i w uzgodnionych ramach czasowych.<\/p>\n<p>Nasz system jest zoptymalizowany pod k\u0105tem ochrony Twojej prywatno\u015bci i dostarczania wynik\u00f3w wolnych od ryzyka. Wiemy, jak wa\u017cne jest bezpiecze\u0144stwo Twojego konta, dlatego pracujemy przy u\u017cyciu sprawdzonych metod, kt\u00f3re spe\u0142niaj\u0105 najwy\u017csze standardy bran\u017cowe.<\/p>\n<h3>Kto mo\u017ce skorzysta\u0107 z tej us\u0142ugi?<\/h3>\n<p>Ta us\u0142uga jest idealna dla wszystkich typ\u00f3w u\u017cytkownik\u00f3w, kt\u00f3rzy chc\u0105 uzyska\u0107 w\u0142adz\u0119 lub kontrol\u0119 nad wynikiem ankiety. Mo\u017cesz <strong>kupowanie g\u0142os\u00f3w na Twitterze<\/strong> w kampaniach osobistych, loteriach, konkursach lub postach wirusowych. Nie potrzebujesz tysi\u0119cy obserwuj\u0105cych, aby Twoja ankieta mia\u0142a wp\u0142yw.<\/p>\n<ul>\n<li>Influencerzy, kt\u00f3rzy chc\u0105 zwi\u0119kszy\u0107 ilo\u015b\u0107 tre\u015bci<\/li>\n<li>\ud83d\uddf3\ufe0f Konta bior\u0105ce udzia\u0142 w konkurencyjnych ankietach<\/li>\n<li>Marki, kt\u00f3re zadaj\u0105 strategiczne pytania swoim odbiorcom<\/li>\n<li>U\u017cytkownicy, kt\u00f3rzy chc\u0105 skierowa\u0107 g\u0142osowanie na konkretn\u0105 opcj\u0119<\/li>\n<li>Tw\u00f3rcy szukaj\u0105cy wirusowo\u015bci lub konwersacji<\/li>\n<\/ul>\n<h2>Jak dzia\u0142a proces zakupu?<\/h2>\n<p class=\"translation-block\"><strong>Kupowanie g\u0142os\u00f3w na Twitterze<\/strong> z nami jest bardzo proste. Wystarczy, \u017ce wybierzesz \u017c\u0105dan\u0105 liczb\u0119 g\u0142os\u00f3w, skopiujesz bezpo\u015bredni link do swojego tweeta z aktywn\u0105 ankiet\u0105 i wybierzesz opcj\u0119, kt\u00f3r\u0105 chcesz promowa\u0107. My zajmiemy si\u0119 reszt\u0105.<\/p>\n<p>Po z\u0142o\u017ceniu zam\u00f3wienia rozpoczynamy dostarczanie g\u0142os\u00f3w.<\/p>\n<p class=\"translation-block\"><strong>Kupuj g\u0142osy na Twitterze<\/strong> to najbardziej bezpo\u015bredni i skuteczny spos\u00f3b na wprowadzenie zmian w ankiecie. Niezale\u017cnie od tego, czy szukasz ma\u0142ego bod\u017aca do wygenerowania wi\u0119kszej interakcji, czy chcesz mie\u0107 pewno\u015b\u0107, \u017ce jedna opcja wygra, ta us\u0142uga jest stworzona dla Ciebie.<\/p>\n<h2>Zacznij zarabia\u0107 na ankietach ju\u017c dzi\u015b<\/h2>\n<p>Je\u015bli opr\u00f3cz wygrywania ankiet chcesz zbudowa\u0107 bardziej kompletny i widoczny profil, zalecamy <a href=\"https:\/\/doymedia.com\/pl\/kup-obserwujacych-na-twitterze\/\"><strong>kup obserwuj\u0105cych na Twitterze<\/strong><\/a> aby rozwija\u0107 Twoj\u0105 spo\u0142eczno\u015b\u0107 i <a href=\"https:\/\/doymedia.com\/pl\/kup-polubienia-na-twitterze\/\"><strong>kup polubienia na Twitterze<\/strong><\/a> aby wzmocni\u0107 zaanga\u017cowanie Twoich publikacji. S\u0105 to us\u0142ugi uzupe\u0142niaj\u0105ce, kt\u00f3re pomog\u0105 Ci stworzy\u0107 silniejszy i bardziej profesjonalny wizerunek na platformie.<br \/>\nTysi\u0105ce u\u017cytkownik\u00f3w skorzysta\u0142o ju\u017c z tej us\u0142ugi, aby uzyska\u0107 wi\u0119cej g\u0142os\u00f3w w swoich ankietach i poprawi\u0107 swoj\u0105 obecno\u015b\u0107 na Twitterze. Je\u015bli r\u00f3wnie\u017c chcesz, aby Tw\u00f3j g\u0142os si\u0119 wyr\u00f3\u017cnia\u0142, <strong>kupowanie g\u0142os\u00f3w na Twitterze<\/strong> to najszybszy i najskuteczniejszy spos\u00f3b na osi\u0105gni\u0119cie tego celu.<\/p>\n<p>Wybierz \u017c\u0105dan\u0105 liczb\u0119 g\u0142os\u00f3w, podaj nam link do swojej ankiety, a my zajmiemy si\u0119 reszt\u0105. Mo\u017cesz zacz\u0105\u0107 od niewielkiego wzmocnienia lub sprawi\u0107, \u017ce Tw\u00f3j wyb\u00f3r wygra z du\u017cym marginesem. Wyb\u00f3r nale\u017cy do Ciebie.<\/p>\n<p class=\"translation-block\">Nie pozostawiaj wyniku przypadkowi. Wp\u0142ywaj, podkre\u015blaj i kontroluj swoje ankiety z gwarancj\u0105 bezpiecze\u0144stwa i wynik\u00f3w. <strong>Kup g\u0142osy na Twitterze<\/strong> daje Ci kontrol\u0119. Zr\u00f3b to \u0142atwo i dobrze.<\/p>\n<\/div><\/div><\/div><\/div><\/div><\/div><\/div><\/section>","protected":false},"excerpt":{"rendered":"Ankiety na Twitterze sta\u0142y si\u0119 pot\u0119\u017cnym narz\u0119dziem do przyci\u0105gania uwagi, generowania zaanga\u017cowania i podejmowania widocznych decyzji dla Twojej spo\u0142eczno\u015bci. Je\u015bli jednak nie zdob\u0119dziesz wystarczaj\u0105cej liczby g\u0142os\u00f3w, Twoja ankieta straci na znaczeniu. Dlatego kupowanie g\u0142os\u00f3w na Twitterze jest szybkim i bezpiecznym rozwi\u0105zaniem, kt\u00f3re pozwoli Ci wyr\u00f3\u017cni\u0107 si\u0119 w ankietach i zdoby\u0107 autorytet na platformie.....","protected":false},"featured_media":318,"comment_status":"open","ping_status":"closed","template":"","meta":{"_acf_changed":false},"product_brand":[],"product_cat":[19],"product_tag":[],"class_list":{"0":"post-92","1":"product","2":"type-product","3":"status-publish","4":"has-post-thumbnail","6":"product_cat-twitter","7":"wcpa_has_options","9":"first","10":"instock","11":"shipping-taxable","12":"purchasable","13":"product-type-variable","14":"has-default-attributes"},"acf":[],"wcpa_form_fields":{"wcpaData":{"product":{"product_price":1.99,"price_html":"","original_product_price":1.99,"price_including_tax":1.99,"price_excluding_tax":1.99,"product_id":{"parent":92,"variation":false},"is_variable":true,"stock_status":"instock","stock_quantity":null,"parent_sku":"","product_attributes":{"cantidad":{"is_variation":true,"values":[]}},"custom_fields":[],"is_taxable":false,"product_name":"Comprar Votos Twitter","hasImage":false},"fields":{"sec_167faa7c614353":{"extra":{"key":"sec_167faa7c614353","section_id":"sec_167faa7c614353","name":"Por defecto","status":1,"toggle":true,"form_id":1071,"form_rules":{"exclude_from_discount":false,"fee_label":"Extras","disp_hide_options_price":false,"disp_show_section_price":false,"disp_show_field_price":false,"layout_option":"standard","pric_use_as_fee":false,"process_fee_as":"woo_fee"},"layout_option":"standard"},"fields":[[{"active":true,"col":5,"relations":false,"cl_rule":"show","enableCl":false,"price":"","enablePrice":false,"className":"","type":"text","subtype":"text","required":true,"elementId":"text_667faa7c61436c","label":"Enlace de la Publicaci\u00f3n de Twitter","name":"text_667faa7c61436c","value":"","error":false,"placeholder":"Ejemplo: https:\/\/x.com\/NASA\/status\/1911109060553847169","enableDesign":false,"LabelSize":"16px","gt_translate_keys":["label","placeholder","value"],"price_dependency":false,"cl_dependency":false}],[{"label":"Opci\u00f3n a Votar","active":true,"required":true,"elementId":"text-2562894642","value":"","placeholder":"Escribe la opci\u00f3n a votar, por ejemplo: OPCI\u00d3N 1 Barack Obama","name":"text-2562894642","enablePrice":false,"className":"","enableCl":false,"relations":false,"enableDesign":false,"LabelSize":"16px","subtype":"text","price":"","cl_rule":"show","col":5,"type":"text","error":false,"gt_translate_keys":["label","placeholder","value"],"price_dependency":false,"cl_dependency":false}]]}},"config":{"price_override":"","enable_recaptcha":false,"bind_quantity":false,"quantity_bind_formula":false,"disp_summ_show_option_price":false,"disp_summ_show_product_price":false,"disp_summ_show_total_price":false,"disp_summ_show_fee":false,"disp_summ_show_discount":false,"summary_title":"","options_total_label":"Extras","total_label":"Total","options_product_label":"Producto","fee_label":"Extras","discount_label":"Descuento","has_price":true,"has_quantity_formula":false},"mc_unit":1,"tax_rate":1,"tax_rate_real":1,"discount":{"percentage":0,"fixed":0},"design":{"conf":{"LabelPosition":"above","DescPosition":"above","UploadField":"custom_1","QuantityFieldStyle":"default"},"css":{"LeftLabelWidth":"120px"}},"formulas":[],"clones":false,"cartKey":false}},"_links":{"self":[{"href":"https:\/\/doymedia.com\/pl\/wp-json\/wp\/v2\/product\/92","targetHints":{"allow":["GET"]}}],"collection":[{"href":"https:\/\/doymedia.com\/pl\/wp-json\/wp\/v2\/product"}],"about":[{"href":"https:\/\/doymedia.com\/pl\/wp-json\/wp\/v2\/types\/product"}],"replies":[{"embeddable":true,"href":"https:\/\/doymedia.com\/pl\/wp-json\/wp\/v2\/comments?post=92"}],"wp:featuredmedia":[{"embeddable":true,"href":"https:\/\/doymedia.com\/pl\/wp-json\/wp\/v2\/media\/318"}],"wp:attachment":[{"href":"https:\/\/doymedia.com\/pl\/wp-json\/wp\/v2\/media?parent=92"}],"wp:term":[{"taxonomy":"product_brand","embeddable":true,"href":"https:\/\/doymedia.com\/pl\/wp-json\/wp\/v2\/product_brand?post=92"},{"taxonomy":"product_cat","embeddable":true,"href":"https:\/\/doymedia.com\/pl\/wp-json\/wp\/v2\/product_cat?post=92"},{"taxonomy":"product_tag","embeddable":true,"href":"https:\/\/doymedia.com\/pl\/wp-json\/wp\/v2\/product_tag?post=92"}],"curies":[{"name":"wp","href":"https:\/\/api.w.org\/{rel}","templated":true}]}}