{"id":922,"date":"2025-04-11T18:03:53","date_gmt":"2025-04-11T16:03:53","guid":{"rendered":"https:\/\/v2.doymedia.com\/?post_type=product&#038;p=922"},"modified":"2025-05-12T16:19:12","modified_gmt":"2025-05-12T14:19:12","slug":"kup-retweety-na-twitterze","status":"publish","type":"product","link":"https:\/\/doymedia.com\/pl\/comprar-retweets-twitter\/","title":{"rendered":"Kup retweety na Twitterze"},"content":{"rendered":"<section class=\"l-section wpb_row height_medium\"><div class=\"l-section-h i-cf\"><div class=\"g-cols vc_row via_flex valign_top type_default stacking_default\"><div class=\"vc_col-sm-12 wpb_column vc_column_container\"><div class=\"vc_column-inner\"><div class=\"wpb_wrapper\"><div class=\"wpb_text_column\"><div class=\"wpb_wrapper\"><p class=\"translation-block\">Na Twitterze liczy si\u0119 ka\u017cdy retweet. Jest to jeden z najskuteczniejszych sposob\u00f3w na wzmocnienie przekazu, zyskanie widoczno\u015bci i dotarcie do nowych odbiorc\u00f3w. Je\u015bli twoje tre\u015bci s\u0105 dobre, ale nie s\u0105 eksponowane tak, jak na to zas\u0142uguj\u0105, <strong>kupowanie retweet\u00f3w na Twitterze<\/strong> mo\u017ce pom\u00f3c ci wyj\u015b\u0107 z cyfrowej anonimowo\u015bci i zaj\u0105\u0107 silniejsz\u0105 pozycj\u0119 w rozmowie.<\/p>\n<p class=\"translation-block\">Retweet to nie tylko dzia\u0142anie spo\u0142eczno\u015bciowe: to publiczna rekomendacja. Za ka\u017cdym razem, gdy kto\u015b retweetuje Tw\u00f3j post, widzi go ca\u0142a jego sie\u0107. A gdy robi to wielu u\u017cytkownik\u00f3w, algorytm interpretuje to jako istotn\u0105 tre\u015b\u0107. W\u0142a\u015bnie dlatego <strong>kupowanie retweet\u00f3w na Twitterze<\/strong> jest przydatn\u0105 strategi\u0105 do wirusowego rozpowszechniania wiadomo\u015bci, wzmacniania kampanii i wzmacniania kont osobistych, zawodowych lub kont marek.<\/p>\n<h2>Dlaczego warto kupowa\u0107 retweety na Twitterze?<\/h2>\n<p class=\"translation-block\">Poniewa\u017c na Twitterze zasi\u0119g jest kluczem do sukcesu. Mo\u017cesz mie\u0107 tre\u015bci o du\u017cej warto\u015bci, ale je\u015bli nie s\u0105 one udost\u0119pniane, po prostu nie docieraj\u0105 do odbiorc\u00f3w. <strong>Kupowanie retweet\u00f3w na Twitterze<\/strong> pomaga uzyska\u0107 pierwszy impuls, stworzy\u0107 pocz\u0105tkowy szum i zach\u0119ci\u0107 do naturalnej interakcji. Tweet, kt\u00f3ry otrzymuje retweety w kr\u00f3tkim czasie, zwykle szybko zyskuje na popularno\u015bci.<\/p>\n<p>Retweety generuj\u0105 r\u00f3wnie\u017c \u015bwiadomo\u015b\u0107 spo\u0142eczn\u0105. Gdy post otrzymuje wiele udost\u0119pnie\u0144, wzbudza ciekawo\u015b\u0107, przyci\u0105ga odwiedzaj\u0105cych i poprawia Tw\u00f3j ranking w wewn\u0119trznych wynikach wyszukiwania. Ten rodzaj aktywno\u015bci wzmacnia r\u00f3wnie\u017c Tw\u00f3j profil i zwi\u0119ksza autorytet, jaki prezentujesz na platformie.<\/p>\n<h3>Zalety kupowania retweet\u00f3w na Twitterze<\/h3>\n<ul>\n<li>Zwi\u0119kszone rozpowszechnianie i zasi\u0119g Twoich tweet\u00f3w<\/li>\n<li>Pocz\u0105tkowy impuls zwi\u0119kszaj\u0105cy Twoj\u0105 widoczno\u015b\u0107<\/li>\n<li>Przyci\u0105gnij nowych obserwuj\u0105cych i potencjalnych klient\u00f3w.<\/li>\n<li>Generuj konwersacj\u0119 wok\u00f3\u0142 swoich tre\u015bci.<\/li>\n<li>Bezpieczna dostawa bez uszczerbku dla Twojego konta<\/li>\n<\/ul>\n<p class=\"translation-block\">Ta us\u0142uga jest idealna, je\u015bli chcesz rozpropagowa\u0107 kampani\u0119, podkre\u015bli\u0107 opini\u0119, promowa\u0107 produkt lub po prostu wygenerowa\u0107 wi\u0119cej pozytywnego szumu wok\u00f3\u0142 swojego konta. Niezale\u017cnie od tego, czy jeste\u015b influencerem, przedsi\u0119biorc\u0105, artyst\u0105 czy firm\u0105, <strong>kup retweety na Twitterze<\/strong> mo\u017ce pom\u00f3c Ci dotrze\u0107 dalej przy mniejszym wysi\u0142ku.<\/p>\n<h2>Czy kupowanie retweet\u00f3w na Twitterze jest bezpieczne?<\/h2>\n<p>Absolutnie. Nie potrzebujemy hase\u0142 ani dost\u0119pu do Twojego konta. Po prostu podaj nam link do tweeta, kt\u00f3ry chcesz wzmocni\u0107. Nasza dostawa jest progresywna, naturalna i zaprojektowana tak, aby dostosowa\u0107 si\u0119 do rzeczywistych wzorc\u00f3w u\u017cytkowania, chroni\u0105c reputacj\u0119 i integralno\u015b\u0107 Twojego profilu.<\/p>\n<p class=\"translation-block\">U\u017cywamy zoptymalizowanych system\u00f3w, aby Twoje tre\u015bci by\u0142y retweetowane bez \u017cadnego ryzyka. Tysi\u0105ce kont poprawi\u0142o swoj\u0105 ekspozycj\u0119 dzi\u0119ki tej us\u0142udze i osi\u0105gn\u0119\u0142o widoczne wyniki w ci\u0105gu kilku minut lub godzin. <strong>Kup retweety na Twitterze<\/strong> to niezawodny i skuteczny spos\u00f3b na wyr\u00f3\u017cnienie si\u0119.<\/p>\n<h3>Kto powinien korzysta\u0107 z tej us\u0142ugi?<\/h3>\n<p>Ka\u017cdy u\u017cytkownik Twittera, kt\u00f3ry chce wzmocni\u0107 sw\u00f3j przekaz, zapewni\u0107 widoczno\u015b\u0107 kluczowemu tweetowi lub zdoby\u0107 wi\u0119kszy autorytet. Nie ma znaczenia, czy Twoje konto jest nowe, czy ju\u017c ugruntowane: retweety zawsze si\u0119 sumuj\u0105. Ta us\u0142uga jest idealna dla:<\/p>\n<ul>\n<li>Przedsi\u0119biorcy promuj\u0105cy produkty lub us\u0142ugi<\/li>\n<li>Arty\u015bci i tw\u00f3rcy rozpowszechniaj\u0105cy swoje tre\u015bci<\/li>\n<li>Influencerzy szukaj\u0105cy zaanga\u017cowania i wirusowo\u015bci<\/li>\n<li>Marki rozpoczynaj\u0105ce kampanie lub akcje spo\u0142eczne<\/li>\n<li>Profesjonali\u015bci dziel\u0105cy si\u0119 pomys\u0142ami lub wiedz\u0105<\/li>\n<\/ul>\n<h2>Jak to dzia\u0142a?<\/h2>\n<p>Proces jest bardzo prosty. Po prostu wybierz \u017c\u0105dan\u0105 liczb\u0119 retweet\u00f3w, podaj nam link do tweeta i potwierd\u017a zam\u00f3wienie. My zajmiemy si\u0119 dostarczaniem retweet\u00f3w w spos\u00f3b stopniowy, naturalny i bezpieczny. Ty skup si\u0119 na dalszym tworzeniu wysokiej jako\u015bci tre\u015bci.<\/p>\n<p class=\"translation-block\">A je\u015bli szukasz bardziej kompletnego wzrostu, mo\u017cesz po\u0142\u0105czy\u0107 t\u0119 us\u0142ug\u0119 z <a href=\"https:\/\/doymedia.com\/pl\/kup-polubienia-na-twitterze\/\" target=\"_self\"><strong>zakupem polubie\u0144 na Twitterze<\/strong><\/a> lub <a href=\"https:\/\/doymedia.com\/pl\/kup-obserwujacych-na-twitterze\/\" target=\"_self\"><strong>zakupem obserwuj\u0105cych na Twitterze<\/strong><\/a>. W ten spos\u00f3b poprawisz zar\u00f3wno zaanga\u017cowanie, jak i widoczny autorytet swojego konta.<\/p>\n<h2>Spraw, by Tw\u00f3j g\u0142os dotar\u0142 dalej<\/h2>\n<p class=\"translation-block\">Nie pozw\u00f3l, aby Twoje posty zagin\u0119\u0142y w szumie sieci. <strong>Kupowanie retweet\u00f3w na Twitterze<\/strong> pozwoli Ci wzmocni\u0107 przekaz, dotrze\u0107 do wi\u0119kszej liczby os\u00f3b i wygenerowa\u0107 prawdziw\u0105 konwersacj\u0119 wok\u00f3\u0142 Twoich tre\u015bci. Zapewnij swoim pomys\u0142om zasi\u0119g, na jaki zas\u0142uguj\u0105. Zacznij ju\u017c dzi\u015b.<\/p>\n<\/div><\/div><\/div><\/div><\/div><\/div><\/div><\/section>","protected":false},"excerpt":{"rendered":"Na Twitterze liczy si\u0119 ka\u017cdy retweet. Jest to jeden z najskuteczniejszych sposob\u00f3w na wzmocnienie przekazu, zyskanie widoczno\u015bci i dotarcie do nowych odbiorc\u00f3w. Je\u015bli Twoje tre\u015bci s\u0105 dobre, ale nie s\u0105 eksponowane tak, jak na to zas\u0142uguj\u0105, kupowanie retweet\u00f3w na Twitterze mo\u017ce pom\u00f3c Ci wyj\u015b\u0107 z cyfrowej anonimowo\u015bci i zaj\u0105\u0107 silniejsz\u0105 pozycj\u0119 w rozmowie. A...","protected":false},"featured_media":318,"comment_status":"open","ping_status":"closed","template":"","meta":{"_acf_changed":false},"product_brand":[],"product_cat":[19],"product_tag":[],"class_list":{"0":"post-922","1":"product","2":"type-product","3":"status-publish","4":"has-post-thumbnail","6":"product_cat-twitter","7":"wcpa_has_options","9":"first","10":"instock","11":"sale","12":"shipping-taxable","13":"purchasable","14":"product-type-variable","15":"has-default-attributes"},"acf":[],"wcpa_form_fields":{"wcpaData":{"product":{"product_price":3.99,"price_html":"","original_product_price":3.99,"price_including_tax":3.99,"price_excluding_tax":3.99,"product_id":{"parent":922,"variation":false},"is_variable":true,"stock_status":"instock","stock_quantity":null,"parent_sku":"","product_attributes":{"cantidad":{"is_variation":true,"values":[]}},"custom_fields":[],"is_taxable":false,"product_name":"Comprar Retweets Twitter","hasImage":false},"fields":{"sec_767faa7afa4149":{"extra":{"key":"sec_767faa7afa4149","section_id":"sec_767faa7afa4149","name":"Por defecto","status":1,"toggle":true,"form_id":1070,"form_rules":{"exclude_from_discount":false,"fee_label":"Extra's","disp_hide_options_price":false,"disp_show_section_price":false,"disp_show_field_price":false,"layout_option":"standard","pric_use_as_fee":false,"process_fee_as":"woo_fee"},"layout_option":"standard"},"fields":[[{"active":true,"col":5,"relations":false,"cl_rule":"show","enableCl":false,"price":"","enablePrice":false,"className":"","type":"text","subtype":"text","required":true,"elementId":"text_367faa7afa4162","label":"Enlace de la Publicaci\u00f3n de Twitter","name":"text_367faa7afa4162","value":"","error":false,"placeholder":"Ejemplo: https:\/\/x.com\/NASA\/status\/1911109060553847169","enableDesign":false,"LabelSize":"16px","gt_translate_keys":["label","placeholder","value"],"price_dependency":false,"cl_dependency":false}]]}},"config":{"price_override":"","enable_recaptcha":false,"bind_quantity":false,"quantity_bind_formula":false,"disp_summ_show_option_price":false,"disp_summ_show_product_price":false,"disp_summ_show_total_price":false,"disp_summ_show_fee":false,"disp_summ_show_discount":false,"summary_title":"","options_total_label":"Extra's","total_label":"Totaal","options_product_label":"Product","fee_label":"Extra's","discount_label":"Korting","has_price":true,"has_quantity_formula":false},"mc_unit":1,"tax_rate":1,"tax_rate_real":1,"discount":{"percentage":0,"fixed":0},"design":{"conf":{"LabelPosition":"above","DescPosition":"above","UploadField":"custom_1","QuantityFieldStyle":"default"},"css":{"LeftLabelWidth":"120px"}},"formulas":[],"clones":false,"cartKey":false}},"_links":{"self":[{"href":"https:\/\/doymedia.com\/pl\/wp-json\/wp\/v2\/product\/922","targetHints":{"allow":["GET"]}}],"collection":[{"href":"https:\/\/doymedia.com\/pl\/wp-json\/wp\/v2\/product"}],"about":[{"href":"https:\/\/doymedia.com\/pl\/wp-json\/wp\/v2\/types\/product"}],"replies":[{"embeddable":true,"href":"https:\/\/doymedia.com\/pl\/wp-json\/wp\/v2\/comments?post=922"}],"wp:featuredmedia":[{"embeddable":true,"href":"https:\/\/doymedia.com\/pl\/wp-json\/wp\/v2\/media\/318"}],"wp:attachment":[{"href":"https:\/\/doymedia.com\/pl\/wp-json\/wp\/v2\/media?parent=922"}],"wp:term":[{"taxonomy":"product_brand","embeddable":true,"href":"https:\/\/doymedia.com\/pl\/wp-json\/wp\/v2\/product_brand?post=922"},{"taxonomy":"product_cat","embeddable":true,"href":"https:\/\/doymedia.com\/pl\/wp-json\/wp\/v2\/product_cat?post=922"},{"taxonomy":"product_tag","embeddable":true,"href":"https:\/\/doymedia.com\/pl\/wp-json\/wp\/v2\/product_tag?post=922"}],"curies":[{"name":"wp","href":"https:\/\/api.w.org\/{rel}","templated":true}]}}