{"id":93,"date":"2025-03-27T01:32:40","date_gmt":"2025-03-27T00:32:40","guid":{"rendered":"https:\/\/v2.doymedia.com\/?post_type=product&#038;p=93"},"modified":"2025-07-16T21:42:25","modified_gmt":"2025-07-16T19:42:25","slug":"kup-wyswietlenia-na-youtube","status":"publish","type":"product","link":"https:\/\/doymedia.com\/pl\/comprar-views-youtube\/","title":{"rendered":"Kup widoki na Youtube"},"content":{"rendered":"<section class=\"l-section wpb_row height_medium\"><div class=\"l-section-h i-cf\"><div class=\"g-cols vc_row via_flex valign_top type_default stacking_default\"><div class=\"vc_col-sm-12 wpb_column vc_column_container\"><div class=\"vc_column-inner\"><div class=\"wpb_wrapper\"><div class=\"wpb_text_column\"><div class=\"wpb_wrapper\"><p class=\"translation-block\">W YouTube liczy si\u0119 pierwsze wra\u017cenie. Wideo z tysi\u0105cami wy\u015bwietle\u0144 przyci\u0105ga uwag\u0119, buduje zaufanie i przyci\u0105ga wi\u0119cej klikni\u0119\u0107. Je\u015bli tworzysz warto\u015bciowe tre\u015bci, ale nie uzyskujesz oczekiwanego zasi\u0119gu, <strong>kupowanie wy\u015bwietle\u0144 w YouTube<\/strong> mo\u017ce pom\u00f3c Ci poprawi\u0107 ranking, zwi\u0119kszy\u0107 widoczno\u015b\u0107 i zyska\u0107 znaczenie na najwi\u0119kszej platformie wideo online.<\/p>\n<p class=\"translation-block\"><strong>Kupuj\u0105c wy\u015bwietlenia w YouTube, <\/strong> robisz pierwszy krok w strategicznym zwi\u0119kszaniu popularno\u015bci swojego kana\u0142u. Filmy z du\u017c\u0105 liczb\u0105 wy\u015bwietle\u0144 zwykle pojawiaj\u0105 si\u0119 w rekomendacjach algorytmu, zyskuj\u0105 autorytet i lepiej zatrzymuj\u0105 widz\u00f3w. Ten pocz\u0105tkowy impuls mo\u017ce stanowi\u0107 r\u00f3\u017cnic\u0119 mi\u0119dzy filmem, kt\u00f3ry popada w stagnacj\u0119, a takim, kt\u00f3ry staje si\u0119 wirusowy.<\/p>\n<h2>Dlaczego warto kupowa\u0107 wy\u015bwietlenia na YouTube?<\/h2>\n<p class=\"translation-block\">Publikowanie wysokiej jako\u015bci tre\u015bci ju\u017c nie wystarcza. Algorytm YouTube faworyzuje filmy, kt\u00f3re s\u0105 aktywne od samego pocz\u0105tku. Poprzez <strong>kupowanie wy\u015bwietle\u0144 w YouTube <\/strong> zwi\u0119kszasz szanse na pojawienie si\u0119 Twojego filmu w rankingu nowych u\u017cytkownik\u00f3w, w sekcji \"trendy\", a nawet w powi\u0105zanych wyszukiwaniach.<\/p>\n<p>Ponadto, gdy u\u017cytkownicy widz\u0105 wideo z wieloma wy\u015bwietleniami, automatycznie postrzegaj\u0105 je jako bardziej warto\u015bciowe lub istotne. Ten dow\u00f3d spo\u0142eczny bezpo\u015brednio wp\u0142ywa na decyzj\u0119 o odtworzeniu tre\u015bci, zasubskrybowaniu kana\u0142u lub udost\u0119pnieniu go. Wi\u0119cej wy\u015bwietle\u0144 = wi\u0119ksza wiarygodno\u015b\u0107.<\/p>\n<h3>Zalety kupowania wy\u015bwietle\u0144 w YouTube<\/h3>\n<ul>\n<li>Zwi\u0119kszona widoczno\u015b\u0107 od pierwszych minut<\/li>\n<li>Ulepszone rankingi wyszukiwania i rekomendacje<\/li>\n<li>Zdob\u0105d\u017a autorytet przed swoimi odbiorcami.<\/li>\n<li>Zwi\u0119ksza wsp\u00f3\u0142czynnik klikalno\u015bci i retencj\u0119 widz\u00f3w.<\/li>\n<li>Progresywna, bezpieczna i pewna dostawa na Twoje konto<\/li>\n<\/ul>\n<p>The <strong>kupowanie wy\u015bwietle\u0144 na YouTube<\/strong> jest kluczowym narz\u0119dziem do rozwoju w coraz bardziej konkurencyjnym \u015brodowisku. Jest to idealne rozwi\u0105zanie dla nowych tw\u00f3rc\u00f3w, kana\u0142\u00f3w firmowych, marek osobistych lub ka\u017cdego u\u017cytkownika, kt\u00f3ry chce zapewni\u0107 prawdziw\u0105 widoczno\u015b\u0107 swoich tre\u015bci.<\/p>\n<h2>Czy kupowanie wy\u015bwietle\u0144 na YouTube jest bezpieczne?<\/h2>\n<p>Tak, nie musisz udost\u0119pnia\u0107 has\u0142a ani dost\u0119pu do swojego kana\u0142u. Prosimy tylko o link do filmu, kt\u00f3ry chcesz wzmocni\u0107. Nasza platforma wykorzystuje niezawodne systemy, aby zapewni\u0107 naturalny wzrost, z progresywnym dostarczaniem, kt\u00f3re symuluje zachowanie organiczne.<\/p>\n<p class=\"translation-block\">Ponadto pracujemy w oparciu o bezpieczne zasady i stabilne serwery, kt\u00f3re pozwalaj\u0105 nam dostarcza\u0107 wy\u015bwietlenia bez wp\u0142ywu na reputacj\u0119 Twojego kana\u0142u. <strong>Kupowanie wy\u015bwietle\u0144 na YouTube<\/strong> z nami jest synonimem prywatno\u015bci, szybko\u015bci i widocznych rezultat\u00f3w.<\/p>\n<h3>Jak to dzia\u0142a?<\/h3>\n<p>Proces jest bardzo prosty: wybierz pakiet wy\u015bwietle\u0144, kt\u00f3ry najlepiej odpowiada Twojemu celowi, podaj link do filmu i sfinalizuj zam\u00f3wienie. Nasz system zadba o stopniow\u0105 dystrybucj\u0119 wy\u015bwietle\u0144, aby utrzyma\u0107 naturalny i bezpieczny wzorzec wzrostu.<\/p>\n<p>W mgnieniu oka zobaczysz, jak Twoje wideo zaczyna otrzymywa\u0107 wy\u015bwietlenia, a Ty mo\u017cesz skupi\u0107 swoje wysi\u0142ki na dalszym tworzeniu tre\u015bci, podczas gdy my pomo\u017cemy Ci zwi\u0119kszy\u0107 zasi\u0119g. Ponadto, je\u015bli masz jakiekolwiek pytania, nasz zesp\u00f3\u0142 wsparcia jest zawsze dost\u0119pny, aby Ci pom\u00f3c.<\/p>\n<h2>Kto powinien kupowa\u0107 wy\u015bwietlenia na YouTube?<\/h2>\n<p class=\"translation-block\">Ta us\u0142uga jest przeznaczona dla wszystkich typ\u00f3w tw\u00f3rc\u00f3w i profili. Niezale\u017cnie od tego, czy jeste\u015b influencerem, mark\u0105, firm\u0105 czy niezale\u017cnym tw\u00f3rc\u0105, <strong>kupowanie wy\u015bwietle\u0144 w YouTube<\/strong> mo\u017ce by\u0107 impulsem, kt\u00f3rego potrzebujesz, aby naprawd\u0119 zacz\u0105\u0107 si\u0119 rozwija\u0107.<\/p>\n<ul>\n<li>Tw\u00f3rcy, kt\u00f3rzy chc\u0105 naciska\u0107 na nowe wideo<\/li>\n<li>Marki rozpoczynaj\u0105ce kampanie lub produkty<\/li>\n<li>Firmy publikuj\u0105ce tre\u015bci informacyjne lub komercyjne<\/li>\n<li>\ud83d\udcc8 Nowe kana\u0142y wymagaj\u0105ce pocz\u0105tkowej trakcji<\/li>\n<li>Eksperci szukaj\u0105cy pozycji w swojej niszy<\/li>\n<\/ul>\n<h2>Rozwijaj sw\u00f3j kana\u0142 ju\u017c dzi\u015b<\/h2>\n<p class=\"translation-block\">Tysi\u0105ce u\u017cytkownik\u00f3w zaufa\u0142o ju\u017c tej us\u0142udze, aby poprawi\u0107 wydajno\u015b\u0107 swoich film\u00f3w. Je\u015bli chcesz r\u00f3wnie\u017c zyska\u0107 widoczno\u015b\u0107, zwi\u0119kszy\u0107 interakcj\u0119 i sprawi\u0107, by Twoje tre\u015bci dotar\u0142y dalej, <strong>kup odtworzenia w YouTube<\/strong> to najlepsza opcja.<\/p>\n<p class=\"translation-block\">Je\u015bli chcesz jeszcze bardziej zwi\u0119kszy\u0107 wydajno\u015b\u0107 swojego kana\u0142u, mo\u017cesz r\u00f3wnie\u017c <strong><a href=\"https:\/\/doymedia.com\/pl\/kup-subskrybentow-youtube\/\" target=\"_self\">kupi\u0107 subskrybent\u00f3w YouTube<\/a><\/strong>, aby zwi\u0119kszy\u0107 swoj\u0105 spo\u0142eczno\u015b\u0107 lub <strong><a href=\"https:\/\/doymedia.com\/pl\/kup-polubienia-na-youtube\/\" target=\"_self\">kupi\u0107 polubienia YouTube<\/a><\/strong> i wzmocni\u0107 interakcj\u0119 na swoich filmach. Po\u0142\u0105czenie wy\u015bwietle\u0144 z polubieniami i subskrybentami pomo\u017ce Ci uzyska\u0107 lepsz\u0105 pozycj\u0119 w algorytmie i wzmocni\u0107 wizerunek w\u015br\u00f3d odbiorc\u00f3w.<\/p>\n<p>Nie pozw\u00f3l, aby Twoje tre\u015bci pozosta\u0142y niezauwa\u017cone. Zacznij ju\u017c dzi\u015b, wybierz pakiet i przenie\u015b swoje filmy na wy\u017cszy poziom dzi\u0119ki strategii, kt\u00f3ra dzia\u0142a.<\/p>\n<\/div><\/div><\/div><\/div><\/div><\/div><\/div><\/section>","protected":false},"excerpt":{"rendered":"W YouTube liczy si\u0119 pierwsze wra\u017cenie. Wideo z tysi\u0105cami wy\u015bwietle\u0144 przyci\u0105ga uwag\u0119, buduje zaufanie i przyci\u0105ga wi\u0119cej klikni\u0119\u0107. Je\u015bli tworzysz warto\u015bciowe tre\u015bci, ale nie uzyskujesz oczekiwanego zasi\u0119gu, kupowanie wy\u015bwietle\u0144 w YouTube mo\u017ce pom\u00f3c Ci poprawi\u0107 ranking, zwi\u0119kszy\u0107 widoczno\u015b\u0107 i zyska\u0107 znaczenie na najwi\u0119kszej platformie...","protected":false},"featured_media":243,"comment_status":"open","ping_status":"closed","template":"","meta":{"_acf_changed":false},"product_brand":[],"product_cat":[21],"product_tag":[],"class_list":{"0":"post-93","1":"product","2":"type-product","3":"status-publish","4":"has-post-thumbnail","6":"product_cat-youtube","7":"wcpa_has_options","9":"first","10":"instock","11":"sale","12":"featured","13":"shipping-taxable","14":"purchasable","15":"product-type-variable","16":"has-default-attributes"},"acf":[],"wcpa_form_fields":{"wcpaData":{"product":{"product_price":4.99,"price_html":"","original_product_price":4.99,"price_including_tax":4.99,"price_excluding_tax":4.99,"product_id":{"parent":93,"variation":false},"is_variable":true,"stock_status":"instock","stock_quantity":null,"parent_sku":"","product_attributes":{"cantidad":{"is_variation":true,"values":[]}},"custom_fields":[],"is_taxable":false,"product_name":"Comprar Views Youtube","hasImage":false},"fields":{"sec_867fa91c83b955":{"extra":{"key":"sec_867fa91c83b955","section_id":"sec_867fa91c83b955","name":"Por defecto","status":1,"toggle":true,"form_id":1050,"form_rules":{"exclude_from_discount":false,"fee_label":"Extras","disp_hide_options_price":false,"disp_show_section_price":false,"disp_show_field_price":false,"layout_option":"standard","pric_use_as_fee":false,"process_fee_as":"woo_fee"},"layout_option":"standard"},"fields":[[{"active":true,"col":4,"relations":false,"cl_rule":"show","enableCl":false,"price":"","enablePrice":true,"className":"","label_position":"default","desc_position":"default","type":"select","required":true,"elementId":"select_6182222893","label":"Origen de los Views","name":"select_6182222893","values":[{"label":"\ud83c\udf0d Views Mundiales","value":"visitas mundiales","selected":false,"tempId":"aco_3935","price":"0","gt_translate_keys":["label"]},{"label":"\ud83c\udf0d Views Mundiales de Alta Retenci\u00f3n","value":"visitas mundiales alta retenci\u00f3n","selected":false,"tempId":"aco_5036","price":"100","gt_translate_keys":["label"]},{"label":"\ud83d\udde3\ufe0f Hispano-Hablantes","value":"hispano-hablantes","selected":false,"tempId":"aco_4090","price":"100","gt_translate_keys":["label"]},{"label":"\ud83c\uddea\ud83c\uddf8 Espa\u00f1a","value":"espa\u00f1a","selected":false,"tempId":"aco_3934","price":"100","gt_translate_keys":["label"]},{"label":"\ud83c\uddee\ud83c\uddf9 Italia","value":"italia","selected":false,"tempId":"aco_10568","price":"100","gt_translate_keys":["label"]},{"label":"\ud83c\uddeb\ud83c\uddf7 Francia","value":"francia","selected":false,"tempId":"aco_10803","price":"100","gt_translate_keys":["label"]},{"label":"\ud83c\udde6\ud83c\uddea Emiratos \u00c1rabes","value":"Emiratos-Arabes","selected":false,"tempId":"aco_959","price":"100","gt_translate_keys":["label"]},{"label":"\ud83c\uddfa\ud83c\uddf8 USA desde Ads","value":"USA-ads","selected":false,"tempId":"aco_11128","price":"200","gt_translate_keys":["label"]},{"label":"\ud83c\uddec\ud83c\udde7 UK desde Ads","value":"reino unido","selected":false,"tempId":"aco_1527","price":"200","gt_translate_keys":["label"]},{"label":"\ud83c\uddf5\ud83c\uddf9 Portugal","value":"portugal","selected":false,"tempId":"aco_12385","price":"100","gt_translate_keys":["label"]},{"label":"\ud83c\udde9\ud83c\uddea Alemania","value":"Alemania","selected":false,"tempId":"aco_172","price":"100","gt_translate_keys":["label"]},{"label":"\ud83c\uddf3\ud83c\uddf1 Holanda","value":"holanda","selected":false,"tempId":"aco_11480","price":"100","gt_translate_keys":["label"]},{"label":"\ud83c\uddf8\ud83c\uddea Suecia","value":"Suecia","selected":false,"tempId":"aco_480","price":"100","gt_translate_keys":["label"]},{"label":"\ud83c\uddf7\ud83c\uddf4 Ruman\u00eda","value":"rumania","selected":false,"tempId":"aco_11733","price":"100","gt_translate_keys":["label"]},{"label":"\ud83c\uddf7\ud83c\uddf8 Serbia","value":"Serbia","selected":false,"tempId":"aco_715","price":"100","gt_translate_keys":["label"]},{"label":"\ud83c\udde6\ud83c\uddf7 Argentina","value":"argentina","selected":false,"tempId":"aco_3936","price":"100","gt_translate_keys":["label"]},{"label":"\ud83c\udde8\ud83c\uddf4 Colombia","value":"colombia","selected":false,"tempId":"aco_5730","price":"100","gt_translate_keys":["label"]},{"label":"\ud83c\udde8\ud83c\uddf1 Chile","value":"chile","selected":false,"tempId":"aco_6082","price":"100","gt_translate_keys":["label"]},{"label":"\ud83c\udde8\ud83c\uddf7 Costa Rica","value":"costa rica","selected":false,"tempId":"aco_6218","price":"100","gt_translate_keys":["label"]},{"label":"\ud83c\uddf8\ud83c\uddfb El Salvador","value":"el salvador","selected":false,"tempId":"aco_6579","price":"100","gt_translate_keys":["label"]},{"label":"\ud83c\uddea\ud83c\udde8 Ecuador","value":"ecuador","selected":false,"tempId":"aco_6922","price":"100","gt_translate_keys":["label"]},{"label":"\ud83c\uddfb\ud83c\uddea Venezuela","value":"venezuela","selected":false,"tempId":"aco_7283","price":"100","gt_translate_keys":["label"]},{"label":"\ud83c\uddec\ud83c\uddf9 Gautemala","value":"guatemala","selected":false,"tempId":"aco_7590","price":"100","gt_translate_keys":["label"]},{"label":"\ud83c\udde9\ud83c\uddf4 Rep\u00fablica Dominicana","value":"Rep\u00fablica Dominicana","selected":false,"tempId":"aco_7879","price":"100","gt_translate_keys":["label"]},{"label":"\ud83c\uddf5\ud83c\udde6 Panam\u00e1","value":"Panama","selected":false,"tempId":"aco_8636","price":"100","gt_translate_keys":["label"]},{"label":"\ud83c\uddf5\ud83c\uddfe Paraguay","value":"Paraguay","selected":false,"tempId":"aco_8934","price":"100","gt_translate_keys":["label"]},{"label":"\ud83c\uddf5\ud83c\uddea Per\u00fa","value":"Peru","selected":false,"tempId":"aco_9223","price":"100","gt_translate_keys":["label"]},{"label":"\ud83c\uddf5\ud83c\uddf7 Puerto Rico","value":"puerto rico","selected":false,"tempId":"aco_9575","price":"100","gt_translate_keys":["label"]},{"label":"\ud83c\uddf3\ud83c\uddee Nicaragua","value":"nicaragua","selected":false,"tempId":"aco_9954","price":"100","gt_translate_keys":["label"]},{"label":"\ud83c\uddfa\ud83c\uddfe Uruguay","value":"uruguay","selected":false,"tempId":"aco_10243","price":"100","gt_translate_keys":["label"]}],"dropdown_type":"basic","error":false,"placeholder":"Seleccionar Origen de los Views","priceOptions":"different_for_all","pricingType":"percentage","option_price_format":"(+{price})","gt_translate_keys":["label","placeholder"],"price_dependency":false,"cl_dependency":false,"value":""}],[{"active":true,"col":4,"relations":false,"cl_rule":"show","enableCl":false,"price":"","enablePrice":false,"className":"","type":"text","subtype":"text","required":true,"elementId":"text_867fa91c83b970","label":"Enlace al V\u00eddeo","name":"text_867fa91c83b970","value":"","error":false,"placeholder":"Ejemplo: https:\/\/www.youtube.com\/watch?v=aDF_ESN80r8","enableDesign":false,"LabelSize":"16px","gt_translate_keys":["label","placeholder","value"],"price_dependency":false,"cl_dependency":false}],[{"active":true,"col":4,"relations":false,"cl_rule":"show","enableCl":false,"price":"","enablePrice":true,"className":"","label_position":"default","desc_position":"default","type":"select","required":false,"elementId":"select_867fa91c83b97d","label":"A\u00f1adir Seguidores con Descuento","name":"select_867fa91c83b97d","values":[{"label":"100 Seguidores","value":"100","selected":false,"tempId":"aco_46","price":"5,89","gt_translate_keys":["label"]},{"label":"500 Seguidores","value":"500","selected":false,"tempId":"aco_1337","price":"19,49","gt_translate_keys":["label"]},{"label":"1.000 Seguidores","value":"1000","selected":false,"tempId":"aco_910","price":"38,29","gt_translate_keys":["label"]},{"label":"2.000 Seguidores","value":"2000","selected":false,"tempId":"aco_911","price":"76,49","gt_translate_keys":["label"]},{"label":"5.000 Seguidores","value":"5000","selected":false,"tempId":"aco_912","price":"174,29","gt_translate_keys":["label"]}],"dropdown_type":"basic","error":false,"placeholder":"Ninguno","priceOptions":"different_for_all","pricingType":"fixed","use_as_fee":false,"enableDesign":false,"LabelSize":"16px","tooltip":"Los seguidores ser\u00e1n entregados al mismo perfil del v\u00eddeo.","gt_translate_keys":["label","placeholder","tooltip"],"price_dependency":false,"cl_dependency":false,"value":""}],[{"label":"A\u00f1adir Likes con Descuento","active":true,"required":false,"elementId":"select_367fa91c83b987","dropdown_type":"basic","placeholder":"Ninguno","name":"select_367fa91c83b987","label_position":"default","desc_position":"default","enablePrice":true,"className":"","enableCl":false,"relations":false,"enableDesign":false,"LabelSize":"16px","values":[{"label":"100 Likes","value":"100","selected":false,"tempId":"aco_46","price":"2,89","gt_translate_keys":["label"]},{"label":"500 Likes","value":"500","selected":false,"tempId":"aco_1337","price":"5,79","gt_translate_keys":["label"]},{"label":"1.000 Likes","value":"1000","selected":false,"tempId":"aco_910","price":"8,69","gt_translate_keys":["label"]},{"label":"2.000 Likes","value":"2000","selected":false,"tempId":"aco_911","price":"16,49","gt_translate_keys":["label"]},{"label":"5.000 Likes","value":"5000","selected":false,"tempId":"aco_912","price":"28,29","gt_translate_keys":["label"]}],"priceOptions":"different_for_all","pricingType":"fixed","price":"","use_as_fee":false,"cl_rule":"show","col":4,"type":"select","error":false,"tooltip":"Los likes ser\u00e1n entregados a la misma publicaci\u00f3n.","gt_translate_keys":["label","placeholder","tooltip"],"price_dependency":false,"cl_dependency":false,"value":""}]]}},"config":{"price_override":"","enable_recaptcha":false,"bind_quantity":false,"quantity_bind_formula":false,"disp_summ_show_option_price":false,"disp_summ_show_product_price":false,"disp_summ_show_total_price":false,"disp_summ_show_fee":false,"disp_summ_show_discount":false,"summary_title":"","options_total_label":"Extras","total_label":"Total","options_product_label":"Producto","fee_label":"Extras","discount_label":"Descuento","has_price":true,"has_quantity_formula":false},"mc_unit":1,"tax_rate":1,"tax_rate_real":1,"discount":{"percentage":0,"fixed":0},"design":{"conf":{"LabelPosition":"above","DescPosition":"above","UploadField":"custom_1","QuantityFieldStyle":"default"},"css":{"LeftLabelWidth":"120px"}},"formulas":[],"clones":false,"cartKey":false}},"_links":{"self":[{"href":"https:\/\/doymedia.com\/pl\/wp-json\/wp\/v2\/product\/93","targetHints":{"allow":["GET"]}}],"collection":[{"href":"https:\/\/doymedia.com\/pl\/wp-json\/wp\/v2\/product"}],"about":[{"href":"https:\/\/doymedia.com\/pl\/wp-json\/wp\/v2\/types\/product"}],"replies":[{"embeddable":true,"href":"https:\/\/doymedia.com\/pl\/wp-json\/wp\/v2\/comments?post=93"}],"wp:featuredmedia":[{"embeddable":true,"href":"https:\/\/doymedia.com\/pl\/wp-json\/wp\/v2\/media\/243"}],"wp:attachment":[{"href":"https:\/\/doymedia.com\/pl\/wp-json\/wp\/v2\/media?parent=93"}],"wp:term":[{"taxonomy":"product_brand","embeddable":true,"href":"https:\/\/doymedia.com\/pl\/wp-json\/wp\/v2\/product_brand?post=93"},{"taxonomy":"product_cat","embeddable":true,"href":"https:\/\/doymedia.com\/pl\/wp-json\/wp\/v2\/product_cat?post=93"},{"taxonomy":"product_tag","embeddable":true,"href":"https:\/\/doymedia.com\/pl\/wp-json\/wp\/v2\/product_tag?post=93"}],"curies":[{"name":"wp","href":"https:\/\/api.w.org\/{rel}","templated":true}]}}