{"id":95,"date":"2025-03-27T01:32:40","date_gmt":"2025-03-27T00:32:40","guid":{"rendered":"https:\/\/v2.doymedia.com\/?post_type=product&#038;p=95"},"modified":"2025-07-16T21:42:09","modified_gmt":"2025-07-16T19:42:09","slug":"kup-subskrybentow-youtube","status":"publish","type":"product","link":"https:\/\/doymedia.com\/pl\/comprar-suscriptores-youtube\/","title":{"rendered":"Kup subskrybent\u00f3w YouTube"},"content":{"rendered":"<section class=\"l-section wpb_row height_medium\"><div class=\"l-section-h i-cf\"><div class=\"g-cols vc_row via_flex valign_top type_default stacking_default\"><div class=\"vc_col-sm-12 wpb_column vc_column_container\"><div class=\"vc_column-inner\"><div class=\"wpb_wrapper\"><div class=\"wpb_text_column\"><div class=\"wpb_wrapper\"><p class=\"translation-block\">Posiadanie wysokiej jako\u015bci tre\u015bci nie wystarczy ju\u017c do rozwoju w YouTube. Je\u015bli chcesz, aby Tw\u00f3j kana\u0142 si\u0119 wyr\u00f3\u017cnia\u0142, potrzebujesz aktywnej spo\u0142eczno\u015bci, kt\u00f3ra b\u0119dzie go wspiera\u0107. W\u0142a\u015bnie dlatego <strong>kupowanie subskrybent\u00f3w YouTube<\/strong> sta\u0142o si\u0119 skuteczn\u0105 strategi\u0105 przyspieszaj\u0105c\u0105 rozw\u00f3j ka\u017cdego kana\u0142u, niezale\u017cnie od jego wielko\u015bci i tematyki.<\/p>\n<p class=\"translation-block\">Subskrybenci s\u0105 kluczow\u0105 oznak\u0105 popularno\u015bci i trafno\u015bci. Kiedy kto\u015b wchodzi na Tw\u00f3j kana\u0142 i widzi, \u017ce masz ju\u017c solidn\u0105 baz\u0119 obserwuj\u0105cych, automatycznie zwi\u0119ksza to zaufanie i zainteresowanie Twoimi tre\u015bciami. Co wi\u0119cej, <strong>kupuj\u0105c subskrybent\u00f3w YouTube <\/strong> poprawiasz sw\u00f3j ranking na platformie, poniewa\u017c algorytm docenia r\u00f3wnie\u017c wielko\u015b\u0107 Twojej spo\u0142eczno\u015bci.<\/p>\n<h2>Dlaczego warto kupowa\u0107 subskrybent\u00f3w na YouTube?<\/h2>\n<p class=\"translation-block\">Poniewa\u017c jest to bezpo\u015bredni spos\u00f3b na zwi\u0119kszenie widoczno\u015bci Twojego kana\u0142u, przyci\u0105gni\u0119cie nowych odbiorc\u00f3w i otwarcie drzwi do mo\u017cliwo\u015bci monetyzacji i partnerstwa. Wielu u\u017cytkownik\u00f3w nie subskrybuje ma\u0142ych kana\u0142\u00f3w, poniewa\u017c zak\u0142adaj\u0105, \u017ce nie s\u0105 one istotne. Kupuj\u0105c subskrybent\u00f3w YouTube, tworzysz silniejszy, bardziej profesjonalny i wiarygodny wizerunek.<\/p>\n<p>Ponadto, zwi\u0119kszaj\u0105c liczb\u0119 subskrybent\u00f3w, poprawiasz r\u00f3wnie\u017c swoje og\u00f3lne wska\u017aniki. Ma to pozytywny wp\u0142yw na algorytm, co przek\u0142ada si\u0119 na wi\u0119kszy zasi\u0119g, wi\u0119cej rekomendacji i wi\u0119cej wy\u015bwietle\u0144 Twoich film\u00f3w.<\/p>\n<h3>Zalety kupowania subskrybent\u00f3w YouTube<\/h3>\n<ul>\n<li>Szybki i widoczny wzrost tuszy<\/li>\n<li>Zwi\u0119ksz swoj\u0105 wiarygodno\u015b\u0107 i autorytet w oczach opinii publicznej.<\/li>\n<li>\ud83d\ude80 Zwi\u0119ksz swoje mo\u017cliwo\u015bci monetyzacji<\/li>\n<li>Zwi\u0119kszanie zaanga\u017cowania i ruchu organicznego<\/li>\n<li>Bezpieczna us\u0142uga, bez proszenia o has\u0142a lub loginy.<\/li>\n<\/ul>\n<p class=\"translation-block\">Ta us\u0142uga jest przeznaczona dla wszystkich rodzaj\u00f3w kana\u0142\u00f3w: niezale\u017cnych tw\u00f3rc\u00f3w, marek osobistych, firm, muzyk\u00f3w, nauczycieli lub influencer\u00f3w. Je\u015bli chcesz przej\u015b\u0107 na wy\u017cszy poziom, <strong>kup subskrybent\u00f3w YouTube<\/strong> mo\u017ce pom\u00f3c Ci przyspieszy\u0107 ten proces.<\/p>\n<h2>Czy kupowanie subskrybent\u00f3w YouTube jest bezpieczne?<\/h2>\n<p>Tak, jak najbardziej. Nasza platforma dzia\u0142a w oparciu o bezpieczne systemy i progresywne metody dostarczania, kt\u00f3re gwarantuj\u0105 naturalny wzrost. Nie prosimy o Twoje has\u0142o ani dost\u0119p do Twojego kana\u0142u. Potrzebujemy tylko linku do kana\u0142u, do kt\u00f3rego chcesz wys\u0142a\u0107 subskrybent\u00f3w.<\/p>\n<p class=\"translation-block\">Ponadto ka\u017cde zam\u00f3wienie jest monitorowane przez nasz zesp\u00f3\u0142, aby upewni\u0107 si\u0119, \u017ce zostanie dostarczone prawid\u0142owo i na czas. Wiemy, jak wa\u017cne jest dbanie o twoj\u0105 cyfrow\u0105 reputacj\u0119, dlatego <strong>kupowanie subskrybent\u00f3w YouTube<\/strong> z nami jest bezpiecznym, wydajnym i profesjonalnym do\u015bwiadczeniem.<\/p>\n<h3>Jak to dzia\u0142a?<\/h3>\n<p>Proces jest szybki i \u0142atwy. Po prostu wybierz pakiet subskrypcji, kt\u00f3ry najlepiej odpowiada Twoim potrzebom, wprowad\u017a link do swojego kana\u0142u i sfinalizuj zam\u00f3wienie. My zajmiemy si\u0119 reszt\u0105, dostarczaj\u0105c subskrybent\u00f3w stopniowo, aby utrzyma\u0107 naturalne tempo wzrostu.<\/p>\n<p class=\"translation-block\">Ponadto, je\u015bli chcesz poprawi\u0107 inne wska\u017aniki swojego kana\u0142u, mo\u017cesz po\u0142\u0105czy\u0107 t\u0119 us\u0142ug\u0119 z <a href=\"https:\/\/doymedia.com\/pl\/kup-wyswietlenia-na-youtube\/\" target=\"_self\"><strong>kupowaniem wy\u015bwietle\u0144 na YouTube<\/strong><\/a> lub <a href=\"https:\/\/doymedia.com\/pl\/kup-polubienia-na-youtube\/\" target=\"_self\"><strong>kupowaniem polubie\u0144 na YouTube.<\/strong><\/a> W ten spos\u00f3b Tw\u00f3j kana\u0142 b\u0119dzie rozwija\u0142 si\u0119 w zr\u00f3wnowa\u017cony spos\u00f3b i z wi\u0119kszym wp\u0142ywem.<\/p>\n<h2>Kto powinien kupowa\u0107 subskrybent\u00f3w YouTube?<\/h2>\n<p class=\"translation-block\">Ka\u017cdy, kto chce wyr\u00f3\u017cni\u0107 si\u0119 na YouTube, mo\u017ce skorzysta\u0107 z tej us\u0142ugi. Niezale\u017cnie od tego, czy dopiero uruchamiasz sw\u00f3j kana\u0142, czy masz ju\u017c do\u015bwiadczenie, <strong>kupowanie subskrybent\u00f3w YouTube<\/strong> jest skutecznym sposobem na wzmocnienie spo\u0142eczno\u015bci i przyspieszenie procesu rozwoju.<\/p>\n<ul>\n<li>Tw\u00f3rcy tre\u015bci, kt\u00f3rzy chc\u0105 szybciej si\u0119 rozwija\u0107<\/li>\n<li>\ud83d\udcc8 Firmy i marki poszukuj\u0105ce pozycjonowania<\/li>\n<li>Muzycy, arty\u015bci i producenci, kt\u00f3rzy chc\u0105 by\u0107 bardziej widoczni.<\/li>\n<li>Edukatorzy lub kana\u0142y informacyjne potrzebuj\u0105ce wi\u0119kszego autorytetu<\/li>\n<li>Influencerzy i aspiruj\u0105cy influencerzy, kt\u00f3rzy chc\u0105 zarabia\u0107 na swoich kana\u0142ach.<\/li>\n<\/ul>\n<h2>Zacznij rosn\u0105\u0107 w si\u0142\u0119 ju\u017c dzi\u015b<\/h2>\n<p class=\"translation-block\">Tysi\u0105ce tw\u00f3rc\u00f3w polega\u0142o ju\u017c na tej us\u0142udze, aby przenie\u015b\u0107 swoje kana\u0142y na wy\u017cszy poziom. Je\u015bli i Ty chcesz przyci\u0105gn\u0105\u0107 wi\u0119cej widz\u00f3w, stworzy\u0107 silny wizerunek i osi\u0105gn\u0105\u0107 lepsze wyniki, <strong>zakup subskrybent\u00f3w YouTube<\/strong> jest w\u0142a\u015bciw\u0105 decyzj\u0105.<\/p>\n<p>Wybierz pakiet, powiedz nam o swoim kanale i pozw\u00f3l nam pom\u00f3c Ci zbudowa\u0107 spo\u0142eczno\u015b\u0107, na jak\u0105 zas\u0142uguj\u0105 Twoje tre\u015bci.<\/p>\n<\/div><\/div><\/div><\/div><\/div><\/div><\/div><\/section>","protected":false},"excerpt":{"rendered":"Posiadanie wysokiej jako\u015bci tre\u015bci nie wystarczy ju\u017c do rozwoju w YouTube. Je\u015bli chcesz, aby Tw\u00f3j kana\u0142 si\u0119 wyr\u00f3\u017cnia\u0142, potrzebujesz aktywnej spo\u0142eczno\u015bci, kt\u00f3ra b\u0119dzie go wspiera\u0107. Dlatego kupowanie subskrybent\u00f3w YouTube sta\u0142o si\u0119 skuteczn\u0105 strategi\u0105 przyspieszenia rozwoju dowolnego kana\u0142u, niezale\u017cnie od jego wielko\u015bci i tematyki. Subskrybenci s\u0105 znakiem...","protected":false},"featured_media":243,"comment_status":"open","ping_status":"closed","template":"","meta":{"_acf_changed":false},"product_brand":[],"product_cat":[21],"product_tag":[],"class_list":{"0":"post-95","1":"product","2":"type-product","3":"status-publish","4":"has-post-thumbnail","6":"product_cat-youtube","7":"wcpa_has_options","9":"first","10":"instock","11":"sale","12":"featured","13":"shipping-taxable","14":"purchasable","15":"product-type-variable","16":"has-default-attributes"},"acf":[],"wcpa_form_fields":{"wcpaData":{"product":{"product_price":5.99,"price_html":"","original_product_price":5.99,"price_including_tax":5.99,"price_excluding_tax":5.99,"product_id":{"parent":95,"variation":false},"is_variable":true,"stock_status":"instock","stock_quantity":null,"parent_sku":"","product_attributes":{"cantidad":{"is_variation":true,"values":[]}},"custom_fields":[],"is_taxable":false,"product_name":"Comprar Suscriptores Youtube","hasImage":false},"fields":{"sec_867fa9f3c4bb91":{"extra":{"key":"sec_867fa9f3c4bb91","section_id":"sec_867fa9f3c4bb91","name":"Por defecto","status":1,"toggle":true,"form_id":1055,"form_rules":{"exclude_from_discount":false,"fee_label":"Extras","disp_hide_options_price":false,"disp_show_section_price":false,"disp_show_field_price":false,"layout_option":"standard","pric_use_as_fee":false,"process_fee_as":"woo_fee"},"layout_option":"standard"},"fields":[[{"active":true,"col":5,"relations":false,"cl_rule":"show","enableCl":false,"price":"","enablePrice":false,"className":"","type":"text","subtype":"text","required":true,"elementId":"text_767fa9f3c4bbb8","label":"Enlace al Canal","name":"text_767fa9f3c4bbb8","value":"","error":false,"placeholder":"Ejemplo: https:\/\/www.youtube.com\/@mrbeast","enableDesign":false,"LabelSize":"16px","gt_translate_keys":["label","placeholder","value"],"price_dependency":false,"cl_dependency":false}]]}},"config":{"price_override":"","enable_recaptcha":false,"bind_quantity":false,"quantity_bind_formula":false,"disp_summ_show_option_price":false,"disp_summ_show_product_price":false,"disp_summ_show_total_price":false,"disp_summ_show_fee":false,"disp_summ_show_discount":false,"summary_title":"","options_total_label":"Extras","total_label":"Total","options_product_label":"Produto","fee_label":"Extras","discount_label":"Desconto","has_price":true,"has_quantity_formula":false},"mc_unit":1,"tax_rate":1,"tax_rate_real":1,"discount":{"percentage":0,"fixed":0},"design":{"conf":{"LabelPosition":"above","DescPosition":"above","UploadField":"custom_1","QuantityFieldStyle":"default"},"css":{"LeftLabelWidth":"120px"}},"formulas":[],"clones":false,"cartKey":false}},"_links":{"self":[{"href":"https:\/\/doymedia.com\/pl\/wp-json\/wp\/v2\/product\/95","targetHints":{"allow":["GET"]}}],"collection":[{"href":"https:\/\/doymedia.com\/pl\/wp-json\/wp\/v2\/product"}],"about":[{"href":"https:\/\/doymedia.com\/pl\/wp-json\/wp\/v2\/types\/product"}],"replies":[{"embeddable":true,"href":"https:\/\/doymedia.com\/pl\/wp-json\/wp\/v2\/comments?post=95"}],"wp:featuredmedia":[{"embeddable":true,"href":"https:\/\/doymedia.com\/pl\/wp-json\/wp\/v2\/media\/243"}],"wp:attachment":[{"href":"https:\/\/doymedia.com\/pl\/wp-json\/wp\/v2\/media?parent=95"}],"wp:term":[{"taxonomy":"product_brand","embeddable":true,"href":"https:\/\/doymedia.com\/pl\/wp-json\/wp\/v2\/product_brand?post=95"},{"taxonomy":"product_cat","embeddable":true,"href":"https:\/\/doymedia.com\/pl\/wp-json\/wp\/v2\/product_cat?post=95"},{"taxonomy":"product_tag","embeddable":true,"href":"https:\/\/doymedia.com\/pl\/wp-json\/wp\/v2\/product_tag?post=95"}],"curies":[{"name":"wp","href":"https:\/\/api.w.org\/{rel}","templated":true}]}}