{"id":96,"date":"2025-03-27T01:32:40","date_gmt":"2025-03-27T00:32:40","guid":{"rendered":"https:\/\/v2.doymedia.com\/?post_type=product&#038;p=96"},"modified":"2025-07-16T21:41:59","modified_gmt":"2025-07-16T19:41:59","slug":"kup-oceny-na-facebooku","status":"publish","type":"product","link":"https:\/\/doymedia.com\/pl\/comprar-valoraciones-facebook\/","title":{"rendered":"Kup oceny Facebooka"},"content":{"rendered":"<section class=\"l-section wpb_row height_medium\"><div class=\"l-section-h i-cf\"><div class=\"g-cols vc_row via_flex valign_top type_default stacking_default\"><div class=\"vc_col-sm-12 wpb_column vc_column_container\"><div class=\"vc_column-inner\"><div class=\"wpb_wrapper\"><div class=\"wpb_text_column\"><div class=\"wpb_wrapper\"><p class=\"translation-block\">W cyfrowym \u015bwiecie pierwsze wra\u017cenie jest kluczowe. A na Facebooku wra\u017cenie to pochodzi z recenzji, kt\u00f3re otrzymuje Twoja strona. Firma z dobrymi recenzjami i pozytywnymi ocenami przekazuje zaufanie, profesjonalizm i jako\u015b\u0107. Dlatego <strong>kupowanie recenzji na Facebooku<\/strong> jest skuteczn\u0105 strategi\u0105 poprawy publicznego wizerunku Twojej strony, przyci\u0105gni\u0119cia nowych klient\u00f3w i bezpo\u015bredniego zwi\u0119kszenia Twojej wiarygodno\u015bci.<\/p>\n<p class=\"translation-block\">Recenzje nie tylko wp\u0142ywaj\u0105 na to, co my\u015bl\u0105 o Tobie u\u017cytkownicy. Wp\u0142ywaj\u0105 r\u00f3wnie\u017c na algorytm platformy, zwi\u0119kszaj\u0105c Twoj\u0105 widoczno\u015b\u0107 i pomagaj\u0105c wi\u0119kszej liczbie os\u00f3b odkry\u0107 Twoj\u0105 firm\u0119 lub projekt. Je\u015bli nie masz jeszcze wystarczaj\u0105cej liczby recenzji lub chcesz przeciwdzia\u0142a\u0107 negatywnym opiniom, <strong>kupowanie recenzji na Facebooku<\/strong> mo\u017ce wiele zmieni\u0107.<\/p>\n<p class=\"translation-block\">Ponadto, je\u015bli chcesz jeszcze bardziej wzmocni\u0107 swoj\u0105 obecno\u015b\u0107 i zbudowa\u0107 siln\u0105 spo\u0142eczno\u015b\u0107, mo\u017cesz <a href=\"https:\/\/doymedia.com\/pl\/kup-fanow-na-facebooku\/\" target=\"_self\"><strong>kupi\u0107 fan\u00f3w na Facebooku<\/strong><\/a> i zwi\u0119kszy\u0107 liczb\u0119 widocznych obserwuj\u0105cych na swojej stronie, generuj\u0105c wi\u0119ksz\u0105 wiarygodno\u015b\u0107 od pierwszego spojrzenia.<\/p>\n<h2>Dlaczego warto kupowa\u0107 oceny na Facebooku?<\/h2>\n<p class=\"translation-block\">Poniewa\u017c decyzje zakupowe zaczynaj\u0105 si\u0119 od zaufania. Wi\u0119kszo\u015b\u0107 u\u017cytkownik\u00f3w sprawdza recenzje przed skontaktowaniem si\u0119 z mark\u0105, dokonaniem rezerwacji lub zakupem produktu. <strong>Kupuj\u0105c recenzje na Facebooku,<\/strong> budujesz solidn\u0105 reputacj\u0119 i generujesz pozytywne postrzeganie od samego pocz\u0105tku.<\/p>\n<p>Ponadto recenzje dzia\u0142aj\u0105 jak dow\u00f3d spo\u0142eczny. Strona z wieloma pozytywnymi recenzjami sprawia wra\u017cenie aktywnej, godnej zaufania i dobrze ocenianej przez innych. Zach\u0119ca to nowych u\u017cytkownik\u00f3w do \u015bledzenia Ci\u0119, pisania komentarzy, interakcji z Twoimi postami lub zostania klientami.<\/p>\n<h3>Zalety kupowania ocen na Facebooku<\/h3>\n<ul>\n<li>Wzmocnij profesjonalny wizerunek swojej witryny.<\/li>\n<li>Wzmocnij swoj\u0105 reputacj\u0119 w\u015br\u00f3d nowych u\u017cytkownik\u00f3w.<\/li>\n<li>Zwi\u0119ksz swoj\u0105 widoczno\u015b\u0107 w wynikach lokalnych.<\/li>\n<li>Generuje wi\u0119cej zaufania i konwersji<\/li>\n<li>Bezpieczna dostawa, bez nara\u017cania Twojego konta na szwank<\/li>\n<\/ul>\n<p class=\"translation-block\">Niezale\u017cnie od tego, czy prowadzisz lokaln\u0105 firm\u0119, sklep internetowy, mark\u0119 osobist\u0105 czy start-up, <strong>kupowanie recenzji na Facebooku<\/strong> pomo\u017ce Ci lepiej pozycjonowa\u0107 si\u0119 na tle konkurencji i \u0142atwiej nawi\u0105za\u0107 kontakt z grup\u0105 docelow\u0105.<\/p>\n<h2>Czy kupowanie ocen na Facebooku jest bezpieczne?<\/h2>\n<p>Tak, jak najbardziej. Nasza us\u0142uga zosta\u0142a zaprojektowana tak, aby zapewni\u0107 Ci autentyczne recenzje, zgodne z Twoj\u0105 nisz\u0105 i bez nara\u017cania Twojego profilu lub reputacji na ryzyko. Nie prosimy o has\u0142a ani dost\u0119p do Twojego konta. Potrzebujemy tylko linku do Twojej strony, aby rozpocz\u0105\u0107 proces w ca\u0142kowicie bezpieczny spos\u00f3b.<\/p>\n<p>Ponadto mo\u017cesz wybra\u0107 mi\u0119dzy ocenami w gwiazdkach lub pisemnymi recenzjami. Dostosowujemy si\u0119 do Twoich potrzeb, aby Twoja witryna prezentowa\u0142a dok\u0142adnie taki wizerunek, jaki chcesz przedstawi\u0107.<\/p>\n<h3>Kto mo\u017ce skorzysta\u0107 z tej us\u0142ugi?<\/h3>\n<p class=\"translation-block\">Ta us\u0142uga jest przydatna dla ka\u017cdej firmy, profesjonalisty lub strony internetowej, kt\u00f3ra musi poprawi\u0107 swoj\u0105 cyfrow\u0105 reputacj\u0119. Je\u015bli otrzyma\u0142e\u015b nieuzasadnione negatywne recenzje lub po prostu chcesz wzmocni\u0107 wizerunek swojej marki, <strong>kupowanie recenzji na Facebooku<\/strong> jest praktycznym i skutecznym rozwi\u0105zaniem.<\/p>\n<ul>\n<li>Lokalne firmy, kt\u00f3re chc\u0105 wyr\u00f3\u017cni\u0107 si\u0119 na tle konkurencji.<\/li>\n<li>\ud83d\udecd\ufe0f Sklepy internetowe chc\u0105 budowa\u0107 wi\u0119ksze zaufanie<\/li>\n<li>Przedsi\u0119biorcy cyfrowi pracuj\u0105cy nad swoj\u0105 mark\u0105 osobist\u0105<\/li>\n<li>Agencje i specjali\u015bci oferuj\u0105cy us\u0142ugi<\/li>\n<li>Firmy, kt\u00f3re musz\u0105 poprawi\u0107 swoj\u0105 reputacj\u0119 online<\/li>\n<\/ul>\n<h2>Jak to dzia\u0142a?<\/h2>\n<p>Po prostu wybierz liczb\u0119 recenzji, kt\u00f3re chcesz i podaj nam link do swojej strony na Facebooku. Mo\u017cesz okre\u015bli\u0107, czy wolisz recenzje pisemne, czy tylko oceny. My zajmiemy si\u0119 reszt\u0105, dostarczaj\u0105c recenzje w progresywny i naturalny spos\u00f3b.<\/p>\n<p>Je\u015bli chcesz, mo\u017cemy r\u00f3wnie\u017c dostosowa\u0107 teksty recenzji do Twojej bran\u017cy, aby by\u0142y sp\u00f3jne i wiarygodne. Nasz zesp\u00f3\u0142 doradzi Ci, aby rezultat by\u0142 profesjonalny i korzystny dla Twojego publicznego wizerunku.<\/p>\n<h2>Spraw, by Twoja witryna by\u0142a godna zaufania ju\u017c dzi\u015b<\/h2>\n<p class=\"translation-block\">Nie lekcewa\u017c pot\u0119gi dobrej reputacji. <strong>Kupowanie recenzji na Facebooku<\/strong> pozwoli Ci wykona\u0107 skok, kt\u00f3rego potrzebujesz, aby przekszta\u0142ci\u0107 odwiedzaj\u0105cych w klient\u00f3w, wzmocni\u0107 sw\u00f3j autorytet i wyr\u00f3\u017cni\u0107 si\u0119 na rynku.<\/p>\n<p>Wybierz sw\u00f3j idealny pakiet, powiedz nam o swoich preferencjach i zacznij zmienia\u0107 wizerunek swojej strony ju\u017c dzi\u015b. Twoja reputacja jest wiele warta. Zadbaj o ni\u0105 i rozwijaj j\u0105 dzi\u0119ki prawdziwym, skutecznym i bezpiecznym recenzjom.<\/p>\n<\/div><\/div><\/div><\/div><\/div><\/div><\/div><\/section>","protected":false},"excerpt":{"rendered":"W cyfrowym \u015bwiecie pierwsze wra\u017cenie jest kluczowe. A na Facebooku wra\u017cenie to pochodzi z recenzji, kt\u00f3re otrzymuje Twoja strona. Firma z dobrymi recenzjami i pozytywnymi ocenami przekazuje zaufanie, profesjonalizm i jako\u015b\u0107. W\u0142a\u015bnie dlatego kupowanie recenzji na Facebooku jest skuteczn\u0105 strategi\u0105 poprawy publicznego wizerunku twojej strony, przyci\u0105gni\u0119cia nowych klient\u00f3w...","protected":false},"featured_media":316,"comment_status":"open","ping_status":"closed","template":"","meta":{"_acf_changed":false},"product_brand":[],"product_cat":[20],"product_tag":[],"class_list":{"0":"post-96","1":"product","2":"type-product","3":"status-publish","4":"has-post-thumbnail","6":"product_cat-facebook","7":"wcpa_has_options","9":"first","10":"instock","11":"sale","12":"shipping-taxable","13":"purchasable","14":"product-type-variable","15":"has-default-attributes"},"acf":[],"wcpa_form_fields":{"wcpaData":{"product":{"product_price":3.99,"price_html":"","original_product_price":3.99,"price_including_tax":3.99,"price_excluding_tax":3.99,"product_id":{"parent":96,"variation":false},"is_variable":true,"stock_status":"instock","stock_quantity":null,"parent_sku":"","product_attributes":{"cantidad":{"is_variation":true,"values":[]}},"custom_fields":[],"is_taxable":false,"product_name":"Comprar Valoraciones Facebook","hasImage":false},"fields":{"sec_767faa69e11ac7":{"extra":{"key":"sec_767faa69e11ac7","section_id":"sec_767faa69e11ac7","name":"Por defecto","status":1,"toggle":true,"form_id":1067,"form_rules":{"exclude_from_discount":false,"fee_label":"Extras","disp_hide_options_price":false,"disp_show_section_price":false,"disp_show_field_price":false,"layout_option":"standard","pric_use_as_fee":false,"process_fee_as":"woo_fee"},"layout_option":"standard"},"fields":[[{"active":true,"col":5,"relations":false,"cl_rule":"show","enableCl":false,"price":"","enablePrice":false,"className":"","type":"text","subtype":"text","required":true,"elementId":"text_367faa69e11ae8","label":"Enlace a la Fanpage de Facebook","name":"text_367faa69e11ae8","value":"","error":false,"placeholder":"Ejemplo: https:\/\/www.facebook.com\/mrbeast","enableDesign":false,"LabelSize":"16px","gt_translate_keys":["label","placeholder","value"],"price_dependency":false,"cl_dependency":false}],[{"active":true,"col":5,"relations":false,"cl_rule":"show","enableCl":false,"price":"","enablePrice":false,"className":"","label_position":"default","desc_position":"default","type":"textarea","required":true,"elementId":"textarea_9930819785","label":"Comentarios a Publicar","name":"textarea_9930819785","value":"","rows":2,"error":false,"description":"","placeholder":"Escribe los comentarios a publicar, o env\u00edanos informaci\u00f3n sobre tu negocio para saber nosotros sobre qu\u00e9 escribir las valoraciones.","gt_translate_keys":["label","placeholder","description","value"],"price_dependency":false,"cl_dependency":false}]]}},"config":{"price_override":"","enable_recaptcha":false,"bind_quantity":false,"quantity_bind_formula":false,"disp_summ_show_option_price":false,"disp_summ_show_product_price":false,"disp_summ_show_total_price":false,"disp_summ_show_fee":false,"disp_summ_show_discount":false,"summary_title":"","options_total_label":"Extras","total_label":"Total","options_product_label":"Producto","fee_label":"Extras","discount_label":"Descuento","has_price":true,"has_quantity_formula":false},"mc_unit":1,"tax_rate":1,"tax_rate_real":1,"discount":{"percentage":0,"fixed":0},"design":{"conf":{"LabelPosition":"above","DescPosition":"above","UploadField":"custom_1","QuantityFieldStyle":"default"},"css":{"LeftLabelWidth":"120px"}},"formulas":[],"clones":false,"cartKey":false}},"_links":{"self":[{"href":"https:\/\/doymedia.com\/pl\/wp-json\/wp\/v2\/product\/96","targetHints":{"allow":["GET"]}}],"collection":[{"href":"https:\/\/doymedia.com\/pl\/wp-json\/wp\/v2\/product"}],"about":[{"href":"https:\/\/doymedia.com\/pl\/wp-json\/wp\/v2\/types\/product"}],"replies":[{"embeddable":true,"href":"https:\/\/doymedia.com\/pl\/wp-json\/wp\/v2\/comments?post=96"}],"wp:featuredmedia":[{"embeddable":true,"href":"https:\/\/doymedia.com\/pl\/wp-json\/wp\/v2\/media\/316"}],"wp:attachment":[{"href":"https:\/\/doymedia.com\/pl\/wp-json\/wp\/v2\/media?parent=96"}],"wp:term":[{"taxonomy":"product_brand","embeddable":true,"href":"https:\/\/doymedia.com\/pl\/wp-json\/wp\/v2\/product_brand?post=96"},{"taxonomy":"product_cat","embeddable":true,"href":"https:\/\/doymedia.com\/pl\/wp-json\/wp\/v2\/product_cat?post=96"},{"taxonomy":"product_tag","embeddable":true,"href":"https:\/\/doymedia.com\/pl\/wp-json\/wp\/v2\/product_tag?post=96"}],"curies":[{"name":"wp","href":"https:\/\/api.w.org\/{rel}","templated":true}]}}