{"id":97,"date":"2025-03-27T01:32:40","date_gmt":"2025-03-27T00:32:40","guid":{"rendered":"https:\/\/v2.doymedia.com\/?post_type=product&#038;p=97"},"modified":"2025-06-16T19:17:04","modified_gmt":"2025-06-16T17:17:04","slug":"kup-wyswietlenia-na-instagramie","status":"publish","type":"product","link":"https:\/\/doymedia.com\/pl\/comprar-views-instagram\/","title":{"rendered":"Kup wy\u015bwietlenia na Instagramie"},"content":{"rendered":"<section class=\"l-section wpb_row height_medium\"><div class=\"l-section-h i-cf\"><div class=\"g-cols vc_row via_flex valign_top type_default stacking_default\"><div class=\"vc_col-sm-12 wpb_column vc_column_container\"><div class=\"vc_column-inner\"><div class=\"wpb_wrapper\"><div class=\"wpb_text_column\"><div class=\"wpb_wrapper\"><p class=\"translation-block\">Na Instagramie to, czego nie widzisz, nie istnieje. Publikujesz rolk\u0119, wideo lub histori\u0119, ale je\u015bli nie uzyska ona szybko wy\u015bwietle\u0144, pozostaje niezauwa\u017cona. Dlatego <strong>kupowanie wy\u015bwietle\u0144 na Instagramie<\/strong> jest skuteczn\u0105 strategi\u0105 zwi\u0119kszania widoczno\u015bci twoich tre\u015bci, przyci\u0105gania wi\u0119kszej liczby interakcji i lepszego pozycjonowania si\u0119 na platformie.<\/p>\n<p class=\"translation-block\">Wy\u015bwietlenia s\u0105 kluczowym wska\u017anikiem dla algorytmu. Im wi\u0119cej wy\u015bwietle\u0144 ma Tw\u00f3j post, tym wi\u0119ksze masz szanse na pojawienie si\u0119 w sekcji eksploracji i zdobycie nowych obserwuj\u0105cych. Je\u015bli tworzysz dobre tre\u015bci, ale brakuje Ci zasi\u0119gu, <strong>kupowanie wy\u015bwietle\u0144 na Instagramie<\/strong> mo\u017ce by\u0107 impulsem, kt\u00f3rego potrzebujesz, aby si\u0119 wyr\u00f3\u017cni\u0107.<\/p>\n<h2>Dlaczego warto kupowa\u0107 wy\u015bwietlenia na Instagramie?<\/h2>\n<p class=\"translation-block\">Poniewa\u017c algorytm ceni natychmiastow\u0105 aktywno\u015b\u0107. Gdy rolka lub wideo otrzymuje wiele wy\u015bwietle\u0144 w kr\u00f3tkim czasie, Instagram wykrywa je jako istotne tre\u015bci i przesy\u0142a je do nowych odbiorc\u00f3w. <strong>Kupowanie wy\u015bwietle\u0144 na Instagramie<\/strong> pozwala szybko i bezpiecznie wygenerowa\u0107 pocz\u0105tkowy wp\u0142yw, zwi\u0119kszaj\u0105c zasi\u0119g bez polegania na przypadku.<\/p>\n<p>Ponadto liczba wy\u015bwietle\u0144 wp\u0142ywa r\u00f3wnie\u017c na postrzeganie innych u\u017cytkownik\u00f3w. Tre\u015bci z wieloma ods\u0142onami generuj\u0105 wi\u0119ksz\u0105 ciekawo\u015b\u0107, wi\u0119ksze zaufanie i wi\u0119cej interakcji. Jest to efekt domina, kt\u00f3ry jest aktywowany od pierwszego klikni\u0119cia.<\/p>\n<h3>Zalety kupowania wy\u015bwietle\u0144 na Instagramie<\/h3>\n<ul>\n<li>\ud83d\udcc8 Zwi\u0119kszona widoczno\u015b\u0107 w rolkach, filmach i relacjach<\/li>\n<li>Pocz\u0105tkowy impuls sprzyjaj\u0105cy pozycjonowaniu<\/li>\n<li>Wi\u0119ksze prawdopodobie\u0144stwo pojawienia si\u0119 w eksploracji<\/li>\n<li>Popraw postrzeganie swoich tre\u015bci przez nowych u\u017cytkownik\u00f3w.<\/li>\n<li>Bezpieczna, naturalna i bezkompromisowa dostawa na Twoje konto.<\/li>\n<\/ul>\n<p><strong>Kup wy\u015bwietlenia na Instagramie<\/strong> jest szczeg\u00f3lnie przydatny, je\u015bli promujesz produkt, uruchamiasz kampani\u0119 lub po prostu chcesz, aby Twoje tre\u015bci mia\u0142y wi\u0119kszy wp\u0142yw. To szybki i skuteczny spos\u00f3b na zwielokrotnienie zasi\u0119gu bez k\u0142opot\u00f3w.<\/p>\n<h2>Czy kupowanie wy\u015bwietle\u0144 na Instagramie jest bezpieczne?<\/h2>\n<p>Tak, ca\u0142kowicie bezpieczne. Nie prosimy o has\u0142a ani poufne dane. Potrzebujemy tylko linku do filmu, rolki lub historii, kt\u00f3r\u0105 chcesz promowa\u0107. Dostarczanie odbywa si\u0119 stopniowo, aby zachowa\u0107 naturalny rytm i unikn\u0105\u0107 sztucznych sygna\u0142\u00f3w.<\/p>\n<p>Nasz system zapewnia wy\u015bwietlenia bez nara\u017cania Twojego konta na ryzyko. Pracujemy ze sprawdzonymi metodami, kt\u00f3re s\u0105 zgodne z zasadami Instagrama, wi\u0119c mo\u017cesz skupi\u0107 si\u0119 na tworzeniu tre\u015bci, a my pomo\u017cemy Ci sprawi\u0107, \u017ce b\u0119d\u0105 one widoczne.<\/p>\n<h3>Kto mo\u017ce skorzysta\u0107 z tej us\u0142ugi?<\/h3>\n<p class=\"translation-block\">Ta us\u0142uga jest przeznaczona dla tw\u00f3rc\u00f3w, marek, przedsi\u0119biorc\u00f3w, artyst\u00f3w lub ka\u017cdego u\u017cytkownika, kt\u00f3ry chce si\u0119 wyr\u00f3\u017cni\u0107 na Instagramie. Niezale\u017cnie od tego, czy dopiero zaczynasz, czy masz ju\u017c ugruntowan\u0105 publiczno\u015b\u0107: <strong>kupowanie wy\u015bwietle\u0144 na Instagramie<\/strong> mo\u017ce pom\u00f3c Ci p\u00f3j\u015b\u0107 dalej.<\/p>\n<ul>\n<li>Tw\u00f3rcy tre\u015bci szukaj\u0105cy wirusowo\u015bci<\/li>\n<li>\ud83d\udcc8 Firmy, kt\u00f3re chc\u0105 wyeksponowa\u0107 swoje produkty<\/li>\n<li>Marki osobiste, kt\u00f3re chc\u0105 wzmocni\u0107 swoj\u0105 obecno\u015b\u0107.<\/li>\n<li>Arty\u015bci wypuszczaj\u0105cy nowe b\u0119bny lub klipy wideo<\/li>\n<li>\ud83d\udecd\ufe0f Sklepy wykorzystuj\u0105ce Instagram do promowania ofert<\/li>\n<\/ul>\n<p>Je\u015bli Twoim celem jest zbudowanie silnej obecno\u015bci na Instagramie, wy\u015bwietlenia odgrywaj\u0105 istotn\u0105 rol\u0119. Nie tylko poprawiaj\u0105 one postrzeganie Twoich post\u00f3w, ale tak\u017ce wp\u0142ywaj\u0105 na og\u00f3ln\u0105 wydajno\u015b\u0107 Twojego profilu. Du\u017ca liczba wy\u015bwietle\u0144 otwiera drzwi do wsp\u00f3\u0142pracy, nowych odbiorc\u00f3w i szybszego, bardziej zr\u00f3wnowa\u017conego rozwoju.<\/p>\n<p class=\"translation-block\"><strong>Kupowanie wy\u015bwietle\u0144 na Instagramie<\/strong> pozwala Ci osi\u0105gn\u0105\u0107 ten poziom widoczno\u015bci bez konieczno\u015bci czekania tygodniami lub polegania na nieprzewidywalnych algorytmach.<\/p>\n<h2>Jak dzia\u0142a ten proces?<\/h2>\n<p>Wszystko, co musisz zrobi\u0107, to wybra\u0107 pakiet, kt\u00f3ry najlepiej odpowiada Twoim potrzebom, przes\u0142a\u0107 nam link do publikacji i dokona\u0107 p\u0142atno\u015bci. My zajmiemy si\u0119 reszt\u0105. Dostawa rozpocznie si\u0119 w kr\u00f3tkim czasie, stopniowo i bez wp\u0142ywu na Tw\u00f3j profil.<\/p>\n<p class=\"translation-block\">A je\u015bli chcesz jeszcze bardziej zwi\u0119kszy\u0107 swoj\u0105 obecno\u015b\u0107, mo\u017cesz uzupe\u0142ni\u0107 t\u0119 us\u0142ug\u0119 o <a href=\"https:\/\/doymedia.com\/pl\/kup-polubienia-na-instagramie\/\" target=\"_self\"><strong>zakup polubie\u0144 na Instagramie<\/strong><\/a> lub <a href=\"https:\/\/doymedia.com\/pl\/kup-obserwujacych-na-instagramie\/\" target=\"_self\"><strong>zakup obserwuj\u0105cych na Instagramie<\/strong><\/a>. W ten spos\u00f3b uzyskasz bardziej kompletny, sp\u00f3jny profil, gotowy do organicznego rozwoju.<\/p>\n<h2>Spraw, by Twoje tre\u015bci dociera\u0142y dalej<\/h2>\n<p class=\"translation-block\">Nie pozw\u00f3l, aby Twoje filmy pozosta\u0142y niezauwa\u017cone. Dzi\u0119ki <strong>kupowaniu wy\u015bwietle\u0144 na Instagramie<\/strong> mo\u017cesz zwi\u0119kszy\u0107 swoj\u0105 widoczno\u015b\u0107, poprawi\u0107 pozycjonowanie i przyci\u0105gn\u0105\u0107 wi\u0119cej uwagi w ci\u0105gu kilku minut. Spraw, by ka\u017cdy post si\u0119 liczy\u0142 i zacznij si\u0119 wyr\u00f3\u017cnia\u0107 ju\u017c dzi\u015b.<\/p>\n<\/div><\/div><\/div><\/div><\/div><\/div><\/div><\/section>","protected":false},"excerpt":{"rendered":"Na Instagramie to, czego nie widzisz, nie istnieje. Publikujesz rolk\u0119, film lub histori\u0119, ale je\u015bli nie uzyska ona szybko wy\u015bwietle\u0144, pozostaje niezauwa\u017cona. W\u0142a\u015bnie dlatego kupowanie wy\u015bwietle\u0144 na Instagramie jest skuteczn\u0105 strategi\u0105 zwi\u0119kszania widoczno\u015bci twoich tre\u015bci, przyci\u0105gania wi\u0119kszej liczby interakcji i lepszego pozycjonowania si\u0119 na platformie. Wy\u015bwietlenia s\u0105 kluczowym wska\u017anikiem...","protected":false},"featured_media":227,"comment_status":"open","ping_status":"closed","template":"","meta":{"_acf_changed":false},"product_brand":[],"product_cat":[17],"product_tag":[],"class_list":{"0":"post-97","1":"product","2":"type-product","3":"status-publish","4":"has-post-thumbnail","6":"product_cat-instagram","7":"wcpa_has_options","9":"first","10":"instock","11":"sale","12":"featured","13":"shipping-taxable","14":"purchasable","15":"product-type-variable","16":"has-default-attributes"},"acf":[],"wcpa_form_fields":{"wcpaData":{"product":{"product_price":1.99,"price_html":"","original_product_price":1.99,"price_including_tax":1.99,"price_excluding_tax":1.99,"product_id":{"parent":97,"variation":false},"is_variable":true,"stock_status":"instock","stock_quantity":null,"parent_sku":"","product_attributes":{"cantidad":{"is_variation":true,"values":[]}},"custom_fields":[],"is_taxable":false,"product_name":"Comprar Views Instagram","hasImage":false},"fields":{"sec_1067fa76ecc2b86":{"extra":{"key":"sec_1067fa76ecc2b86","section_id":"sec_1067fa76ecc2b86","name":"Por defecto","status":1,"toggle":true,"form_id":1025,"form_rules":{"exclude_from_discount":false,"fee_label":"Extras","disp_hide_options_price":false,"disp_show_section_price":false,"disp_show_field_price":false,"layout_option":"standard","pric_use_as_fee":false,"process_fee_as":"woo_fee"},"layout_option":"standard"},"fields":[[{"active":true,"col":5,"relations":false,"cl_rule":"show","enableCl":false,"price":"","enablePrice":false,"className":"","type":"text","subtype":"text","required":true,"elementId":"text_567fa76ecc2bad","label":"Enlace de la Publicaci\u00f3n","name":"text_567fa76ecc2bad","value":"","error":false,"placeholder":"Ejemplo: https:\/\/www.instagram.com\/p\/DGxqbv9oVTD\/","gt_translate_keys":["label","placeholder","value"],"price_dependency":false,"cl_dependency":false}],[{"active":true,"col":5,"relations":false,"cl_rule":"show","enableCl":false,"price":"","enablePrice":true,"className":"","label_position":"default","desc_position":"default","type":"select","required":false,"elementId":"select_167fa76ecc2bb7","label":"A\u00f1adir Likes con Descuento","name":"select_167fa76ecc2bb7","values":[{"label":"100 Likes","value":"100","selected":false,"tempId":"aco_910","price":"2,79","gt_translate_keys":["label"]},{"label":"500 Likes","value":"500","selected":false,"tempId":"aco_911","price":"4,69","gt_translate_keys":["label"]},{"label":"1.000 Likes","value":"1000","selected":false,"tempId":"aco_912","price":"7,59","gt_translate_keys":["label"]},{"label":"5.000 Likes","value":"5000","selected":false,"tempId":"aco_1337","price":"29,49","gt_translate_keys":["label"]},{"label":"10.000 Likes","value":"10000","selected":false,"tempId":"aco_1059","price":"48,29","gt_translate_keys":["label"]}],"dropdown_type":"basic","error":false,"placeholder":"Ninguno","priceOptions":"different_for_all","pricingType":"fixed","use_as_fee":false,"option_price_format":"","tooltip":"Los likes se pondr\u00e1n a la misma publicaci\u00f3n.","gt_translate_keys":["label","placeholder","tooltip"],"price_dependency":false,"cl_dependency":false,"value":""}],[{"label":"A\u00f1adir Seguidores con Descuento","active":true,"required":false,"elementId":"select-8208233690","dropdown_type":"basic","placeholder":"Ninguno","tooltip":"Los seguidores se pondr\u00e1n al mismo perfil de la publicaci\u00f3n.","name":"select-8208233690","label_position":"default","desc_position":"default","enablePrice":true,"className":"","enableCl":false,"relations":false,"option_price_format":"","values":[{"label":"100 Seguidores","value":"100","selected":false,"tempId":"aco_910","price":"2,45","gt_translate_keys":["label"]},{"label":"500 Seguidores","value":"500","selected":false,"tempId":"aco_911","price":"6,50","gt_translate_keys":["label"]},{"label":"1.000 Seguidores","value":"1000","selected":false,"tempId":"aco_912","price":"9,50","gt_translate_keys":["label"]},{"label":"5.000 Seguidores","value":"5000","selected":false,"tempId":"aco_1337","price":"39,50","gt_translate_keys":["label"]},{"label":"10.000 Seguidores","value":"10000","selected":false,"tempId":"aco_1059","price":"79,50","gt_translate_keys":["label"]}],"priceOptions":"different_for_all","pricingType":"fixed","price":"","use_as_fee":false,"cl_rule":"show","col":5,"type":"select","error":false,"gt_translate_keys":["label","placeholder","tooltip"],"price_dependency":false,"cl_dependency":false,"value":""}]]}},"config":{"price_override":"","enable_recaptcha":false,"bind_quantity":false,"quantity_bind_formula":false,"disp_summ_show_option_price":false,"disp_summ_show_product_price":false,"disp_summ_show_total_price":false,"disp_summ_show_fee":false,"disp_summ_show_discount":false,"summary_title":"","options_total_label":"Extras","total_label":"Total","options_product_label":"Producto","fee_label":"Extras","discount_label":"Descuento","has_price":true,"has_quantity_formula":false},"mc_unit":1,"tax_rate":1,"tax_rate_real":1,"discount":{"percentage":0,"fixed":0},"design":{"conf":{"LabelPosition":"above","DescPosition":"above","UploadField":"custom_1","QuantityFieldStyle":"default"},"css":{"LeftLabelWidth":"120px"}},"formulas":[],"clones":false,"cartKey":false}},"_links":{"self":[{"href":"https:\/\/doymedia.com\/pl\/wp-json\/wp\/v2\/product\/97","targetHints":{"allow":["GET"]}}],"collection":[{"href":"https:\/\/doymedia.com\/pl\/wp-json\/wp\/v2\/product"}],"about":[{"href":"https:\/\/doymedia.com\/pl\/wp-json\/wp\/v2\/types\/product"}],"replies":[{"embeddable":true,"href":"https:\/\/doymedia.com\/pl\/wp-json\/wp\/v2\/comments?post=97"}],"wp:featuredmedia":[{"embeddable":true,"href":"https:\/\/doymedia.com\/pl\/wp-json\/wp\/v2\/media\/227"}],"wp:attachment":[{"href":"https:\/\/doymedia.com\/pl\/wp-json\/wp\/v2\/media?parent=97"}],"wp:term":[{"taxonomy":"product_brand","embeddable":true,"href":"https:\/\/doymedia.com\/pl\/wp-json\/wp\/v2\/product_brand?post=97"},{"taxonomy":"product_cat","embeddable":true,"href":"https:\/\/doymedia.com\/pl\/wp-json\/wp\/v2\/product_cat?post=97"},{"taxonomy":"product_tag","embeddable":true,"href":"https:\/\/doymedia.com\/pl\/wp-json\/wp\/v2\/product_tag?post=97"}],"curies":[{"name":"wp","href":"https:\/\/api.w.org\/{rel}","templated":true}]}}