{"id":98,"date":"2025-03-27T01:32:40","date_gmt":"2025-03-27T00:32:40","guid":{"rendered":"https:\/\/v2.doymedia.com\/?post_type=product&#038;p=98"},"modified":"2025-07-16T21:41:48","modified_gmt":"2025-07-16T19:41:48","slug":"kup-widoki-tiktok","status":"publish","type":"product","link":"https:\/\/doymedia.com\/pl\/comprar-views-tiktok\/","title":{"rendered":"Kup widoki TikTok"},"content":{"rendered":"<section class=\"l-section wpb_row height_medium\"><div class=\"l-section-h i-cf\"><div class=\"g-cols vc_row via_flex valign_top type_default stacking_default\"><div class=\"vc_col-sm-12 wpb_column vc_column_container\"><div class=\"vc_column-inner\"><div class=\"wpb_wrapper\"><div class=\"wpb_text_column\"><div class=\"wpb_wrapper\"><p class=\"translation-block\">TikTok to platforma, na kt\u00f3rej tre\u015bci szybko si\u0119 przemieszczaj\u0105. Je\u015bli Twoje filmy nie uzyskaj\u0105 wy\u015bwietle\u0144 w ci\u0105gu pierwszych kilku minut, mog\u0105 pozosta\u0107 niezauwa\u017cone w\u015br\u00f3d milion\u00f3w post\u00f3w. Dlatego <strong>kupowanie wy\u015bwietle\u0144 TikTok<\/strong> jest skuteczn\u0105 strategi\u0105, aby zyska\u0107 widoczno\u015b\u0107, przyci\u0105gn\u0105\u0107 nowych odbiorc\u00f3w i poprawi\u0107 wydajno\u015b\u0107 Twoich film\u00f3w od samego pocz\u0105tku.<\/p>\n<p class=\"translation-block\">Wy\u015bwietlenia na TikTok s\u0105 kluczowym sygna\u0142em dla algorytmu. Im wi\u0119cej wy\u015bwietle\u0144 ma Tw\u00f3j film, tym bardziej prawdopodobne jest, \u017ce stanie si\u0119 wirusowy, zostanie wy\u015bwietlony w sekcji \"Dla Ciebie\" i przyci\u0105gnie organicznych obserwuj\u0105cych. Je\u015bli tworzysz dobre tre\u015bci, ale nie uzyskujesz ekspozycji, na kt\u00f3r\u0105 liczysz, <strong>kupowanie wy\u015bwietle\u0144 TikTok<\/strong> mo\u017ce da\u0107 ci pocz\u0105tkowy impuls, kt\u00f3ry robi r\u00f3\u017cnic\u0119.<\/p>\n<h2>Dlaczego warto kupowa\u0107 wy\u015bwietlenia TikTok?<\/h2>\n<p class=\"translation-block\">Algorytm TikTok faworyzuje tre\u015bci, kt\u00f3re generuj\u0105 szybkie reakcje. Gdy wideo otrzymuje wiele wy\u015bwietle\u0144 w kr\u00f3tkim czasie, jest bardziej prawdopodobne, \u017ce pozostanie widoczne przez wi\u0119cej godzin lub nawet dni, docieraj\u0105c do tysi\u0119cy nowych u\u017cytkownik\u00f3w. <strong>Kupowanie wy\u015bwietle\u0144 TikTok<\/strong> to sprytny spos\u00f3b na przyspieszenie tego procesu i lepsze pozycjonowanie si\u0119 na tle konkurencji.<\/p>\n<p>Ponadto wy\u015bwietlenia generuj\u0105 dow\u00f3d spo\u0142eczny. Wideo z du\u017c\u0105 liczb\u0105 wy\u015bwietle\u0144 przyci\u0105ga uwag\u0119, jest postrzegane jako bardziej interesuj\u0105ce i godne zaufania oraz motywuje innych u\u017cytkownik\u00f3w do obejrzenia go w ca\u0142o\u015bci, polubienia lub udost\u0119pnienia. Ten rodzaj interakcji tworzy efekt falowania, kt\u00f3ry organicznie wzmacnia Tw\u00f3j profil.<\/p>\n<h3>Zalety kupowania wy\u015bwietle\u0144 na TikTok<\/h3>\n<ul>\n<li>Wi\u0119cej informacji znajdziesz w sekcji \"Dla Ciebie\".<\/li>\n<li>Szybki impuls dla nowych lub strategicznych tre\u015bci<\/li>\n<li>Zwi\u0119kszony zasi\u0119g i og\u00f3lne zaanga\u017cowanie<\/li>\n<li>Popraw postrzeganie swoich tre\u015bci w oczach nowych obserwuj\u0105cych.<\/li>\n<li>Bezpieczna i progresywna dostawa, bez nara\u017cania Twojego konta na szwank<\/li>\n<\/ul>\n<p class=\"translation-block\">Niezale\u017cnie od tego, czy jeste\u015b niezale\u017cnym tw\u00f3rc\u0105, mark\u0105, sprzedawc\u0105 czy influencerem, <strong>kupowanie wy\u015bwietle\u0144 TikTok<\/strong> pozwala wyr\u00f3\u017cni\u0107 si\u0119 spo\u015br\u00f3d tysi\u0119cy film\u00f3w, szybciej zosta\u0107 zauwa\u017conym i zbudowa\u0107 solidn\u0105 publiczno\u015b\u0107 od samego pocz\u0105tku.<\/p>\n<h2>Czy kupowanie wy\u015bwietle\u0144 na TikTok jest bezpieczne?<\/h2>\n<p>Tak, nasza us\u0142uga zosta\u0142a zaprojektowana tak, aby by\u0142a ca\u0142kowicie bezpieczna. Nie wymagamy podawania hase\u0142 ani wra\u017cliwych danych. Wszystko, co musisz zrobi\u0107, to wys\u0142a\u0107 nam link do filmu, kt\u00f3ry chcesz promowa\u0107, a my zajmiemy si\u0119 reszt\u0105. Dostarczanie jest progresywne, aby zachowa\u0107 naturalno\u015b\u0107 i integralno\u015b\u0107 Twojego konta.<\/p>\n<p>Pracujemy ze zoptymalizowanymi systemami i zasadami, kt\u00f3re s\u0105 zgodne z wytycznymi platformy. Tysi\u0105ce u\u017cytkownik\u00f3w skorzysta\u0142o ju\u017c z tej us\u0142ugi, aby poprawi\u0107 swoj\u0105 wydajno\u015b\u0107 bez nara\u017cania swojego profilu.<\/p>\n<h3>Kto mo\u017ce skorzysta\u0107 z tej us\u0142ugi?<\/h3>\n<p class=\"translation-block\">Ta us\u0142uga jest idealna dla ka\u017cdego, kto chce zwi\u0119kszy\u0107 wp\u0142yw swoich tre\u015bci na TikTok. Od nowych kont, kt\u00f3re chc\u0105 si\u0119 rozwija\u0107, po profile o ugruntowanej pozycji, kt\u00f3re chc\u0105 wzmocni\u0107 kluczowe kampanie. <strong>Kup widoki TikTok<\/strong> jest odpowiedni dla wszystkich typ\u00f3w tw\u00f3rc\u00f3w.<\/p>\n<ul>\n<li>Muzycy wydaj\u0105cy nowe utwory na TikTok<\/li>\n<li>Marki, kt\u00f3re chc\u0105 rozpropagowa\u0107 produkt lub kampani\u0119.<\/li>\n<li>\ud83d\udcf1 Influencerzy, kt\u00f3rzy musz\u0105 wzmocni\u0107 zaanga\u017cowanie<\/li>\n<li>\ud83d\udcc8 Nowe konta, kt\u00f3re chc\u0105 si\u0119 szybciej rozwija\u0107<\/li>\n<li>\ud83c\udfaf Przedsi\u0119biorcy szukaj\u0105cy natychmiastowego zasi\u0119gu<\/li>\n<\/ul>\n<h2>Jak to dzia\u0142a?<\/h2>\n<p>Zakup wizualizacji TikTok jest prosty. Po prostu wybierz pakiet, kt\u00f3ry najlepiej odpowiada Twoim potrzebom, prze\u015blij nam link do filmu i sfinalizuj zam\u00f3wienie. Rozpoczniemy dostaw\u0119 w mgnieniu oka, zapewniaj\u0105c naturaln\u0105 i bezproblemow\u0105 dystrybucj\u0119.<\/p>\n<p class=\"translation-block\">A je\u015bli chcesz jeszcze bardziej wzmocni\u0107 sw\u00f3j profil, mo\u017cesz po\u0142\u0105czy\u0107 t\u0119 us\u0142ug\u0119 z <a href=\"https:\/\/doymedia.com\/pl\/kup-polubienia-tiktok\/\" target=\"_self\"><strong>buy TikTok likes<\/strong><\/a> lub <a href=\"https:\/\/doymedia.com\/pl\/kup-obserwujacych-tiktok\/\" target=\"_self\"><strong>buy TikTok followers<\/strong><\/a>. W ten spos\u00f3b osi\u0105gniesz kompletn\u0105 strategi\u0119, kt\u00f3ra zwi\u0119kszy Tw\u00f3j autorytet i wiarygodno\u015b\u0107 na platformie.<\/p>\n<h2>Spraw, by Twoje filmy dotar\u0142y dalej<\/h2>\n<p class=\"translation-block\">Nie pozw\u00f3l, aby Twoje tre\u015bci zagin\u0119\u0142y w kanale. Dzi\u0119ki <strong>kupowaniu wy\u015bwietle\u0144 TikTok<\/strong> mo\u017cesz wygenerowa\u0107 natychmiastow\u0105 trakcj\u0119, dotrze\u0107 do wi\u0119kszej liczby os\u00f3b i zbudowa\u0107 solidne podstawy widoczno\u015bci i wynik\u00f3w. Zaryzykuj i zapewnij swojemu nast\u0119pnemu filmowi zasi\u0119g, na jaki zas\u0142uguje.<\/p>\n<\/div><\/div><\/div><\/div><\/div><\/div><\/div><\/section>","protected":false},"excerpt":{"rendered":"TikTok to platforma, na kt\u00f3rej tre\u015bci szybko si\u0119 przemieszczaj\u0105. Je\u015bli Twoje filmy nie otrzymaj\u0105 wy\u015bwietle\u0144 w ci\u0105gu pierwszych kilku minut, mog\u0105 pozosta\u0107 niezauwa\u017cone w\u015br\u00f3d milion\u00f3w post\u00f3w. Dlatego kupowanie wy\u015bwietle\u0144 na TikTok jest skuteczn\u0105 strategi\u0105, aby zyska\u0107 widoczno\u015b\u0107, przyci\u0105gn\u0105\u0107 nowych odbiorc\u00f3w i poprawi\u0107 wydajno\u015b\u0107 Twoich film\u00f3w od samego pocz\u0105tku. Wy\u015bwietlenia...","protected":false},"featured_media":317,"comment_status":"open","ping_status":"closed","template":"","meta":{"_acf_changed":false},"product_brand":[],"product_cat":[18],"product_tag":[],"class_list":{"0":"post-98","1":"product","2":"type-product","3":"status-publish","4":"has-post-thumbnail","6":"product_cat-tiktok","7":"wcpa_has_options","9":"first","10":"instock","11":"sale","12":"featured","13":"shipping-taxable","14":"purchasable","15":"product-type-variable","16":"has-default-attributes"},"acf":[],"wcpa_form_fields":{"wcpaData":{"product":{"product_price":1.99,"price_html":"","original_product_price":1.99,"price_including_tax":1.99,"price_excluding_tax":1.99,"product_id":{"parent":98,"variation":false},"is_variable":true,"stock_status":"instock","stock_quantity":null,"parent_sku":"","product_attributes":{"cantidad":{"is_variation":true,"values":[]}},"custom_fields":[],"is_taxable":false,"product_name":"Comprar Views TikTok","hasImage":false},"fields":{"sec_567fa912b8ef63":{"extra":{"key":"sec_567fa912b8ef63","section_id":"sec_567fa912b8ef63","name":"Por defecto","status":1,"toggle":true,"form_id":1049,"form_rules":{"exclude_from_discount":false,"fee_label":"Extras","disp_hide_options_price":false,"disp_show_section_price":false,"disp_show_field_price":false,"layout_option":"standard","pric_use_as_fee":false,"process_fee_as":"woo_fee"},"layout_option":"standard"},"fields":[[{"active":true,"col":5,"relations":false,"cl_rule":"show","enableCl":false,"price":"","enablePrice":false,"className":"","type":"text","subtype":"text","required":true,"elementId":"text_567fa912b8ef7f","label":"Enlace al V\u00eddeo","name":"text_567fa912b8ef7f","value":"","error":false,"placeholder":"Ejemplo: https:\/\/www.tiktok.com\/@mrbeast\/video\/7460191038293069102","enableDesign":false,"LabelSize":"16px","gt_translate_keys":["label","placeholder","value"],"price_dependency":false,"cl_dependency":false}],[{"active":true,"col":5,"relations":false,"cl_rule":"show","enableCl":false,"price":"","enablePrice":true,"className":"","label_position":"default","desc_position":"default","type":"select","required":false,"elementId":"select_567fa912b8ef8d","label":"A\u00f1adir Seguidores con Descuento","name":"select_567fa912b8ef8d","values":[{"label":"100 Seguidores","value":"100","selected":false,"tempId":"aco_46","price":"3,89","gt_translate_keys":["label"]},{"label":"500 Seguidores","value":"500","selected":false,"tempId":"aco_1337","price":"6,79","gt_translate_keys":["label"]},{"label":"1.000 Seguidores","value":"1000","selected":false,"tempId":"aco_910","price":"9,69","gt_translate_keys":["label"]},{"label":"2.000 Seguidores","value":"2000","selected":false,"tempId":"aco_911","price":"19,49","gt_translate_keys":["label"]},{"label":"5.000 Seguidores","value":"5000","selected":false,"tempId":"aco_912","price":"58,39","gt_translate_keys":["label"]}],"dropdown_type":"basic","error":false,"placeholder":"Ninguno","priceOptions":"different_for_all","pricingType":"fixed","use_as_fee":false,"enableDesign":false,"LabelSize":"16px","tooltip":"Los seguidores ser\u00e1n entregados al mismo perfil del v\u00eddeo.","gt_translate_keys":["label","placeholder","tooltip"],"price_dependency":false,"cl_dependency":false,"value":""}],[{"label":"A\u00f1adir Likes con Descuento","active":true,"required":false,"elementId":"select_967fa912b8ef97","dropdown_type":"basic","placeholder":"Ninguno","name":"select_967fa912b8ef97","label_position":"default","desc_position":"default","enablePrice":true,"className":"","enableCl":false,"relations":false,"enableDesign":false,"LabelSize":"16px","values":[{"label":"100 Likes","value":"100","selected":false,"tempId":"aco_46","price":"2,89","gt_translate_keys":["label"]},{"label":"500 Likes","value":"500","selected":false,"tempId":"aco_1337","price":"5,79","gt_translate_keys":["label"]},{"label":"1.000 Likes","value":"1000","selected":false,"tempId":"aco_910","price":"8,69","gt_translate_keys":["label"]},{"label":"2.000 Likes","value":"2000","selected":false,"tempId":"aco_911","price":"16,49","gt_translate_keys":["label"]},{"label":"5.000 Likes","value":"5000","selected":false,"tempId":"aco_912","price":"28,29","gt_translate_keys":["label"]}],"priceOptions":"different_for_all","pricingType":"fixed","price":"","use_as_fee":false,"cl_rule":"show","col":5,"type":"select","error":false,"tooltip":"Los likes ser\u00e1n entregados a la misma publicaci\u00f3n.","gt_translate_keys":["label","placeholder","tooltip"],"price_dependency":false,"cl_dependency":false,"value":""}]]}},"config":{"price_override":"","enable_recaptcha":false,"bind_quantity":false,"quantity_bind_formula":false,"disp_summ_show_option_price":false,"disp_summ_show_product_price":false,"disp_summ_show_total_price":false,"disp_summ_show_fee":false,"disp_summ_show_discount":false,"summary_title":"","options_total_label":"Extras","total_label":"Total","options_product_label":"Produto","fee_label":"Extras","discount_label":"Desconto","has_price":true,"has_quantity_formula":false},"mc_unit":1,"tax_rate":1,"tax_rate_real":1,"discount":{"percentage":0,"fixed":0},"design":{"conf":{"LabelPosition":"above","DescPosition":"above","UploadField":"custom_1","QuantityFieldStyle":"default"},"css":{"LeftLabelWidth":"120px"}},"formulas":[],"clones":false,"cartKey":false}},"_links":{"self":[{"href":"https:\/\/doymedia.com\/pl\/wp-json\/wp\/v2\/product\/98","targetHints":{"allow":["GET"]}}],"collection":[{"href":"https:\/\/doymedia.com\/pl\/wp-json\/wp\/v2\/product"}],"about":[{"href":"https:\/\/doymedia.com\/pl\/wp-json\/wp\/v2\/types\/product"}],"replies":[{"embeddable":true,"href":"https:\/\/doymedia.com\/pl\/wp-json\/wp\/v2\/comments?post=98"}],"wp:featuredmedia":[{"embeddable":true,"href":"https:\/\/doymedia.com\/pl\/wp-json\/wp\/v2\/media\/317"}],"wp:attachment":[{"href":"https:\/\/doymedia.com\/pl\/wp-json\/wp\/v2\/media?parent=98"}],"wp:term":[{"taxonomy":"product_brand","embeddable":true,"href":"https:\/\/doymedia.com\/pl\/wp-json\/wp\/v2\/product_brand?post=98"},{"taxonomy":"product_cat","embeddable":true,"href":"https:\/\/doymedia.com\/pl\/wp-json\/wp\/v2\/product_cat?post=98"},{"taxonomy":"product_tag","embeddable":true,"href":"https:\/\/doymedia.com\/pl\/wp-json\/wp\/v2\/product_tag?post=98"}],"curies":[{"name":"wp","href":"https:\/\/api.w.org\/{rel}","templated":true}]}}