{"id":99,"date":"2025-03-27T01:32:40","date_gmt":"2025-03-27T00:32:40","guid":{"rendered":"https:\/\/v2.doymedia.com\/?post_type=product&#038;p=99"},"modified":"2025-06-17T19:05:09","modified_gmt":"2025-06-17T17:05:09","slug":"kup-obserwujacych-tiktok","status":"publish","type":"product","link":"https:\/\/doymedia.com\/pl\/comprar-seguidores-tiktok\/","title":{"rendered":"Kup obserwuj\u0105cych TikTok"},"content":{"rendered":"<section class=\"l-section wpb_row height_medium\"><div class=\"l-section-h i-cf\"><div class=\"g-cols vc_row via_flex valign_top type_default stacking_default\"><div class=\"vc_col-sm-12 wpb_column vc_column_container\"><div class=\"vc_column-inner\"><div class=\"wpb_wrapper\"><div class=\"wpb_text_column\"><div class=\"wpb_wrapper\"><p class=\"translation-block\">TikTok sta\u0142 si\u0119 jedn\u0105 z najpot\u0119\u017cniejszych platform do zdobywania widoczno\u015bci, \u0142\u0105czenia si\u0119 z m\u0142odymi odbiorcami i tworzenia tre\u015bci wirusowych. Ale je\u015bli tw\u00f3j profil nie ma obserwuj\u0105cych, twoje filmy, bez wzgl\u0119du na to, jak dobre s\u0105, mog\u0105 pozosta\u0107 niezauwa\u017cone. Dlatego <strong>kupowanie obserwuj\u0105cych TikTok<\/strong> jest skuteczn\u0105 strategi\u0105, aby szybciej si\u0119 wyr\u00f3\u017cni\u0107 i nada\u0107 Twojemu kontu wiarygodno\u015b\u0107 od samego pocz\u0105tku.<\/p>\n<p class=\"translation-block\">Liczba obserwuj\u0105cych jest kluczowym wska\u017anikiem na TikTok. Im wi\u0119ksza spo\u0142eczno\u015b\u0107, tym wi\u0119kszy autorytet i wi\u0119ksze szanse na pojawienie si\u0119 w sekcji \"Dla Ciebie\". Ponadto, gdy u\u017cytkownicy odwiedzaj\u0105 Tw\u00f3j profil i widz\u0105, \u017ce masz wielu obserwuj\u0105cych, s\u0105 bardziej sk\u0142onni do pozostania w pobli\u017cu, przegl\u0105dania Twoich tre\u015bci i zdecydowania si\u0119 na \u015bledzenie Ci\u0119. <strong>Kupowanie obserwuj\u0105cych TikTok<\/strong> pomo\u017ce Ci wygenerowa\u0107 pozytywne pierwsze wra\u017cenie, kt\u00f3re nap\u0119dza wzrost.<\/p>\n<h2>Dlaczego warto kupowa\u0107 obserwuj\u0105cych TikTok?<\/h2>\n<p class=\"translation-block\">Poniewa\u017c na platformie tak wizualnej i konkurencyjnej jak TikTok nie wystarczy mie\u0107 dobre tre\u015bci: potrzebujesz widoczno\u015bci. A aby uzyska\u0107 widoczno\u015b\u0107, musisz mie\u0107 spo\u0142eczno\u015b\u0107, kt\u00f3ra wspiera to, co robisz. <strong>Kupowanie obserwuj\u0105cych TikTok<\/strong> pozwala przyspieszy\u0107 ten proces, bez konieczno\u015bci czekania tygodni lub miesi\u0119cy, a\u017c algorytm zacznie Ci\u0119 nagradza\u0107.<\/p>\n<p>Ponadto, zwi\u0119kszaj\u0105c liczb\u0119 obserwuj\u0105cych, poprawiasz r\u00f3wnie\u017c sw\u00f3j profil w oczach algorytmu, kt\u00f3ry ma tendencj\u0119 do faworyzowania aktywnych kont z trakcj\u0105. Przek\u0142ada si\u0119 to na wi\u0119cej wy\u015bwietle\u0144, wi\u0119cej polubie\u0144 i wi\u0119cej mo\u017cliwo\u015bci pojawienia si\u0119 w rekomendacjach.<\/p>\n<h3>Zalety kupowania obserwuj\u0105cych na TikTok<\/h3>\n<ul>\n<li>Natychmiastowy rozw\u00f3j Twojej spo\u0142eczno\u015bci<\/li>\n<li>Zwi\u0119ksz wiarygodno\u015b\u0107 i autorytet swojego profilu.<\/li>\n<li>Wi\u0119ksza widoczno\u015b\u0107 i pozycjonowanie w aplikacji<\/li>\n<li>Przyci\u0105gaj organicznych obserwuj\u0105cych dzi\u0119ki efektowi spo\u0142eczno\u015bciowemu.<\/li>\n<li>Bezpieczna dostawa bez uszczerbku dla Twojego konta<\/li>\n<\/ul>\n<p class=\"translation-block\">Ta us\u0142uga jest idealna dla tw\u00f3rc\u00f3w, influencer\u00f3w, marek, lokalnych firm, artyst\u00f3w i ka\u017cdego, kto chce wykorzysta\u0107 TikTok jako kana\u0142 rozwoju. Niezale\u017cnie od tego, czy dopiero zaczynasz, czy chcesz przenie\u015b\u0107 swoje konto na wy\u017cszy poziom, <strong>kup obserwuj\u0105cych TikTok<\/strong> pomo\u017ce Ci zbudowa\u0107 solidne podstawy do dalszego rozwoju.<\/p>\n<h2>Czy kupowanie obserwuj\u0105cych na TikTok jest bezpieczne?<\/h2>\n<p>Tak, jak najbardziej. Nigdy nie prosimy o has\u0142a ani dost\u0119p do Twojego konta. Wystarczy, \u017ce podasz nam nazw\u0119 u\u017cytkownika swojego konta publicznego. Rozw\u00f3j jest stopniowy i naturalny, zaprojektowany tak, aby Tw\u00f3j profil by\u0142 zawsze bezpieczny.<\/p>\n<p class=\"translation-block\">Ponadto nasze systemy s\u0105 zoptymalizowane pod k\u0105tem zgodno\u015bci z najlepszymi praktykami bran\u017cowymi. Nie ryzykujemy Twojego konta ani reputacji. Pracujemy tylko z bezpiecznymi, wydajnymi i dyskretnymi metodami. <strong>Kupno obserwuj\u0105cych TikTok<\/strong> to strategiczna i wolna od ryzyka decyzja.<\/p>\n<h3>Kto mo\u017ce skorzysta\u0107 z tej us\u0142ugi?<\/h3>\n<p class=\"translation-block\">Ta us\u0142uga jest przeznaczona dla ka\u017cdego u\u017cytkownika, kt\u00f3ry chce szybciej wyr\u00f3\u017cni\u0107 si\u0119 na TikTok. Od nowych profili szukaj\u0105cych swoich pierwszych obserwuj\u0105cych po uznane marki, kt\u00f3re musz\u0105 wzmocni\u0107 swoj\u0105 obecno\u015b\u0107 w mediach spo\u0142eczno\u015bciowych. <strong>Kup obserwuj\u0105cych TikTok<\/strong> to przydatne narz\u0119dzie na ka\u017cdym etapie rozwoju.<\/p>\n<ul>\n<li>Muzycy i arty\u015bci publikuj\u0105cy oryginalne tre\u015bci<\/li>\n<li>\ud83d\udce2 Influencerzy, kt\u00f3rzy chc\u0105 przyci\u0105gn\u0105\u0107 partner\u00f3w<\/li>\n<li>\ud83d\udecd\ufe0f Sklepy internetowe lub marki, kt\u00f3re chc\u0105 zyska\u0107 rozg\u0142os<\/li>\n<li>Cyfrowi przedsi\u0119biorcy, kt\u00f3rzy chc\u0105 budowa\u0107 zaufanie<\/li>\n<li>Konta osobiste, kt\u00f3re chc\u0105 si\u0119 rozwija\u0107 od zera<\/li>\n<\/ul>\n<h2>Jak dzia\u0142a ten proces?<\/h2>\n<p>Kupowanie obserwuj\u0105cych TikTok jest szybkie i \u0142atwe. Po prostu wybierz pakiet, kt\u00f3ry najbardziej Ci odpowiada, wprowad\u017a swoj\u0105 nazw\u0119 u\u017cytkownika i z\u0142\u00f3\u017c zam\u00f3wienie. My zajmiemy si\u0119 reszt\u0105. Dostawa rozpocznie si\u0119 w kr\u00f3tkim czasie i b\u0119dzie stopniowa, aby utrzyma\u0107 naturalny wzrost.<\/p>\n<p class=\"translation-block\">A je\u015bli chcesz uzyska\u0107 jeszcze pe\u0142niejszy wzrost, mo\u017cesz po\u0142\u0105czy\u0107 t\u0119 us\u0142ug\u0119 z <a href=\"https:\/\/doymedia.com\/pl\/kup-widoki-tiktok\/\" target=\"_self\"><strong>zakupem wy\u015bwietle\u0144 TikTok<\/strong><\/a> lub <a href=\"https:\/\/doymedia.com\/pl\/kup-polubienia-tiktok\/\" target=\"_self\"><strong>zakupem polubie\u0144 TikTok,<\/strong><\/a> tworz\u0105c zr\u00f3wnowa\u017con\u0105 i skuteczn\u0105 strategi\u0119 wzrostu.<\/p>\n<h2>Rozwi\u0144 swoje konto ju\u017c dzi\u015b<\/h2>\n<p class=\"translation-block\">Nie czekaj, a\u017c algorytm zdecyduje si\u0119 zapewni\u0107 Ci widoczno\u015b\u0107. Przejmij kontrol\u0119 nad swoim rozwojem. Dzi\u0119ki <strong>buy TikTok followers<\/strong> mo\u017cesz zacz\u0105\u0107 lepiej si\u0119 pozycjonowa\u0107, przyci\u0105ga\u0107 wi\u0119cej mo\u017cliwo\u015bci i budowa\u0107 wspieraj\u0105c\u0105 Ci\u0119 spo\u0142eczno\u015b\u0107. Tw\u00f3j profil zas\u0142uguje na to, by si\u0119 wyr\u00f3\u017cnia\u0107, a to jest pierwszy krok.<\/p>\n<\/div><\/div><\/div><\/div><\/div><\/div><\/div><\/section>","protected":false},"excerpt":{"rendered":"TikTok sta\u0142 si\u0119 jedn\u0105 z najpot\u0119\u017cniejszych platform do zdobywania widoczno\u015bci, \u0142\u0105czenia si\u0119 z m\u0142odymi odbiorcami i tworzenia tre\u015bci wirusowych. Ale je\u015bli tw\u00f3j profil nie ma obserwuj\u0105cych, twoje filmy, bez wzgl\u0119du na to, jak dobre s\u0105, mog\u0105 pozosta\u0107 niezauwa\u017cone. Dlatego kupowanie obserwuj\u0105cych TikTok jest skuteczn\u0105 strategi\u0105, aby szybciej si\u0119 wyr\u00f3\u017cni\u0107 i uwiarygodni\u0107 sw\u00f3j...","protected":false},"featured_media":317,"comment_status":"open","ping_status":"closed","template":"","meta":{"_acf_changed":false},"product_brand":[],"product_cat":[18],"product_tag":[],"class_list":{"0":"post-99","1":"product","2":"type-product","3":"status-publish","4":"has-post-thumbnail","6":"product_cat-tiktok","7":"wcpa_has_options","9":"first","10":"instock","11":"sale","12":"featured","13":"shipping-taxable","14":"purchasable","15":"product-type-variable","16":"has-default-attributes"},"acf":[],"wcpa_form_fields":{"wcpaData":{"product":{"product_price":3.99,"price_html":"","original_product_price":3.99,"price_including_tax":3.99,"price_excluding_tax":3.99,"product_id":{"parent":99,"variation":false},"is_variable":true,"stock_status":"instock","stock_quantity":null,"parent_sku":"","product_attributes":{"cantidad":{"is_variation":true,"values":[]}},"custom_fields":[],"is_taxable":false,"product_name":"Comprar Seguidores TikTok","hasImage":false},"fields":{"sec_1067fa7982ea860":{"extra":{"key":"sec_1067fa7982ea860","section_id":"sec_1067fa7982ea860","name":"Por defecto","status":1,"toggle":true,"form_id":1028,"form_rules":{"exclude_from_discount":false,"fee_label":"Extr\u00e1k","disp_hide_options_price":false,"disp_show_section_price":false,"disp_show_field_price":false,"layout_option":"standard","pric_use_as_fee":false,"process_fee_as":"woo_fee"},"layout_option":"standard"},"fields":[[{"active":true,"col":5,"relations":false,"cl_rule":"show","enableCl":false,"price":"","enablePrice":false,"className":"","type":"text","subtype":"text","required":true,"elementId":"text_967fa7982ea88a","label":"Nombre de Usuario","name":"text_967fa7982ea88a","value":"","error":false,"placeholder":"Ejemplo: @mrbeast","enableDesign":false,"LabelSize":"16px","gt_translate_keys":["label","placeholder","value"],"price_dependency":false,"cl_dependency":false}],[{"active":true,"col":5,"relations":false,"cl_rule":"show","enableCl":false,"price":"","enablePrice":true,"className":"","label_position":"default","desc_position":"default","type":"select","required":false,"elementId":"select_867fa7982ea894","label":"A\u00f1adir Likes con Descuento","name":"select_867fa7982ea894","values":[{"label":"100 Likes","value":"100","selected":false,"tempId":"aco_46","price":"2,89","gt_translate_keys":["label"]},{"label":"500 Likes","value":"500","selected":false,"tempId":"aco_1337","price":"5,79","gt_translate_keys":["label"]},{"label":"1.000 Likes","value":"1000","selected":false,"tempId":"aco_910","price":"8,69","gt_translate_keys":["label"]},{"label":"2.000 Likes","value":"2000","selected":false,"tempId":"aco_911","price":"16,59","gt_translate_keys":["label"]},{"label":"5.000 Likes","value":"5000","selected":false,"tempId":"aco_912","price":"28,89","gt_translate_keys":["label"]},{"label":"10.000 Likes","value":"10000","selected":false,"tempId":"aco_1219","price":"48,29","gt_translate_keys":["label"]}],"dropdown_type":"basic","error":false,"placeholder":"Ninguno","priceOptions":"different_for_all","pricingType":"fixed","use_as_fee":false,"enableDesign":false,"LabelSize":"16px","gt_translate_keys":["label","placeholder"],"price_dependency":false,"cl_dependency":["textarea_167fa7982ea8b0"],"value":""}],[{"label":"A\u00f1adir Views con Descuento","active":true,"required":false,"elementId":"select-8531597607","dropdown_type":"basic","placeholder":"Ninguno","name":"select-8531597607","label_position":"default","desc_position":"default","enablePrice":true,"className":"","enableCl":false,"relations":false,"enableDesign":false,"LabelSize":"16px","values":[{"label":"100 Views","value":"100","selected":false,"tempId":"aco_46","price":"1,89","gt_translate_keys":["label"]},{"label":"500 Views","value":"500","selected":false,"tempId":"aco_1337","price":"2,79","gt_translate_keys":["label"]},{"label":"1.000 Views","value":"1000","selected":false,"tempId":"aco_910","price":"3,69","gt_translate_keys":["label"]},{"label":"2.000 Views","value":"2000","selected":false,"tempId":"aco_911","price":"4,59","gt_translate_keys":["label"]},{"label":"5.000 Views","value":"5000","selected":false,"tempId":"aco_912","price":"6,49","gt_translate_keys":["label"]},{"label":"10.000 Views","value":"10000","selected":false,"tempId":"aco_1219","price":"8,79","gt_translate_keys":["label"]},{"label":"50.000 Views","value":"50k","selected":false,"tempId":"aco_977","price":"42,69","gt_translate_keys":["label"]}],"priceOptions":"different_for_all","pricingType":"fixed","price":"","use_as_fee":false,"cl_rule":"show","col":5,"type":"select","error":false,"gt_translate_keys":["label","placeholder"],"price_dependency":false,"cl_dependency":false,"value":""}],[{"active":true,"col":5,"relations":[{"operator":false,"rules":[{"operator":"AND","rules":{"cl_field":"select_867fa7982ea894","cl_relation":"is_not_empty","cl_val":"likes"}}]}],"cl_rule":"show","enableCl":true,"price":"","enablePrice":false,"className":"","label_position":"default","desc_position":"default","type":"textarea","required":true,"elementId":"textarea_167fa7982ea8b0","label":"Enlaces a las Publicaciones","name":"textarea_167fa7982ea8b0","value":"","rows":2,"error":false,"placeholder":"Introducir Enlaces de esta Forma:\nhttps:\/\/www.tiktok.com\/@mrbeast\/video\/7487001177385635103\nhttps:\/\/www.tiktok.com\/@mrbeast\/video\/7460191038293069102","gt_translate_keys":["label","placeholder","value"],"price_dependency":false,"cl_dependency":false}]]}},"config":{"price_override":"","enable_recaptcha":false,"bind_quantity":false,"quantity_bind_formula":false,"disp_summ_show_option_price":false,"disp_summ_show_product_price":false,"disp_summ_show_total_price":false,"disp_summ_show_fee":false,"disp_summ_show_discount":false,"summary_title":"","options_total_label":"Extr\u00e1k","total_label":"\u00d6sszesen","options_product_label":"Producto","fee_label":"Extr\u00e1k","discount_label":"Descuento","has_price":true,"has_quantity_formula":false},"mc_unit":1,"tax_rate":1,"tax_rate_real":1,"discount":{"percentage":0,"fixed":0},"design":{"conf":{"LabelPosition":"above","DescPosition":"above","UploadField":"custom_1","QuantityFieldStyle":"default"},"css":{"LeftLabelWidth":"120px"}},"formulas":[],"clones":false,"cartKey":false}},"_links":{"self":[{"href":"https:\/\/doymedia.com\/pl\/wp-json\/wp\/v2\/product\/99","targetHints":{"allow":["GET"]}}],"collection":[{"href":"https:\/\/doymedia.com\/pl\/wp-json\/wp\/v2\/product"}],"about":[{"href":"https:\/\/doymedia.com\/pl\/wp-json\/wp\/v2\/types\/product"}],"replies":[{"embeddable":true,"href":"https:\/\/doymedia.com\/pl\/wp-json\/wp\/v2\/comments?post=99"}],"wp:featuredmedia":[{"embeddable":true,"href":"https:\/\/doymedia.com\/pl\/wp-json\/wp\/v2\/media\/317"}],"wp:attachment":[{"href":"https:\/\/doymedia.com\/pl\/wp-json\/wp\/v2\/media?parent=99"}],"wp:term":[{"taxonomy":"product_brand","embeddable":true,"href":"https:\/\/doymedia.com\/pl\/wp-json\/wp\/v2\/product_brand?post=99"},{"taxonomy":"product_cat","embeddable":true,"href":"https:\/\/doymedia.com\/pl\/wp-json\/wp\/v2\/product_cat?post=99"},{"taxonomy":"product_tag","embeddable":true,"href":"https:\/\/doymedia.com\/pl\/wp-json\/wp\/v2\/product_tag?post=99"}],"curies":[{"name":"wp","href":"https:\/\/api.w.org\/{rel}","templated":true}]}}