{"id":404,"date":"2025-03-27T19:19:49","date_gmt":"2025-03-27T18:19:49","guid":{"rendered":"https:\/\/v2.doymedia.com\/?page_id=404"},"modified":"2025-07-29T17:56:24","modified_gmt":"2025-07-29T15:56:24","slug":"termos-e-condicoes","status":"publish","type":"page","link":"https:\/\/doymedia.com\/pt\/terminos-y-condiciones\/","title":{"rendered":"Termos e condi\u00e7\u00f5es"},"content":{"rendered":"<section class=\"l-section wpb_row height_medium\"><div class=\"l-section-h i-cf\"><div class=\"g-cols vc_row via_flex valign_top type_default stacking_default\"><div class=\"vc_col-sm-12 wpb_column vc_column_container\"><div class=\"vc_column-inner\"><div class=\"wpb_wrapper\"><div class=\"wpb_text_column\"><div class=\"wpb_wrapper\"><h1>Termos e condi\u00e7\u00f5es<\/h1>\n<p><b>DoyMedia <\/b>cumpre as disposi\u00e7\u00f5es da Lei 34\/2002 sobre Servi\u00e7os da Sociedade da Informa\u00e7\u00e3o e Com\u00e9rcio Eletr\u00f3nico (LSSI-CE), da Lei Org\u00e2nica 3\/2018 sobre a Prote\u00e7\u00e3o de Dados Pessoais e Garantia dos Direitos Digitais (LOPDGDD) e do Regulamento (UE) 2016\/679, o Regulamento Geral de Prote\u00e7\u00e3o de Dados (RGPD).<\/p>\n<p>A utiliza\u00e7\u00e3o do portal atribui a condi\u00e7\u00e3o de Utilizador e implica a aceita\u00e7\u00e3o plena e sem reservas de todas e cada uma das disposi\u00e7\u00f5es inclu\u00eddas no presente Aviso Legal, pelo que, se o Utilizador n\u00e3o concordar com alguma das condi\u00e7\u00f5es aqui estabelecidas, n\u00e3o dever\u00e1 utilizar\/aceder a este portal.<\/p>\n<p>Acesso a <strong>DoyMedia.com<\/strong> e a utiliza\u00e7\u00e3o dos seus servi\u00e7os est\u00e1 sujeita \u00e0s condi\u00e7\u00f5es gerais a seguir enunciadas, bem como \u00e0s condi\u00e7\u00f5es espec\u00edficas que figuram nos seus anexos ou nos pain\u00e9is de an\u00fancios de uma determinada p\u00e1gina (as \"condi\u00e7\u00f5es gerais\").<\/p>\n<p>Ao continuar a visitar este s\u00edtio, o utilizador (o \"Utilizador\") concorda em ficar vinculado aos presentes Termos e Condi\u00e7\u00f5es.<\/p>\n<p><strong>Reservamo-nos o direito de bloquear a entrada no s\u00edtio, de deixar de permitir quaisquer compras e de n\u00e3o responder a mensagens recebidas de qualquer pessoa que viole estes termos e condi\u00e7\u00f5es.<\/strong><\/p>\n<h3>SERVI\u00c7O<\/h3>\n<p class=\"translation-block\">Este \u00e9 um meio de informa\u00e7\u00e3o, publicidade e comunica\u00e7\u00e3o online fornecido pelo <strong>DoyMedia.com<\/strong>, e constitui a aceita\u00e7\u00e3o pelo utilizador destes Termos e Condi\u00e7\u00f5es.<\/p>\n<p class=\"translation-block\">A informa\u00e7\u00e3o contida em <strong>DoyMedia.com<\/strong> n\u00e3o pode ser considerada exaustiva, completa ou que satisfa\u00e7a todas as necessidades do utilizador, pelo que se aconselha o utilizador a ler estes Termos e Condi\u00e7\u00f5es com especial aten\u00e7\u00e3o.<\/p>\n<h3>RESPONSABILIDADE PELAS LIGA\u00c7\u00d5ES<\/h3>\n<p class=\"translation-block\">O <strong>DoyMedia.com<\/strong> poder\u00e1 fornecer links, websites ou servi\u00e7os de outras organiza\u00e7\u00f5es e empresas atrav\u00e9s do(s) seu(s) website(s), bem como proporcionar ao utilizador do seu website, o download de software de terceiros. O utilizador compreende e aceita que <strong>DoyMedia.com<\/strong> n\u00e3o controla e n\u00e3o \u00e9 respons\u00e1vel por estes servi\u00e7os e produtos.<\/p>\n<p class=\"translation-block\">O utilizador do site aceita e reconhece que <strong>DoyMedia.com<\/strong> n\u00e3o controla, supervisiona ou assume qualquer responsabilidade pela qualidade, seguran\u00e7a, carater\u00edsticas e outros elementos dos produtos e\/ou servi\u00e7os promovidos ou oferecidos por terceiros no seu site.<\/p>\n<h3>REEMBOLSOS E ANULA\u00c7\u00d5ES<\/h3>\n<p>Devido \u00e0 natureza digital dos nossos servi\u00e7os, uma vez que a encomenda tenha sido processada e entregue, n\u00e3o s\u00e3o aceites quaisquer reembolsos. De acordo com o artigo 103.m do Real Decreto Legislativo 1\/2007, o direito de desist\u00eancia n\u00e3o se aplica aos conte\u00fados digitais cuja execu\u00e7\u00e3o tenha sido iniciada com o consentimento expresso do consumidor.<\/p>\n<p>Em caso de incidente t\u00e9cnico ou de erro na encomenda, o utilizador pode contactar a nossa equipa em contacto@doymedia.com no prazo de 12 horas ap\u00f3s a compra.<\/p>\n<h3>M\u00c9TODOS DE PAGAMENTO<\/h3>\n<p class=\"translation-block\">Atualmente, oferecemos <strong>pagamento totalmente seguro por cart\u00e3o de cr\u00e9dito ou d\u00e9bito<\/strong> processado diretamente pelo nosso banco. NUNCA armazenamos ou processamos os dados pessoais do seu cart\u00e3o.<\/p>\n<p>Tamb\u00e9m oferecemos pagamento por criptomoeda (Bitcoin, Ethereum, Litecoin, etc.) e por transfer\u00eancia banc\u00e1ria.<\/p>\n<p class=\"translation-block\">DoyMedia.com \u00e9 uma <strong>empresa espanhola legal<\/strong> que est\u00e1 protegida por uma encripta\u00e7\u00e3o SSL de 256 bytes, e tamb\u00e9m \u00e9 monitorizada 24 horas por dia por uma das melhores empresas do mundo em seguran\u00e7a de s\u00edtios web: Cloudflare.com, o que torna a sua navega\u00e7\u00e3o e compras online neste site totalmente seguras.<\/p>\n<h3>V\u00c1RIOS<\/h3>\n<p class=\"translation-block\"><strong>- Pol\u00edtica de Utiliza\u00e7\u00e3o do Servi\u00e7o.<\/strong> O Utilizador concorda com a Pol\u00edtica de Utiliza\u00e7\u00e3o do Servi\u00e7o aqui estabelecida, conforme alterada periodicamente. O <strong>DoyMedia.com<\/strong> reserva-se o direito de remover ou modificar qualquer informa\u00e7\u00e3o, comunica\u00e7\u00e3o ou mensagem que, na sua opini\u00e3o, viole a Pol\u00edtica de Uso.<\/p>\n<p class=\"translation-block\"><strong>- Copyright.<\/strong> A informa\u00e7\u00e3o contida no Site pode ser propriedade intelectual de <strong>DoyMedia.com<\/strong>, ou de terceiros. A informa\u00e7\u00e3o s\u00f3 pode ser usada para fins n\u00e3o comerciais. A retransmiss\u00e3o ou publica\u00e7\u00e3o de qualquer material \u00e9 proibida sem o consentimento pr\u00e9vio por escrito do seu autor. Quando a autoriza\u00e7\u00e3o \u00e9 concedida, o Utilizador deve citar o autor e n\u00e3o pode modificar este material.<\/p>\n<p><strong>- Problemas com as redes sociais:<\/strong> DoyMedia.com n\u00e3o se responsabiliza por qualquer bloqueio de conta ou qualquer outro problema que tenha com as Redes Sociais onde adquiriu servi\u00e7os. NOTA: Este tipo de situa\u00e7\u00e3o \u00e9 muito improv\u00e1vel de acontecer, uma vez que as redes sociais n\u00e3o detectam os nossos servi\u00e7os, mas caso aconte\u00e7a \u00e9 da responsabilidade da pessoa respons\u00e1vel pela conta.<\/p>\n<p><strong>- Rastreadores de substitui\u00e7\u00e3o:<\/strong> Cada servi\u00e7o deve ser verificado quanto \u00e0 sua pol\u00edtica de reabastecimento. Os reabastecimentos s\u00e3o especificados na descri\u00e7\u00e3o de cada servi\u00e7o.<\/p>\n<p><strong>- Perdeu seguidores antes de fazer compras connosco:<\/strong> Se tiver comprado seguidores noutro s\u00edtio Web e os estiver a perder, o nosso trabalho ser\u00e1 muito mais complicado, pois teremos de corrigir os erros em qualquer outro s\u00edtio Web onde tenha comprado seguidores anteriormente. Podemos detetar se os seguidores que est\u00e1 a perder s\u00e3o nossos ou anteriores a n\u00f3s, pelo que n\u00e3o aceitaremos qualquer alega\u00e7\u00e3o de perda de seguidores antes de nos ter comprado, uma vez que esses seguidores n\u00e3o s\u00e3o nossos. Tamb\u00e9m \u00e9 de salientar que n\u00e3o poderemos reclamar ou acusar-nos de quaisquer encomendas que estejam a perder seguidores mais antigos, pois tal como referido anteriormente nestes termos e condi\u00e7\u00f5es: \"<em>a aquisi\u00e7\u00e3o de servi\u00e7os semelhantes de outros fornecedores para as mesmas contas anula a garantia de substitui\u00e7\u00e3o ou reembolso dos servi\u00e7os adquiridos a DoyMedia.com.<\/em>\"<\/p>\n<p><strong>- Os perfis do Instagram e do Twitter DEVEM estar no MODO P\u00daBLICO.<\/strong> para podermos adicionar os seguidores. Se a conta do utilizador estiver em modo privado e o aconselharmos a coloc\u00e1-la em modo p\u00fablico, mas o utilizador n\u00e3o o fizer, isso pode ser motivo para marcarmos a encomenda como conclu\u00edda sem podermos adicionar os seguidores.<\/p>\n<p><strong>- Prazo de entrega:<\/strong> A sua encomenda \u00e9 processada automaticamente, mas dependendo da rede social e da quantidade contratada pode demorar um pouco mais ou menos. Em m\u00e9dia, especificamos que os servi\u00e7os podem chegar em 24-48 horas.<\/p>\n<p><strong>- Qualidade dos seguidores, gostos, membros, subscritores, etc..:<\/strong> Os seguidores comprados para o Instagram, Facebook, Twitter, Youtube, Telegram, Tik Tok ou qualquer outra rede social onde vendemos seguidores t\u00eam um aspeto real, mas n\u00e3o \u00e9 garantido que interajam com a sua conta. Isto significa que as contas t\u00eam imagens e parecem contas reais, mas estes seguidores n\u00e3o v\u00e3o interagir, gostando das suas publica\u00e7\u00f5es.<\/p>\n<p class=\"translation-block\"><strong>- Controlo de Conte\u00fados.<\/strong> <strong>DoyMedia.com<\/strong> n\u00e3o controla as comunica\u00e7\u00f5es e materiais que os Utilizadores inserem no site. O <strong>DoyMedia.com<\/strong> n\u00e3o \u00e9 respons\u00e1vel pelo conte\u00fado dessas comunica\u00e7\u00f5es e materiais, mas reserva-se o direito de bloquear o acesso ou remover qualquer comunica\u00e7\u00e3o ou material que considere (a) abusivo, difamat\u00f3rio, obsceno, falso ou enganoso, (b) viola os direitos de propriedade intelectual de terceiros, ou (c) viola as disposi\u00e7\u00f5es dos Termos de Uso do Servi\u00e7o.<\/p>\n<p class=\"translation-block\"><strong>- Compromisso de indemniza\u00e7\u00e3o.<\/strong> O Utilizador compromete-se a indemnizar o <strong>DoyMedia.com<\/strong>, os seus funcion\u00e1rios, licenciantes, fornecedores e licenciados por danos (incluindo custos de defesa) resultantes de qualquer ato ou facto il\u00edcito imput\u00e1vel ao Utilizador ou a terceiros que utilizem a conta do Utilizador. A <strong>DoyMedia.com<\/strong> pode alterar, eliminar e\/ou acrescentar termos e\/ou condi\u00e7\u00f5es em qualquer das cl\u00e1usulas do presente contrato, sem o pr\u00e9vio acordo do Utilizador. O Utilizador \u00e9 o \u00fanico respons\u00e1vel pela confidencialidade e utiliza\u00e7\u00e3o da sua palavra-passe, bem como pelas instru\u00e7\u00f5es que sejam executadas em seu nome a partir da utiliza\u00e7\u00e3o do sistema.<\/p>\n<p><strong>- Nulidade parcial.<\/strong> Se qualquer disposi\u00e7\u00e3o dos presentes Termos e Condi\u00e7\u00f5es for declarada inv\u00e1lida, tal n\u00e3o afectar\u00e1 a validade das restantes disposi\u00e7\u00f5es.<\/p>\n<\/div><\/div><\/div><\/div><\/div><\/div><\/div><\/section>","protected":false},"excerpt":{"rendered":"Termos e Condi\u00e7\u00f5es DoyMedia cumpre as disposi\u00e7\u00f5es da Lei 34\/2002 sobre Servi\u00e7os da Sociedade da Informa\u00e7\u00e3o e Com\u00e9rcio Eletr\u00f4nico (LSSI-CE), Lei Org\u00e2nica 3\/2018 sobre Prote\u00e7\u00e3o de Dados Pessoais e garantia de direitos digitais (LOPDGDD) e Regulamento (UE) 2016\/679, Regulamento Geral de Prote\u00e7\u00e3o de Dados (GDPR). O...","protected":false},"author":1,"featured_media":0,"parent":0,"menu_order":0,"comment_status":"closed","ping_status":"closed","template":"","meta":{"_acf_changed":false,"footnotes":""},"class_list":["post-404","page","type-page","status-publish","hentry"],"acf":[],"_links":{"self":[{"href":"https:\/\/doymedia.com\/pt\/wp-json\/wp\/v2\/pages\/404","targetHints":{"allow":["GET"]}}],"collection":[{"href":"https:\/\/doymedia.com\/pt\/wp-json\/wp\/v2\/pages"}],"about":[{"href":"https:\/\/doymedia.com\/pt\/wp-json\/wp\/v2\/types\/page"}],"author":[{"embeddable":true,"href":"https:\/\/doymedia.com\/pt\/wp-json\/wp\/v2\/users\/1"}],"replies":[{"embeddable":true,"href":"https:\/\/doymedia.com\/pt\/wp-json\/wp\/v2\/comments?post=404"}],"version-history":[{"count":6,"href":"https:\/\/doymedia.com\/pt\/wp-json\/wp\/v2\/pages\/404\/revisions"}],"predecessor-version":[{"id":1361,"href":"https:\/\/doymedia.com\/pt\/wp-json\/wp\/v2\/pages\/404\/revisions\/1361"}],"wp:attachment":[{"href":"https:\/\/doymedia.com\/pt\/wp-json\/wp\/v2\/media?parent=404"}],"curies":[{"name":"wp","href":"https:\/\/api.w.org\/{rel}","templated":true}]}}