{"id":629,"date":"2025-03-29T16:18:36","date_gmt":"2025-03-29T15:18:36","guid":{"rendered":"https:\/\/v2.doymedia.com\/?page_id=629"},"modified":"2025-07-29T21:55:46","modified_gmt":"2025-07-29T19:55:46","slug":"politica-de-cookies","status":"publish","type":"page","link":"https:\/\/doymedia.com\/pt\/politica-de-cookies\/","title":{"rendered":"Pol\u00edtica de cookies"},"content":{"rendered":"<p><span style=\"font-size: 2rem; letter-spacing: 0em;\">Pol\u00edtica de cookies<\/span><\/p>\n<header><\/header>\n<div>\n<p class=\"translation-block\">Em cumprimento do <strong>artigo 22.2 da Lei 34\/2002<\/strong> de Servi\u00e7os da Sociedade da Informa\u00e7\u00e3o e Com\u00e9rcio Eletr\u00f3nico (LSSI-CE), bem como do <strong>Regulamento (UE) 2016\/679 (RGPD)<\/strong> e da <strong>Lei Org\u00e2nica 3\/2018 (LOPDGDD)<\/strong>, informamos os utilizadores sobre a utiliza\u00e7\u00e3o de cookies neste site.<\/p>\n<h3>1. o que s\u00e3o cookies?<\/h3>\n<p>Os cookies s\u00e3o pequenos ficheiros de texto que s\u00e3o armazenados no browser do utilizador quando este visita um s\u00edtio Web. S\u00e3o utilizados para recordar informa\u00e7\u00f5es sobre a sua visita, como o seu idioma preferido, os produtos no seu carrinho de compras ou se tem sess\u00e3o iniciada, e para melhorar a sua experi\u00eancia de navega\u00e7\u00e3o e fornecer conte\u00fados personalizados.<\/p>\n<h3>2) Que tipos de cookies utilizamos?<\/h3>\n<p class=\"translation-block\">Em <strong>DoyMedia.com<\/strong> utilizamos cookies pr\u00f3prios e de terceiros, que se agrupam nas seguintes categorias:<\/p>\n<h4>\u2705 <strong>Cookies necess\u00e1rios ou t\u00e9cnicos<\/strong><\/h4>\n<p>Essenciais para o funcionamento do s\u00edtio Web. Permitem fun\u00e7\u00f5es b\u00e1sicas como a navega\u00e7\u00e3o, o acesso a \u00e1reas seguras e a gest\u00e3o de encomendas.<\/p>\n<ul>\n<li>Exemplo: cookies de sess\u00e3o, controlo de tr\u00e1fego, autentica\u00e7\u00e3o.<\/li>\n<\/ul>\n<h4>\ud83d\udcca <strong>Cookies anal\u00edticos ou estat\u00edsticos<\/strong><\/h4>\n<p>Recolhem informa\u00e7\u00f5es an\u00f3nimas sobre a forma como os utilizadores interagem com o s\u00edtio Web. Ajudam-nos a compreender o comportamento de navega\u00e7\u00e3o e a melhorar o s\u00edtio.<\/p>\n<ul>\n<li>Exemplo: Google Analytics.<\/li>\n<\/ul>\n<h4>\ud83d\udce2 <strong>Cookies de marketing e publicidade<\/strong><\/h4>\n<p>S\u00e3o utilizados para mostrar an\u00fancios relevantes ao utilizador e medir o seu desempenho. Tamb\u00e9m permitem limitar o n\u00famero de vezes que um an\u00fancio \u00e9 apresentado.<\/p>\n<ul>\n<li>Exemplo: Google Ads, Meta (Facebook\/Instagram), TikTok Ads.<\/li>\n<\/ul>\n<h4>\ud83d\udd17 <strong>Cookies de terceiros<\/strong><\/h4>\n<p>Alguns servi\u00e7os externos, como leitores de v\u00eddeo, mapas ou redes sociais, podem instalar os seus pr\u00f3prios cookies quando o utilizador interage com eles.<\/p>\n<ul>\n<li>Exemplo: YouTube, Google Maps, Facebook, Instagram, TikTok.<\/li>\n<\/ul>\n<h3>3) Como \u00e9 obtido o consentimento?<\/h3>\n<p>Quando visita DoyMedia.com pela primeira vez, apresentamos uma faixa de consentimento atrav\u00e9s de <strong>SimCookies<\/strong>que lhe permite:<\/p>\n<p>\u2705 Aceitar todos os cookies<br \/>\nRejeitar os que n\u00e3o s\u00e3o necess\u00e1rios<br \/>\n\u2699\ufe0f Personalize a sua sele\u00e7\u00e3o<\/p>\n<p>Pode <strong>alterar as suas prefer\u00eancias<\/strong> a qualquer momento a partir da liga\u00e7\u00e3o \"Defini\u00e7\u00f5es de cookies\" dispon\u00edvel no rodap\u00e9 do s\u00edtio.<\/p>\n<h3>4) Como eliminar ou desativar os cookies do seu browser?<\/h3>\n<p>Pode permitir, bloquear ou eliminar os cookies instalados no seu dispositivo, configurando as op\u00e7\u00f5es do seu navegador. De seguida, mostramos-lhe como o fazer nos browsers mais comuns:<\/p>\n<ul>\n<li><strong>Google Chrome:<\/strong><br \/>\n<a href=\"https:\/\/support.google.com\/chrome\/answer\/95647\" target=\"_blank\" rel=\"noopener\">https:\/\/support.google.com\/chrome\/answer\/95647<\/a><\/li>\n<li><strong>Mozilla Firefox:<\/strong><br \/>\n<a href=\"https:\/\/support.mozilla.org\/es\/kb\/habilitar-y-deshabilitar-cookies\" target=\"_blank\" rel=\"noopener\">https:\/\/support.mozilla.org\/es\/kb\/habilitar-y-deshabilitar-cookies<\/a><\/li>\n<li><strong>Safari (Apple):<\/strong><br \/>\n<a href=\"https:\/\/support.apple.com\/es-es\/HT201265\" target=\"_blank\" rel=\"noopener\">https:\/\/support.apple.com\/es-es\/HT201265<\/a><\/li>\n<li><strong>Microsoft Edge:<\/strong><br \/>\n<a href=\"https:\/\/support.microsoft.com\/es-es\/help\/4027947\" target=\"_blank\" rel=\"noopener\">https:\/\/support.microsoft.com\/es-es\/help\/4027947<\/a><\/li>\n<li><strong>\u00d3pera:<\/strong><br \/>\n<a href=\"https:\/\/help.opera.com\/en\/latest\/web-preferences\/#cookies\" target=\"_blank\" rel=\"noopener\">https:\/\/help.opera.com\/en\/latest\/web-preferences\/#cookies<\/a><\/li>\n<\/ul>\n<p class=\"translation-block\">Tamb\u00e9m pode eliminar cookies espec\u00edficos armazenados no seu browser ou instalar extens\u00f5es como <strong>\"Ghostery\"<\/strong> ou <strong>\"Cookie AutoDelete\"<\/strong> para um maior controlo.<\/p>\n<h3>5. Transfer\u00eancia internacional de dados<\/h3>\n<p class=\"translation-block\">Alguns cookies de terceiros podem envolver transfer\u00eancias internacionais de dados, especialmente se forem geridos por empresas localizadas fora do Espa\u00e7o Econ\u00f3mico Europeu (EEE). Nesses casos, garantimos que <strong>prote\u00e7\u00f5es apropriadas<\/strong>, como as <strong>cl\u00e1usulas contratuais padr\u00e3o<\/strong> aprovadas pela Comiss\u00e3o Europeia ou que o provedor esteja aderido ao <strong>Quadro de Privacidade de Dados (DPF)<\/strong>, se aplic\u00e1vel.<\/p>\n<h3>6. Actualiza\u00e7\u00f5es da presente pol\u00edtica<\/h3>\n<p>A presente pol\u00edtica de cookies pode ser actualizada em fun\u00e7\u00e3o de requisitos legais ou t\u00e9cnicos. Qualquer modifica\u00e7\u00e3o relevante ser\u00e1 comunicada nesta p\u00e1gina e, se necess\u00e1rio, atrav\u00e9s da faixa de consentimento.<\/p>\n<p>Aconselhamo-lo a rever esta pol\u00edtica periodicamente.<\/p>\n<\/div>","protected":false},"excerpt":{"rendered":"<p>Pol\u00edtica de Cookies Em conformidade com o artigo 22.2 da Lei 34\/2002 sobre Servi\u00e7os da Sociedade da Informa\u00e7\u00e3o e Com\u00e9rcio Eletr\u00f4nico (LSSI-CE), bem como o Regulamento (UE) 2016\/679 (RGPD) e a Lei Org\u00e2nica 3\/2018 (LOPDGDD), informamos os usu\u00e1rios sobre o uso de cookies neste site. 1. o que s\u00e3o cookies?<\/p>","protected":false},"author":1,"featured_media":0,"parent":0,"menu_order":0,"comment_status":"closed","ping_status":"closed","template":"","meta":{"_acf_changed":false,"footnotes":""},"class_list":["post-629","page","type-page","status-publish","hentry"],"acf":[],"_links":{"self":[{"href":"https:\/\/doymedia.com\/pt\/wp-json\/wp\/v2\/pages\/629","targetHints":{"allow":["GET"]}}],"collection":[{"href":"https:\/\/doymedia.com\/pt\/wp-json\/wp\/v2\/pages"}],"about":[{"href":"https:\/\/doymedia.com\/pt\/wp-json\/wp\/v2\/types\/page"}],"author":[{"embeddable":true,"href":"https:\/\/doymedia.com\/pt\/wp-json\/wp\/v2\/users\/1"}],"replies":[{"embeddable":true,"href":"https:\/\/doymedia.com\/pt\/wp-json\/wp\/v2\/comments?post=629"}],"version-history":[{"count":3,"href":"https:\/\/doymedia.com\/pt\/wp-json\/wp\/v2\/pages\/629\/revisions"}],"predecessor-version":[{"id":1366,"href":"https:\/\/doymedia.com\/pt\/wp-json\/wp\/v2\/pages\/629\/revisions\/1366"}],"wp:attachment":[{"href":"https:\/\/doymedia.com\/pt\/wp-json\/wp\/v2\/media?parent=629"}],"curies":[{"name":"wp","href":"https:\/\/api.w.org\/{rel}","templated":true}]}}