{"id":100,"date":"2025-03-27T01:32:41","date_gmt":"2025-03-27T00:32:41","guid":{"rendered":"https:\/\/v2.doymedia.com\/?post_type=product&#038;p=100"},"modified":"2025-07-16T21:41:37","modified_gmt":"2025-07-16T19:41:37","slug":"comprar-likes-tiktok","status":"publish","type":"product","link":"https:\/\/doymedia.com\/pt\/comprar-likes-tiktok\/","title":{"rendered":"Comprar curtidas no TikTok"},"content":{"rendered":"<section class=\"l-section wpb_row height_medium\"><div class=\"l-section-h i-cf\"><div class=\"g-cols vc_row via_flex valign_top type_default stacking_default\"><div class=\"vc_col-sm-12 wpb_column vc_column_container\"><div class=\"vc_column-inner\"><div class=\"wpb_wrapper\"><div class=\"wpb_text_column\"><div class=\"wpb_wrapper\"><p class=\"translation-block\">No TikTok, cada segundo conta. Voc\u00ea pode ter um \u00f3timo v\u00eddeo, mas se ele n\u00e3o tiver engajamento em pouco tempo, o algoritmo n\u00e3o o mostrar\u00e1 a mais pessoas. \u00c9 por isso que <strong>comprar likes no TikTok<\/strong> se tornou uma estrat\u00e9gia eficaz para melhorar a visibilidade dos seus v\u00eddeos, atrair novos seguidores e refor\u00e7ar a autoridade do seu perfil desde o in\u00edcio.<\/p>\n<p class=\"translation-block\">Os gostos s\u00e3o um sinal importante para o algoritmo do TikTok. Quanto mais intera\u00e7\u00f5es um v\u00eddeo receber, maior ser\u00e1 a probabilidade de se tornar viral. Se voc\u00ea est\u00e1 criando um bom conte\u00fado, mas n\u00e3o est\u00e1 recebendo o reconhecimento que merece, <strong>comprar curtidas no TikTok<\/strong> ajuda a desencadear o efeito cascata de mais alcance, mais visibilidade e mais impacto.<\/p>\n<h2>Porqu\u00ea comprar gostos no TikTok?<\/h2>\n<p class=\"translation-block\">Porque nesta rede social, os n\u00fameros s\u00e3o importantes. Quando um v\u00eddeo recebe muitos \"gostos\", os utilizadores consideram-no valioso, divertido ou digno de confian\u00e7a. Isso encoraja-os a v\u00ea-lo na \u00edntegra, a partilh\u00e1-lo e a seguir a sua conta. Ao <strong>comprar gostos no TikTok<\/strong>, est\u00e1 a aumentar o valor percebido do seu conte\u00fado e a enviar um sinal positivo ao algoritmo.<\/p>\n<p>Este tipo de impulso \u00e9 especialmente \u00fatil se estiver a lan\u00e7ar uma campanha, a promover um produto ou simplesmente se quiser que o seu v\u00eddeo chegue a mais pessoas. N\u00e3o se trata apenas de inflacionar os n\u00fameros - trata-se de construir uma presen\u00e7a s\u00f3lida e aumentar as suas hip\u00f3teses reais de crescimento.<\/p>\n<h3>Vantagens de comprar gostos no TikTok<\/h3>\n<ul>\n<li>Melhoria imediata da visibilidade dos seus v\u00eddeos<\/li>\n<li>Aumento da credibilidade junto de novos utilizadores<\/li>\n<li>Aumento do alcance gra\u00e7as ao algoritmo<\/li>\n<li>\ud83d\udcac Mais intera\u00e7\u00e3o que gera seguidores org\u00e2nicos<\/li>\n<li>Entrega segura, sem colocar a sua conta em risco<\/li>\n<\/ul>\n<p class=\"translation-block\"><strong>Comprar curtidas do TikTok<\/strong> \u00e9 \u00fatil tanto para novas contas quanto para perfis estabelecidos que desejam impulsionar postagens importantes. Com uma boa base de intera\u00e7\u00f5es, cada novo v\u00eddeo que voc\u00ea postar ter\u00e1 uma chance maior de ser notado.<\/p>\n<p>Para al\u00e9m de melhorar a visibilidade, os gostos tamb\u00e9m influenciam a forma como os utilizadores interagem com o seu perfil. Quando algu\u00e9m v\u00ea que o seu v\u00eddeo tem uma boa quantidade de gostos, assume automaticamente que o conte\u00fado tem valor. Isto leva a mais tempo de visualiza\u00e7\u00e3o, mais coment\u00e1rios e, em muitos casos, mais seguidores.<\/p>\n<p class=\"translation-block\"><strong>Comprar gostos no TikTok<\/strong> \u00e9 uma forma de refor\u00e7ar todos os indicadores que o algoritmo tem em conta para fazer crescer uma conta de forma org\u00e2nica.<\/p>\n<h2>\u00c9 seguro comprar gostos no TikTok?<\/h2>\n<p>Sim, totalmente seguro. N\u00e3o pedimos palavras-passe nem acesso \u00e0 sua conta. Tudo o que precisamos \u00e9 do link para o v\u00eddeo que pretende impulsionar. O processo \u00e9 progressivo, natural e concebido para manter o seu perfil sempre protegido.<\/p>\n<p>Trabalhamos com m\u00e9todos testados e sistemas optimizados para garantir resultados eficazes e sem riscos. <strong>Comprar gostos TikTok<\/strong> \u00e9 uma forma fi\u00e1vel de impulsionar o seu conte\u00fado sem comprometer a integridade da sua conta.<\/p>\n<h3>Quem pode beneficiar deste servi\u00e7o?<\/h3>\n<p class=\"translation-block\">Qualquer pessoa que publique conte\u00fados no TikTok. Desde criadores, influenciadores e empreendedores, at\u00e9 marcas que se querem posicionar nesta rede. Se procura aumentar a sua autoridade, atrair mais visitantes ou refor\u00e7ar a sua estrat\u00e9gia, <strong>comprar I like TikTok<\/strong> \u00e9 para si.<\/p>\n<ul>\n<li>Criadores que querem tornar os seus v\u00eddeos virais<\/li>\n<li>Marcas que lan\u00e7am campanhas de marketing<\/li>\n<li>Influenciadores \u00e0 procura de colabora\u00e7\u00f5es<\/li>\n<li>\ud83d\udecd\ufe0f Empresas que vendem atrav\u00e9s do TikTok<\/li>\n<li>Utilizadores que querem destacar-se mais rapidamente<\/li>\n<\/ul>\n<h2>Como \u00e9 que funciona?<\/h2>\n<p>O processo \u00e9 muito simples. Tudo o que tem de fazer \u00e9 escolher o pacote de gostos que melhor se adequa \u00e0s suas necessidades, fornecer-nos o link para o v\u00eddeo e efetuar a encomenda. N\u00f3s tratamos de tudo. A entrega come\u00e7a num curto espa\u00e7o de tempo, de forma progressiva e segura.<\/p>\n<p class=\"translation-block\">E se quiser que o seu perfil cres\u00e7a de uma forma ainda mais equilibrada, pode combinar este servi\u00e7o com a <a href=\"https:\/\/doymedia.com\/pt\/comprar-seguidores-tiktok\/\" target=\"_self\"><strong>compra de seguidores TikTok<\/strong><\/a> ou a <a href=\"https:\/\/doymedia.com\/pt\/comprar-vistas-tiktok\/\" target=\"_self\"><strong>compra de visualiza\u00e7\u00f5es TikTok<\/strong><\/a>. Desta forma, gera uma estrat\u00e9gia de crescimento real e sustent\u00e1vel.<\/p>\n<h2>D\u00ea aos seus v\u00eddeos o reconhecimento que merecem<\/h2>\n<p class=\"translation-block\">N\u00e3o deixe que suas postagens passem despercebidas. Com <strong>comprar curtidas do TikTok<\/strong>, voc\u00ea pode impulsionar seu conte\u00fado, melhorar sua classifica\u00e7\u00e3o e ganhar visibilidade em minutos. Comece hoje e fa\u00e7a com que cada v\u00eddeo conte.<\/p>\n<\/div><\/div><\/div><\/div><\/div><\/div><\/div><\/section>","protected":false},"excerpt":{"rendered":"No TikTok, cada segundo conta. Podes ter um v\u00eddeo fant\u00e1stico, mas se n\u00e3o tiveres envolvimento num curto espa\u00e7o de tempo, o algoritmo n\u00e3o o mostrar\u00e1 a mais pessoas. \u00c9 por isso que comprar likes no TikTok se tornou uma estrat\u00e9gia eficaz para melhorar a visibilidade dos teus v\u00eddeos, atrair novos seguidores e refor\u00e7ar a autoridade do teu perfil...","protected":false},"featured_media":317,"comment_status":"open","ping_status":"closed","template":"","meta":{"_acf_changed":false},"product_brand":[],"product_cat":[18],"product_tag":[],"class_list":{"0":"post-100","1":"product","2":"type-product","3":"status-publish","4":"has-post-thumbnail","6":"product_cat-tiktok","7":"wcpa_has_options","9":"first","10":"instock","11":"sale","12":"featured","13":"shipping-taxable","14":"purchasable","15":"product-type-variable","16":"has-default-attributes"},"acf":[],"wcpa_form_fields":{"wcpaData":{"product":{"product_price":2.99,"price_html":"","original_product_price":2.99,"price_including_tax":2.99,"price_excluding_tax":2.99,"product_id":{"parent":100,"variation":false},"is_variable":true,"stock_status":"instock","stock_quantity":null,"parent_sku":"","product_attributes":{"cantidad":{"is_variation":true,"values":[]}},"custom_fields":[],"is_taxable":false,"product_name":"Comprar Likes TikTok","hasImage":false},"fields":{"sec_167fa907111f84":{"extra":{"key":"sec_167fa907111f84","section_id":"sec_167fa907111f84","name":"Por defecto","status":1,"toggle":true,"form_id":1048,"form_rules":{"exclude_from_discount":false,"fee_label":"Dodatki","disp_hide_options_price":false,"disp_show_section_price":false,"disp_show_field_price":false,"layout_option":"standard","pric_use_as_fee":false,"process_fee_as":"woo_fee"},"layout_option":"standard"},"fields":[[{"active":true,"col":5,"relations":false,"cl_rule":"show","enableCl":false,"price":"","enablePrice":false,"className":"","type":"text","subtype":"text","required":true,"elementId":"text_867fa907111f9e","label":"Enlace al V\u00eddeo","name":"text_867fa907111f9e","value":"","error":false,"placeholder":"Ejemplo: https:\/\/www.tiktok.com\/@mrbeast\/video\/7460191038293069102","enableDesign":false,"LabelSize":"16px","gt_translate_keys":["label","placeholder","value"],"price_dependency":false,"cl_dependency":false}],[{"active":true,"col":5,"relations":false,"cl_rule":"show","enableCl":false,"price":"","enablePrice":true,"className":"","label_position":"default","desc_position":"default","type":"select","required":false,"elementId":"select_667fa907111fac","label":"A\u00f1adir Seguidores con Descuento","name":"select_667fa907111fac","values":[{"label":"100 Seguidores","value":"100","selected":false,"tempId":"aco_46","price":"3,89","gt_translate_keys":["label"]},{"label":"500 Seguidores","value":"500","selected":false,"tempId":"aco_1337","price":"6,79","gt_translate_keys":["label"]},{"label":"1.000 Seguidores","value":"1000","selected":false,"tempId":"aco_910","price":"9,69","gt_translate_keys":["label"]},{"label":"2.000 Seguidores","value":"2000","selected":false,"tempId":"aco_911","price":"19,49","gt_translate_keys":["label"]},{"label":"5.000 Seguidores","value":"5000","selected":false,"tempId":"aco_912","price":"58,39","gt_translate_keys":["label"]}],"dropdown_type":"basic","error":false,"placeholder":"Ninguno","priceOptions":"different_for_all","pricingType":"fixed","use_as_fee":false,"enableDesign":false,"LabelSize":"16px","tooltip":"Los seguidores ser\u00e1n entregados al mismo perfil del v\u00eddeo.","gt_translate_keys":["label","placeholder","tooltip"],"price_dependency":false,"cl_dependency":false,"value":""}],[{"label":"A\u00f1adir Views con Descuento","active":true,"required":false,"elementId":"select_867fa907111fb6","dropdown_type":"basic","placeholder":"Ninguno","name":"select_867fa907111fb6","label_position":"default","desc_position":"default","enablePrice":true,"className":"","enableCl":false,"relations":false,"enableDesign":false,"LabelSize":"16px","values":[{"label":"100 Views","value":"100","selected":false,"tempId":"aco_46","price":"1,89","gt_translate_keys":["label"]},{"label":"500 Views","value":"500","selected":false,"tempId":"aco_1337","price":"2,79","gt_translate_keys":["label"]},{"label":"1.000 Views","value":"1000","selected":false,"tempId":"aco_910","price":"3,69","gt_translate_keys":["label"]},{"label":"2.000 Views","value":"2000","selected":false,"tempId":"aco_911","price":"4,59","gt_translate_keys":["label"]},{"label":"5.000 Views","value":"5000","selected":false,"tempId":"aco_912","price":"6,49","gt_translate_keys":["label"]},{"label":"10.000 Views","value":"10000","selected":false,"tempId":"aco_1219","price":"8,79","gt_translate_keys":["label"]},{"label":"50.000 Views","value":"50k","selected":false,"tempId":"aco_977","price":"42,69","gt_translate_keys":["label"]}],"priceOptions":"different_for_all","pricingType":"fixed","price":"","use_as_fee":false,"cl_rule":"show","col":5,"type":"select","error":false,"tooltip":"Los views ser\u00e1n entregados a la misma publicaci\u00f3n.","gt_translate_keys":["label","placeholder","tooltip"],"price_dependency":false,"cl_dependency":false,"value":""}]]}},"config":{"price_override":"","enable_recaptcha":false,"bind_quantity":false,"quantity_bind_formula":false,"disp_summ_show_option_price":false,"disp_summ_show_product_price":false,"disp_summ_show_total_price":false,"disp_summ_show_fee":false,"disp_summ_show_discount":false,"summary_title":"","options_total_label":"Dodatki","total_label":"\u0141\u0105cznie","options_product_label":"Producto","fee_label":"Dodatki","discount_label":"Descuento","has_price":true,"has_quantity_formula":false},"mc_unit":1,"tax_rate":1,"tax_rate_real":1,"discount":{"percentage":0,"fixed":0},"design":{"conf":{"LabelPosition":"above","DescPosition":"above","UploadField":"custom_1","QuantityFieldStyle":"default"},"css":{"LeftLabelWidth":"120px"}},"formulas":[],"clones":false,"cartKey":false}},"_links":{"self":[{"href":"https:\/\/doymedia.com\/pt\/wp-json\/wp\/v2\/product\/100","targetHints":{"allow":["GET"]}}],"collection":[{"href":"https:\/\/doymedia.com\/pt\/wp-json\/wp\/v2\/product"}],"about":[{"href":"https:\/\/doymedia.com\/pt\/wp-json\/wp\/v2\/types\/product"}],"replies":[{"embeddable":true,"href":"https:\/\/doymedia.com\/pt\/wp-json\/wp\/v2\/comments?post=100"}],"wp:featuredmedia":[{"embeddable":true,"href":"https:\/\/doymedia.com\/pt\/wp-json\/wp\/v2\/media\/317"}],"wp:attachment":[{"href":"https:\/\/doymedia.com\/pt\/wp-json\/wp\/v2\/media?parent=100"}],"wp:term":[{"taxonomy":"product_brand","embeddable":true,"href":"https:\/\/doymedia.com\/pt\/wp-json\/wp\/v2\/product_brand?post=100"},{"taxonomy":"product_cat","embeddable":true,"href":"https:\/\/doymedia.com\/pt\/wp-json\/wp\/v2\/product_cat?post=100"},{"taxonomy":"product_tag","embeddable":true,"href":"https:\/\/doymedia.com\/pt\/wp-json\/wp\/v2\/product_tag?post=100"}],"curies":[{"name":"wp","href":"https:\/\/api.w.org\/{rel}","templated":true}]}}