{"id":188,"date":"2025-03-27T01:32:48","date_gmt":"2025-03-27T00:32:48","guid":{"rendered":"https:\/\/v2.doymedia.com\/?post_type=product&#038;p=188"},"modified":"2025-07-28T20:32:10","modified_gmt":"2025-07-28T18:32:10","slug":"comprar-horas-de-reproducao-no-youtube","status":"publish","type":"product","link":"https:\/\/doymedia.com\/pt\/comprar-horas-de-reproduccion-youtube\/","title":{"rendered":"Comprar horas de reprodu\u00e7\u00e3o do Youtube"},"content":{"rendered":"<section class=\"l-section wpb_row height_medium\"><div class=\"l-section-h i-cf\"><div class=\"g-cols vc_row via_flex valign_top type_default stacking_default\"><div class=\"vc_col-sm-12 wpb_column vc_column_container\"><div class=\"vc_column-inner\"><div class=\"wpb_wrapper\"><div class=\"wpb_text_column\"><div class=\"wpb_wrapper\"><p class=\"translation-block\">Se quiser rentabilizar o seu canal do YouTube, tem de cumprir dois requisitos fundamentais: pelo menos 1000 subscritores e 4000 horas de reprodu\u00e7\u00e3o nos \u00faltimos 12 meses. E embora os subscritores possam ser ganhos com consist\u00eancia e conte\u00fado envolvente, acumular essas horas pode ser um processo longo e frustrante. \u00c9 por isso que <strong>comprar horas de reprodu\u00e7\u00e3o no YouTube<\/strong> \u00e9 uma op\u00e7\u00e3o estrat\u00e9gica e eficaz para atingir esse objetivo mais rapidamente.<\/p>\n<p class=\"translation-block\">O nosso servi\u00e7o ajuda-o a aumentar o tempo de visualiza\u00e7\u00e3o do seu canal de forma segura, natural e dentro dos par\u00e2metros permitidos pelo YouTube. Se est\u00e1 pronto para rentabilizar o seu canal e come\u00e7ar a gerar receitas com os seus v\u00eddeos, <strong>Comprar horas de visualiza\u00e7\u00e3o no YouTube<\/strong> pode ser o empurr\u00e3o que precisa para cumprir os padr\u00f5es do Programa de Parceiros do YouTube.<\/p>\n<h2>Porqu\u00ea comprar horas de reprodu\u00e7\u00e3o no YouTube?<\/h2>\n<p class=\"translation-block\">Porque chegar \u00e0s 4.000 horas e ver as suas estat\u00edsticas crescerem pouco a pouco pode levar meses, ou mesmo anos. E se seu canal estiver estagnado ou ainda n\u00e3o estiver obtendo visibilidade suficiente, esse processo se torna ainda mais lento. Ao <strong>comprar horas de reprodu\u00e7\u00e3o do YouTube<\/strong>, est\u00e1 a acelerar esse caminho e a aumentar as suas hip\u00f3teses de rentabilizar sem depender do algoritmo.<\/p>\n<p>Este servi\u00e7o foi concebido para o ajudar a construir uma base s\u00f3lida de observa\u00e7\u00e3o em tempo real, com visualiza\u00e7\u00f5es a partir de diferentes locais, em v\u00eddeos longos e com uma entrega progressiva que simula o crescimento natural. Ideal para quem est\u00e1 perto do seu objetivo e precisa de um empurr\u00e3o final, ou para quem est\u00e1 a come\u00e7ar e quer come\u00e7ar com o p\u00e9 direito.<\/p>\n<h3>Vantagens de comprar tempo de antena no YouTube<\/h3>\n<ul>\n<li>Acelera o cumprimento dos requisitos de monetiza\u00e7\u00e3o<\/li>\n<li>\ud83d\ude80 Melhorar o posicionamento do seu canal e dos seus v\u00eddeos<\/li>\n<li>Servi\u00e7o seguro, sem colocar a sua conta em risco<\/li>\n<li>\u23f1\ufe0f Entrega progressiva coerente com a atividade real<\/li>\n<li>Reprodu\u00e7\u00e3o internacional a partir de uma variedade de locais<\/li>\n<\/ul>\n<p class=\"translation-block\">Al\u00e9m disso, um canal com um bom tempo de visualiza\u00e7\u00e3o tem maior probabilidade de aparecer em recomenda\u00e7\u00f5es e pesquisas. <strong>Comprar tempo de reprodu\u00e7\u00e3o no YouTube<\/strong> n\u00e3o s\u00f3 o ajuda a rentabilizar, como tamb\u00e9m o posiciona melhor na plataforma.<\/p>\n<h2>\u00c9 seguro comprar horas de reprodu\u00e7\u00e3o?<\/h2>\n<p>Sim, o nosso servi\u00e7o \u00e9 100% seguro e foi concebido para cumprir as normas do YouTube. N\u00e3o pedimos palavras-passe nem qualquer tipo de acesso \u00e0 sua conta. Tudo o que precisa de fazer \u00e9 enviar-nos o link para os v\u00eddeos que pretende impulsionar ou o link para o seu canal, e n\u00f3s faremos o resto.<\/p>\n<p class=\"translation-block\">As horas de reprodu\u00e7\u00e3o s\u00e3o entregues gradualmente, mantendo um ritmo natural e sustent\u00e1vel. Isto evita qualquer comportamento suspeito e protege o seu canal de poss\u00edveis penaliza\u00e7\u00f5es. <strong>Comprar horas de reprodu\u00e7\u00e3o no Youtube<\/strong> connosco \u00e9 um investimento seguro e estrat\u00e9gico.<\/p>\n<h3>Quem pode beneficiar deste servi\u00e7o?<\/h3>\n<p>Este servi\u00e7o \u00e9 ideal para criadores que pretendem rentabilizar o seu canal mais rapidamente ou aumentar a sua autoridade na plataforma. Tamb\u00e9m \u00e9 \u00fatil para ag\u00eancias, m\u00fasicos, marcas pessoais ou empresas que utilizam o YouTube como ferramenta de marketing.<\/p>\n<ul>\n<li>Criadores que pretendem ativar a monetiza\u00e7\u00e3o o mais rapidamente poss\u00edvel<\/li>\n<li>Novos canais que precisam de um impulso inicial<\/li>\n<li>Marcas que publicam conte\u00fados educativos ou promocionais<\/li>\n<li>Artistas que utilizam o YouTube para lan\u00e7ar os seus projectos<\/li>\n<li>Educadores ou especialistas que queiram destacar-se com v\u00eddeos longos<\/li>\n<\/ul>\n<h2>Como \u00e9 que funciona?<\/h2>\n<p>O processo \u00e9 simples: escolhe o n\u00famero de horas de reprodu\u00e7\u00e3o de que necessita, indica-nos o canal ou os v\u00eddeos que pretende promover e n\u00f3s come\u00e7amos a entrega. Tudo \u00e9 feito de forma progressiva, segura e optimizada para que atinja o seu objetivo sem contratempos.<\/p>\n<p class=\"translation-block\">E se quiser complementar a sua estrat\u00e9gia, pode combinar este servi\u00e7o com o <a href=\"https:\/\/doymedia.com\/pt\/comprar-subscritores-do-youtube\/\" target=\"_self\"><strong>buy YouTube subscribers<\/strong><\/a> ou o <a href=\"https:\/\/doymedia.com\/pt\/comprar-visualizacoes-no-youtube\/\" target=\"_self\"><strong>buy YouTube views<\/strong><\/a> para um crescimento completo e coerente.<\/p>\n<h2>Ativar a monetiza\u00e7\u00e3o mais rapidamente<\/h2>\n<p class=\"translation-block\">N\u00e3o espere mais para rentabilizar o seu conte\u00fado. Com <strong>Buy YouTube Playtime<\/strong> pode avan\u00e7ar com seguran\u00e7a, cumprir os requisitos e come\u00e7ar a gerar rendimentos reais com o seu canal. Assuma o controlo do seu crescimento e transforme a sua paix\u00e3o numa fonte de rendimento.<\/p>\n<\/div><\/div><\/div><\/div><\/div><\/div><\/div><\/section>","protected":false},"excerpt":{"rendered":"Se quiseres rentabilizar o teu canal do YouTube, tens de cumprir dois requisitos fundamentais: pelo menos 1000 subscritores e 4000 horas de reprodu\u00e7\u00e3o nos \u00faltimos 12 meses. E embora os subscritores possam ser alcan\u00e7ados com consist\u00eancia e conte\u00fado envolvente, acumular essas horas pode ser um processo longo e frustrante. \u00c9 por isso que comprar horas de reprodu\u00e7\u00e3o...","protected":false},"featured_media":243,"comment_status":"open","ping_status":"closed","template":"","meta":{"_acf_changed":false},"product_brand":[],"product_cat":[21],"product_tag":[],"class_list":{"0":"post-188","1":"product","2":"type-product","3":"status-publish","4":"has-post-thumbnail","6":"product_cat-youtube","7":"wcpa_has_options","9":"first","10":"instock","11":"sale","12":"shipping-taxable","13":"purchasable","14":"product-type-variable","15":"has-default-attributes"},"acf":[],"wcpa_form_fields":{"wcpaData":{"product":{"product_price":14.99,"price_html":"","original_product_price":14.99,"price_including_tax":14.99,"price_excluding_tax":14.99,"product_id":{"parent":188,"variation":false},"is_variable":true,"stock_status":"instock","stock_quantity":null,"parent_sku":"","product_attributes":{"cantidad":{"is_variation":true,"values":[]}},"custom_fields":[],"is_taxable":false,"product_name":"Comprar Horas de Reproducci\u00f3n Youtube","hasImage":false},"fields":{"sec_767faa0c54dde7":{"extra":{"key":"sec_767faa0c54dde7","section_id":"sec_767faa0c54dde7","name":"Por defecto","status":1,"toggle":true,"form_id":1057,"form_rules":{"exclude_from_discount":false,"fee_label":"Extras","disp_hide_options_price":false,"disp_show_section_price":false,"disp_show_field_price":false,"layout_option":"standard","pric_use_as_fee":false,"process_fee_as":"woo_fee"},"layout_option":"standard"},"fields":[[{"active":true,"col":5,"relations":false,"cl_rule":"show","enableCl":false,"price":"","enablePrice":false,"className":"","type":"text","subtype":"text","required":true,"elementId":"text_567faa0c54de0c","label":"Enlace al V\u00eddeo","name":"text_567faa0c54de0c","value":"","error":false,"placeholder":"Ejemplo: https:\/\/www.youtube.com\/watch?v=0e3GPea1Tyg","enableDesign":false,"LabelSize":"16px","gt_translate_keys":["label","placeholder","value"],"price_dependency":false,"cl_dependency":false}],[{"active":true,"col":5,"relations":false,"cl_rule":"show","enableCl":false,"price":"","enablePrice":false,"className":"mensaje-informacion","label_position":"default","desc_position":"default","type":"content","required":false,"elementId":"content_8420301710","label":"","name":"content_8420301710","contentType":"rich","value":"<p>Imprescindible que el v\u00eddeo tenga al menos 60 minutos de duraci\u00f3n.<\/p>","error":false,"scrollBar":false,"enableDesign":false,"LabelColor":"","DescColor":"#c30003","DescSize":"16px","gt_translate_keys":["label","value"],"price_dependency":false,"cl_dependency":false}]]}},"config":{"price_override":"","enable_recaptcha":false,"bind_quantity":false,"quantity_bind_formula":false,"disp_summ_show_option_price":false,"disp_summ_show_product_price":false,"disp_summ_show_total_price":false,"disp_summ_show_fee":false,"disp_summ_show_discount":false,"summary_title":"","options_total_label":"Extras","total_label":"Total","options_product_label":"Producto","fee_label":"Extras","discount_label":"Descuento","has_price":true,"has_quantity_formula":false},"mc_unit":1,"tax_rate":1,"tax_rate_real":1,"discount":{"percentage":0,"fixed":0},"design":{"conf":{"LabelPosition":"above","DescPosition":"above","UploadField":"custom_1","QuantityFieldStyle":"default"},"css":{"LeftLabelWidth":"120px"}},"formulas":[],"clones":false,"cartKey":false}},"_links":{"self":[{"href":"https:\/\/doymedia.com\/pt\/wp-json\/wp\/v2\/product\/188","targetHints":{"allow":["GET"]}}],"collection":[{"href":"https:\/\/doymedia.com\/pt\/wp-json\/wp\/v2\/product"}],"about":[{"href":"https:\/\/doymedia.com\/pt\/wp-json\/wp\/v2\/types\/product"}],"replies":[{"embeddable":true,"href":"https:\/\/doymedia.com\/pt\/wp-json\/wp\/v2\/comments?post=188"}],"wp:featuredmedia":[{"embeddable":true,"href":"https:\/\/doymedia.com\/pt\/wp-json\/wp\/v2\/media\/243"}],"wp:attachment":[{"href":"https:\/\/doymedia.com\/pt\/wp-json\/wp\/v2\/media?parent=188"}],"wp:term":[{"taxonomy":"product_brand","embeddable":true,"href":"https:\/\/doymedia.com\/pt\/wp-json\/wp\/v2\/product_brand?post=188"},{"taxonomy":"product_cat","embeddable":true,"href":"https:\/\/doymedia.com\/pt\/wp-json\/wp\/v2\/product_cat?post=188"},{"taxonomy":"product_tag","embeddable":true,"href":"https:\/\/doymedia.com\/pt\/wp-json\/wp\/v2\/product_tag?post=188"}],"curies":[{"name":"wp","href":"https:\/\/api.w.org\/{rel}","templated":true}]}}