{"id":838,"date":"2025-04-10T17:35:14","date_gmt":"2025-04-10T15:35:14","guid":{"rendered":"https:\/\/v2.doymedia.com\/?post_type=product&#038;p=838"},"modified":"2025-05-12T16:19:10","modified_gmt":"2025-05-12T14:19:10","slug":"comprar-likes-no-twitter","status":"publish","type":"product","link":"https:\/\/doymedia.com\/pt\/comprar-likes-twitter\/","title":{"rendered":"Comprar curtidas no Twitter"},"content":{"rendered":"<section class=\"l-section wpb_row height_medium\"><div class=\"l-section-h i-cf\"><div class=\"g-cols vc_row via_flex valign_top type_default stacking_default\"><div class=\"vc_col-sm-12 wpb_column vc_column_container\"><div class=\"vc_column-inner\"><div class=\"wpb_wrapper\"><div class=\"wpb_text_column\"><div class=\"wpb_wrapper\"><p class=\"translation-block\">No Twitter, os gostos s\u00e3o muito mais do que uma rea\u00e7\u00e3o. Eles representam apoio, valida\u00e7\u00e3o e relev\u00e2ncia. Quando um tweet acumula muitos <em><strong>gostos,<\/strong><\/em> ganha visibilidade, credibilidade e tem mais probabilidades de se espalhar rapidamente. Por isso, <strong>comprar gostos no Twitter<\/strong> \u00e9 uma estrat\u00e9gia eficaz para melhorar o desempenho das suas publica\u00e7\u00f5es e aumentar a sua presen\u00e7a nesta rede social.<\/p>\n<p class=\"translation-block\">Se est\u00e1 a partilhar conte\u00fado valioso mas n\u00e3o est\u00e1 a obter o envolvimento que espera, <strong>comprar gostos no Twitter<\/strong> pode ajud\u00e1-lo a ativar o algoritmo, a obter mais aten\u00e7\u00e3o e a gerar um efeito de onda que atrai retu\u00edtes, seguidores e novos coment\u00e1rios.<\/p>\n<h2>Porqu\u00ea comprar gostos no Twitter?<\/h2>\n<p class=\"translation-block\">Porque o algoritmo e os utilizadores respondem ao movimento. Um tweet que recebe muitos gostos num curto espa\u00e7o de tempo ganha for\u00e7a e \u00e9 mostrado a mais pessoas. Ao <strong>comprar likes no Twitter<\/strong>, est\u00e1 a aumentar as hip\u00f3teses de o seu conte\u00fado ser visto, partilhado e valorizado por mais utilizadores.<\/p>\n<p class=\"translation-block\">Al\u00e9m disso, os <em><strong>gostos<\/strong><\/strong><\/em> d\u00e3o for\u00e7a ao seu perfil. N\u00e3o importa se est\u00e1 a come\u00e7ar ou se j\u00e1 tem um p\u00fablico, mostrar atividade nas suas publica\u00e7\u00f5es posiciona-o como uma conta ativa, atraente e influente. \u00c9 uma forma simples e eficaz de refor\u00e7ar a sua imagem digital.<\/p>\n<h3>Vantagens de comprar gostos no Twitter<\/h3>\n<ul>\n<li>Aumento imediato da intera\u00e7\u00e3o<\/li>\n<li>\ud83d\ude80 Mais visibilidade para os seus tweets importantes<\/li>\n<li>Melhorar a perce\u00e7\u00e3o do seu conte\u00fado aos olhos dos outros utilizadores.<\/li>\n<li>Refor\u00e7ar a sua autoridade na plataforma<\/li>\n<li>Entrega segura, sem comprometer a sua conta<\/li>\n<\/ul>\n<p class=\"translation-block\">Este servi\u00e7o \u00e9 \u00fatil para utilizadores individuais, bem como para marcas, criadores de conte\u00fados, influenciadores ou empresas. Se voc\u00ea est\u00e1 lan\u00e7ando uma mensagem importante, promovendo algo ou simplesmente quer melhorar a atividade da sua conta, <strong>comprar curtidas no Twitter<\/strong> \u00e9 uma ferramenta direta e eficaz.<\/p>\n<p>Al\u00e9m disso, quando as suas publica\u00e7\u00f5es acumulam constantemente gostos, \u00e9 mais prov\u00e1vel que os novos utilizadores confiem no seu conte\u00fado. Isto aumenta o tempo que passam no seu perfil, a probabilidade de serem seguidos e o envolvimento geral.<\/p>\n<p class=\"translation-block\"><strong>Comprar gostos no Twitter<\/strong> n\u00e3o melhora apenas as suas estat\u00edsticas: melhora a perce\u00e7\u00e3o geral que os outros t\u00eam de si ou da sua marca.<\/p>\n<h2>\u00c9 seguro comprar gostos no Twitter?<\/h2>\n<p>Sim, completamente. N\u00e3o pedimos palavras-passe nem acesso \u00e0 sua conta. Apenas precisamos da hiperliga\u00e7\u00e3o para o tweet que pretende impulsionar.<\/p>\n<p class=\"translation-block\">O nosso servi\u00e7o est\u00e1 optimizado para ser seguro, discreto e eficaz. Milhares de utilizadores melhoraram a visibilidade dos seus tweets connosco sem qualquer risco. <strong>Comprar likes no Twitter<\/strong> \u00e9 uma decis\u00e3o estrat\u00e9gica, e aqui pode faz\u00ea-lo com confian\u00e7a.<\/p>\n<h3>Quem pode beneficiar deste servi\u00e7o?<\/h3>\n<p>Qualquer conta que pretenda melhorar a sua presen\u00e7a no Twitter. Desde empres\u00e1rios, a artistas, marcas ou utilizadores individuais. Se quer que as suas mensagens tenham mais alcance e pare\u00e7am mais fortes, este servi\u00e7o \u00e9 para si.<\/p>\n<ul>\n<li>Contas que pretendem refor\u00e7ar uma mensagem-chave<\/li>\n<li>\ud83d\udcc8 Marcas que procuram intera\u00e7\u00e3o nos lan\u00e7amentos<\/li>\n<li>\ud83c\udfa4 Criadores que partilham conte\u00fados virais<\/li>\n<li>Especialistas ou treinadores que publicam conte\u00fados educativos<\/li>\n<li>Utilizadores pessoais que se querem destacar<\/li>\n<\/ul>\n<h2>Como \u00e9 que funciona?<\/h2>\n<p>Tudo o que tem de fazer \u00e9 escolher o pacote de gostos que melhor se adequa aos seus objectivos, fornecer-nos o link para o tweet e efetuar o pagamento. N\u00f3s tratamos do resto. Ver\u00e1 como a sua publica\u00e7\u00e3o come\u00e7a a receber intera\u00e7\u00f5es em pouco tempo.<\/p>\n<p class=\"translation-block\">Se pretender uma estrat\u00e9gia mais completa, pode combinar este servi\u00e7o com a <a href=\"https:\/\/doymedia.com\/pt\/comprar-seguidores-no-twitter\/\" target=\"_self\"><strong>compra de seguidores no Twitter<\/strong><\/a> ou com a <a href=\"https:\/\/doymedia.com\/pt\/comprar-votos-no-twitter\/\" target=\"_self\"><strong>compra de votos no Twitter<\/strong><\/a> para melhorar o seu perfil de uma forma global e coerente.<\/p>\n<p class=\"translation-block\">Lembre-se que nas redes sociais a perce\u00e7\u00e3o visual \u00e9 fundamental. Um post com dezenas ou centenas de gostos destaca-se dos restantes e torna-se mais atrativo mesmo antes de ser lido. Essa primeira impress\u00e3o faz toda a diferen\u00e7a. \u00c9 por isso que <strong>comprar gostos no Twitter<\/strong> \u00e9 tamb\u00e9m uma ferramenta de branding e de posicionamento emocional.<\/p>\n<h2>Fa\u00e7a com que os seus tweets se destaquem<\/h2>\n<p class=\"translation-block\">N\u00e3o deixe que as suas publica\u00e7\u00f5es se percam entre milhares de tweets. Com <strong>comprar gostos no Twitter<\/strong> pode aumentar a sua visibilidade, gerar intera\u00e7\u00e3o e melhorar o seu posicionamento na rede. Tire partido do poder do envolvimento e fa\u00e7a com que as suas mensagens cheguem mais longe.<\/p>\n<\/div><\/div><\/div><\/div><\/div><\/div><\/div><\/section>","protected":false},"excerpt":{"rendered":"No Twitter, os gostos s\u00e3o muito mais do que uma rea\u00e7\u00e3o. Representam apoio, valida\u00e7\u00e3o e relev\u00e2ncia. Quando um tweet acumula muitos gostos, ganha visibilidade, credibilidade e tem mais probabilidades de se espalhar rapidamente. \u00c9 por isso que comprar gostos no Twitter \u00e9 uma estrat\u00e9gia eficaz para melhorar o desempenho das tuas publica\u00e7\u00f5es e aumentar a tua presen\u00e7a nesta rede social.....","protected":false},"featured_media":318,"comment_status":"open","ping_status":"closed","template":"","meta":{"_acf_changed":false},"product_brand":[],"product_cat":[19],"product_tag":[],"class_list":{"0":"post-838","1":"product","2":"type-product","3":"status-publish","4":"has-post-thumbnail","6":"product_cat-twitter","7":"wcpa_has_options","9":"first","10":"instock","11":"sale","12":"shipping-taxable","13":"purchasable","14":"product-type-variable","15":"has-default-attributes"},"acf":[],"wcpa_form_fields":{"wcpaData":{"product":{"product_price":3.99,"price_html":"","original_product_price":3.99,"price_including_tax":3.99,"price_excluding_tax":3.99,"product_id":{"parent":838,"variation":false},"is_variable":true,"stock_status":"instock","stock_quantity":null,"parent_sku":"","product_attributes":{"cantidad":{"is_variation":true,"values":[]}},"custom_fields":[],"is_taxable":false,"product_name":"Comprar Likes Twitter","hasImage":false},"fields":{"sec_467faa76f019fe":{"extra":{"key":"sec_467faa76f019fe","section_id":"sec_467faa76f019fe","name":"Por defecto","status":1,"toggle":true,"form_id":1069,"form_rules":{"exclude_from_discount":false,"fee_label":"Extras","disp_hide_options_price":false,"disp_show_section_price":false,"disp_show_field_price":false,"layout_option":"standard","pric_use_as_fee":false,"process_fee_as":"woo_fee"},"layout_option":"standard"},"fields":[[{"active":true,"col":5,"relations":false,"cl_rule":"show","enableCl":false,"price":"","enablePrice":false,"className":"","type":"text","subtype":"text","required":true,"elementId":"text_767faa76f01a1a","label":"Enlace de la Publicaci\u00f3n de Twitter","name":"text_767faa76f01a1a","value":"","error":false,"placeholder":"Ejemplo: https:\/\/x.com\/NASA\/status\/1911109060553847169","enableDesign":false,"LabelSize":"16px","gt_translate_keys":["label","placeholder","value"],"price_dependency":false,"cl_dependency":false}]]}},"config":{"price_override":"","enable_recaptcha":false,"bind_quantity":false,"quantity_bind_formula":false,"disp_summ_show_option_price":false,"disp_summ_show_product_price":false,"disp_summ_show_total_price":false,"disp_summ_show_fee":false,"disp_summ_show_discount":false,"summary_title":"","options_total_label":"Extras","total_label":"Total","options_product_label":"Producto","fee_label":"Extras","discount_label":"Descuento","has_price":true,"has_quantity_formula":false},"mc_unit":1,"tax_rate":1,"tax_rate_real":1,"discount":{"percentage":0,"fixed":0},"design":{"conf":{"LabelPosition":"above","DescPosition":"above","UploadField":"custom_1","QuantityFieldStyle":"default"},"css":{"LeftLabelWidth":"120px"}},"formulas":[],"clones":false,"cartKey":false}},"_links":{"self":[{"href":"https:\/\/doymedia.com\/pt\/wp-json\/wp\/v2\/product\/838","targetHints":{"allow":["GET"]}}],"collection":[{"href":"https:\/\/doymedia.com\/pt\/wp-json\/wp\/v2\/product"}],"about":[{"href":"https:\/\/doymedia.com\/pt\/wp-json\/wp\/v2\/types\/product"}],"replies":[{"embeddable":true,"href":"https:\/\/doymedia.com\/pt\/wp-json\/wp\/v2\/comments?post=838"}],"wp:featuredmedia":[{"embeddable":true,"href":"https:\/\/doymedia.com\/pt\/wp-json\/wp\/v2\/media\/318"}],"wp:attachment":[{"href":"https:\/\/doymedia.com\/pt\/wp-json\/wp\/v2\/media?parent=838"}],"wp:term":[{"taxonomy":"product_brand","embeddable":true,"href":"https:\/\/doymedia.com\/pt\/wp-json\/wp\/v2\/product_brand?post=838"},{"taxonomy":"product_cat","embeddable":true,"href":"https:\/\/doymedia.com\/pt\/wp-json\/wp\/v2\/product_cat?post=838"},{"taxonomy":"product_tag","embeddable":true,"href":"https:\/\/doymedia.com\/pt\/wp-json\/wp\/v2\/product_tag?post=838"}],"curies":[{"name":"wp","href":"https:\/\/api.w.org\/{rel}","templated":true}]}}