{"id":404,"date":"2025-03-27T19:19:49","date_gmt":"2025-03-27T18:19:49","guid":{"rendered":"https:\/\/v2.doymedia.com\/?page_id=404"},"modified":"2025-07-29T17:56:24","modified_gmt":"2025-07-29T15:56:24","slug":"termeni-si-conditii","status":"publish","type":"page","link":"https:\/\/doymedia.com\/ro\/terminos-y-condiciones\/","title":{"rendered":"Termeni \u0219i condi\u021bii"},"content":{"rendered":"<section class=\"l-section wpb_row height_medium\"><div class=\"l-section-h i-cf\"><div class=\"g-cols vc_row via_flex valign_top type_default stacking_default\"><div class=\"vc_col-sm-12 wpb_column vc_column_container\"><div class=\"vc_column-inner\"><div class=\"wpb_wrapper\"><div class=\"wpb_text_column\"><div class=\"wpb_wrapper\"><h1>Termeni \u0219i condi\u021bii<\/h1>\n<p><b>DoyMedia <\/b>respect\u0103 dispozi\u021biile Legii 34\/2002 privind serviciile societ\u0103\u021bii informa\u021bionale \u0219i comer\u021bul electronic (LSSI-CE), ale Legii organice 3\/2018 privind protec\u021bia datelor cu caracter personal \u0219i garantarea drepturilor digitale (LOPDGDD) \u0219i ale Regulamentului (UE) 2016\/679, Regulamentul general privind protec\u021bia datelor (GDPR).<\/p>\n<p>Utilizarea portalului atribuie condi\u021bia de utilizator \u0219i implic\u0103 acceptarea deplin\u0103 \u0219i f\u0103r\u0103 rezerve a tuturor \u0219i fiec\u0103reia dintre dispozi\u021biile incluse \u00een prezentul aviz juridic, astfel \u00eenc\u00e2t, \u00een cazul \u00een care utilizatorul nu este de acord cu oricare dintre condi\u021biile prev\u0103zute \u00een prezentul document, acesta nu ar trebui s\u0103 utilizeze\/acceseze acest portal.<\/p>\n<p>Acces la <strong>DoyMedia.com<\/strong> iar utilizarea serviciilor sale este supus\u0103 Termenilor \u0219i condi\u021biilor generale prezentate mai jos, precum \u0219i celor cu caracter special care apar \u00een anexele sale sau pe panourile de afi\u0219aj de pe o anumit\u0103 pagin\u0103 a acestora (\"Termeni \u0219i condi\u021bii\").<\/p>\n<p>Continu\u00e2nd s\u0103 vizita\u021bi acest site, dumneavoastr\u0103 (denumit \u00een continuare \"Utilizatorul\") sunte\u021bi de acord s\u0103 respecta\u021bi ace\u0219ti Termeni \u0219i condi\u021bii.<\/p>\n<p><strong>Ne rezerv\u0103m dreptul de a bloca accesul pe site, de a nu mai permite nicio achizi\u021bie \u0219i de a nu r\u0103spunde la mesajele primite de la oricine \u00eencalc\u0103 ace\u0219ti termeni \u0219i condi\u021bii.<\/strong><\/p>\n<h3>SERVICE<\/h3>\n<p class=\"translation-block\">Acesta este un mijloc de informare, publicitate \u0219i comunicare online furnizat de <strong>DoyMedia.com<\/strong>, \u0219i constituie acceptarea de c\u0103tre utilizator a acestor Termeni \u0219i condi\u021bii.<\/p>\n<p class=\"translation-block\">Informa\u021biile con\u021binute \u00een <strong>DoyMedia.com<\/strong> nu pot fi considerate exhaustive, complete sau c\u0103 vor satisface toate nevoile utilizatorului, iar utilizatorul este sf\u0103tuit s\u0103 citeasc\u0103 ace\u0219ti Termeni \u0219i condi\u021bii cu deosebit\u0103 aten\u021bie.<\/p>\n<h3>R\u0102SPUNDEREA PENTRU LINKURI<\/h3>\n<p class=\"translation-block\"><strong>DoyMedia.com<\/strong> poate furniza link-uri, site-uri web sau servicii ale altor organiza\u021bii \u0219i companii prin intermediul site-ului (site-urilor) s\u0103u (sale) web, precum \u0219i s\u0103 ofere utilizatorului site-ului s\u0103u web, desc\u0103rcarea de software de la ter\u021be p\u0103r\u021bi. Utilizatorul \u00een\u021belege \u0219i accept\u0103 c\u0103 <strong>DoyMedia.com<\/strong> nu controleaz\u0103 \u0219i nu este responsabil pentru aceste servicii \u0219i produse.<\/p>\n<p class=\"translation-block\">Utilizatorul site-ului accept\u0103 \u0219i recunoa\u0219te c\u0103 <strong>DoyMedia.com<\/strong> nu controleaz\u0103, nu supravegheaz\u0103 \u0219i nu \u00ee\u0219i asum\u0103 nicio responsabilitate pentru calitatea, siguran\u021ba, caracteristicile \u0219i alte elemente ale produselor \u0219i\/sau serviciilor promovate sau oferite de ter\u021bi pe site-ul s\u0103u.<\/p>\n<h3>RAMBURS\u0102RI \u0218I ANUL\u0102RI<\/h3>\n<p>Datorit\u0103 naturii digitale a serviciilor noastre, odat\u0103 ce comanda a fost procesat\u0103 \u0219i livrat\u0103, nu se accept\u0103 ramburs\u0103ri. \u00cen conformitate cu articolul 103.m din Decretul-lege regal 1\/2007, dreptul de retragere nu se aplic\u0103 con\u021binutului digital \u00een cazul \u00een care executarea a \u00eenceput cu acordul expres al consumatorului.<\/p>\n<p>\u00cen cazul unui incident tehnic sau al unei erori \u00een comand\u0103, utilizatorul poate contacta echipa noastr\u0103 la contacto@doymedia.com \u00een termen de 12 ore de la cump\u0103rare.<\/p>\n<h3>METODE DE PLAT\u0102<\/h3>\n<p class=\"translation-block\">\u00cen prezent oferim <strong>plata complet securizat\u0103 prin card de credit sau de debit<\/strong> procesat\u0103 direct de banca noastr\u0103. Nu stoc\u0103m \u0219i nu proces\u0103m NICIODAT\u0102 datele dvs. personale ale cardului.<\/p>\n<p>De asemenea, oferim plata prin criptomoned\u0103 (Bitcoin, Ethereum, Litecoin etc.) \u0219i prin transfer bancar.<\/p>\n<p class=\"translation-block\">DoyMedia.com este o <strong>companie spaniol\u0103 legal\u0103<\/strong> care este protejat\u0103 prin criptare SSL de 256 de octe\u021bi \u0219i este, de asemenea, monitorizat\u0103 24 de ore pe zi de una dintre cele mai bune companii din lume \u00een domeniul securit\u0103\u021bii site-urilor web: Cloudflare.com, ceea ce face ca navigarea \u0219i cump\u0103r\u0103turile dvs. online pe acest site s\u0103 fie complet sigure.<\/p>\n<h3>DIVERSE<\/h3>\n<p class=\"translation-block\"><strong>- Politica de Utilizare a Serviciului.<\/strong> Utilizatorul este de acord cu Politica de Utilizare a Serviciului prev\u0103zut\u0103 \u00een prezentul document, cu modific\u0103rile ulterioare. <strong>DoyMedia.com<\/strong> \u00ee\u0219i rezerv\u0103 dreptul de a elimina sau modifica orice informa\u021bie, comunicare sau mesaj care, \u00een opinia sa, \u00eencalc\u0103 Politica de utilizare.<\/p>\n<p class=\"translation-block\"><strong>- Drepturi de autor.<\/strong> Informa\u021biile con\u021binute pe site pot fi proprietatea intelectual\u0103 a <strong>DoyMedia.com<\/strong>, sau a unei ter\u021be p\u0103r\u021bi. Informa\u021biile pot fi utilizate numai \u00een scopuri necomerciale. Retransmiterea sau publicarea oric\u0103rui material este interzis\u0103 f\u0103r\u0103 acordul prealabil scris al autorului acestuia. \u00cen cazul \u00een care permisiunea este acordat\u0103, utilizatorul trebuie s\u0103 citeze autorul \u0219i nu poate modifica acest material.<\/p>\n<p><strong>- Probleme cu re\u021belele sociale:<\/strong> DoyMedia.com nu este responsabil pentru blocarea contului sau orice alt\u0103 problem\u0103 pe care o ave\u021bi cu re\u021belele sociale de la care a\u021bi achizi\u021bionat servicii. NOT\u0102: Acest tip de lucru este foarte pu\u021bin probabil s\u0103 se \u00eent\u00e2mple deoarece re\u021belele sociale nu detecteaz\u0103 serviciile noastre, dar \u00een cazul \u00een care acest lucru se \u00eent\u00e2mpl\u0103, este responsabilitatea persoanei responsabile de cont.<\/p>\n<p><strong>- Urm\u0103ritoare de \u00eenlocuire:<\/strong> Pentru fiecare serviciu trebuie verificat\u0103 politica de reaprovizionare. Reaprovizion\u0103rile sunt specificate \u00een descrierea fiec\u0103rui serviciu.<\/p>\n<p><strong>- Pierdut adep\u021bi \u00eenainte de a face cump\u0103r\u0103turi cu noi:<\/strong> Dac\u0103 a\u021bi achizi\u021bionat adep\u021bi de pe un alt site web \u0219i \u00eei pierde\u021bi, munca noastr\u0103 va fi mult mai complicat\u0103, deoarece va trebui s\u0103 repar\u0103m erorile de pe orice alt site web pe care a\u021bi achizi\u021bionat anterior adep\u021bi. Putem detecta dac\u0103 urm\u0103ritorii pe care \u00eei pierde\u021bi sunt ai no\u0219tri sau sunt anteriori nou\u0103, motiv pentru care nu vom accepta nicio acuza\u021bie de urm\u0103ritori pierdu\u021bi \u00eenainte s\u0103 fi cump\u0103rat de la noi, deoarece ace\u0219ti urm\u0103ritori nu sunt ai no\u0219tri. De asemenea, este demn de remarcat faptul c\u0103 nu vom putea pretinde sau acuza orice comenzi care pierd adep\u021bi mai vechi, deoarece, dup\u0103 cum se men\u021bioneaz\u0103 mai sus \u00een ace\u0219ti termeni \u0219i condi\u021bii: \"<em>achizi\u021bionarea de servicii similare de la al\u021bi furnizori pentru acelea\u0219i conturi anuleaz\u0103 garan\u021bia de \u00eenlocuire sau rambursare pentru serviciile achizi\u021bionate de la DoyMedia.com.<\/em>\"<\/p>\n<p><strong>- Profilurile Instagram \u0219i Twitter TREBUIE s\u0103 fie \u00een MOD PUBLIC.<\/strong> astfel \u00eenc\u00e2t s\u0103 putem ad\u0103uga adep\u021bii. Dac\u0103 contul dvs. este \u00een modul privat \u0219i v\u0103 sf\u0103tuim s\u0103 \u00eel trece\u021bi \u00een modul public, dar nu face\u021bi acest lucru, acesta poate fi un motiv pentru noi s\u0103 marc\u0103m comanda ca fiind finalizat\u0103 f\u0103r\u0103 a putea ad\u0103uga adep\u021bii.<\/p>\n<p><strong>- Timp de livrare:<\/strong> Comanda dvs. este procesat\u0103 automat, dar \u00een func\u021bie de re\u021beaua social\u0103 \u0219i de cantitatea contractat\u0103 poate dura pu\u021bin mai mult sau mai pu\u021bin. \u00cen medie, specific\u0103m c\u0103 serviciile pot ajunge \u00een 24-48 de ore.<\/p>\n<p><strong>- Calitatea Followers, Likes, Membri, Abona\u021bi, etc..:<\/strong> Urm\u0103ritorii cump\u0103ra\u021bi pentru Instagram, Facebook, Twitter, Youtube, Telegram, Tik Tok sau orice alt\u0103 re\u021bea social\u0103 unde vindem urm\u0103ritori arat\u0103 real, dar nu se garanteaz\u0103 c\u0103 vor interac\u021biona cu contul dvs. Acest lucru \u00eenseamn\u0103 c\u0103 conturile au imagini \u0219i arat\u0103 ca ni\u0219te conturi reale, dar ace\u0219ti urm\u0103ritori nu vor interac\u021biona prin a da like post\u0103rilor dvs.<\/p>\n<p class=\"translation-block\"><strong>- Controlul con\u021binutului.<\/strong> <strong>DoyMedia.com<\/strong> nu controleaz\u0103 comunic\u0103rile \u0219i materialele pe care utilizatorii le introduc pe site. <strong>DoyMedia.com<\/strong> nu este responsabil pentru con\u021binutul acestor comunic\u0103ri \u0219i materiale, dar \u00ee\u0219i rezerv\u0103 dreptul de a bloca accesul sau de a elimina orice comunicare sau material pe care \u00eel consider\u0103 (a) abuziv, def\u0103im\u0103tor, obscen, fals sau \u00een\u0219el\u0103tor, (b) \u00eencalc\u0103 drepturile de proprietate intelectual\u0103 ale unui ter\u021b, sau (c) \u00eencalc\u0103 prevederile Termenilor de utilizare a Serviciului.<\/p>\n<p class=\"translation-block\"><strong>- Angajamentul de desp\u0103gubire.<\/strong> Utilizatorul se oblig\u0103 s\u0103 desp\u0103gubeasc\u0103 <strong>DoyMedia.com<\/strong>, angaja\u021bii, licen\u021biatorii, furnizorii \u0219i concesionarii s\u0103i \u00eempotriva daunelor (inclusiv costurile de ap\u0103rare) rezultate din orice act sau fapt ilicit imputabil Utilizatorului sau unei ter\u021be p\u0103r\u021bi care utilizeaz\u0103 contul Utilizatorului. <strong>DoyMedia.com<\/strong> poate varia, \u0219terge \u0219i\/sau ad\u0103uga termeni \u0219i\/sau condi\u021bii \u00een oricare dintre clauzele prezentului contract, f\u0103r\u0103 acordul prealabil al Utilizatorului. Utilizatorul este singurul responsabil pentru confiden\u021bialitatea \u0219i utilizarea parolei sale, precum \u0219i pentru instruc\u021biunile care sunt executate \u00een numele s\u0103u din utilizarea sistemului.<\/p>\n<p><strong>- Nulitate par\u021bial\u0103.<\/strong> \u00cen cazul \u00een care orice dispozi\u021bie a acestor Termeni \u0219i condi\u021bii este declarat\u0103 nul\u0103, acest lucru nu afecteaz\u0103 validitatea celorlalte dispozi\u021bii.<\/p>\n<\/div><\/div><\/div><\/div><\/div><\/div><\/div><\/section>","protected":false},"excerpt":{"rendered":"Termeni \u0219i condi\u021bii DoyMedia respect\u0103 dispozi\u021biile Legii 34\/2002 privind serviciile societ\u0103\u021bii informa\u021bionale \u0219i comer\u021bul electronic (LSSI-CE), Legea organic\u0103 3\/2018 privind protec\u021bia datelor cu caracter personal \u0219i garantarea drepturilor digitale (LOPDGDD) \u0219i Regulamentul (UE) 2016\/679, Regulamentul general privind protec\u021bia datelor (GDPR). ...","protected":false},"author":1,"featured_media":0,"parent":0,"menu_order":0,"comment_status":"closed","ping_status":"closed","template":"","meta":{"_acf_changed":false,"footnotes":""},"class_list":["post-404","page","type-page","status-publish","hentry"],"acf":[],"_links":{"self":[{"href":"https:\/\/doymedia.com\/ro\/wp-json\/wp\/v2\/pages\/404","targetHints":{"allow":["GET"]}}],"collection":[{"href":"https:\/\/doymedia.com\/ro\/wp-json\/wp\/v2\/pages"}],"about":[{"href":"https:\/\/doymedia.com\/ro\/wp-json\/wp\/v2\/types\/page"}],"author":[{"embeddable":true,"href":"https:\/\/doymedia.com\/ro\/wp-json\/wp\/v2\/users\/1"}],"replies":[{"embeddable":true,"href":"https:\/\/doymedia.com\/ro\/wp-json\/wp\/v2\/comments?post=404"}],"version-history":[{"count":6,"href":"https:\/\/doymedia.com\/ro\/wp-json\/wp\/v2\/pages\/404\/revisions"}],"predecessor-version":[{"id":1361,"href":"https:\/\/doymedia.com\/ro\/wp-json\/wp\/v2\/pages\/404\/revisions\/1361"}],"wp:attachment":[{"href":"https:\/\/doymedia.com\/ro\/wp-json\/wp\/v2\/media?parent=404"}],"curies":[{"name":"wp","href":"https:\/\/api.w.org\/{rel}","templated":true}]}}