{"id":100,"date":"2025-03-27T01:32:41","date_gmt":"2025-03-27T00:32:41","guid":{"rendered":"https:\/\/v2.doymedia.com\/?post_type=product&#038;p=100"},"modified":"2025-07-16T21:41:37","modified_gmt":"2025-07-16T19:41:37","slug":"cumpara-place-tiktok","status":"publish","type":"product","link":"https:\/\/doymedia.com\/ro\/comprar-likes-tiktok\/","title":{"rendered":"Cump\u0103ra\u021bi Like-uri TikTok"},"content":{"rendered":"<section class=\"l-section wpb_row height_medium\"><div class=\"l-section-h i-cf\"><div class=\"g-cols vc_row via_flex valign_top type_default stacking_default\"><div class=\"vc_col-sm-12 wpb_column vc_column_container\"><div class=\"vc_column-inner\"><div class=\"wpb_wrapper\"><div class=\"wpb_text_column\"><div class=\"wpb_wrapper\"><p class=\"translation-block\">Pe TikTok, fiecare secund\u0103 conteaz\u0103. Pute\u021bi avea un videoclip grozav, dar dac\u0103 nu ob\u021bine engagement \u00eentr-un timp scurt, algoritmul nu \u00eel va ar\u0103ta mai multor persoane. Acesta este motivul pentru care <strong>cump\u0103rarea de like-uri TikTok<\/strong> a devenit o strategie eficient\u0103 pentru a \u00eembun\u0103t\u0103\u021bi vizibilitatea videoclipurilor dvs., a atrage noi adep\u021bi \u0219i a consolida autoritatea profilului dvs. \u00eenc\u0103 de la \u00eenceput.<\/p>\n<p class=\"translation-block\">Like-urile sunt un semnal cheie pentru algoritmul TikTok. Cu c\u00e2t un videoclip prime\u0219te mai multe interac\u021biuni, cu at\u00e2t este mai probabil s\u0103 devin\u0103 viral. Dac\u0103 crea\u021bi con\u021binut bun, dar nu ob\u021bine\u021bi recunoa\u0219terea pe care o merita\u021bi, <strong>cump\u0103rarea de like-uri TikTok<\/strong> v\u0103 ajut\u0103 s\u0103 declan\u0219a\u021bi acel efect de und\u0103 de mai mult\u0103 acoperire, mai mult\u0103 vizibilitate \u0219i mai mult impact.<\/p>\n<h2>De ce s\u0103 cump\u0103ra\u021bi like-uri pe TikTok?<\/h2>\n<p class=\"translation-block\">Pentru c\u0103 pe aceast\u0103 re\u021bea social\u0103, cifrele conteaz\u0103. Atunci c\u00e2nd un videoclip prime\u0219te multe \"like-uri\", utilizatorii \u00eel percep ca fiind valoros, amuzant sau de \u00eencredere. Acest lucru \u00eei \u00eencurajeaz\u0103 s\u0103 \u00eel urm\u0103reasc\u0103 \u00een \u00eentregime, s\u0103 \u00eel distribuie \u0219i s\u0103 v\u0103 urm\u0103reasc\u0103 contul. Prin <strong>cump\u0103rarea de like-uri TikTok<\/strong>, cre\u0219te\u021bi valoarea perceput\u0103 a con\u021binutului dvs. \u0219i trimite\u021bi un semnal pozitiv c\u0103tre algoritm.<\/p>\n<p>Acest tip de impuls este util mai ales dac\u0103 lansa\u021bi o campanie, promova\u021bi un produs sau pur \u0219i simplu dori\u021bi ca videoclipul dvs. s\u0103 ajung\u0103 la mai mul\u021bi oameni. Nu este vorba doar despre umflarea cifrelor - este vorba despre construirea unei prezen\u021be solide \u0219i cre\u0219terea \u0219anselor reale de cre\u0219tere.<\/p>\n<h3>Avantajele de a cump\u0103ra like-uri pe TikTok<\/h3>\n<ul>\n<li>\ud83d\udcc8 \u00cembun\u0103t\u0103\u021birea imediat\u0103 a vizibilit\u0103\u021bii videoclipurilor dvs.<\/li>\n<li>\ud83d\ude80 Cre\u0219terea credibilit\u0103\u021bii \u00een fa\u021ba noilor utilizatori<\/li>\n<li>\ud83c\udfaf Acces sporit datorit\u0103 algoritmului<\/li>\n<li>\ud83d\udcac Mai mult\u0103 interac\u021biune care genereaz\u0103 adep\u021bi organici<\/li>\n<li>\ud83d\udd12 Livrare securizat\u0103, f\u0103r\u0103 a v\u0103 pune contul \u00een pericol<\/li>\n<\/ul>\n<p class=\"translation-block\"><strong>Buy TikTok likes<\/strong> este util at\u00e2t pentru conturile noi, c\u00e2t \u0219i pentru profilurile stabilite care doresc s\u0103 stimuleze post\u0103rile cheie. Cu o baz\u0103 bun\u0103 de interac\u021biuni, fiecare videoclip nou pe care \u00eel posta\u021bi va avea o \u0219ans\u0103 mai mare de a fi observat.<\/p>\n<p>\u00cen plus fa\u021b\u0103 de \u00eembun\u0103t\u0103\u021birea vizibilit\u0103\u021bii, like-urile influen\u021beaz\u0103 \u0219i modul \u00een care utilizatorii interac\u021bioneaz\u0103 cu profilul dvs. Atunci c\u00e2nd cineva vede c\u0103 videoclipul dvs. are un num\u0103r mare de aprecieri, acesta presupune automat c\u0103 con\u021binutul are valoare. Acest lucru conduce la mai mult timp de vizionare, mai multe comentarii \u0219i, \u00een multe cazuri, mai mul\u021bi urm\u0103ritori.<\/p>\n<p class=\"translation-block\"><strong> Cump\u0103rarea de like-uri TikTok<\/strong> este o modalitate de a consolida to\u021bi indicatorii pe care algoritmul \u00eei ia \u00een considerare pentru cre\u0219terea organic\u0103 a unui cont.<\/p>\n<h2>Este sigur s\u0103 cumperi like-uri pe TikTok?<\/h2>\n<p>Da, complet sigur. Nu solicit\u0103m parole sau acces la contul t\u0103u. Tot ce ne trebuie este link-ul c\u0103tre videoclipul pe care dori\u021bi s\u0103 \u00eel promova\u021bi. Procesul este progresiv, natural \u0219i conceput pentru a v\u0103 p\u0103stra profilul protejat \u00een orice moment.<\/p>\n<p>Lucr\u0103m cu metode testate \u0219i sisteme optimizate pentru a garanta rezultate eficiente \u0219i f\u0103r\u0103 riscuri. <strong>Cump\u0103ra\u021bi like-uri TikTok<\/strong> este o modalitate fiabil\u0103 de a v\u0103 stimula con\u021binutul f\u0103r\u0103 a compromite integritatea contului dvs.<\/p>\n<h3>Cine poate beneficia de acest serviciu?<\/h3>\n<p class=\"translation-block\">Oricine public\u0103 con\u021binut pe TikTok. De la creatori, influenceri \u0219i antreprenori, p\u00e2n\u0103 la branduri care doresc s\u0103 se pozi\u021bioneze pe aceast\u0103 re\u021bea. Dac\u0103 dori\u021bi s\u0103 v\u0103 cre\u0219te\u021bi autoritatea, s\u0103 atrage\u021bi mai mul\u021bi vizitatori sau s\u0103 v\u0103 consolida\u021bi strategia, <strong>buy I like TikTok<\/strong> este pentru dumneavoastr\u0103.<\/p>\n<ul>\n<li>\ud83c\udfa5 Creatori care doresc s\u0103 \u00ee\u0219i fac\u0103 videoclipurile virale<\/li>\n<li>\ud83d\udce2 Brandurile lanseaz\u0103 campanii de marketing<\/li>\n<li>\ud83c\udfaf Influenceri \u00een c\u0103utare de colabor\u0103ri<\/li>\n<li>\ud83d\udecd\ufe0f \u00centreprinderi care v\u00e2nd prin TikTok<\/li>\n<li>\ud83d\udcf2 Utilizatorii care doresc s\u0103 ias\u0103 \u00een eviden\u021b\u0103 mai rapid<\/li>\n<\/ul>\n<h2>Cum func\u021bioneaz\u0103?<\/h2>\n<p>Procesul este foarte simplu. Tot ce trebuie s\u0103 face\u021bi este s\u0103 alege\u021bi pachetul care se potrive\u0219te cel mai bine nevoilor dvs., s\u0103 ne furniza\u021bi linkul c\u0103tre video \u0219i s\u0103 plasa\u021bi comanda. Noi ne ocup\u0103m de tot. Livrarea \u00eencepe \u00eentr-un timp scurt, progresiv \u0219i \u00een siguran\u021b\u0103.<\/p>\n<p class=\"translation-block\">Iar dac\u0103 dori\u021bi ca profilul dvs. s\u0103 creasc\u0103 \u00eentr-un mod \u0219i mai echilibrat, pute\u021bi combina acest serviciu cu <a href=\"https:\/\/doymedia.com\/ro\/cumparati-adepti-tiktok\/\" target=\"_self\"><strong>cump\u0103rarea de urm\u0103ritori TikTok<\/strong><\/a> sau <a href=\"https:\/\/doymedia.com\/ro\/cumpara-vederi-tiktok\/\" target=\"_self\"><strong>cump\u0103rarea de vizualiz\u0103ri TikTok<\/strong><\/a>. \u00cen acest fel ve\u021bi genera o strategie de cre\u0219tere real\u0103 \u0219i durabil\u0103.<\/p>\n<h2>Ob\u021bine\u021bi pentru videoclipurile dvs. recunoa\u0219terea pe care o merit\u0103<\/h2>\n<p class=\"translation-block\">Nu l\u0103sa\u021bi post\u0103rile dvs. s\u0103 treac\u0103 neobservate. Cu <strong>buy TikTok likes<\/strong> v\u0103 pute\u021bi stimula con\u021binutul, \u00eembun\u0103t\u0103\u021bi clasamentul \u0219i c\u00e2\u0219tiga vizibilitate \u00een c\u00e2teva minute. \u00cencepe\u021bi ast\u0103zi \u0219i face\u021bi ca fiecare videoclip s\u0103 conteze.<\/p>\n<\/div><\/div><\/div><\/div><\/div><\/div><\/div><\/section>","protected":false},"excerpt":{"rendered":"Pe TikTok, fiecare secund\u0103 conteaz\u0103. Pute\u021bi avea un videoclip grozav, dar dac\u0103 nu ob\u021bine engagement \u00eentr-un timp scurt, algoritmul nu \u00eel va ar\u0103ta mai multor persoane. De aceea, cump\u0103rarea de like-uri TikTok a devenit o strategie eficient\u0103 pentru \u00eembun\u0103t\u0103\u021birea vizibilit\u0103\u021bii videoclipurilor dvs., atragerea de noi adep\u021bi \u0219i consolidarea autorit\u0103\u021bii profilului dvs...","protected":false},"featured_media":317,"comment_status":"open","ping_status":"closed","template":"","meta":{"_acf_changed":false},"product_brand":[],"product_cat":[18],"product_tag":[],"class_list":{"0":"post-100","1":"product","2":"type-product","3":"status-publish","4":"has-post-thumbnail","6":"product_cat-tiktok","7":"wcpa_has_options","9":"first","10":"instock","11":"sale","12":"featured","13":"shipping-taxable","14":"purchasable","15":"product-type-variable","16":"has-default-attributes"},"acf":[],"wcpa_form_fields":{"wcpaData":{"product":{"product_price":2.99,"price_html":"","original_product_price":2.99,"price_including_tax":2.99,"price_excluding_tax":2.99,"product_id":{"parent":100,"variation":false},"is_variable":true,"stock_status":"instock","stock_quantity":null,"parent_sku":"","product_attributes":{"cantidad":{"is_variation":true,"values":[]}},"custom_fields":[],"is_taxable":false,"product_name":"Comprar Likes TikTok","hasImage":false},"fields":{"sec_167fa907111f84":{"extra":{"key":"sec_167fa907111f84","section_id":"sec_167fa907111f84","name":"Por defecto","status":1,"toggle":true,"form_id":1048,"form_rules":{"exclude_from_discount":false,"fee_label":"Extras","disp_hide_options_price":false,"disp_show_section_price":false,"disp_show_field_price":false,"layout_option":"standard","pric_use_as_fee":false,"process_fee_as":"woo_fee"},"layout_option":"standard"},"fields":[[{"active":true,"col":5,"relations":false,"cl_rule":"show","enableCl":false,"price":"","enablePrice":false,"className":"","type":"text","subtype":"text","required":true,"elementId":"text_867fa907111f9e","label":"Enlace al V\u00eddeo","name":"text_867fa907111f9e","value":"","error":false,"placeholder":"Ejemplo: https:\/\/www.tiktok.com\/@mrbeast\/video\/7460191038293069102","enableDesign":false,"LabelSize":"16px","gt_translate_keys":["label","placeholder","value"],"price_dependency":false,"cl_dependency":false}],[{"active":true,"col":5,"relations":false,"cl_rule":"show","enableCl":false,"price":"","enablePrice":true,"className":"","label_position":"default","desc_position":"default","type":"select","required":false,"elementId":"select_667fa907111fac","label":"A\u00f1adir Seguidores con Descuento","name":"select_667fa907111fac","values":[{"label":"100 Seguidores","value":"100","selected":false,"tempId":"aco_46","price":"3,89","gt_translate_keys":["label"]},{"label":"500 Seguidores","value":"500","selected":false,"tempId":"aco_1337","price":"6,79","gt_translate_keys":["label"]},{"label":"1.000 Seguidores","value":"1000","selected":false,"tempId":"aco_910","price":"9,69","gt_translate_keys":["label"]},{"label":"2.000 Seguidores","value":"2000","selected":false,"tempId":"aco_911","price":"19,49","gt_translate_keys":["label"]},{"label":"5.000 Seguidores","value":"5000","selected":false,"tempId":"aco_912","price":"58,39","gt_translate_keys":["label"]}],"dropdown_type":"basic","error":false,"placeholder":"Ninguno","priceOptions":"different_for_all","pricingType":"fixed","use_as_fee":false,"enableDesign":false,"LabelSize":"16px","tooltip":"Los seguidores ser\u00e1n entregados al mismo perfil del v\u00eddeo.","gt_translate_keys":["label","placeholder","tooltip"],"price_dependency":false,"cl_dependency":false,"value":""}],[{"label":"A\u00f1adir Views con Descuento","active":true,"required":false,"elementId":"select_867fa907111fb6","dropdown_type":"basic","placeholder":"Ninguno","name":"select_867fa907111fb6","label_position":"default","desc_position":"default","enablePrice":true,"className":"","enableCl":false,"relations":false,"enableDesign":false,"LabelSize":"16px","values":[{"label":"100 Views","value":"100","selected":false,"tempId":"aco_46","price":"1,89","gt_translate_keys":["label"]},{"label":"500 Views","value":"500","selected":false,"tempId":"aco_1337","price":"2,79","gt_translate_keys":["label"]},{"label":"1.000 Views","value":"1000","selected":false,"tempId":"aco_910","price":"3,69","gt_translate_keys":["label"]},{"label":"2.000 Views","value":"2000","selected":false,"tempId":"aco_911","price":"4,59","gt_translate_keys":["label"]},{"label":"5.000 Views","value":"5000","selected":false,"tempId":"aco_912","price":"6,49","gt_translate_keys":["label"]},{"label":"10.000 Views","value":"10000","selected":false,"tempId":"aco_1219","price":"8,79","gt_translate_keys":["label"]},{"label":"50.000 Views","value":"50k","selected":false,"tempId":"aco_977","price":"42,69","gt_translate_keys":["label"]}],"priceOptions":"different_for_all","pricingType":"fixed","price":"","use_as_fee":false,"cl_rule":"show","col":5,"type":"select","error":false,"tooltip":"Los views ser\u00e1n entregados a la misma publicaci\u00f3n.","gt_translate_keys":["label","placeholder","tooltip"],"price_dependency":false,"cl_dependency":false,"value":""}]]}},"config":{"price_override":"","enable_recaptcha":false,"bind_quantity":false,"quantity_bind_formula":false,"disp_summ_show_option_price":false,"disp_summ_show_product_price":false,"disp_summ_show_total_price":false,"disp_summ_show_fee":false,"disp_summ_show_discount":false,"summary_title":"","options_total_label":"Extras","total_label":"Total","options_product_label":"Producto","fee_label":"Extras","discount_label":"Descuento","has_price":true,"has_quantity_formula":false},"mc_unit":1,"tax_rate":1,"tax_rate_real":1,"discount":{"percentage":0,"fixed":0},"design":{"conf":{"LabelPosition":"above","DescPosition":"above","UploadField":"custom_1","QuantityFieldStyle":"default"},"css":{"LeftLabelWidth":"120px"}},"formulas":[],"clones":false,"cartKey":false}},"_links":{"self":[{"href":"https:\/\/doymedia.com\/ro\/wp-json\/wp\/v2\/product\/100","targetHints":{"allow":["GET"]}}],"collection":[{"href":"https:\/\/doymedia.com\/ro\/wp-json\/wp\/v2\/product"}],"about":[{"href":"https:\/\/doymedia.com\/ro\/wp-json\/wp\/v2\/types\/product"}],"replies":[{"embeddable":true,"href":"https:\/\/doymedia.com\/ro\/wp-json\/wp\/v2\/comments?post=100"}],"wp:featuredmedia":[{"embeddable":true,"href":"https:\/\/doymedia.com\/ro\/wp-json\/wp\/v2\/media\/317"}],"wp:attachment":[{"href":"https:\/\/doymedia.com\/ro\/wp-json\/wp\/v2\/media?parent=100"}],"wp:term":[{"taxonomy":"product_brand","embeddable":true,"href":"https:\/\/doymedia.com\/ro\/wp-json\/wp\/v2\/product_brand?post=100"},{"taxonomy":"product_cat","embeddable":true,"href":"https:\/\/doymedia.com\/ro\/wp-json\/wp\/v2\/product_cat?post=100"},{"taxonomy":"product_tag","embeddable":true,"href":"https:\/\/doymedia.com\/ro\/wp-json\/wp\/v2\/product_tag?post=100"}],"curies":[{"name":"wp","href":"https:\/\/api.w.org\/{rel}","templated":true}]}}