{"id":838,"date":"2025-04-10T17:35:14","date_gmt":"2025-04-10T15:35:14","guid":{"rendered":"https:\/\/v2.doymedia.com\/?post_type=product&#038;p=838"},"modified":"2025-05-12T16:19:10","modified_gmt":"2025-05-12T14:19:10","slug":"cumpara-twitter-place","status":"publish","type":"product","link":"https:\/\/doymedia.com\/ro\/comprar-likes-twitter\/","title":{"rendered":"Cump\u0103ra\u021bi Twitter Likes"},"content":{"rendered":"<section class=\"l-section wpb_row height_medium\"><div class=\"l-section-h i-cf\"><div class=\"g-cols vc_row via_flex valign_top type_default stacking_default\"><div class=\"vc_col-sm-12 wpb_column vc_column_container\"><div class=\"vc_column-inner\"><div class=\"wpb_wrapper\"><div class=\"wpb_text_column\"><div class=\"wpb_wrapper\"><p class=\"translation-block\">Pe Twitter, like-urile sunt mult mai mult dec\u00e2t o reac\u021bie. Ele reprezint\u0103 sprijin, validare \u0219i relevan\u021b\u0103. Atunci c\u00e2nd un tweet acumuleaz\u0103 multe <em><strong>like-uri,<\/strong><\/em> acesta c\u00e2\u0219tig\u0103 vizibilitate, credibilitate \u0219i este mai probabil s\u0103 se r\u0103sp\u00e2ndeasc\u0103 rapid. Prin urmare, <strong>cump\u0103rarea de like-uri Twitter<\/strong> este o strategie eficient\u0103 pentru a \u00eembun\u0103t\u0103\u021bi performan\u021ba publica\u021biilor dvs. \u0219i pentru a v\u0103 spori prezen\u021ba pe aceast\u0103 re\u021bea social\u0103.<\/p>\n<p class=\"translation-block\">Dac\u0103 distribui\u021bi con\u021binut valoros, dar nu ob\u021bine\u021bi implicarea pe care o spera\u021bi, <strong>cump\u0103rarea de aprecieri pe Twitter<\/strong> v\u0103 poate ajuta s\u0103 declan\u0219a\u021bi algoritmul, s\u0103 ob\u021bine\u021bi mai mult\u0103 aten\u021bie \u0219i s\u0103 genera\u021bi un efect de und\u0103 care atrage retweet-uri, adep\u021bi \u0219i noi comentarii.<\/p>\n<h2>De ce s\u0103 cump\u0103ra\u021bi like-uri pe Twitter?<\/h2>\n<p class=\"translation-block\">Deoarece algoritmul \u0219i utilizatorii r\u0103spund la mi\u0219care. Un tweet care prime\u0219te o mul\u021bime de like-uri \u00eentr-un timp scurt c\u00e2\u0219tig\u0103 impuls \u0219i este ar\u0103tat mai multor persoane. Prin <strong>cump\u0103rarea de Twitter likes<\/strong>, cre\u0219te\u021bi \u0219ansele ca con\u021binutul dvs. s\u0103 fie v\u0103zut, partajat \u0219i apreciat de mai mul\u021bi utilizatori.<\/p>\n<p class=\"translation-block\">\u00cen plus, <em><strong>likes<\/strong><\/strong><\/em> dau for\u021b\u0103 profilului t\u0103u. Nu conteaz\u0103 dac\u0103 sunte\u021bi la \u00eenceput de drum sau dac\u0103 ave\u021bi deja o audien\u021b\u0103, afi\u0219area activit\u0103\u021bii \u00een post\u0103rile dvs. v\u0103 pozi\u021bioneaz\u0103 ca un cont activ, atractiv \u0219i influent. Este o modalitate simpl\u0103 \u0219i eficient\u0103 de a v\u0103 consolida imaginea digital\u0103.<\/p>\n<h3>Avantajele de a cump\u0103ra like-uri pe Twitter<\/h3>\n<ul>\n<li>\ud83d\udcc8 Cre\u0219terea imediat\u0103 a interac\u021biunii<\/li>\n<li>\ud83d\ude80 Mai mult\u0103 vizibilitate pentru tweet-urile dvs. importante<\/li>\n<li>\ud83d\udcac \u00cembun\u0103t\u0103\u021bi\u021bi percep\u021bia con\u021binutului dvs. \u00een ochii altor utilizatori.<\/li>\n<li>\ud83c\udfaf Consolidarea autorit\u0103\u021bii dvs. pe platform\u0103<\/li>\n<li>\ud83d\udd12 Livrare securizat\u0103, f\u0103r\u0103 compromiterea contului dvs.<\/li>\n<\/ul>\n<p class=\"translation-block\">Acest serviciu este util pentru utilizatorii individuali, precum \u0219i pentru branduri, creatori de con\u021binut, influenceri sau companii. Dac\u0103 lansa\u021bi un mesaj important, promova\u021bi ceva sau pur \u0219i simplu dori\u021bi s\u0103 \u00eembun\u0103t\u0103\u021bi\u021bi activitatea contului dvs., <strong>buy Twitter likes<\/strong> este un instrument direct \u0219i eficient.<\/p>\n<p>De asemenea, atunci c\u00e2nd post\u0103rile dvs. acumuleaz\u0103 \u00een mod constant aprecieri, utilizatorii noi sunt mai susceptibili s\u0103 aib\u0103 \u00eencredere \u00een con\u021binutul dvs. Acest lucru cre\u0219te timpul pe care \u00eel petrec pe profilul dvs., probabilitatea de a fi urm\u0103ri\u021bi \u0219i implicarea general\u0103.<\/p>\n<p class=\"translation-block\"><strong> Cump\u0103rarea de aprecieri pe Twitter<\/strong> nu v\u0103 \u00eembun\u0103t\u0103\u021be\u0219te doar statisticile: \u00eembun\u0103t\u0103\u021be\u0219te percep\u021bia general\u0103 pe care ceilal\u021bi o au despre dvs. sau despre marca dvs.<\/p>\n<h2>Este sigur s\u0103 cumperi aprecieri pe Twitter?<\/h2>\n<p>Da, complet. Nu solicit\u0103m parole sau acces la contul t\u0103u. Avem nevoie doar de link-ul c\u0103tre tweet-ul pe care dori\u021bi s\u0103 \u00eel promova\u021bi.<\/p>\n<p class=\"translation-block\">Serviciul nostru este optimizat pentru a fi sigur, discret \u0219i eficient. Mii de utilizatori au \u00eembun\u0103t\u0103\u021bit vizibilitatea tweet-urilor lor cu noi, f\u0103r\u0103 niciun risc. <strong> Cump\u0103rarea de Twitter likes<\/strong> este o decizie strategic\u0103, iar aici o pute\u021bi face cu \u00eencredere.<\/p>\n<h3>Cine poate beneficia de acest serviciu?<\/h3>\n<p>Orice cont care dore\u0219te s\u0103 \u00ee\u0219i \u00eembun\u0103t\u0103\u021beasc\u0103 prezen\u021ba pe Twitter. De la antreprenori, la arti\u0219ti, branduri sau utilizatori individuali. Dac\u0103 dori\u021bi ca post\u0103rile dvs. s\u0103 aib\u0103 mai mult reach \u0219i s\u0103 par\u0103 mai puternice, acest serviciu este pentru dvs.<\/p>\n<ul>\n<li>\ud83d\udce2 Conturi care doresc s\u0103 consolideze un mesaj cheie<\/li>\n<li>\ud83d\udcc8 Brandurile caut\u0103 interac\u021biune la lans\u0103ri<\/li>\n<li>\ud83c\udfa4 Creatori care distribuie con\u021binut viral<\/li>\n<li>\ud83e\udde0 Exper\u021bi sau antrenori care public\u0103 con\u021binut educa\u021bional<\/li>\n<li>\ud83d\udcf2 Utilizatori personali care doresc s\u0103 ias\u0103 \u00een eviden\u021b\u0103<\/li>\n<\/ul>\n<h2>Cum func\u021bioneaz\u0103?<\/h2>\n<p>Tot ce trebuie s\u0103 face\u021bi este s\u0103 alege\u021bi pachetul de like-uri care se potrive\u0219te cel mai bine obiectivelor dvs., s\u0103 ne furniza\u021bi link-ul c\u0103tre tweet \u0219i s\u0103 efectua\u021bi plata. Noi ne vom ocupa de restul. Ve\u021bi vedea cum publica\u021bia dvs. \u00eencepe s\u0103 primeasc\u0103 interac\u021biuni \u00een cel mai scurt timp.<\/p>\n<p class=\"translation-block\">Dac\u0103 dori\u021bi o strategie mai complet\u0103, pute\u021bi combina acest serviciu cu <a href=\"https:\/\/doymedia.com\/ro\/cumparati-urmaritori-twitter\/\" target=\"_self\"><strong>cump\u0103rarea de urm\u0103ritori Twitter<\/strong><\/a> sau cu <a href=\"https:\/\/doymedia.com\/ro\/cumpararea-de-voturi-pe-twitter\/\" target=\"_self\"><strong>cump\u0103rarea de voturi Twitter<\/strong><\/a> pentru a v\u0103 \u00eembun\u0103t\u0103\u021bi profilul \u00eentr-un mod global \u0219i coerent.<\/p>\n<p class=\"translation-block\">Aminti\u021bi-v\u0103 c\u0103 \u00een re\u021belele sociale percep\u021bia vizual\u0103 este esen\u021bial\u0103. O postare cu zeci sau sute de aprecieri iese \u00een eviden\u021b\u0103 fa\u021b\u0103 de restul \u0219i devine mai atractiv\u0103 chiar \u00eenainte de a fi citit\u0103. Aceast\u0103 prim\u0103 impresie face toat\u0103 diferen\u021ba. Acesta este motivul pentru care <strong>cump\u0103rarea de like-uri pe Twitter<\/strong> este, de asemenea, un instrument de branding \u0219i de pozi\u021bionare emo\u021bional\u0103.<\/p>\n<h2>Face\u021bi ca tweet-urile dvs. s\u0103 ias\u0103 \u00een eviden\u021b\u0103<\/h2>\n<p class=\"translation-block\">Nu l\u0103sa\u021bi post\u0103rile dvs. s\u0103 se piard\u0103 printre mii de tweet-uri. Cu <strong>buy Twitter likes<\/strong> v\u0103 pute\u021bi cre\u0219te vizibilitatea, genera interac\u021biune \u0219i v\u0103 pute\u021bi \u00eembun\u0103t\u0103\u021bi pozi\u021bionarea pe re\u021bea. Profita\u021bi de puterea de implicare \u0219i face\u021bi ca mesajele dvs. s\u0103 ajung\u0103 mai departe.<\/p>\n<\/div><\/div><\/div><\/div><\/div><\/div><\/div><\/section>","protected":false},"excerpt":{"rendered":"Pe Twitter, like-urile sunt mult mai mult dec\u00e2t o reac\u021bie. Ele reprezint\u0103 sprijin, validare \u0219i relevan\u021b\u0103. Atunci c\u00e2nd un tweet acumuleaz\u0103 multe aprecieri, acesta c\u00e2\u0219tig\u0103 vizibilitate, credibilitate \u0219i are mai multe \u0219anse s\u0103 se r\u0103sp\u00e2ndeasc\u0103 rapid. De aceea, cump\u0103rarea de aprecieri pe Twitter este o strategie eficient\u0103 pentru a \u00eembun\u0103t\u0103\u021bi performan\u021ba publica\u021biilor dvs. \u0219i pentru a v\u0103 spori prezen\u021ba pe aceast\u0103 re\u021bea social\u0103.....","protected":false},"featured_media":318,"comment_status":"open","ping_status":"closed","template":"","meta":{"_acf_changed":false},"product_brand":[],"product_cat":[19],"product_tag":[],"class_list":{"0":"post-838","1":"product","2":"type-product","3":"status-publish","4":"has-post-thumbnail","6":"product_cat-twitter","7":"wcpa_has_options","9":"first","10":"instock","11":"sale","12":"shipping-taxable","13":"purchasable","14":"product-type-variable","15":"has-default-attributes"},"acf":[],"wcpa_form_fields":{"wcpaData":{"product":{"product_price":3.99,"price_html":"","original_product_price":3.99,"price_including_tax":3.99,"price_excluding_tax":3.99,"product_id":{"parent":838,"variation":false},"is_variable":true,"stock_status":"instock","stock_quantity":null,"parent_sku":"","product_attributes":{"cantidad":{"is_variation":true,"values":[]}},"custom_fields":[],"is_taxable":false,"product_name":"Comprar Likes Twitter","hasImage":false},"fields":{"sec_467faa76f019fe":{"extra":{"key":"sec_467faa76f019fe","section_id":"sec_467faa76f019fe","name":"Por defecto","status":1,"toggle":true,"form_id":1069,"form_rules":{"exclude_from_discount":false,"fee_label":"Extras","disp_hide_options_price":false,"disp_show_section_price":false,"disp_show_field_price":false,"layout_option":"standard","pric_use_as_fee":false,"process_fee_as":"woo_fee"},"layout_option":"standard"},"fields":[[{"active":true,"col":5,"relations":false,"cl_rule":"show","enableCl":false,"price":"","enablePrice":false,"className":"","type":"text","subtype":"text","required":true,"elementId":"text_767faa76f01a1a","label":"Enlace de la Publicaci\u00f3n de Twitter","name":"text_767faa76f01a1a","value":"","error":false,"placeholder":"Ejemplo: https:\/\/x.com\/NASA\/status\/1911109060553847169","enableDesign":false,"LabelSize":"16px","gt_translate_keys":["label","placeholder","value"],"price_dependency":false,"cl_dependency":false}]]}},"config":{"price_override":"","enable_recaptcha":false,"bind_quantity":false,"quantity_bind_formula":false,"disp_summ_show_option_price":false,"disp_summ_show_product_price":false,"disp_summ_show_total_price":false,"disp_summ_show_fee":false,"disp_summ_show_discount":false,"summary_title":"","options_total_label":"Extras","total_label":"Total","options_product_label":"Produto","fee_label":"Extras","discount_label":"Desconto","has_price":true,"has_quantity_formula":false},"mc_unit":1,"tax_rate":1,"tax_rate_real":1,"discount":{"percentage":0,"fixed":0},"design":{"conf":{"LabelPosition":"above","DescPosition":"above","UploadField":"custom_1","QuantityFieldStyle":"default"},"css":{"LeftLabelWidth":"120px"}},"formulas":[],"clones":false,"cartKey":false}},"_links":{"self":[{"href":"https:\/\/doymedia.com\/ro\/wp-json\/wp\/v2\/product\/838","targetHints":{"allow":["GET"]}}],"collection":[{"href":"https:\/\/doymedia.com\/ro\/wp-json\/wp\/v2\/product"}],"about":[{"href":"https:\/\/doymedia.com\/ro\/wp-json\/wp\/v2\/types\/product"}],"replies":[{"embeddable":true,"href":"https:\/\/doymedia.com\/ro\/wp-json\/wp\/v2\/comments?post=838"}],"wp:featuredmedia":[{"embeddable":true,"href":"https:\/\/doymedia.com\/ro\/wp-json\/wp\/v2\/media\/318"}],"wp:attachment":[{"href":"https:\/\/doymedia.com\/ro\/wp-json\/wp\/v2\/media?parent=838"}],"wp:term":[{"taxonomy":"product_brand","embeddable":true,"href":"https:\/\/doymedia.com\/ro\/wp-json\/wp\/v2\/product_brand?post=838"},{"taxonomy":"product_cat","embeddable":true,"href":"https:\/\/doymedia.com\/ro\/wp-json\/wp\/v2\/product_cat?post=838"},{"taxonomy":"product_tag","embeddable":true,"href":"https:\/\/doymedia.com\/ro\/wp-json\/wp\/v2\/product_tag?post=838"}],"curies":[{"name":"wp","href":"https:\/\/api.w.org\/{rel}","templated":true}]}}