{"id":88,"date":"2025-03-27T01:32:40","date_gmt":"2025-03-27T00:32:40","guid":{"rendered":"https:\/\/v2.doymedia.com\/?post_type=product&#038;p=88"},"modified":"2025-07-16T21:42:45","modified_gmt":"2025-07-16T19:42:45","slug":"cumpara-facebook-place","status":"publish","type":"product","link":"https:\/\/doymedia.com\/ro\/comprar-likes-facebook\/","title":{"rendered":"Cump\u0103ra\u021bi Facebook Likes"},"content":{"rendered":"<section class=\"l-section wpb_row height_medium\"><div class=\"l-section-h i-cf\"><div class=\"g-cols vc_row via_flex valign_top type_default stacking_default\"><div class=\"vc_col-sm-12 wpb_column vc_column_container\"><div class=\"vc_column-inner\"><div class=\"wpb_wrapper\"><div class=\"wpb_text_column\"><div class=\"wpb_wrapper\"><p class=\"translation-block\">\u00centr-un mediu \u00een care fiecare post concureaz\u0103 pentru aten\u021bie, a ie\u0219i \u00een eviden\u021b\u0103 pe <a href=\"https:\/\/doymedia.com\/ro\/facebook\/\" target=\"_blank\" rel=\"noopener\">Facebook<\/a> nu este doar o chestiune de noroc. Dac\u0103 a\u021bi creat con\u021binut valoros, dar nu ob\u021bine\u021bi recunoa\u0219terea pe care o merit\u0103, este timpul s\u0103 lua\u021bi m\u0103suri. <strong> Cump\u0103rarea de aprecieri pe Facebook<\/strong> este o solu\u021bie eficient\u0103, sigur\u0103 \u0219i rapid\u0103 pentru a cre\u0219te vizibilitatea post\u0103rilor dvs. \u0219i a consolida imaginea paginii dvs.<\/p>\n<p class=\"translation-block\">Aprecierile sunt un parametru cheie \u00een social media. Acestea transmit relevan\u021b\u0103, popularitate \u0219i genereaz\u0103 o percep\u021bie pozitiv\u0103 care influen\u021beaz\u0103 modul \u00een care ceilal\u021bi v\u0103 privesc con\u021binutul. Atunci c\u00e2nd o postare are un num\u0103r bun de like-uri, aceasta devine mai atractiv\u0103, este distribuit\u0103 mai mult \u0219i, \u00een multe cazuri, c\u00e2\u0219tig\u0103 reach organic datorit\u0103 algoritmului platformei. Acesta este motivul pentru care <strong>cump\u0103rarea de like-uri pe Facebook<\/strong> a devenit o strategie eficient\u0103 pentru a ie\u0219i \u00een eviden\u021b\u0103 f\u0103r\u0103 complica\u021bii.<\/p>\n<h2>De ce s\u0103 alege\u021bi s\u0103 cump\u0103ra\u021bi aprecieri pe Facebook?<\/h2>\n<p class=\"translation-block\">Optarea pentru <strong>buy Facebook likes<\/strong> v\u0103 permite s\u0103 v\u0103 accelera\u021bi cre\u0219terea f\u0103r\u0103 a fi nevoit s\u0103 v\u0103 baza\u021bi exclusiv pe campanii pl\u0103tite sau s\u0103 a\u0219tepta\u021bi s\u0103pt\u0103m\u00e2ni pentru a vedea rezultatele. Este o modalitate de a v\u0103 sus\u021bine con\u021binutul \u0219i de a proiecta o imagine puternic\u0103 \u00eenc\u0103 de la \u00eenceput.<\/p>\n<p class=\"translation-block\">Facebook apreciaz\u0103 interac\u021biunea. O postare care prime\u0219te multe like-uri este considerat\u0103 mai relevant\u0103, ceea ce \u00eei cre\u0219te \u0219ansele de a ap\u0103rea pe mai multe wall-uri, de a ajunge la noi utilizatori \u0219i de a r\u0103m\u00e2ne activ\u0103 mai mult timp. Dac\u0103 dori\u021bi ca post\u0103rile dvs. s\u0103 aib\u0103 mai mult impact, <strong>cump\u0103rarea de aprecieri pe Facebook<\/strong> este un instrument strategic care func\u021bioneaz\u0103.<\/p>\n<h3>Beneficiile de a cump\u0103ra like-uri pe Facebook<\/h3>\n<ul>\n<li>\ud83d\udcc8 Cre\u0219terea vizibilit\u0103\u021bii publica\u021biilor dvs.<\/li>\n<li>\ud83d\udc4d \u00cembun\u0103t\u0103\u021bi\u021bi percep\u021bia public\u0103 a con\u021binutului \u0219i a m\u0103rcii dvs.<\/li>\n<li>\ud83d\udd01 Probabilitate crescut\u0103 de partajare \u0219i viralizare<\/li>\n<li>\ud83d\udcbc Consolidarea autorit\u0103\u021bii dumneavoastr\u0103 dac\u0103 vinde\u021bi produse sau servicii<\/li>\n<li>\ud83d\udd12 Livrare securizat\u0103, f\u0103r\u0103 a v\u0103 pune contul \u00een pericol<\/li>\n<\/ul>\n<p class=\"translation-block\">\u00cen plus, prin <strong>cump\u0103rarea de aprecieri Facebook<\/strong> de pe o platform\u0103 profesional\u0103, pute\u021bi alege cantitatea exact\u0103 dorit\u0103, o pute\u021bi ajusta la bugetul dvs. \u0219i pute\u021bi controla rata de cre\u0219tere a post\u0103rilor dvs. f\u0103r\u0103 a depinde de factori externi.<\/p>\n<h3>Este sigur s\u0103 cumperi like-uri pe Facebook?<\/h3>\n<p>Categoric. Pe platforma noastr\u0103 nu v\u0103 solicit\u0103m niciodat\u0103 parola sau accesul la contul dvs. Trebuie doar s\u0103 distribui\u021bi link-ul post\u0103rii la care dori\u021bi s\u0103 primi\u021bi aprecieri. Toate metodele noastre sunt optimizate pentru a respecta standardele de securitate, oferind aprecieri treptat pentru a men\u021bine procesul natural.<\/p>\n<p class=\"translation-block\">Ne concentr\u0103m pe experien\u021ba clientului, protej\u00e2ndu-v\u0103 contul \u0219i garant\u00e2nd rezultatele. <strong> Cump\u0103rarea de aprecieri pe Facebook<\/strong> se face discret \u0219i fiabil, f\u0103r\u0103 a afecta reputa\u021bia profilului dvs. sau a v\u0103 pune con\u021binutul \u00een pericol.<\/p>\n<h3>Cine poate beneficia de acest serviciu?<\/h3>\n<p class=\"translation-block\">Acest serviciu este conceput pentru orice persoan\u0103 sau proiect care dore\u0219te s\u0103 \u00ee\u0219i \u00eembun\u0103t\u0103\u021beasc\u0103 prezen\u021ba pe Facebook. Nu trebuie s\u0103 ave\u021bi mii de urm\u0103ritori sau s\u0103 fi\u021bi o figur\u0103 public\u0103. Dac\u0103 ave\u021bi un mesaj de \u00eemp\u0103rt\u0103\u0219it, un produs de v\u00e2ndut sau un brand de crescut, <strong>buy Facebook likes<\/strong> v\u0103 poate ajuta s\u0103 v\u0103 atinge\u021bi obiectivele mai repede.<\/p>\n<ul>\n<li>\u2714\ufe0f Antreprenori \u0219i branduri care doresc mai mult\u0103 vizibilitate<\/li>\n<li>\u2714\ufe0f Arti\u0219ti, muzicieni \u0219i creatori \u00een c\u0103utare de impact<\/li>\n<li>\u2714\ufe0f Afaceri locale care doresc s\u0103 atrag\u0103 mai mul\u021bi clien\u021bi<\/li>\n<li>\u2714\ufe0f Influen\u021batori care au nevoie s\u0103 \u00ee\u0219i consolideze prezen\u021ba<\/li>\n<li>\u2714\ufe0f Orice persoan\u0103 care dore\u0219te s\u0103 ias\u0103 \u00een eviden\u021b\u0103 \u00een comunitatea sa<\/li>\n<\/ul>\n<h3>Cum func\u021bioneaz\u0103?<\/h3>\n<p>Procesul este simplu. Tot ce trebuie s\u0103 face\u021bi este s\u0103 alege\u021bi num\u0103rul de like-uri pe care \u00eel dori\u021bi pentru publica\u021bia dvs. \u0219i s\u0103 ne furniza\u021bi link-ul. Odat\u0103 ce plata este complet\u0103, v\u0103 activ\u0103m comanda \u0219i \u00eencepem livrarea progresiv\u0103. Ve\u021bi putea vedea rezultatele \u00eentr-un timp scurt \u0219i f\u0103r\u0103 al\u021bi pa\u0219i.<\/p>\n<p>Ne asigur\u0103m c\u0103 fiecare comand\u0103 este tratat\u0103 cu aten\u021bie la detalii, astfel \u00eenc\u00e2t s\u0103 ave\u021bi o experien\u021b\u0103 satisf\u0103c\u0103toare din primul moment. \u00cen plus, dac\u0103 ave\u021bi \u00eentreb\u0103ri, echipa noastr\u0103 de asisten\u021b\u0103 este disponibil\u0103 pentru a v\u0103 ajuta \u00eenainte, \u00een timpul \u0219i dup\u0103 achizi\u021bie.<\/p>\n<h2>Cre\u0219te\u021bi-v\u0103 prezen\u021ba ast\u0103zi<\/h2>\n<p class=\"translation-block\">Mii de oameni folosesc deja acest serviciu pentru a-\u0219i stimula post\u0103rile. Dac\u0103 dori\u021bi, de asemenea, ca con\u021binutul dvs. s\u0103 aib\u0103 atingerea pe care o merit\u0103, <strong>cump\u0103rarea de aprecieri pe Facebook<\/strong> este cea mai eficient\u0103 modalitate de a realiza acest lucru.<\/p>\n<p class=\"translation-block\">Nu l\u0103sa\u021bi publica\u021biile dvs. s\u0103 treac\u0103 neobservate. F\u0103-le s\u0103 aib\u0103 mai mult impact, mai mult reach \u0219i s\u0103 genereze mai mult engagement. \u00cencepe\u021bi ast\u0103zi cu <strong>buy Facebook likes<\/strong> \u0219i duce\u021bi-v\u0103 profilul la nivelul urm\u0103tor.<\/p>\n<p class=\"translation-block\">Iar dac\u0103 dori\u021bi s\u0103 construi\u021bi o comunitate puternic\u0103 pe pagina dvs., pute\u021bi, de asemenea, <strong><a href=\"https:\/\/doymedia.com\/ro\/magazin\/cumparati-fani-facebook\/\" target=\"_self\">cump\u0103ra fani Facebook<\/a><\/strong> pentru a cre\u0219te num\u0103rul de urm\u0103ritori vizibili \u0219i pentru a v\u0103 consolida prezen\u021ba pe platform\u0103. Like-urile \u0219i fanii sunt completarea perfect\u0103 pentru a cre\u0219te puternic pe Facebook.<\/p>\n<\/div><\/div><\/div><\/div><\/div><\/div><\/div><\/section>","protected":false},"excerpt":{"rendered":"\u00centr-un mediu \u00een care fiecare postare concureaz\u0103 pentru aten\u021bie, a ie\u0219i \u00een eviden\u021b\u0103 pe Facebook nu este doar o chestiune de noroc. Dac\u0103 ai creat con\u021binut valoros, dar nu prime\u0219ti recunoa\u0219terea pe care o meri\u021bi, este timpul s\u0103 treci la ac\u021biune. Cump\u0103rarea de like-uri pe Facebook este o solu\u021bie eficient\u0103, sigur\u0103 \u0219i rapid\u0103 pentru a cre\u0219te vizibilitatea post\u0103rilor tale \u0219i a consolida...","protected":false},"featured_media":316,"comment_status":"open","ping_status":"closed","template":"","meta":{"_acf_changed":false},"product_brand":[],"product_cat":[20],"product_tag":[],"class_list":{"0":"post-88","1":"product","2":"type-product","3":"status-publish","4":"has-post-thumbnail","6":"product_cat-facebook","7":"wcpa_has_options","9":"first","10":"instock","11":"sale","12":"shipping-taxable","13":"purchasable","14":"product-type-variable","15":"has-default-attributes"},"acf":[],"wcpa_form_fields":{"wcpaData":{"product":{"product_price":2.99,"price_html":"","original_product_price":2.99,"price_including_tax":2.99,"price_excluding_tax":2.99,"product_id":{"parent":88,"variation":false},"is_variable":true,"stock_status":"instock","stock_quantity":null,"parent_sku":"","product_attributes":{"cantidad":{"is_variation":true,"values":[]}},"custom_fields":[],"is_taxable":false,"product_name":"Comprar Likes Facebook","hasImage":false},"fields":{"sec_467faa5a29e6c6":{"extra":{"key":"sec_467faa5a29e6c6","section_id":"sec_467faa5a29e6c6","name":"Por defecto","status":1,"toggle":true,"form_id":1065,"form_rules":{"exclude_from_discount":false,"fee_label":"Extras","disp_hide_options_price":false,"disp_show_section_price":false,"disp_show_field_price":false,"layout_option":"standard","pric_use_as_fee":false,"process_fee_as":"woo_fee"},"layout_option":"standard"},"fields":[[{"active":true,"col":5,"relations":false,"cl_rule":"show","enableCl":false,"price":"","enablePrice":false,"className":"","type":"text","subtype":"text","required":true,"elementId":"text_067faa5a29e6e5","label":"Enlace a la Publicaci\u00f3n de Facebook","name":"text_067faa5a29e6e5","value":"","error":false,"placeholder":"Ejemplo: https:\/\/www.facebook.com\/mrbeast\/posts\/pfbid02K3tHdPxVroUK9U3Go5TmGD4ePUADcpQMG2xbi4KWLibRcR1rVvjvMFPy78H5emGxl","enableDesign":false,"LabelSize":"16px","gt_translate_keys":["label","placeholder","value"],"price_dependency":false,"cl_dependency":false}]]}},"config":{"price_override":"","enable_recaptcha":false,"bind_quantity":false,"quantity_bind_formula":false,"disp_summ_show_option_price":false,"disp_summ_show_product_price":false,"disp_summ_show_total_price":false,"disp_summ_show_fee":false,"disp_summ_show_discount":false,"summary_title":"","options_total_label":"Extras","total_label":"Total","options_product_label":"Producto","fee_label":"Extras","discount_label":"Descuento","has_price":true,"has_quantity_formula":false},"mc_unit":1,"tax_rate":1,"tax_rate_real":1,"discount":{"percentage":0,"fixed":0},"design":{"conf":{"LabelPosition":"above","DescPosition":"above","UploadField":"custom_1","QuantityFieldStyle":"default"},"css":{"LeftLabelWidth":"120px"}},"formulas":[],"clones":false,"cartKey":false}},"_links":{"self":[{"href":"https:\/\/doymedia.com\/ro\/wp-json\/wp\/v2\/product\/88","targetHints":{"allow":["GET"]}}],"collection":[{"href":"https:\/\/doymedia.com\/ro\/wp-json\/wp\/v2\/product"}],"about":[{"href":"https:\/\/doymedia.com\/ro\/wp-json\/wp\/v2\/types\/product"}],"replies":[{"embeddable":true,"href":"https:\/\/doymedia.com\/ro\/wp-json\/wp\/v2\/comments?post=88"}],"wp:featuredmedia":[{"embeddable":true,"href":"https:\/\/doymedia.com\/ro\/wp-json\/wp\/v2\/media\/316"}],"wp:attachment":[{"href":"https:\/\/doymedia.com\/ro\/wp-json\/wp\/v2\/media?parent=88"}],"wp:term":[{"taxonomy":"product_brand","embeddable":true,"href":"https:\/\/doymedia.com\/ro\/wp-json\/wp\/v2\/product_brand?post=88"},{"taxonomy":"product_cat","embeddable":true,"href":"https:\/\/doymedia.com\/ro\/wp-json\/wp\/v2\/product_cat?post=88"},{"taxonomy":"product_tag","embeddable":true,"href":"https:\/\/doymedia.com\/ro\/wp-json\/wp\/v2\/product_tag?post=88"}],"curies":[{"name":"wp","href":"https:\/\/api.w.org\/{rel}","templated":true}]}}