{"id":91,"date":"2025-03-27T01:32:40","date_gmt":"2025-03-27T00:32:40","guid":{"rendered":"https:\/\/v2.doymedia.com\/?post_type=product&#038;p=91"},"modified":"2025-07-28T20:32:09","modified_gmt":"2025-07-28T18:32:09","slug":"cumpara-instagram-place","status":"publish","type":"product","link":"https:\/\/doymedia.com\/ro\/comprar-likes-instagram\/","title":{"rendered":"Cump\u0103r\u0103 Like-uri Instagram"},"content":{"rendered":"<section class=\"l-section wpb_row height_medium\"><div class=\"l-section-h i-cf\"><div class=\"g-cols vc_row via_flex valign_top type_default stacking_default\"><div class=\"vc_col-sm-12 wpb_column vc_column_container\"><div class=\"vc_column-inner\"><div class=\"wpb_wrapper\"><div class=\"wpb_text_column\"><div class=\"wpb_wrapper\"><p class=\"translation-block\">Pe Instagram, primele impresii sunt totul. Posta\u021bi o fotografie sau un videoclip \u0219i, \u00een c\u00e2teva secunde, utilizatorii judec\u0103 deja dac\u0103 con\u021binutul dvs. este valoros. Dac\u0103 nu prime\u0219te nicio interac\u021biune, este posibil s\u0103 treac\u0103 neobservat. Acesta este motivul pentru care <strong>buy Instagram likes<\/strong> a devenit un instrument esen\u021bial pentru cei care doresc s\u0103 ias\u0103 \u00een eviden\u021b\u0103, s\u0103 \u00ee\u0219i creasc\u0103 reach-ul \u0219i s\u0103 proiecteze o imagine puternic\u0103 de la prima vedere.<\/p>\n<p class=\"translation-block\">Like-urile nu sunt doar un num\u0103r. Ele reprezint\u0103 vizibilitate, \u00eencredere \u0219i validare social\u0103. Atunci c\u00e2nd o postare prime\u0219te o mul\u021bime de <strong>like-uri,<\/strong> algoritmul Instagram o interpreteaz\u0103 drept con\u021binut relevant \u0219i o arat\u0103 mai multor persoane. Acest lucru v\u0103 ajut\u0103 s\u0103 ob\u021bine\u021bi reach organic, <a href=\"https:\/\/doymedia.com\/ro\/cumpara-urmaritori-instagram\/\" target=\"_self\">atrage\u021bi noi urm\u0103ritori<\/a> \u0219i s\u0103 v\u0103 \u00eembun\u0103t\u0103\u021bi\u021bi pozi\u021bionarea pe platform\u0103.<\/p>\n<h2>De ce s\u0103 cump\u0103ra\u021bi Instagram likes?<\/h2>\n<p class=\"translation-block\">Instagram este o re\u021bea vizual\u0103, competitiv\u0103 \u0219i rapid\u0103. Post\u0103rile dureaz\u0103 doar c\u00e2teva secunde \u00een feed-ul unui utilizator. Acesta este motivul pentru care captarea imediat\u0103 a aten\u021biei este esen\u021bial\u0103. Prin <strong>cump\u0103rarea de like-uri Instagram<\/strong>, v\u0103 stimula\u021bi post\u0103rile pentru a ajunge mai departe \u0219i a genera un impact mai mare.<\/p>\n<p>Fie c\u0103 sunte\u021bi un brand, o afacere local\u0103, un influencer \u00een cre\u0219tere sau un cont personal care dore\u0219te mai mult\u0103 vizibilitate, <strong>cump\u0103ra Instagram place<\/strong> este o strategie care v\u0103 poate ajuta s\u0103 v\u0103 accelera\u021bi cre\u0219terea f\u0103r\u0103 complica\u021bii.<\/p>\n<h3>Avantajele de a cump\u0103ra like-uri pe Instagram<\/h3>\n<ul>\n<li>\ud83d\udcc8 Vizibilitate mai mare pentru publica\u021biile dvs.<\/li>\n<li>\ud83d\ude80 Impuls instantaneu pentru a v\u0103 \u00eembun\u0103t\u0103\u021bi pozi\u021bionarea<\/li>\n<li>\ud83d\udd01 Interac\u021biune crescut\u0103 \u0219i acoperire organic\u0103<\/li>\n<li>\ud83d\udcac \u00cembun\u0103t\u0103\u021birea percep\u021biei publice a profilului dvs.<\/li>\n<li>\ud83d\udd12 Livrare sigur\u0103, discret\u0103 \u0219i f\u0103r\u0103 compromisuri \u00een contul dvs.<\/li>\n<\/ul>\n<p>\u00cen plus, <strong>cump\u0103ra Instagram place<\/strong> v\u0103 ajut\u0103 s\u0103 ie\u0219i\u021bi \u00een eviden\u021b\u0103 fa\u021b\u0103 de concuren\u021b\u0103. Utilizatorii tind s\u0103 interac\u021bioneze mai mult cu con\u021binutul care are deja activitate. Acest lucru genereaz\u0103 un efect de domino care multiplic\u0103 interac\u021biunile, atr\u0103g\u00e2nd \u00een mod natural mai mul\u021bi adep\u021bi.<\/p>\n<h2>Este sigur s\u0103 cumperi Instagram likes?<\/h2>\n<p>Da, absolut. Nu solicit\u0103m parole sau acces la contul dvs. Trebuie doar s\u0103 furniza\u021bi link-ul c\u0103tre postarea pe care dori\u021bi s\u0103 o stimula\u021bi. Sistemul nostru se ocup\u0103 de restul, asigur\u00e2nd o livrare progresiv\u0103, natural\u0103 \u0219i conform\u0103 \u00een conformitate cu politicile de utilizare ale Instagram.<\/p>\n<p>Securitatea contului dvs. este prioritatea noastr\u0103. Toate procesele noastre sunt concepute pentru a v\u0103 proteja profilul \u0219i a v\u0103 asigura c\u0103 ob\u021bine\u021bi rezultatele a\u0219teptate, f\u0103r\u0103 a v\u0103 pune \u00een pericol reputa\u021bia sau datele personale.<\/p>\n<h3>Cine poate beneficia de acest serviciu?<\/h3>\n<p class=\"translation-block\">Acest serviciu este conceput pentru orice utilizator care dore\u0219te s\u0103 \u00eembun\u0103t\u0103\u021beasc\u0103 performan\u021ba con\u021binutului s\u0103u. Nu conteaz\u0103 dac\u0103 sunte\u021bi la \u00eenceput sau dac\u0103 ave\u021bi deja o comunitate: <strong>buy Instagram likes<\/strong> v\u0103 poate ajuta s\u0103 avansa\u021bi cu mai mult\u0103 for\u021b\u0103 \u0219i consecven\u021b\u0103.<\/p>\n<ul>\n<li>\ud83c\udfaf Influen\u021batori care doresc mai mult\u0103 implicare<\/li>\n<li>\ud83d\udecd\ufe0f \u00centreprinderi care promoveaz\u0103 produse sau servicii<\/li>\n<li>\ud83d\udcf8 Creatorii de con\u021binut caut\u0103 viralitatea<\/li>\n<li>\ud83d\udcc8 Branduri personale care doresc s\u0103 \u00ee\u0219i sporeasc\u0103 autoritatea<\/li>\n<li>\ud83d\udce2 Conturi noi care au nevoie de un kick-start<\/li>\n<\/ul>\n<h2>Alege de unde \u00ee\u021bi vin like-urile<\/h2>\n<p class=\"translation-block\">Unul dintre marile beneficii ale <strong>cump\u0103r\u0103rii de like-uri Instagram<\/strong> cu noi este c\u0103 pute\u021bi personaliza originea \"like-urilor\" pe care le primi\u021bi. \u0218tim c\u0103 segmentarea este esen\u021bial\u0103, de aceea oferim posibilitatea de a selecta like-uri din diferite regiuni, \u00een func\u021bie de publicul sau obiectivele dvs.<\/p>\n<p>Pute\u021bi alege \u00eentre:<\/p>\n<ul>\n<li>\ud83c\uddea\ud83c\uddfa cumpara lume\/European likes<\/li>\n<li>\ud83c\uddea\ud83c\uddf8 cumpara spaniola place<\/li>\n<li>\ud83c\uddee\ud83c\uddf9 cumpara place italieni<\/li>\n<li>\ud83c\uddeb\ud83c\uddf7 cumpara french likes<\/li>\n<li>\ud83c\uddec\ud83c\udde7 cumpara English-speaking likes<\/li>\n<li>\ud83c\udde7\ud83c\uddf7 cumpara brazilian place<\/li>\n<\/ul>\n<p class=\"translation-block\">Aceast\u0103 op\u021biune este ideal\u0103 pentru \u00eembun\u0103t\u0103\u021birea coeren\u021bei statisticilor dvs., cre\u0219terea credibilit\u0103\u021bii locale a post\u0103rilor dvs. sau concentrarea eforturilor dvs. pe o anumit\u0103 pia\u021b\u0103. Fie c\u0103 ave\u021bi o afacere \u00een Spania, fie c\u0103 lucra\u021bi la brandul dvs. personal \u00een Italia sau Brazilia, pute\u021bi <strong>cump\u0103ra like-uri Instagram<\/strong> complet adaptate publicului dvs.<\/p>\n<h2>Cum func\u021bioneaz\u0103 procesul?<\/h2>\n<p>Este foarte simplu. Trebuie doar s\u0103 alege\u021bi num\u0103rul de like-uri pe care \u00eel dori\u021bi \u0219i s\u0103 ne furniza\u021bi linkul c\u0103tre postare. Odat\u0103 ce comanda este confirmat\u0103, activ\u0103m livrarea treptat pentru a asigura o cre\u0219tere natural\u0103. Ve\u021bi vedea rezultatele \u00een cel mai scurt timp.<\/p>\n<p>Dac\u0103 ave\u021bi nevoie de ajutor sau ave\u021bi \u00eentreb\u0103ri, echipa noastr\u0103 de asisten\u021b\u0103 este disponibil\u0103 pentru a v\u0103 ajuta \u00eenainte, \u00een timpul \u0219i dup\u0103 achizi\u021bia dvs. Ne dorim s\u0103 ave\u021bi o experien\u021b\u0103 pl\u0103cut\u0103 \u0219i satisf\u0103c\u0103toare de la primul clic.<\/p>\n<h2>\u00cencepe\u021bi s\u0103 ie\u0219i\u021bi \u00een eviden\u021b\u0103 pe Instagram ast\u0103zi<\/h2>\n<p>Mii de utilizatori se bazeaz\u0103 deja pe acest serviciu pentru a-\u0219i \u00eembun\u0103t\u0103\u021bi prezen\u021ba pe Instagram. Dac\u0103 dori\u021bi, de asemenea, ca post\u0103rile dvs. s\u0103 aib\u0103 mai mult impact, <strong>cump\u0103ra Instagram place<\/strong> este cel mai bun aliat al t\u0103u.<\/p>\n<p>Nu l\u0103sa\u021bi con\u021binutul dvs. s\u0103 se piard\u0103 \u00een flux. Cre\u0219te acum vizibilitatea, implicarea \u0219i recunoa\u0219terea profilului t\u0103u. Alege-\u021bi pachetul, plaseaz\u0103 comanda \u0219i \u00eencepe s\u0103 vezi cum post\u0103rile tale ies \u00een eviden\u021b\u0103 mai mult ca niciodat\u0103.<\/p>\n<\/div><\/div><\/div><\/div><\/div><\/div><\/div><\/section>","protected":false},"excerpt":{"rendered":"Pe Instagram, primele impresii sunt totul. Posta\u021bi o fotografie sau un videoclip \u0219i, \u00een c\u00e2teva secunde, utilizatorii deja apreciaz\u0103 dac\u0103 con\u021binutul dvs. este valoros. Dac\u0103 acesta nu prime\u0219te interac\u021biune, este posibil s\u0103 treac\u0103 neobservat. De aceea, cump\u0103rarea de aprecieri pe Instagram a devenit un instrument esen\u021bial pentru cei care doresc s\u0103 ias\u0103 \u00een eviden\u021b\u0103, s\u0103 \u00ee\u0219i creasc\u0103 implicarea,...","protected":false},"featured_media":227,"comment_status":"open","ping_status":"closed","template":"","meta":{"_acf_changed":false},"product_brand":[],"product_cat":[17],"product_tag":[],"class_list":{"0":"post-91","1":"product","2":"type-product","3":"status-publish","4":"has-post-thumbnail","6":"product_cat-instagram","7":"wcpa_has_options","9":"first","10":"instock","11":"sale","12":"featured","13":"shipping-taxable","14":"purchasable","15":"product-type-variable","16":"has-default-attributes"},"acf":[],"wcpa_form_fields":{"wcpaData":{"product":{"product_price":1.99,"price_html":"","original_product_price":1.99,"price_including_tax":1.99,"price_excluding_tax":1.99,"product_id":{"parent":91,"variation":false},"is_variable":true,"stock_status":"instock","stock_quantity":null,"parent_sku":"","product_attributes":{"cantidad":{"is_variation":true,"values":[]}},"custom_fields":[],"is_taxable":false,"product_name":"Comprar Likes Instagram","hasImage":false},"fields":{"sec_367f6f7cee7714":{"extra":{"key":"sec_367f6f7cee7714","section_id":"sec_367f6f7cee7714","name":"Por defecto","status":1,"toggle":true,"form_id":817,"form_rules":{"exclude_from_discount":false,"fee_label":"Extras","disp_hide_options_price":false,"disp_show_section_price":false,"disp_show_field_price":false,"layout_option":"standard","pric_use_as_fee":false,"process_fee_as":"woo_fee"},"layout_option":"standard"},"fields":[[{"active":true,"col":5,"relations":false,"cl_rule":"show","enableCl":false,"price":"","enablePrice":true,"className":"","label_position":"default","desc_position":"default","type":"select","required":false,"elementId":"select_867f6f7cee773a","label":"Origen de los Likes","name":"select_867f6f7cee773a","values":[{"label":"\ud83c\uddea\ud83c\uddf8 Espa\u00f1a y Latam","value":"espa\u00f1a-latam","selected":false,"tempId":"aco_394","price":"50","gt_translate_keys":["label"]},{"label":"\ud83c\uddee\ud83c\uddf9 Italia","value":"italia","selected":false,"tempId":"aco_395","price":"50","gt_translate_keys":["label"]},{"label":"\ud83c\uddeb\ud83c\uddf7 Francia","value":"francia","selected":false,"tempId":"aco_396","price":"50","gt_translate_keys":["label"]},{"label":"\ud83c\uddfa\ud83c\uddf8 Habla Inglesa","value":"ingles","selected":false,"tempId":"aco_3069","price":"100","gt_translate_keys":["label"]},{"label":"\ud83c\udde7\ud83c\uddf7 Brasil","value":"brasil","selected":false,"tempId":"aco_1135","price":"50","gt_translate_keys":["label"]}],"dropdown_type":"basic","error":false,"placeholder":"\ud83c\udf0d Origen Europeo\/Mundial de Alta Calidad","priceOptions":"different_for_all","pricingType":"percentage","fee_label":"","option_price_format":"(+{price})","gt_translate_keys":["label","placeholder"],"price_dependency":false,"cl_dependency":false,"value":""}],[{"active":true,"col":5,"relations":false,"cl_rule":"show","enableCl":false,"price":"","enablePrice":false,"className":"","type":"text","subtype":"text","required":true,"elementId":"text_867f6f7cee7749","label":"Enlace de la Publicaci\u00f3n","name":"text_867f6f7cee7749","value":"","error":false,"placeholder":"Ejemplo: https:\/\/www.instagram.com\/p\/DGxqbv9oVTD\/","gt_translate_keys":["label","placeholder","value"],"price_dependency":false,"cl_dependency":false}],[{"active":true,"col":5,"relations":false,"cl_rule":"show","enableCl":false,"price":"","enablePrice":true,"className":"","label_position":"default","desc_position":"default","type":"select","required":false,"elementId":"select_767f6f7cee7756","label":"A\u00f1adir Views con Descuento","name":"select_767f6f7cee7756","values":[{"label":"100 Views","value":"100","selected":false,"tempId":"aco_910","price":"1,89","gt_translate_keys":["label"]},{"label":"500 Views","value":"500","selected":false,"tempId":"aco_911","price":"3,79","gt_translate_keys":["label"]},{"label":"1.000 Views","value":"1000","selected":false,"tempId":"aco_912","price":"4,69","gt_translate_keys":["label"]},{"label":"5.000 Views","value":"5000","selected":false,"tempId":"aco_1337","price":"17,99","gt_translate_keys":["label"]},{"label":"10.000 Views","value":"10000","selected":false,"tempId":"aco_1059","price":"26,99","gt_translate_keys":["label"]},{"label":"50.000 Views","value":"50000","selected":false,"tempId":"aco_5222","price":"99,99","gt_translate_keys":["label"]}],"dropdown_type":"basic","error":false,"placeholder":"Ninguno","priceOptions":"different_for_all","pricingType":"fixed","use_as_fee":false,"option_price_format":"","tooltip":"Los views se pondr\u00e1n a la misma publicaci\u00f3n si es un v\u00eddeo.","gt_translate_keys":["label","placeholder","tooltip"],"price_dependency":false,"cl_dependency":false,"value":""}],[{"label":"A\u00f1adir Seguidores con Descuento","active":true,"required":false,"elementId":"select-9377214537","dropdown_type":"basic","placeholder":"Ninguno","tooltip":"Los seguidores se pondr\u00e1n al mismo perfil de la publicaci\u00f3n.","name":"select-9377214537","label_position":"default","desc_position":"default","enablePrice":true,"className":"","enableCl":false,"relations":false,"option_price_format":"","values":[{"label":"100 Seguidores","value":"100","selected":false,"tempId":"aco_910","price":"2,45","gt_translate_keys":["label"]},{"label":"500 Seguidores","value":"500","selected":false,"tempId":"aco_911","price":"6,50","gt_translate_keys":["label"]},{"label":"1.000 Seguidores","value":"1000","selected":false,"tempId":"aco_912","price":"9,50","gt_translate_keys":["label"]},{"label":"5.000 Seguidores","value":"5000","selected":false,"tempId":"aco_1337","price":"39,50","gt_translate_keys":["label"]},{"label":"10.000 Seguidores","value":"10000","selected":false,"tempId":"aco_1059","price":"79,50","gt_translate_keys":["label"]}],"priceOptions":"different_for_all","pricingType":"fixed","price":"","use_as_fee":false,"cl_rule":"show","col":5,"type":"select","error":false,"gt_translate_keys":["label","placeholder","tooltip"],"price_dependency":false,"cl_dependency":false,"value":""}]]}},"config":{"price_override":"","enable_recaptcha":false,"bind_quantity":false,"quantity_bind_formula":false,"disp_summ_show_option_price":false,"disp_summ_show_product_price":false,"disp_summ_show_total_price":false,"disp_summ_show_fee":false,"disp_summ_show_discount":false,"summary_title":"","options_total_label":"Extras","total_label":"Total","options_product_label":"Produto","fee_label":"Extras","discount_label":"Desconto","has_price":true,"has_quantity_formula":false},"mc_unit":1,"tax_rate":1,"tax_rate_real":1,"discount":{"percentage":0,"fixed":0},"design":{"conf":{"LabelPosition":"above","DescPosition":"above","UploadField":"custom_1","QuantityFieldStyle":"default"},"css":{"LeftLabelWidth":"120px"}},"formulas":[],"clones":false,"cartKey":false}},"_links":{"self":[{"href":"https:\/\/doymedia.com\/ro\/wp-json\/wp\/v2\/product\/91","targetHints":{"allow":["GET"]}}],"collection":[{"href":"https:\/\/doymedia.com\/ro\/wp-json\/wp\/v2\/product"}],"about":[{"href":"https:\/\/doymedia.com\/ro\/wp-json\/wp\/v2\/types\/product"}],"replies":[{"embeddable":true,"href":"https:\/\/doymedia.com\/ro\/wp-json\/wp\/v2\/comments?post=91"}],"wp:featuredmedia":[{"embeddable":true,"href":"https:\/\/doymedia.com\/ro\/wp-json\/wp\/v2\/media\/227"}],"wp:attachment":[{"href":"https:\/\/doymedia.com\/ro\/wp-json\/wp\/v2\/media?parent=91"}],"wp:term":[{"taxonomy":"product_brand","embeddable":true,"href":"https:\/\/doymedia.com\/ro\/wp-json\/wp\/v2\/product_brand?post=91"},{"taxonomy":"product_cat","embeddable":true,"href":"https:\/\/doymedia.com\/ro\/wp-json\/wp\/v2\/product_cat?post=91"},{"taxonomy":"product_tag","embeddable":true,"href":"https:\/\/doymedia.com\/ro\/wp-json\/wp\/v2\/product_tag?post=91"}],"curies":[{"name":"wp","href":"https:\/\/api.w.org\/{rel}","templated":true}]}}