{"id":92,"date":"2025-03-27T01:32:40","date_gmt":"2025-03-27T00:32:40","guid":{"rendered":"https:\/\/v2.doymedia.com\/?post_type=product&#038;p=92"},"modified":"2025-04-10T17:35:37","modified_gmt":"2025-04-10T15:35:37","slug":"cumpararea-de-voturi-pe-twitter","status":"publish","type":"product","link":"https:\/\/doymedia.com\/ro\/comprar-votos-twitter\/","title":{"rendered":"Cump\u0103ra\u021bi voturi pe Twitter"},"content":{"rendered":"<section class=\"l-section wpb_row height_medium\"><div class=\"l-section-h i-cf\"><div class=\"g-cols vc_row via_flex valign_top type_default stacking_default\"><div class=\"vc_col-sm-12 wpb_column vc_column_container\"><div class=\"vc_column-inner\"><div class=\"wpb_wrapper\"><div class=\"wpb_text_column\"><div class=\"wpb_wrapper\"><p class=\"translation-block\">Sondajele Twitter au devenit un instrument puternic pentru a atrage aten\u021bia, a genera implicare \u0219i a lua decizii vizibile pentru comunitatea dvs. Dar dac\u0103 nu ob\u021bine\u021bi suficiente voturi, sondajul dvs. \u00ee\u0219i pierde din impact. De aceea, <strong>cump\u0103rarea de voturi pe Twitter<\/strong> este o solu\u021bie rapid\u0103 \u0219i sigur\u0103 pentru a ie\u0219i \u00een eviden\u021b\u0103 \u00een sondaje \u0219i a proiecta autoritate pe platform\u0103.<\/p>\n<p class=\"translation-block\">Indiferent dac\u0103 utiliza\u021bi un sondaj pentru marketing, strategie, divertisment sau pur \u0219i simplu pentru a influen\u021ba o decizie public\u0103, cre\u0219terea num\u0103rului de voturi v\u0103 poate ajuta s\u0103 controla\u021bi rezultatul, s\u0103 genera\u021bi conversa\u021bie \u0219i s\u0103 implica\u021bi mai mul\u021bi oameni. Cu serviciul nostru pute\u021bi <strong>cump\u0103ra voturi Twitter<\/strong> cu u\u0219urin\u021b\u0103, aleg\u00e2nd op\u021biunea pe care o prefera\u021bi, astfel \u00eenc\u00e2t rezultatele s\u0103 reflecte ceea ce ave\u021bi nevoie.<\/p>\n<h2>De ce s\u0103 cump\u0103ra\u021bi voturi pe Twitter?<\/h2>\n<p class=\"translation-block\">Sondajele cu multe voturi atrag mai mult\u0103 aten\u021bie. Atunci c\u00e2nd utilizatorii v\u0103d un vot activ, cu sute sau mii de particip\u0103ri, ei tind s\u0103 se al\u0103ture. Acest lucru genereaz\u0103 un efect de bulg\u0103re de z\u0103pad\u0103 care confer\u0103 vizibilitate \u0219i credibilitate publica\u021biei dumneavoastr\u0103. Dac\u0103 dori\u021bi, de asemenea, s\u0103 consolida\u021bi un anumit rezultat, <strong>cump\u0103rarea voturilor Twitter<\/strong> v\u0103 permite s\u0103 ave\u021bi o influen\u021b\u0103 direct\u0103 \u0219i imediat\u0103.<\/p>\n<p>Acest serviciu este ideal pentru creatorii de con\u021binut, influenceri, \u00eentreprinderi, conturi personale sau m\u0103rci care utilizeaz\u0103 sondajele ca parte a strategiei lor. \u00cel pute\u021bi utiliza pentru a consolida o idee, pentru a lansa o campanie viral\u0103, pentru a genera implicare sau pur \u0219i simplu pentru a c\u00e2\u0219tiga un vot.<\/p>\n<h3>Avantajele cump\u0103r\u0103rii de voturi pe Twitter<\/h3>\n<ul>\n<li>\ud83d\udcca Consolidarea rezultatului sondajului dvs.<\/li>\n<li>\ud83d\udd25 Cre\u0219te vizibilitatea \u0219i participarea<\/li>\n<li>\ud83d\ude80 \u00cembun\u0103t\u0103\u021bi\u021bi reach-ul organic al tweet-ului dvs.<\/li>\n<li>\u2705 Influen\u021beaz\u0103 percep\u021bia public\u0103<\/li>\n<li>\ud83d\udd12 Livrare sigur\u0103, f\u0103r\u0103 a v\u0103 afecta contul<\/li>\n<\/ul>\n<p class=\"translation-block\">Cump\u0103rarea de <strong>Voturi Twitter<\/strong> este util\u0103 indiferent dac\u0103 dori\u021bi s\u0103 c\u00e2\u0219tiga\u021bi un sondaj public sau s\u0103 v\u0103 \u00eembun\u0103t\u0103\u021bi\u021bi performan\u021ba post\u0103rilor. Cu c\u00e2t sondajul dvs. prime\u0219te mai multe voturi, cu at\u00e2t va fi mai relevant pentru algoritm \u0219i \u00een ochii publicului dvs.<\/p>\n<h2>Este sigur s\u0103 cump\u0103ra\u021bi voturi pe Twitter?<\/h2>\n<p>Da, absolut. Nu solicit\u0103m parole sau acces la contul dvs. Avem nevoie doar de link-ul c\u0103tre tweet-ul dvs. cu sondajul activ \u0219i de num\u0103rul de voturi pe care \u00eel dori\u021bi pentru op\u021biunea aleas\u0103. Procesul este rapid, discret \u0219i sigur. Livr\u0103m voturile \u00een mod natural \u0219i \u00een intervalul de timp convenit.<\/p>\n<p>Sistemul nostru este optimizat pentru a v\u0103 proteja confiden\u021bialitatea \u0219i pentru a oferi rezultate f\u0103r\u0103 riscuri. \u0218tim c\u00e2t de important este s\u0103 v\u0103 p\u0103stra\u021bi contul \u00een siguran\u021b\u0103, motiv pentru care lucr\u0103m cu metode dovedite care \u00eendeplinesc cele mai \u00eenalte standarde din industrie.<\/p>\n<h3>Cine poate beneficia de acest serviciu?<\/h3>\n<p>Acest serviciu este perfect pentru toate tipurile de utilizatori care doresc s\u0103 ob\u021bin\u0103 autoritate sau control asupra rezultatelor unui sondaj. Pute\u021bi <strong>cump\u0103rarea de voturi Twitter<\/strong> pentru campanii personale, tombole, concursuri sau post\u0103ri virale. Nu ave\u021bi nevoie de mii de urm\u0103ritori pentru ca sondajul dvs. s\u0103 aib\u0103 un impact.<\/p>\n<ul>\n<li>\ud83c\udfaf Influen\u021batori care doresc s\u0103 stimuleze con\u021binutul<\/li>\n<li>\ud83d\uddf3\ufe0f Conturi care particip\u0103 la sondaje competitive<\/li>\n<li>\ud83d\udcc8 Branduri care pun \u00eentreb\u0103ri strategice publicului lor<\/li>\n<li>\ud83d\udce2 Utilizatorii care doresc s\u0103 direc\u021bioneze votul c\u0103tre o anumit\u0103 op\u021biune<\/li>\n<li>\ud83d\udcac Creatorii caut\u0103 viralitate sau conversa\u021bie<\/li>\n<\/ul>\n<h2>Cum func\u021bioneaz\u0103 procesul de achizi\u021bie?<\/h2>\n<p class=\"translation-block\"><strong>Acump\u0103rarea de voturi pe Twitter<\/strong> cu noi este foarte simpl\u0103. Trebuie doar s\u0103 alege\u021bi num\u0103rul de voturi pe care \u00eel dori\u021bi, s\u0103 copia\u021bi link-ul direct al tweet-ului dvs. cu sondajul activ \u0219i s\u0103 selecta\u021bi op\u021biunea pe care dori\u021bi s\u0103 o promova\u021bi. Noi ne ocup\u0103m de restul.<\/p>\n<p>Odat\u0103 ce comanda a fost plasat\u0103, \u00eencepem livrarea voturilor.<\/p>\n<p class=\"translation-block\"><strong> Cump\u0103ra\u021bi voturi Twitter<\/strong> este cea mai direct\u0103 \u0219i eficient\u0103 modalitate de a face diferen\u021ba \u00eentr-un sondaj. Fie c\u0103 sunte\u021bi \u00een c\u0103utarea unui mic imbold pentru a genera mai mult\u0103 interac\u021biune sau dori\u021bi s\u0103 v\u0103 asigura\u021bi c\u0103 o op\u021biune c\u00e2\u0219tig\u0103 deta\u0219at, acest serviciu este f\u0103cut pentru dvs.<\/p>\n<h2>\u00cencepe\u021bi s\u0103 c\u00e2\u0219tiga\u021bi sondaje ast\u0103zi<\/h2>\n<p>Dac\u0103 pe l\u00e2ng\u0103 c\u00e2\u0219tigarea sondajelor dori\u021bi s\u0103 v\u0103 construi\u021bi un profil mai complet \u0219i mai vizibil, v\u0103 recomand\u0103m s\u0103 <a href=\"https:\/\/doymedia.com\/ro\/cumparati-urmaritori-twitter\/\"><strong>cump\u0103ra\u021bi urm\u0103ritori Twitter<\/strong><\/a> pentru a v\u0103 dezvolta comunitatea \u0219i <a href=\"https:\/\/doymedia.com\/ro\/cumpara-twitter-place\/\"><strong>cump\u0103ra Twitter place<\/strong><\/a> pentru a consolida implicarea publica\u021biilor dumneavoastr\u0103. Acestea sunt servicii complementare care v\u0103 vor ajuta s\u0103 proiecta\u021bi o imagine mai puternic\u0103 \u0219i mai profesional\u0103 pe platform\u0103.<br \/>\nMii de utilizatori au folosit deja acest serviciu pentru a ob\u021bine mai multe voturi \u00een sondajele lor \u0219i pentru a-\u0219i \u00eembun\u0103t\u0103\u021bi prezen\u021ba pe Twitter. Dac\u0103 \u0219i dvs. dori\u021bi ca votul dvs. s\u0103 ias\u0103 \u00een eviden\u021b\u0103, <strong>cump\u0103rarea de voturi Twitter<\/strong> este cea mai rapid\u0103 \u0219i eficient\u0103 modalitate de a realiza acest lucru.<\/p>\n<p>Alege\u021bi num\u0103rul de voturi pe care \u00eel dori\u021bi, da\u021bi-ne linkul c\u0103tre sondajul dvs. \u0219i noi ne vom ocupa de restul. Pute\u021bi \u00eencepe cu un mic impuls sau pute\u021bi face ca alegerea dvs. s\u0103 c\u00e2\u0219tige cu o marj\u0103 larg\u0103. Alegerea v\u0103 apar\u021bine.<\/p>\n<p class=\"translation-block\">Nu l\u0103sa\u021bi rezultatul la voia \u00eent\u00e2mpl\u0103rii. Influen\u021ba\u021bi, eviden\u021bia\u021bi \u0219i controla\u021bi-v\u0103 sondajele cu siguran\u021b\u0103 \u0219i rezultate garantate. <strong>Buy Twitter votes<\/strong> v\u0103 pune \u00een control. F\u0103-o u\u0219or, f\u0103-o bine.<\/p>\n<\/div><\/div><\/div><\/div><\/div><\/div><\/div><\/section>","protected":false},"excerpt":{"rendered":"Sondajele Twitter au devenit un instrument puternic pentru a atrage aten\u021bia, a genera implicare \u0219i a lua decizii vizibile pentru comunitatea dvs. Dar dac\u0103 nu ob\u021bine\u021bi suficiente voturi, sondajul dvs. \u00ee\u0219i pierde din impact. De aceea, cump\u0103rarea de voturi pe Twitter este o solu\u021bie rapid\u0103 \u0219i sigur\u0103 pentru a ie\u0219i \u00een eviden\u021b\u0103 \u00een sondaje \u0219i a proiecta autoritate pe platform\u0103.....","protected":false},"featured_media":318,"comment_status":"open","ping_status":"closed","template":"","meta":{"_acf_changed":false},"product_brand":[],"product_cat":[19],"product_tag":[],"class_list":{"0":"post-92","1":"product","2":"type-product","3":"status-publish","4":"has-post-thumbnail","6":"product_cat-twitter","7":"wcpa_has_options","9":"first","10":"instock","11":"shipping-taxable","12":"purchasable","13":"product-type-variable","14":"has-default-attributes"},"acf":[],"wcpa_form_fields":{"wcpaData":{"product":{"product_price":1.99,"price_html":"","original_product_price":1.99,"price_including_tax":1.99,"price_excluding_tax":1.99,"product_id":{"parent":92,"variation":false},"is_variable":true,"stock_status":"instock","stock_quantity":null,"parent_sku":"","product_attributes":{"cantidad":{"is_variation":true,"values":[]}},"custom_fields":[],"is_taxable":false,"product_name":"Comprar Votos Twitter","hasImage":false},"fields":{"sec_167faa7c614353":{"extra":{"key":"sec_167faa7c614353","section_id":"sec_167faa7c614353","name":"Por defecto","status":1,"toggle":true,"form_id":1071,"form_rules":{"exclude_from_discount":false,"fee_label":"Extr\u00e1k","disp_hide_options_price":false,"disp_show_section_price":false,"disp_show_field_price":false,"layout_option":"standard","pric_use_as_fee":false,"process_fee_as":"woo_fee"},"layout_option":"standard"},"fields":[[{"active":true,"col":5,"relations":false,"cl_rule":"show","enableCl":false,"price":"","enablePrice":false,"className":"","type":"text","subtype":"text","required":true,"elementId":"text_667faa7c61436c","label":"Enlace de la Publicaci\u00f3n de Twitter","name":"text_667faa7c61436c","value":"","error":false,"placeholder":"Ejemplo: https:\/\/x.com\/NASA\/status\/1911109060553847169","enableDesign":false,"LabelSize":"16px","gt_translate_keys":["label","placeholder","value"],"price_dependency":false,"cl_dependency":false}],[{"label":"Opci\u00f3n a Votar","active":true,"required":true,"elementId":"text-2562894642","value":"","placeholder":"Escribe la opci\u00f3n a votar, por ejemplo: OPCI\u00d3N 1 Barack Obama","name":"text-2562894642","enablePrice":false,"className":"","enableCl":false,"relations":false,"enableDesign":false,"LabelSize":"16px","subtype":"text","price":"","cl_rule":"show","col":5,"type":"text","error":false,"gt_translate_keys":["label","placeholder","value"],"price_dependency":false,"cl_dependency":false}]]}},"config":{"price_override":"","enable_recaptcha":false,"bind_quantity":false,"quantity_bind_formula":false,"disp_summ_show_option_price":false,"disp_summ_show_product_price":false,"disp_summ_show_total_price":false,"disp_summ_show_fee":false,"disp_summ_show_discount":false,"summary_title":"","options_total_label":"Extr\u00e1k","total_label":"\u00d6sszesen","options_product_label":"Producto","fee_label":"Extr\u00e1k","discount_label":"Descuento","has_price":true,"has_quantity_formula":false},"mc_unit":1,"tax_rate":1,"tax_rate_real":1,"discount":{"percentage":0,"fixed":0},"design":{"conf":{"LabelPosition":"above","DescPosition":"above","UploadField":"custom_1","QuantityFieldStyle":"default"},"css":{"LeftLabelWidth":"120px"}},"formulas":[],"clones":false,"cartKey":false}},"_links":{"self":[{"href":"https:\/\/doymedia.com\/ro\/wp-json\/wp\/v2\/product\/92","targetHints":{"allow":["GET"]}}],"collection":[{"href":"https:\/\/doymedia.com\/ro\/wp-json\/wp\/v2\/product"}],"about":[{"href":"https:\/\/doymedia.com\/ro\/wp-json\/wp\/v2\/types\/product"}],"replies":[{"embeddable":true,"href":"https:\/\/doymedia.com\/ro\/wp-json\/wp\/v2\/comments?post=92"}],"wp:featuredmedia":[{"embeddable":true,"href":"https:\/\/doymedia.com\/ro\/wp-json\/wp\/v2\/media\/318"}],"wp:attachment":[{"href":"https:\/\/doymedia.com\/ro\/wp-json\/wp\/v2\/media?parent=92"}],"wp:term":[{"taxonomy":"product_brand","embeddable":true,"href":"https:\/\/doymedia.com\/ro\/wp-json\/wp\/v2\/product_brand?post=92"},{"taxonomy":"product_cat","embeddable":true,"href":"https:\/\/doymedia.com\/ro\/wp-json\/wp\/v2\/product_cat?post=92"},{"taxonomy":"product_tag","embeddable":true,"href":"https:\/\/doymedia.com\/ro\/wp-json\/wp\/v2\/product_tag?post=92"}],"curies":[{"name":"wp","href":"https:\/\/api.w.org\/{rel}","templated":true}]}}