{"id":93,"date":"2025-03-27T01:32:40","date_gmt":"2025-03-27T00:32:40","guid":{"rendered":"https:\/\/v2.doymedia.com\/?post_type=product&#038;p=93"},"modified":"2025-07-16T21:42:25","modified_gmt":"2025-07-16T19:42:25","slug":"cumparati-vizualizari-youtube","status":"publish","type":"product","link":"https:\/\/doymedia.com\/ro\/comprar-views-youtube\/","title":{"rendered":"Cump\u0103ra\u021bi vizualiz\u0103ri Youtube"},"content":{"rendered":"<section class=\"l-section wpb_row height_medium\"><div class=\"l-section-h i-cf\"><div class=\"g-cols vc_row via_flex valign_top type_default stacking_default\"><div class=\"vc_col-sm-12 wpb_column vc_column_container\"><div class=\"vc_column-inner\"><div class=\"wpb_wrapper\"><div class=\"wpb_text_column\"><div class=\"wpb_wrapper\"><p class=\"translation-block\">Pe YouTube, prima impresie conteaz\u0103. Un videoclip cu mii de vizualiz\u0103ri atrage aten\u021bia, creeaz\u0103 \u00eencredere \u0219i atrage mai multe clicuri. Dac\u0103 crea\u021bi con\u021binut valoros, dar nu ob\u021bine\u021bi atingerea pe care o a\u0219tepta\u021bi, <strong>cump\u0103rarea de vizualiz\u0103ri YouTube<\/strong> v\u0103 poate ajuta s\u0103 v\u0103 \u00eembun\u0103t\u0103\u021bi\u021bi clasamentul, s\u0103 v\u0103 cre\u0219te\u021bi vizibilitatea \u0219i s\u0103 c\u00e2\u0219tiga\u021bi relevan\u021b\u0103 pe cea mai mare platform\u0103 video online.<\/p>\n<p class=\"translation-block\">Prin <strong>cump\u0103rarea de vizualiz\u0103ri YouTube,<\/strong> face\u021bi primul pas \u00een impulsionarea strategic\u0103 a canalului dvs. Videoclipurile cu multe vizualiz\u0103ri tind s\u0103 apar\u0103 \u00een recomand\u0103rile algoritmului, s\u0103 c\u00e2\u0219tige autoritate \u0219i s\u0103 re\u021bin\u0103 mai bine spectatorii. Acest impuls ini\u021bial poate face diferen\u021ba \u00eentre un videoclip care stagneaz\u0103 \u0219i unul care devine viral.<\/p>\n<h2>De ce s\u0103 cump\u0103ra\u021bi vizualiz\u0103ri YouTube?<\/h2>\n<p class=\"translation-block\">Postarea de con\u021binut de calitate nu mai este suficient\u0103. Algoritmul YouTube favorizeaz\u0103 videoclipurile care sunt active de la \u00eenceput. Prin <strong>cump\u0103rarea de vizualiz\u0103ri YouTube,<\/strong> cre\u0219te\u021bi \u0219ansele ca videoclipul dvs. s\u0103 se claseze \u00een feed-urile noilor utilizatori, s\u0103 apar\u0103 \u00een sec\u021biunea \"trending\" sau chiar \u00een c\u0103ut\u0103rile conexe.<\/p>\n<p>\u00cen plus, atunci c\u00e2nd utilizatorii v\u0103d un videoclip cu multe vizualiz\u0103ri, \u00eel percep automat ca fiind mai valoros sau relevant. Aceast\u0103 dovad\u0103 social\u0103 influen\u021beaz\u0103 \u00een mod direct decizia de a reda con\u021binutul, de a se abona la canal sau de a-l distribui. Mai multe vizualiz\u0103ri = mai mult\u0103 credibilitate.<\/p>\n<h3>Avantajele de a cump\u0103ra vizualiz\u0103ri YouTube<\/h3>\n<ul>\n<li>\ud83d\udcc8 Vizibilitate crescut\u0103 \u00eenc\u0103 din primele minute<\/li>\n<li>\ud83c\udfaf \u00cembun\u0103t\u0103\u021birea clasamentului de c\u0103utare \u0219i a recomand\u0103rilor<\/li>\n<li>\ud83e\udd1d C\u00e2\u0219tiga\u021bi autoritate \u00een fa\u021ba publicului dvs.<\/li>\n<li>\ud83d\udcca Cre\u0219te rata click-through \u0219i reten\u021bia spectatorilor<\/li>\n<li>\ud83d\udd12 Livrare progresiv\u0103, sigur\u0103 \u0219i securizat\u0103 pentru contul dvs.<\/li>\n<\/ul>\n<p>The <strong>cump\u0103rarea de vizualiz\u0103ri YouTube<\/strong> este un instrument cheie pentru cre\u0219tere \u00eentr-un mediu din ce \u00een ce mai competitiv. Este ideal pentru noii creatori, canalele companiilor, m\u0103rcile personale sau pentru orice utilizator care dore\u0219te s\u0103 ofere vizibilitate real\u0103 con\u021binutului s\u0103u.<\/p>\n<h2>Este sigur s\u0103 cumperi vizualiz\u0103ri pe YouTube?<\/h2>\n<p>Da, nu trebuie s\u0103 v\u0103 partaja\u021bi parola sau s\u0103 oferi\u021bi acces la canalul dvs. V\u0103 solicit\u0103m doar link-ul c\u0103tre videoclipul pe care dori\u021bi s\u0103 \u00eel promova\u021bi. Platforma noastr\u0103 utilizeaz\u0103 sisteme fiabile pentru a asigura o cre\u0219tere natural\u0103, cu livrare progresiv\u0103 care simuleaz\u0103 comportamentul organic.<\/p>\n<p class=\"translation-block\">\u00cen plus, lucr\u0103m \u00een conformitate cu politici sigure \u0219i cu servere stabile care ne permit s\u0103 livr\u0103m vizualiz\u0103rile f\u0103r\u0103 a afecta reputa\u021bia canalului dvs. <strong> Cump\u0103rarea de vizualiz\u0103ri YouTube<\/strong> cu noi este sinonim\u0103 cu confiden\u021bialitatea, viteza \u0219i rezultatele vizibile.<\/p>\n<h3>Cum func\u021bioneaz\u0103?<\/h3>\n<p>Procesul este foarte simplu: selecta\u021bi pachetul de vizualiz\u0103ri care se potrive\u0219te cel mai bine obiectivului dvs., furniza\u021bi link-ul c\u0103tre videoclip \u0219i finaliza\u021bi comanda. Sistemul nostru se va ocupa de distribuirea treptat\u0103 a vizualiz\u0103rilor, pentru a men\u021bine un model de cre\u0219tere natural \u0219i sigur.<\/p>\n<p>Ve\u021bi vedea c\u0103 videoclipul dvs. \u00eencepe s\u0103 primeasc\u0103 vizualiz\u0103ri \u00een cel mai scurt timp \u0219i v\u0103 ve\u021bi putea concentra eforturile pe crearea mai multor con\u021binuturi, \u00een timp ce noi v\u0103 ajut\u0103m s\u0103 v\u0103 cre\u0219te\u021bi audien\u021ba. \u00cen plus, dac\u0103 ave\u021bi \u00eentreb\u0103ri, echipa noastr\u0103 de asisten\u021b\u0103 este \u00eentotdeauna disponibil\u0103 pentru a v\u0103 ajuta.<\/p>\n<h2>Cine ar trebui s\u0103 cumpere vizualiz\u0103ri YouTube?<\/h2>\n<p class=\"translation-block\">Acest serviciu este conceput pentru toate tipurile de creatori \u0219i profiluri. Indiferent dac\u0103 sunte\u021bi un influencer, un brand, o companie sau un creator independent, <strong>cump\u0103ra\u021bi vizualiz\u0103ri YouTube<\/strong> poate fi impulsul de care ave\u021bi nevoie pentru a \u00eencepe cu adev\u0103rat s\u0103 cre\u0219te\u021bi.<\/p>\n<ul>\n<li>\ud83c\udfa5 Creatori care doresc s\u0103 promoveze un nou videoclip<\/li>\n<li>\ud83d\udce2 Branduri care lanseaz\u0103 campanii sau produse<\/li>\n<li>\ud83d\udcbc Companii care public\u0103 con\u021binut informa\u021bional sau comercial<\/li>\n<li>\ud83d\udcc8 Canale noi care au nevoie de trac\u021biune ini\u021bial\u0103<\/li>\n<li>\ud83e\udde0 Exper\u021bi care doresc s\u0103 se pozi\u021bioneze \u00een ni\u0219a lor<\/li>\n<\/ul>\n<h2>Cre\u0219te\u021bi canalul dvs. ast\u0103zi<\/h2>\n<p class=\"translation-block\">Mii de utilizatori au avut deja \u00eencredere \u00een acest serviciu pentru a \u00eembun\u0103t\u0103\u021bi performan\u021ba videoclipurilor lor. Dac\u0103 dori\u021bi, de asemenea, s\u0103 c\u00e2\u0219tiga\u021bi vizibilitate, s\u0103 cre\u0219te\u021bi interac\u021biunea \u0219i s\u0103 v\u0103 face\u021bi con\u021binutul s\u0103 ajung\u0103 mai departe, <strong>cump\u0103ra\u021bi red\u0103ri YouTube<\/strong> este cea mai bun\u0103 op\u021biune.<\/p>\n<p class=\"translation-block\">Dac\u0103 dori\u021bi s\u0103 stimula\u021bi \u0219i mai mult performan\u021ba canalului dvs., pute\u021bi, de asemenea, <strong><a href=\"https:\/\/doymedia.com\/ro\/cumparati-abonati-youtube\/\" target=\"_self\">cump\u0103ra urm\u0103ritori YouTube<\/a><\/strong> pentru a v\u0103 cre\u0219te comunitatea sau <strong><a href=\"https:\/\/doymedia.com\/ro\/cumpara-youtube-place\/\" target=\"_self\">cump\u0103ra like-uri YouTube<\/a><\/strong> \u0219i s\u0103 consolida\u021bi interac\u021biunea pe videoclipurile dvs. Combinarea vizualiz\u0103rilor cu like-uri \u0219i abona\u021bi v\u0103 va ajuta s\u0103 v\u0103 pozi\u021biona\u021bi mai bine \u00een algoritm \u0219i s\u0103 proiecta\u021bi o imagine mai puternic\u0103 pentru publicul dvs.<\/p>\n<p>Nu l\u0103sa\u021bi con\u021binutul dvs. s\u0103 treac\u0103 neobservat. \u00cencepe\u021bi ast\u0103zi, alege\u021bi pachetul dvs. \u0219i duce\u021bi videoclipurile dvs. la nivelul urm\u0103tor cu o strategie care func\u021bioneaz\u0103.<\/p>\n<\/div><\/div><\/div><\/div><\/div><\/div><\/div><\/section>","protected":false},"excerpt":{"rendered":"Pe YouTube, prima impresie conteaz\u0103. Un videoclip cu mii de vizualiz\u0103ri atrage aten\u021bia, creeaz\u0103 \u00eencredere \u0219i atrage mai multe clicuri. Dac\u0103 crea\u021bi con\u021binut valoros, dar nu ob\u021bine\u021bi atingerea pe care o spera\u021bi, cump\u0103rarea de vizualiz\u0103ri YouTube v\u0103 poate ajuta s\u0103 v\u0103 \u00eembun\u0103t\u0103\u021bi\u021bi clasamentul, s\u0103 v\u0103 cre\u0219te\u021bi vizibilitatea \u0219i s\u0103 c\u00e2\u0219tiga\u021bi relevan\u021b\u0103 pe cea mai mare platform\u0103...","protected":false},"featured_media":243,"comment_status":"open","ping_status":"closed","template":"","meta":{"_acf_changed":false},"product_brand":[],"product_cat":[21],"product_tag":[],"class_list":{"0":"post-93","1":"product","2":"type-product","3":"status-publish","4":"has-post-thumbnail","6":"product_cat-youtube","7":"wcpa_has_options","9":"first","10":"instock","11":"sale","12":"featured","13":"shipping-taxable","14":"purchasable","15":"product-type-variable","16":"has-default-attributes"},"acf":[],"wcpa_form_fields":{"wcpaData":{"product":{"product_price":4.99,"price_html":"","original_product_price":4.99,"price_including_tax":4.99,"price_excluding_tax":4.99,"product_id":{"parent":93,"variation":false},"is_variable":true,"stock_status":"instock","stock_quantity":null,"parent_sku":"","product_attributes":{"cantidad":{"is_variation":true,"values":[]}},"custom_fields":[],"is_taxable":false,"product_name":"Comprar Views Youtube","hasImage":false},"fields":{"sec_867fa91c83b955":{"extra":{"key":"sec_867fa91c83b955","section_id":"sec_867fa91c83b955","name":"Por defecto","status":1,"toggle":true,"form_id":1050,"form_rules":{"exclude_from_discount":false,"fee_label":"Extras","disp_hide_options_price":false,"disp_show_section_price":false,"disp_show_field_price":false,"layout_option":"standard","pric_use_as_fee":false,"process_fee_as":"woo_fee"},"layout_option":"standard"},"fields":[[{"active":true,"col":4,"relations":false,"cl_rule":"show","enableCl":false,"price":"","enablePrice":true,"className":"","label_position":"default","desc_position":"default","type":"select","required":true,"elementId":"select_6182222893","label":"Origen de los Views","name":"select_6182222893","values":[{"label":"\ud83c\udf0d Views Mundiales","value":"visitas mundiales","selected":false,"tempId":"aco_3935","price":"0","gt_translate_keys":["label"]},{"label":"\ud83c\udf0d Views Mundiales de Alta Retenci\u00f3n","value":"visitas mundiales alta retenci\u00f3n","selected":false,"tempId":"aco_5036","price":"100","gt_translate_keys":["label"]},{"label":"\ud83d\udde3\ufe0f Hispano-Hablantes","value":"hispano-hablantes","selected":false,"tempId":"aco_4090","price":"100","gt_translate_keys":["label"]},{"label":"\ud83c\uddea\ud83c\uddf8 Espa\u00f1a","value":"espa\u00f1a","selected":false,"tempId":"aco_3934","price":"100","gt_translate_keys":["label"]},{"label":"\ud83c\uddee\ud83c\uddf9 Italia","value":"italia","selected":false,"tempId":"aco_10568","price":"100","gt_translate_keys":["label"]},{"label":"\ud83c\uddeb\ud83c\uddf7 Francia","value":"francia","selected":false,"tempId":"aco_10803","price":"100","gt_translate_keys":["label"]},{"label":"\ud83c\udde6\ud83c\uddea Emiratos \u00c1rabes","value":"Emiratos-Arabes","selected":false,"tempId":"aco_959","price":"100","gt_translate_keys":["label"]},{"label":"\ud83c\uddfa\ud83c\uddf8 USA desde Ads","value":"USA-ads","selected":false,"tempId":"aco_11128","price":"200","gt_translate_keys":["label"]},{"label":"\ud83c\uddec\ud83c\udde7 UK desde Ads","value":"reino unido","selected":false,"tempId":"aco_1527","price":"200","gt_translate_keys":["label"]},{"label":"\ud83c\uddf5\ud83c\uddf9 Portugal","value":"portugal","selected":false,"tempId":"aco_12385","price":"100","gt_translate_keys":["label"]},{"label":"\ud83c\udde9\ud83c\uddea Alemania","value":"Alemania","selected":false,"tempId":"aco_172","price":"100","gt_translate_keys":["label"]},{"label":"\ud83c\uddf3\ud83c\uddf1 Holanda","value":"holanda","selected":false,"tempId":"aco_11480","price":"100","gt_translate_keys":["label"]},{"label":"\ud83c\uddf8\ud83c\uddea Suecia","value":"Suecia","selected":false,"tempId":"aco_480","price":"100","gt_translate_keys":["label"]},{"label":"\ud83c\uddf7\ud83c\uddf4 Ruman\u00eda","value":"rumania","selected":false,"tempId":"aco_11733","price":"100","gt_translate_keys":["label"]},{"label":"\ud83c\uddf7\ud83c\uddf8 Serbia","value":"Serbia","selected":false,"tempId":"aco_715","price":"100","gt_translate_keys":["label"]},{"label":"\ud83c\udde6\ud83c\uddf7 Argentina","value":"argentina","selected":false,"tempId":"aco_3936","price":"100","gt_translate_keys":["label"]},{"label":"\ud83c\udde8\ud83c\uddf4 Colombia","value":"colombia","selected":false,"tempId":"aco_5730","price":"100","gt_translate_keys":["label"]},{"label":"\ud83c\udde8\ud83c\uddf1 Chile","value":"chile","selected":false,"tempId":"aco_6082","price":"100","gt_translate_keys":["label"]},{"label":"\ud83c\udde8\ud83c\uddf7 Costa Rica","value":"costa rica","selected":false,"tempId":"aco_6218","price":"100","gt_translate_keys":["label"]},{"label":"\ud83c\uddf8\ud83c\uddfb El Salvador","value":"el salvador","selected":false,"tempId":"aco_6579","price":"100","gt_translate_keys":["label"]},{"label":"\ud83c\uddea\ud83c\udde8 Ecuador","value":"ecuador","selected":false,"tempId":"aco_6922","price":"100","gt_translate_keys":["label"]},{"label":"\ud83c\uddfb\ud83c\uddea Venezuela","value":"venezuela","selected":false,"tempId":"aco_7283","price":"100","gt_translate_keys":["label"]},{"label":"\ud83c\uddec\ud83c\uddf9 Gautemala","value":"guatemala","selected":false,"tempId":"aco_7590","price":"100","gt_translate_keys":["label"]},{"label":"\ud83c\udde9\ud83c\uddf4 Rep\u00fablica Dominicana","value":"Rep\u00fablica Dominicana","selected":false,"tempId":"aco_7879","price":"100","gt_translate_keys":["label"]},{"label":"\ud83c\uddf5\ud83c\udde6 Panam\u00e1","value":"Panama","selected":false,"tempId":"aco_8636","price":"100","gt_translate_keys":["label"]},{"label":"\ud83c\uddf5\ud83c\uddfe Paraguay","value":"Paraguay","selected":false,"tempId":"aco_8934","price":"100","gt_translate_keys":["label"]},{"label":"\ud83c\uddf5\ud83c\uddea Per\u00fa","value":"Peru","selected":false,"tempId":"aco_9223","price":"100","gt_translate_keys":["label"]},{"label":"\ud83c\uddf5\ud83c\uddf7 Puerto Rico","value":"puerto rico","selected":false,"tempId":"aco_9575","price":"100","gt_translate_keys":["label"]},{"label":"\ud83c\uddf3\ud83c\uddee Nicaragua","value":"nicaragua","selected":false,"tempId":"aco_9954","price":"100","gt_translate_keys":["label"]},{"label":"\ud83c\uddfa\ud83c\uddfe Uruguay","value":"uruguay","selected":false,"tempId":"aco_10243","price":"100","gt_translate_keys":["label"]}],"dropdown_type":"basic","error":false,"placeholder":"Seleccionar Origen de los Views","priceOptions":"different_for_all","pricingType":"percentage","option_price_format":"(+{price})","gt_translate_keys":["label","placeholder"],"price_dependency":false,"cl_dependency":false,"value":""}],[{"active":true,"col":4,"relations":false,"cl_rule":"show","enableCl":false,"price":"","enablePrice":false,"className":"","type":"text","subtype":"text","required":true,"elementId":"text_867fa91c83b970","label":"Enlace al V\u00eddeo","name":"text_867fa91c83b970","value":"","error":false,"placeholder":"Ejemplo: https:\/\/www.youtube.com\/watch?v=aDF_ESN80r8","enableDesign":false,"LabelSize":"16px","gt_translate_keys":["label","placeholder","value"],"price_dependency":false,"cl_dependency":false}],[{"active":true,"col":4,"relations":false,"cl_rule":"show","enableCl":false,"price":"","enablePrice":true,"className":"","label_position":"default","desc_position":"default","type":"select","required":false,"elementId":"select_867fa91c83b97d","label":"A\u00f1adir Seguidores con Descuento","name":"select_867fa91c83b97d","values":[{"label":"100 Seguidores","value":"100","selected":false,"tempId":"aco_46","price":"5,89","gt_translate_keys":["label"]},{"label":"500 Seguidores","value":"500","selected":false,"tempId":"aco_1337","price":"19,49","gt_translate_keys":["label"]},{"label":"1.000 Seguidores","value":"1000","selected":false,"tempId":"aco_910","price":"38,29","gt_translate_keys":["label"]},{"label":"2.000 Seguidores","value":"2000","selected":false,"tempId":"aco_911","price":"76,49","gt_translate_keys":["label"]},{"label":"5.000 Seguidores","value":"5000","selected":false,"tempId":"aco_912","price":"174,29","gt_translate_keys":["label"]}],"dropdown_type":"basic","error":false,"placeholder":"Ninguno","priceOptions":"different_for_all","pricingType":"fixed","use_as_fee":false,"enableDesign":false,"LabelSize":"16px","tooltip":"Los seguidores ser\u00e1n entregados al mismo perfil del v\u00eddeo.","gt_translate_keys":["label","placeholder","tooltip"],"price_dependency":false,"cl_dependency":false,"value":""}],[{"label":"A\u00f1adir Likes con Descuento","active":true,"required":false,"elementId":"select_367fa91c83b987","dropdown_type":"basic","placeholder":"Ninguno","name":"select_367fa91c83b987","label_position":"default","desc_position":"default","enablePrice":true,"className":"","enableCl":false,"relations":false,"enableDesign":false,"LabelSize":"16px","values":[{"label":"100 Likes","value":"100","selected":false,"tempId":"aco_46","price":"2,89","gt_translate_keys":["label"]},{"label":"500 Likes","value":"500","selected":false,"tempId":"aco_1337","price":"5,79","gt_translate_keys":["label"]},{"label":"1.000 Likes","value":"1000","selected":false,"tempId":"aco_910","price":"8,69","gt_translate_keys":["label"]},{"label":"2.000 Likes","value":"2000","selected":false,"tempId":"aco_911","price":"16,49","gt_translate_keys":["label"]},{"label":"5.000 Likes","value":"5000","selected":false,"tempId":"aco_912","price":"28,29","gt_translate_keys":["label"]}],"priceOptions":"different_for_all","pricingType":"fixed","price":"","use_as_fee":false,"cl_rule":"show","col":4,"type":"select","error":false,"tooltip":"Los likes ser\u00e1n entregados a la misma publicaci\u00f3n.","gt_translate_keys":["label","placeholder","tooltip"],"price_dependency":false,"cl_dependency":false,"value":""}]]}},"config":{"price_override":"","enable_recaptcha":false,"bind_quantity":false,"quantity_bind_formula":false,"disp_summ_show_option_price":false,"disp_summ_show_product_price":false,"disp_summ_show_total_price":false,"disp_summ_show_fee":false,"disp_summ_show_discount":false,"summary_title":"","options_total_label":"Extras","total_label":"Total","options_product_label":"Producto","fee_label":"Extras","discount_label":"Descuento","has_price":true,"has_quantity_formula":false},"mc_unit":1,"tax_rate":1,"tax_rate_real":1,"discount":{"percentage":0,"fixed":0},"design":{"conf":{"LabelPosition":"above","DescPosition":"above","UploadField":"custom_1","QuantityFieldStyle":"default"},"css":{"LeftLabelWidth":"120px"}},"formulas":[],"clones":false,"cartKey":false}},"_links":{"self":[{"href":"https:\/\/doymedia.com\/ro\/wp-json\/wp\/v2\/product\/93","targetHints":{"allow":["GET"]}}],"collection":[{"href":"https:\/\/doymedia.com\/ro\/wp-json\/wp\/v2\/product"}],"about":[{"href":"https:\/\/doymedia.com\/ro\/wp-json\/wp\/v2\/types\/product"}],"replies":[{"embeddable":true,"href":"https:\/\/doymedia.com\/ro\/wp-json\/wp\/v2\/comments?post=93"}],"wp:featuredmedia":[{"embeddable":true,"href":"https:\/\/doymedia.com\/ro\/wp-json\/wp\/v2\/media\/243"}],"wp:attachment":[{"href":"https:\/\/doymedia.com\/ro\/wp-json\/wp\/v2\/media?parent=93"}],"wp:term":[{"taxonomy":"product_brand","embeddable":true,"href":"https:\/\/doymedia.com\/ro\/wp-json\/wp\/v2\/product_brand?post=93"},{"taxonomy":"product_cat","embeddable":true,"href":"https:\/\/doymedia.com\/ro\/wp-json\/wp\/v2\/product_cat?post=93"},{"taxonomy":"product_tag","embeddable":true,"href":"https:\/\/doymedia.com\/ro\/wp-json\/wp\/v2\/product_tag?post=93"}],"curies":[{"name":"wp","href":"https:\/\/api.w.org\/{rel}","templated":true}]}}