{"id":94,"date":"2025-03-27T01:32:40","date_gmt":"2025-03-27T00:32:40","guid":{"rendered":"https:\/\/v2.doymedia.com\/?post_type=product&#038;p=94"},"modified":"2025-05-12T16:25:55","modified_gmt":"2025-05-12T14:25:55","slug":"cumpara-youtube-place","status":"publish","type":"product","link":"https:\/\/doymedia.com\/ro\/comprar-likes-youtube\/","title":{"rendered":"Cump\u0103r\u0103 Youtube Like-uri"},"content":{"rendered":"<section class=\"l-section wpb_row height_medium\"><div class=\"l-section-h i-cf\"><div class=\"g-cols vc_row via_flex valign_top type_default stacking_default\"><div class=\"vc_col-sm-12 wpb_column vc_column_container\"><div class=\"vc_column-inner\"><div class=\"wpb_wrapper\"><div class=\"wpb_text_column\"><div class=\"wpb_wrapper\"><p><strong>Posta\u021bi videoclipuri pe YouTube \u0219i nu vede\u021bi interac\u021biunea la care spera\u021bi? <\/strong><\/p>\n<p>Con\u021binutul bun are nevoie de vizibilitate, dar \u0219i de semnale sociale care s\u0103 \u00eel sus\u021bin\u0103.<\/p>\n<p class=\"translation-block\">Atunci c\u00e2nd cineva vede un videoclip cu multe \"like-uri\", \u00eel percepe ca fiind relevant, valoros \u0219i demn de \u00eencredere. De aceea, <strong>cump\u0103rarea de like-uri YouTube<\/strong> poate fi cheia pentru a ie\u0219i \u00een eviden\u021b\u0103, a atrage mai mul\u021bi spectatori \u0219i a v\u0103 \u00eembun\u0103t\u0103\u021bi prezen\u021ba pe platform\u0103.<\/p>\n<p>Algoritmul YouTube ia, de asemenea, \u00een considerare num\u0103rul de aprecieri pentru a determina ce videoclipuri s\u0103 fie afi\u0219ate \u00een sec\u021biunile recomand\u0103ri, c\u0103utare sau featured.<\/p>\n<p class=\"translation-block\">Dac\u0103 dori\u021bi s\u0103 v\u0103 cre\u0219te\u021bi \u0219ansele de a v\u0103 viraliza con\u021binutul, <strong>cump\u0103rarea de like-uri YouTube<\/strong> este o strategie inteligent\u0103, sigur\u0103 \u0219i eficient\u0103.<\/p>\n<h2>De ce s\u0103 cump\u0103ra\u021bi like-uri pe YouTube?<\/h2>\n<p class=\"translation-block\">Like-urile nu sunt doar pentru satisfacerea ego-ului. Ele sunt unul dintre cei mai importan\u021bi indicatori ai calit\u0103\u021bii percepute de public. Cu c\u00e2t un videoclip are mai multe like-uri, cu at\u00e2t este mai credibil, mai atractiv din punct de vedere vizual \u0219i are \u0219anse mai mari de a atrage noi spectatori. Prin <strong>cump\u0103rarea de like-uri YouTube<\/strong>, trimite\u021bi un semnal clar algoritmului \u0219i utilizatorului: acest con\u021binut merit\u0103.<\/p>\n<p class=\"translation-block\">\u00cen plus, \"efectul domino\" este real. Un videoclip cu multe aprecieri tinde s\u0103 primeasc\u0103 mai multe comentarii, mai multe distribuiri \u0219i, cel mai important, mai multe vizualiz\u0103ri organice. Este o modalitate eficient\u0103 de a completa alte strategii, cum ar fi <a href=\"https:\/\/doymedia.com\/ro\/cumparati-vizualizari-youtube\/\" target=\"_self\"><strong>buy YouTube views<\/strong><\/a> sau <a href=\"https:\/\/doymedia.com\/ro\/cumparati-abonati-youtube\/\" target=\"_self\"><strong>buy YouTube subscribers,<\/strong><\/a> pentru a construi o prezen\u021b\u0103 solid\u0103 \u0219i constant\u0103 pe platform\u0103.<\/p>\n<h3>Avantajele de a cump\u0103ra like-uri YouTube<\/h3>\n<ul>\n<li>\ud83d\udcc8 \u00cembun\u0103t\u0103\u021birea imaginii publice a videoclipurilor dvs.<\/li>\n<li>\ud83d\ude80 Cre\u0219te probabilitatea de a ap\u0103rea \u00een recomand\u0103ri<\/li>\n<li>\ud83d\udc4d Ofer\u0103 credibilitate \u0219i \u00eencredere noilor telespectatori<\/li>\n<li>\ud83d\udd01 Cre\u0219te\u021bi implicarea canalului dvs.<\/li>\n<li>\ud83d\udd12 Livrare securizat\u0103, f\u0103r\u0103 a v\u0103 pune contul \u00een pericol<\/li>\n<\/ul>\n<p class=\"translation-block\">Fie c\u0103 ave\u021bi un canal nou, lansa\u021bi un videoclip important sau dori\u021bi s\u0103 consolida\u021bi con\u021binutul m\u0103rcii dvs., <strong>cump\u0103rarea de aprecieri YouTube<\/strong> este o decizie strategic\u0103 care v\u0103 poate ajuta s\u0103 v\u0103 eviden\u021bia\u021bi \u00eentr-un mediu din ce \u00een ce mai competitiv.<\/p>\n<h2>Este sigur s\u0103 cumperi like-uri pe YouTube?<\/h2>\n<p>Da, absolut. Pe platforma noastr\u0103, nu v\u0103 vom cere niciodat\u0103 parole sau acces la canalul dvs. Trebuie doar s\u0103 furniza\u021bi link-ul c\u0103tre videoclipul \u00een care dori\u021bi s\u0103 primi\u021bi aprecieri. Procesul este discret, progresiv \u0219i conceput pentru a men\u021bine cre\u0219terea natural\u0103.<\/p>\n<p class=\"translation-block\">Sistemul nostru func\u021bioneaz\u0103 cu confiden\u021bialitate total\u0103 \u0219i utilizeaz\u0103 metode dovedite, astfel \u00eenc\u00e2t canalul dvs. s\u0103 nu fie \u00een pericol. \u0218tim c\u00e2t de important este s\u0103 ave\u021bi grij\u0103 de reputa\u021bia dvs. digital\u0103, de aceea <strong>cump\u0103rarea de like-uri YouTube<\/strong> cu noi este sinonim\u0103 cu \u00eencrederea \u0219i securitatea.<\/p>\n<h3>Cine poate beneficia de acest serviciu?<\/h3>\n<p class=\"translation-block\">Oricine public\u0103 videoclipuri pe YouTube poate beneficia. Acest serviciu este conceput pentru creatori, m\u0103rci, influenceri, \u00eentreprinderi sau canale noi care doresc s\u0103 creasc\u0103 interac\u021biunea cu con\u021binutul lor. <strong>Buy YouTube likes<\/strong> este util at\u00e2t pentru promovarea, c\u00e2t \u0219i pentru consolidarea prezen\u021bei dumneavoastr\u0103.<\/p>\n<ul>\n<li>\ud83c\udfa5 Creatori care doresc mai mult\u0103 implicare \u00een videoclipurile lor<\/li>\n<li>\ud83d\udcc8 Canale noi care au nevoie de trac\u021biune ini\u021bial\u0103<\/li>\n<li>\ud83d\udcbc Companii care consolideaz\u0103 campanii sau lans\u0103ri<\/li>\n<li>\ud83c\udf99\ufe0f Arti\u0219tii \u0219i muzicienii caut\u0103 validare social\u0103<\/li>\n<li>\ud83e\udde0 Educatori sau exper\u021bi care doresc s\u0103 c\u00e2\u0219tige autoritate<\/li>\n<\/ul>\n<h2>Cum func\u021bioneaz\u0103 procesul?<\/h2>\n<p>Cump\u0103rarea de like-uri YouTube este rapid\u0103 \u0219i u\u0219oar\u0103. Tot ce trebuie s\u0103 face\u021bi este s\u0103 selecta\u021bi pachetul care se potrive\u0219te nevoilor dvs., s\u0103 ne furniza\u021bi link-ul video \u0219i s\u0103 efectua\u021bi plata. Odat\u0103 confirmat\u0103, vom \u00eencepe s\u0103 livr\u0103m like-urile treptat \u0219i \u00een siguran\u021b\u0103.<\/p>\n<p>Dac\u0103 ave\u021bi nevoie de ajutor cu privire la orice parte a procesului, echipa noastr\u0103 de asisten\u021b\u0103 va fi disponibil\u0103 pentru a v\u0103 r\u0103spunde la \u00eentreb\u0103ri \u0219i pentru a v\u0103 asigura o experien\u021b\u0103 satisf\u0103c\u0103toare \u00eenc\u0103 de la \u00eenceput.<\/p>\n<h2>Cre\u0219te\u021bi canalul dvs. ast\u0103zi<\/h2>\n<p class=\"translation-block\">Mii de utilizatori au folosit deja acest serviciu pentru a-\u0219i stimula videoclipurile \u0219i a-\u0219i \u00eembun\u0103t\u0103\u021bi clasamentul pe YouTube. Pute\u021bi face acest lucru \u0219i dvs. <strong>Buy YouTube likes<\/strong> este o modalitate rapid\u0103, sigur\u0103 \u0219i eficient\u0103 de a v\u0103 cre\u0219te impactul f\u0103r\u0103 complica\u021bii.<\/p>\n<p>Nu l\u0103sa\u021bi videoclipurile dvs. s\u0103 treac\u0103 neobservate. Ad\u0103uga\u021bi valoare, autoritate \u0219i vizibilitate cu un singur pas simplu. Alege\u021bi pachetul dvs. \u0219i \u00eencepe\u021bi s\u0103 vede\u021bi rezultatele ast\u0103zi.<\/p>\n<\/div><\/div><\/div><\/div><\/div><\/div><\/div><\/section>","protected":false},"excerpt":{"rendered":"Posta\u021bi videoclipuri pe YouTube \u0219i nu vede\u021bi interac\u021biunea la care spera\u021bi? Con\u021binutul bun are nevoie de vizibilitate, dar \u0219i de semnale sociale care s\u0103 \u00eel sus\u021bin\u0103. Atunci c\u00e2nd cineva vede un videoclip cu multe aprecieri, \u00eel percepe ca fiind relevant, valoros \u0219i demn de \u00eencredere. De aceea, cump\u0103rarea de like-uri YouTube poate fi cheia pentru a ie\u0219i \u00een eviden\u021b\u0103, a atrage mai mul\u021bi spectatori \u0219i...","protected":false},"featured_media":243,"comment_status":"open","ping_status":"closed","template":"","meta":{"_acf_changed":false},"product_brand":[],"product_cat":[21],"product_tag":[],"class_list":{"0":"post-94","1":"product","2":"type-product","3":"status-publish","4":"has-post-thumbnail","6":"product_cat-youtube","7":"wcpa_has_options","9":"first","10":"instock","11":"sale","12":"featured","13":"shipping-taxable","14":"purchasable","15":"product-type-variable","16":"has-default-attributes"},"acf":[],"wcpa_form_fields":{"wcpaData":{"product":{"product_price":1.99,"price_html":"","original_product_price":1.99,"price_including_tax":1.99,"price_excluding_tax":1.99,"product_id":{"parent":94,"variation":false},"is_variable":true,"stock_status":"instock","stock_quantity":null,"parent_sku":"","product_attributes":{"cantidad":{"is_variation":true,"values":[]}},"custom_fields":[],"is_taxable":false,"product_name":"Comprar Likes Youtube","hasImage":false},"fields":{"sec_667faa076605fd":{"extra":{"key":"sec_667faa076605fd","section_id":"sec_667faa076605fd","name":"Por defecto","status":1,"toggle":true,"form_id":1056,"form_rules":{"exclude_from_discount":false,"fee_label":"Extra's","disp_hide_options_price":false,"disp_show_section_price":false,"disp_show_field_price":false,"layout_option":"standard","pric_use_as_fee":false,"process_fee_as":"woo_fee"},"layout_option":"standard"},"fields":[[{"active":true,"col":5,"relations":false,"cl_rule":"show","enableCl":false,"price":"","enablePrice":false,"className":"","type":"text","subtype":"text","required":true,"elementId":"text_967faa0766061b","label":"Enlace al V\u00eddeo","name":"text_967faa0766061b","value":"","error":false,"placeholder":"Ejemplo: https:\/\/www.youtube.com\/watch?v=0e3GPea1Tyg","enableDesign":false,"LabelSize":"16px","gt_translate_keys":["label","placeholder","value"],"price_dependency":false,"cl_dependency":false}]]}},"config":{"price_override":"","enable_recaptcha":false,"bind_quantity":false,"quantity_bind_formula":false,"disp_summ_show_option_price":false,"disp_summ_show_product_price":false,"disp_summ_show_total_price":false,"disp_summ_show_fee":false,"disp_summ_show_discount":false,"summary_title":"","options_total_label":"Extra's","total_label":"Totaal","options_product_label":"Product","fee_label":"Extra's","discount_label":"Korting","has_price":true,"has_quantity_formula":false},"mc_unit":1,"tax_rate":1,"tax_rate_real":1,"discount":{"percentage":0,"fixed":0},"design":{"conf":{"LabelPosition":"above","DescPosition":"above","UploadField":"custom_1","QuantityFieldStyle":"default"},"css":{"LeftLabelWidth":"120px"}},"formulas":[],"clones":false,"cartKey":false}},"_links":{"self":[{"href":"https:\/\/doymedia.com\/ro\/wp-json\/wp\/v2\/product\/94","targetHints":{"allow":["GET"]}}],"collection":[{"href":"https:\/\/doymedia.com\/ro\/wp-json\/wp\/v2\/product"}],"about":[{"href":"https:\/\/doymedia.com\/ro\/wp-json\/wp\/v2\/types\/product"}],"replies":[{"embeddable":true,"href":"https:\/\/doymedia.com\/ro\/wp-json\/wp\/v2\/comments?post=94"}],"wp:featuredmedia":[{"embeddable":true,"href":"https:\/\/doymedia.com\/ro\/wp-json\/wp\/v2\/media\/243"}],"wp:attachment":[{"href":"https:\/\/doymedia.com\/ro\/wp-json\/wp\/v2\/media?parent=94"}],"wp:term":[{"taxonomy":"product_brand","embeddable":true,"href":"https:\/\/doymedia.com\/ro\/wp-json\/wp\/v2\/product_brand?post=94"},{"taxonomy":"product_cat","embeddable":true,"href":"https:\/\/doymedia.com\/ro\/wp-json\/wp\/v2\/product_cat?post=94"},{"taxonomy":"product_tag","embeddable":true,"href":"https:\/\/doymedia.com\/ro\/wp-json\/wp\/v2\/product_tag?post=94"}],"curies":[{"name":"wp","href":"https:\/\/api.w.org\/{rel}","templated":true}]}}