{"id":95,"date":"2025-03-27T01:32:40","date_gmt":"2025-03-27T00:32:40","guid":{"rendered":"https:\/\/v2.doymedia.com\/?post_type=product&#038;p=95"},"modified":"2025-07-16T21:42:09","modified_gmt":"2025-07-16T19:42:09","slug":"cumparati-abonati-youtube","status":"publish","type":"product","link":"https:\/\/doymedia.com\/ro\/comprar-suscriptores-youtube\/","title":{"rendered":"Cump\u0103ra\u021bi urm\u0103ritori Youtube"},"content":{"rendered":"<section class=\"l-section wpb_row height_medium\"><div class=\"l-section-h i-cf\"><div class=\"g-cols vc_row via_flex valign_top type_default stacking_default\"><div class=\"vc_col-sm-12 wpb_column vc_column_container\"><div class=\"vc_column-inner\"><div class=\"wpb_wrapper\"><div class=\"wpb_text_column\"><div class=\"wpb_wrapper\"><p class=\"translation-block\">A avea con\u021binut de calitate nu mai este suficient pentru a cre\u0219te pe YouTube. Dac\u0103 dori\u021bi ca canalul dvs. s\u0103 ias\u0103 \u00een eviden\u021b\u0103, ave\u021bi nevoie de o comunitate activ\u0103 care s\u0103 \u00eel sus\u021bin\u0103. Acesta este motivul pentru care <strong>cump\u0103rarea de abona\u021bi YouTube<\/strong> a devenit o strategie eficient\u0103 pentru a accelera cre\u0219terea oric\u0103rui canal, indiferent de m\u0103rimea sau subiectul acestuia.<\/p>\n<p class=\"translation-block\">Abona\u021bii sunt un semn cheie de popularitate \u0219i relevan\u021b\u0103. Atunci c\u00e2nd cineva intr\u0103 pe canalul dvs. \u0219i vede c\u0103 ave\u021bi deja o baz\u0103 solid\u0103 de adep\u021bi, aceasta cre\u0219te automat \u00eencrederea \u0219i interesul pentru con\u021binutul dvs. \u00cen plus, prin <strong>cump\u0103rarea de abona\u021bi YouTube,<\/strong> v\u0103 \u00eembun\u0103t\u0103\u021bi\u021bi clasamentul pe platform\u0103, deoarece algoritmul apreciaz\u0103 \u0219i dimensiunea comunit\u0103\u021bii dvs.<\/p>\n<h2>De ce s\u0103 cump\u0103ra\u021bi abona\u021bi pe YouTube?<\/h2>\n<p class=\"translation-block\">Pentru c\u0103 este o modalitate direct\u0103 de a oferi vizibilitate canalului dvs., de a atrage noi audien\u021be \u0219i de a deschide u\u0219a c\u0103tre oportunit\u0103\u021bi de monetizare \u0219i parteneriate. Mul\u021bi utilizatori nu se aboneaz\u0103 la canale mici deoarece presupun c\u0103 nu sunt relevante. Prin <strong>cump\u0103rarea de abona\u021bi YouTube,<\/strong> proiecta\u021bi o imagine mai puternic\u0103, mai profesional\u0103 \u0219i mai credibil\u0103.<\/p>\n<p>\u00cen plus, prin cre\u0219terea num\u0103rului de abona\u021bi, v\u0103 \u00eembun\u0103t\u0103\u021bi\u021bi, de asemenea, metricile generale. Acest lucru are un impact pozitiv asupra algoritmului, ceea ce se traduce prin mai mult reach, mai multe recomand\u0103ri \u0219i mai multe vizualiz\u0103ri ale videoclipurilor dvs.<\/p>\n<h3>Avantajele de a cump\u0103ra abona\u021bi YouTube<\/h3>\n<ul>\n<li>\ud83d\udcc8 Cre\u0219tere rapid\u0103 \u0219i vizibil\u0103 a carcasei<\/li>\n<li>\ud83e\udd1d V\u0103 \u00eembun\u0103t\u0103\u021bi\u021bi credibilitatea \u0219i autoritatea \u00een fa\u021ba publicului<\/li>\n<li>\ud83d\ude80 Cre\u0219te\u021bi oportunit\u0103\u021bile de monetizare<\/li>\n<li>\ud83d\udd01 Stimularea implic\u0103rii \u0219i a traficului organic<\/li>\n<li>\ud83d\udd12 Serviciu securizat, f\u0103r\u0103 a solicita parole sau autentific\u0103ri<\/li>\n<\/ul>\n<p class=\"translation-block\">Acest serviciu este conceput pentru toate tipurile de canale: creatori independen\u021bi, m\u0103rci personale, \u00eentreprinderi, muzicieni, educatori sau influenceri. Dac\u0103 dori\u021bi s\u0103 trece\u021bi la nivelul urm\u0103tor, <strong>buy YouTube subscribers<\/strong> v\u0103 poate ajuta s\u0103 accelera\u021bi acest proces.<\/p>\n<h2>Este sigur s\u0103 cumperi abona\u021bi YouTube?<\/h2>\n<p>Da, absolut. Platforma noastr\u0103 func\u021bioneaz\u0103 cu sisteme sigure \u0219i metode progresive de livrare care garanteaz\u0103 o cre\u0219tere natural\u0103. Nu v\u0103 solicit\u0103m parola sau accesul la canalul dvs. Avem nevoie doar de link-ul canalului c\u0103tre care dori\u021bi s\u0103 trimite\u021bi abona\u021bi.<\/p>\n<p class=\"translation-block\">\u00cen plus, fiecare comand\u0103 este monitorizat\u0103 de echipa noastr\u0103 pentru a se asigura c\u0103 este livrat\u0103 corect \u0219i la timp. \u0218tim c\u00e2t de important este s\u0103 ave\u021bi grij\u0103 de reputa\u021bia dvs. digital\u0103, de aceea <strong>cump\u0103rarea de abona\u021bi YouTube<\/strong> cu noi este o experien\u021b\u0103 sigur\u0103, eficient\u0103 \u0219i profesional\u0103.<\/p>\n<h3>Cum func\u021bioneaz\u0103?<\/h3>\n<p>Procesul este rapid \u0219i u\u0219or. Pur \u0219i simplu selecta\u021bi pachetul de abona\u021bi care se potrive\u0219te cel mai bine nevoilor dvs., introduce\u021bi link-ul canalului dvs. \u0219i finaliza\u021bi comanda. Noi ne ocup\u0103m de restul, livr\u00e2nd abona\u021bi treptat pentru a men\u021bine o rat\u0103 de cre\u0219tere natural\u0103.<\/p>\n<p class=\"translation-block\">\u00cen plus, dac\u0103 dori\u021bi s\u0103 \u00eembun\u0103t\u0103\u021bi\u021bi alte metrici ale canalului dvs., pute\u021bi combina acest serviciu cu <a href=\"https:\/\/doymedia.com\/ro\/cumparati-vizualizari-youtube\/\" target=\"_self\"><strong>buy YouTube views<\/strong><\/a> sau <a href=\"https:\/\/doymedia.com\/ro\/cumpara-youtube-place\/\" target=\"_self\"><strong>buy YouTube likes.<\/strong><\/a> \u00cen acest fel, canalul dvs. va cre\u0219te \u00eentr-un mod echilibrat \u0219i cu un impact mai mare.<\/p>\n<h2>Cine ar trebui s\u0103 cumpere abona\u021bi YouTube?<\/h2>\n<p class=\"translation-block\">Oricine dore\u0219te s\u0103 ias\u0103 \u00een eviden\u021b\u0103 pe YouTube poate beneficia de acest serviciu. Fie c\u0103 tocmai v\u0103 lansa\u021bi canalul sau ave\u021bi deja experien\u021b\u0103, <strong>cump\u0103rarea de abona\u021bi YouTube<\/strong> este o modalitate eficient\u0103 de a v\u0103 consolida comunitatea \u0219i de a accelera procesul de cre\u0219tere.<\/p>\n<ul>\n<li>\ud83c\udfa5 Creatori de con\u021binut care doresc s\u0103 creasc\u0103 mai rapid<\/li>\n<li>\ud83d\udcc8 \u00centreprinderile \u0219i m\u0103rcile \u00een c\u0103utare de pozi\u021bionare<\/li>\n<li>\ud83c\udfa4 Muzicieni, arti\u0219ti \u0219i produc\u0103tori care doresc mai mult\u0103 vizibilitate<\/li>\n<li>\ud83e\udde0 Educatori sau canale de informare care au nevoie de mai mult\u0103 autoritate<\/li>\n<li>\ud83d\ude80 Influenceri \u0219i influenceri aspiran\u021bi care doresc s\u0103 \u00ee\u0219i monetizeze canalele<\/li>\n<\/ul>\n<h2>\u00cencepe\u021bi s\u0103 cre\u0219te\u021bi puternic ast\u0103zi<\/h2>\n<p class=\"translation-block\">Mii de creatori s-au bazat deja pe acest serviciu pentru a-\u0219i duce canalele la nivelul urm\u0103tor. Dac\u0103 \u0219i dumneavoastr\u0103 dori\u021bi s\u0103 atrage\u021bi mai mul\u021bi spectatori, s\u0103 proiecta\u021bi o imagine puternic\u0103 \u0219i s\u0103 ob\u021bine\u021bi rezultate mai bune, <strong>cump\u0103rarea de abona\u021bi YouTube<\/strong> este decizia corect\u0103.<\/p>\n<p>Alege-\u021bi pachetul, spune-ne canalul t\u0103u \u0219i las\u0103-ne s\u0103 te ajut\u0103m s\u0103 construie\u0219ti comunitatea pe care o merit\u0103 con\u021binutul t\u0103u.<\/p>\n<\/div><\/div><\/div><\/div><\/div><\/div><\/div><\/section>","protected":false},"excerpt":{"rendered":"A avea con\u021binut de calitate nu mai este suficient pentru a cre\u0219te pe YouTube. Dac\u0103 dori\u021bi ca canalul dvs. s\u0103 ias\u0103 \u00een eviden\u021b\u0103, ave\u021bi nevoie de o comunitate activ\u0103 care s\u0103 \u00eel sus\u021bin\u0103. De aceea, cump\u0103rarea de abona\u021bi YouTube a devenit o strategie eficient\u0103 de accelerare a cre\u0219terii oric\u0103rui canal, indiferent de dimensiunea sau subiectul acestuia. Abona\u021bii sunt un semn...","protected":false},"featured_media":243,"comment_status":"open","ping_status":"closed","template":"","meta":{"_acf_changed":false},"product_brand":[],"product_cat":[21],"product_tag":[],"class_list":{"0":"post-95","1":"product","2":"type-product","3":"status-publish","4":"has-post-thumbnail","6":"product_cat-youtube","7":"wcpa_has_options","9":"first","10":"instock","11":"sale","12":"featured","13":"shipping-taxable","14":"purchasable","15":"product-type-variable","16":"has-default-attributes"},"acf":[],"wcpa_form_fields":{"wcpaData":{"product":{"product_price":5.99,"price_html":"","original_product_price":5.99,"price_including_tax":5.99,"price_excluding_tax":5.99,"product_id":{"parent":95,"variation":false},"is_variable":true,"stock_status":"instock","stock_quantity":null,"parent_sku":"","product_attributes":{"cantidad":{"is_variation":true,"values":[]}},"custom_fields":[],"is_taxable":false,"product_name":"Comprar Suscriptores Youtube","hasImage":false},"fields":{"sec_867fa9f3c4bb91":{"extra":{"key":"sec_867fa9f3c4bb91","section_id":"sec_867fa9f3c4bb91","name":"Por defecto","status":1,"toggle":true,"form_id":1055,"form_rules":{"exclude_from_discount":false,"fee_label":"Extras","disp_hide_options_price":false,"disp_show_section_price":false,"disp_show_field_price":false,"layout_option":"standard","pric_use_as_fee":false,"process_fee_as":"woo_fee"},"layout_option":"standard"},"fields":[[{"active":true,"col":5,"relations":false,"cl_rule":"show","enableCl":false,"price":"","enablePrice":false,"className":"","type":"text","subtype":"text","required":true,"elementId":"text_767fa9f3c4bbb8","label":"Enlace al Canal","name":"text_767fa9f3c4bbb8","value":"","error":false,"placeholder":"Ejemplo: https:\/\/www.youtube.com\/@mrbeast","enableDesign":false,"LabelSize":"16px","gt_translate_keys":["label","placeholder","value"],"price_dependency":false,"cl_dependency":false}]]}},"config":{"price_override":"","enable_recaptcha":false,"bind_quantity":false,"quantity_bind_formula":false,"disp_summ_show_option_price":false,"disp_summ_show_product_price":false,"disp_summ_show_total_price":false,"disp_summ_show_fee":false,"disp_summ_show_discount":false,"summary_title":"","options_total_label":"Extras","total_label":"Gesamt","options_product_label":"Producto","fee_label":"Extras","discount_label":"Descuento","has_price":true,"has_quantity_formula":false},"mc_unit":1,"tax_rate":1,"tax_rate_real":1,"discount":{"percentage":0,"fixed":0},"design":{"conf":{"LabelPosition":"above","DescPosition":"above","UploadField":"custom_1","QuantityFieldStyle":"default"},"css":{"LeftLabelWidth":"120px"}},"formulas":[],"clones":false,"cartKey":false}},"_links":{"self":[{"href":"https:\/\/doymedia.com\/ro\/wp-json\/wp\/v2\/product\/95","targetHints":{"allow":["GET"]}}],"collection":[{"href":"https:\/\/doymedia.com\/ro\/wp-json\/wp\/v2\/product"}],"about":[{"href":"https:\/\/doymedia.com\/ro\/wp-json\/wp\/v2\/types\/product"}],"replies":[{"embeddable":true,"href":"https:\/\/doymedia.com\/ro\/wp-json\/wp\/v2\/comments?post=95"}],"wp:featuredmedia":[{"embeddable":true,"href":"https:\/\/doymedia.com\/ro\/wp-json\/wp\/v2\/media\/243"}],"wp:attachment":[{"href":"https:\/\/doymedia.com\/ro\/wp-json\/wp\/v2\/media?parent=95"}],"wp:term":[{"taxonomy":"product_brand","embeddable":true,"href":"https:\/\/doymedia.com\/ro\/wp-json\/wp\/v2\/product_brand?post=95"},{"taxonomy":"product_cat","embeddable":true,"href":"https:\/\/doymedia.com\/ro\/wp-json\/wp\/v2\/product_cat?post=95"},{"taxonomy":"product_tag","embeddable":true,"href":"https:\/\/doymedia.com\/ro\/wp-json\/wp\/v2\/product_tag?post=95"}],"curies":[{"name":"wp","href":"https:\/\/api.w.org\/{rel}","templated":true}]}}